{"id":3734,"date":"2025-11-29T21:50:50","date_gmt":"2025-11-29T21:50:50","guid":{"rendered":"https:\/\/redkarawana.com\/?post_type=product&#038;p=3734"},"modified":"2025-12-07T07:22:19","modified_gmt":"2025-12-07T07:22:19","slug":"art-femmes-asiatiques-vietnam","status":"publish","type":"product","link":"https:\/\/redkarawana.com\/fr\/artisan\/art-femmes-asiatiques-vietnam\/","title":{"rendered":"Art au Dames Asiatiques, Vietnam ; Art Mural, Femmes en Tenues Elegantes"},"content":{"rendered":"<p>Notre voyage dans la Vieille Ville de Hoi An, situ\u00e9e dans le Centre du Vietnam, nous permet de nous promener dans son quartier historique, de photographier ses vieilles maisons en bois ainsi que de visiter ses nombreuses \u00e9choppes. Les rues \u00e9troites sont d\u00e9cor\u00e9es de lanternes multicolores et sont bord\u00e9es de pittoresques boutiques de souvenirs. Notre s\u00e9lection Art au Dames Asiatiques pr\u00e9sente deux femmes v\u00eatues d&rsquo;\u00e9l\u00e9gantes tenues blanches sur un fond rouge. Mesures : Art au Dames Asiatiques (hauteur 11 \u00be pouces, largeur 7 \u00be pouces).<\/p>\n","protected":false},"excerpt":{"rendered":"<p>Notre voyage dans la Vieille Ville de Hoi An, situ\u00e9e dans le Centre du Vietnam, nous permet de nous promener dans son quartier historique, de photographier ses vieilles maisons en bois ainsi que de visiter ses nombreuses \u00e9choppes. Les rues \u00e9troites sont d\u00e9cor\u00e9es de lanternes multicolores et sont bord\u00e9es de pittoresques boutiques de souvenirs. Notre [&hellip;]<\/p>\n","protected":false},"featured_media":3715,"template":"","meta":{"_acf_changed":false},"product_brand":[],"product_cat":[48],"product_tag":[],"class_list":{"0":"post-3734","1":"product","2":"type-product","3":"status-publish","4":"has-post-thumbnail","6":"product_cat-artistique","8":"first","9":"instock","10":"sold-individually","11":"taxable","12":"shipping-taxable","13":"purchasable","14":"product-type-simple"},"acf":[],"yoast_head":"<!-- This site is optimized with the Yoast SEO plugin v27.3 - https:\/\/yoast.com\/product\/yoast-seo-wordpress\/ -->\n<title>Art au Dames Asiatiques, Vietnam - Artistique - Red Karawana<\/title>\n<meta name=\"description\" content=\"Nous trouvons de belles \u0153uvres d&#039;art au Vietnam. Notre &quot;Art au Dames Asiatiques&quot; pr\u00e9sente deux femmes v\u00eatues d&#039;\u00e9l\u00e9gantes tenues blanches.\" \/>\n<meta name=\"robots\" content=\"index, follow, max-snippet:-1, max-image-preview:large, max-video-preview:-1\" \/>\n<link rel=\"canonical\" href=\"https:\/\/redkarawana.com\/fr\/artisan\/art-femmes-asiatiques-vietnam\/\" \/>\n<meta property=\"og:locale\" content=\"fr_FR\" \/>\n<meta property=\"og:type\" content=\"article\" \/>\n<meta property=\"og:title\" content=\"Art au Dames Asiatiques, Vietnam - Artistique - Red Karawana\" \/>\n<meta property=\"og:description\" content=\"Nous trouvons de belles \u0153uvres d&#039;art au Vietnam. Notre &quot;Art au Dames Asiatiques&quot; pr\u00e9sente deux femmes v\u00eatues d&#039;\u00e9l\u00e9gantes tenues blanches.\" \/>\n<meta property=\"og:url\" content=\"https:\/\/redkarawana.com\/fr\/artisan\/art-femmes-asiatiques-vietnam\/\" \/>\n<meta property=\"og:site_name\" content=\"Red Karawana\" \/>\n<meta property=\"article:publisher\" content=\"https:\/\/www.facebook.com\/redkarawana\/\" \/>\n<meta property=\"article:modified_time\" content=\"2025-12-07T07:22:19+00:00\" \/>\n<meta property=\"og:image\" content=\"https:\/\/redkarawana.com\/wp-content\/uploads\/2024\/05\/1-AAP-F1200x630-Vietnam-Asian-Ladies-Art.jpg\" \/>\n\t<meta property=\"og:image:width\" content=\"1200\" \/>\n\t<meta property=\"og:image:height\" content=\"630\" \/>\n\t<meta property=\"og:image:type\" content=\"image\/jpeg\" \/>\n<meta name=\"twitter:card\" content=\"summary_large_image\" \/>\n<meta name=\"twitter:label1\" content=\"Dur\u00e9e de lecture estim\u00e9e\" \/>\n\t<meta name=\"twitter:data1\" content=\"1 minute\" \/>\n<script type=\"application\/ld+json\" class=\"yoast-schema-graph\">{\"@context\":\"https:\\\/\\\/schema.org\",\"@graph\":[{\"@type\":\"WebPage\",\"@id\":\"https:\\\/\\\/redkarawana.com\\\/fr\\\/artisan\\\/art-femmes-asiatiques-vietnam\\\/\",\"url\":\"https:\\\/\\\/redkarawana.com\\\/fr\\\/artisan\\\/art-femmes-asiatiques-vietnam\\\/\",\"name\":\"Art au Dames Asiatiques, Vietnam - Artistique - Red Karawana\",\"isPartOf\":{\"@id\":\"https:\\\/\\\/redkarawana.com\\\/#website\"},\"primaryImageOfPage\":{\"@id\":\"https:\\\/\\\/redkarawana.com\\\/fr\\\/artisan\\\/art-femmes-asiatiques-vietnam\\\/#primaryimage\"},\"image\":{\"@id\":\"https:\\\/\\\/redkarawana.com\\\/fr\\\/artisan\\\/art-femmes-asiatiques-vietnam\\\/#primaryimage\"},\"thumbnailUrl\":\"https:\\\/\\\/redkarawana.com\\\/wp-content\\\/uploads\\\/2024\\\/05\\\/1-SP-Vietnam-Asian-Ladies-Art.jpg\",\"datePublished\":\"2025-11-29T21:50:50+00:00\",\"dateModified\":\"2025-12-07T07:22:19+00:00\",\"description\":\"Nous trouvons de belles \u0153uvres d'art au Vietnam. Notre \\\"Art au Dames Asiatiques\\\" pr\u00e9sente deux femmes v\u00eatues d'\u00e9l\u00e9gantes tenues blanches.\",\"breadcrumb\":{\"@id\":\"https:\\\/\\\/redkarawana.com\\\/fr\\\/artisan\\\/art-femmes-asiatiques-vietnam\\\/#breadcrumb\"},\"inLanguage\":\"fr-FR\",\"potentialAction\":[{\"@type\":\"ReadAction\",\"target\":[\"https:\\\/\\\/redkarawana.com\\\/fr\\\/artisan\\\/art-femmes-asiatiques-vietnam\\\/\"]}]},{\"@type\":\"ImageObject\",\"inLanguage\":\"fr-FR\",\"@id\":\"https:\\\/\\\/redkarawana.com\\\/fr\\\/artisan\\\/art-femmes-asiatiques-vietnam\\\/#primaryimage\",\"url\":\"https:\\\/\\\/redkarawana.com\\\/wp-content\\\/uploads\\\/2024\\\/05\\\/1-SP-Vietnam-Asian-Ladies-Art.jpg\",\"contentUrl\":\"https:\\\/\\\/redkarawana.com\\\/wp-content\\\/uploads\\\/2024\\\/05\\\/1-SP-Vietnam-Asian-Ladies-Art.jpg\",\"width\":680,\"height\":453,\"caption\":\"Vietnam, Art au Dames Asiatiques\"},{\"@type\":\"BreadcrumbList\",\"@id\":\"https:\\\/\\\/redkarawana.com\\\/fr\\\/artisan\\\/art-femmes-asiatiques-vietnam\\\/#breadcrumb\",\"itemListElement\":[{\"@type\":\"ListItem\",\"position\":1,\"name\":\"Home\",\"item\":\"https:\\\/\\\/redkarawana.com\\\/fr\\\/\"},{\"@type\":\"ListItem\",\"position\":2,\"name\":\"Artisans\",\"item\":\"https:\\\/\\\/redkarawana.com\\\/fr\\\/artisans\\\/\"},{\"@type\":\"ListItem\",\"position\":3,\"name\":\"Art au Dames Asiatiques, Vietnam ; Art Mural, Femmes en Tenues Elegantes\"}]},{\"@type\":\"WebSite\",\"@id\":\"https:\\\/\\\/redkarawana.com\\\/#website\",\"url\":\"https:\\\/\\\/redkarawana.com\\\/\",\"name\":\"Red Karawana\",\"description\":\"\",\"publisher\":{\"@id\":\"https:\\\/\\\/redkarawana.com\\\/#organization\"},\"potentialAction\":[{\"@type\":\"SearchAction\",\"target\":{\"@type\":\"EntryPoint\",\"urlTemplate\":\"https:\\\/\\\/redkarawana.com\\\/?s={search_term_string}\"},\"query-input\":{\"@type\":\"PropertyValueSpecification\",\"valueRequired\":true,\"valueName\":\"search_term_string\"}}],\"inLanguage\":\"fr-FR\"},{\"@type\":\"Organization\",\"@id\":\"https:\\\/\\\/redkarawana.com\\\/#organization\",\"name\":\"Red Karawana\",\"url\":\"https:\\\/\\\/redkarawana.com\\\/\",\"logo\":{\"@type\":\"ImageObject\",\"inLanguage\":\"fr-FR\",\"@id\":\"https:\\\/\\\/redkarawana.com\\\/#\\\/schema\\\/logo\\\/image\\\/\",\"url\":\"https:\\\/\\\/redkarawana.com\\\/wp-content\\\/uploads\\\/2025\\\/05\\\/cropped-Screenshot-2025-05-29-at-09.27.38.png\",\"contentUrl\":\"https:\\\/\\\/redkarawana.com\\\/wp-content\\\/uploads\\\/2025\\\/05\\\/cropped-Screenshot-2025-05-29-at-09.27.38.png\",\"width\":512,\"height\":512,\"caption\":\"Red Karawana\"},\"image\":{\"@id\":\"https:\\\/\\\/redkarawana.com\\\/#\\\/schema\\\/logo\\\/image\\\/\"},\"sameAs\":[\"https:\\\/\\\/www.facebook.com\\\/redkarawana\\\/\",\"https:\\\/\\\/www.instagram.com\\\/redkarawana\\\/\",\"https:\\\/\\\/www.youtube.com\\\/channel\\\/UCU9jXzSmyKm4ZZv38FEXGKg\",\"https:\\\/\\\/www.pinterest.com\\\/redkarawana\\\/\"]}]}<\/script>\n<!-- \/ Yoast SEO plugin. -->","yoast_head_json":{"title":"Art au Dames Asiatiques, Vietnam - Artistique - Red Karawana","description":"Nous trouvons de belles \u0153uvres d'art au Vietnam. Notre \"Art au Dames Asiatiques\" pr\u00e9sente deux femmes v\u00eatues d'\u00e9l\u00e9gantes tenues blanches.","robots":{"index":"index","follow":"follow","max-snippet":"max-snippet:-1","max-image-preview":"max-image-preview:large","max-video-preview":"max-video-preview:-1"},"canonical":"https:\/\/redkarawana.com\/fr\/artisan\/art-femmes-asiatiques-vietnam\/","og_locale":"fr_FR","og_type":"article","og_title":"Art au Dames Asiatiques, Vietnam - Artistique - Red Karawana","og_description":"Nous trouvons de belles \u0153uvres d'art au Vietnam. Notre \"Art au Dames Asiatiques\" pr\u00e9sente deux femmes v\u00eatues d'\u00e9l\u00e9gantes tenues blanches.","og_url":"https:\/\/redkarawana.com\/fr\/artisan\/art-femmes-asiatiques-vietnam\/","og_site_name":"Red Karawana","article_publisher":"https:\/\/www.facebook.com\/redkarawana\/","article_modified_time":"2025-12-07T07:22:19+00:00","og_image":[{"width":1200,"height":630,"url":"https:\/\/redkarawana.com\/wp-content\/uploads\/2024\/05\/1-AAP-F1200x630-Vietnam-Asian-Ladies-Art.jpg","type":"image\/jpeg"}],"twitter_card":"summary_large_image","twitter_misc":{"Dur\u00e9e de lecture estim\u00e9e":"1 minute"},"schema":{"@context":"https:\/\/schema.org","@graph":[{"@type":"WebPage","@id":"https:\/\/redkarawana.com\/fr\/artisan\/art-femmes-asiatiques-vietnam\/","url":"https:\/\/redkarawana.com\/fr\/artisan\/art-femmes-asiatiques-vietnam\/","name":"Art au Dames Asiatiques, Vietnam - Artistique - Red Karawana","isPartOf":{"@id":"https:\/\/redkarawana.com\/#website"},"primaryImageOfPage":{"@id":"https:\/\/redkarawana.com\/fr\/artisan\/art-femmes-asiatiques-vietnam\/#primaryimage"},"image":{"@id":"https:\/\/redkarawana.com\/fr\/artisan\/art-femmes-asiatiques-vietnam\/#primaryimage"},"thumbnailUrl":"https:\/\/redkarawana.com\/wp-content\/uploads\/2024\/05\/1-SP-Vietnam-Asian-Ladies-Art.jpg","datePublished":"2025-11-29T21:50:50+00:00","dateModified":"2025-12-07T07:22:19+00:00","description":"Nous trouvons de belles \u0153uvres d'art au Vietnam. Notre \"Art au Dames Asiatiques\" pr\u00e9sente deux femmes v\u00eatues d'\u00e9l\u00e9gantes tenues blanches.","breadcrumb":{"@id":"https:\/\/redkarawana.com\/fr\/artisan\/art-femmes-asiatiques-vietnam\/#breadcrumb"},"inLanguage":"fr-FR","potentialAction":[{"@type":"ReadAction","target":["https:\/\/redkarawana.com\/fr\/artisan\/art-femmes-asiatiques-vietnam\/"]}]},{"@type":"ImageObject","inLanguage":"fr-FR","@id":"https:\/\/redkarawana.com\/fr\/artisan\/art-femmes-asiatiques-vietnam\/#primaryimage","url":"https:\/\/redkarawana.com\/wp-content\/uploads\/2024\/05\/1-SP-Vietnam-Asian-Ladies-Art.jpg","contentUrl":"https:\/\/redkarawana.com\/wp-content\/uploads\/2024\/05\/1-SP-Vietnam-Asian-Ladies-Art.jpg","width":680,"height":453,"caption":"Vietnam, Art au Dames Asiatiques"},{"@type":"BreadcrumbList","@id":"https:\/\/redkarawana.com\/fr\/artisan\/art-femmes-asiatiques-vietnam\/#breadcrumb","itemListElement":[{"@type":"ListItem","position":1,"name":"Home","item":"https:\/\/redkarawana.com\/fr\/"},{"@type":"ListItem","position":2,"name":"Artisans","item":"https:\/\/redkarawana.com\/fr\/artisans\/"},{"@type":"ListItem","position":3,"name":"Art au Dames Asiatiques, Vietnam ; Art Mural, Femmes en Tenues Elegantes"}]},{"@type":"WebSite","@id":"https:\/\/redkarawana.com\/#website","url":"https:\/\/redkarawana.com\/","name":"Red Karawana","description":"","publisher":{"@id":"https:\/\/redkarawana.com\/#organization"},"potentialAction":[{"@type":"SearchAction","target":{"@type":"EntryPoint","urlTemplate":"https:\/\/redkarawana.com\/?s={search_term_string}"},"query-input":{"@type":"PropertyValueSpecification","valueRequired":true,"valueName":"search_term_string"}}],"inLanguage":"fr-FR"},{"@type":"Organization","@id":"https:\/\/redkarawana.com\/#organization","name":"Red Karawana","url":"https:\/\/redkarawana.com\/","logo":{"@type":"ImageObject","inLanguage":"fr-FR","@id":"https:\/\/redkarawana.com\/#\/schema\/logo\/image\/","url":"https:\/\/redkarawana.com\/wp-content\/uploads\/2025\/05\/cropped-Screenshot-2025-05-29-at-09.27.38.png","contentUrl":"https:\/\/redkarawana.com\/wp-content\/uploads\/2025\/05\/cropped-Screenshot-2025-05-29-at-09.27.38.png","width":512,"height":512,"caption":"Red Karawana"},"image":{"@id":"https:\/\/redkarawana.com\/#\/schema\/logo\/image\/"},"sameAs":["https:\/\/www.facebook.com\/redkarawana\/","https:\/\/www.instagram.com\/redkarawana\/","https:\/\/www.youtube.com\/channel\/UCU9jXzSmyKm4ZZv38FEXGKg","https:\/\/www.pinterest.com\/redkarawana\/"]}]}},"_links":{"self":[{"href":"https:\/\/redkarawana.com\/fr\/wp-json\/wp\/v2\/product\/3734","targetHints":{"allow":["GET"]}}],"collection":[{"href":"https:\/\/redkarawana.com\/fr\/wp-json\/wp\/v2\/product"}],"about":[{"href":"https:\/\/redkarawana.com\/fr\/wp-json\/wp\/v2\/types\/product"}],"wp:featuredmedia":[{"embeddable":true,"href":"https:\/\/redkarawana.com\/fr\/wp-json\/wp\/v2\/media\/3715"}],"wp:attachment":[{"href":"https:\/\/redkarawana.com\/fr\/wp-json\/wp\/v2\/media?parent=3734"}],"wp:term":[{"taxonomy":"product_brand","embeddable":true,"href":"https:\/\/redkarawana.com\/fr\/wp-json\/wp\/v2\/product_brand?post=3734"},{"taxonomy":"product_cat","embeddable":true,"href":"https:\/\/redkarawana.com\/fr\/wp-json\/wp\/v2\/product_cat?post=3734"},{"taxonomy":"product_tag","embeddable":true,"href":"https:\/\/redkarawana.com\/fr\/wp-json\/wp\/v2\/product_tag?post=3734"}],"curies":[{"name":"wp","href":"https:\/\/api.w.org\/{rel}","templated":true}]}}