{"id":3783,"date":"2025-11-29T22:10:56","date_gmt":"2025-11-29T22:10:56","guid":{"rendered":"https:\/\/redkarawana.com\/?post_type=product&#038;p=3783"},"modified":"2025-12-07T07:14:16","modified_gmt":"2025-12-07T07:14:16","slug":"figurines-argile-russie","status":"publish","type":"product","link":"https:\/\/redkarawana.com\/fr\/artisan\/figurines-argile-russie\/","title":{"rendered":"Figurines d&rsquo;Argile, Russie ; Artisanat Fait Main aux Th\u00e8mes Folkloriques"},"content":{"rendered":"<p>Au XVe si\u00e8cle, le peuplement de Dymkovo pr\u00e8s de la ville to Kirov devint un centre de fabrication de jouets en terre cuite. Les artisans russes utilis\u00e8rent un m\u00e9lange d&rsquo;argile rouge et de sable de rivi\u00e8re pour cr\u00e9er les jouets les plus beaux. Les Jouets faits main de Dymkovo repr\u00e9sentent un ancien artisanat populaire russe d\u00e9peignant la culture Russe traditionnelle. Les figurines d&rsquo;animaux et de personnes sont peintes dans des couleurs vives et en de nombreux th\u00e8mes. Nos figurines Dymkovo comprennent une dame noble tr\u00e8s bien habill\u00e9e et une dinde \u00e9l\u00e9gamment ornement\u00e9e. Ensemble : 1 figurine de dame (hauteur 5 pouces, largeur 3 pouces) et 1 figurine de dinde (hauteur 4 1\/2 pouces, largeur 4 pouces).<\/p>\n","protected":false},"excerpt":{"rendered":"<p>Au XVe si\u00e8cle, le peuplement de Dymkovo pr\u00e8s de la ville to Kirov devint un centre de fabrication de jouets en terre cuite. Les artisans russes utilis\u00e8rent un m\u00e9lange d&rsquo;argile rouge et de sable de rivi\u00e8re pour cr\u00e9er les jouets les plus beaux. Les Jouets faits main de Dymkovo repr\u00e9sentent un ancien artisanat populaire russe [&hellip;]<\/p>\n","protected":false},"featured_media":3763,"template":"","meta":{"_acf_changed":false},"product_brand":[],"product_cat":[48],"product_tag":[],"class_list":{"0":"post-3783","1":"product","2":"type-product","3":"status-publish","4":"has-post-thumbnail","6":"product_cat-artistique","8":"first","9":"instock","10":"sold-individually","11":"taxable","12":"shipping-taxable","13":"purchasable","14":"product-type-simple"},"acf":[],"yoast_head":"<!-- This site is optimized with the Yoast SEO plugin v27.3 - https:\/\/yoast.com\/product\/yoast-seo-wordpress\/ -->\n<title>Dymkovo Figurines d&#039;Argile, Russie - Artistique - Red Karawana<\/title>\n<meta name=\"description\" content=\"Les Jouets de Dymkovo repr\u00e9sentent un ancien artisanat russe d\u00e9peignant la culture Russe. Figurines d&#039;Argile sont une dame noble et une dinde.\" \/>\n<meta name=\"robots\" content=\"index, follow, max-snippet:-1, max-image-preview:large, max-video-preview:-1\" \/>\n<link rel=\"canonical\" href=\"https:\/\/redkarawana.com\/fr\/artisan\/figurines-argile-russie\/\" \/>\n<meta property=\"og:locale\" content=\"fr_FR\" \/>\n<meta property=\"og:type\" content=\"article\" \/>\n<meta property=\"og:title\" content=\"Dymkovo Figurines d&#039;Argile, Russie - Artistique - Red Karawana\" \/>\n<meta property=\"og:description\" content=\"Les Jouets de Dymkovo repr\u00e9sentent un ancien artisanat russe d\u00e9peignant la culture Russe. Figurines d&#039;Argile sont une dame noble et une dinde.\" \/>\n<meta property=\"og:url\" content=\"https:\/\/redkarawana.com\/fr\/artisan\/figurines-argile-russie\/\" \/>\n<meta property=\"og:site_name\" content=\"Red Karawana\" \/>\n<meta property=\"article:publisher\" content=\"https:\/\/www.facebook.com\/redkarawana\/\" \/>\n<meta property=\"article:modified_time\" content=\"2025-12-07T07:14:16+00:00\" \/>\n<meta property=\"og:image\" content=\"https:\/\/redkarawana.com\/wp-content\/uploads\/2024\/05\/1-ABP-F1200x630-Russia-Clay-Figurines.jpg\" \/>\n\t<meta property=\"og:image:width\" content=\"1200\" \/>\n\t<meta property=\"og:image:height\" content=\"630\" \/>\n\t<meta property=\"og:image:type\" content=\"image\/jpeg\" \/>\n<meta name=\"twitter:card\" content=\"summary_large_image\" \/>\n<meta name=\"twitter:label1\" content=\"Dur\u00e9e de lecture estim\u00e9e\" \/>\n\t<meta name=\"twitter:data1\" content=\"1 minute\" \/>\n<script type=\"application\/ld+json\" class=\"yoast-schema-graph\">{\"@context\":\"https:\\\/\\\/schema.org\",\"@graph\":[{\"@type\":\"WebPage\",\"@id\":\"https:\\\/\\\/redkarawana.com\\\/fr\\\/artisan\\\/figurines-argile-russie\\\/\",\"url\":\"https:\\\/\\\/redkarawana.com\\\/fr\\\/artisan\\\/figurines-argile-russie\\\/\",\"name\":\"Dymkovo Figurines d'Argile, Russie - Artistique - Red Karawana\",\"isPartOf\":{\"@id\":\"https:\\\/\\\/redkarawana.com\\\/#website\"},\"primaryImageOfPage\":{\"@id\":\"https:\\\/\\\/redkarawana.com\\\/fr\\\/artisan\\\/figurines-argile-russie\\\/#primaryimage\"},\"image\":{\"@id\":\"https:\\\/\\\/redkarawana.com\\\/fr\\\/artisan\\\/figurines-argile-russie\\\/#primaryimage\"},\"thumbnailUrl\":\"https:\\\/\\\/redkarawana.com\\\/wp-content\\\/uploads\\\/2024\\\/05\\\/1-SP-Russia-Clay-Figurines.jpg\",\"datePublished\":\"2025-11-29T22:10:56+00:00\",\"dateModified\":\"2025-12-07T07:14:16+00:00\",\"description\":\"Les Jouets de Dymkovo repr\u00e9sentent un ancien artisanat russe d\u00e9peignant la culture Russe. Figurines d'Argile sont une dame noble et une dinde.\",\"breadcrumb\":{\"@id\":\"https:\\\/\\\/redkarawana.com\\\/fr\\\/artisan\\\/figurines-argile-russie\\\/#breadcrumb\"},\"inLanguage\":\"fr-FR\",\"potentialAction\":[{\"@type\":\"ReadAction\",\"target\":[\"https:\\\/\\\/redkarawana.com\\\/fr\\\/artisan\\\/figurines-argile-russie\\\/\"]}]},{\"@type\":\"ImageObject\",\"inLanguage\":\"fr-FR\",\"@id\":\"https:\\\/\\\/redkarawana.com\\\/fr\\\/artisan\\\/figurines-argile-russie\\\/#primaryimage\",\"url\":\"https:\\\/\\\/redkarawana.com\\\/wp-content\\\/uploads\\\/2024\\\/05\\\/1-SP-Russia-Clay-Figurines.jpg\",\"contentUrl\":\"https:\\\/\\\/redkarawana.com\\\/wp-content\\\/uploads\\\/2024\\\/05\\\/1-SP-Russia-Clay-Figurines.jpg\",\"width\":680,\"height\":453,\"caption\":\"Russie, Figurines d'Argile\"},{\"@type\":\"BreadcrumbList\",\"@id\":\"https:\\\/\\\/redkarawana.com\\\/fr\\\/artisan\\\/figurines-argile-russie\\\/#breadcrumb\",\"itemListElement\":[{\"@type\":\"ListItem\",\"position\":1,\"name\":\"Home\",\"item\":\"https:\\\/\\\/redkarawana.com\\\/fr\\\/\"},{\"@type\":\"ListItem\",\"position\":2,\"name\":\"Artisans\",\"item\":\"https:\\\/\\\/redkarawana.com\\\/fr\\\/artisans\\\/\"},{\"@type\":\"ListItem\",\"position\":3,\"name\":\"Figurines d&#8217;Argile, Russie ; Artisanat Fait Main aux Th\u00e8mes Folkloriques\"}]},{\"@type\":\"WebSite\",\"@id\":\"https:\\\/\\\/redkarawana.com\\\/#website\",\"url\":\"https:\\\/\\\/redkarawana.com\\\/\",\"name\":\"Red Karawana\",\"description\":\"\",\"publisher\":{\"@id\":\"https:\\\/\\\/redkarawana.com\\\/#organization\"},\"potentialAction\":[{\"@type\":\"SearchAction\",\"target\":{\"@type\":\"EntryPoint\",\"urlTemplate\":\"https:\\\/\\\/redkarawana.com\\\/?s={search_term_string}\"},\"query-input\":{\"@type\":\"PropertyValueSpecification\",\"valueRequired\":true,\"valueName\":\"search_term_string\"}}],\"inLanguage\":\"fr-FR\"},{\"@type\":\"Organization\",\"@id\":\"https:\\\/\\\/redkarawana.com\\\/#organization\",\"name\":\"Red Karawana\",\"url\":\"https:\\\/\\\/redkarawana.com\\\/\",\"logo\":{\"@type\":\"ImageObject\",\"inLanguage\":\"fr-FR\",\"@id\":\"https:\\\/\\\/redkarawana.com\\\/#\\\/schema\\\/logo\\\/image\\\/\",\"url\":\"https:\\\/\\\/redkarawana.com\\\/wp-content\\\/uploads\\\/2025\\\/05\\\/cropped-Screenshot-2025-05-29-at-09.27.38.png\",\"contentUrl\":\"https:\\\/\\\/redkarawana.com\\\/wp-content\\\/uploads\\\/2025\\\/05\\\/cropped-Screenshot-2025-05-29-at-09.27.38.png\",\"width\":512,\"height\":512,\"caption\":\"Red Karawana\"},\"image\":{\"@id\":\"https:\\\/\\\/redkarawana.com\\\/#\\\/schema\\\/logo\\\/image\\\/\"},\"sameAs\":[\"https:\\\/\\\/www.facebook.com\\\/redkarawana\\\/\",\"https:\\\/\\\/www.instagram.com\\\/redkarawana\\\/\",\"https:\\\/\\\/www.youtube.com\\\/channel\\\/UCU9jXzSmyKm4ZZv38FEXGKg\",\"https:\\\/\\\/www.pinterest.com\\\/redkarawana\\\/\"]}]}<\/script>\n<!-- \/ Yoast SEO plugin. -->","yoast_head_json":{"title":"Dymkovo Figurines d'Argile, Russie - Artistique - Red Karawana","description":"Les Jouets de Dymkovo repr\u00e9sentent un ancien artisanat russe d\u00e9peignant la culture Russe. Figurines d'Argile sont une dame noble et une dinde.","robots":{"index":"index","follow":"follow","max-snippet":"max-snippet:-1","max-image-preview":"max-image-preview:large","max-video-preview":"max-video-preview:-1"},"canonical":"https:\/\/redkarawana.com\/fr\/artisan\/figurines-argile-russie\/","og_locale":"fr_FR","og_type":"article","og_title":"Dymkovo Figurines d'Argile, Russie - Artistique - Red Karawana","og_description":"Les Jouets de Dymkovo repr\u00e9sentent un ancien artisanat russe d\u00e9peignant la culture Russe. Figurines d'Argile sont une dame noble et une dinde.","og_url":"https:\/\/redkarawana.com\/fr\/artisan\/figurines-argile-russie\/","og_site_name":"Red Karawana","article_publisher":"https:\/\/www.facebook.com\/redkarawana\/","article_modified_time":"2025-12-07T07:14:16+00:00","og_image":[{"width":1200,"height":630,"url":"https:\/\/redkarawana.com\/wp-content\/uploads\/2024\/05\/1-ABP-F1200x630-Russia-Clay-Figurines.jpg","type":"image\/jpeg"}],"twitter_card":"summary_large_image","twitter_misc":{"Dur\u00e9e de lecture estim\u00e9e":"1 minute"},"schema":{"@context":"https:\/\/schema.org","@graph":[{"@type":"WebPage","@id":"https:\/\/redkarawana.com\/fr\/artisan\/figurines-argile-russie\/","url":"https:\/\/redkarawana.com\/fr\/artisan\/figurines-argile-russie\/","name":"Dymkovo Figurines d'Argile, Russie - Artistique - Red Karawana","isPartOf":{"@id":"https:\/\/redkarawana.com\/#website"},"primaryImageOfPage":{"@id":"https:\/\/redkarawana.com\/fr\/artisan\/figurines-argile-russie\/#primaryimage"},"image":{"@id":"https:\/\/redkarawana.com\/fr\/artisan\/figurines-argile-russie\/#primaryimage"},"thumbnailUrl":"https:\/\/redkarawana.com\/wp-content\/uploads\/2024\/05\/1-SP-Russia-Clay-Figurines.jpg","datePublished":"2025-11-29T22:10:56+00:00","dateModified":"2025-12-07T07:14:16+00:00","description":"Les Jouets de Dymkovo repr\u00e9sentent un ancien artisanat russe d\u00e9peignant la culture Russe. Figurines d'Argile sont une dame noble et une dinde.","breadcrumb":{"@id":"https:\/\/redkarawana.com\/fr\/artisan\/figurines-argile-russie\/#breadcrumb"},"inLanguage":"fr-FR","potentialAction":[{"@type":"ReadAction","target":["https:\/\/redkarawana.com\/fr\/artisan\/figurines-argile-russie\/"]}]},{"@type":"ImageObject","inLanguage":"fr-FR","@id":"https:\/\/redkarawana.com\/fr\/artisan\/figurines-argile-russie\/#primaryimage","url":"https:\/\/redkarawana.com\/wp-content\/uploads\/2024\/05\/1-SP-Russia-Clay-Figurines.jpg","contentUrl":"https:\/\/redkarawana.com\/wp-content\/uploads\/2024\/05\/1-SP-Russia-Clay-Figurines.jpg","width":680,"height":453,"caption":"Russie, Figurines d'Argile"},{"@type":"BreadcrumbList","@id":"https:\/\/redkarawana.com\/fr\/artisan\/figurines-argile-russie\/#breadcrumb","itemListElement":[{"@type":"ListItem","position":1,"name":"Home","item":"https:\/\/redkarawana.com\/fr\/"},{"@type":"ListItem","position":2,"name":"Artisans","item":"https:\/\/redkarawana.com\/fr\/artisans\/"},{"@type":"ListItem","position":3,"name":"Figurines d&#8217;Argile, Russie ; Artisanat Fait Main aux Th\u00e8mes Folkloriques"}]},{"@type":"WebSite","@id":"https:\/\/redkarawana.com\/#website","url":"https:\/\/redkarawana.com\/","name":"Red Karawana","description":"","publisher":{"@id":"https:\/\/redkarawana.com\/#organization"},"potentialAction":[{"@type":"SearchAction","target":{"@type":"EntryPoint","urlTemplate":"https:\/\/redkarawana.com\/?s={search_term_string}"},"query-input":{"@type":"PropertyValueSpecification","valueRequired":true,"valueName":"search_term_string"}}],"inLanguage":"fr-FR"},{"@type":"Organization","@id":"https:\/\/redkarawana.com\/#organization","name":"Red Karawana","url":"https:\/\/redkarawana.com\/","logo":{"@type":"ImageObject","inLanguage":"fr-FR","@id":"https:\/\/redkarawana.com\/#\/schema\/logo\/image\/","url":"https:\/\/redkarawana.com\/wp-content\/uploads\/2025\/05\/cropped-Screenshot-2025-05-29-at-09.27.38.png","contentUrl":"https:\/\/redkarawana.com\/wp-content\/uploads\/2025\/05\/cropped-Screenshot-2025-05-29-at-09.27.38.png","width":512,"height":512,"caption":"Red Karawana"},"image":{"@id":"https:\/\/redkarawana.com\/#\/schema\/logo\/image\/"},"sameAs":["https:\/\/www.facebook.com\/redkarawana\/","https:\/\/www.instagram.com\/redkarawana\/","https:\/\/www.youtube.com\/channel\/UCU9jXzSmyKm4ZZv38FEXGKg","https:\/\/www.pinterest.com\/redkarawana\/"]}]}},"_links":{"self":[{"href":"https:\/\/redkarawana.com\/fr\/wp-json\/wp\/v2\/product\/3783","targetHints":{"allow":["GET"]}}],"collection":[{"href":"https:\/\/redkarawana.com\/fr\/wp-json\/wp\/v2\/product"}],"about":[{"href":"https:\/\/redkarawana.com\/fr\/wp-json\/wp\/v2\/types\/product"}],"wp:featuredmedia":[{"embeddable":true,"href":"https:\/\/redkarawana.com\/fr\/wp-json\/wp\/v2\/media\/3763"}],"wp:attachment":[{"href":"https:\/\/redkarawana.com\/fr\/wp-json\/wp\/v2\/media?parent=3783"}],"wp:term":[{"taxonomy":"product_brand","embeddable":true,"href":"https:\/\/redkarawana.com\/fr\/wp-json\/wp\/v2\/product_brand?post=3783"},{"taxonomy":"product_cat","embeddable":true,"href":"https:\/\/redkarawana.com\/fr\/wp-json\/wp\/v2\/product_cat?post=3783"},{"taxonomy":"product_tag","embeddable":true,"href":"https:\/\/redkarawana.com\/fr\/wp-json\/wp\/v2\/product_tag?post=3783"}],"curies":[{"name":"wp","href":"https:\/\/api.w.org\/{rel}","templated":true}]}}