{"id":3851,"date":"2025-11-29T22:30:05","date_gmt":"2025-11-29T22:30:05","guid":{"rendered":"https:\/\/redkarawana.com\/?post_type=product&#038;p=3851"},"modified":"2024-05-13T10:51:06","modified_gmt":"2024-05-13T10:51:06","slug":"poupee-russe-russie","status":"publish","type":"product","link":"https:\/\/redkarawana.com\/fr\/artisan\/poupee-russe-russie\/","title":{"rendered":"Poup\u00e9e Russe, Russie ; Exquise Poup\u00e9e Par\u00e9e d\u2019Un Costume \u00e0 La Mode"},"content":{"rendered":"<p>Dans la Russie antique, les poup\u00e9es avaient une valeur artistique et \u00e9taient con\u00e7ues pour des croyances mystiques. La tradition de fabriquer des poup\u00e9es est r\u00e9pandue en Russie et englobe des poup\u00e9es d\u00e9coratives, des jouets pour enfants et d\u2018exquises poup\u00e9es en porcelaine. Les poup\u00e9es russes sont souvent cr\u00e9\u00e9es en assemblant des pi\u00e8ces en porcelaine. Elles sont habill\u00e9es de costumes folkloriques traditionnels ou d\u2019habits de la haute soci\u00e9t\u00e9 et par\u00e9es de chapeaux orn\u00e9s. Notre poup\u00e9e russe fut cr\u00e9\u00e9e main par l&rsquo;artiste russe Varvara Zhdaniva, poss\u00e8de une t\u00eate, des mains et des pieds en porcelaine et est v\u00eatue d&rsquo;un costume \u00e0 la mode accompagn\u00e9 d\u2019un \u00e9l\u00e9gant chapeau. Notre poup\u00e9e russe peut \u00eatre pr\u00e9sent\u00e9e sur une \u00e9tag\u00e8re ou \u00eatre accroch\u00e9e \u00e0 un mur. Mesures : poup\u00e9e russe (17 pouces de hauteur).<\/p>\n","protected":false},"excerpt":{"rendered":"<p>Dans la Russie antique, les poup\u00e9es avaient une valeur artistique et \u00e9taient con\u00e7ues pour des croyances mystiques. La tradition de fabriquer des poup\u00e9es est r\u00e9pandue en Russie et englobe des poup\u00e9es d\u00e9coratives, des jouets pour enfants et d\u2018exquises poup\u00e9es en porcelaine. Les poup\u00e9es russes sont souvent cr\u00e9\u00e9es en assemblant des pi\u00e8ces en porcelaine. Elles sont [&hellip;]<\/p>\n","protected":false},"featured_media":3815,"template":"","meta":{"_acf_changed":false},"product_brand":[],"product_cat":[48],"product_tag":[],"class_list":{"0":"post-3851","1":"product","2":"type-product","3":"status-publish","4":"has-post-thumbnail","6":"product_cat-artistique","8":"first","9":"instock","10":"sold-individually","11":"taxable","12":"shipping-taxable","13":"purchasable","14":"product-type-simple"},"acf":[],"yoast_head":"<!-- This site is optimized with the Yoast SEO plugin v27.3 - https:\/\/yoast.com\/product\/yoast-seo-wordpress\/ -->\n<title>Poup\u00e9e Russe, Russie - Artistique - Red Karawana<\/title>\n<meta name=\"description\" content=\"Notre poup\u00e9e russe fut cr\u00e9\u00e9e main par l&#039;artiste russe Varvara Zhdaniva, est v\u00eatue d&#039;un costume \u00e0 la mode accompagn\u00e9 d\u2019un \u00e9l\u00e9gant chapeau.\" \/>\n<meta name=\"robots\" content=\"index, follow, max-snippet:-1, max-image-preview:large, max-video-preview:-1\" \/>\n<link rel=\"canonical\" href=\"https:\/\/redkarawana.com\/fr\/artisan\/poupee-russe-russie\/\" \/>\n<meta property=\"og:locale\" content=\"fr_FR\" \/>\n<meta property=\"og:type\" content=\"article\" \/>\n<meta property=\"og:title\" content=\"Poup\u00e9e Russe, Russie - Artistique - Red Karawana\" \/>\n<meta property=\"og:description\" content=\"Notre poup\u00e9e russe fut cr\u00e9\u00e9e main par l&#039;artiste russe Varvara Zhdaniva, est v\u00eatue d&#039;un costume \u00e0 la mode accompagn\u00e9 d\u2019un \u00e9l\u00e9gant chapeau.\" \/>\n<meta property=\"og:url\" content=\"https:\/\/redkarawana.com\/fr\/artisan\/poupee-russe-russie\/\" \/>\n<meta property=\"og:site_name\" content=\"Red Karawana\" \/>\n<meta property=\"article:publisher\" content=\"https:\/\/www.facebook.com\/redkarawana\/\" \/>\n<meta property=\"og:image\" content=\"https:\/\/redkarawana.com\/wp-content\/uploads\/2024\/05\/1-ABP-F1200x630-Russia-Russian-Doll.jpg\" \/>\n\t<meta property=\"og:image:width\" content=\"1200\" \/>\n\t<meta property=\"og:image:height\" content=\"630\" \/>\n\t<meta property=\"og:image:type\" content=\"image\/jpeg\" \/>\n<meta name=\"twitter:card\" content=\"summary_large_image\" \/>\n<meta name=\"twitter:label1\" content=\"Dur\u00e9e de lecture estim\u00e9e\" \/>\n\t<meta name=\"twitter:data1\" content=\"1 minute\" \/>\n<script type=\"application\/ld+json\" class=\"yoast-schema-graph\">{\"@context\":\"https:\\\/\\\/schema.org\",\"@graph\":[{\"@type\":\"WebPage\",\"@id\":\"https:\\\/\\\/redkarawana.com\\\/fr\\\/artisan\\\/poupee-russe-russie\\\/\",\"url\":\"https:\\\/\\\/redkarawana.com\\\/fr\\\/artisan\\\/poupee-russe-russie\\\/\",\"name\":\"Poup\u00e9e Russe, Russie - Artistique - Red Karawana\",\"isPartOf\":{\"@id\":\"https:\\\/\\\/redkarawana.com\\\/#website\"},\"primaryImageOfPage\":{\"@id\":\"https:\\\/\\\/redkarawana.com\\\/fr\\\/artisan\\\/poupee-russe-russie\\\/#primaryimage\"},\"image\":{\"@id\":\"https:\\\/\\\/redkarawana.com\\\/fr\\\/artisan\\\/poupee-russe-russie\\\/#primaryimage\"},\"thumbnailUrl\":\"https:\\\/\\\/redkarawana.com\\\/wp-content\\\/uploads\\\/2024\\\/05\\\/1-SP-Russia-Russian-Doll.jpg\",\"datePublished\":\"2025-11-29T22:30:05+00:00\",\"description\":\"Notre poup\u00e9e russe fut cr\u00e9\u00e9e main par l'artiste russe Varvara Zhdaniva, est v\u00eatue d'un costume \u00e0 la mode accompagn\u00e9 d\u2019un \u00e9l\u00e9gant chapeau.\",\"breadcrumb\":{\"@id\":\"https:\\\/\\\/redkarawana.com\\\/fr\\\/artisan\\\/poupee-russe-russie\\\/#breadcrumb\"},\"inLanguage\":\"fr-FR\",\"potentialAction\":[{\"@type\":\"ReadAction\",\"target\":[\"https:\\\/\\\/redkarawana.com\\\/fr\\\/artisan\\\/poupee-russe-russie\\\/\"]}]},{\"@type\":\"ImageObject\",\"inLanguage\":\"fr-FR\",\"@id\":\"https:\\\/\\\/redkarawana.com\\\/fr\\\/artisan\\\/poupee-russe-russie\\\/#primaryimage\",\"url\":\"https:\\\/\\\/redkarawana.com\\\/wp-content\\\/uploads\\\/2024\\\/05\\\/1-SP-Russia-Russian-Doll.jpg\",\"contentUrl\":\"https:\\\/\\\/redkarawana.com\\\/wp-content\\\/uploads\\\/2024\\\/05\\\/1-SP-Russia-Russian-Doll.jpg\",\"width\":680,\"height\":453,\"caption\":\"Russie, Poup\u00e9e Russe\"},{\"@type\":\"BreadcrumbList\",\"@id\":\"https:\\\/\\\/redkarawana.com\\\/fr\\\/artisan\\\/poupee-russe-russie\\\/#breadcrumb\",\"itemListElement\":[{\"@type\":\"ListItem\",\"position\":1,\"name\":\"Home\",\"item\":\"https:\\\/\\\/redkarawana.com\\\/fr\\\/\"},{\"@type\":\"ListItem\",\"position\":2,\"name\":\"Artisans\",\"item\":\"https:\\\/\\\/redkarawana.com\\\/fr\\\/artisans\\\/\"},{\"@type\":\"ListItem\",\"position\":3,\"name\":\"Poup\u00e9e Russe, Russie ; Exquise Poup\u00e9e Par\u00e9e d\u2019Un Costume \u00e0 La Mode\"}]},{\"@type\":\"WebSite\",\"@id\":\"https:\\\/\\\/redkarawana.com\\\/#website\",\"url\":\"https:\\\/\\\/redkarawana.com\\\/\",\"name\":\"Red Karawana\",\"description\":\"\",\"publisher\":{\"@id\":\"https:\\\/\\\/redkarawana.com\\\/#organization\"},\"potentialAction\":[{\"@type\":\"SearchAction\",\"target\":{\"@type\":\"EntryPoint\",\"urlTemplate\":\"https:\\\/\\\/redkarawana.com\\\/?s={search_term_string}\"},\"query-input\":{\"@type\":\"PropertyValueSpecification\",\"valueRequired\":true,\"valueName\":\"search_term_string\"}}],\"inLanguage\":\"fr-FR\"},{\"@type\":\"Organization\",\"@id\":\"https:\\\/\\\/redkarawana.com\\\/#organization\",\"name\":\"Red Karawana\",\"url\":\"https:\\\/\\\/redkarawana.com\\\/\",\"logo\":{\"@type\":\"ImageObject\",\"inLanguage\":\"fr-FR\",\"@id\":\"https:\\\/\\\/redkarawana.com\\\/#\\\/schema\\\/logo\\\/image\\\/\",\"url\":\"https:\\\/\\\/redkarawana.com\\\/wp-content\\\/uploads\\\/2025\\\/05\\\/cropped-Screenshot-2025-05-29-at-09.27.38.png\",\"contentUrl\":\"https:\\\/\\\/redkarawana.com\\\/wp-content\\\/uploads\\\/2025\\\/05\\\/cropped-Screenshot-2025-05-29-at-09.27.38.png\",\"width\":512,\"height\":512,\"caption\":\"Red Karawana\"},\"image\":{\"@id\":\"https:\\\/\\\/redkarawana.com\\\/#\\\/schema\\\/logo\\\/image\\\/\"},\"sameAs\":[\"https:\\\/\\\/www.facebook.com\\\/redkarawana\\\/\",\"https:\\\/\\\/www.instagram.com\\\/redkarawana\\\/\",\"https:\\\/\\\/www.youtube.com\\\/channel\\\/UCU9jXzSmyKm4ZZv38FEXGKg\",\"https:\\\/\\\/www.pinterest.com\\\/redkarawana\\\/\"]}]}<\/script>\n<!-- \/ Yoast SEO plugin. -->","yoast_head_json":{"title":"Poup\u00e9e Russe, Russie - Artistique - Red Karawana","description":"Notre poup\u00e9e russe fut cr\u00e9\u00e9e main par l'artiste russe Varvara Zhdaniva, est v\u00eatue d'un costume \u00e0 la mode accompagn\u00e9 d\u2019un \u00e9l\u00e9gant chapeau.","robots":{"index":"index","follow":"follow","max-snippet":"max-snippet:-1","max-image-preview":"max-image-preview:large","max-video-preview":"max-video-preview:-1"},"canonical":"https:\/\/redkarawana.com\/fr\/artisan\/poupee-russe-russie\/","og_locale":"fr_FR","og_type":"article","og_title":"Poup\u00e9e Russe, Russie - Artistique - Red Karawana","og_description":"Notre poup\u00e9e russe fut cr\u00e9\u00e9e main par l'artiste russe Varvara Zhdaniva, est v\u00eatue d'un costume \u00e0 la mode accompagn\u00e9 d\u2019un \u00e9l\u00e9gant chapeau.","og_url":"https:\/\/redkarawana.com\/fr\/artisan\/poupee-russe-russie\/","og_site_name":"Red Karawana","article_publisher":"https:\/\/www.facebook.com\/redkarawana\/","og_image":[{"width":1200,"height":630,"url":"https:\/\/redkarawana.com\/wp-content\/uploads\/2024\/05\/1-ABP-F1200x630-Russia-Russian-Doll.jpg","type":"image\/jpeg"}],"twitter_card":"summary_large_image","twitter_misc":{"Dur\u00e9e de lecture estim\u00e9e":"1 minute"},"schema":{"@context":"https:\/\/schema.org","@graph":[{"@type":"WebPage","@id":"https:\/\/redkarawana.com\/fr\/artisan\/poupee-russe-russie\/","url":"https:\/\/redkarawana.com\/fr\/artisan\/poupee-russe-russie\/","name":"Poup\u00e9e Russe, Russie - Artistique - Red Karawana","isPartOf":{"@id":"https:\/\/redkarawana.com\/#website"},"primaryImageOfPage":{"@id":"https:\/\/redkarawana.com\/fr\/artisan\/poupee-russe-russie\/#primaryimage"},"image":{"@id":"https:\/\/redkarawana.com\/fr\/artisan\/poupee-russe-russie\/#primaryimage"},"thumbnailUrl":"https:\/\/redkarawana.com\/wp-content\/uploads\/2024\/05\/1-SP-Russia-Russian-Doll.jpg","datePublished":"2025-11-29T22:30:05+00:00","description":"Notre poup\u00e9e russe fut cr\u00e9\u00e9e main par l'artiste russe Varvara Zhdaniva, est v\u00eatue d'un costume \u00e0 la mode accompagn\u00e9 d\u2019un \u00e9l\u00e9gant chapeau.","breadcrumb":{"@id":"https:\/\/redkarawana.com\/fr\/artisan\/poupee-russe-russie\/#breadcrumb"},"inLanguage":"fr-FR","potentialAction":[{"@type":"ReadAction","target":["https:\/\/redkarawana.com\/fr\/artisan\/poupee-russe-russie\/"]}]},{"@type":"ImageObject","inLanguage":"fr-FR","@id":"https:\/\/redkarawana.com\/fr\/artisan\/poupee-russe-russie\/#primaryimage","url":"https:\/\/redkarawana.com\/wp-content\/uploads\/2024\/05\/1-SP-Russia-Russian-Doll.jpg","contentUrl":"https:\/\/redkarawana.com\/wp-content\/uploads\/2024\/05\/1-SP-Russia-Russian-Doll.jpg","width":680,"height":453,"caption":"Russie, Poup\u00e9e Russe"},{"@type":"BreadcrumbList","@id":"https:\/\/redkarawana.com\/fr\/artisan\/poupee-russe-russie\/#breadcrumb","itemListElement":[{"@type":"ListItem","position":1,"name":"Home","item":"https:\/\/redkarawana.com\/fr\/"},{"@type":"ListItem","position":2,"name":"Artisans","item":"https:\/\/redkarawana.com\/fr\/artisans\/"},{"@type":"ListItem","position":3,"name":"Poup\u00e9e Russe, Russie ; Exquise Poup\u00e9e Par\u00e9e d\u2019Un Costume \u00e0 La Mode"}]},{"@type":"WebSite","@id":"https:\/\/redkarawana.com\/#website","url":"https:\/\/redkarawana.com\/","name":"Red Karawana","description":"","publisher":{"@id":"https:\/\/redkarawana.com\/#organization"},"potentialAction":[{"@type":"SearchAction","target":{"@type":"EntryPoint","urlTemplate":"https:\/\/redkarawana.com\/?s={search_term_string}"},"query-input":{"@type":"PropertyValueSpecification","valueRequired":true,"valueName":"search_term_string"}}],"inLanguage":"fr-FR"},{"@type":"Organization","@id":"https:\/\/redkarawana.com\/#organization","name":"Red Karawana","url":"https:\/\/redkarawana.com\/","logo":{"@type":"ImageObject","inLanguage":"fr-FR","@id":"https:\/\/redkarawana.com\/#\/schema\/logo\/image\/","url":"https:\/\/redkarawana.com\/wp-content\/uploads\/2025\/05\/cropped-Screenshot-2025-05-29-at-09.27.38.png","contentUrl":"https:\/\/redkarawana.com\/wp-content\/uploads\/2025\/05\/cropped-Screenshot-2025-05-29-at-09.27.38.png","width":512,"height":512,"caption":"Red Karawana"},"image":{"@id":"https:\/\/redkarawana.com\/#\/schema\/logo\/image\/"},"sameAs":["https:\/\/www.facebook.com\/redkarawana\/","https:\/\/www.instagram.com\/redkarawana\/","https:\/\/www.youtube.com\/channel\/UCU9jXzSmyKm4ZZv38FEXGKg","https:\/\/www.pinterest.com\/redkarawana\/"]}]}},"_links":{"self":[{"href":"https:\/\/redkarawana.com\/fr\/wp-json\/wp\/v2\/product\/3851","targetHints":{"allow":["GET"]}}],"collection":[{"href":"https:\/\/redkarawana.com\/fr\/wp-json\/wp\/v2\/product"}],"about":[{"href":"https:\/\/redkarawana.com\/fr\/wp-json\/wp\/v2\/types\/product"}],"wp:featuredmedia":[{"embeddable":true,"href":"https:\/\/redkarawana.com\/fr\/wp-json\/wp\/v2\/media\/3815"}],"wp:attachment":[{"href":"https:\/\/redkarawana.com\/fr\/wp-json\/wp\/v2\/media?parent=3851"}],"wp:term":[{"taxonomy":"product_brand","embeddable":true,"href":"https:\/\/redkarawana.com\/fr\/wp-json\/wp\/v2\/product_brand?post=3851"},{"taxonomy":"product_cat","embeddable":true,"href":"https:\/\/redkarawana.com\/fr\/wp-json\/wp\/v2\/product_cat?post=3851"},{"taxonomy":"product_tag","embeddable":true,"href":"https:\/\/redkarawana.com\/fr\/wp-json\/wp\/v2\/product_tag?post=3851"}],"curies":[{"name":"wp","href":"https:\/\/api.w.org\/{rel}","templated":true}]}}