{"id":3875,"date":"2025-11-29T22:40:58","date_gmt":"2025-11-29T22:40:58","guid":{"rendered":"https:\/\/redkarawana.com\/?post_type=product&#038;p=3875"},"modified":"2025-12-07T06:57:08","modified_gmt":"2025-12-07T06:57:08","slug":"dodo-sculptures-maurice","status":"publish","type":"product","link":"https:\/\/redkarawana.com\/fr\/artisan\/dodo-sculptures-maurice\/","title":{"rendered":"Dodo, \u00cele Maurice ; Sculptures en Bois D\u00e9cor\u00e9es de Couleurs Lumineuses"},"content":{"rendered":"<p>Les visiteurs de l&rsquo;\u00eele Maurice sont assur\u00e9s de jouir de journ\u00e9es ensoleill\u00e9es, de plages spectaculaires, d&rsquo;une excellente cuisine et de souvenirs vari\u00e9s. Pendant notre exploration de l&rsquo;\u00eele, nous d\u00e9couvrons des textiles tout en couleurs, de l\u2019artisanat en bambou, de c\u00e9ramiques et d\u2019objets d&rsquo;art en bois. Le Dodo, un oiseau incapable de voler et maintenant \u00e9teint, est l&rsquo;animal embl\u00e9matique national de l&rsquo;\u00eele Maurice. Le Dodo est c\u00e9l\u00e9br\u00e9 dans de nombreuses formes d&rsquo;art, y compris par de l&rsquo;artisanat fait main. Nos dodos en bois sont peints de tr\u00e8s beau motifs au couleurs lumineuses. Ensemble : 1 dodo rose (hauteur 6 1\/2 pouces, largeur 7 1\/2 pouces), 1 dodo bleu (hauteur 4 1\/2 pouces, largeur 5 1\/2 pouces).<\/p>\n","protected":false},"excerpt":{"rendered":"<p>Les visiteurs de l&rsquo;\u00eele Maurice sont assur\u00e9s de jouir de journ\u00e9es ensoleill\u00e9es, de plages spectaculaires, d&rsquo;une excellente cuisine et de souvenirs vari\u00e9s. Pendant notre exploration de l&rsquo;\u00eele, nous d\u00e9couvrons des textiles tout en couleurs, de l\u2019artisanat en bambou, de c\u00e9ramiques et d\u2019objets d&rsquo;art en bois. Le Dodo, un oiseau incapable de voler et maintenant \u00e9teint, [&hellip;]<\/p>\n","protected":false},"featured_media":3835,"template":"","meta":{"_acf_changed":false},"product_brand":[],"product_cat":[48],"product_tag":[],"class_list":{"0":"post-3875","1":"product","2":"type-product","3":"status-publish","4":"has-post-thumbnail","6":"product_cat-artistique","8":"first","9":"instock","10":"sold-individually","11":"taxable","12":"shipping-taxable","13":"purchasable","14":"product-type-simple"},"acf":[],"yoast_head":"<!-- This site is optimized with the Yoast SEO plugin v27.3 - https:\/\/yoast.com\/product\/yoast-seo-wordpress\/ -->\n<title>Dodo Sculptures en Bois, \u00cele Maurice - Artistique - Red Karawana<\/title>\n<meta name=\"description\" content=\"Dodo sculptures en bois sont peints de beau motifs. Le Dodo est c\u00e9l\u00e9br\u00e9 dans de nombreuses formes d&#039;art, y compris par des sculptures en bois.\" \/>\n<meta name=\"robots\" content=\"index, follow, max-snippet:-1, max-image-preview:large, max-video-preview:-1\" \/>\n<link rel=\"canonical\" href=\"https:\/\/redkarawana.com\/fr\/artisan\/dodo-sculptures-maurice\/\" \/>\n<meta property=\"og:locale\" content=\"fr_FR\" \/>\n<meta property=\"og:type\" content=\"article\" \/>\n<meta property=\"og:title\" content=\"Dodo Sculptures en Bois, \u00cele Maurice - Artistique - Red Karawana\" \/>\n<meta property=\"og:description\" content=\"Dodo sculptures en bois sont peints de beau motifs. Le Dodo est c\u00e9l\u00e9br\u00e9 dans de nombreuses formes d&#039;art, y compris par des sculptures en bois.\" \/>\n<meta property=\"og:url\" content=\"https:\/\/redkarawana.com\/fr\/artisan\/dodo-sculptures-maurice\/\" \/>\n<meta property=\"og:site_name\" content=\"Red Karawana\" \/>\n<meta property=\"article:publisher\" content=\"https:\/\/www.facebook.com\/redkarawana\/\" \/>\n<meta property=\"article:modified_time\" content=\"2025-12-07T06:57:08+00:00\" \/>\n<meta property=\"og:image\" content=\"https:\/\/redkarawana.com\/wp-content\/uploads\/2024\/05\/1-ABP-F-1200x630-Mauritius-Dodo-Sculptures.jpg\" \/>\n\t<meta property=\"og:image:width\" content=\"1200\" \/>\n\t<meta property=\"og:image:height\" content=\"630\" \/>\n\t<meta property=\"og:image:type\" content=\"image\/jpeg\" \/>\n<meta name=\"twitter:card\" content=\"summary_large_image\" \/>\n<meta name=\"twitter:label1\" content=\"Dur\u00e9e de lecture estim\u00e9e\" \/>\n\t<meta name=\"twitter:data1\" content=\"1 minute\" \/>\n<script type=\"application\/ld+json\" class=\"yoast-schema-graph\">{\"@context\":\"https:\\\/\\\/schema.org\",\"@graph\":[{\"@type\":\"WebPage\",\"@id\":\"https:\\\/\\\/redkarawana.com\\\/fr\\\/artisan\\\/dodo-sculptures-maurice\\\/\",\"url\":\"https:\\\/\\\/redkarawana.com\\\/fr\\\/artisan\\\/dodo-sculptures-maurice\\\/\",\"name\":\"Dodo Sculptures en Bois, \u00cele Maurice - Artistique - Red Karawana\",\"isPartOf\":{\"@id\":\"https:\\\/\\\/redkarawana.com\\\/#website\"},\"primaryImageOfPage\":{\"@id\":\"https:\\\/\\\/redkarawana.com\\\/fr\\\/artisan\\\/dodo-sculptures-maurice\\\/#primaryimage\"},\"image\":{\"@id\":\"https:\\\/\\\/redkarawana.com\\\/fr\\\/artisan\\\/dodo-sculptures-maurice\\\/#primaryimage\"},\"thumbnailUrl\":\"https:\\\/\\\/redkarawana.com\\\/wp-content\\\/uploads\\\/2024\\\/05\\\/1-SP-Mauritius-Dodo-Sculptures.jpg\",\"datePublished\":\"2025-11-29T22:40:58+00:00\",\"dateModified\":\"2025-12-07T06:57:08+00:00\",\"description\":\"Dodo sculptures en bois sont peints de beau motifs. Le Dodo est c\u00e9l\u00e9br\u00e9 dans de nombreuses formes d'art, y compris par des sculptures en bois.\",\"breadcrumb\":{\"@id\":\"https:\\\/\\\/redkarawana.com\\\/fr\\\/artisan\\\/dodo-sculptures-maurice\\\/#breadcrumb\"},\"inLanguage\":\"fr-FR\",\"potentialAction\":[{\"@type\":\"ReadAction\",\"target\":[\"https:\\\/\\\/redkarawana.com\\\/fr\\\/artisan\\\/dodo-sculptures-maurice\\\/\"]}]},{\"@type\":\"ImageObject\",\"inLanguage\":\"fr-FR\",\"@id\":\"https:\\\/\\\/redkarawana.com\\\/fr\\\/artisan\\\/dodo-sculptures-maurice\\\/#primaryimage\",\"url\":\"https:\\\/\\\/redkarawana.com\\\/wp-content\\\/uploads\\\/2024\\\/05\\\/1-SP-Mauritius-Dodo-Sculptures.jpg\",\"contentUrl\":\"https:\\\/\\\/redkarawana.com\\\/wp-content\\\/uploads\\\/2024\\\/05\\\/1-SP-Mauritius-Dodo-Sculptures.jpg\",\"width\":680,\"height\":453,\"caption\":\"\u00cele Maurice, Dodo Sculptures en Bois\"},{\"@type\":\"BreadcrumbList\",\"@id\":\"https:\\\/\\\/redkarawana.com\\\/fr\\\/artisan\\\/dodo-sculptures-maurice\\\/#breadcrumb\",\"itemListElement\":[{\"@type\":\"ListItem\",\"position\":1,\"name\":\"Home\",\"item\":\"https:\\\/\\\/redkarawana.com\\\/fr\\\/\"},{\"@type\":\"ListItem\",\"position\":2,\"name\":\"Artisans\",\"item\":\"https:\\\/\\\/redkarawana.com\\\/fr\\\/artisans\\\/\"},{\"@type\":\"ListItem\",\"position\":3,\"name\":\"Dodo, \u00cele Maurice ; Sculptures en Bois D\u00e9cor\u00e9es de Couleurs Lumineuses\"}]},{\"@type\":\"WebSite\",\"@id\":\"https:\\\/\\\/redkarawana.com\\\/#website\",\"url\":\"https:\\\/\\\/redkarawana.com\\\/\",\"name\":\"Red Karawana\",\"description\":\"\",\"publisher\":{\"@id\":\"https:\\\/\\\/redkarawana.com\\\/#organization\"},\"potentialAction\":[{\"@type\":\"SearchAction\",\"target\":{\"@type\":\"EntryPoint\",\"urlTemplate\":\"https:\\\/\\\/redkarawana.com\\\/?s={search_term_string}\"},\"query-input\":{\"@type\":\"PropertyValueSpecification\",\"valueRequired\":true,\"valueName\":\"search_term_string\"}}],\"inLanguage\":\"fr-FR\"},{\"@type\":\"Organization\",\"@id\":\"https:\\\/\\\/redkarawana.com\\\/#organization\",\"name\":\"Red Karawana\",\"url\":\"https:\\\/\\\/redkarawana.com\\\/\",\"logo\":{\"@type\":\"ImageObject\",\"inLanguage\":\"fr-FR\",\"@id\":\"https:\\\/\\\/redkarawana.com\\\/#\\\/schema\\\/logo\\\/image\\\/\",\"url\":\"https:\\\/\\\/redkarawana.com\\\/wp-content\\\/uploads\\\/2025\\\/05\\\/cropped-Screenshot-2025-05-29-at-09.27.38.png\",\"contentUrl\":\"https:\\\/\\\/redkarawana.com\\\/wp-content\\\/uploads\\\/2025\\\/05\\\/cropped-Screenshot-2025-05-29-at-09.27.38.png\",\"width\":512,\"height\":512,\"caption\":\"Red Karawana\"},\"image\":{\"@id\":\"https:\\\/\\\/redkarawana.com\\\/#\\\/schema\\\/logo\\\/image\\\/\"},\"sameAs\":[\"https:\\\/\\\/www.facebook.com\\\/redkarawana\\\/\",\"https:\\\/\\\/www.instagram.com\\\/redkarawana\\\/\",\"https:\\\/\\\/www.youtube.com\\\/channel\\\/UCU9jXzSmyKm4ZZv38FEXGKg\",\"https:\\\/\\\/www.pinterest.com\\\/redkarawana\\\/\"]}]}<\/script>\n<!-- \/ Yoast SEO plugin. -->","yoast_head_json":{"title":"Dodo Sculptures en Bois, \u00cele Maurice - Artistique - Red Karawana","description":"Dodo sculptures en bois sont peints de beau motifs. Le Dodo est c\u00e9l\u00e9br\u00e9 dans de nombreuses formes d'art, y compris par des sculptures en bois.","robots":{"index":"index","follow":"follow","max-snippet":"max-snippet:-1","max-image-preview":"max-image-preview:large","max-video-preview":"max-video-preview:-1"},"canonical":"https:\/\/redkarawana.com\/fr\/artisan\/dodo-sculptures-maurice\/","og_locale":"fr_FR","og_type":"article","og_title":"Dodo Sculptures en Bois, \u00cele Maurice - Artistique - Red Karawana","og_description":"Dodo sculptures en bois sont peints de beau motifs. Le Dodo est c\u00e9l\u00e9br\u00e9 dans de nombreuses formes d'art, y compris par des sculptures en bois.","og_url":"https:\/\/redkarawana.com\/fr\/artisan\/dodo-sculptures-maurice\/","og_site_name":"Red Karawana","article_publisher":"https:\/\/www.facebook.com\/redkarawana\/","article_modified_time":"2025-12-07T06:57:08+00:00","og_image":[{"width":1200,"height":630,"url":"https:\/\/redkarawana.com\/wp-content\/uploads\/2024\/05\/1-ABP-F-1200x630-Mauritius-Dodo-Sculptures.jpg","type":"image\/jpeg"}],"twitter_card":"summary_large_image","twitter_misc":{"Dur\u00e9e de lecture estim\u00e9e":"1 minute"},"schema":{"@context":"https:\/\/schema.org","@graph":[{"@type":"WebPage","@id":"https:\/\/redkarawana.com\/fr\/artisan\/dodo-sculptures-maurice\/","url":"https:\/\/redkarawana.com\/fr\/artisan\/dodo-sculptures-maurice\/","name":"Dodo Sculptures en Bois, \u00cele Maurice - Artistique - Red Karawana","isPartOf":{"@id":"https:\/\/redkarawana.com\/#website"},"primaryImageOfPage":{"@id":"https:\/\/redkarawana.com\/fr\/artisan\/dodo-sculptures-maurice\/#primaryimage"},"image":{"@id":"https:\/\/redkarawana.com\/fr\/artisan\/dodo-sculptures-maurice\/#primaryimage"},"thumbnailUrl":"https:\/\/redkarawana.com\/wp-content\/uploads\/2024\/05\/1-SP-Mauritius-Dodo-Sculptures.jpg","datePublished":"2025-11-29T22:40:58+00:00","dateModified":"2025-12-07T06:57:08+00:00","description":"Dodo sculptures en bois sont peints de beau motifs. Le Dodo est c\u00e9l\u00e9br\u00e9 dans de nombreuses formes d'art, y compris par des sculptures en bois.","breadcrumb":{"@id":"https:\/\/redkarawana.com\/fr\/artisan\/dodo-sculptures-maurice\/#breadcrumb"},"inLanguage":"fr-FR","potentialAction":[{"@type":"ReadAction","target":["https:\/\/redkarawana.com\/fr\/artisan\/dodo-sculptures-maurice\/"]}]},{"@type":"ImageObject","inLanguage":"fr-FR","@id":"https:\/\/redkarawana.com\/fr\/artisan\/dodo-sculptures-maurice\/#primaryimage","url":"https:\/\/redkarawana.com\/wp-content\/uploads\/2024\/05\/1-SP-Mauritius-Dodo-Sculptures.jpg","contentUrl":"https:\/\/redkarawana.com\/wp-content\/uploads\/2024\/05\/1-SP-Mauritius-Dodo-Sculptures.jpg","width":680,"height":453,"caption":"\u00cele Maurice, Dodo Sculptures en Bois"},{"@type":"BreadcrumbList","@id":"https:\/\/redkarawana.com\/fr\/artisan\/dodo-sculptures-maurice\/#breadcrumb","itemListElement":[{"@type":"ListItem","position":1,"name":"Home","item":"https:\/\/redkarawana.com\/fr\/"},{"@type":"ListItem","position":2,"name":"Artisans","item":"https:\/\/redkarawana.com\/fr\/artisans\/"},{"@type":"ListItem","position":3,"name":"Dodo, \u00cele Maurice ; Sculptures en Bois D\u00e9cor\u00e9es de Couleurs Lumineuses"}]},{"@type":"WebSite","@id":"https:\/\/redkarawana.com\/#website","url":"https:\/\/redkarawana.com\/","name":"Red Karawana","description":"","publisher":{"@id":"https:\/\/redkarawana.com\/#organization"},"potentialAction":[{"@type":"SearchAction","target":{"@type":"EntryPoint","urlTemplate":"https:\/\/redkarawana.com\/?s={search_term_string}"},"query-input":{"@type":"PropertyValueSpecification","valueRequired":true,"valueName":"search_term_string"}}],"inLanguage":"fr-FR"},{"@type":"Organization","@id":"https:\/\/redkarawana.com\/#organization","name":"Red Karawana","url":"https:\/\/redkarawana.com\/","logo":{"@type":"ImageObject","inLanguage":"fr-FR","@id":"https:\/\/redkarawana.com\/#\/schema\/logo\/image\/","url":"https:\/\/redkarawana.com\/wp-content\/uploads\/2025\/05\/cropped-Screenshot-2025-05-29-at-09.27.38.png","contentUrl":"https:\/\/redkarawana.com\/wp-content\/uploads\/2025\/05\/cropped-Screenshot-2025-05-29-at-09.27.38.png","width":512,"height":512,"caption":"Red Karawana"},"image":{"@id":"https:\/\/redkarawana.com\/#\/schema\/logo\/image\/"},"sameAs":["https:\/\/www.facebook.com\/redkarawana\/","https:\/\/www.instagram.com\/redkarawana\/","https:\/\/www.youtube.com\/channel\/UCU9jXzSmyKm4ZZv38FEXGKg","https:\/\/www.pinterest.com\/redkarawana\/"]}]}},"_links":{"self":[{"href":"https:\/\/redkarawana.com\/fr\/wp-json\/wp\/v2\/product\/3875","targetHints":{"allow":["GET"]}}],"collection":[{"href":"https:\/\/redkarawana.com\/fr\/wp-json\/wp\/v2\/product"}],"about":[{"href":"https:\/\/redkarawana.com\/fr\/wp-json\/wp\/v2\/types\/product"}],"wp:featuredmedia":[{"embeddable":true,"href":"https:\/\/redkarawana.com\/fr\/wp-json\/wp\/v2\/media\/3835"}],"wp:attachment":[{"href":"https:\/\/redkarawana.com\/fr\/wp-json\/wp\/v2\/media?parent=3875"}],"wp:term":[{"taxonomy":"product_brand","embeddable":true,"href":"https:\/\/redkarawana.com\/fr\/wp-json\/wp\/v2\/product_brand?post=3875"},{"taxonomy":"product_cat","embeddable":true,"href":"https:\/\/redkarawana.com\/fr\/wp-json\/wp\/v2\/product_cat?post=3875"},{"taxonomy":"product_tag","embeddable":true,"href":"https:\/\/redkarawana.com\/fr\/wp-json\/wp\/v2\/product_tag?post=3875"}],"curies":[{"name":"wp","href":"https:\/\/api.w.org\/{rel}","templated":true}]}}