{"id":3880,"date":"2025-11-29T22:50:13","date_gmt":"2025-11-29T22:50:13","guid":{"rendered":"https:\/\/redkarawana.com\/?post_type=product&#038;p=3880"},"modified":"2024-05-13T18:15:37","modified_gmt":"2024-05-13T18:15:37","slug":"couverture-orange-baby-alpaga-perou","status":"publish","type":"product","link":"https:\/\/redkarawana.com\/fr\/artisan\/couverture-orange-baby-alpaga-perou\/","title":{"rendered":"Couverture Orange Baby Alpaga, P\u00e9rou; Luxeuuse, Motifs du P\u00e9rou"},"content":{"rendered":"<p>\u00c0 travers les montagnes majestueuses, les ruines Inca, les charmants villages et les terrasses fertiles, les artistes p\u00e9ruviens utilisent des fibres naturelles et des th\u00e8mes locaux pour cr\u00e9er des produits uniques.\u00a0 Les montagnes andines servent d&rsquo;habitat indig\u00e8ne aux Alpagas, qui produisent une fibre de laine naturelle luxueuse.\u00a0 Cette couverture en baby alpaga est tr\u00e8s chaude, d&rsquo;une texture extr\u00eamement soyeuse et d&rsquo;une douceur toute naturelle.\u00a0 Les motifs p\u00e9ruviens originaux compl\u00e8tent uniquement cette couverture orange et jaune. Le fil orange servant de bordure accentue \u00e9l\u00e9gamment cette belle pi\u00e8ce.\u00a0 Mesures : 1 couverture orange en Alpaga (hauteur 47 pouces, largeur 60 pouces).<\/p>\n","protected":false},"excerpt":{"rendered":"<p>\u00c0 travers les montagnes majestueuses, les ruines Inca, les charmants villages et les terrasses fertiles, les artistes p\u00e9ruviens utilisent des fibres naturelles et des th\u00e8mes locaux pour cr\u00e9er des produits uniques.\u00a0 Les montagnes andines servent d&rsquo;habitat indig\u00e8ne aux Alpagas, qui produisent une fibre de laine naturelle luxueuse.\u00a0 Cette couverture en baby alpaga est tr\u00e8s chaude, [&hellip;]<\/p>\n","protected":false},"featured_media":3860,"template":"","meta":{"_acf_changed":false},"product_brand":[],"product_cat":[51],"product_tag":[],"class_list":{"0":"post-3880","1":"product","2":"type-product","3":"status-publish","4":"has-post-thumbnail","6":"product_cat-eclectique","8":"first","9":"instock","10":"sold-individually","11":"taxable","12":"shipping-taxable","13":"purchasable","14":"product-type-simple"},"acf":[],"yoast_head":"<!-- This site is optimized with the Yoast SEO plugin v27.3 - https:\/\/yoast.com\/product\/yoast-seo-wordpress\/ -->\n<title>Couverture Orange Baby Alpaga, P\u00e9rou - \u00c9clectique - Red Karawana<\/title>\n<meta name=\"description\" content=\"Cette couverture orange baby Alpaga montre les motifs p\u00e9ruviens originaux et est chaude, d&#039;une texture soyeuse et d&#039;une douceur naturelle.\" \/>\n<meta name=\"robots\" content=\"index, follow, max-snippet:-1, max-image-preview:large, max-video-preview:-1\" \/>\n<link rel=\"canonical\" href=\"https:\/\/redkarawana.com\/fr\/artisan\/couverture-orange-baby-alpaga-perou\/\" \/>\n<meta property=\"og:locale\" content=\"fr_FR\" \/>\n<meta property=\"og:type\" content=\"article\" \/>\n<meta property=\"og:title\" content=\"Couverture Orange Baby Alpaga, P\u00e9rou - \u00c9clectique - Red Karawana\" \/>\n<meta property=\"og:description\" content=\"Cette couverture orange baby Alpaga montre les motifs p\u00e9ruviens originaux et est chaude, d&#039;une texture soyeuse et d&#039;une douceur naturelle.\" \/>\n<meta property=\"og:url\" content=\"https:\/\/redkarawana.com\/fr\/artisan\/couverture-orange-baby-alpaga-perou\/\" \/>\n<meta property=\"og:site_name\" content=\"Red Karawana\" \/>\n<meta property=\"article:publisher\" content=\"https:\/\/www.facebook.com\/redkarawana\/\" \/>\n<meta property=\"og:image\" content=\"https:\/\/redkarawana.com\/wp-content\/uploads\/2024\/05\/1-AAP-F1200x630-Peru-Orange-Baby-Alpaca-Blanket.jpg\" \/>\n\t<meta property=\"og:image:width\" content=\"1200\" \/>\n\t<meta property=\"og:image:height\" content=\"630\" \/>\n\t<meta property=\"og:image:type\" content=\"image\/jpeg\" \/>\n<meta name=\"twitter:card\" content=\"summary_large_image\" \/>\n<meta name=\"twitter:label1\" content=\"Dur\u00e9e de lecture estim\u00e9e\" \/>\n\t<meta name=\"twitter:data1\" content=\"1 minute\" \/>\n<script type=\"application\/ld+json\" class=\"yoast-schema-graph\">{\"@context\":\"https:\\\/\\\/schema.org\",\"@graph\":[{\"@type\":\"WebPage\",\"@id\":\"https:\\\/\\\/redkarawana.com\\\/fr\\\/artisan\\\/couverture-orange-baby-alpaga-perou\\\/\",\"url\":\"https:\\\/\\\/redkarawana.com\\\/fr\\\/artisan\\\/couverture-orange-baby-alpaga-perou\\\/\",\"name\":\"Couverture Orange Baby Alpaga, P\u00e9rou - \u00c9clectique - Red Karawana\",\"isPartOf\":{\"@id\":\"https:\\\/\\\/redkarawana.com\\\/#website\"},\"primaryImageOfPage\":{\"@id\":\"https:\\\/\\\/redkarawana.com\\\/fr\\\/artisan\\\/couverture-orange-baby-alpaga-perou\\\/#primaryimage\"},\"image\":{\"@id\":\"https:\\\/\\\/redkarawana.com\\\/fr\\\/artisan\\\/couverture-orange-baby-alpaga-perou\\\/#primaryimage\"},\"thumbnailUrl\":\"https:\\\/\\\/redkarawana.com\\\/wp-content\\\/uploads\\\/2024\\\/05\\\/1-SP-Peru-Orange-Baby-Alpaca-Blanket.jpg\",\"datePublished\":\"2025-11-29T22:50:13+00:00\",\"description\":\"Cette couverture orange baby Alpaga montre les motifs p\u00e9ruviens originaux et est chaude, d'une texture soyeuse et d'une douceur naturelle.\",\"breadcrumb\":{\"@id\":\"https:\\\/\\\/redkarawana.com\\\/fr\\\/artisan\\\/couverture-orange-baby-alpaga-perou\\\/#breadcrumb\"},\"inLanguage\":\"fr-FR\",\"potentialAction\":[{\"@type\":\"ReadAction\",\"target\":[\"https:\\\/\\\/redkarawana.com\\\/fr\\\/artisan\\\/couverture-orange-baby-alpaga-perou\\\/\"]}]},{\"@type\":\"ImageObject\",\"inLanguage\":\"fr-FR\",\"@id\":\"https:\\\/\\\/redkarawana.com\\\/fr\\\/artisan\\\/couverture-orange-baby-alpaga-perou\\\/#primaryimage\",\"url\":\"https:\\\/\\\/redkarawana.com\\\/wp-content\\\/uploads\\\/2024\\\/05\\\/1-SP-Peru-Orange-Baby-Alpaca-Blanket.jpg\",\"contentUrl\":\"https:\\\/\\\/redkarawana.com\\\/wp-content\\\/uploads\\\/2024\\\/05\\\/1-SP-Peru-Orange-Baby-Alpaca-Blanket.jpg\",\"width\":680,\"height\":453,\"caption\":\"P\u00e9rou, Couverture Orange Baby Alpaga\"},{\"@type\":\"BreadcrumbList\",\"@id\":\"https:\\\/\\\/redkarawana.com\\\/fr\\\/artisan\\\/couverture-orange-baby-alpaga-perou\\\/#breadcrumb\",\"itemListElement\":[{\"@type\":\"ListItem\",\"position\":1,\"name\":\"Home\",\"item\":\"https:\\\/\\\/redkarawana.com\\\/fr\\\/\"},{\"@type\":\"ListItem\",\"position\":2,\"name\":\"Artisans\",\"item\":\"https:\\\/\\\/redkarawana.com\\\/fr\\\/artisans\\\/\"},{\"@type\":\"ListItem\",\"position\":3,\"name\":\"Couverture Orange Baby Alpaga, P\u00e9rou; Luxeuuse, Motifs du P\u00e9rou\"}]},{\"@type\":\"WebSite\",\"@id\":\"https:\\\/\\\/redkarawana.com\\\/#website\",\"url\":\"https:\\\/\\\/redkarawana.com\\\/\",\"name\":\"Red Karawana\",\"description\":\"\",\"publisher\":{\"@id\":\"https:\\\/\\\/redkarawana.com\\\/#organization\"},\"potentialAction\":[{\"@type\":\"SearchAction\",\"target\":{\"@type\":\"EntryPoint\",\"urlTemplate\":\"https:\\\/\\\/redkarawana.com\\\/?s={search_term_string}\"},\"query-input\":{\"@type\":\"PropertyValueSpecification\",\"valueRequired\":true,\"valueName\":\"search_term_string\"}}],\"inLanguage\":\"fr-FR\"},{\"@type\":\"Organization\",\"@id\":\"https:\\\/\\\/redkarawana.com\\\/#organization\",\"name\":\"Red Karawana\",\"url\":\"https:\\\/\\\/redkarawana.com\\\/\",\"logo\":{\"@type\":\"ImageObject\",\"inLanguage\":\"fr-FR\",\"@id\":\"https:\\\/\\\/redkarawana.com\\\/#\\\/schema\\\/logo\\\/image\\\/\",\"url\":\"https:\\\/\\\/redkarawana.com\\\/wp-content\\\/uploads\\\/2025\\\/05\\\/cropped-Screenshot-2025-05-29-at-09.27.38.png\",\"contentUrl\":\"https:\\\/\\\/redkarawana.com\\\/wp-content\\\/uploads\\\/2025\\\/05\\\/cropped-Screenshot-2025-05-29-at-09.27.38.png\",\"width\":512,\"height\":512,\"caption\":\"Red Karawana\"},\"image\":{\"@id\":\"https:\\\/\\\/redkarawana.com\\\/#\\\/schema\\\/logo\\\/image\\\/\"},\"sameAs\":[\"https:\\\/\\\/www.facebook.com\\\/redkarawana\\\/\",\"https:\\\/\\\/www.instagram.com\\\/redkarawana\\\/\",\"https:\\\/\\\/www.youtube.com\\\/channel\\\/UCU9jXzSmyKm4ZZv38FEXGKg\",\"https:\\\/\\\/www.pinterest.com\\\/redkarawana\\\/\"]}]}<\/script>\n<!-- \/ Yoast SEO plugin. -->","yoast_head_json":{"title":"Couverture Orange Baby Alpaga, P\u00e9rou - \u00c9clectique - Red Karawana","description":"Cette couverture orange baby Alpaga montre les motifs p\u00e9ruviens originaux et est chaude, d'une texture soyeuse et d'une douceur naturelle.","robots":{"index":"index","follow":"follow","max-snippet":"max-snippet:-1","max-image-preview":"max-image-preview:large","max-video-preview":"max-video-preview:-1"},"canonical":"https:\/\/redkarawana.com\/fr\/artisan\/couverture-orange-baby-alpaga-perou\/","og_locale":"fr_FR","og_type":"article","og_title":"Couverture Orange Baby Alpaga, P\u00e9rou - \u00c9clectique - Red Karawana","og_description":"Cette couverture orange baby Alpaga montre les motifs p\u00e9ruviens originaux et est chaude, d'une texture soyeuse et d'une douceur naturelle.","og_url":"https:\/\/redkarawana.com\/fr\/artisan\/couverture-orange-baby-alpaga-perou\/","og_site_name":"Red Karawana","article_publisher":"https:\/\/www.facebook.com\/redkarawana\/","og_image":[{"width":1200,"height":630,"url":"https:\/\/redkarawana.com\/wp-content\/uploads\/2024\/05\/1-AAP-F1200x630-Peru-Orange-Baby-Alpaca-Blanket.jpg","type":"image\/jpeg"}],"twitter_card":"summary_large_image","twitter_misc":{"Dur\u00e9e de lecture estim\u00e9e":"1 minute"},"schema":{"@context":"https:\/\/schema.org","@graph":[{"@type":"WebPage","@id":"https:\/\/redkarawana.com\/fr\/artisan\/couverture-orange-baby-alpaga-perou\/","url":"https:\/\/redkarawana.com\/fr\/artisan\/couverture-orange-baby-alpaga-perou\/","name":"Couverture Orange Baby Alpaga, P\u00e9rou - \u00c9clectique - Red Karawana","isPartOf":{"@id":"https:\/\/redkarawana.com\/#website"},"primaryImageOfPage":{"@id":"https:\/\/redkarawana.com\/fr\/artisan\/couverture-orange-baby-alpaga-perou\/#primaryimage"},"image":{"@id":"https:\/\/redkarawana.com\/fr\/artisan\/couverture-orange-baby-alpaga-perou\/#primaryimage"},"thumbnailUrl":"https:\/\/redkarawana.com\/wp-content\/uploads\/2024\/05\/1-SP-Peru-Orange-Baby-Alpaca-Blanket.jpg","datePublished":"2025-11-29T22:50:13+00:00","description":"Cette couverture orange baby Alpaga montre les motifs p\u00e9ruviens originaux et est chaude, d'une texture soyeuse et d'une douceur naturelle.","breadcrumb":{"@id":"https:\/\/redkarawana.com\/fr\/artisan\/couverture-orange-baby-alpaga-perou\/#breadcrumb"},"inLanguage":"fr-FR","potentialAction":[{"@type":"ReadAction","target":["https:\/\/redkarawana.com\/fr\/artisan\/couverture-orange-baby-alpaga-perou\/"]}]},{"@type":"ImageObject","inLanguage":"fr-FR","@id":"https:\/\/redkarawana.com\/fr\/artisan\/couverture-orange-baby-alpaga-perou\/#primaryimage","url":"https:\/\/redkarawana.com\/wp-content\/uploads\/2024\/05\/1-SP-Peru-Orange-Baby-Alpaca-Blanket.jpg","contentUrl":"https:\/\/redkarawana.com\/wp-content\/uploads\/2024\/05\/1-SP-Peru-Orange-Baby-Alpaca-Blanket.jpg","width":680,"height":453,"caption":"P\u00e9rou, Couverture Orange Baby Alpaga"},{"@type":"BreadcrumbList","@id":"https:\/\/redkarawana.com\/fr\/artisan\/couverture-orange-baby-alpaga-perou\/#breadcrumb","itemListElement":[{"@type":"ListItem","position":1,"name":"Home","item":"https:\/\/redkarawana.com\/fr\/"},{"@type":"ListItem","position":2,"name":"Artisans","item":"https:\/\/redkarawana.com\/fr\/artisans\/"},{"@type":"ListItem","position":3,"name":"Couverture Orange Baby Alpaga, P\u00e9rou; Luxeuuse, Motifs du P\u00e9rou"}]},{"@type":"WebSite","@id":"https:\/\/redkarawana.com\/#website","url":"https:\/\/redkarawana.com\/","name":"Red Karawana","description":"","publisher":{"@id":"https:\/\/redkarawana.com\/#organization"},"potentialAction":[{"@type":"SearchAction","target":{"@type":"EntryPoint","urlTemplate":"https:\/\/redkarawana.com\/?s={search_term_string}"},"query-input":{"@type":"PropertyValueSpecification","valueRequired":true,"valueName":"search_term_string"}}],"inLanguage":"fr-FR"},{"@type":"Organization","@id":"https:\/\/redkarawana.com\/#organization","name":"Red Karawana","url":"https:\/\/redkarawana.com\/","logo":{"@type":"ImageObject","inLanguage":"fr-FR","@id":"https:\/\/redkarawana.com\/#\/schema\/logo\/image\/","url":"https:\/\/redkarawana.com\/wp-content\/uploads\/2025\/05\/cropped-Screenshot-2025-05-29-at-09.27.38.png","contentUrl":"https:\/\/redkarawana.com\/wp-content\/uploads\/2025\/05\/cropped-Screenshot-2025-05-29-at-09.27.38.png","width":512,"height":512,"caption":"Red Karawana"},"image":{"@id":"https:\/\/redkarawana.com\/#\/schema\/logo\/image\/"},"sameAs":["https:\/\/www.facebook.com\/redkarawana\/","https:\/\/www.instagram.com\/redkarawana\/","https:\/\/www.youtube.com\/channel\/UCU9jXzSmyKm4ZZv38FEXGKg","https:\/\/www.pinterest.com\/redkarawana\/"]}]}},"_links":{"self":[{"href":"https:\/\/redkarawana.com\/fr\/wp-json\/wp\/v2\/product\/3880","targetHints":{"allow":["GET"]}}],"collection":[{"href":"https:\/\/redkarawana.com\/fr\/wp-json\/wp\/v2\/product"}],"about":[{"href":"https:\/\/redkarawana.com\/fr\/wp-json\/wp\/v2\/types\/product"}],"wp:featuredmedia":[{"embeddable":true,"href":"https:\/\/redkarawana.com\/fr\/wp-json\/wp\/v2\/media\/3860"}],"wp:attachment":[{"href":"https:\/\/redkarawana.com\/fr\/wp-json\/wp\/v2\/media?parent=3880"}],"wp:term":[{"taxonomy":"product_brand","embeddable":true,"href":"https:\/\/redkarawana.com\/fr\/wp-json\/wp\/v2\/product_brand?post=3880"},{"taxonomy":"product_cat","embeddable":true,"href":"https:\/\/redkarawana.com\/fr\/wp-json\/wp\/v2\/product_cat?post=3880"},{"taxonomy":"product_tag","embeddable":true,"href":"https:\/\/redkarawana.com\/fr\/wp-json\/wp\/v2\/product_tag?post=3880"}],"curies":[{"name":"wp","href":"https:\/\/api.w.org\/{rel}","templated":true}]}}