{"id":3904,"date":"2025-11-29T23:00:58","date_gmt":"2025-11-29T23:00:58","guid":{"rendered":"https:\/\/redkarawana.com\/?post_type=product&#038;p=3904"},"modified":"2025-12-07T04:30:56","modified_gmt":"2025-12-07T04:30:56","slug":"boules-de-noel-orange-pologne","status":"publish","type":"product","link":"https:\/\/redkarawana.com\/fr\/artisan\/boules-de-noel-orange-pologne\/","title":{"rendered":"Boules de No\u00ebl Oranges Ornementales, Pologne ; Peintes Main, Motif \u00e0 Fleurs"},"content":{"rendered":"<p>En Pologne du sud, les \u00e9tals en bois d\u00e9cor\u00e9s envahissent les centres villes historiques pendant la saison de No\u00ebl.\u00a0 Une promenade dans les all\u00e9es des March\u00e9s de No\u00ebl permet d&rsquo;appr\u00e9cier d&rsquo;innombrables articles artisanaux aux tr\u00e8s belles couleurs accentu\u00e9s de th\u00e8mes traditionnels et modernes.\u00a0 Ces boules oranges de No\u00ebl sont peintes \u00e0 la main et d\u00e9cor\u00e9es d&rsquo;un motif \u00e0 fleurs rouge et or.\u00a0 Ces tr\u00e8s beaux ornements compl\u00e9teront vos d\u00e9corations existantes de Noel.\u00a0 Ensemble : 5 boules oranges de No\u00ebl ornementales (7 pouces \u00bd de diam\u00e8tre).<\/p>\n","protected":false},"excerpt":{"rendered":"<p>En Pologne du sud, les \u00e9tals en bois d\u00e9cor\u00e9s envahissent les centres villes historiques pendant la saison de No\u00ebl.\u00a0 Une promenade dans les all\u00e9es des March\u00e9s de No\u00ebl permet d&rsquo;appr\u00e9cier d&rsquo;innombrables articles artisanaux aux tr\u00e8s belles couleurs accentu\u00e9s de th\u00e8mes traditionnels et modernes.\u00a0 Ces boules oranges de No\u00ebl sont peintes \u00e0 la main et d\u00e9cor\u00e9es [&hellip;]<\/p>\n","protected":false},"featured_media":3889,"template":"","meta":{"_acf_changed":false},"product_brand":[],"product_cat":[49],"product_tag":[],"class_list":{"0":"post-3904","1":"product","2":"type-product","3":"status-publish","4":"has-post-thumbnail","6":"product_cat-decoratif","8":"first","9":"instock","10":"sold-individually","11":"taxable","12":"shipping-taxable","13":"purchasable","14":"product-type-simple"},"acf":[],"yoast_head":"<!-- This site is optimized with the Yoast SEO plugin v27.3 - https:\/\/yoast.com\/product\/yoast-seo-wordpress\/ -->\n<title>Boules de No\u00ebl Ornementales, Pologne - D\u00e9coratif - Red Karawana<\/title>\n<meta name=\"description\" content=\"Ces boules de No\u00ebl ornementales sont peintes \u00e0 la main et d\u00e9cor\u00e9es d&#039;un motif \u00e0 fleurs rouge et or, et compl\u00e9teront vos d\u00e9corations de No\u00ebl.\" \/>\n<meta name=\"robots\" content=\"index, follow, max-snippet:-1, max-image-preview:large, max-video-preview:-1\" \/>\n<link rel=\"canonical\" href=\"https:\/\/redkarawana.com\/fr\/artisan\/boules-de-noel-orange-pologne\/\" \/>\n<meta property=\"og:locale\" content=\"fr_FR\" \/>\n<meta property=\"og:type\" content=\"article\" \/>\n<meta property=\"og:title\" content=\"Boules de No\u00ebl Ornementales, Pologne - D\u00e9coratif - Red Karawana\" \/>\n<meta property=\"og:description\" content=\"Ces boules de No\u00ebl ornementales sont peintes \u00e0 la main et d\u00e9cor\u00e9es d&#039;un motif \u00e0 fleurs rouge et or, et compl\u00e9teront vos d\u00e9corations de No\u00ebl.\" \/>\n<meta property=\"og:url\" content=\"https:\/\/redkarawana.com\/fr\/artisan\/boules-de-noel-orange-pologne\/\" \/>\n<meta property=\"og:site_name\" content=\"Red Karawana\" \/>\n<meta property=\"article:publisher\" content=\"https:\/\/www.facebook.com\/redkarawana\/\" \/>\n<meta property=\"article:modified_time\" content=\"2025-12-07T04:30:56+00:00\" \/>\n<meta property=\"og:image\" content=\"https:\/\/redkarawana.com\/wp-content\/uploads\/2024\/05\/1-AAP-F1200x630-Poland-Orange-Christmas-Ball-Ornaments.jpg\" \/>\n\t<meta property=\"og:image:width\" content=\"1200\" \/>\n\t<meta property=\"og:image:height\" content=\"630\" \/>\n\t<meta property=\"og:image:type\" content=\"image\/jpeg\" \/>\n<meta name=\"twitter:card\" content=\"summary_large_image\" \/>\n<meta name=\"twitter:label1\" content=\"Dur\u00e9e de lecture estim\u00e9e\" \/>\n\t<meta name=\"twitter:data1\" content=\"1 minute\" \/>\n<script type=\"application\/ld+json\" class=\"yoast-schema-graph\">{\"@context\":\"https:\\\/\\\/schema.org\",\"@graph\":[{\"@type\":\"WebPage\",\"@id\":\"https:\\\/\\\/redkarawana.com\\\/fr\\\/artisan\\\/boules-de-noel-orange-pologne\\\/\",\"url\":\"https:\\\/\\\/redkarawana.com\\\/fr\\\/artisan\\\/boules-de-noel-orange-pologne\\\/\",\"name\":\"Boules de No\u00ebl Ornementales, Pologne - D\u00e9coratif - Red Karawana\",\"isPartOf\":{\"@id\":\"https:\\\/\\\/redkarawana.com\\\/#website\"},\"primaryImageOfPage\":{\"@id\":\"https:\\\/\\\/redkarawana.com\\\/fr\\\/artisan\\\/boules-de-noel-orange-pologne\\\/#primaryimage\"},\"image\":{\"@id\":\"https:\\\/\\\/redkarawana.com\\\/fr\\\/artisan\\\/boules-de-noel-orange-pologne\\\/#primaryimage\"},\"thumbnailUrl\":\"https:\\\/\\\/redkarawana.com\\\/wp-content\\\/uploads\\\/2024\\\/05\\\/1-SP-Poland-Orange-Christmas-Ball-Ornaments.jpg\",\"datePublished\":\"2025-11-29T23:00:58+00:00\",\"dateModified\":\"2025-12-07T04:30:56+00:00\",\"description\":\"Ces boules de No\u00ebl ornementales sont peintes \u00e0 la main et d\u00e9cor\u00e9es d'un motif \u00e0 fleurs rouge et or, et compl\u00e9teront vos d\u00e9corations de No\u00ebl.\",\"breadcrumb\":{\"@id\":\"https:\\\/\\\/redkarawana.com\\\/fr\\\/artisan\\\/boules-de-noel-orange-pologne\\\/#breadcrumb\"},\"inLanguage\":\"fr-FR\",\"potentialAction\":[{\"@type\":\"ReadAction\",\"target\":[\"https:\\\/\\\/redkarawana.com\\\/fr\\\/artisan\\\/boules-de-noel-orange-pologne\\\/\"]}]},{\"@type\":\"ImageObject\",\"inLanguage\":\"fr-FR\",\"@id\":\"https:\\\/\\\/redkarawana.com\\\/fr\\\/artisan\\\/boules-de-noel-orange-pologne\\\/#primaryimage\",\"url\":\"https:\\\/\\\/redkarawana.com\\\/wp-content\\\/uploads\\\/2024\\\/05\\\/1-SP-Poland-Orange-Christmas-Ball-Ornaments.jpg\",\"contentUrl\":\"https:\\\/\\\/redkarawana.com\\\/wp-content\\\/uploads\\\/2024\\\/05\\\/1-SP-Poland-Orange-Christmas-Ball-Ornaments.jpg\",\"width\":680,\"height\":453,\"caption\":\"Pologne, Boules de No\u00ebl Ornementales\"},{\"@type\":\"BreadcrumbList\",\"@id\":\"https:\\\/\\\/redkarawana.com\\\/fr\\\/artisan\\\/boules-de-noel-orange-pologne\\\/#breadcrumb\",\"itemListElement\":[{\"@type\":\"ListItem\",\"position\":1,\"name\":\"Home\",\"item\":\"https:\\\/\\\/redkarawana.com\\\/fr\\\/\"},{\"@type\":\"ListItem\",\"position\":2,\"name\":\"Artisans\",\"item\":\"https:\\\/\\\/redkarawana.com\\\/fr\\\/artisans\\\/\"},{\"@type\":\"ListItem\",\"position\":3,\"name\":\"Boules de No\u00ebl Oranges Ornementales, Pologne ; Peintes Main, Motif \u00e0 Fleurs\"}]},{\"@type\":\"WebSite\",\"@id\":\"https:\\\/\\\/redkarawana.com\\\/#website\",\"url\":\"https:\\\/\\\/redkarawana.com\\\/\",\"name\":\"Red Karawana\",\"description\":\"\",\"publisher\":{\"@id\":\"https:\\\/\\\/redkarawana.com\\\/#organization\"},\"potentialAction\":[{\"@type\":\"SearchAction\",\"target\":{\"@type\":\"EntryPoint\",\"urlTemplate\":\"https:\\\/\\\/redkarawana.com\\\/?s={search_term_string}\"},\"query-input\":{\"@type\":\"PropertyValueSpecification\",\"valueRequired\":true,\"valueName\":\"search_term_string\"}}],\"inLanguage\":\"fr-FR\"},{\"@type\":\"Organization\",\"@id\":\"https:\\\/\\\/redkarawana.com\\\/#organization\",\"name\":\"Red Karawana\",\"url\":\"https:\\\/\\\/redkarawana.com\\\/\",\"logo\":{\"@type\":\"ImageObject\",\"inLanguage\":\"fr-FR\",\"@id\":\"https:\\\/\\\/redkarawana.com\\\/#\\\/schema\\\/logo\\\/image\\\/\",\"url\":\"https:\\\/\\\/redkarawana.com\\\/wp-content\\\/uploads\\\/2025\\\/05\\\/cropped-Screenshot-2025-05-29-at-09.27.38.png\",\"contentUrl\":\"https:\\\/\\\/redkarawana.com\\\/wp-content\\\/uploads\\\/2025\\\/05\\\/cropped-Screenshot-2025-05-29-at-09.27.38.png\",\"width\":512,\"height\":512,\"caption\":\"Red Karawana\"},\"image\":{\"@id\":\"https:\\\/\\\/redkarawana.com\\\/#\\\/schema\\\/logo\\\/image\\\/\"},\"sameAs\":[\"https:\\\/\\\/www.facebook.com\\\/redkarawana\\\/\",\"https:\\\/\\\/www.instagram.com\\\/redkarawana\\\/\",\"https:\\\/\\\/www.youtube.com\\\/channel\\\/UCU9jXzSmyKm4ZZv38FEXGKg\",\"https:\\\/\\\/www.pinterest.com\\\/redkarawana\\\/\"]}]}<\/script>\n<!-- \/ Yoast SEO plugin. -->","yoast_head_json":{"title":"Boules de No\u00ebl Ornementales, Pologne - D\u00e9coratif - Red Karawana","description":"Ces boules de No\u00ebl ornementales sont peintes \u00e0 la main et d\u00e9cor\u00e9es d'un motif \u00e0 fleurs rouge et or, et compl\u00e9teront vos d\u00e9corations de No\u00ebl.","robots":{"index":"index","follow":"follow","max-snippet":"max-snippet:-1","max-image-preview":"max-image-preview:large","max-video-preview":"max-video-preview:-1"},"canonical":"https:\/\/redkarawana.com\/fr\/artisan\/boules-de-noel-orange-pologne\/","og_locale":"fr_FR","og_type":"article","og_title":"Boules de No\u00ebl Ornementales, Pologne - D\u00e9coratif - Red Karawana","og_description":"Ces boules de No\u00ebl ornementales sont peintes \u00e0 la main et d\u00e9cor\u00e9es d'un motif \u00e0 fleurs rouge et or, et compl\u00e9teront vos d\u00e9corations de No\u00ebl.","og_url":"https:\/\/redkarawana.com\/fr\/artisan\/boules-de-noel-orange-pologne\/","og_site_name":"Red Karawana","article_publisher":"https:\/\/www.facebook.com\/redkarawana\/","article_modified_time":"2025-12-07T04:30:56+00:00","og_image":[{"width":1200,"height":630,"url":"https:\/\/redkarawana.com\/wp-content\/uploads\/2024\/05\/1-AAP-F1200x630-Poland-Orange-Christmas-Ball-Ornaments.jpg","type":"image\/jpeg"}],"twitter_card":"summary_large_image","twitter_misc":{"Dur\u00e9e de lecture estim\u00e9e":"1 minute"},"schema":{"@context":"https:\/\/schema.org","@graph":[{"@type":"WebPage","@id":"https:\/\/redkarawana.com\/fr\/artisan\/boules-de-noel-orange-pologne\/","url":"https:\/\/redkarawana.com\/fr\/artisan\/boules-de-noel-orange-pologne\/","name":"Boules de No\u00ebl Ornementales, Pologne - D\u00e9coratif - Red Karawana","isPartOf":{"@id":"https:\/\/redkarawana.com\/#website"},"primaryImageOfPage":{"@id":"https:\/\/redkarawana.com\/fr\/artisan\/boules-de-noel-orange-pologne\/#primaryimage"},"image":{"@id":"https:\/\/redkarawana.com\/fr\/artisan\/boules-de-noel-orange-pologne\/#primaryimage"},"thumbnailUrl":"https:\/\/redkarawana.com\/wp-content\/uploads\/2024\/05\/1-SP-Poland-Orange-Christmas-Ball-Ornaments.jpg","datePublished":"2025-11-29T23:00:58+00:00","dateModified":"2025-12-07T04:30:56+00:00","description":"Ces boules de No\u00ebl ornementales sont peintes \u00e0 la main et d\u00e9cor\u00e9es d'un motif \u00e0 fleurs rouge et or, et compl\u00e9teront vos d\u00e9corations de No\u00ebl.","breadcrumb":{"@id":"https:\/\/redkarawana.com\/fr\/artisan\/boules-de-noel-orange-pologne\/#breadcrumb"},"inLanguage":"fr-FR","potentialAction":[{"@type":"ReadAction","target":["https:\/\/redkarawana.com\/fr\/artisan\/boules-de-noel-orange-pologne\/"]}]},{"@type":"ImageObject","inLanguage":"fr-FR","@id":"https:\/\/redkarawana.com\/fr\/artisan\/boules-de-noel-orange-pologne\/#primaryimage","url":"https:\/\/redkarawana.com\/wp-content\/uploads\/2024\/05\/1-SP-Poland-Orange-Christmas-Ball-Ornaments.jpg","contentUrl":"https:\/\/redkarawana.com\/wp-content\/uploads\/2024\/05\/1-SP-Poland-Orange-Christmas-Ball-Ornaments.jpg","width":680,"height":453,"caption":"Pologne, Boules de No\u00ebl Ornementales"},{"@type":"BreadcrumbList","@id":"https:\/\/redkarawana.com\/fr\/artisan\/boules-de-noel-orange-pologne\/#breadcrumb","itemListElement":[{"@type":"ListItem","position":1,"name":"Home","item":"https:\/\/redkarawana.com\/fr\/"},{"@type":"ListItem","position":2,"name":"Artisans","item":"https:\/\/redkarawana.com\/fr\/artisans\/"},{"@type":"ListItem","position":3,"name":"Boules de No\u00ebl Oranges Ornementales, Pologne ; Peintes Main, Motif \u00e0 Fleurs"}]},{"@type":"WebSite","@id":"https:\/\/redkarawana.com\/#website","url":"https:\/\/redkarawana.com\/","name":"Red Karawana","description":"","publisher":{"@id":"https:\/\/redkarawana.com\/#organization"},"potentialAction":[{"@type":"SearchAction","target":{"@type":"EntryPoint","urlTemplate":"https:\/\/redkarawana.com\/?s={search_term_string}"},"query-input":{"@type":"PropertyValueSpecification","valueRequired":true,"valueName":"search_term_string"}}],"inLanguage":"fr-FR"},{"@type":"Organization","@id":"https:\/\/redkarawana.com\/#organization","name":"Red Karawana","url":"https:\/\/redkarawana.com\/","logo":{"@type":"ImageObject","inLanguage":"fr-FR","@id":"https:\/\/redkarawana.com\/#\/schema\/logo\/image\/","url":"https:\/\/redkarawana.com\/wp-content\/uploads\/2025\/05\/cropped-Screenshot-2025-05-29-at-09.27.38.png","contentUrl":"https:\/\/redkarawana.com\/wp-content\/uploads\/2025\/05\/cropped-Screenshot-2025-05-29-at-09.27.38.png","width":512,"height":512,"caption":"Red Karawana"},"image":{"@id":"https:\/\/redkarawana.com\/#\/schema\/logo\/image\/"},"sameAs":["https:\/\/www.facebook.com\/redkarawana\/","https:\/\/www.instagram.com\/redkarawana\/","https:\/\/www.youtube.com\/channel\/UCU9jXzSmyKm4ZZv38FEXGKg","https:\/\/www.pinterest.com\/redkarawana\/"]}]}},"_links":{"self":[{"href":"https:\/\/redkarawana.com\/fr\/wp-json\/wp\/v2\/product\/3904","targetHints":{"allow":["GET"]}}],"collection":[{"href":"https:\/\/redkarawana.com\/fr\/wp-json\/wp\/v2\/product"}],"about":[{"href":"https:\/\/redkarawana.com\/fr\/wp-json\/wp\/v2\/types\/product"}],"wp:featuredmedia":[{"embeddable":true,"href":"https:\/\/redkarawana.com\/fr\/wp-json\/wp\/v2\/media\/3889"}],"wp:attachment":[{"href":"https:\/\/redkarawana.com\/fr\/wp-json\/wp\/v2\/media?parent=3904"}],"wp:term":[{"taxonomy":"product_brand","embeddable":true,"href":"https:\/\/redkarawana.com\/fr\/wp-json\/wp\/v2\/product_brand?post=3904"},{"taxonomy":"product_cat","embeddable":true,"href":"https:\/\/redkarawana.com\/fr\/wp-json\/wp\/v2\/product_cat?post=3904"},{"taxonomy":"product_tag","embeddable":true,"href":"https:\/\/redkarawana.com\/fr\/wp-json\/wp\/v2\/product_tag?post=3904"}],"curies":[{"name":"wp","href":"https:\/\/api.w.org\/{rel}","templated":true}]}}