{"id":3928,"date":"2025-11-29T23:10:51","date_gmt":"2025-11-29T23:10:51","guid":{"rendered":"https:\/\/redkarawana.com\/?post_type=product&#038;p=3928"},"modified":"2025-12-07T04:18:16","modified_gmt":"2025-12-07T04:18:16","slug":"bouteille-en-ceramique-broyeur-pologne","status":"publish","type":"product","link":"https:\/\/redkarawana.com\/fr\/artisan\/bouteille-en-ceramique-broyeur-pologne\/","title":{"rendered":"Bouteille en C\u00e9ramique et Broyeur d&rsquo;\u00c9pices, Pologne ; Rouge et Marron"},"content":{"rendered":"<p>Entour\u00e9s par les Monts Tatra, les cabanes de montagne en rondins et les terrains fermiers pittoresques, les artistes polonais cultivent les anciennes traditions de fabrication de poterie.\u00a0 Cette bouteille artisanale en c\u00e9ramique d&rsquo;\u00e9pure classique est \u00e0 moiti\u00e9 vernie en ext\u00e9rieur et pr\u00e9sente un int\u00e9rieur enti\u00e8rement verni d&rsquo;une belle couleur rouge-fonc\u00e9.\u00a0 Le broyeur d&rsquo;\u00e9pices marron en c\u00e9ramique aux motifs d\u00e9coratifs dans un style traditionnel alterne les couleurs marron et cr\u00e8me.\u00a0 Les deux produits sont utilisables pour l&rsquo;alimentation et au lave-vaisselle.\u00a0 Ensemble : 1 bouteille en c\u00e9ramique rouge (hauteur 7 1\/4 pouces, largeur 3 1\/2 pouces), 1 broyeur d&rsquo;\u00e9pices marron (hauteur 3 1\/4 pouces, largeur 4 1\/2 pouces).<\/p>\n","protected":false},"excerpt":{"rendered":"<p>Entour\u00e9s par les Monts Tatra, les cabanes de montagne en rondins et les terrains fermiers pittoresques, les artistes polonais cultivent les anciennes traditions de fabrication de poterie.\u00a0 Cette bouteille artisanale en c\u00e9ramique d&rsquo;\u00e9pure classique est \u00e0 moiti\u00e9 vernie en ext\u00e9rieur et pr\u00e9sente un int\u00e9rieur enti\u00e8rement verni d&rsquo;une belle couleur rouge-fonc\u00e9.\u00a0 Le broyeur d&rsquo;\u00e9pices marron en [&hellip;]<\/p>\n","protected":false},"featured_media":3912,"template":"","meta":{"_acf_changed":false},"product_brand":[],"product_cat":[50],"product_tag":[],"class_list":{"0":"post-3928","1":"product","2":"type-product","3":"status-publish","4":"has-post-thumbnail","6":"product_cat-fonctionnel","8":"first","9":"instock","10":"sold-individually","11":"taxable","12":"shipping-taxable","13":"purchasable","14":"product-type-simple"},"acf":[],"yoast_head":"<!-- This site is optimized with the Yoast SEO plugin v27.3 - https:\/\/yoast.com\/product\/yoast-seo-wordpress\/ -->\n<title>Bouteille Rouge et Broyeur d&#039;\u00c9pices, Pologne - Fonctionnel - Red Karawana<\/title>\n<meta name=\"description\" content=\"La bouteille rouge fabriqu\u00e9e \u00e0 la main montre un ext\u00e9rieur en c\u00e9ramique. Le Broyeur d&#039;\u00c9pices alterne les couleurs marron et cr\u00e8me.\" \/>\n<meta name=\"robots\" content=\"index, follow, max-snippet:-1, max-image-preview:large, max-video-preview:-1\" \/>\n<link rel=\"canonical\" href=\"https:\/\/redkarawana.com\/fr\/artisan\/bouteille-en-ceramique-broyeur-pologne\/\" \/>\n<meta property=\"og:locale\" content=\"fr_FR\" \/>\n<meta property=\"og:type\" content=\"article\" \/>\n<meta property=\"og:title\" content=\"Bouteille Rouge et Broyeur d&#039;\u00c9pices, Pologne - Fonctionnel - Red Karawana\" \/>\n<meta property=\"og:description\" content=\"La bouteille rouge fabriqu\u00e9e \u00e0 la main montre un ext\u00e9rieur en c\u00e9ramique. Le Broyeur d&#039;\u00c9pices alterne les couleurs marron et cr\u00e8me.\" \/>\n<meta property=\"og:url\" content=\"https:\/\/redkarawana.com\/fr\/artisan\/bouteille-en-ceramique-broyeur-pologne\/\" \/>\n<meta property=\"og:site_name\" content=\"Red Karawana\" \/>\n<meta property=\"article:publisher\" content=\"https:\/\/www.facebook.com\/redkarawana\/\" \/>\n<meta property=\"article:modified_time\" content=\"2025-12-07T04:18:16+00:00\" \/>\n<meta property=\"og:image\" content=\"https:\/\/redkarawana.com\/wp-content\/uploads\/2024\/05\/1-AAP-F1200x630-Poland-Red-and-Brown-Ceramics-Red-Ceramic-Bottle.jpg\" \/>\n\t<meta property=\"og:image:width\" content=\"1200\" \/>\n\t<meta property=\"og:image:height\" content=\"630\" \/>\n\t<meta property=\"og:image:type\" content=\"image\/jpeg\" \/>\n<meta name=\"twitter:card\" content=\"summary_large_image\" \/>\n<meta name=\"twitter:label1\" content=\"Dur\u00e9e de lecture estim\u00e9e\" \/>\n\t<meta name=\"twitter:data1\" content=\"1 minute\" \/>\n<script type=\"application\/ld+json\" class=\"yoast-schema-graph\">{\"@context\":\"https:\\\/\\\/schema.org\",\"@graph\":[{\"@type\":\"WebPage\",\"@id\":\"https:\\\/\\\/redkarawana.com\\\/fr\\\/artisan\\\/bouteille-en-ceramique-broyeur-pologne\\\/\",\"url\":\"https:\\\/\\\/redkarawana.com\\\/fr\\\/artisan\\\/bouteille-en-ceramique-broyeur-pologne\\\/\",\"name\":\"Bouteille Rouge et Broyeur d'\u00c9pices, Pologne - Fonctionnel - Red Karawana\",\"isPartOf\":{\"@id\":\"https:\\\/\\\/redkarawana.com\\\/#website\"},\"primaryImageOfPage\":{\"@id\":\"https:\\\/\\\/redkarawana.com\\\/fr\\\/artisan\\\/bouteille-en-ceramique-broyeur-pologne\\\/#primaryimage\"},\"image\":{\"@id\":\"https:\\\/\\\/redkarawana.com\\\/fr\\\/artisan\\\/bouteille-en-ceramique-broyeur-pologne\\\/#primaryimage\"},\"thumbnailUrl\":\"https:\\\/\\\/redkarawana.com\\\/wp-content\\\/uploads\\\/2024\\\/05\\\/1-SP-Poland-Red-and-Brown-Ceramics-Ceramic-Bottle.jpg\",\"datePublished\":\"2025-11-29T23:10:51+00:00\",\"dateModified\":\"2025-12-07T04:18:16+00:00\",\"description\":\"La bouteille rouge fabriqu\u00e9e \u00e0 la main montre un ext\u00e9rieur en c\u00e9ramique. Le Broyeur d'\u00c9pices alterne les couleurs marron et cr\u00e8me.\",\"breadcrumb\":{\"@id\":\"https:\\\/\\\/redkarawana.com\\\/fr\\\/artisan\\\/bouteille-en-ceramique-broyeur-pologne\\\/#breadcrumb\"},\"inLanguage\":\"fr-FR\",\"potentialAction\":[{\"@type\":\"ReadAction\",\"target\":[\"https:\\\/\\\/redkarawana.com\\\/fr\\\/artisan\\\/bouteille-en-ceramique-broyeur-pologne\\\/\"]}]},{\"@type\":\"ImageObject\",\"inLanguage\":\"fr-FR\",\"@id\":\"https:\\\/\\\/redkarawana.com\\\/fr\\\/artisan\\\/bouteille-en-ceramique-broyeur-pologne\\\/#primaryimage\",\"url\":\"https:\\\/\\\/redkarawana.com\\\/wp-content\\\/uploads\\\/2024\\\/05\\\/1-SP-Poland-Red-and-Brown-Ceramics-Ceramic-Bottle.jpg\",\"contentUrl\":\"https:\\\/\\\/redkarawana.com\\\/wp-content\\\/uploads\\\/2024\\\/05\\\/1-SP-Poland-Red-and-Brown-Ceramics-Ceramic-Bottle.jpg\",\"width\":680,\"height\":453,\"caption\":\"Pologne, C\u00e9ramique Rouge et Marron, Bouteille en C\u00e9ramique Rouge\"},{\"@type\":\"BreadcrumbList\",\"@id\":\"https:\\\/\\\/redkarawana.com\\\/fr\\\/artisan\\\/bouteille-en-ceramique-broyeur-pologne\\\/#breadcrumb\",\"itemListElement\":[{\"@type\":\"ListItem\",\"position\":1,\"name\":\"Home\",\"item\":\"https:\\\/\\\/redkarawana.com\\\/fr\\\/\"},{\"@type\":\"ListItem\",\"position\":2,\"name\":\"Artisans\",\"item\":\"https:\\\/\\\/redkarawana.com\\\/fr\\\/artisans\\\/\"},{\"@type\":\"ListItem\",\"position\":3,\"name\":\"Bouteille en C\u00e9ramique et Broyeur d&#8217;\u00c9pices, Pologne ; Rouge et Marron\"}]},{\"@type\":\"WebSite\",\"@id\":\"https:\\\/\\\/redkarawana.com\\\/#website\",\"url\":\"https:\\\/\\\/redkarawana.com\\\/\",\"name\":\"Red Karawana\",\"description\":\"\",\"publisher\":{\"@id\":\"https:\\\/\\\/redkarawana.com\\\/#organization\"},\"potentialAction\":[{\"@type\":\"SearchAction\",\"target\":{\"@type\":\"EntryPoint\",\"urlTemplate\":\"https:\\\/\\\/redkarawana.com\\\/?s={search_term_string}\"},\"query-input\":{\"@type\":\"PropertyValueSpecification\",\"valueRequired\":true,\"valueName\":\"search_term_string\"}}],\"inLanguage\":\"fr-FR\"},{\"@type\":\"Organization\",\"@id\":\"https:\\\/\\\/redkarawana.com\\\/#organization\",\"name\":\"Red Karawana\",\"url\":\"https:\\\/\\\/redkarawana.com\\\/\",\"logo\":{\"@type\":\"ImageObject\",\"inLanguage\":\"fr-FR\",\"@id\":\"https:\\\/\\\/redkarawana.com\\\/#\\\/schema\\\/logo\\\/image\\\/\",\"url\":\"https:\\\/\\\/redkarawana.com\\\/wp-content\\\/uploads\\\/2025\\\/05\\\/cropped-Screenshot-2025-05-29-at-09.27.38.png\",\"contentUrl\":\"https:\\\/\\\/redkarawana.com\\\/wp-content\\\/uploads\\\/2025\\\/05\\\/cropped-Screenshot-2025-05-29-at-09.27.38.png\",\"width\":512,\"height\":512,\"caption\":\"Red Karawana\"},\"image\":{\"@id\":\"https:\\\/\\\/redkarawana.com\\\/#\\\/schema\\\/logo\\\/image\\\/\"},\"sameAs\":[\"https:\\\/\\\/www.facebook.com\\\/redkarawana\\\/\",\"https:\\\/\\\/www.instagram.com\\\/redkarawana\\\/\",\"https:\\\/\\\/www.youtube.com\\\/channel\\\/UCU9jXzSmyKm4ZZv38FEXGKg\",\"https:\\\/\\\/www.pinterest.com\\\/redkarawana\\\/\"]}]}<\/script>\n<!-- \/ Yoast SEO plugin. -->","yoast_head_json":{"title":"Bouteille Rouge et Broyeur d'\u00c9pices, Pologne - Fonctionnel - Red Karawana","description":"La bouteille rouge fabriqu\u00e9e \u00e0 la main montre un ext\u00e9rieur en c\u00e9ramique. Le Broyeur d'\u00c9pices alterne les couleurs marron et cr\u00e8me.","robots":{"index":"index","follow":"follow","max-snippet":"max-snippet:-1","max-image-preview":"max-image-preview:large","max-video-preview":"max-video-preview:-1"},"canonical":"https:\/\/redkarawana.com\/fr\/artisan\/bouteille-en-ceramique-broyeur-pologne\/","og_locale":"fr_FR","og_type":"article","og_title":"Bouteille Rouge et Broyeur d'\u00c9pices, Pologne - Fonctionnel - Red Karawana","og_description":"La bouteille rouge fabriqu\u00e9e \u00e0 la main montre un ext\u00e9rieur en c\u00e9ramique. Le Broyeur d'\u00c9pices alterne les couleurs marron et cr\u00e8me.","og_url":"https:\/\/redkarawana.com\/fr\/artisan\/bouteille-en-ceramique-broyeur-pologne\/","og_site_name":"Red Karawana","article_publisher":"https:\/\/www.facebook.com\/redkarawana\/","article_modified_time":"2025-12-07T04:18:16+00:00","og_image":[{"width":1200,"height":630,"url":"https:\/\/redkarawana.com\/wp-content\/uploads\/2024\/05\/1-AAP-F1200x630-Poland-Red-and-Brown-Ceramics-Red-Ceramic-Bottle.jpg","type":"image\/jpeg"}],"twitter_card":"summary_large_image","twitter_misc":{"Dur\u00e9e de lecture estim\u00e9e":"1 minute"},"schema":{"@context":"https:\/\/schema.org","@graph":[{"@type":"WebPage","@id":"https:\/\/redkarawana.com\/fr\/artisan\/bouteille-en-ceramique-broyeur-pologne\/","url":"https:\/\/redkarawana.com\/fr\/artisan\/bouteille-en-ceramique-broyeur-pologne\/","name":"Bouteille Rouge et Broyeur d'\u00c9pices, Pologne - Fonctionnel - Red Karawana","isPartOf":{"@id":"https:\/\/redkarawana.com\/#website"},"primaryImageOfPage":{"@id":"https:\/\/redkarawana.com\/fr\/artisan\/bouteille-en-ceramique-broyeur-pologne\/#primaryimage"},"image":{"@id":"https:\/\/redkarawana.com\/fr\/artisan\/bouteille-en-ceramique-broyeur-pologne\/#primaryimage"},"thumbnailUrl":"https:\/\/redkarawana.com\/wp-content\/uploads\/2024\/05\/1-SP-Poland-Red-and-Brown-Ceramics-Ceramic-Bottle.jpg","datePublished":"2025-11-29T23:10:51+00:00","dateModified":"2025-12-07T04:18:16+00:00","description":"La bouteille rouge fabriqu\u00e9e \u00e0 la main montre un ext\u00e9rieur en c\u00e9ramique. Le Broyeur d'\u00c9pices alterne les couleurs marron et cr\u00e8me.","breadcrumb":{"@id":"https:\/\/redkarawana.com\/fr\/artisan\/bouteille-en-ceramique-broyeur-pologne\/#breadcrumb"},"inLanguage":"fr-FR","potentialAction":[{"@type":"ReadAction","target":["https:\/\/redkarawana.com\/fr\/artisan\/bouteille-en-ceramique-broyeur-pologne\/"]}]},{"@type":"ImageObject","inLanguage":"fr-FR","@id":"https:\/\/redkarawana.com\/fr\/artisan\/bouteille-en-ceramique-broyeur-pologne\/#primaryimage","url":"https:\/\/redkarawana.com\/wp-content\/uploads\/2024\/05\/1-SP-Poland-Red-and-Brown-Ceramics-Ceramic-Bottle.jpg","contentUrl":"https:\/\/redkarawana.com\/wp-content\/uploads\/2024\/05\/1-SP-Poland-Red-and-Brown-Ceramics-Ceramic-Bottle.jpg","width":680,"height":453,"caption":"Pologne, C\u00e9ramique Rouge et Marron, Bouteille en C\u00e9ramique Rouge"},{"@type":"BreadcrumbList","@id":"https:\/\/redkarawana.com\/fr\/artisan\/bouteille-en-ceramique-broyeur-pologne\/#breadcrumb","itemListElement":[{"@type":"ListItem","position":1,"name":"Home","item":"https:\/\/redkarawana.com\/fr\/"},{"@type":"ListItem","position":2,"name":"Artisans","item":"https:\/\/redkarawana.com\/fr\/artisans\/"},{"@type":"ListItem","position":3,"name":"Bouteille en C\u00e9ramique et Broyeur d&#8217;\u00c9pices, Pologne ; Rouge et Marron"}]},{"@type":"WebSite","@id":"https:\/\/redkarawana.com\/#website","url":"https:\/\/redkarawana.com\/","name":"Red Karawana","description":"","publisher":{"@id":"https:\/\/redkarawana.com\/#organization"},"potentialAction":[{"@type":"SearchAction","target":{"@type":"EntryPoint","urlTemplate":"https:\/\/redkarawana.com\/?s={search_term_string}"},"query-input":{"@type":"PropertyValueSpecification","valueRequired":true,"valueName":"search_term_string"}}],"inLanguage":"fr-FR"},{"@type":"Organization","@id":"https:\/\/redkarawana.com\/#organization","name":"Red Karawana","url":"https:\/\/redkarawana.com\/","logo":{"@type":"ImageObject","inLanguage":"fr-FR","@id":"https:\/\/redkarawana.com\/#\/schema\/logo\/image\/","url":"https:\/\/redkarawana.com\/wp-content\/uploads\/2025\/05\/cropped-Screenshot-2025-05-29-at-09.27.38.png","contentUrl":"https:\/\/redkarawana.com\/wp-content\/uploads\/2025\/05\/cropped-Screenshot-2025-05-29-at-09.27.38.png","width":512,"height":512,"caption":"Red Karawana"},"image":{"@id":"https:\/\/redkarawana.com\/#\/schema\/logo\/image\/"},"sameAs":["https:\/\/www.facebook.com\/redkarawana\/","https:\/\/www.instagram.com\/redkarawana\/","https:\/\/www.youtube.com\/channel\/UCU9jXzSmyKm4ZZv38FEXGKg","https:\/\/www.pinterest.com\/redkarawana\/"]}]}},"_links":{"self":[{"href":"https:\/\/redkarawana.com\/fr\/wp-json\/wp\/v2\/product\/3928","targetHints":{"allow":["GET"]}}],"collection":[{"href":"https:\/\/redkarawana.com\/fr\/wp-json\/wp\/v2\/product"}],"about":[{"href":"https:\/\/redkarawana.com\/fr\/wp-json\/wp\/v2\/types\/product"}],"wp:featuredmedia":[{"embeddable":true,"href":"https:\/\/redkarawana.com\/fr\/wp-json\/wp\/v2\/media\/3912"}],"wp:attachment":[{"href":"https:\/\/redkarawana.com\/fr\/wp-json\/wp\/v2\/media?parent=3928"}],"wp:term":[{"taxonomy":"product_brand","embeddable":true,"href":"https:\/\/redkarawana.com\/fr\/wp-json\/wp\/v2\/product_brand?post=3928"},{"taxonomy":"product_cat","embeddable":true,"href":"https:\/\/redkarawana.com\/fr\/wp-json\/wp\/v2\/product_cat?post=3928"},{"taxonomy":"product_tag","embeddable":true,"href":"https:\/\/redkarawana.com\/fr\/wp-json\/wp\/v2\/product_tag?post=3928"}],"curies":[{"name":"wp","href":"https:\/\/api.w.org\/{rel}","templated":true}]}}