{"id":3976,"date":"2025-11-29T23:30:37","date_gmt":"2025-11-29T23:30:37","guid":{"rendered":"https:\/\/redkarawana.com\/?post_type=product&#038;p=3976"},"modified":"2024-05-13T20:11:37","modified_gmt":"2024-05-13T20:11:37","slug":"robe-de-plage-eau","status":"publish","type":"product","link":"https:\/\/redkarawana.com\/fr\/artisan\/robe-de-plage-eau\/","title":{"rendered":"Robe de Plage, EAU ; Caftan Artisanal au Motif Floral Accentu\u00e9 de Cristaux"},"content":{"rendered":"<p>Abu Dhabi enchante ses visiteurs avec son atmosph\u00e8re d\u00e9contract\u00e9e, ses belles plages, ses aventures dans le d\u00e9sert et sa magnifique mosqu\u00e9e. Apr\u00e8s avoir visit\u00e9 le complexe de la mosqu\u00e9e Sheikh Zayed, nous partons \u00e0 la d\u00e9couverte de l\u2019artisanat arabe traditionnel. La galerie Al Jaber propose une merveilleuse collection de souvenirs artisanaux, avec ses parfums, ses \u00e9charpes \u00e9l\u00e9gantes, ses caftans traditionnels et ses belles robes. La robe de plage que nous pr\u00e9sentons ici poss\u00e8de un beau motif floral, accentu\u00e9 de cristaux aux multiples couleurs. Mesures : robe de plage (hauteur 36 pouces, largeur 41 pouces).<\/p>\n","protected":false},"excerpt":{"rendered":"<p>Abu Dhabi enchante ses visiteurs avec son atmosph\u00e8re d\u00e9contract\u00e9e, ses belles plages, ses aventures dans le d\u00e9sert et sa magnifique mosqu\u00e9e. Apr\u00e8s avoir visit\u00e9 le complexe de la mosqu\u00e9e Sheikh Zayed, nous partons \u00e0 la d\u00e9couverte de l\u2019artisanat arabe traditionnel. La galerie Al Jaber propose une merveilleuse collection de souvenirs artisanaux, avec ses parfums, ses [&hellip;]<\/p>\n","protected":false},"featured_media":3956,"template":"","meta":{"_acf_changed":false},"product_brand":[],"product_cat":[51],"product_tag":[],"class_list":{"0":"post-3976","1":"product","2":"type-product","3":"status-publish","4":"has-post-thumbnail","6":"product_cat-eclectique","8":"first","9":"instock","10":"sold-individually","11":"taxable","12":"shipping-taxable","13":"purchasable","14":"product-type-simple"},"acf":[],"yoast_head":"<!-- This site is optimized with the Yoast SEO plugin v27.4 - https:\/\/yoast.com\/product\/yoast-seo-wordpress\/ -->\n<title>Robe de Plage \u00e0 Motif Floral, EAU - \u00c9clectique - Red Karawana<\/title>\n<meta name=\"description\" content=\"La Galerie Al Jaber propose les souvenirs artisanaux. La robe de plage poss\u00e8de un beau motif floral, accentu\u00e9 de cristaux de couleurs.\" \/>\n<meta name=\"robots\" content=\"index, follow, max-snippet:-1, max-image-preview:large, max-video-preview:-1\" \/>\n<link rel=\"canonical\" href=\"https:\/\/redkarawana.com\/fr\/artisan\/robe-de-plage-eau\/\" \/>\n<meta property=\"og:locale\" content=\"fr_FR\" \/>\n<meta property=\"og:type\" content=\"article\" \/>\n<meta property=\"og:title\" content=\"Robe de Plage \u00e0 Motif Floral, EAU - \u00c9clectique - Red Karawana\" \/>\n<meta property=\"og:description\" content=\"La Galerie Al Jaber propose les souvenirs artisanaux. La robe de plage poss\u00e8de un beau motif floral, accentu\u00e9 de cristaux de couleurs.\" \/>\n<meta property=\"og:url\" content=\"https:\/\/redkarawana.com\/fr\/artisan\/robe-de-plage-eau\/\" \/>\n<meta property=\"og:site_name\" content=\"Red Karawana\" \/>\n<meta property=\"article:publisher\" content=\"https:\/\/www.facebook.com\/redkarawana\/\" \/>\n<meta property=\"og:image\" content=\"https:\/\/redkarawana.com\/wp-content\/uploads\/2024\/05\/1-AAP-F1200x630-UAE-Beach-Dress.jpg\" \/>\n\t<meta property=\"og:image:width\" content=\"1200\" \/>\n\t<meta property=\"og:image:height\" content=\"630\" \/>\n\t<meta property=\"og:image:type\" content=\"image\/jpeg\" \/>\n<meta name=\"twitter:card\" content=\"summary_large_image\" \/>\n<meta name=\"twitter:label1\" content=\"Dur\u00e9e de lecture estim\u00e9e\" \/>\n\t<meta name=\"twitter:data1\" content=\"1 minute\" \/>\n<script type=\"application\/ld+json\" class=\"yoast-schema-graph\">{\"@context\":\"https:\\\/\\\/schema.org\",\"@graph\":[{\"@type\":\"WebPage\",\"@id\":\"https:\\\/\\\/redkarawana.com\\\/fr\\\/artisan\\\/robe-de-plage-eau\\\/\",\"url\":\"https:\\\/\\\/redkarawana.com\\\/fr\\\/artisan\\\/robe-de-plage-eau\\\/\",\"name\":\"Robe de Plage \u00e0 Motif Floral, EAU - \u00c9clectique - Red Karawana\",\"isPartOf\":{\"@id\":\"https:\\\/\\\/redkarawana.com\\\/#website\"},\"primaryImageOfPage\":{\"@id\":\"https:\\\/\\\/redkarawana.com\\\/fr\\\/artisan\\\/robe-de-plage-eau\\\/#primaryimage\"},\"image\":{\"@id\":\"https:\\\/\\\/redkarawana.com\\\/fr\\\/artisan\\\/robe-de-plage-eau\\\/#primaryimage\"},\"thumbnailUrl\":\"https:\\\/\\\/redkarawana.com\\\/wp-content\\\/uploads\\\/2024\\\/05\\\/1-SP-UAE-Beach-Dress.jpg\",\"datePublished\":\"2025-11-29T23:30:37+00:00\",\"description\":\"La Galerie Al Jaber propose les souvenirs artisanaux. La robe de plage poss\u00e8de un beau motif floral, accentu\u00e9 de cristaux de couleurs.\",\"breadcrumb\":{\"@id\":\"https:\\\/\\\/redkarawana.com\\\/fr\\\/artisan\\\/robe-de-plage-eau\\\/#breadcrumb\"},\"inLanguage\":\"fr-FR\",\"potentialAction\":[{\"@type\":\"ReadAction\",\"target\":[\"https:\\\/\\\/redkarawana.com\\\/fr\\\/artisan\\\/robe-de-plage-eau\\\/\"]}]},{\"@type\":\"ImageObject\",\"inLanguage\":\"fr-FR\",\"@id\":\"https:\\\/\\\/redkarawana.com\\\/fr\\\/artisan\\\/robe-de-plage-eau\\\/#primaryimage\",\"url\":\"https:\\\/\\\/redkarawana.com\\\/wp-content\\\/uploads\\\/2024\\\/05\\\/1-SP-UAE-Beach-Dress.jpg\",\"contentUrl\":\"https:\\\/\\\/redkarawana.com\\\/wp-content\\\/uploads\\\/2024\\\/05\\\/1-SP-UAE-Beach-Dress.jpg\",\"width\":680,\"height\":453,\"caption\":\"EAU, Robe de Plage\"},{\"@type\":\"BreadcrumbList\",\"@id\":\"https:\\\/\\\/redkarawana.com\\\/fr\\\/artisan\\\/robe-de-plage-eau\\\/#breadcrumb\",\"itemListElement\":[{\"@type\":\"ListItem\",\"position\":1,\"name\":\"Home\",\"item\":\"https:\\\/\\\/redkarawana.com\\\/fr\\\/\"},{\"@type\":\"ListItem\",\"position\":2,\"name\":\"Artisans\",\"item\":\"https:\\\/\\\/redkarawana.com\\\/fr\\\/artisans\\\/\"},{\"@type\":\"ListItem\",\"position\":3,\"name\":\"Robe de Plage, EAU ; Caftan Artisanal au Motif Floral Accentu\u00e9 de Cristaux\"}]},{\"@type\":\"WebSite\",\"@id\":\"https:\\\/\\\/redkarawana.com\\\/#website\",\"url\":\"https:\\\/\\\/redkarawana.com\\\/\",\"name\":\"Red Karawana\",\"description\":\"\",\"publisher\":{\"@id\":\"https:\\\/\\\/redkarawana.com\\\/#organization\"},\"potentialAction\":[{\"@type\":\"SearchAction\",\"target\":{\"@type\":\"EntryPoint\",\"urlTemplate\":\"https:\\\/\\\/redkarawana.com\\\/?s={search_term_string}\"},\"query-input\":{\"@type\":\"PropertyValueSpecification\",\"valueRequired\":true,\"valueName\":\"search_term_string\"}}],\"inLanguage\":\"fr-FR\"},{\"@type\":\"Organization\",\"@id\":\"https:\\\/\\\/redkarawana.com\\\/#organization\",\"name\":\"Red Karawana\",\"url\":\"https:\\\/\\\/redkarawana.com\\\/\",\"logo\":{\"@type\":\"ImageObject\",\"inLanguage\":\"fr-FR\",\"@id\":\"https:\\\/\\\/redkarawana.com\\\/#\\\/schema\\\/logo\\\/image\\\/\",\"url\":\"https:\\\/\\\/redkarawana.com\\\/wp-content\\\/uploads\\\/2025\\\/05\\\/cropped-Screenshot-2025-05-29-at-09.27.38.png\",\"contentUrl\":\"https:\\\/\\\/redkarawana.com\\\/wp-content\\\/uploads\\\/2025\\\/05\\\/cropped-Screenshot-2025-05-29-at-09.27.38.png\",\"width\":512,\"height\":512,\"caption\":\"Red Karawana\"},\"image\":{\"@id\":\"https:\\\/\\\/redkarawana.com\\\/#\\\/schema\\\/logo\\\/image\\\/\"},\"sameAs\":[\"https:\\\/\\\/www.facebook.com\\\/redkarawana\\\/\",\"https:\\\/\\\/www.instagram.com\\\/redkarawana\\\/\",\"https:\\\/\\\/www.youtube.com\\\/channel\\\/UCU9jXzSmyKm4ZZv38FEXGKg\",\"https:\\\/\\\/www.pinterest.com\\\/redkarawana\\\/\"]}]}<\/script>\n<!-- \/ Yoast SEO plugin. -->","yoast_head_json":{"title":"Robe de Plage \u00e0 Motif Floral, EAU - \u00c9clectique - Red Karawana","description":"La Galerie Al Jaber propose les souvenirs artisanaux. La robe de plage poss\u00e8de un beau motif floral, accentu\u00e9 de cristaux de couleurs.","robots":{"index":"index","follow":"follow","max-snippet":"max-snippet:-1","max-image-preview":"max-image-preview:large","max-video-preview":"max-video-preview:-1"},"canonical":"https:\/\/redkarawana.com\/fr\/artisan\/robe-de-plage-eau\/","og_locale":"fr_FR","og_type":"article","og_title":"Robe de Plage \u00e0 Motif Floral, EAU - \u00c9clectique - Red Karawana","og_description":"La Galerie Al Jaber propose les souvenirs artisanaux. La robe de plage poss\u00e8de un beau motif floral, accentu\u00e9 de cristaux de couleurs.","og_url":"https:\/\/redkarawana.com\/fr\/artisan\/robe-de-plage-eau\/","og_site_name":"Red Karawana","article_publisher":"https:\/\/www.facebook.com\/redkarawana\/","og_image":[{"width":1200,"height":630,"url":"https:\/\/redkarawana.com\/wp-content\/uploads\/2024\/05\/1-AAP-F1200x630-UAE-Beach-Dress.jpg","type":"image\/jpeg"}],"twitter_card":"summary_large_image","twitter_misc":{"Dur\u00e9e de lecture estim\u00e9e":"1 minute"},"schema":{"@context":"https:\/\/schema.org","@graph":[{"@type":"WebPage","@id":"https:\/\/redkarawana.com\/fr\/artisan\/robe-de-plage-eau\/","url":"https:\/\/redkarawana.com\/fr\/artisan\/robe-de-plage-eau\/","name":"Robe de Plage \u00e0 Motif Floral, EAU - \u00c9clectique - Red Karawana","isPartOf":{"@id":"https:\/\/redkarawana.com\/#website"},"primaryImageOfPage":{"@id":"https:\/\/redkarawana.com\/fr\/artisan\/robe-de-plage-eau\/#primaryimage"},"image":{"@id":"https:\/\/redkarawana.com\/fr\/artisan\/robe-de-plage-eau\/#primaryimage"},"thumbnailUrl":"https:\/\/redkarawana.com\/wp-content\/uploads\/2024\/05\/1-SP-UAE-Beach-Dress.jpg","datePublished":"2025-11-29T23:30:37+00:00","description":"La Galerie Al Jaber propose les souvenirs artisanaux. La robe de plage poss\u00e8de un beau motif floral, accentu\u00e9 de cristaux de couleurs.","breadcrumb":{"@id":"https:\/\/redkarawana.com\/fr\/artisan\/robe-de-plage-eau\/#breadcrumb"},"inLanguage":"fr-FR","potentialAction":[{"@type":"ReadAction","target":["https:\/\/redkarawana.com\/fr\/artisan\/robe-de-plage-eau\/"]}]},{"@type":"ImageObject","inLanguage":"fr-FR","@id":"https:\/\/redkarawana.com\/fr\/artisan\/robe-de-plage-eau\/#primaryimage","url":"https:\/\/redkarawana.com\/wp-content\/uploads\/2024\/05\/1-SP-UAE-Beach-Dress.jpg","contentUrl":"https:\/\/redkarawana.com\/wp-content\/uploads\/2024\/05\/1-SP-UAE-Beach-Dress.jpg","width":680,"height":453,"caption":"EAU, Robe de Plage"},{"@type":"BreadcrumbList","@id":"https:\/\/redkarawana.com\/fr\/artisan\/robe-de-plage-eau\/#breadcrumb","itemListElement":[{"@type":"ListItem","position":1,"name":"Home","item":"https:\/\/redkarawana.com\/fr\/"},{"@type":"ListItem","position":2,"name":"Artisans","item":"https:\/\/redkarawana.com\/fr\/artisans\/"},{"@type":"ListItem","position":3,"name":"Robe de Plage, EAU ; Caftan Artisanal au Motif Floral Accentu\u00e9 de Cristaux"}]},{"@type":"WebSite","@id":"https:\/\/redkarawana.com\/#website","url":"https:\/\/redkarawana.com\/","name":"Red Karawana","description":"","publisher":{"@id":"https:\/\/redkarawana.com\/#organization"},"potentialAction":[{"@type":"SearchAction","target":{"@type":"EntryPoint","urlTemplate":"https:\/\/redkarawana.com\/?s={search_term_string}"},"query-input":{"@type":"PropertyValueSpecification","valueRequired":true,"valueName":"search_term_string"}}],"inLanguage":"fr-FR"},{"@type":"Organization","@id":"https:\/\/redkarawana.com\/#organization","name":"Red Karawana","url":"https:\/\/redkarawana.com\/","logo":{"@type":"ImageObject","inLanguage":"fr-FR","@id":"https:\/\/redkarawana.com\/#\/schema\/logo\/image\/","url":"https:\/\/redkarawana.com\/wp-content\/uploads\/2025\/05\/cropped-Screenshot-2025-05-29-at-09.27.38.png","contentUrl":"https:\/\/redkarawana.com\/wp-content\/uploads\/2025\/05\/cropped-Screenshot-2025-05-29-at-09.27.38.png","width":512,"height":512,"caption":"Red Karawana"},"image":{"@id":"https:\/\/redkarawana.com\/#\/schema\/logo\/image\/"},"sameAs":["https:\/\/www.facebook.com\/redkarawana\/","https:\/\/www.instagram.com\/redkarawana\/","https:\/\/www.youtube.com\/channel\/UCU9jXzSmyKm4ZZv38FEXGKg","https:\/\/www.pinterest.com\/redkarawana\/"]}]}},"_links":{"self":[{"href":"https:\/\/redkarawana.com\/fr\/wp-json\/wp\/v2\/product\/3976","targetHints":{"allow":["GET"]}}],"collection":[{"href":"https:\/\/redkarawana.com\/fr\/wp-json\/wp\/v2\/product"}],"about":[{"href":"https:\/\/redkarawana.com\/fr\/wp-json\/wp\/v2\/types\/product"}],"wp:featuredmedia":[{"embeddable":true,"href":"https:\/\/redkarawana.com\/fr\/wp-json\/wp\/v2\/media\/3956"}],"wp:attachment":[{"href":"https:\/\/redkarawana.com\/fr\/wp-json\/wp\/v2\/media?parent=3976"}],"wp:term":[{"taxonomy":"product_brand","embeddable":true,"href":"https:\/\/redkarawana.com\/fr\/wp-json\/wp\/v2\/product_brand?post=3976"},{"taxonomy":"product_cat","embeddable":true,"href":"https:\/\/redkarawana.com\/fr\/wp-json\/wp\/v2\/product_cat?post=3976"},{"taxonomy":"product_tag","embeddable":true,"href":"https:\/\/redkarawana.com\/fr\/wp-json\/wp\/v2\/product_tag?post=3976"}],"curies":[{"name":"wp","href":"https:\/\/api.w.org\/{rel}","templated":true}]}}