{"id":4072,"date":"2025-11-30T01:10:03","date_gmt":"2025-11-30T01:10:03","guid":{"rendered":"https:\/\/redkarawana.com\/?post_type=product&#038;p=4072"},"modified":"2025-06-06T21:29:03","modified_gmt":"2025-06-06T21:29:03","slug":"tableau-de-fenetre-lituanie","status":"publish","type":"product","link":"https:\/\/redkarawana.com\/fr\/artisan\/tableau-de-fenetre-lituanie\/","title":{"rendered":"Le Tableau de Fen\u00eatre, Lituanie ; Voir un Espace Tout en Couleur"},"content":{"rendered":"<p>La vieille ville de Vilnius, en Lituanie, offre de nombreux lieux historiques et culturels \u00e0 explorer. Un labyrinthe de rues \u00e9troites r\u00e9v\u00e8le des b\u00e2timents historiques qui abritent des h\u00f4tels haut de gamme, d&rsquo;excellents restaurants et des caf\u00e9s anim\u00e9s. Nous visitons des boutiques, des galeries d&rsquo;art et des ateliers d&rsquo;artistes \u00e0 la recherche d&rsquo;\u0153uvres d&rsquo;art cr\u00e9atives. Nous s\u00e9lectionnons quelques objets et peintures artisanales. The Windows Painting est une peinture \u00e0 l&rsquo;huile r\u00e9alis\u00e9e par un artiste local, repr\u00e9sentant un espace color\u00e9 pr\u00e8s d&rsquo;une fen\u00eatre. Dimensions : Le tableau des fen\u00eatres (hauteur 13 \u00bc pouces (34 cm), largeur 10 \u00bc pouces (26cm)).     <\/p>\n","protected":false},"excerpt":{"rendered":"<p>La vieille ville de Vilnius, en Lituanie, offre de nombreux lieux historiques et culturels \u00e0 explorer. Un labyrinthe de rues \u00e9troites r\u00e9v\u00e8le des b\u00e2timents historiques qui abritent des h\u00f4tels haut de gamme, d&rsquo;excellents restaurants et des caf\u00e9s anim\u00e9s. Nous visitons des boutiques, des galeries d&rsquo;art et des ateliers d&rsquo;artistes \u00e0 la recherche d&rsquo;\u0153uvres d&rsquo;art cr\u00e9atives. [&hellip;]<\/p>\n","protected":false},"featured_media":4056,"template":"","meta":{"_acf_changed":false},"product_brand":[],"product_cat":[48],"product_tag":[],"class_list":{"0":"post-4072","1":"product","2":"type-product","3":"status-publish","4":"has-post-thumbnail","6":"product_cat-artistique","8":"first","9":"instock","10":"sold-individually","11":"taxable","12":"shipping-taxable","13":"purchasable","14":"product-type-simple"},"acf":[],"yoast_head":"<!-- This site is optimized with the Yoast SEO plugin v27.3 - https:\/\/yoast.com\/product\/yoast-seo-wordpress\/ -->\n<title>Tableau de Fen\u00eatre, Lituanie - Artistique - Red Karawana<\/title>\n<meta name=\"description\" content=\"Nous s\u00e9lectionnons quelques objets et tableaux artisanaux. Le tableau des fen\u00eatres est une peinture \u00e0 l&#039;huile r\u00e9alis\u00e9e par un artiste local, repr\u00e9sentant un espace color\u00e9 pr\u00e8s d&#039;une fen\u00eatre.\" \/>\n<meta name=\"robots\" content=\"index, follow, max-snippet:-1, max-image-preview:large, max-video-preview:-1\" \/>\n<link rel=\"canonical\" href=\"https:\/\/redkarawana.com\/fr\/artisan\/tableau-de-fenetre-lituanie\/\" \/>\n<meta property=\"og:locale\" content=\"fr_FR\" \/>\n<meta property=\"og:type\" content=\"article\" \/>\n<meta property=\"og:title\" content=\"Tableau de Fen\u00eatre, Lituanie - Artistique - Red Karawana\" \/>\n<meta property=\"og:description\" content=\"Nous s\u00e9lectionnons quelques objets et tableaux artisanaux. Le tableau des fen\u00eatres est une peinture \u00e0 l&#039;huile r\u00e9alis\u00e9e par un artiste local, repr\u00e9sentant un espace color\u00e9 pr\u00e8s d&#039;une fen\u00eatre.\" \/>\n<meta property=\"og:url\" content=\"https:\/\/redkarawana.com\/fr\/artisan\/tableau-de-fenetre-lituanie\/\" \/>\n<meta property=\"og:site_name\" content=\"Red Karawana\" \/>\n<meta property=\"article:publisher\" content=\"https:\/\/www.facebook.com\/redkarawana\/\" \/>\n<meta property=\"og:image\" content=\"https:\/\/redkarawana.com\/wp-content\/uploads\/2024\/05\/1-AF1200x630-Lithuania-Window-View-Artwork.jpg\" \/>\n\t<meta property=\"og:image:width\" content=\"1200\" \/>\n\t<meta property=\"og:image:height\" content=\"630\" \/>\n\t<meta property=\"og:image:type\" content=\"image\/jpeg\" \/>\n<meta name=\"twitter:card\" content=\"summary_large_image\" \/>\n<meta name=\"twitter:label1\" content=\"Dur\u00e9e de lecture estim\u00e9e\" \/>\n\t<meta name=\"twitter:data1\" content=\"1 minute\" \/>\n<script type=\"application\/ld+json\" class=\"yoast-schema-graph\">{\"@context\":\"https:\\\/\\\/schema.org\",\"@graph\":[{\"@type\":\"WebPage\",\"@id\":\"https:\\\/\\\/redkarawana.com\\\/fr\\\/artisan\\\/tableau-de-fenetre-lituanie\\\/\",\"url\":\"https:\\\/\\\/redkarawana.com\\\/fr\\\/artisan\\\/tableau-de-fenetre-lituanie\\\/\",\"name\":\"Tableau de Fen\u00eatre, Lituanie - Artistique - Red Karawana\",\"isPartOf\":{\"@id\":\"https:\\\/\\\/redkarawana.com\\\/#website\"},\"primaryImageOfPage\":{\"@id\":\"https:\\\/\\\/redkarawana.com\\\/fr\\\/artisan\\\/tableau-de-fenetre-lituanie\\\/#primaryimage\"},\"image\":{\"@id\":\"https:\\\/\\\/redkarawana.com\\\/fr\\\/artisan\\\/tableau-de-fenetre-lituanie\\\/#primaryimage\"},\"thumbnailUrl\":\"https:\\\/\\\/redkarawana.com\\\/wp-content\\\/uploads\\\/2024\\\/05\\\/1-AP-Feature-Lithuania-Window-View-Artwork.jpg\",\"datePublished\":\"2025-11-30T01:10:03+00:00\",\"description\":\"Nous s\u00e9lectionnons quelques objets et tableaux artisanaux. Le tableau des fen\u00eatres est une peinture \u00e0 l'huile r\u00e9alis\u00e9e par un artiste local, repr\u00e9sentant un espace color\u00e9 pr\u00e8s d'une fen\u00eatre.\",\"breadcrumb\":{\"@id\":\"https:\\\/\\\/redkarawana.com\\\/fr\\\/artisan\\\/tableau-de-fenetre-lituanie\\\/#breadcrumb\"},\"inLanguage\":\"fr-FR\",\"potentialAction\":[{\"@type\":\"ReadAction\",\"target\":[\"https:\\\/\\\/redkarawana.com\\\/fr\\\/artisan\\\/tableau-de-fenetre-lituanie\\\/\"]}]},{\"@type\":\"ImageObject\",\"inLanguage\":\"fr-FR\",\"@id\":\"https:\\\/\\\/redkarawana.com\\\/fr\\\/artisan\\\/tableau-de-fenetre-lituanie\\\/#primaryimage\",\"url\":\"https:\\\/\\\/redkarawana.com\\\/wp-content\\\/uploads\\\/2024\\\/05\\\/1-AP-Feature-Lithuania-Window-View-Artwork.jpg\",\"contentUrl\":\"https:\\\/\\\/redkarawana.com\\\/wp-content\\\/uploads\\\/2024\\\/05\\\/1-AP-Feature-Lithuania-Window-View-Artwork.jpg\",\"width\":680,\"height\":453,\"caption\":\"Lituanie, Tableau de Fen\u00eatre\"},{\"@type\":\"BreadcrumbList\",\"@id\":\"https:\\\/\\\/redkarawana.com\\\/fr\\\/artisan\\\/tableau-de-fenetre-lituanie\\\/#breadcrumb\",\"itemListElement\":[{\"@type\":\"ListItem\",\"position\":1,\"name\":\"Home\",\"item\":\"https:\\\/\\\/redkarawana.com\\\/fr\\\/\"},{\"@type\":\"ListItem\",\"position\":2,\"name\":\"Artisans\",\"item\":\"https:\\\/\\\/redkarawana.com\\\/fr\\\/artisans\\\/\"},{\"@type\":\"ListItem\",\"position\":3,\"name\":\"Le Tableau de Fen\u00eatre, Lituanie ; Voir un Espace Tout en Couleur\"}]},{\"@type\":\"WebSite\",\"@id\":\"https:\\\/\\\/redkarawana.com\\\/#website\",\"url\":\"https:\\\/\\\/redkarawana.com\\\/\",\"name\":\"Red Karawana\",\"description\":\"\",\"publisher\":{\"@id\":\"https:\\\/\\\/redkarawana.com\\\/#organization\"},\"potentialAction\":[{\"@type\":\"SearchAction\",\"target\":{\"@type\":\"EntryPoint\",\"urlTemplate\":\"https:\\\/\\\/redkarawana.com\\\/?s={search_term_string}\"},\"query-input\":{\"@type\":\"PropertyValueSpecification\",\"valueRequired\":true,\"valueName\":\"search_term_string\"}}],\"inLanguage\":\"fr-FR\"},{\"@type\":\"Organization\",\"@id\":\"https:\\\/\\\/redkarawana.com\\\/#organization\",\"name\":\"Red Karawana\",\"url\":\"https:\\\/\\\/redkarawana.com\\\/\",\"logo\":{\"@type\":\"ImageObject\",\"inLanguage\":\"fr-FR\",\"@id\":\"https:\\\/\\\/redkarawana.com\\\/#\\\/schema\\\/logo\\\/image\\\/\",\"url\":\"https:\\\/\\\/redkarawana.com\\\/wp-content\\\/uploads\\\/2025\\\/05\\\/cropped-Screenshot-2025-05-29-at-09.27.38.png\",\"contentUrl\":\"https:\\\/\\\/redkarawana.com\\\/wp-content\\\/uploads\\\/2025\\\/05\\\/cropped-Screenshot-2025-05-29-at-09.27.38.png\",\"width\":512,\"height\":512,\"caption\":\"Red Karawana\"},\"image\":{\"@id\":\"https:\\\/\\\/redkarawana.com\\\/#\\\/schema\\\/logo\\\/image\\\/\"},\"sameAs\":[\"https:\\\/\\\/www.facebook.com\\\/redkarawana\\\/\",\"https:\\\/\\\/www.instagram.com\\\/redkarawana\\\/\",\"https:\\\/\\\/www.youtube.com\\\/channel\\\/UCU9jXzSmyKm4ZZv38FEXGKg\",\"https:\\\/\\\/www.pinterest.com\\\/redkarawana\\\/\"]}]}<\/script>\n<!-- \/ Yoast SEO plugin. -->","yoast_head_json":{"title":"Tableau de Fen\u00eatre, Lituanie - Artistique - Red Karawana","description":"Nous s\u00e9lectionnons quelques objets et tableaux artisanaux. Le tableau des fen\u00eatres est une peinture \u00e0 l'huile r\u00e9alis\u00e9e par un artiste local, repr\u00e9sentant un espace color\u00e9 pr\u00e8s d'une fen\u00eatre.","robots":{"index":"index","follow":"follow","max-snippet":"max-snippet:-1","max-image-preview":"max-image-preview:large","max-video-preview":"max-video-preview:-1"},"canonical":"https:\/\/redkarawana.com\/fr\/artisan\/tableau-de-fenetre-lituanie\/","og_locale":"fr_FR","og_type":"article","og_title":"Tableau de Fen\u00eatre, Lituanie - Artistique - Red Karawana","og_description":"Nous s\u00e9lectionnons quelques objets et tableaux artisanaux. Le tableau des fen\u00eatres est une peinture \u00e0 l'huile r\u00e9alis\u00e9e par un artiste local, repr\u00e9sentant un espace color\u00e9 pr\u00e8s d'une fen\u00eatre.","og_url":"https:\/\/redkarawana.com\/fr\/artisan\/tableau-de-fenetre-lituanie\/","og_site_name":"Red Karawana","article_publisher":"https:\/\/www.facebook.com\/redkarawana\/","og_image":[{"width":1200,"height":630,"url":"https:\/\/redkarawana.com\/wp-content\/uploads\/2024\/05\/1-AF1200x630-Lithuania-Window-View-Artwork.jpg","type":"image\/jpeg"}],"twitter_card":"summary_large_image","twitter_misc":{"Dur\u00e9e de lecture estim\u00e9e":"1 minute"},"schema":{"@context":"https:\/\/schema.org","@graph":[{"@type":"WebPage","@id":"https:\/\/redkarawana.com\/fr\/artisan\/tableau-de-fenetre-lituanie\/","url":"https:\/\/redkarawana.com\/fr\/artisan\/tableau-de-fenetre-lituanie\/","name":"Tableau de Fen\u00eatre, Lituanie - Artistique - Red Karawana","isPartOf":{"@id":"https:\/\/redkarawana.com\/#website"},"primaryImageOfPage":{"@id":"https:\/\/redkarawana.com\/fr\/artisan\/tableau-de-fenetre-lituanie\/#primaryimage"},"image":{"@id":"https:\/\/redkarawana.com\/fr\/artisan\/tableau-de-fenetre-lituanie\/#primaryimage"},"thumbnailUrl":"https:\/\/redkarawana.com\/wp-content\/uploads\/2024\/05\/1-AP-Feature-Lithuania-Window-View-Artwork.jpg","datePublished":"2025-11-30T01:10:03+00:00","description":"Nous s\u00e9lectionnons quelques objets et tableaux artisanaux. Le tableau des fen\u00eatres est une peinture \u00e0 l'huile r\u00e9alis\u00e9e par un artiste local, repr\u00e9sentant un espace color\u00e9 pr\u00e8s d'une fen\u00eatre.","breadcrumb":{"@id":"https:\/\/redkarawana.com\/fr\/artisan\/tableau-de-fenetre-lituanie\/#breadcrumb"},"inLanguage":"fr-FR","potentialAction":[{"@type":"ReadAction","target":["https:\/\/redkarawana.com\/fr\/artisan\/tableau-de-fenetre-lituanie\/"]}]},{"@type":"ImageObject","inLanguage":"fr-FR","@id":"https:\/\/redkarawana.com\/fr\/artisan\/tableau-de-fenetre-lituanie\/#primaryimage","url":"https:\/\/redkarawana.com\/wp-content\/uploads\/2024\/05\/1-AP-Feature-Lithuania-Window-View-Artwork.jpg","contentUrl":"https:\/\/redkarawana.com\/wp-content\/uploads\/2024\/05\/1-AP-Feature-Lithuania-Window-View-Artwork.jpg","width":680,"height":453,"caption":"Lituanie, Tableau de Fen\u00eatre"},{"@type":"BreadcrumbList","@id":"https:\/\/redkarawana.com\/fr\/artisan\/tableau-de-fenetre-lituanie\/#breadcrumb","itemListElement":[{"@type":"ListItem","position":1,"name":"Home","item":"https:\/\/redkarawana.com\/fr\/"},{"@type":"ListItem","position":2,"name":"Artisans","item":"https:\/\/redkarawana.com\/fr\/artisans\/"},{"@type":"ListItem","position":3,"name":"Le Tableau de Fen\u00eatre, Lituanie ; Voir un Espace Tout en Couleur"}]},{"@type":"WebSite","@id":"https:\/\/redkarawana.com\/#website","url":"https:\/\/redkarawana.com\/","name":"Red Karawana","description":"","publisher":{"@id":"https:\/\/redkarawana.com\/#organization"},"potentialAction":[{"@type":"SearchAction","target":{"@type":"EntryPoint","urlTemplate":"https:\/\/redkarawana.com\/?s={search_term_string}"},"query-input":{"@type":"PropertyValueSpecification","valueRequired":true,"valueName":"search_term_string"}}],"inLanguage":"fr-FR"},{"@type":"Organization","@id":"https:\/\/redkarawana.com\/#organization","name":"Red Karawana","url":"https:\/\/redkarawana.com\/","logo":{"@type":"ImageObject","inLanguage":"fr-FR","@id":"https:\/\/redkarawana.com\/#\/schema\/logo\/image\/","url":"https:\/\/redkarawana.com\/wp-content\/uploads\/2025\/05\/cropped-Screenshot-2025-05-29-at-09.27.38.png","contentUrl":"https:\/\/redkarawana.com\/wp-content\/uploads\/2025\/05\/cropped-Screenshot-2025-05-29-at-09.27.38.png","width":512,"height":512,"caption":"Red Karawana"},"image":{"@id":"https:\/\/redkarawana.com\/#\/schema\/logo\/image\/"},"sameAs":["https:\/\/www.facebook.com\/redkarawana\/","https:\/\/www.instagram.com\/redkarawana\/","https:\/\/www.youtube.com\/channel\/UCU9jXzSmyKm4ZZv38FEXGKg","https:\/\/www.pinterest.com\/redkarawana\/"]}]}},"_links":{"self":[{"href":"https:\/\/redkarawana.com\/fr\/wp-json\/wp\/v2\/product\/4072","targetHints":{"allow":["GET"]}}],"collection":[{"href":"https:\/\/redkarawana.com\/fr\/wp-json\/wp\/v2\/product"}],"about":[{"href":"https:\/\/redkarawana.com\/fr\/wp-json\/wp\/v2\/types\/product"}],"wp:featuredmedia":[{"embeddable":true,"href":"https:\/\/redkarawana.com\/fr\/wp-json\/wp\/v2\/media\/4056"}],"wp:attachment":[{"href":"https:\/\/redkarawana.com\/fr\/wp-json\/wp\/v2\/media?parent=4072"}],"wp:term":[{"taxonomy":"product_brand","embeddable":true,"href":"https:\/\/redkarawana.com\/fr\/wp-json\/wp\/v2\/product_brand?post=4072"},{"taxonomy":"product_cat","embeddable":true,"href":"https:\/\/redkarawana.com\/fr\/wp-json\/wp\/v2\/product_cat?post=4072"},{"taxonomy":"product_tag","embeddable":true,"href":"https:\/\/redkarawana.com\/fr\/wp-json\/wp\/v2\/product_tag?post=4072"}],"curies":[{"name":"wp","href":"https:\/\/api.w.org\/{rel}","templated":true}]}}