{"id":4096,"date":"2025-11-30T01:20:40","date_gmt":"2025-11-30T01:20:40","guid":{"rendered":"https:\/\/redkarawana.com\/?post_type=product&#038;p=4096"},"modified":"2025-06-06T21:27:53","modified_gmt":"2025-06-06T21:27:53","slug":"plateaux-decoratifs-inde","status":"publish","type":"product","link":"https:\/\/redkarawana.com\/fr\/artisan\/plateaux-decoratifs-inde\/","title":{"rendered":"Plateaux D\u00e9coratifs, Inde ; Orn\u00e9 d&rsquo;un Magnifique Motif de Fleurs"},"content":{"rendered":"<p>L&rsquo;Inde est un pays aux paysages \u00e9tonnants et aux communaut\u00e9s ethniques qui int\u00e8grent leurs traditions dans toutes les formes d&rsquo;art. Des artisans qualifi\u00e9s cr\u00e9ent, d\u00e9corent et embellissent de magnifiques \u0153uvres d&rsquo;art. Le papier m\u00e2ch\u00e9, introduit en Inde au XIVe si\u00e8cle, est une forme d&rsquo;art fascinante pratiqu\u00e9e dans toute l&rsquo;Asie centrale. Les artisans utilisent de la p\u00e2te \u00e0 papier unique pour fabriquer de magnifiques objets, mettant en valeur des motifs, des couleurs et des styles originaux. Nos plateaux d\u00e9coratifs sont des \u0153uvres d&rsquo;art en papier m\u00e2ch\u00e9, orn\u00e9es d&rsquo;un magnifique motif floral en leur centre. Dimensions : grand plateau d\u00e9coratif (largeur 10 \u00bd pouces (26 \u00bd cm), hauteur 15 pouces (38cm)) ; petit plateau d\u00e9coratif (largeur 9 pouces (23 cm), hauteur 12 pouces (30 \u00bd cm)).     <\/p>\n","protected":false},"excerpt":{"rendered":"<p>L&rsquo;Inde est un pays aux paysages \u00e9tonnants et aux communaut\u00e9s ethniques qui int\u00e8grent leurs traditions dans toutes les formes d&rsquo;art. Des artisans qualifi\u00e9s cr\u00e9ent, d\u00e9corent et embellissent de magnifiques \u0153uvres d&rsquo;art. Le papier m\u00e2ch\u00e9, introduit en Inde au XIVe si\u00e8cle, est une forme d&rsquo;art fascinante pratiqu\u00e9e dans toute l&rsquo;Asie centrale. Les artisans utilisent de la [&hellip;]<\/p>\n","protected":false},"featured_media":4080,"template":"","meta":{"_acf_changed":false},"product_brand":[],"product_cat":[48],"product_tag":[],"class_list":{"0":"post-4096","1":"product","2":"type-product","3":"status-publish","4":"has-post-thumbnail","6":"product_cat-artistique","8":"first","9":"instock","10":"sold-individually","11":"taxable","12":"shipping-taxable","13":"purchasable","14":"product-type-simple"},"acf":[],"yoast_head":"<!-- This site is optimized with the Yoast SEO plugin v27.3 - https:\/\/yoast.com\/product\/yoast-seo-wordpress\/ -->\n<title>Plateaux D\u00e9coratifs, Inde - Fonctionnel - Red Karawana<\/title>\n<meta name=\"description\" content=\"Le papier m\u00e2ch\u00e9 est une forme d&#039;art fascinante. Nos plateaux d\u00e9coratifs sont des \u0153uvres d&#039;art en papier m\u00e2ch\u00e9, orn\u00e9es d&#039;un magnifique motif floral en leur centre.\" \/>\n<meta name=\"robots\" content=\"index, follow, max-snippet:-1, max-image-preview:large, max-video-preview:-1\" \/>\n<link rel=\"canonical\" href=\"https:\/\/redkarawana.com\/fr\/artisan\/plateaux-decoratifs-inde\/\" \/>\n<meta property=\"og:locale\" content=\"fr_FR\" \/>\n<meta property=\"og:type\" content=\"article\" \/>\n<meta property=\"og:title\" content=\"Plateaux D\u00e9coratifs, Inde - Fonctionnel - Red Karawana\" \/>\n<meta property=\"og:description\" content=\"Le papier m\u00e2ch\u00e9 est une forme d&#039;art fascinante. Nos plateaux d\u00e9coratifs sont des \u0153uvres d&#039;art en papier m\u00e2ch\u00e9, orn\u00e9es d&#039;un magnifique motif floral en leur centre.\" \/>\n<meta property=\"og:url\" content=\"https:\/\/redkarawana.com\/fr\/artisan\/plateaux-decoratifs-inde\/\" \/>\n<meta property=\"og:site_name\" content=\"Red Karawana\" \/>\n<meta property=\"article:publisher\" content=\"https:\/\/www.facebook.com\/redkarawana\/\" \/>\n<meta property=\"og:image\" content=\"https:\/\/redkarawana.com\/wp-content\/uploads\/2024\/05\/1-AF1200x630-India-Decorative-Trays.jpg\" \/>\n\t<meta property=\"og:image:width\" content=\"1200\" \/>\n\t<meta property=\"og:image:height\" content=\"630\" \/>\n\t<meta property=\"og:image:type\" content=\"image\/jpeg\" \/>\n<meta name=\"twitter:card\" content=\"summary_large_image\" \/>\n<meta name=\"twitter:label1\" content=\"Dur\u00e9e de lecture estim\u00e9e\" \/>\n\t<meta name=\"twitter:data1\" content=\"1 minute\" \/>\n<script type=\"application\/ld+json\" class=\"yoast-schema-graph\">{\"@context\":\"https:\\\/\\\/schema.org\",\"@graph\":[{\"@type\":\"WebPage\",\"@id\":\"https:\\\/\\\/redkarawana.com\\\/fr\\\/artisan\\\/plateaux-decoratifs-inde\\\/\",\"url\":\"https:\\\/\\\/redkarawana.com\\\/fr\\\/artisan\\\/plateaux-decoratifs-inde\\\/\",\"name\":\"Plateaux D\u00e9coratifs, Inde - Fonctionnel - Red Karawana\",\"isPartOf\":{\"@id\":\"https:\\\/\\\/redkarawana.com\\\/#website\"},\"primaryImageOfPage\":{\"@id\":\"https:\\\/\\\/redkarawana.com\\\/fr\\\/artisan\\\/plateaux-decoratifs-inde\\\/#primaryimage\"},\"image\":{\"@id\":\"https:\\\/\\\/redkarawana.com\\\/fr\\\/artisan\\\/plateaux-decoratifs-inde\\\/#primaryimage\"},\"thumbnailUrl\":\"https:\\\/\\\/redkarawana.com\\\/wp-content\\\/uploads\\\/2024\\\/05\\\/1-AP-Feature-India-Decorative-Trays.jpg\",\"datePublished\":\"2025-11-30T01:20:40+00:00\",\"description\":\"Le papier m\u00e2ch\u00e9 est une forme d'art fascinante. Nos plateaux d\u00e9coratifs sont des \u0153uvres d'art en papier m\u00e2ch\u00e9, orn\u00e9es d'un magnifique motif floral en leur centre.\",\"breadcrumb\":{\"@id\":\"https:\\\/\\\/redkarawana.com\\\/fr\\\/artisan\\\/plateaux-decoratifs-inde\\\/#breadcrumb\"},\"inLanguage\":\"fr-FR\",\"potentialAction\":[{\"@type\":\"ReadAction\",\"target\":[\"https:\\\/\\\/redkarawana.com\\\/fr\\\/artisan\\\/plateaux-decoratifs-inde\\\/\"]}]},{\"@type\":\"ImageObject\",\"inLanguage\":\"fr-FR\",\"@id\":\"https:\\\/\\\/redkarawana.com\\\/fr\\\/artisan\\\/plateaux-decoratifs-inde\\\/#primaryimage\",\"url\":\"https:\\\/\\\/redkarawana.com\\\/wp-content\\\/uploads\\\/2024\\\/05\\\/1-AP-Feature-India-Decorative-Trays.jpg\",\"contentUrl\":\"https:\\\/\\\/redkarawana.com\\\/wp-content\\\/uploads\\\/2024\\\/05\\\/1-AP-Feature-India-Decorative-Trays.jpg\",\"width\":680,\"height\":453,\"caption\":\"Inde, Plateaux D\u00e9coratifs\"},{\"@type\":\"BreadcrumbList\",\"@id\":\"https:\\\/\\\/redkarawana.com\\\/fr\\\/artisan\\\/plateaux-decoratifs-inde\\\/#breadcrumb\",\"itemListElement\":[{\"@type\":\"ListItem\",\"position\":1,\"name\":\"Home\",\"item\":\"https:\\\/\\\/redkarawana.com\\\/fr\\\/\"},{\"@type\":\"ListItem\",\"position\":2,\"name\":\"Artisans\",\"item\":\"https:\\\/\\\/redkarawana.com\\\/fr\\\/artisans\\\/\"},{\"@type\":\"ListItem\",\"position\":3,\"name\":\"Plateaux D\u00e9coratifs, Inde ; Orn\u00e9 d&#8217;un Magnifique Motif de Fleurs\"}]},{\"@type\":\"WebSite\",\"@id\":\"https:\\\/\\\/redkarawana.com\\\/#website\",\"url\":\"https:\\\/\\\/redkarawana.com\\\/\",\"name\":\"Red Karawana\",\"description\":\"\",\"publisher\":{\"@id\":\"https:\\\/\\\/redkarawana.com\\\/#organization\"},\"potentialAction\":[{\"@type\":\"SearchAction\",\"target\":{\"@type\":\"EntryPoint\",\"urlTemplate\":\"https:\\\/\\\/redkarawana.com\\\/?s={search_term_string}\"},\"query-input\":{\"@type\":\"PropertyValueSpecification\",\"valueRequired\":true,\"valueName\":\"search_term_string\"}}],\"inLanguage\":\"fr-FR\"},{\"@type\":\"Organization\",\"@id\":\"https:\\\/\\\/redkarawana.com\\\/#organization\",\"name\":\"Red Karawana\",\"url\":\"https:\\\/\\\/redkarawana.com\\\/\",\"logo\":{\"@type\":\"ImageObject\",\"inLanguage\":\"fr-FR\",\"@id\":\"https:\\\/\\\/redkarawana.com\\\/#\\\/schema\\\/logo\\\/image\\\/\",\"url\":\"https:\\\/\\\/redkarawana.com\\\/wp-content\\\/uploads\\\/2025\\\/05\\\/cropped-Screenshot-2025-05-29-at-09.27.38.png\",\"contentUrl\":\"https:\\\/\\\/redkarawana.com\\\/wp-content\\\/uploads\\\/2025\\\/05\\\/cropped-Screenshot-2025-05-29-at-09.27.38.png\",\"width\":512,\"height\":512,\"caption\":\"Red Karawana\"},\"image\":{\"@id\":\"https:\\\/\\\/redkarawana.com\\\/#\\\/schema\\\/logo\\\/image\\\/\"},\"sameAs\":[\"https:\\\/\\\/www.facebook.com\\\/redkarawana\\\/\",\"https:\\\/\\\/www.instagram.com\\\/redkarawana\\\/\",\"https:\\\/\\\/www.youtube.com\\\/channel\\\/UCU9jXzSmyKm4ZZv38FEXGKg\",\"https:\\\/\\\/www.pinterest.com\\\/redkarawana\\\/\"]}]}<\/script>\n<!-- \/ Yoast SEO plugin. -->","yoast_head_json":{"title":"Plateaux D\u00e9coratifs, Inde - Fonctionnel - Red Karawana","description":"Le papier m\u00e2ch\u00e9 est une forme d'art fascinante. Nos plateaux d\u00e9coratifs sont des \u0153uvres d'art en papier m\u00e2ch\u00e9, orn\u00e9es d'un magnifique motif floral en leur centre.","robots":{"index":"index","follow":"follow","max-snippet":"max-snippet:-1","max-image-preview":"max-image-preview:large","max-video-preview":"max-video-preview:-1"},"canonical":"https:\/\/redkarawana.com\/fr\/artisan\/plateaux-decoratifs-inde\/","og_locale":"fr_FR","og_type":"article","og_title":"Plateaux D\u00e9coratifs, Inde - Fonctionnel - Red Karawana","og_description":"Le papier m\u00e2ch\u00e9 est une forme d'art fascinante. Nos plateaux d\u00e9coratifs sont des \u0153uvres d'art en papier m\u00e2ch\u00e9, orn\u00e9es d'un magnifique motif floral en leur centre.","og_url":"https:\/\/redkarawana.com\/fr\/artisan\/plateaux-decoratifs-inde\/","og_site_name":"Red Karawana","article_publisher":"https:\/\/www.facebook.com\/redkarawana\/","og_image":[{"width":1200,"height":630,"url":"https:\/\/redkarawana.com\/wp-content\/uploads\/2024\/05\/1-AF1200x630-India-Decorative-Trays.jpg","type":"image\/jpeg"}],"twitter_card":"summary_large_image","twitter_misc":{"Dur\u00e9e de lecture estim\u00e9e":"1 minute"},"schema":{"@context":"https:\/\/schema.org","@graph":[{"@type":"WebPage","@id":"https:\/\/redkarawana.com\/fr\/artisan\/plateaux-decoratifs-inde\/","url":"https:\/\/redkarawana.com\/fr\/artisan\/plateaux-decoratifs-inde\/","name":"Plateaux D\u00e9coratifs, Inde - Fonctionnel - Red Karawana","isPartOf":{"@id":"https:\/\/redkarawana.com\/#website"},"primaryImageOfPage":{"@id":"https:\/\/redkarawana.com\/fr\/artisan\/plateaux-decoratifs-inde\/#primaryimage"},"image":{"@id":"https:\/\/redkarawana.com\/fr\/artisan\/plateaux-decoratifs-inde\/#primaryimage"},"thumbnailUrl":"https:\/\/redkarawana.com\/wp-content\/uploads\/2024\/05\/1-AP-Feature-India-Decorative-Trays.jpg","datePublished":"2025-11-30T01:20:40+00:00","description":"Le papier m\u00e2ch\u00e9 est une forme d'art fascinante. Nos plateaux d\u00e9coratifs sont des \u0153uvres d'art en papier m\u00e2ch\u00e9, orn\u00e9es d'un magnifique motif floral en leur centre.","breadcrumb":{"@id":"https:\/\/redkarawana.com\/fr\/artisan\/plateaux-decoratifs-inde\/#breadcrumb"},"inLanguage":"fr-FR","potentialAction":[{"@type":"ReadAction","target":["https:\/\/redkarawana.com\/fr\/artisan\/plateaux-decoratifs-inde\/"]}]},{"@type":"ImageObject","inLanguage":"fr-FR","@id":"https:\/\/redkarawana.com\/fr\/artisan\/plateaux-decoratifs-inde\/#primaryimage","url":"https:\/\/redkarawana.com\/wp-content\/uploads\/2024\/05\/1-AP-Feature-India-Decorative-Trays.jpg","contentUrl":"https:\/\/redkarawana.com\/wp-content\/uploads\/2024\/05\/1-AP-Feature-India-Decorative-Trays.jpg","width":680,"height":453,"caption":"Inde, Plateaux D\u00e9coratifs"},{"@type":"BreadcrumbList","@id":"https:\/\/redkarawana.com\/fr\/artisan\/plateaux-decoratifs-inde\/#breadcrumb","itemListElement":[{"@type":"ListItem","position":1,"name":"Home","item":"https:\/\/redkarawana.com\/fr\/"},{"@type":"ListItem","position":2,"name":"Artisans","item":"https:\/\/redkarawana.com\/fr\/artisans\/"},{"@type":"ListItem","position":3,"name":"Plateaux D\u00e9coratifs, Inde ; Orn\u00e9 d&#8217;un Magnifique Motif de Fleurs"}]},{"@type":"WebSite","@id":"https:\/\/redkarawana.com\/#website","url":"https:\/\/redkarawana.com\/","name":"Red Karawana","description":"","publisher":{"@id":"https:\/\/redkarawana.com\/#organization"},"potentialAction":[{"@type":"SearchAction","target":{"@type":"EntryPoint","urlTemplate":"https:\/\/redkarawana.com\/?s={search_term_string}"},"query-input":{"@type":"PropertyValueSpecification","valueRequired":true,"valueName":"search_term_string"}}],"inLanguage":"fr-FR"},{"@type":"Organization","@id":"https:\/\/redkarawana.com\/#organization","name":"Red Karawana","url":"https:\/\/redkarawana.com\/","logo":{"@type":"ImageObject","inLanguage":"fr-FR","@id":"https:\/\/redkarawana.com\/#\/schema\/logo\/image\/","url":"https:\/\/redkarawana.com\/wp-content\/uploads\/2025\/05\/cropped-Screenshot-2025-05-29-at-09.27.38.png","contentUrl":"https:\/\/redkarawana.com\/wp-content\/uploads\/2025\/05\/cropped-Screenshot-2025-05-29-at-09.27.38.png","width":512,"height":512,"caption":"Red Karawana"},"image":{"@id":"https:\/\/redkarawana.com\/#\/schema\/logo\/image\/"},"sameAs":["https:\/\/www.facebook.com\/redkarawana\/","https:\/\/www.instagram.com\/redkarawana\/","https:\/\/www.youtube.com\/channel\/UCU9jXzSmyKm4ZZv38FEXGKg","https:\/\/www.pinterest.com\/redkarawana\/"]}]}},"_links":{"self":[{"href":"https:\/\/redkarawana.com\/fr\/wp-json\/wp\/v2\/product\/4096","targetHints":{"allow":["GET"]}}],"collection":[{"href":"https:\/\/redkarawana.com\/fr\/wp-json\/wp\/v2\/product"}],"about":[{"href":"https:\/\/redkarawana.com\/fr\/wp-json\/wp\/v2\/types\/product"}],"wp:featuredmedia":[{"embeddable":true,"href":"https:\/\/redkarawana.com\/fr\/wp-json\/wp\/v2\/media\/4080"}],"wp:attachment":[{"href":"https:\/\/redkarawana.com\/fr\/wp-json\/wp\/v2\/media?parent=4096"}],"wp:term":[{"taxonomy":"product_brand","embeddable":true,"href":"https:\/\/redkarawana.com\/fr\/wp-json\/wp\/v2\/product_brand?post=4096"},{"taxonomy":"product_cat","embeddable":true,"href":"https:\/\/redkarawana.com\/fr\/wp-json\/wp\/v2\/product_cat?post=4096"},{"taxonomy":"product_tag","embeddable":true,"href":"https:\/\/redkarawana.com\/fr\/wp-json\/wp\/v2\/product_tag?post=4096"}],"curies":[{"name":"wp","href":"https:\/\/api.w.org\/{rel}","templated":true}]}}