{"id":4120,"date":"2025-11-30T01:30:07","date_gmt":"2025-11-30T01:30:07","guid":{"rendered":"https:\/\/redkarawana.com\/?post_type=product&#038;p=4120"},"modified":"2025-12-07T03:39:16","modified_gmt":"2025-12-07T03:39:16","slug":"assiette-ceramique-rouge-pologne","status":"publish","type":"product","link":"https:\/\/redkarawana.com\/fr\/artisan\/assiette-ceramique-rouge-pologne\/","title":{"rendered":"Assiette en C\u00e9ramique Rouge, Pologne ; Art D\u00e9coratif et \u00c9l\u00e9gant"},"content":{"rendered":"<p>En Europe de l&rsquo;Est, l&rsquo;amour de la culture et de l&rsquo;art se manifeste \u00e0 chaque coin de rue. Cracovie, le centre culturel de la Pologne, poss\u00e8de une vari\u00e9t\u00e9 d&rsquo;ateliers d&rsquo;artistes et de boutiques qui vendent des poteries r\u00e9gionales, des cristaux sculpt\u00e9s \u00e0 la main, de l&rsquo;art populaire, de l&rsquo;art sacr\u00e9, des sculptures en bois et bien d&rsquo;autres objets originaux. La collection de c\u00e9ramiques traditionnelles et modernes pr\u00e9sente des motifs complexes et des dessins color\u00e9s. L&rsquo;assiette en c\u00e9ramique rouge que nous vous pr\u00e9sentons est une assiette d\u00e9corative au design simple mais \u00e9l\u00e9gant et \u00e0 la gla\u00e7ure c\u00e9ramique rouge magnifique. Dimensions : assiette en c\u00e9ramique rouge (diam\u00e8tre 23 cm).<\/p>\n","protected":false},"excerpt":{"rendered":"<p>En Europe de l&rsquo;Est, l&rsquo;amour de la culture et de l&rsquo;art se manifeste \u00e0 chaque coin de rue. Cracovie, le centre culturel de la Pologne, poss\u00e8de une vari\u00e9t\u00e9 d&rsquo;ateliers d&rsquo;artistes et de boutiques qui vendent des poteries r\u00e9gionales, des cristaux sculpt\u00e9s \u00e0 la main, de l&rsquo;art populaire, de l&rsquo;art sacr\u00e9, des sculptures en bois et [&hellip;]<\/p>\n","protected":false},"featured_media":4104,"template":"","meta":{"_acf_changed":false},"product_brand":[],"product_cat":[49],"product_tag":[],"class_list":{"0":"post-4120","1":"product","2":"type-product","3":"status-publish","4":"has-post-thumbnail","6":"product_cat-decoratif","8":"first","9":"instock","10":"sold-individually","11":"taxable","12":"shipping-taxable","13":"purchasable","14":"product-type-simple"},"acf":[],"yoast_head":"<!-- This site is optimized with the Yoast SEO plugin v27.3 - https:\/\/yoast.com\/product\/yoast-seo-wordpress\/ -->\n<title>Assiette en C\u00e9ramique Rouge, Pologne - D\u00e9coratif - Red Karawana<\/title>\n<meta name=\"description\" content=\"Nos c\u00e9ramiques pr\u00e9sentent des motifs color\u00e9s. Notre assiette en c\u00e9ramique rouge est une assiette d\u00e9corative au design simple mais \u00e9l\u00e9gant, avec une belle gla\u00e7ure en c\u00e9ramique rouge.\" \/>\n<meta name=\"robots\" content=\"index, follow, max-snippet:-1, max-image-preview:large, max-video-preview:-1\" \/>\n<link rel=\"canonical\" href=\"https:\/\/redkarawana.com\/fr\/artisan\/assiette-ceramique-rouge-pologne\/\" \/>\n<meta property=\"og:locale\" content=\"fr_FR\" \/>\n<meta property=\"og:type\" content=\"article\" \/>\n<meta property=\"og:title\" content=\"Assiette en C\u00e9ramique Rouge, Pologne - D\u00e9coratif - Red Karawana\" \/>\n<meta property=\"og:description\" content=\"Nos c\u00e9ramiques pr\u00e9sentent des motifs color\u00e9s. Notre assiette en c\u00e9ramique rouge est une assiette d\u00e9corative au design simple mais \u00e9l\u00e9gant, avec une belle gla\u00e7ure en c\u00e9ramique rouge.\" \/>\n<meta property=\"og:url\" content=\"https:\/\/redkarawana.com\/fr\/artisan\/assiette-ceramique-rouge-pologne\/\" \/>\n<meta property=\"og:site_name\" content=\"Red Karawana\" \/>\n<meta property=\"article:publisher\" content=\"https:\/\/www.facebook.com\/redkarawana\/\" \/>\n<meta property=\"article:modified_time\" content=\"2025-12-07T03:39:16+00:00\" \/>\n<meta property=\"og:image\" content=\"https:\/\/redkarawana.com\/wp-content\/uploads\/2024\/05\/1-AF1200x630-Poland-Red-Ceramic-Plate.jpg\" \/>\n\t<meta property=\"og:image:width\" content=\"1200\" \/>\n\t<meta property=\"og:image:height\" content=\"630\" \/>\n\t<meta property=\"og:image:type\" content=\"image\/jpeg\" \/>\n<meta name=\"twitter:card\" content=\"summary_large_image\" \/>\n<meta name=\"twitter:label1\" content=\"Dur\u00e9e de lecture estim\u00e9e\" \/>\n\t<meta name=\"twitter:data1\" content=\"1 minute\" \/>\n<script type=\"application\/ld+json\" class=\"yoast-schema-graph\">{\"@context\":\"https:\\\/\\\/schema.org\",\"@graph\":[{\"@type\":\"WebPage\",\"@id\":\"https:\\\/\\\/redkarawana.com\\\/fr\\\/artisan\\\/assiette-ceramique-rouge-pologne\\\/\",\"url\":\"https:\\\/\\\/redkarawana.com\\\/fr\\\/artisan\\\/assiette-ceramique-rouge-pologne\\\/\",\"name\":\"Assiette en C\u00e9ramique Rouge, Pologne - D\u00e9coratif - Red Karawana\",\"isPartOf\":{\"@id\":\"https:\\\/\\\/redkarawana.com\\\/#website\"},\"primaryImageOfPage\":{\"@id\":\"https:\\\/\\\/redkarawana.com\\\/fr\\\/artisan\\\/assiette-ceramique-rouge-pologne\\\/#primaryimage\"},\"image\":{\"@id\":\"https:\\\/\\\/redkarawana.com\\\/fr\\\/artisan\\\/assiette-ceramique-rouge-pologne\\\/#primaryimage\"},\"thumbnailUrl\":\"https:\\\/\\\/redkarawana.com\\\/wp-content\\\/uploads\\\/2024\\\/05\\\/1-AP-Feature-Poland-Red-Ceramic-Plate.jpg\",\"datePublished\":\"2025-11-30T01:30:07+00:00\",\"dateModified\":\"2025-12-07T03:39:16+00:00\",\"description\":\"Nos c\u00e9ramiques pr\u00e9sentent des motifs color\u00e9s. Notre assiette en c\u00e9ramique rouge est une assiette d\u00e9corative au design simple mais \u00e9l\u00e9gant, avec une belle gla\u00e7ure en c\u00e9ramique rouge.\",\"breadcrumb\":{\"@id\":\"https:\\\/\\\/redkarawana.com\\\/fr\\\/artisan\\\/assiette-ceramique-rouge-pologne\\\/#breadcrumb\"},\"inLanguage\":\"fr-FR\",\"potentialAction\":[{\"@type\":\"ReadAction\",\"target\":[\"https:\\\/\\\/redkarawana.com\\\/fr\\\/artisan\\\/assiette-ceramique-rouge-pologne\\\/\"]}]},{\"@type\":\"ImageObject\",\"inLanguage\":\"fr-FR\",\"@id\":\"https:\\\/\\\/redkarawana.com\\\/fr\\\/artisan\\\/assiette-ceramique-rouge-pologne\\\/#primaryimage\",\"url\":\"https:\\\/\\\/redkarawana.com\\\/wp-content\\\/uploads\\\/2024\\\/05\\\/1-AP-Feature-Poland-Red-Ceramic-Plate.jpg\",\"contentUrl\":\"https:\\\/\\\/redkarawana.com\\\/wp-content\\\/uploads\\\/2024\\\/05\\\/1-AP-Feature-Poland-Red-Ceramic-Plate.jpg\",\"width\":680,\"height\":453,\"caption\":\"Pologne, Assiette en C\u00e9ramique Rouge\"},{\"@type\":\"BreadcrumbList\",\"@id\":\"https:\\\/\\\/redkarawana.com\\\/fr\\\/artisan\\\/assiette-ceramique-rouge-pologne\\\/#breadcrumb\",\"itemListElement\":[{\"@type\":\"ListItem\",\"position\":1,\"name\":\"Home\",\"item\":\"https:\\\/\\\/redkarawana.com\\\/fr\\\/\"},{\"@type\":\"ListItem\",\"position\":2,\"name\":\"Artisans\",\"item\":\"https:\\\/\\\/redkarawana.com\\\/fr\\\/artisans\\\/\"},{\"@type\":\"ListItem\",\"position\":3,\"name\":\"Assiette en C\u00e9ramique Rouge, Pologne ; Art D\u00e9coratif et \u00c9l\u00e9gant\"}]},{\"@type\":\"WebSite\",\"@id\":\"https:\\\/\\\/redkarawana.com\\\/#website\",\"url\":\"https:\\\/\\\/redkarawana.com\\\/\",\"name\":\"Red Karawana\",\"description\":\"\",\"publisher\":{\"@id\":\"https:\\\/\\\/redkarawana.com\\\/#organization\"},\"potentialAction\":[{\"@type\":\"SearchAction\",\"target\":{\"@type\":\"EntryPoint\",\"urlTemplate\":\"https:\\\/\\\/redkarawana.com\\\/?s={search_term_string}\"},\"query-input\":{\"@type\":\"PropertyValueSpecification\",\"valueRequired\":true,\"valueName\":\"search_term_string\"}}],\"inLanguage\":\"fr-FR\"},{\"@type\":\"Organization\",\"@id\":\"https:\\\/\\\/redkarawana.com\\\/#organization\",\"name\":\"Red Karawana\",\"url\":\"https:\\\/\\\/redkarawana.com\\\/\",\"logo\":{\"@type\":\"ImageObject\",\"inLanguage\":\"fr-FR\",\"@id\":\"https:\\\/\\\/redkarawana.com\\\/#\\\/schema\\\/logo\\\/image\\\/\",\"url\":\"https:\\\/\\\/redkarawana.com\\\/wp-content\\\/uploads\\\/2025\\\/05\\\/cropped-Screenshot-2025-05-29-at-09.27.38.png\",\"contentUrl\":\"https:\\\/\\\/redkarawana.com\\\/wp-content\\\/uploads\\\/2025\\\/05\\\/cropped-Screenshot-2025-05-29-at-09.27.38.png\",\"width\":512,\"height\":512,\"caption\":\"Red Karawana\"},\"image\":{\"@id\":\"https:\\\/\\\/redkarawana.com\\\/#\\\/schema\\\/logo\\\/image\\\/\"},\"sameAs\":[\"https:\\\/\\\/www.facebook.com\\\/redkarawana\\\/\",\"https:\\\/\\\/www.instagram.com\\\/redkarawana\\\/\",\"https:\\\/\\\/www.youtube.com\\\/channel\\\/UCU9jXzSmyKm4ZZv38FEXGKg\",\"https:\\\/\\\/www.pinterest.com\\\/redkarawana\\\/\"]}]}<\/script>\n<!-- \/ Yoast SEO plugin. -->","yoast_head_json":{"title":"Assiette en C\u00e9ramique Rouge, Pologne - D\u00e9coratif - Red Karawana","description":"Nos c\u00e9ramiques pr\u00e9sentent des motifs color\u00e9s. Notre assiette en c\u00e9ramique rouge est une assiette d\u00e9corative au design simple mais \u00e9l\u00e9gant, avec une belle gla\u00e7ure en c\u00e9ramique rouge.","robots":{"index":"index","follow":"follow","max-snippet":"max-snippet:-1","max-image-preview":"max-image-preview:large","max-video-preview":"max-video-preview:-1"},"canonical":"https:\/\/redkarawana.com\/fr\/artisan\/assiette-ceramique-rouge-pologne\/","og_locale":"fr_FR","og_type":"article","og_title":"Assiette en C\u00e9ramique Rouge, Pologne - D\u00e9coratif - Red Karawana","og_description":"Nos c\u00e9ramiques pr\u00e9sentent des motifs color\u00e9s. Notre assiette en c\u00e9ramique rouge est une assiette d\u00e9corative au design simple mais \u00e9l\u00e9gant, avec une belle gla\u00e7ure en c\u00e9ramique rouge.","og_url":"https:\/\/redkarawana.com\/fr\/artisan\/assiette-ceramique-rouge-pologne\/","og_site_name":"Red Karawana","article_publisher":"https:\/\/www.facebook.com\/redkarawana\/","article_modified_time":"2025-12-07T03:39:16+00:00","og_image":[{"width":1200,"height":630,"url":"https:\/\/redkarawana.com\/wp-content\/uploads\/2024\/05\/1-AF1200x630-Poland-Red-Ceramic-Plate.jpg","type":"image\/jpeg"}],"twitter_card":"summary_large_image","twitter_misc":{"Dur\u00e9e de lecture estim\u00e9e":"1 minute"},"schema":{"@context":"https:\/\/schema.org","@graph":[{"@type":"WebPage","@id":"https:\/\/redkarawana.com\/fr\/artisan\/assiette-ceramique-rouge-pologne\/","url":"https:\/\/redkarawana.com\/fr\/artisan\/assiette-ceramique-rouge-pologne\/","name":"Assiette en C\u00e9ramique Rouge, Pologne - D\u00e9coratif - Red Karawana","isPartOf":{"@id":"https:\/\/redkarawana.com\/#website"},"primaryImageOfPage":{"@id":"https:\/\/redkarawana.com\/fr\/artisan\/assiette-ceramique-rouge-pologne\/#primaryimage"},"image":{"@id":"https:\/\/redkarawana.com\/fr\/artisan\/assiette-ceramique-rouge-pologne\/#primaryimage"},"thumbnailUrl":"https:\/\/redkarawana.com\/wp-content\/uploads\/2024\/05\/1-AP-Feature-Poland-Red-Ceramic-Plate.jpg","datePublished":"2025-11-30T01:30:07+00:00","dateModified":"2025-12-07T03:39:16+00:00","description":"Nos c\u00e9ramiques pr\u00e9sentent des motifs color\u00e9s. Notre assiette en c\u00e9ramique rouge est une assiette d\u00e9corative au design simple mais \u00e9l\u00e9gant, avec une belle gla\u00e7ure en c\u00e9ramique rouge.","breadcrumb":{"@id":"https:\/\/redkarawana.com\/fr\/artisan\/assiette-ceramique-rouge-pologne\/#breadcrumb"},"inLanguage":"fr-FR","potentialAction":[{"@type":"ReadAction","target":["https:\/\/redkarawana.com\/fr\/artisan\/assiette-ceramique-rouge-pologne\/"]}]},{"@type":"ImageObject","inLanguage":"fr-FR","@id":"https:\/\/redkarawana.com\/fr\/artisan\/assiette-ceramique-rouge-pologne\/#primaryimage","url":"https:\/\/redkarawana.com\/wp-content\/uploads\/2024\/05\/1-AP-Feature-Poland-Red-Ceramic-Plate.jpg","contentUrl":"https:\/\/redkarawana.com\/wp-content\/uploads\/2024\/05\/1-AP-Feature-Poland-Red-Ceramic-Plate.jpg","width":680,"height":453,"caption":"Pologne, Assiette en C\u00e9ramique Rouge"},{"@type":"BreadcrumbList","@id":"https:\/\/redkarawana.com\/fr\/artisan\/assiette-ceramique-rouge-pologne\/#breadcrumb","itemListElement":[{"@type":"ListItem","position":1,"name":"Home","item":"https:\/\/redkarawana.com\/fr\/"},{"@type":"ListItem","position":2,"name":"Artisans","item":"https:\/\/redkarawana.com\/fr\/artisans\/"},{"@type":"ListItem","position":3,"name":"Assiette en C\u00e9ramique Rouge, Pologne ; Art D\u00e9coratif et \u00c9l\u00e9gant"}]},{"@type":"WebSite","@id":"https:\/\/redkarawana.com\/#website","url":"https:\/\/redkarawana.com\/","name":"Red Karawana","description":"","publisher":{"@id":"https:\/\/redkarawana.com\/#organization"},"potentialAction":[{"@type":"SearchAction","target":{"@type":"EntryPoint","urlTemplate":"https:\/\/redkarawana.com\/?s={search_term_string}"},"query-input":{"@type":"PropertyValueSpecification","valueRequired":true,"valueName":"search_term_string"}}],"inLanguage":"fr-FR"},{"@type":"Organization","@id":"https:\/\/redkarawana.com\/#organization","name":"Red Karawana","url":"https:\/\/redkarawana.com\/","logo":{"@type":"ImageObject","inLanguage":"fr-FR","@id":"https:\/\/redkarawana.com\/#\/schema\/logo\/image\/","url":"https:\/\/redkarawana.com\/wp-content\/uploads\/2025\/05\/cropped-Screenshot-2025-05-29-at-09.27.38.png","contentUrl":"https:\/\/redkarawana.com\/wp-content\/uploads\/2025\/05\/cropped-Screenshot-2025-05-29-at-09.27.38.png","width":512,"height":512,"caption":"Red Karawana"},"image":{"@id":"https:\/\/redkarawana.com\/#\/schema\/logo\/image\/"},"sameAs":["https:\/\/www.facebook.com\/redkarawana\/","https:\/\/www.instagram.com\/redkarawana\/","https:\/\/www.youtube.com\/channel\/UCU9jXzSmyKm4ZZv38FEXGKg","https:\/\/www.pinterest.com\/redkarawana\/"]}]}},"_links":{"self":[{"href":"https:\/\/redkarawana.com\/fr\/wp-json\/wp\/v2\/product\/4120","targetHints":{"allow":["GET"]}}],"collection":[{"href":"https:\/\/redkarawana.com\/fr\/wp-json\/wp\/v2\/product"}],"about":[{"href":"https:\/\/redkarawana.com\/fr\/wp-json\/wp\/v2\/types\/product"}],"wp:featuredmedia":[{"embeddable":true,"href":"https:\/\/redkarawana.com\/fr\/wp-json\/wp\/v2\/media\/4104"}],"wp:attachment":[{"href":"https:\/\/redkarawana.com\/fr\/wp-json\/wp\/v2\/media?parent=4120"}],"wp:term":[{"taxonomy":"product_brand","embeddable":true,"href":"https:\/\/redkarawana.com\/fr\/wp-json\/wp\/v2\/product_brand?post=4120"},{"taxonomy":"product_cat","embeddable":true,"href":"https:\/\/redkarawana.com\/fr\/wp-json\/wp\/v2\/product_cat?post=4120"},{"taxonomy":"product_tag","embeddable":true,"href":"https:\/\/redkarawana.com\/fr\/wp-json\/wp\/v2\/product_tag?post=4120"}],"curies":[{"name":"wp","href":"https:\/\/api.w.org\/{rel}","templated":true}]}}