{"id":4168,"date":"2025-11-30T01:40:46","date_gmt":"2025-11-30T01:40:46","guid":{"rendered":"https:\/\/redkarawana.com\/?post_type=product&#038;p=4168"},"modified":"2025-06-06T21:26:41","modified_gmt":"2025-06-06T21:26:41","slug":"tapis-oriental-en-soie-iran","status":"publish","type":"product","link":"https:\/\/redkarawana.com\/fr\/artisan\/tapis-oriental-en-soie-iran\/","title":{"rendered":"Tapis Oriental en Soie, Iran ; \u00c9l\u00e9gante Pi\u00e8ce de D\u00e9cor"},"content":{"rendered":"<p>La tradition du tissage de tapis se perp\u00e9tue au sein des tribus nomades et des villageois d&rsquo;Iran. Les tapis persans tiss\u00e9s \u00e0 la main sont fabriqu\u00e9s avec des mat\u00e9riaux de la plus haute qualit\u00e9. Des artisans exp\u00e9riment\u00e9s utilisent des techniques de tissage sp\u00e9cifiques pour cr\u00e9er des motifs \u00e9labor\u00e9s, rehauss\u00e9s de couleurs vives. Les tapis de soie persans sont d&rsquo;\u00e9l\u00e9gants \u00e9l\u00e9ments de d\u00e9coration pos\u00e9s sur le sol ou accroch\u00e9s au mur. Ils sont appr\u00e9ci\u00e9s dans le monde entier pour leur qualit\u00e9, leur r\u00e9sistance, leur chaleur et leur beaut\u00e9. Notre tapis oriental en soie pr\u00e9sente un motif structur\u00e9 en son centre et un motif floral sur le pourtour. Mesures : tapis de soie oriental (longueur 37 pouces, largeur 23 pouces).      <\/p>\n","protected":false},"excerpt":{"rendered":"<p>La tradition du tissage de tapis se perp\u00e9tue au sein des tribus nomades et des villageois d&rsquo;Iran. Les tapis persans tiss\u00e9s \u00e0 la main sont fabriqu\u00e9s avec des mat\u00e9riaux de la plus haute qualit\u00e9. Des artisans exp\u00e9riment\u00e9s utilisent des techniques de tissage sp\u00e9cifiques pour cr\u00e9er des motifs \u00e9labor\u00e9s, rehauss\u00e9s de couleurs vives. Les tapis de [&hellip;]<\/p>\n","protected":false},"featured_media":4148,"template":"","meta":{"_acf_changed":false},"product_brand":[],"product_cat":[49],"product_tag":[],"class_list":{"0":"post-4168","1":"product","2":"type-product","3":"status-publish","4":"has-post-thumbnail","6":"product_cat-decoratif","8":"first","9":"instock","10":"sold-individually","11":"taxable","12":"shipping-taxable","13":"purchasable","14":"product-type-simple"},"acf":[],"yoast_head":"<!-- This site is optimized with the Yoast SEO plugin v27.3 - https:\/\/yoast.com\/product\/yoast-seo-wordpress\/ -->\n<title>Tapis Oriental en Soie, Iran - D\u00e9coratif - Red Karawana<\/title>\n<meta name=\"description\" content=\"Les tapis de soie persans sont des \u00e9l\u00e9ments de d\u00e9coration \u00e9l\u00e9gants. Notre tapis de soie oriental pr\u00e9sente un motif structur\u00e9 en son centre et un motif floral autour de ses bordures.\" \/>\n<meta name=\"robots\" content=\"index, follow, max-snippet:-1, max-image-preview:large, max-video-preview:-1\" \/>\n<link rel=\"canonical\" href=\"https:\/\/redkarawana.com\/fr\/artisan\/tapis-oriental-en-soie-iran\/\" \/>\n<meta property=\"og:locale\" content=\"fr_FR\" \/>\n<meta property=\"og:type\" content=\"article\" \/>\n<meta property=\"og:title\" content=\"Tapis Oriental en Soie, Iran - D\u00e9coratif - Red Karawana\" \/>\n<meta property=\"og:description\" content=\"Les tapis de soie persans sont des \u00e9l\u00e9ments de d\u00e9coration \u00e9l\u00e9gants. Notre tapis de soie oriental pr\u00e9sente un motif structur\u00e9 en son centre et un motif floral autour de ses bordures.\" \/>\n<meta property=\"og:url\" content=\"https:\/\/redkarawana.com\/fr\/artisan\/tapis-oriental-en-soie-iran\/\" \/>\n<meta property=\"og:site_name\" content=\"Red Karawana\" \/>\n<meta property=\"article:publisher\" content=\"https:\/\/www.facebook.com\/redkarawana\/\" \/>\n<meta property=\"og:image\" content=\"https:\/\/redkarawana.com\/wp-content\/uploads\/2024\/05\/1-AF1200x630-Iran-Oriental-Silk-Carpet.jpg\" \/>\n\t<meta property=\"og:image:width\" content=\"1200\" \/>\n\t<meta property=\"og:image:height\" content=\"630\" \/>\n\t<meta property=\"og:image:type\" content=\"image\/jpeg\" \/>\n<meta name=\"twitter:card\" content=\"summary_large_image\" \/>\n<meta name=\"twitter:label1\" content=\"Dur\u00e9e de lecture estim\u00e9e\" \/>\n\t<meta name=\"twitter:data1\" content=\"1 minute\" \/>\n<script type=\"application\/ld+json\" class=\"yoast-schema-graph\">{\"@context\":\"https:\\\/\\\/schema.org\",\"@graph\":[{\"@type\":\"WebPage\",\"@id\":\"https:\\\/\\\/redkarawana.com\\\/fr\\\/artisan\\\/tapis-oriental-en-soie-iran\\\/\",\"url\":\"https:\\\/\\\/redkarawana.com\\\/fr\\\/artisan\\\/tapis-oriental-en-soie-iran\\\/\",\"name\":\"Tapis Oriental en Soie, Iran - D\u00e9coratif - Red Karawana\",\"isPartOf\":{\"@id\":\"https:\\\/\\\/redkarawana.com\\\/#website\"},\"primaryImageOfPage\":{\"@id\":\"https:\\\/\\\/redkarawana.com\\\/fr\\\/artisan\\\/tapis-oriental-en-soie-iran\\\/#primaryimage\"},\"image\":{\"@id\":\"https:\\\/\\\/redkarawana.com\\\/fr\\\/artisan\\\/tapis-oriental-en-soie-iran\\\/#primaryimage\"},\"thumbnailUrl\":\"https:\\\/\\\/redkarawana.com\\\/wp-content\\\/uploads\\\/2024\\\/05\\\/1-AP-Feature-Iran-Oriental-Silk-Carpet.jpg\",\"datePublished\":\"2025-11-30T01:40:46+00:00\",\"description\":\"Les tapis de soie persans sont des \u00e9l\u00e9ments de d\u00e9coration \u00e9l\u00e9gants. Notre tapis de soie oriental pr\u00e9sente un motif structur\u00e9 en son centre et un motif floral autour de ses bordures.\",\"breadcrumb\":{\"@id\":\"https:\\\/\\\/redkarawana.com\\\/fr\\\/artisan\\\/tapis-oriental-en-soie-iran\\\/#breadcrumb\"},\"inLanguage\":\"fr-FR\",\"potentialAction\":[{\"@type\":\"ReadAction\",\"target\":[\"https:\\\/\\\/redkarawana.com\\\/fr\\\/artisan\\\/tapis-oriental-en-soie-iran\\\/\"]}]},{\"@type\":\"ImageObject\",\"inLanguage\":\"fr-FR\",\"@id\":\"https:\\\/\\\/redkarawana.com\\\/fr\\\/artisan\\\/tapis-oriental-en-soie-iran\\\/#primaryimage\",\"url\":\"https:\\\/\\\/redkarawana.com\\\/wp-content\\\/uploads\\\/2024\\\/05\\\/1-AP-Feature-Iran-Oriental-Silk-Carpet.jpg\",\"contentUrl\":\"https:\\\/\\\/redkarawana.com\\\/wp-content\\\/uploads\\\/2024\\\/05\\\/1-AP-Feature-Iran-Oriental-Silk-Carpet.jpg\",\"width\":680,\"height\":453,\"caption\":\"Iran, Tapis Oriental en Soie\"},{\"@type\":\"BreadcrumbList\",\"@id\":\"https:\\\/\\\/redkarawana.com\\\/fr\\\/artisan\\\/tapis-oriental-en-soie-iran\\\/#breadcrumb\",\"itemListElement\":[{\"@type\":\"ListItem\",\"position\":1,\"name\":\"Home\",\"item\":\"https:\\\/\\\/redkarawana.com\\\/fr\\\/\"},{\"@type\":\"ListItem\",\"position\":2,\"name\":\"Artisans\",\"item\":\"https:\\\/\\\/redkarawana.com\\\/fr\\\/artisans\\\/\"},{\"@type\":\"ListItem\",\"position\":3,\"name\":\"Tapis Oriental en Soie, Iran ; \u00c9l\u00e9gante Pi\u00e8ce de D\u00e9cor\"}]},{\"@type\":\"WebSite\",\"@id\":\"https:\\\/\\\/redkarawana.com\\\/#website\",\"url\":\"https:\\\/\\\/redkarawana.com\\\/\",\"name\":\"Red Karawana\",\"description\":\"\",\"publisher\":{\"@id\":\"https:\\\/\\\/redkarawana.com\\\/#organization\"},\"potentialAction\":[{\"@type\":\"SearchAction\",\"target\":{\"@type\":\"EntryPoint\",\"urlTemplate\":\"https:\\\/\\\/redkarawana.com\\\/?s={search_term_string}\"},\"query-input\":{\"@type\":\"PropertyValueSpecification\",\"valueRequired\":true,\"valueName\":\"search_term_string\"}}],\"inLanguage\":\"fr-FR\"},{\"@type\":\"Organization\",\"@id\":\"https:\\\/\\\/redkarawana.com\\\/#organization\",\"name\":\"Red Karawana\",\"url\":\"https:\\\/\\\/redkarawana.com\\\/\",\"logo\":{\"@type\":\"ImageObject\",\"inLanguage\":\"fr-FR\",\"@id\":\"https:\\\/\\\/redkarawana.com\\\/#\\\/schema\\\/logo\\\/image\\\/\",\"url\":\"https:\\\/\\\/redkarawana.com\\\/wp-content\\\/uploads\\\/2025\\\/05\\\/cropped-Screenshot-2025-05-29-at-09.27.38.png\",\"contentUrl\":\"https:\\\/\\\/redkarawana.com\\\/wp-content\\\/uploads\\\/2025\\\/05\\\/cropped-Screenshot-2025-05-29-at-09.27.38.png\",\"width\":512,\"height\":512,\"caption\":\"Red Karawana\"},\"image\":{\"@id\":\"https:\\\/\\\/redkarawana.com\\\/#\\\/schema\\\/logo\\\/image\\\/\"},\"sameAs\":[\"https:\\\/\\\/www.facebook.com\\\/redkarawana\\\/\",\"https:\\\/\\\/www.instagram.com\\\/redkarawana\\\/\",\"https:\\\/\\\/www.youtube.com\\\/channel\\\/UCU9jXzSmyKm4ZZv38FEXGKg\",\"https:\\\/\\\/www.pinterest.com\\\/redkarawana\\\/\"]}]}<\/script>\n<!-- \/ Yoast SEO plugin. -->","yoast_head_json":{"title":"Tapis Oriental en Soie, Iran - D\u00e9coratif - Red Karawana","description":"Les tapis de soie persans sont des \u00e9l\u00e9ments de d\u00e9coration \u00e9l\u00e9gants. Notre tapis de soie oriental pr\u00e9sente un motif structur\u00e9 en son centre et un motif floral autour de ses bordures.","robots":{"index":"index","follow":"follow","max-snippet":"max-snippet:-1","max-image-preview":"max-image-preview:large","max-video-preview":"max-video-preview:-1"},"canonical":"https:\/\/redkarawana.com\/fr\/artisan\/tapis-oriental-en-soie-iran\/","og_locale":"fr_FR","og_type":"article","og_title":"Tapis Oriental en Soie, Iran - D\u00e9coratif - Red Karawana","og_description":"Les tapis de soie persans sont des \u00e9l\u00e9ments de d\u00e9coration \u00e9l\u00e9gants. Notre tapis de soie oriental pr\u00e9sente un motif structur\u00e9 en son centre et un motif floral autour de ses bordures.","og_url":"https:\/\/redkarawana.com\/fr\/artisan\/tapis-oriental-en-soie-iran\/","og_site_name":"Red Karawana","article_publisher":"https:\/\/www.facebook.com\/redkarawana\/","og_image":[{"width":1200,"height":630,"url":"https:\/\/redkarawana.com\/wp-content\/uploads\/2024\/05\/1-AF1200x630-Iran-Oriental-Silk-Carpet.jpg","type":"image\/jpeg"}],"twitter_card":"summary_large_image","twitter_misc":{"Dur\u00e9e de lecture estim\u00e9e":"1 minute"},"schema":{"@context":"https:\/\/schema.org","@graph":[{"@type":"WebPage","@id":"https:\/\/redkarawana.com\/fr\/artisan\/tapis-oriental-en-soie-iran\/","url":"https:\/\/redkarawana.com\/fr\/artisan\/tapis-oriental-en-soie-iran\/","name":"Tapis Oriental en Soie, Iran - D\u00e9coratif - Red Karawana","isPartOf":{"@id":"https:\/\/redkarawana.com\/#website"},"primaryImageOfPage":{"@id":"https:\/\/redkarawana.com\/fr\/artisan\/tapis-oriental-en-soie-iran\/#primaryimage"},"image":{"@id":"https:\/\/redkarawana.com\/fr\/artisan\/tapis-oriental-en-soie-iran\/#primaryimage"},"thumbnailUrl":"https:\/\/redkarawana.com\/wp-content\/uploads\/2024\/05\/1-AP-Feature-Iran-Oriental-Silk-Carpet.jpg","datePublished":"2025-11-30T01:40:46+00:00","description":"Les tapis de soie persans sont des \u00e9l\u00e9ments de d\u00e9coration \u00e9l\u00e9gants. Notre tapis de soie oriental pr\u00e9sente un motif structur\u00e9 en son centre et un motif floral autour de ses bordures.","breadcrumb":{"@id":"https:\/\/redkarawana.com\/fr\/artisan\/tapis-oriental-en-soie-iran\/#breadcrumb"},"inLanguage":"fr-FR","potentialAction":[{"@type":"ReadAction","target":["https:\/\/redkarawana.com\/fr\/artisan\/tapis-oriental-en-soie-iran\/"]}]},{"@type":"ImageObject","inLanguage":"fr-FR","@id":"https:\/\/redkarawana.com\/fr\/artisan\/tapis-oriental-en-soie-iran\/#primaryimage","url":"https:\/\/redkarawana.com\/wp-content\/uploads\/2024\/05\/1-AP-Feature-Iran-Oriental-Silk-Carpet.jpg","contentUrl":"https:\/\/redkarawana.com\/wp-content\/uploads\/2024\/05\/1-AP-Feature-Iran-Oriental-Silk-Carpet.jpg","width":680,"height":453,"caption":"Iran, Tapis Oriental en Soie"},{"@type":"BreadcrumbList","@id":"https:\/\/redkarawana.com\/fr\/artisan\/tapis-oriental-en-soie-iran\/#breadcrumb","itemListElement":[{"@type":"ListItem","position":1,"name":"Home","item":"https:\/\/redkarawana.com\/fr\/"},{"@type":"ListItem","position":2,"name":"Artisans","item":"https:\/\/redkarawana.com\/fr\/artisans\/"},{"@type":"ListItem","position":3,"name":"Tapis Oriental en Soie, Iran ; \u00c9l\u00e9gante Pi\u00e8ce de D\u00e9cor"}]},{"@type":"WebSite","@id":"https:\/\/redkarawana.com\/#website","url":"https:\/\/redkarawana.com\/","name":"Red Karawana","description":"","publisher":{"@id":"https:\/\/redkarawana.com\/#organization"},"potentialAction":[{"@type":"SearchAction","target":{"@type":"EntryPoint","urlTemplate":"https:\/\/redkarawana.com\/?s={search_term_string}"},"query-input":{"@type":"PropertyValueSpecification","valueRequired":true,"valueName":"search_term_string"}}],"inLanguage":"fr-FR"},{"@type":"Organization","@id":"https:\/\/redkarawana.com\/#organization","name":"Red Karawana","url":"https:\/\/redkarawana.com\/","logo":{"@type":"ImageObject","inLanguage":"fr-FR","@id":"https:\/\/redkarawana.com\/#\/schema\/logo\/image\/","url":"https:\/\/redkarawana.com\/wp-content\/uploads\/2025\/05\/cropped-Screenshot-2025-05-29-at-09.27.38.png","contentUrl":"https:\/\/redkarawana.com\/wp-content\/uploads\/2025\/05\/cropped-Screenshot-2025-05-29-at-09.27.38.png","width":512,"height":512,"caption":"Red Karawana"},"image":{"@id":"https:\/\/redkarawana.com\/#\/schema\/logo\/image\/"},"sameAs":["https:\/\/www.facebook.com\/redkarawana\/","https:\/\/www.instagram.com\/redkarawana\/","https:\/\/www.youtube.com\/channel\/UCU9jXzSmyKm4ZZv38FEXGKg","https:\/\/www.pinterest.com\/redkarawana\/"]}]}},"_links":{"self":[{"href":"https:\/\/redkarawana.com\/fr\/wp-json\/wp\/v2\/product\/4168","targetHints":{"allow":["GET"]}}],"collection":[{"href":"https:\/\/redkarawana.com\/fr\/wp-json\/wp\/v2\/product"}],"about":[{"href":"https:\/\/redkarawana.com\/fr\/wp-json\/wp\/v2\/types\/product"}],"wp:featuredmedia":[{"embeddable":true,"href":"https:\/\/redkarawana.com\/fr\/wp-json\/wp\/v2\/media\/4148"}],"wp:attachment":[{"href":"https:\/\/redkarawana.com\/fr\/wp-json\/wp\/v2\/media?parent=4168"}],"wp:term":[{"taxonomy":"product_brand","embeddable":true,"href":"https:\/\/redkarawana.com\/fr\/wp-json\/wp\/v2\/product_brand?post=4168"},{"taxonomy":"product_cat","embeddable":true,"href":"https:\/\/redkarawana.com\/fr\/wp-json\/wp\/v2\/product_cat?post=4168"},{"taxonomy":"product_tag","embeddable":true,"href":"https:\/\/redkarawana.com\/fr\/wp-json\/wp\/v2\/product_tag?post=4168"}],"curies":[{"name":"wp","href":"https:\/\/api.w.org\/{rel}","templated":true}]}}