{"id":4192,"date":"2025-11-30T01:50:43","date_gmt":"2025-11-30T01:50:43","guid":{"rendered":"https:\/\/redkarawana.com\/?post_type=product&#038;p=4192"},"modified":"2025-07-20T21:06:29","modified_gmt":"2025-07-20T21:06:29","slug":"horloge-ornement-de-noel-pologne","status":"publish","type":"product","link":"https:\/\/redkarawana.com\/fr\/artisan\/horloge-ornement-de-noel-pologne\/","title":{"rendered":"Horloge Ornement de No\u00ebl, Pologne ; D\u00e9coration Intemporelle en Verre"},"content":{"rendered":"<p>La tradition de la fabrication de d\u00e9corations de No\u00ebl en verre remonte \u00e0 des centaines d&rsquo;ann\u00e9es. Les d\u00e9corations de No\u00ebl souffl\u00e9es \u00e0 la main en Pologne sont appr\u00e9ci\u00e9es dans le monde entier. Des artisans talentueux cr\u00e9ent des \u0153uvres d&rsquo;art originales avec des motifs peints \u00e0 la main. Les d\u00e9corations de No\u00ebl en verre sont d\u00e9licates, festives et intemporelles. Les d\u00e9corations de No\u00ebl classiques sont de magnifiques symboles de la p\u00e9riode magique de No\u00ebl. Notre horloge de No\u00ebl s\u00e9lectionn\u00e9e pr\u00e9sente un motif classique unique et des couleurs compl\u00e9mentaires. Dimensions : Ornement de No\u00ebl horloge (hauteur 5 pouces (13 cm), largeur 3 pouces (7 \u00bd cm)).      <\/p>\n","protected":false},"excerpt":{"rendered":"<p>La tradition de la fabrication de d\u00e9corations de No\u00ebl en verre remonte \u00e0 des centaines d&rsquo;ann\u00e9es. Les d\u00e9corations de No\u00ebl souffl\u00e9es \u00e0 la main en Pologne sont appr\u00e9ci\u00e9es dans le monde entier. Des artisans talentueux cr\u00e9ent des \u0153uvres d&rsquo;art originales avec des motifs peints \u00e0 la main. Les d\u00e9corations de No\u00ebl en verre sont d\u00e9licates, [&hellip;]<\/p>\n","protected":false},"featured_media":4176,"template":"","meta":{"_acf_changed":false},"product_brand":[],"product_cat":[49],"product_tag":[],"class_list":{"0":"post-4192","1":"product","2":"type-product","3":"status-publish","4":"has-post-thumbnail","6":"product_cat-decoratif","8":"first","9":"instock","10":"sold-individually","11":"taxable","12":"shipping-taxable","13":"purchasable","14":"product-type-simple"},"acf":[],"yoast_head":"<!-- This site is optimized with the Yoast SEO plugin v27.3 - https:\/\/yoast.com\/product\/yoast-seo-wordpress\/ -->\n<title>Horloge Ornement de No\u00ebl, Pologne - D\u00e9coratif - Red Karawana<\/title>\n<meta name=\"description\" content=\"Les d\u00e9corations de No\u00ebl en verre sont festives et intemporelles. L&#039;horloge de No\u00ebl que nous avons s\u00e9lectionn\u00e9e pr\u00e9sente un motif classique unique et des couleurs compl\u00e9mentaires.\" \/>\n<meta name=\"robots\" content=\"index, follow, max-snippet:-1, max-image-preview:large, max-video-preview:-1\" \/>\n<link rel=\"canonical\" href=\"https:\/\/redkarawana.com\/fr\/artisan\/horloge-ornement-de-noel-pologne\/\" \/>\n<meta property=\"og:locale\" content=\"fr_FR\" \/>\n<meta property=\"og:type\" content=\"article\" \/>\n<meta property=\"og:title\" content=\"Horloge Ornement de No\u00ebl, Pologne - D\u00e9coratif - Red Karawana\" \/>\n<meta property=\"og:description\" content=\"Les d\u00e9corations de No\u00ebl en verre sont festives et intemporelles. L&#039;horloge de No\u00ebl que nous avons s\u00e9lectionn\u00e9e pr\u00e9sente un motif classique unique et des couleurs compl\u00e9mentaires.\" \/>\n<meta property=\"og:url\" content=\"https:\/\/redkarawana.com\/fr\/artisan\/horloge-ornement-de-noel-pologne\/\" \/>\n<meta property=\"og:site_name\" content=\"Red Karawana\" \/>\n<meta property=\"article:publisher\" content=\"https:\/\/www.facebook.com\/redkarawana\/\" \/>\n<meta property=\"og:image\" content=\"https:\/\/redkarawana.com\/wp-content\/uploads\/2024\/05\/1-AF1200x630-Poland-Clock-Christmas-Ornament.jpg\" \/>\n\t<meta property=\"og:image:width\" content=\"1200\" \/>\n\t<meta property=\"og:image:height\" content=\"630\" \/>\n\t<meta property=\"og:image:type\" content=\"image\/jpeg\" \/>\n<meta name=\"twitter:card\" content=\"summary_large_image\" \/>\n<meta name=\"twitter:label1\" content=\"Dur\u00e9e de lecture estim\u00e9e\" \/>\n\t<meta name=\"twitter:data1\" content=\"1 minute\" \/>\n<script type=\"application\/ld+json\" class=\"yoast-schema-graph\">{\"@context\":\"https:\\\/\\\/schema.org\",\"@graph\":[{\"@type\":\"WebPage\",\"@id\":\"https:\\\/\\\/redkarawana.com\\\/fr\\\/artisan\\\/horloge-ornement-de-noel-pologne\\\/\",\"url\":\"https:\\\/\\\/redkarawana.com\\\/fr\\\/artisan\\\/horloge-ornement-de-noel-pologne\\\/\",\"name\":\"Horloge Ornement de No\u00ebl, Pologne - D\u00e9coratif - Red Karawana\",\"isPartOf\":{\"@id\":\"https:\\\/\\\/redkarawana.com\\\/#website\"},\"primaryImageOfPage\":{\"@id\":\"https:\\\/\\\/redkarawana.com\\\/fr\\\/artisan\\\/horloge-ornement-de-noel-pologne\\\/#primaryimage\"},\"image\":{\"@id\":\"https:\\\/\\\/redkarawana.com\\\/fr\\\/artisan\\\/horloge-ornement-de-noel-pologne\\\/#primaryimage\"},\"thumbnailUrl\":\"https:\\\/\\\/redkarawana.com\\\/wp-content\\\/uploads\\\/2024\\\/05\\\/1-AP-Feature-Poland-Clock-Christmas-Ornament.jpg\",\"datePublished\":\"2025-11-30T01:50:43+00:00\",\"description\":\"Les d\u00e9corations de No\u00ebl en verre sont festives et intemporelles. L'horloge de No\u00ebl que nous avons s\u00e9lectionn\u00e9e pr\u00e9sente un motif classique unique et des couleurs compl\u00e9mentaires.\",\"breadcrumb\":{\"@id\":\"https:\\\/\\\/redkarawana.com\\\/fr\\\/artisan\\\/horloge-ornement-de-noel-pologne\\\/#breadcrumb\"},\"inLanguage\":\"fr-FR\",\"potentialAction\":[{\"@type\":\"ReadAction\",\"target\":[\"https:\\\/\\\/redkarawana.com\\\/fr\\\/artisan\\\/horloge-ornement-de-noel-pologne\\\/\"]}]},{\"@type\":\"ImageObject\",\"inLanguage\":\"fr-FR\",\"@id\":\"https:\\\/\\\/redkarawana.com\\\/fr\\\/artisan\\\/horloge-ornement-de-noel-pologne\\\/#primaryimage\",\"url\":\"https:\\\/\\\/redkarawana.com\\\/wp-content\\\/uploads\\\/2024\\\/05\\\/1-AP-Feature-Poland-Clock-Christmas-Ornament.jpg\",\"contentUrl\":\"https:\\\/\\\/redkarawana.com\\\/wp-content\\\/uploads\\\/2024\\\/05\\\/1-AP-Feature-Poland-Clock-Christmas-Ornament.jpg\",\"width\":680,\"height\":453,\"caption\":\"Pologne, Horloge Ornement de No\u00ebl\"},{\"@type\":\"BreadcrumbList\",\"@id\":\"https:\\\/\\\/redkarawana.com\\\/fr\\\/artisan\\\/horloge-ornement-de-noel-pologne\\\/#breadcrumb\",\"itemListElement\":[{\"@type\":\"ListItem\",\"position\":1,\"name\":\"Home\",\"item\":\"https:\\\/\\\/redkarawana.com\\\/fr\\\/\"},{\"@type\":\"ListItem\",\"position\":2,\"name\":\"Artisans\",\"item\":\"https:\\\/\\\/redkarawana.com\\\/fr\\\/artisans\\\/\"},{\"@type\":\"ListItem\",\"position\":3,\"name\":\"Horloge Ornement de No\u00ebl, Pologne ; D\u00e9coration Intemporelle en Verre\"}]},{\"@type\":\"WebSite\",\"@id\":\"https:\\\/\\\/redkarawana.com\\\/#website\",\"url\":\"https:\\\/\\\/redkarawana.com\\\/\",\"name\":\"Red Karawana\",\"description\":\"\",\"publisher\":{\"@id\":\"https:\\\/\\\/redkarawana.com\\\/#organization\"},\"potentialAction\":[{\"@type\":\"SearchAction\",\"target\":{\"@type\":\"EntryPoint\",\"urlTemplate\":\"https:\\\/\\\/redkarawana.com\\\/?s={search_term_string}\"},\"query-input\":{\"@type\":\"PropertyValueSpecification\",\"valueRequired\":true,\"valueName\":\"search_term_string\"}}],\"inLanguage\":\"fr-FR\"},{\"@type\":\"Organization\",\"@id\":\"https:\\\/\\\/redkarawana.com\\\/#organization\",\"name\":\"Red Karawana\",\"url\":\"https:\\\/\\\/redkarawana.com\\\/\",\"logo\":{\"@type\":\"ImageObject\",\"inLanguage\":\"fr-FR\",\"@id\":\"https:\\\/\\\/redkarawana.com\\\/#\\\/schema\\\/logo\\\/image\\\/\",\"url\":\"https:\\\/\\\/redkarawana.com\\\/wp-content\\\/uploads\\\/2025\\\/05\\\/cropped-Screenshot-2025-05-29-at-09.27.38.png\",\"contentUrl\":\"https:\\\/\\\/redkarawana.com\\\/wp-content\\\/uploads\\\/2025\\\/05\\\/cropped-Screenshot-2025-05-29-at-09.27.38.png\",\"width\":512,\"height\":512,\"caption\":\"Red Karawana\"},\"image\":{\"@id\":\"https:\\\/\\\/redkarawana.com\\\/#\\\/schema\\\/logo\\\/image\\\/\"},\"sameAs\":[\"https:\\\/\\\/www.facebook.com\\\/redkarawana\\\/\",\"https:\\\/\\\/www.instagram.com\\\/redkarawana\\\/\",\"https:\\\/\\\/www.youtube.com\\\/channel\\\/UCU9jXzSmyKm4ZZv38FEXGKg\",\"https:\\\/\\\/www.pinterest.com\\\/redkarawana\\\/\"]}]}<\/script>\n<!-- \/ Yoast SEO plugin. -->","yoast_head_json":{"title":"Horloge Ornement de No\u00ebl, Pologne - D\u00e9coratif - Red Karawana","description":"Les d\u00e9corations de No\u00ebl en verre sont festives et intemporelles. L'horloge de No\u00ebl que nous avons s\u00e9lectionn\u00e9e pr\u00e9sente un motif classique unique et des couleurs compl\u00e9mentaires.","robots":{"index":"index","follow":"follow","max-snippet":"max-snippet:-1","max-image-preview":"max-image-preview:large","max-video-preview":"max-video-preview:-1"},"canonical":"https:\/\/redkarawana.com\/fr\/artisan\/horloge-ornement-de-noel-pologne\/","og_locale":"fr_FR","og_type":"article","og_title":"Horloge Ornement de No\u00ebl, Pologne - D\u00e9coratif - Red Karawana","og_description":"Les d\u00e9corations de No\u00ebl en verre sont festives et intemporelles. L'horloge de No\u00ebl que nous avons s\u00e9lectionn\u00e9e pr\u00e9sente un motif classique unique et des couleurs compl\u00e9mentaires.","og_url":"https:\/\/redkarawana.com\/fr\/artisan\/horloge-ornement-de-noel-pologne\/","og_site_name":"Red Karawana","article_publisher":"https:\/\/www.facebook.com\/redkarawana\/","og_image":[{"width":1200,"height":630,"url":"https:\/\/redkarawana.com\/wp-content\/uploads\/2024\/05\/1-AF1200x630-Poland-Clock-Christmas-Ornament.jpg","type":"image\/jpeg"}],"twitter_card":"summary_large_image","twitter_misc":{"Dur\u00e9e de lecture estim\u00e9e":"1 minute"},"schema":{"@context":"https:\/\/schema.org","@graph":[{"@type":"WebPage","@id":"https:\/\/redkarawana.com\/fr\/artisan\/horloge-ornement-de-noel-pologne\/","url":"https:\/\/redkarawana.com\/fr\/artisan\/horloge-ornement-de-noel-pologne\/","name":"Horloge Ornement de No\u00ebl, Pologne - D\u00e9coratif - Red Karawana","isPartOf":{"@id":"https:\/\/redkarawana.com\/#website"},"primaryImageOfPage":{"@id":"https:\/\/redkarawana.com\/fr\/artisan\/horloge-ornement-de-noel-pologne\/#primaryimage"},"image":{"@id":"https:\/\/redkarawana.com\/fr\/artisan\/horloge-ornement-de-noel-pologne\/#primaryimage"},"thumbnailUrl":"https:\/\/redkarawana.com\/wp-content\/uploads\/2024\/05\/1-AP-Feature-Poland-Clock-Christmas-Ornament.jpg","datePublished":"2025-11-30T01:50:43+00:00","description":"Les d\u00e9corations de No\u00ebl en verre sont festives et intemporelles. L'horloge de No\u00ebl que nous avons s\u00e9lectionn\u00e9e pr\u00e9sente un motif classique unique et des couleurs compl\u00e9mentaires.","breadcrumb":{"@id":"https:\/\/redkarawana.com\/fr\/artisan\/horloge-ornement-de-noel-pologne\/#breadcrumb"},"inLanguage":"fr-FR","potentialAction":[{"@type":"ReadAction","target":["https:\/\/redkarawana.com\/fr\/artisan\/horloge-ornement-de-noel-pologne\/"]}]},{"@type":"ImageObject","inLanguage":"fr-FR","@id":"https:\/\/redkarawana.com\/fr\/artisan\/horloge-ornement-de-noel-pologne\/#primaryimage","url":"https:\/\/redkarawana.com\/wp-content\/uploads\/2024\/05\/1-AP-Feature-Poland-Clock-Christmas-Ornament.jpg","contentUrl":"https:\/\/redkarawana.com\/wp-content\/uploads\/2024\/05\/1-AP-Feature-Poland-Clock-Christmas-Ornament.jpg","width":680,"height":453,"caption":"Pologne, Horloge Ornement de No\u00ebl"},{"@type":"BreadcrumbList","@id":"https:\/\/redkarawana.com\/fr\/artisan\/horloge-ornement-de-noel-pologne\/#breadcrumb","itemListElement":[{"@type":"ListItem","position":1,"name":"Home","item":"https:\/\/redkarawana.com\/fr\/"},{"@type":"ListItem","position":2,"name":"Artisans","item":"https:\/\/redkarawana.com\/fr\/artisans\/"},{"@type":"ListItem","position":3,"name":"Horloge Ornement de No\u00ebl, Pologne ; D\u00e9coration Intemporelle en Verre"}]},{"@type":"WebSite","@id":"https:\/\/redkarawana.com\/#website","url":"https:\/\/redkarawana.com\/","name":"Red Karawana","description":"","publisher":{"@id":"https:\/\/redkarawana.com\/#organization"},"potentialAction":[{"@type":"SearchAction","target":{"@type":"EntryPoint","urlTemplate":"https:\/\/redkarawana.com\/?s={search_term_string}"},"query-input":{"@type":"PropertyValueSpecification","valueRequired":true,"valueName":"search_term_string"}}],"inLanguage":"fr-FR"},{"@type":"Organization","@id":"https:\/\/redkarawana.com\/#organization","name":"Red Karawana","url":"https:\/\/redkarawana.com\/","logo":{"@type":"ImageObject","inLanguage":"fr-FR","@id":"https:\/\/redkarawana.com\/#\/schema\/logo\/image\/","url":"https:\/\/redkarawana.com\/wp-content\/uploads\/2025\/05\/cropped-Screenshot-2025-05-29-at-09.27.38.png","contentUrl":"https:\/\/redkarawana.com\/wp-content\/uploads\/2025\/05\/cropped-Screenshot-2025-05-29-at-09.27.38.png","width":512,"height":512,"caption":"Red Karawana"},"image":{"@id":"https:\/\/redkarawana.com\/#\/schema\/logo\/image\/"},"sameAs":["https:\/\/www.facebook.com\/redkarawana\/","https:\/\/www.instagram.com\/redkarawana\/","https:\/\/www.youtube.com\/channel\/UCU9jXzSmyKm4ZZv38FEXGKg","https:\/\/www.pinterest.com\/redkarawana\/"]}]}},"_links":{"self":[{"href":"https:\/\/redkarawana.com\/fr\/wp-json\/wp\/v2\/product\/4192","targetHints":{"allow":["GET"]}}],"collection":[{"href":"https:\/\/redkarawana.com\/fr\/wp-json\/wp\/v2\/product"}],"about":[{"href":"https:\/\/redkarawana.com\/fr\/wp-json\/wp\/v2\/types\/product"}],"wp:featuredmedia":[{"embeddable":true,"href":"https:\/\/redkarawana.com\/fr\/wp-json\/wp\/v2\/media\/4176"}],"wp:attachment":[{"href":"https:\/\/redkarawana.com\/fr\/wp-json\/wp\/v2\/media?parent=4192"}],"wp:term":[{"taxonomy":"product_brand","embeddable":true,"href":"https:\/\/redkarawana.com\/fr\/wp-json\/wp\/v2\/product_brand?post=4192"},{"taxonomy":"product_cat","embeddable":true,"href":"https:\/\/redkarawana.com\/fr\/wp-json\/wp\/v2\/product_cat?post=4192"},{"taxonomy":"product_tag","embeddable":true,"href":"https:\/\/redkarawana.com\/fr\/wp-json\/wp\/v2\/product_tag?post=4192"}],"curies":[{"name":"wp","href":"https:\/\/api.w.org\/{rel}","templated":true}]}}