{"id":4216,"date":"2025-11-30T02:00:44","date_gmt":"2025-11-30T02:00:44","guid":{"rendered":"https:\/\/redkarawana.com\/?post_type=product&#038;p=4216"},"modified":"2025-12-06T08:57:02","modified_gmt":"2025-12-06T08:57:02","slug":"bol-cristal-orange-pologne","status":"publish","type":"product","link":"https:\/\/redkarawana.com\/fr\/artisan\/bol-cristal-orange-pologne\/","title":{"rendered":"Bol en Cristal Orange, Pologne ; \u00c9l\u00e9gant Motif Sculpt\u00e9 Main"},"content":{"rendered":"<p>Dans le sud de la Pologne, la r\u00e9gion de Sil\u00e9sie est connue pour ses paysages pittoresques et ses magnifiques produits en cristal, fabriqu\u00e9s selon d&rsquo;anciennes techniques traditionnelles. Les cristaux polonais sont souffl\u00e9s, taill\u00e9s et sculpt\u00e9s \u00e0 la main, ce qui leur conf\u00e8re une excellente transparence. L&rsquo;\u00e9l\u00e9gante verrerie pr\u00e9sente de magnifiques sculptures, des motifs uniques et une grande brillance. La coupe en cristal orange que nous vous pr\u00e9sentons a \u00e9t\u00e9 cr\u00e9\u00e9e par Marika, un fabricant qui met l&rsquo;accent sur l&rsquo;artisanat de haute qualit\u00e9. La coupe en cristal orange pr\u00e9sente un motif \u00e9l\u00e9gant sculpt\u00e9 \u00e0 la main. Dimensions : bol en cristal orange (hauteur 10 cm, largeur 10 cm).<\/p>\n","protected":false},"excerpt":{"rendered":"<p>Dans le sud de la Pologne, la r\u00e9gion de Sil\u00e9sie est connue pour ses paysages pittoresques et ses magnifiques produits en cristal, fabriqu\u00e9s selon d&rsquo;anciennes techniques traditionnelles. Les cristaux polonais sont souffl\u00e9s, taill\u00e9s et sculpt\u00e9s \u00e0 la main, ce qui leur conf\u00e8re une excellente transparence. L&rsquo;\u00e9l\u00e9gante verrerie pr\u00e9sente de magnifiques sculptures, des motifs uniques et [&hellip;]<\/p>\n","protected":false},"featured_media":4200,"template":"","meta":{"_acf_changed":false},"product_brand":[],"product_cat":[50],"product_tag":[],"class_list":{"0":"post-4216","1":"product","2":"type-product","3":"status-publish","4":"has-post-thumbnail","6":"product_cat-fonctionnel","8":"first","9":"instock","10":"sold-individually","11":"taxable","12":"shipping-taxable","13":"purchasable","14":"product-type-simple"},"acf":[],"yoast_head":"<!-- This site is optimized with the Yoast SEO plugin v27.3 - https:\/\/yoast.com\/product\/yoast-seo-wordpress\/ -->\n<title>Bol en Cristal Orange, Pologne - Fonctionnel - Red Karawana<\/title>\n<meta name=\"description\" content=\"Notre bol en cristal orange est cr\u00e9\u00e9 par Marika Company. Notre bol en cristal orange pr\u00e9sente de belles sculptures et des motifs \u00e9l\u00e9gants.\" \/>\n<meta name=\"robots\" content=\"index, follow, max-snippet:-1, max-image-preview:large, max-video-preview:-1\" \/>\n<link rel=\"canonical\" href=\"https:\/\/redkarawana.com\/fr\/artisan\/bol-cristal-orange-pologne\/\" \/>\n<meta property=\"og:locale\" content=\"fr_FR\" \/>\n<meta property=\"og:type\" content=\"article\" \/>\n<meta property=\"og:title\" content=\"Bol en Cristal Orange, Pologne - Fonctionnel - Red Karawana\" \/>\n<meta property=\"og:description\" content=\"Notre bol en cristal orange est cr\u00e9\u00e9 par Marika Company. Notre bol en cristal orange pr\u00e9sente de belles sculptures et des motifs \u00e9l\u00e9gants.\" \/>\n<meta property=\"og:url\" content=\"https:\/\/redkarawana.com\/fr\/artisan\/bol-cristal-orange-pologne\/\" \/>\n<meta property=\"og:site_name\" content=\"Red Karawana\" \/>\n<meta property=\"article:publisher\" content=\"https:\/\/www.facebook.com\/redkarawana\/\" \/>\n<meta property=\"article:modified_time\" content=\"2025-12-06T08:57:02+00:00\" \/>\n<meta property=\"og:image\" content=\"https:\/\/redkarawana.com\/wp-content\/uploads\/2024\/05\/1-AF-1200x630-Poland-Orange-Crystal-Bowl.jpg\" \/>\n\t<meta property=\"og:image:width\" content=\"1200\" \/>\n\t<meta property=\"og:image:height\" content=\"630\" \/>\n\t<meta property=\"og:image:type\" content=\"image\/jpeg\" \/>\n<meta name=\"twitter:card\" content=\"summary_large_image\" \/>\n<meta name=\"twitter:label1\" content=\"Dur\u00e9e de lecture estim\u00e9e\" \/>\n\t<meta name=\"twitter:data1\" content=\"1 minute\" \/>\n<script type=\"application\/ld+json\" class=\"yoast-schema-graph\">{\"@context\":\"https:\\\/\\\/schema.org\",\"@graph\":[{\"@type\":\"WebPage\",\"@id\":\"https:\\\/\\\/redkarawana.com\\\/fr\\\/artisan\\\/bol-cristal-orange-pologne\\\/\",\"url\":\"https:\\\/\\\/redkarawana.com\\\/fr\\\/artisan\\\/bol-cristal-orange-pologne\\\/\",\"name\":\"Bol en Cristal Orange, Pologne - Fonctionnel - Red Karawana\",\"isPartOf\":{\"@id\":\"https:\\\/\\\/redkarawana.com\\\/#website\"},\"primaryImageOfPage\":{\"@id\":\"https:\\\/\\\/redkarawana.com\\\/fr\\\/artisan\\\/bol-cristal-orange-pologne\\\/#primaryimage\"},\"image\":{\"@id\":\"https:\\\/\\\/redkarawana.com\\\/fr\\\/artisan\\\/bol-cristal-orange-pologne\\\/#primaryimage\"},\"thumbnailUrl\":\"https:\\\/\\\/redkarawana.com\\\/wp-content\\\/uploads\\\/2024\\\/05\\\/1-AP-Feature-Poland-Orange-Crystal-Bowl.jpg\",\"datePublished\":\"2025-11-30T02:00:44+00:00\",\"dateModified\":\"2025-12-06T08:57:02+00:00\",\"description\":\"Notre bol en cristal orange est cr\u00e9\u00e9 par Marika Company. Notre bol en cristal orange pr\u00e9sente de belles sculptures et des motifs \u00e9l\u00e9gants.\",\"breadcrumb\":{\"@id\":\"https:\\\/\\\/redkarawana.com\\\/fr\\\/artisan\\\/bol-cristal-orange-pologne\\\/#breadcrumb\"},\"inLanguage\":\"fr-FR\",\"potentialAction\":[{\"@type\":\"ReadAction\",\"target\":[\"https:\\\/\\\/redkarawana.com\\\/fr\\\/artisan\\\/bol-cristal-orange-pologne\\\/\"]}]},{\"@type\":\"ImageObject\",\"inLanguage\":\"fr-FR\",\"@id\":\"https:\\\/\\\/redkarawana.com\\\/fr\\\/artisan\\\/bol-cristal-orange-pologne\\\/#primaryimage\",\"url\":\"https:\\\/\\\/redkarawana.com\\\/wp-content\\\/uploads\\\/2024\\\/05\\\/1-AP-Feature-Poland-Orange-Crystal-Bowl.jpg\",\"contentUrl\":\"https:\\\/\\\/redkarawana.com\\\/wp-content\\\/uploads\\\/2024\\\/05\\\/1-AP-Feature-Poland-Orange-Crystal-Bowl.jpg\",\"width\":680,\"height\":453,\"caption\":\"Pologne, Bol en Cristal Orange\"},{\"@type\":\"BreadcrumbList\",\"@id\":\"https:\\\/\\\/redkarawana.com\\\/fr\\\/artisan\\\/bol-cristal-orange-pologne\\\/#breadcrumb\",\"itemListElement\":[{\"@type\":\"ListItem\",\"position\":1,\"name\":\"Home\",\"item\":\"https:\\\/\\\/redkarawana.com\\\/fr\\\/\"},{\"@type\":\"ListItem\",\"position\":2,\"name\":\"Artisans\",\"item\":\"https:\\\/\\\/redkarawana.com\\\/fr\\\/artisans\\\/\"},{\"@type\":\"ListItem\",\"position\":3,\"name\":\"Bol en Cristal Orange, Pologne ; \u00c9l\u00e9gant Motif Sculpt\u00e9 Main\"}]},{\"@type\":\"WebSite\",\"@id\":\"https:\\\/\\\/redkarawana.com\\\/#website\",\"url\":\"https:\\\/\\\/redkarawana.com\\\/\",\"name\":\"Red Karawana\",\"description\":\"\",\"publisher\":{\"@id\":\"https:\\\/\\\/redkarawana.com\\\/#organization\"},\"potentialAction\":[{\"@type\":\"SearchAction\",\"target\":{\"@type\":\"EntryPoint\",\"urlTemplate\":\"https:\\\/\\\/redkarawana.com\\\/?s={search_term_string}\"},\"query-input\":{\"@type\":\"PropertyValueSpecification\",\"valueRequired\":true,\"valueName\":\"search_term_string\"}}],\"inLanguage\":\"fr-FR\"},{\"@type\":\"Organization\",\"@id\":\"https:\\\/\\\/redkarawana.com\\\/#organization\",\"name\":\"Red Karawana\",\"url\":\"https:\\\/\\\/redkarawana.com\\\/\",\"logo\":{\"@type\":\"ImageObject\",\"inLanguage\":\"fr-FR\",\"@id\":\"https:\\\/\\\/redkarawana.com\\\/#\\\/schema\\\/logo\\\/image\\\/\",\"url\":\"https:\\\/\\\/redkarawana.com\\\/wp-content\\\/uploads\\\/2025\\\/05\\\/cropped-Screenshot-2025-05-29-at-09.27.38.png\",\"contentUrl\":\"https:\\\/\\\/redkarawana.com\\\/wp-content\\\/uploads\\\/2025\\\/05\\\/cropped-Screenshot-2025-05-29-at-09.27.38.png\",\"width\":512,\"height\":512,\"caption\":\"Red Karawana\"},\"image\":{\"@id\":\"https:\\\/\\\/redkarawana.com\\\/#\\\/schema\\\/logo\\\/image\\\/\"},\"sameAs\":[\"https:\\\/\\\/www.facebook.com\\\/redkarawana\\\/\",\"https:\\\/\\\/www.instagram.com\\\/redkarawana\\\/\",\"https:\\\/\\\/www.youtube.com\\\/channel\\\/UCU9jXzSmyKm4ZZv38FEXGKg\",\"https:\\\/\\\/www.pinterest.com\\\/redkarawana\\\/\"]}]}<\/script>\n<!-- \/ Yoast SEO plugin. -->","yoast_head_json":{"title":"Bol en Cristal Orange, Pologne - Fonctionnel - Red Karawana","description":"Notre bol en cristal orange est cr\u00e9\u00e9 par Marika Company. Notre bol en cristal orange pr\u00e9sente de belles sculptures et des motifs \u00e9l\u00e9gants.","robots":{"index":"index","follow":"follow","max-snippet":"max-snippet:-1","max-image-preview":"max-image-preview:large","max-video-preview":"max-video-preview:-1"},"canonical":"https:\/\/redkarawana.com\/fr\/artisan\/bol-cristal-orange-pologne\/","og_locale":"fr_FR","og_type":"article","og_title":"Bol en Cristal Orange, Pologne - Fonctionnel - Red Karawana","og_description":"Notre bol en cristal orange est cr\u00e9\u00e9 par Marika Company. Notre bol en cristal orange pr\u00e9sente de belles sculptures et des motifs \u00e9l\u00e9gants.","og_url":"https:\/\/redkarawana.com\/fr\/artisan\/bol-cristal-orange-pologne\/","og_site_name":"Red Karawana","article_publisher":"https:\/\/www.facebook.com\/redkarawana\/","article_modified_time":"2025-12-06T08:57:02+00:00","og_image":[{"width":1200,"height":630,"url":"https:\/\/redkarawana.com\/wp-content\/uploads\/2024\/05\/1-AF-1200x630-Poland-Orange-Crystal-Bowl.jpg","type":"image\/jpeg"}],"twitter_card":"summary_large_image","twitter_misc":{"Dur\u00e9e de lecture estim\u00e9e":"1 minute"},"schema":{"@context":"https:\/\/schema.org","@graph":[{"@type":"WebPage","@id":"https:\/\/redkarawana.com\/fr\/artisan\/bol-cristal-orange-pologne\/","url":"https:\/\/redkarawana.com\/fr\/artisan\/bol-cristal-orange-pologne\/","name":"Bol en Cristal Orange, Pologne - Fonctionnel - Red Karawana","isPartOf":{"@id":"https:\/\/redkarawana.com\/#website"},"primaryImageOfPage":{"@id":"https:\/\/redkarawana.com\/fr\/artisan\/bol-cristal-orange-pologne\/#primaryimage"},"image":{"@id":"https:\/\/redkarawana.com\/fr\/artisan\/bol-cristal-orange-pologne\/#primaryimage"},"thumbnailUrl":"https:\/\/redkarawana.com\/wp-content\/uploads\/2024\/05\/1-AP-Feature-Poland-Orange-Crystal-Bowl.jpg","datePublished":"2025-11-30T02:00:44+00:00","dateModified":"2025-12-06T08:57:02+00:00","description":"Notre bol en cristal orange est cr\u00e9\u00e9 par Marika Company. Notre bol en cristal orange pr\u00e9sente de belles sculptures et des motifs \u00e9l\u00e9gants.","breadcrumb":{"@id":"https:\/\/redkarawana.com\/fr\/artisan\/bol-cristal-orange-pologne\/#breadcrumb"},"inLanguage":"fr-FR","potentialAction":[{"@type":"ReadAction","target":["https:\/\/redkarawana.com\/fr\/artisan\/bol-cristal-orange-pologne\/"]}]},{"@type":"ImageObject","inLanguage":"fr-FR","@id":"https:\/\/redkarawana.com\/fr\/artisan\/bol-cristal-orange-pologne\/#primaryimage","url":"https:\/\/redkarawana.com\/wp-content\/uploads\/2024\/05\/1-AP-Feature-Poland-Orange-Crystal-Bowl.jpg","contentUrl":"https:\/\/redkarawana.com\/wp-content\/uploads\/2024\/05\/1-AP-Feature-Poland-Orange-Crystal-Bowl.jpg","width":680,"height":453,"caption":"Pologne, Bol en Cristal Orange"},{"@type":"BreadcrumbList","@id":"https:\/\/redkarawana.com\/fr\/artisan\/bol-cristal-orange-pologne\/#breadcrumb","itemListElement":[{"@type":"ListItem","position":1,"name":"Home","item":"https:\/\/redkarawana.com\/fr\/"},{"@type":"ListItem","position":2,"name":"Artisans","item":"https:\/\/redkarawana.com\/fr\/artisans\/"},{"@type":"ListItem","position":3,"name":"Bol en Cristal Orange, Pologne ; \u00c9l\u00e9gant Motif Sculpt\u00e9 Main"}]},{"@type":"WebSite","@id":"https:\/\/redkarawana.com\/#website","url":"https:\/\/redkarawana.com\/","name":"Red Karawana","description":"","publisher":{"@id":"https:\/\/redkarawana.com\/#organization"},"potentialAction":[{"@type":"SearchAction","target":{"@type":"EntryPoint","urlTemplate":"https:\/\/redkarawana.com\/?s={search_term_string}"},"query-input":{"@type":"PropertyValueSpecification","valueRequired":true,"valueName":"search_term_string"}}],"inLanguage":"fr-FR"},{"@type":"Organization","@id":"https:\/\/redkarawana.com\/#organization","name":"Red Karawana","url":"https:\/\/redkarawana.com\/","logo":{"@type":"ImageObject","inLanguage":"fr-FR","@id":"https:\/\/redkarawana.com\/#\/schema\/logo\/image\/","url":"https:\/\/redkarawana.com\/wp-content\/uploads\/2025\/05\/cropped-Screenshot-2025-05-29-at-09.27.38.png","contentUrl":"https:\/\/redkarawana.com\/wp-content\/uploads\/2025\/05\/cropped-Screenshot-2025-05-29-at-09.27.38.png","width":512,"height":512,"caption":"Red Karawana"},"image":{"@id":"https:\/\/redkarawana.com\/#\/schema\/logo\/image\/"},"sameAs":["https:\/\/www.facebook.com\/redkarawana\/","https:\/\/www.instagram.com\/redkarawana\/","https:\/\/www.youtube.com\/channel\/UCU9jXzSmyKm4ZZv38FEXGKg","https:\/\/www.pinterest.com\/redkarawana\/"]}]}},"_links":{"self":[{"href":"https:\/\/redkarawana.com\/fr\/wp-json\/wp\/v2\/product\/4216","targetHints":{"allow":["GET"]}}],"collection":[{"href":"https:\/\/redkarawana.com\/fr\/wp-json\/wp\/v2\/product"}],"about":[{"href":"https:\/\/redkarawana.com\/fr\/wp-json\/wp\/v2\/types\/product"}],"wp:featuredmedia":[{"embeddable":true,"href":"https:\/\/redkarawana.com\/fr\/wp-json\/wp\/v2\/media\/4200"}],"wp:attachment":[{"href":"https:\/\/redkarawana.com\/fr\/wp-json\/wp\/v2\/media?parent=4216"}],"wp:term":[{"taxonomy":"product_brand","embeddable":true,"href":"https:\/\/redkarawana.com\/fr\/wp-json\/wp\/v2\/product_brand?post=4216"},{"taxonomy":"product_cat","embeddable":true,"href":"https:\/\/redkarawana.com\/fr\/wp-json\/wp\/v2\/product_cat?post=4216"},{"taxonomy":"product_tag","embeddable":true,"href":"https:\/\/redkarawana.com\/fr\/wp-json\/wp\/v2\/product_tag?post=4216"}],"curies":[{"name":"wp","href":"https:\/\/api.w.org\/{rel}","templated":true}]}}