{"id":4240,"date":"2025-11-30T02:10:43","date_gmt":"2025-11-30T02:10:43","guid":{"rendered":"https:\/\/redkarawana.com\/?post_type=product&#038;p=4240"},"modified":"2025-12-06T08:52:39","modified_gmt":"2025-12-06T08:52:39","slug":"tasses-ceramique-lituanie","status":"publish","type":"product","link":"https:\/\/redkarawana.com\/fr\/artisan\/tasses-ceramique-lituanie\/","title":{"rendered":"Tasses en C\u00e9ramique, Lituanie ; Magnifique et \u00c9l\u00e9gant Vernis Brun"},"content":{"rendered":"<p>La Lituanie compte de nombreux artisans talentueux. La foire de Saint-Casimir, qui se tient chaque ann\u00e9e \u00e0 Vilnius, est une exposition \u00e9tonnante de produits artisanaux cr\u00e9\u00e9s par divers artistes. Dans la vieille ville, vous trouverez de magnifiques c\u00e9ramiques faites \u00e0 la main par Violeta Jerma, cr\u00e9atrice de l&rsquo;Interiors Ceramics Studio. L&rsquo;artiste cr\u00e9e une collection color\u00e9e de c\u00e9ramiques d\u00e9coratives et de vaisselle. Les tasses en c\u00e9ramique que nous avons s\u00e9lectionn\u00e9es pr\u00e9sentent une belle et \u00e9l\u00e9gante gla\u00e7ure brune, accentu\u00e9e par un motif original sur chaque face. Dimensions : 2 tasses en c\u00e9ramique (diam\u00e8tre 3 \u00bd pouces (9 cm), hauteur 3 pouces (7 \u00bd cm)).<\/p>\n","protected":false},"excerpt":{"rendered":"<p>La Lituanie compte de nombreux artisans talentueux. La foire de Saint-Casimir, qui se tient chaque ann\u00e9e \u00e0 Vilnius, est une exposition \u00e9tonnante de produits artisanaux cr\u00e9\u00e9s par divers artistes. Dans la vieille ville, vous trouverez de magnifiques c\u00e9ramiques faites \u00e0 la main par Violeta Jerma, cr\u00e9atrice de l&rsquo;Interiors Ceramics Studio. L&rsquo;artiste cr\u00e9e une collection color\u00e9e [&hellip;]<\/p>\n","protected":false},"featured_media":4224,"template":"","meta":{"_acf_changed":false},"product_brand":[],"product_cat":[50],"product_tag":[],"class_list":{"0":"post-4240","1":"product","2":"type-product","3":"status-publish","4":"has-post-thumbnail","6":"product_cat-fonctionnel","8":"first","9":"instock","10":"sold-individually","11":"taxable","12":"shipping-taxable","13":"purchasable","14":"product-type-simple"},"acf":[],"yoast_head":"<!-- This site is optimized with the Yoast SEO plugin v27.3 - https:\/\/yoast.com\/product\/yoast-seo-wordpress\/ -->\n<title>Tasses en C\u00e9ramique, Lituanie - Fonctionnel - Red Karawana<\/title>\n<meta name=\"description\" content=\"Voici des c\u00e9ramiques faites \u00e0 la main par Violeta Jerma. Les tasses en c\u00e9ramique que nous avons s\u00e9lectionn\u00e9es pr\u00e9sentent une gla\u00e7ure brune \u00e9l\u00e9gante, accentu\u00e9e par un motif original sur chaque face.\" \/>\n<meta name=\"robots\" content=\"index, follow, max-snippet:-1, max-image-preview:large, max-video-preview:-1\" \/>\n<link rel=\"canonical\" href=\"https:\/\/redkarawana.com\/fr\/artisan\/tasses-ceramique-lituanie\/\" \/>\n<meta property=\"og:locale\" content=\"fr_FR\" \/>\n<meta property=\"og:type\" content=\"article\" \/>\n<meta property=\"og:title\" content=\"Tasses en C\u00e9ramique, Lituanie - Fonctionnel - Red Karawana\" \/>\n<meta property=\"og:description\" content=\"Voici des c\u00e9ramiques faites \u00e0 la main par Violeta Jerma. Les tasses en c\u00e9ramique que nous avons s\u00e9lectionn\u00e9es pr\u00e9sentent une gla\u00e7ure brune \u00e9l\u00e9gante, accentu\u00e9e par un motif original sur chaque face.\" \/>\n<meta property=\"og:url\" content=\"https:\/\/redkarawana.com\/fr\/artisan\/tasses-ceramique-lituanie\/\" \/>\n<meta property=\"og:site_name\" content=\"Red Karawana\" \/>\n<meta property=\"article:publisher\" content=\"https:\/\/www.facebook.com\/redkarawana\/\" \/>\n<meta property=\"article:modified_time\" content=\"2025-12-06T08:52:39+00:00\" \/>\n<meta property=\"og:image\" content=\"https:\/\/redkarawana.com\/wp-content\/uploads\/2024\/05\/1-AF-1200x630-Lithuania-Ceramic-Cups.jpg\" \/>\n\t<meta property=\"og:image:width\" content=\"1200\" \/>\n\t<meta property=\"og:image:height\" content=\"630\" \/>\n\t<meta property=\"og:image:type\" content=\"image\/jpeg\" \/>\n<meta name=\"twitter:card\" content=\"summary_large_image\" \/>\n<meta name=\"twitter:label1\" content=\"Dur\u00e9e de lecture estim\u00e9e\" \/>\n\t<meta name=\"twitter:data1\" content=\"1 minute\" \/>\n<script type=\"application\/ld+json\" class=\"yoast-schema-graph\">{\"@context\":\"https:\\\/\\\/schema.org\",\"@graph\":[{\"@type\":\"WebPage\",\"@id\":\"https:\\\/\\\/redkarawana.com\\\/fr\\\/artisan\\\/tasses-ceramique-lituanie\\\/\",\"url\":\"https:\\\/\\\/redkarawana.com\\\/fr\\\/artisan\\\/tasses-ceramique-lituanie\\\/\",\"name\":\"Tasses en C\u00e9ramique, Lituanie - Fonctionnel - Red Karawana\",\"isPartOf\":{\"@id\":\"https:\\\/\\\/redkarawana.com\\\/#website\"},\"primaryImageOfPage\":{\"@id\":\"https:\\\/\\\/redkarawana.com\\\/fr\\\/artisan\\\/tasses-ceramique-lituanie\\\/#primaryimage\"},\"image\":{\"@id\":\"https:\\\/\\\/redkarawana.com\\\/fr\\\/artisan\\\/tasses-ceramique-lituanie\\\/#primaryimage\"},\"thumbnailUrl\":\"https:\\\/\\\/redkarawana.com\\\/wp-content\\\/uploads\\\/2024\\\/05\\\/1-AP-Feature-Lithuania-Ceramic-Cups.jpg\",\"datePublished\":\"2025-11-30T02:10:43+00:00\",\"dateModified\":\"2025-12-06T08:52:39+00:00\",\"description\":\"Voici des c\u00e9ramiques faites \u00e0 la main par Violeta Jerma. Les tasses en c\u00e9ramique que nous avons s\u00e9lectionn\u00e9es pr\u00e9sentent une gla\u00e7ure brune \u00e9l\u00e9gante, accentu\u00e9e par un motif original sur chaque face.\",\"breadcrumb\":{\"@id\":\"https:\\\/\\\/redkarawana.com\\\/fr\\\/artisan\\\/tasses-ceramique-lituanie\\\/#breadcrumb\"},\"inLanguage\":\"fr-FR\",\"potentialAction\":[{\"@type\":\"ReadAction\",\"target\":[\"https:\\\/\\\/redkarawana.com\\\/fr\\\/artisan\\\/tasses-ceramique-lituanie\\\/\"]}]},{\"@type\":\"ImageObject\",\"inLanguage\":\"fr-FR\",\"@id\":\"https:\\\/\\\/redkarawana.com\\\/fr\\\/artisan\\\/tasses-ceramique-lituanie\\\/#primaryimage\",\"url\":\"https:\\\/\\\/redkarawana.com\\\/wp-content\\\/uploads\\\/2024\\\/05\\\/1-AP-Feature-Lithuania-Ceramic-Cups.jpg\",\"contentUrl\":\"https:\\\/\\\/redkarawana.com\\\/wp-content\\\/uploads\\\/2024\\\/05\\\/1-AP-Feature-Lithuania-Ceramic-Cups.jpg\",\"width\":680,\"height\":453,\"caption\":\"Lituanie, Tasses en C\u00e9ramique\"},{\"@type\":\"BreadcrumbList\",\"@id\":\"https:\\\/\\\/redkarawana.com\\\/fr\\\/artisan\\\/tasses-ceramique-lituanie\\\/#breadcrumb\",\"itemListElement\":[{\"@type\":\"ListItem\",\"position\":1,\"name\":\"Home\",\"item\":\"https:\\\/\\\/redkarawana.com\\\/fr\\\/\"},{\"@type\":\"ListItem\",\"position\":2,\"name\":\"Artisans\",\"item\":\"https:\\\/\\\/redkarawana.com\\\/fr\\\/artisans\\\/\"},{\"@type\":\"ListItem\",\"position\":3,\"name\":\"Tasses en C\u00e9ramique, Lituanie ; Magnifique et \u00c9l\u00e9gant Vernis Brun\"}]},{\"@type\":\"WebSite\",\"@id\":\"https:\\\/\\\/redkarawana.com\\\/#website\",\"url\":\"https:\\\/\\\/redkarawana.com\\\/\",\"name\":\"Red Karawana\",\"description\":\"\",\"publisher\":{\"@id\":\"https:\\\/\\\/redkarawana.com\\\/#organization\"},\"potentialAction\":[{\"@type\":\"SearchAction\",\"target\":{\"@type\":\"EntryPoint\",\"urlTemplate\":\"https:\\\/\\\/redkarawana.com\\\/?s={search_term_string}\"},\"query-input\":{\"@type\":\"PropertyValueSpecification\",\"valueRequired\":true,\"valueName\":\"search_term_string\"}}],\"inLanguage\":\"fr-FR\"},{\"@type\":\"Organization\",\"@id\":\"https:\\\/\\\/redkarawana.com\\\/#organization\",\"name\":\"Red Karawana\",\"url\":\"https:\\\/\\\/redkarawana.com\\\/\",\"logo\":{\"@type\":\"ImageObject\",\"inLanguage\":\"fr-FR\",\"@id\":\"https:\\\/\\\/redkarawana.com\\\/#\\\/schema\\\/logo\\\/image\\\/\",\"url\":\"https:\\\/\\\/redkarawana.com\\\/wp-content\\\/uploads\\\/2025\\\/05\\\/cropped-Screenshot-2025-05-29-at-09.27.38.png\",\"contentUrl\":\"https:\\\/\\\/redkarawana.com\\\/wp-content\\\/uploads\\\/2025\\\/05\\\/cropped-Screenshot-2025-05-29-at-09.27.38.png\",\"width\":512,\"height\":512,\"caption\":\"Red Karawana\"},\"image\":{\"@id\":\"https:\\\/\\\/redkarawana.com\\\/#\\\/schema\\\/logo\\\/image\\\/\"},\"sameAs\":[\"https:\\\/\\\/www.facebook.com\\\/redkarawana\\\/\",\"https:\\\/\\\/www.instagram.com\\\/redkarawana\\\/\",\"https:\\\/\\\/www.youtube.com\\\/channel\\\/UCU9jXzSmyKm4ZZv38FEXGKg\",\"https:\\\/\\\/www.pinterest.com\\\/redkarawana\\\/\"]}]}<\/script>\n<!-- \/ Yoast SEO plugin. -->","yoast_head_json":{"title":"Tasses en C\u00e9ramique, Lituanie - Fonctionnel - Red Karawana","description":"Voici des c\u00e9ramiques faites \u00e0 la main par Violeta Jerma. Les tasses en c\u00e9ramique que nous avons s\u00e9lectionn\u00e9es pr\u00e9sentent une gla\u00e7ure brune \u00e9l\u00e9gante, accentu\u00e9e par un motif original sur chaque face.","robots":{"index":"index","follow":"follow","max-snippet":"max-snippet:-1","max-image-preview":"max-image-preview:large","max-video-preview":"max-video-preview:-1"},"canonical":"https:\/\/redkarawana.com\/fr\/artisan\/tasses-ceramique-lituanie\/","og_locale":"fr_FR","og_type":"article","og_title":"Tasses en C\u00e9ramique, Lituanie - Fonctionnel - Red Karawana","og_description":"Voici des c\u00e9ramiques faites \u00e0 la main par Violeta Jerma. Les tasses en c\u00e9ramique que nous avons s\u00e9lectionn\u00e9es pr\u00e9sentent une gla\u00e7ure brune \u00e9l\u00e9gante, accentu\u00e9e par un motif original sur chaque face.","og_url":"https:\/\/redkarawana.com\/fr\/artisan\/tasses-ceramique-lituanie\/","og_site_name":"Red Karawana","article_publisher":"https:\/\/www.facebook.com\/redkarawana\/","article_modified_time":"2025-12-06T08:52:39+00:00","og_image":[{"width":1200,"height":630,"url":"https:\/\/redkarawana.com\/wp-content\/uploads\/2024\/05\/1-AF-1200x630-Lithuania-Ceramic-Cups.jpg","type":"image\/jpeg"}],"twitter_card":"summary_large_image","twitter_misc":{"Dur\u00e9e de lecture estim\u00e9e":"1 minute"},"schema":{"@context":"https:\/\/schema.org","@graph":[{"@type":"WebPage","@id":"https:\/\/redkarawana.com\/fr\/artisan\/tasses-ceramique-lituanie\/","url":"https:\/\/redkarawana.com\/fr\/artisan\/tasses-ceramique-lituanie\/","name":"Tasses en C\u00e9ramique, Lituanie - Fonctionnel - Red Karawana","isPartOf":{"@id":"https:\/\/redkarawana.com\/#website"},"primaryImageOfPage":{"@id":"https:\/\/redkarawana.com\/fr\/artisan\/tasses-ceramique-lituanie\/#primaryimage"},"image":{"@id":"https:\/\/redkarawana.com\/fr\/artisan\/tasses-ceramique-lituanie\/#primaryimage"},"thumbnailUrl":"https:\/\/redkarawana.com\/wp-content\/uploads\/2024\/05\/1-AP-Feature-Lithuania-Ceramic-Cups.jpg","datePublished":"2025-11-30T02:10:43+00:00","dateModified":"2025-12-06T08:52:39+00:00","description":"Voici des c\u00e9ramiques faites \u00e0 la main par Violeta Jerma. Les tasses en c\u00e9ramique que nous avons s\u00e9lectionn\u00e9es pr\u00e9sentent une gla\u00e7ure brune \u00e9l\u00e9gante, accentu\u00e9e par un motif original sur chaque face.","breadcrumb":{"@id":"https:\/\/redkarawana.com\/fr\/artisan\/tasses-ceramique-lituanie\/#breadcrumb"},"inLanguage":"fr-FR","potentialAction":[{"@type":"ReadAction","target":["https:\/\/redkarawana.com\/fr\/artisan\/tasses-ceramique-lituanie\/"]}]},{"@type":"ImageObject","inLanguage":"fr-FR","@id":"https:\/\/redkarawana.com\/fr\/artisan\/tasses-ceramique-lituanie\/#primaryimage","url":"https:\/\/redkarawana.com\/wp-content\/uploads\/2024\/05\/1-AP-Feature-Lithuania-Ceramic-Cups.jpg","contentUrl":"https:\/\/redkarawana.com\/wp-content\/uploads\/2024\/05\/1-AP-Feature-Lithuania-Ceramic-Cups.jpg","width":680,"height":453,"caption":"Lituanie, Tasses en C\u00e9ramique"},{"@type":"BreadcrumbList","@id":"https:\/\/redkarawana.com\/fr\/artisan\/tasses-ceramique-lituanie\/#breadcrumb","itemListElement":[{"@type":"ListItem","position":1,"name":"Home","item":"https:\/\/redkarawana.com\/fr\/"},{"@type":"ListItem","position":2,"name":"Artisans","item":"https:\/\/redkarawana.com\/fr\/artisans\/"},{"@type":"ListItem","position":3,"name":"Tasses en C\u00e9ramique, Lituanie ; Magnifique et \u00c9l\u00e9gant Vernis Brun"}]},{"@type":"WebSite","@id":"https:\/\/redkarawana.com\/#website","url":"https:\/\/redkarawana.com\/","name":"Red Karawana","description":"","publisher":{"@id":"https:\/\/redkarawana.com\/#organization"},"potentialAction":[{"@type":"SearchAction","target":{"@type":"EntryPoint","urlTemplate":"https:\/\/redkarawana.com\/?s={search_term_string}"},"query-input":{"@type":"PropertyValueSpecification","valueRequired":true,"valueName":"search_term_string"}}],"inLanguage":"fr-FR"},{"@type":"Organization","@id":"https:\/\/redkarawana.com\/#organization","name":"Red Karawana","url":"https:\/\/redkarawana.com\/","logo":{"@type":"ImageObject","inLanguage":"fr-FR","@id":"https:\/\/redkarawana.com\/#\/schema\/logo\/image\/","url":"https:\/\/redkarawana.com\/wp-content\/uploads\/2025\/05\/cropped-Screenshot-2025-05-29-at-09.27.38.png","contentUrl":"https:\/\/redkarawana.com\/wp-content\/uploads\/2025\/05\/cropped-Screenshot-2025-05-29-at-09.27.38.png","width":512,"height":512,"caption":"Red Karawana"},"image":{"@id":"https:\/\/redkarawana.com\/#\/schema\/logo\/image\/"},"sameAs":["https:\/\/www.facebook.com\/redkarawana\/","https:\/\/www.instagram.com\/redkarawana\/","https:\/\/www.youtube.com\/channel\/UCU9jXzSmyKm4ZZv38FEXGKg","https:\/\/www.pinterest.com\/redkarawana\/"]}]}},"_links":{"self":[{"href":"https:\/\/redkarawana.com\/fr\/wp-json\/wp\/v2\/product\/4240","targetHints":{"allow":["GET"]}}],"collection":[{"href":"https:\/\/redkarawana.com\/fr\/wp-json\/wp\/v2\/product"}],"about":[{"href":"https:\/\/redkarawana.com\/fr\/wp-json\/wp\/v2\/types\/product"}],"wp:featuredmedia":[{"embeddable":true,"href":"https:\/\/redkarawana.com\/fr\/wp-json\/wp\/v2\/media\/4224"}],"wp:attachment":[{"href":"https:\/\/redkarawana.com\/fr\/wp-json\/wp\/v2\/media?parent=4240"}],"wp:term":[{"taxonomy":"product_brand","embeddable":true,"href":"https:\/\/redkarawana.com\/fr\/wp-json\/wp\/v2\/product_brand?post=4240"},{"taxonomy":"product_cat","embeddable":true,"href":"https:\/\/redkarawana.com\/fr\/wp-json\/wp\/v2\/product_cat?post=4240"},{"taxonomy":"product_tag","embeddable":true,"href":"https:\/\/redkarawana.com\/fr\/wp-json\/wp\/v2\/product_tag?post=4240"}],"curies":[{"name":"wp","href":"https:\/\/api.w.org\/{rel}","templated":true}]}}