{"id":4265,"date":"2025-11-30T02:20:22","date_gmt":"2025-11-30T02:20:22","guid":{"rendered":"https:\/\/redkarawana.com\/?post_type=product&#038;p=4265"},"modified":"2025-06-06T21:18:02","modified_gmt":"2025-06-06T21:18:02","slug":"ceramique-rose-danemark","status":"publish","type":"product","link":"https:\/\/redkarawana.com\/fr\/artisan\/ceramique-rose-danemark\/","title":{"rendered":"C\u00e9ramique Rose, Danemark ; Vernis a Motif Original"},"content":{"rendered":"<p>Le Danemark s&rsquo;enorgueillit d&rsquo;une riche tradition de fabrication de belles c\u00e9ramiques. Les c\u00e9ramiques danoises pr\u00e9sentent des motifs d\u00e9licats, une belle gla\u00e7ure et un style artistique. Lors de notre visite au Danemark, nous avons parcouru les boutiques d&rsquo;artisans qui vendent une grande vari\u00e9t\u00e9 de c\u00e9ramiques faites \u00e0 la main, y compris des objets de d\u00e9coration et de la vaisselle. Les c\u00e9ramiques roses que nous avons s\u00e9lectionn\u00e9es t\u00e9moignent de la plus grande qualit\u00e9 de l&rsquo;artisanat. Les c\u00e9ramiques roses faites \u00e0 la main ont une forme ronde, un motif abstrait de points et une gla\u00e7ure fonc\u00e9e sur les bords. Dimensions : c\u00e9ramique rose moyenne (diam\u00e8tre de 19 \u00bd cm), petite c\u00e9ramique rose (diam\u00e8tre de 10 cm).     <\/p>\n","protected":false},"excerpt":{"rendered":"<p>Le Danemark s&rsquo;enorgueillit d&rsquo;une riche tradition de fabrication de belles c\u00e9ramiques. Les c\u00e9ramiques danoises pr\u00e9sentent des motifs d\u00e9licats, une belle gla\u00e7ure et un style artistique. Lors de notre visite au Danemark, nous avons parcouru les boutiques d&rsquo;artisans qui vendent une grande vari\u00e9t\u00e9 de c\u00e9ramiques faites \u00e0 la main, y compris des objets de d\u00e9coration et [&hellip;]<\/p>\n","protected":false},"featured_media":4248,"template":"","meta":{"_acf_changed":false},"product_brand":[],"product_cat":[50],"product_tag":[],"class_list":{"0":"post-4265","1":"product","2":"type-product","3":"status-publish","4":"has-post-thumbnail","6":"product_cat-fonctionnel","8":"first","9":"instock","10":"sold-individually","11":"taxable","12":"shipping-taxable","13":"purchasable","14":"product-type-simple"},"acf":[],"yoast_head":"<!-- This site is optimized with the Yoast SEO plugin v27.3 - https:\/\/yoast.com\/product\/yoast-seo-wordpress\/ -->\n<title>C\u00e9ramique Rose, Danemark - Fonctionnel - Red Karawana<\/title>\n<meta name=\"description\" content=\"Les c\u00e9ramiques roses que nous avons s\u00e9lectionn\u00e9es sont le fruit d&#039;un travail artisanal de la plus haute qualit\u00e9. Les c\u00e9ramiques roses faites \u00e0 la main ont une forme ronde et un motif abstrait de points.\" \/>\n<meta name=\"robots\" content=\"index, follow, max-snippet:-1, max-image-preview:large, max-video-preview:-1\" \/>\n<link rel=\"canonical\" href=\"https:\/\/redkarawana.com\/fr\/artisan\/ceramique-rose-danemark\/\" \/>\n<meta property=\"og:locale\" content=\"fr_FR\" \/>\n<meta property=\"og:type\" content=\"article\" \/>\n<meta property=\"og:title\" content=\"C\u00e9ramique Rose, Danemark - Fonctionnel - Red Karawana\" \/>\n<meta property=\"og:description\" content=\"Les c\u00e9ramiques roses que nous avons s\u00e9lectionn\u00e9es sont le fruit d&#039;un travail artisanal de la plus haute qualit\u00e9. Les c\u00e9ramiques roses faites \u00e0 la main ont une forme ronde et un motif abstrait de points.\" \/>\n<meta property=\"og:url\" content=\"https:\/\/redkarawana.com\/fr\/artisan\/ceramique-rose-danemark\/\" \/>\n<meta property=\"og:site_name\" content=\"Red Karawana\" \/>\n<meta property=\"article:publisher\" content=\"https:\/\/www.facebook.com\/redkarawana\/\" \/>\n<meta property=\"og:image\" content=\"https:\/\/redkarawana.com\/wp-content\/uploads\/2024\/05\/1-AF1200x630-Denmark-Pink-Ceramics.jpg\" \/>\n\t<meta property=\"og:image:width\" content=\"1200\" \/>\n\t<meta property=\"og:image:height\" content=\"630\" \/>\n\t<meta property=\"og:image:type\" content=\"image\/jpeg\" \/>\n<meta name=\"twitter:card\" content=\"summary_large_image\" \/>\n<meta name=\"twitter:label1\" content=\"Dur\u00e9e de lecture estim\u00e9e\" \/>\n\t<meta name=\"twitter:data1\" content=\"1 minute\" \/>\n<script type=\"application\/ld+json\" class=\"yoast-schema-graph\">{\"@context\":\"https:\\\/\\\/schema.org\",\"@graph\":[{\"@type\":\"WebPage\",\"@id\":\"https:\\\/\\\/redkarawana.com\\\/fr\\\/artisan\\\/ceramique-rose-danemark\\\/\",\"url\":\"https:\\\/\\\/redkarawana.com\\\/fr\\\/artisan\\\/ceramique-rose-danemark\\\/\",\"name\":\"C\u00e9ramique Rose, Danemark - Fonctionnel - Red Karawana\",\"isPartOf\":{\"@id\":\"https:\\\/\\\/redkarawana.com\\\/#website\"},\"primaryImageOfPage\":{\"@id\":\"https:\\\/\\\/redkarawana.com\\\/fr\\\/artisan\\\/ceramique-rose-danemark\\\/#primaryimage\"},\"image\":{\"@id\":\"https:\\\/\\\/redkarawana.com\\\/fr\\\/artisan\\\/ceramique-rose-danemark\\\/#primaryimage\"},\"thumbnailUrl\":\"https:\\\/\\\/redkarawana.com\\\/wp-content\\\/uploads\\\/2024\\\/05\\\/1-AP-Feature-Denmark-Pink-Ceramics.jpg\",\"datePublished\":\"2025-11-30T02:20:22+00:00\",\"description\":\"Les c\u00e9ramiques roses que nous avons s\u00e9lectionn\u00e9es sont le fruit d'un travail artisanal de la plus haute qualit\u00e9. Les c\u00e9ramiques roses faites \u00e0 la main ont une forme ronde et un motif abstrait de points.\",\"breadcrumb\":{\"@id\":\"https:\\\/\\\/redkarawana.com\\\/fr\\\/artisan\\\/ceramique-rose-danemark\\\/#breadcrumb\"},\"inLanguage\":\"fr-FR\",\"potentialAction\":[{\"@type\":\"ReadAction\",\"target\":[\"https:\\\/\\\/redkarawana.com\\\/fr\\\/artisan\\\/ceramique-rose-danemark\\\/\"]}]},{\"@type\":\"ImageObject\",\"inLanguage\":\"fr-FR\",\"@id\":\"https:\\\/\\\/redkarawana.com\\\/fr\\\/artisan\\\/ceramique-rose-danemark\\\/#primaryimage\",\"url\":\"https:\\\/\\\/redkarawana.com\\\/wp-content\\\/uploads\\\/2024\\\/05\\\/1-AP-Feature-Denmark-Pink-Ceramics.jpg\",\"contentUrl\":\"https:\\\/\\\/redkarawana.com\\\/wp-content\\\/uploads\\\/2024\\\/05\\\/1-AP-Feature-Denmark-Pink-Ceramics.jpg\",\"width\":680,\"height\":453,\"caption\":\"Danemark, C\u00e9ramique Rose\"},{\"@type\":\"BreadcrumbList\",\"@id\":\"https:\\\/\\\/redkarawana.com\\\/fr\\\/artisan\\\/ceramique-rose-danemark\\\/#breadcrumb\",\"itemListElement\":[{\"@type\":\"ListItem\",\"position\":1,\"name\":\"Home\",\"item\":\"https:\\\/\\\/redkarawana.com\\\/fr\\\/\"},{\"@type\":\"ListItem\",\"position\":2,\"name\":\"Artisans\",\"item\":\"https:\\\/\\\/redkarawana.com\\\/fr\\\/artisans\\\/\"},{\"@type\":\"ListItem\",\"position\":3,\"name\":\"C\u00e9ramique Rose, Danemark ; Vernis a Motif Original\"}]},{\"@type\":\"WebSite\",\"@id\":\"https:\\\/\\\/redkarawana.com\\\/#website\",\"url\":\"https:\\\/\\\/redkarawana.com\\\/\",\"name\":\"Red Karawana\",\"description\":\"\",\"publisher\":{\"@id\":\"https:\\\/\\\/redkarawana.com\\\/#organization\"},\"potentialAction\":[{\"@type\":\"SearchAction\",\"target\":{\"@type\":\"EntryPoint\",\"urlTemplate\":\"https:\\\/\\\/redkarawana.com\\\/?s={search_term_string}\"},\"query-input\":{\"@type\":\"PropertyValueSpecification\",\"valueRequired\":true,\"valueName\":\"search_term_string\"}}],\"inLanguage\":\"fr-FR\"},{\"@type\":\"Organization\",\"@id\":\"https:\\\/\\\/redkarawana.com\\\/#organization\",\"name\":\"Red Karawana\",\"url\":\"https:\\\/\\\/redkarawana.com\\\/\",\"logo\":{\"@type\":\"ImageObject\",\"inLanguage\":\"fr-FR\",\"@id\":\"https:\\\/\\\/redkarawana.com\\\/#\\\/schema\\\/logo\\\/image\\\/\",\"url\":\"https:\\\/\\\/redkarawana.com\\\/wp-content\\\/uploads\\\/2025\\\/05\\\/cropped-Screenshot-2025-05-29-at-09.27.38.png\",\"contentUrl\":\"https:\\\/\\\/redkarawana.com\\\/wp-content\\\/uploads\\\/2025\\\/05\\\/cropped-Screenshot-2025-05-29-at-09.27.38.png\",\"width\":512,\"height\":512,\"caption\":\"Red Karawana\"},\"image\":{\"@id\":\"https:\\\/\\\/redkarawana.com\\\/#\\\/schema\\\/logo\\\/image\\\/\"},\"sameAs\":[\"https:\\\/\\\/www.facebook.com\\\/redkarawana\\\/\",\"https:\\\/\\\/www.instagram.com\\\/redkarawana\\\/\",\"https:\\\/\\\/www.youtube.com\\\/channel\\\/UCU9jXzSmyKm4ZZv38FEXGKg\",\"https:\\\/\\\/www.pinterest.com\\\/redkarawana\\\/\"]}]}<\/script>\n<!-- \/ Yoast SEO plugin. -->","yoast_head_json":{"title":"C\u00e9ramique Rose, Danemark - Fonctionnel - Red Karawana","description":"Les c\u00e9ramiques roses que nous avons s\u00e9lectionn\u00e9es sont le fruit d'un travail artisanal de la plus haute qualit\u00e9. Les c\u00e9ramiques roses faites \u00e0 la main ont une forme ronde et un motif abstrait de points.","robots":{"index":"index","follow":"follow","max-snippet":"max-snippet:-1","max-image-preview":"max-image-preview:large","max-video-preview":"max-video-preview:-1"},"canonical":"https:\/\/redkarawana.com\/fr\/artisan\/ceramique-rose-danemark\/","og_locale":"fr_FR","og_type":"article","og_title":"C\u00e9ramique Rose, Danemark - Fonctionnel - Red Karawana","og_description":"Les c\u00e9ramiques roses que nous avons s\u00e9lectionn\u00e9es sont le fruit d'un travail artisanal de la plus haute qualit\u00e9. Les c\u00e9ramiques roses faites \u00e0 la main ont une forme ronde et un motif abstrait de points.","og_url":"https:\/\/redkarawana.com\/fr\/artisan\/ceramique-rose-danemark\/","og_site_name":"Red Karawana","article_publisher":"https:\/\/www.facebook.com\/redkarawana\/","og_image":[{"width":1200,"height":630,"url":"https:\/\/redkarawana.com\/wp-content\/uploads\/2024\/05\/1-AF1200x630-Denmark-Pink-Ceramics.jpg","type":"image\/jpeg"}],"twitter_card":"summary_large_image","twitter_misc":{"Dur\u00e9e de lecture estim\u00e9e":"1 minute"},"schema":{"@context":"https:\/\/schema.org","@graph":[{"@type":"WebPage","@id":"https:\/\/redkarawana.com\/fr\/artisan\/ceramique-rose-danemark\/","url":"https:\/\/redkarawana.com\/fr\/artisan\/ceramique-rose-danemark\/","name":"C\u00e9ramique Rose, Danemark - Fonctionnel - Red Karawana","isPartOf":{"@id":"https:\/\/redkarawana.com\/#website"},"primaryImageOfPage":{"@id":"https:\/\/redkarawana.com\/fr\/artisan\/ceramique-rose-danemark\/#primaryimage"},"image":{"@id":"https:\/\/redkarawana.com\/fr\/artisan\/ceramique-rose-danemark\/#primaryimage"},"thumbnailUrl":"https:\/\/redkarawana.com\/wp-content\/uploads\/2024\/05\/1-AP-Feature-Denmark-Pink-Ceramics.jpg","datePublished":"2025-11-30T02:20:22+00:00","description":"Les c\u00e9ramiques roses que nous avons s\u00e9lectionn\u00e9es sont le fruit d'un travail artisanal de la plus haute qualit\u00e9. Les c\u00e9ramiques roses faites \u00e0 la main ont une forme ronde et un motif abstrait de points.","breadcrumb":{"@id":"https:\/\/redkarawana.com\/fr\/artisan\/ceramique-rose-danemark\/#breadcrumb"},"inLanguage":"fr-FR","potentialAction":[{"@type":"ReadAction","target":["https:\/\/redkarawana.com\/fr\/artisan\/ceramique-rose-danemark\/"]}]},{"@type":"ImageObject","inLanguage":"fr-FR","@id":"https:\/\/redkarawana.com\/fr\/artisan\/ceramique-rose-danemark\/#primaryimage","url":"https:\/\/redkarawana.com\/wp-content\/uploads\/2024\/05\/1-AP-Feature-Denmark-Pink-Ceramics.jpg","contentUrl":"https:\/\/redkarawana.com\/wp-content\/uploads\/2024\/05\/1-AP-Feature-Denmark-Pink-Ceramics.jpg","width":680,"height":453,"caption":"Danemark, C\u00e9ramique Rose"},{"@type":"BreadcrumbList","@id":"https:\/\/redkarawana.com\/fr\/artisan\/ceramique-rose-danemark\/#breadcrumb","itemListElement":[{"@type":"ListItem","position":1,"name":"Home","item":"https:\/\/redkarawana.com\/fr\/"},{"@type":"ListItem","position":2,"name":"Artisans","item":"https:\/\/redkarawana.com\/fr\/artisans\/"},{"@type":"ListItem","position":3,"name":"C\u00e9ramique Rose, Danemark ; Vernis a Motif Original"}]},{"@type":"WebSite","@id":"https:\/\/redkarawana.com\/#website","url":"https:\/\/redkarawana.com\/","name":"Red Karawana","description":"","publisher":{"@id":"https:\/\/redkarawana.com\/#organization"},"potentialAction":[{"@type":"SearchAction","target":{"@type":"EntryPoint","urlTemplate":"https:\/\/redkarawana.com\/?s={search_term_string}"},"query-input":{"@type":"PropertyValueSpecification","valueRequired":true,"valueName":"search_term_string"}}],"inLanguage":"fr-FR"},{"@type":"Organization","@id":"https:\/\/redkarawana.com\/#organization","name":"Red Karawana","url":"https:\/\/redkarawana.com\/","logo":{"@type":"ImageObject","inLanguage":"fr-FR","@id":"https:\/\/redkarawana.com\/#\/schema\/logo\/image\/","url":"https:\/\/redkarawana.com\/wp-content\/uploads\/2025\/05\/cropped-Screenshot-2025-05-29-at-09.27.38.png","contentUrl":"https:\/\/redkarawana.com\/wp-content\/uploads\/2025\/05\/cropped-Screenshot-2025-05-29-at-09.27.38.png","width":512,"height":512,"caption":"Red Karawana"},"image":{"@id":"https:\/\/redkarawana.com\/#\/schema\/logo\/image\/"},"sameAs":["https:\/\/www.facebook.com\/redkarawana\/","https:\/\/www.instagram.com\/redkarawana\/","https:\/\/www.youtube.com\/channel\/UCU9jXzSmyKm4ZZv38FEXGKg","https:\/\/www.pinterest.com\/redkarawana\/"]}]}},"_links":{"self":[{"href":"https:\/\/redkarawana.com\/fr\/wp-json\/wp\/v2\/product\/4265","targetHints":{"allow":["GET"]}}],"collection":[{"href":"https:\/\/redkarawana.com\/fr\/wp-json\/wp\/v2\/product"}],"about":[{"href":"https:\/\/redkarawana.com\/fr\/wp-json\/wp\/v2\/types\/product"}],"wp:featuredmedia":[{"embeddable":true,"href":"https:\/\/redkarawana.com\/fr\/wp-json\/wp\/v2\/media\/4248"}],"wp:attachment":[{"href":"https:\/\/redkarawana.com\/fr\/wp-json\/wp\/v2\/media?parent=4265"}],"wp:term":[{"taxonomy":"product_brand","embeddable":true,"href":"https:\/\/redkarawana.com\/fr\/wp-json\/wp\/v2\/product_brand?post=4265"},{"taxonomy":"product_cat","embeddable":true,"href":"https:\/\/redkarawana.com\/fr\/wp-json\/wp\/v2\/product_cat?post=4265"},{"taxonomy":"product_tag","embeddable":true,"href":"https:\/\/redkarawana.com\/fr\/wp-json\/wp\/v2\/product_tag?post=4265"}],"curies":[{"name":"wp","href":"https:\/\/api.w.org\/{rel}","templated":true}]}}