{"id":9728,"date":"2025-11-30T02:50:47","date_gmt":"2025-11-30T02:50:47","guid":{"rendered":"https:\/\/redkarawana.com\/?post_type=product&#038;p=9728"},"modified":"2025-12-06T08:26:26","modified_gmt":"2025-12-06T08:26:26","slug":"monastere-hiver-russie","status":"publish","type":"product","link":"https:\/\/redkarawana.com\/fr\/artisan\/monastere-hiver-russie\/","title":{"rendered":"Monast\u00e8re en Hiver, Russie ; Aquarelle en Son Cadre Dor\u00e9"},"content":{"rendered":"<p>L&rsquo;art est visible dans toute la Russie. Les monuments historiques, les belles cath\u00e9drales et les maisons traditionnelles en bois refl\u00e8tent diverses formes d&rsquo;art. Des chefs-d \u00ab \u0153uvre architecturaux et des retraites spirituelles se cachent dans des paysages sereins. Le parc des \u00e9tangs de Novodevichy, situ\u00e9 \u00e0 la p\u00e9riph\u00e9rie de Moscou, est l&rsquo;endroit id\u00e9al pour admirer le couvent de Novodevichy, une ancienne structure construite dans le style baroque de Naryshkin. Nous trouvons des artistes de l&rsquo;autre c\u00f4t\u00e9 de l \u00bb \u00e9tang, qui pr\u00e9sentent leurs peintures et leur artisanat. Nous avons s\u00e9lectionn\u00e9 ce Monast\u00e8re en hiver, une aquarelle dans un cadre dor\u00e9. Dimensions : Monast\u00e8re en hiver (largeur 16 \u00bd pouces, hauteur 12 pouces).<\/p>\n","protected":false},"excerpt":{"rendered":"<p>L&rsquo;art est visible dans toute la Russie. Les monuments historiques, les belles cath\u00e9drales et les maisons traditionnelles en bois refl\u00e8tent diverses formes d&rsquo;art. Des chefs-d \u00ab \u0153uvre architecturaux et des retraites spirituelles se cachent dans des paysages sereins. Le parc des \u00e9tangs de Novodevichy, situ\u00e9 \u00e0 la p\u00e9riph\u00e9rie de Moscou, est l&rsquo;endroit id\u00e9al pour admirer [&hellip;]<\/p>\n","protected":false},"featured_media":9712,"template":"","meta":{"_acf_changed":false},"product_brand":[],"product_cat":[48],"product_tag":[],"class_list":{"0":"post-9728","1":"product","2":"type-product","3":"status-publish","4":"has-post-thumbnail","6":"product_cat-artistique","8":"first","9":"instock","10":"sold-individually","11":"taxable","12":"shipping-taxable","13":"purchasable","14":"product-type-simple"},"acf":[],"yoast_head":"<!-- This site is optimized with the Yoast SEO plugin v27.3 - https:\/\/yoast.com\/product\/yoast-seo-wordpress\/ -->\n<title>Monast\u00e8re en Hiver, Russie - Artistique - Red Karawana<\/title>\n<meta name=\"description\" content=\"L&#039;art est visible dans toute la Russie. Notre \u0153uvre d&#039;art \u00ab Monast\u00e8re en hiver \u00bb montre l&#039;ancien couvent de Novodevichy entour\u00e9 d&#039;un parc pittoresque.\" \/>\n<meta name=\"robots\" content=\"index, follow, max-snippet:-1, max-image-preview:large, max-video-preview:-1\" \/>\n<link rel=\"canonical\" href=\"https:\/\/redkarawana.com\/fr\/artisan\/monastere-hiver-russie\/\" \/>\n<meta property=\"og:locale\" content=\"fr_FR\" \/>\n<meta property=\"og:type\" content=\"article\" \/>\n<meta property=\"og:title\" content=\"Monast\u00e8re en Hiver, Russie - Artistique - Red Karawana\" \/>\n<meta property=\"og:description\" content=\"L&#039;art est visible dans toute la Russie. Notre \u0153uvre d&#039;art \u00ab Monast\u00e8re en hiver \u00bb montre l&#039;ancien couvent de Novodevichy entour\u00e9 d&#039;un parc pittoresque.\" \/>\n<meta property=\"og:url\" content=\"https:\/\/redkarawana.com\/fr\/artisan\/monastere-hiver-russie\/\" \/>\n<meta property=\"og:site_name\" content=\"Red Karawana\" \/>\n<meta property=\"article:publisher\" content=\"https:\/\/www.facebook.com\/redkarawana\/\" \/>\n<meta property=\"article:modified_time\" content=\"2025-12-06T08:26:26+00:00\" \/>\n<meta property=\"og:image\" content=\"https:\/\/redkarawana.com\/wp-content\/uploads\/2025\/04\/1-AF1200x630-Russia-Monastery-in-Winter.jpg\" \/>\n\t<meta property=\"og:image:width\" content=\"1200\" \/>\n\t<meta property=\"og:image:height\" content=\"630\" \/>\n\t<meta property=\"og:image:type\" content=\"image\/jpeg\" \/>\n<meta name=\"twitter:card\" content=\"summary_large_image\" \/>\n<meta name=\"twitter:label1\" content=\"Dur\u00e9e de lecture estim\u00e9e\" \/>\n\t<meta name=\"twitter:data1\" content=\"1 minute\" \/>\n<script type=\"application\/ld+json\" class=\"yoast-schema-graph\">{\"@context\":\"https:\\\/\\\/schema.org\",\"@graph\":[{\"@type\":\"WebPage\",\"@id\":\"https:\\\/\\\/redkarawana.com\\\/fr\\\/artisan\\\/monastere-hiver-russie\\\/\",\"url\":\"https:\\\/\\\/redkarawana.com\\\/fr\\\/artisan\\\/monastere-hiver-russie\\\/\",\"name\":\"Monast\u00e8re en Hiver, Russie - Artistique - Red Karawana\",\"isPartOf\":{\"@id\":\"https:\\\/\\\/redkarawana.com\\\/#website\"},\"primaryImageOfPage\":{\"@id\":\"https:\\\/\\\/redkarawana.com\\\/fr\\\/artisan\\\/monastere-hiver-russie\\\/#primaryimage\"},\"image\":{\"@id\":\"https:\\\/\\\/redkarawana.com\\\/fr\\\/artisan\\\/monastere-hiver-russie\\\/#primaryimage\"},\"thumbnailUrl\":\"https:\\\/\\\/redkarawana.com\\\/wp-content\\\/uploads\\\/2025\\\/04\\\/1-AP-Russia-Monastery-in-Winter.jpg\",\"datePublished\":\"2025-11-30T02:50:47+00:00\",\"dateModified\":\"2025-12-06T08:26:26+00:00\",\"description\":\"L'art est visible dans toute la Russie. Notre \u0153uvre d'art \u00ab Monast\u00e8re en hiver \u00bb montre l'ancien couvent de Novodevichy entour\u00e9 d'un parc pittoresque.\",\"breadcrumb\":{\"@id\":\"https:\\\/\\\/redkarawana.com\\\/fr\\\/artisan\\\/monastere-hiver-russie\\\/#breadcrumb\"},\"inLanguage\":\"fr-FR\",\"potentialAction\":[{\"@type\":\"ReadAction\",\"target\":[\"https:\\\/\\\/redkarawana.com\\\/fr\\\/artisan\\\/monastere-hiver-russie\\\/\"]}]},{\"@type\":\"ImageObject\",\"inLanguage\":\"fr-FR\",\"@id\":\"https:\\\/\\\/redkarawana.com\\\/fr\\\/artisan\\\/monastere-hiver-russie\\\/#primaryimage\",\"url\":\"https:\\\/\\\/redkarawana.com\\\/wp-content\\\/uploads\\\/2025\\\/04\\\/1-AP-Russia-Monastery-in-Winter.jpg\",\"contentUrl\":\"https:\\\/\\\/redkarawana.com\\\/wp-content\\\/uploads\\\/2025\\\/04\\\/1-AP-Russia-Monastery-in-Winter.jpg\",\"width\":680,\"height\":453,\"caption\":\"Russie, Monast\u00e8re en Hiver\"},{\"@type\":\"BreadcrumbList\",\"@id\":\"https:\\\/\\\/redkarawana.com\\\/fr\\\/artisan\\\/monastere-hiver-russie\\\/#breadcrumb\",\"itemListElement\":[{\"@type\":\"ListItem\",\"position\":1,\"name\":\"Home\",\"item\":\"https:\\\/\\\/redkarawana.com\\\/fr\\\/\"},{\"@type\":\"ListItem\",\"position\":2,\"name\":\"Artisans\",\"item\":\"https:\\\/\\\/redkarawana.com\\\/fr\\\/artisans\\\/\"},{\"@type\":\"ListItem\",\"position\":3,\"name\":\"Monast\u00e8re en Hiver, Russie ; Aquarelle en Son Cadre Dor\u00e9\"}]},{\"@type\":\"WebSite\",\"@id\":\"https:\\\/\\\/redkarawana.com\\\/#website\",\"url\":\"https:\\\/\\\/redkarawana.com\\\/\",\"name\":\"Red Karawana\",\"description\":\"\",\"publisher\":{\"@id\":\"https:\\\/\\\/redkarawana.com\\\/#organization\"},\"potentialAction\":[{\"@type\":\"SearchAction\",\"target\":{\"@type\":\"EntryPoint\",\"urlTemplate\":\"https:\\\/\\\/redkarawana.com\\\/?s={search_term_string}\"},\"query-input\":{\"@type\":\"PropertyValueSpecification\",\"valueRequired\":true,\"valueName\":\"search_term_string\"}}],\"inLanguage\":\"fr-FR\"},{\"@type\":\"Organization\",\"@id\":\"https:\\\/\\\/redkarawana.com\\\/#organization\",\"name\":\"Red Karawana\",\"url\":\"https:\\\/\\\/redkarawana.com\\\/\",\"logo\":{\"@type\":\"ImageObject\",\"inLanguage\":\"fr-FR\",\"@id\":\"https:\\\/\\\/redkarawana.com\\\/#\\\/schema\\\/logo\\\/image\\\/\",\"url\":\"https:\\\/\\\/redkarawana.com\\\/wp-content\\\/uploads\\\/2025\\\/05\\\/cropped-Screenshot-2025-05-29-at-09.27.38.png\",\"contentUrl\":\"https:\\\/\\\/redkarawana.com\\\/wp-content\\\/uploads\\\/2025\\\/05\\\/cropped-Screenshot-2025-05-29-at-09.27.38.png\",\"width\":512,\"height\":512,\"caption\":\"Red Karawana\"},\"image\":{\"@id\":\"https:\\\/\\\/redkarawana.com\\\/#\\\/schema\\\/logo\\\/image\\\/\"},\"sameAs\":[\"https:\\\/\\\/www.facebook.com\\\/redkarawana\\\/\",\"https:\\\/\\\/www.instagram.com\\\/redkarawana\\\/\",\"https:\\\/\\\/www.youtube.com\\\/channel\\\/UCU9jXzSmyKm4ZZv38FEXGKg\",\"https:\\\/\\\/www.pinterest.com\\\/redkarawana\\\/\"]}]}<\/script>\n<!-- \/ Yoast SEO plugin. -->","yoast_head_json":{"title":"Monast\u00e8re en Hiver, Russie - Artistique - Red Karawana","description":"L'art est visible dans toute la Russie. Notre \u0153uvre d'art \u00ab Monast\u00e8re en hiver \u00bb montre l'ancien couvent de Novodevichy entour\u00e9 d'un parc pittoresque.","robots":{"index":"index","follow":"follow","max-snippet":"max-snippet:-1","max-image-preview":"max-image-preview:large","max-video-preview":"max-video-preview:-1"},"canonical":"https:\/\/redkarawana.com\/fr\/artisan\/monastere-hiver-russie\/","og_locale":"fr_FR","og_type":"article","og_title":"Monast\u00e8re en Hiver, Russie - Artistique - Red Karawana","og_description":"L'art est visible dans toute la Russie. Notre \u0153uvre d'art \u00ab Monast\u00e8re en hiver \u00bb montre l'ancien couvent de Novodevichy entour\u00e9 d'un parc pittoresque.","og_url":"https:\/\/redkarawana.com\/fr\/artisan\/monastere-hiver-russie\/","og_site_name":"Red Karawana","article_publisher":"https:\/\/www.facebook.com\/redkarawana\/","article_modified_time":"2025-12-06T08:26:26+00:00","og_image":[{"width":1200,"height":630,"url":"https:\/\/redkarawana.com\/wp-content\/uploads\/2025\/04\/1-AF1200x630-Russia-Monastery-in-Winter.jpg","type":"image\/jpeg"}],"twitter_card":"summary_large_image","twitter_misc":{"Dur\u00e9e de lecture estim\u00e9e":"1 minute"},"schema":{"@context":"https:\/\/schema.org","@graph":[{"@type":"WebPage","@id":"https:\/\/redkarawana.com\/fr\/artisan\/monastere-hiver-russie\/","url":"https:\/\/redkarawana.com\/fr\/artisan\/monastere-hiver-russie\/","name":"Monast\u00e8re en Hiver, Russie - Artistique - Red Karawana","isPartOf":{"@id":"https:\/\/redkarawana.com\/#website"},"primaryImageOfPage":{"@id":"https:\/\/redkarawana.com\/fr\/artisan\/monastere-hiver-russie\/#primaryimage"},"image":{"@id":"https:\/\/redkarawana.com\/fr\/artisan\/monastere-hiver-russie\/#primaryimage"},"thumbnailUrl":"https:\/\/redkarawana.com\/wp-content\/uploads\/2025\/04\/1-AP-Russia-Monastery-in-Winter.jpg","datePublished":"2025-11-30T02:50:47+00:00","dateModified":"2025-12-06T08:26:26+00:00","description":"L'art est visible dans toute la Russie. Notre \u0153uvre d'art \u00ab Monast\u00e8re en hiver \u00bb montre l'ancien couvent de Novodevichy entour\u00e9 d'un parc pittoresque.","breadcrumb":{"@id":"https:\/\/redkarawana.com\/fr\/artisan\/monastere-hiver-russie\/#breadcrumb"},"inLanguage":"fr-FR","potentialAction":[{"@type":"ReadAction","target":["https:\/\/redkarawana.com\/fr\/artisan\/monastere-hiver-russie\/"]}]},{"@type":"ImageObject","inLanguage":"fr-FR","@id":"https:\/\/redkarawana.com\/fr\/artisan\/monastere-hiver-russie\/#primaryimage","url":"https:\/\/redkarawana.com\/wp-content\/uploads\/2025\/04\/1-AP-Russia-Monastery-in-Winter.jpg","contentUrl":"https:\/\/redkarawana.com\/wp-content\/uploads\/2025\/04\/1-AP-Russia-Monastery-in-Winter.jpg","width":680,"height":453,"caption":"Russie, Monast\u00e8re en Hiver"},{"@type":"BreadcrumbList","@id":"https:\/\/redkarawana.com\/fr\/artisan\/monastere-hiver-russie\/#breadcrumb","itemListElement":[{"@type":"ListItem","position":1,"name":"Home","item":"https:\/\/redkarawana.com\/fr\/"},{"@type":"ListItem","position":2,"name":"Artisans","item":"https:\/\/redkarawana.com\/fr\/artisans\/"},{"@type":"ListItem","position":3,"name":"Monast\u00e8re en Hiver, Russie ; Aquarelle en Son Cadre Dor\u00e9"}]},{"@type":"WebSite","@id":"https:\/\/redkarawana.com\/#website","url":"https:\/\/redkarawana.com\/","name":"Red Karawana","description":"","publisher":{"@id":"https:\/\/redkarawana.com\/#organization"},"potentialAction":[{"@type":"SearchAction","target":{"@type":"EntryPoint","urlTemplate":"https:\/\/redkarawana.com\/?s={search_term_string}"},"query-input":{"@type":"PropertyValueSpecification","valueRequired":true,"valueName":"search_term_string"}}],"inLanguage":"fr-FR"},{"@type":"Organization","@id":"https:\/\/redkarawana.com\/#organization","name":"Red Karawana","url":"https:\/\/redkarawana.com\/","logo":{"@type":"ImageObject","inLanguage":"fr-FR","@id":"https:\/\/redkarawana.com\/#\/schema\/logo\/image\/","url":"https:\/\/redkarawana.com\/wp-content\/uploads\/2025\/05\/cropped-Screenshot-2025-05-29-at-09.27.38.png","contentUrl":"https:\/\/redkarawana.com\/wp-content\/uploads\/2025\/05\/cropped-Screenshot-2025-05-29-at-09.27.38.png","width":512,"height":512,"caption":"Red Karawana"},"image":{"@id":"https:\/\/redkarawana.com\/#\/schema\/logo\/image\/"},"sameAs":["https:\/\/www.facebook.com\/redkarawana\/","https:\/\/www.instagram.com\/redkarawana\/","https:\/\/www.youtube.com\/channel\/UCU9jXzSmyKm4ZZv38FEXGKg","https:\/\/www.pinterest.com\/redkarawana\/"]}]}},"_links":{"self":[{"href":"https:\/\/redkarawana.com\/fr\/wp-json\/wp\/v2\/product\/9728","targetHints":{"allow":["GET"]}}],"collection":[{"href":"https:\/\/redkarawana.com\/fr\/wp-json\/wp\/v2\/product"}],"about":[{"href":"https:\/\/redkarawana.com\/fr\/wp-json\/wp\/v2\/types\/product"}],"wp:featuredmedia":[{"embeddable":true,"href":"https:\/\/redkarawana.com\/fr\/wp-json\/wp\/v2\/media\/9712"}],"wp:attachment":[{"href":"https:\/\/redkarawana.com\/fr\/wp-json\/wp\/v2\/media?parent=9728"}],"wp:term":[{"taxonomy":"product_brand","embeddable":true,"href":"https:\/\/redkarawana.com\/fr\/wp-json\/wp\/v2\/product_brand?post=9728"},{"taxonomy":"product_cat","embeddable":true,"href":"https:\/\/redkarawana.com\/fr\/wp-json\/wp\/v2\/product_cat?post=9728"},{"taxonomy":"product_tag","embeddable":true,"href":"https:\/\/redkarawana.com\/fr\/wp-json\/wp\/v2\/product_tag?post=9728"}],"curies":[{"name":"wp","href":"https:\/\/api.w.org\/{rel}","templated":true}]}}