{"id":9800,"date":"2025-11-30T03:00:46","date_gmt":"2025-11-30T03:00:46","guid":{"rendered":"https:\/\/redkarawana.com\/?post_type=product&#038;p=9800"},"modified":"2025-12-06T08:21:28","modified_gmt":"2025-12-06T08:21:28","slug":"ornement-ange-noel-pologne","status":"publish","type":"product","link":"https:\/\/redkarawana.com\/fr\/artisan\/ornement-ange-noel-pologne\/","title":{"rendered":"Ornement d&rsquo;Ange de No\u00ebl, Pologne ; D\u00e9coration de No\u00ebl Peinte Main"},"content":{"rendered":"<p>Les ateliers artisanaux en Pologne produisent des ornements en verre de haute qualit\u00e9, imaginatifs et exquis. Les ornements polonais en verre souffl\u00e9 sont magistralement d\u00e9cor\u00e9s avec des motifs complexes, des couleurs vives et des accents lumineux. L\u2019ensemble des d\u00e9corations refl\u00e8te des traditions de No\u00ebl, des l\u00e9gendes fascinantes et des motifs originaux. Les ornements en verre apportent une touche de beaut\u00e9 et de mystique \u00e0 tout d\u00e9cor d&rsquo;int\u00e9rieur. Ici, notre Ornement d&rsquo;Ange de No\u00ebl, peint \u00e0 la main par des artistes polonais, est une d\u00e9coration de No\u00ebl \u00e9l\u00e9gante et une belle \u0153uvre d&rsquo;art. Mesures : Ornement d&rsquo;Ange de No\u00ebl (hauteur 5 pouces, largeur 3 pouces).<\/p>\n","protected":false},"excerpt":{"rendered":"<p>Les ateliers artisanaux en Pologne produisent des ornements en verre de haute qualit\u00e9, imaginatifs et exquis. Les ornements polonais en verre souffl\u00e9 sont magistralement d\u00e9cor\u00e9s avec des motifs complexes, des couleurs vives et des accents lumineux. L\u2019ensemble des d\u00e9corations refl\u00e8te des traditions de No\u00ebl, des l\u00e9gendes fascinantes et des motifs originaux. Les ornements en verre [&hellip;]<\/p>\n","protected":false},"featured_media":9777,"template":"","meta":{"_acf_changed":false},"product_brand":[],"product_cat":[49],"product_tag":[],"class_list":{"0":"post-9800","1":"product","2":"type-product","3":"status-publish","4":"has-post-thumbnail","6":"product_cat-decoratif","8":"first","9":"instock","10":"sold-individually","11":"taxable","12":"shipping-taxable","13":"purchasable","14":"product-type-simple"},"acf":[],"yoast_head":"<!-- This site is optimized with the Yoast SEO plugin v27.6 - https:\/\/yoast.com\/product\/yoast-seo-wordpress\/ -->\n<title>Ornement d&#039;Ange de No\u00ebl, Pologne - D\u00e9coratif - Red Karawana<\/title>\n<meta name=\"description\" content=\"Notre Ornement d&#039;Ange de No\u00ebl, peint \u00e0 la main par des artistes polonais, est une d\u00e9coration de No\u00ebl \u00e9l\u00e9gante et une belle \u0153uvre d&#039;art.\" \/>\n<meta name=\"robots\" content=\"index, follow, max-snippet:-1, max-image-preview:large, max-video-preview:-1\" \/>\n<link rel=\"canonical\" href=\"https:\/\/redkarawana.com\/artisan\/angel-ornament-poland\/\" \/>\n<meta property=\"og:locale\" content=\"fr_FR\" \/>\n<meta property=\"og:type\" content=\"article\" \/>\n<meta property=\"og:title\" content=\"Ornement d&#039;Ange de No\u00ebl, Pologne - D\u00e9coratif - Red Karawana\" \/>\n<meta property=\"og:description\" content=\"Notre Ornement d&#039;Ange de No\u00ebl, peint \u00e0 la main par des artistes polonais, est une d\u00e9coration de No\u00ebl \u00e9l\u00e9gante et une belle \u0153uvre d&#039;art.\" \/>\n<meta property=\"og:url\" content=\"https:\/\/redkarawana.com\/artisan\/angel-ornament-poland\/\" \/>\n<meta property=\"og:site_name\" content=\"Red Karawana\" \/>\n<meta property=\"article:publisher\" content=\"https:\/\/www.facebook.com\/redkarawana\/\" \/>\n<meta property=\"article:modified_time\" content=\"2025-12-06T08:21:28+00:00\" \/>\n<meta property=\"og:image\" content=\"https:\/\/redkarawana.com\/wp-content\/uploads\/2025\/04\/1-AF1200x630-Poland-Angel-Ornament.jpg\" \/>\n\t<meta property=\"og:image:width\" content=\"1200\" \/>\n\t<meta property=\"og:image:height\" content=\"630\" \/>\n\t<meta property=\"og:image:type\" content=\"image\/jpeg\" \/>\n<meta name=\"twitter:card\" content=\"summary_large_image\" \/>\n<meta name=\"twitter:label1\" content=\"Dur\u00e9e de lecture estim\u00e9e\" \/>\n\t<meta name=\"twitter:data1\" content=\"1 minute\" \/>\n<script type=\"application\/ld+json\" class=\"yoast-schema-graph\">{\"@context\":\"https:\\\/\\\/schema.org\",\"@graph\":[{\"@type\":\"WebPage\",\"@id\":\"https:\\\/\\\/redkarawana.com\\\/artisan\\\/angel-ornament-poland\\\/\",\"url\":\"https:\\\/\\\/redkarawana.com\\\/artisan\\\/angel-ornament-poland\\\/\",\"name\":\"Ornement d'Ange de No\u00ebl, Pologne - D\u00e9coratif - Red Karawana\",\"isPartOf\":{\"@id\":\"https:\\\/\\\/redkarawana.com\\\/#website\"},\"primaryImageOfPage\":{\"@id\":\"https:\\\/\\\/redkarawana.com\\\/artisan\\\/angel-ornament-poland\\\/#primaryimage\"},\"image\":{\"@id\":\"https:\\\/\\\/redkarawana.com\\\/artisan\\\/angel-ornament-poland\\\/#primaryimage\"},\"thumbnailUrl\":\"https:\\\/\\\/redkarawana.com\\\/wp-content\\\/uploads\\\/2025\\\/04\\\/1-AP-Feature-Poland-Angel-Ornament.jpg\",\"datePublished\":\"2025-11-30T03:00:46+00:00\",\"dateModified\":\"2025-12-06T08:21:28+00:00\",\"description\":\"Notre Ornement d'Ange de No\u00ebl, peint \u00e0 la main par des artistes polonais, est une d\u00e9coration de No\u00ebl \u00e9l\u00e9gante et une belle \u0153uvre d'art.\",\"breadcrumb\":{\"@id\":\"https:\\\/\\\/redkarawana.com\\\/artisan\\\/angel-ornament-poland\\\/#breadcrumb\"},\"inLanguage\":\"fr-FR\",\"potentialAction\":[{\"@type\":\"ReadAction\",\"target\":[\"https:\\\/\\\/redkarawana.com\\\/artisan\\\/angel-ornament-poland\\\/\"]}]},{\"@type\":\"ImageObject\",\"inLanguage\":\"fr-FR\",\"@id\":\"https:\\\/\\\/redkarawana.com\\\/artisan\\\/angel-ornament-poland\\\/#primaryimage\",\"url\":\"https:\\\/\\\/redkarawana.com\\\/wp-content\\\/uploads\\\/2025\\\/04\\\/1-AP-Feature-Poland-Angel-Ornament.jpg\",\"contentUrl\":\"https:\\\/\\\/redkarawana.com\\\/wp-content\\\/uploads\\\/2025\\\/04\\\/1-AP-Feature-Poland-Angel-Ornament.jpg\",\"width\":680,\"height\":453,\"caption\":\"Pologne, Ornement d'Ange de No\u00ebl\"},{\"@type\":\"BreadcrumbList\",\"@id\":\"https:\\\/\\\/redkarawana.com\\\/artisan\\\/angel-ornament-poland\\\/#breadcrumb\",\"itemListElement\":[{\"@type\":\"ListItem\",\"position\":1,\"name\":\"Home\",\"item\":\"https:\\\/\\\/redkarawana.com\\\/fr\\\/\"},{\"@type\":\"ListItem\",\"position\":2,\"name\":\"Artisans\",\"item\":\"https:\\\/\\\/redkarawana.com\\\/fr\\\/artisans\\\/\"},{\"@type\":\"ListItem\",\"position\":3,\"name\":\"Ornement d&#8217;Ange de No\u00ebl, Pologne ; D\u00e9coration de No\u00ebl Peinte Main\"}]},{\"@type\":\"WebSite\",\"@id\":\"https:\\\/\\\/redkarawana.com\\\/#website\",\"url\":\"https:\\\/\\\/redkarawana.com\\\/\",\"name\":\"Red Karawana\",\"description\":\"\",\"publisher\":{\"@id\":\"https:\\\/\\\/redkarawana.com\\\/#organization\"},\"potentialAction\":[{\"@type\":\"SearchAction\",\"target\":{\"@type\":\"EntryPoint\",\"urlTemplate\":\"https:\\\/\\\/redkarawana.com\\\/?s={search_term_string}\"},\"query-input\":{\"@type\":\"PropertyValueSpecification\",\"valueRequired\":true,\"valueName\":\"search_term_string\"}}],\"inLanguage\":\"fr-FR\"},{\"@type\":\"Organization\",\"@id\":\"https:\\\/\\\/redkarawana.com\\\/#organization\",\"name\":\"Red Karawana\",\"url\":\"https:\\\/\\\/redkarawana.com\\\/\",\"logo\":{\"@type\":\"ImageObject\",\"inLanguage\":\"fr-FR\",\"@id\":\"https:\\\/\\\/redkarawana.com\\\/#\\\/schema\\\/logo\\\/image\\\/\",\"url\":\"http:\\\/\\\/redkarawana.com\\\/wp-content\\\/uploads\\\/2025\\\/05\\\/cropped-Screenshot-2025-05-29-at-09.27.38.png\",\"contentUrl\":\"http:\\\/\\\/redkarawana.com\\\/wp-content\\\/uploads\\\/2025\\\/05\\\/cropped-Screenshot-2025-05-29-at-09.27.38.png\",\"width\":512,\"height\":512,\"caption\":\"Red Karawana\"},\"image\":{\"@id\":\"https:\\\/\\\/redkarawana.com\\\/#\\\/schema\\\/logo\\\/image\\\/\"},\"sameAs\":[\"https:\\\/\\\/www.facebook.com\\\/redkarawana\\\/\",\"https:\\\/\\\/www.instagram.com\\\/redkarawana\\\/\",\"https:\\\/\\\/www.youtube.com\\\/channel\\\/UCU9jXzSmyKm4ZZv38FEXGKg\",\"https:\\\/\\\/www.pinterest.com\\\/redkarawana\\\/\"]}]}<\/script>\n<!-- \/ Yoast SEO plugin. -->","yoast_head_json":{"title":"Ornement d'Ange de No\u00ebl, Pologne - D\u00e9coratif - Red Karawana","description":"Notre Ornement d'Ange de No\u00ebl, peint \u00e0 la main par des artistes polonais, est une d\u00e9coration de No\u00ebl \u00e9l\u00e9gante et une belle \u0153uvre d'art.","robots":{"index":"index","follow":"follow","max-snippet":"max-snippet:-1","max-image-preview":"max-image-preview:large","max-video-preview":"max-video-preview:-1"},"canonical":"https:\/\/redkarawana.com\/artisan\/angel-ornament-poland\/","og_locale":"fr_FR","og_type":"article","og_title":"Ornement d'Ange de No\u00ebl, Pologne - D\u00e9coratif - Red Karawana","og_description":"Notre Ornement d'Ange de No\u00ebl, peint \u00e0 la main par des artistes polonais, est une d\u00e9coration de No\u00ebl \u00e9l\u00e9gante et une belle \u0153uvre d'art.","og_url":"https:\/\/redkarawana.com\/artisan\/angel-ornament-poland\/","og_site_name":"Red Karawana","article_publisher":"https:\/\/www.facebook.com\/redkarawana\/","article_modified_time":"2025-12-06T08:21:28+00:00","og_image":[{"width":1200,"height":630,"url":"https:\/\/redkarawana.com\/wp-content\/uploads\/2025\/04\/1-AF1200x630-Poland-Angel-Ornament.jpg","type":"image\/jpeg"}],"twitter_card":"summary_large_image","twitter_misc":{"Dur\u00e9e de lecture estim\u00e9e":"1 minute"},"schema":{"@context":"https:\/\/schema.org","@graph":[{"@type":"WebPage","@id":"https:\/\/redkarawana.com\/artisan\/angel-ornament-poland\/","url":"https:\/\/redkarawana.com\/artisan\/angel-ornament-poland\/","name":"Ornement d'Ange de No\u00ebl, Pologne - D\u00e9coratif - Red Karawana","isPartOf":{"@id":"https:\/\/redkarawana.com\/#website"},"primaryImageOfPage":{"@id":"https:\/\/redkarawana.com\/artisan\/angel-ornament-poland\/#primaryimage"},"image":{"@id":"https:\/\/redkarawana.com\/artisan\/angel-ornament-poland\/#primaryimage"},"thumbnailUrl":"https:\/\/redkarawana.com\/wp-content\/uploads\/2025\/04\/1-AP-Feature-Poland-Angel-Ornament.jpg","datePublished":"2025-11-30T03:00:46+00:00","dateModified":"2025-12-06T08:21:28+00:00","description":"Notre Ornement d'Ange de No\u00ebl, peint \u00e0 la main par des artistes polonais, est une d\u00e9coration de No\u00ebl \u00e9l\u00e9gante et une belle \u0153uvre d'art.","breadcrumb":{"@id":"https:\/\/redkarawana.com\/artisan\/angel-ornament-poland\/#breadcrumb"},"inLanguage":"fr-FR","potentialAction":[{"@type":"ReadAction","target":["https:\/\/redkarawana.com\/artisan\/angel-ornament-poland\/"]}]},{"@type":"ImageObject","inLanguage":"fr-FR","@id":"https:\/\/redkarawana.com\/artisan\/angel-ornament-poland\/#primaryimage","url":"https:\/\/redkarawana.com\/wp-content\/uploads\/2025\/04\/1-AP-Feature-Poland-Angel-Ornament.jpg","contentUrl":"https:\/\/redkarawana.com\/wp-content\/uploads\/2025\/04\/1-AP-Feature-Poland-Angel-Ornament.jpg","width":680,"height":453,"caption":"Pologne, Ornement d'Ange de No\u00ebl"},{"@type":"BreadcrumbList","@id":"https:\/\/redkarawana.com\/artisan\/angel-ornament-poland\/#breadcrumb","itemListElement":[{"@type":"ListItem","position":1,"name":"Home","item":"https:\/\/redkarawana.com\/fr\/"},{"@type":"ListItem","position":2,"name":"Artisans","item":"https:\/\/redkarawana.com\/fr\/artisans\/"},{"@type":"ListItem","position":3,"name":"Ornement d&#8217;Ange de No\u00ebl, Pologne ; D\u00e9coration de No\u00ebl Peinte Main"}]},{"@type":"WebSite","@id":"https:\/\/redkarawana.com\/#website","url":"https:\/\/redkarawana.com\/","name":"Red Karawana","description":"","publisher":{"@id":"https:\/\/redkarawana.com\/#organization"},"potentialAction":[{"@type":"SearchAction","target":{"@type":"EntryPoint","urlTemplate":"https:\/\/redkarawana.com\/?s={search_term_string}"},"query-input":{"@type":"PropertyValueSpecification","valueRequired":true,"valueName":"search_term_string"}}],"inLanguage":"fr-FR"},{"@type":"Organization","@id":"https:\/\/redkarawana.com\/#organization","name":"Red Karawana","url":"https:\/\/redkarawana.com\/","logo":{"@type":"ImageObject","inLanguage":"fr-FR","@id":"https:\/\/redkarawana.com\/#\/schema\/logo\/image\/","url":"http:\/\/redkarawana.com\/wp-content\/uploads\/2025\/05\/cropped-Screenshot-2025-05-29-at-09.27.38.png","contentUrl":"http:\/\/redkarawana.com\/wp-content\/uploads\/2025\/05\/cropped-Screenshot-2025-05-29-at-09.27.38.png","width":512,"height":512,"caption":"Red Karawana"},"image":{"@id":"https:\/\/redkarawana.com\/#\/schema\/logo\/image\/"},"sameAs":["https:\/\/www.facebook.com\/redkarawana\/","https:\/\/www.instagram.com\/redkarawana\/","https:\/\/www.youtube.com\/channel\/UCU9jXzSmyKm4ZZv38FEXGKg","https:\/\/www.pinterest.com\/redkarawana\/"]}]}},"_links":{"self":[{"href":"https:\/\/redkarawana.com\/fr\/wp-json\/wp\/v2\/product\/9800","targetHints":{"allow":["GET"]}}],"collection":[{"href":"https:\/\/redkarawana.com\/fr\/wp-json\/wp\/v2\/product"}],"about":[{"href":"https:\/\/redkarawana.com\/fr\/wp-json\/wp\/v2\/types\/product"}],"wp:featuredmedia":[{"embeddable":true,"href":"https:\/\/redkarawana.com\/fr\/wp-json\/wp\/v2\/media\/9777"}],"wp:attachment":[{"href":"https:\/\/redkarawana.com\/fr\/wp-json\/wp\/v2\/media?parent=9800"}],"wp:term":[{"taxonomy":"product_brand","embeddable":true,"href":"https:\/\/redkarawana.com\/fr\/wp-json\/wp\/v2\/product_brand?post=9800"},{"taxonomy":"product_cat","embeddable":true,"href":"https:\/\/redkarawana.com\/fr\/wp-json\/wp\/v2\/product_cat?post=9800"},{"taxonomy":"product_tag","embeddable":true,"href":"https:\/\/redkarawana.com\/fr\/wp-json\/wp\/v2\/product_tag?post=9800"}],"curies":[{"name":"wp","href":"https:\/\/api.w.org\/{rel}","templated":true}]}}