{"id":9824,"date":"2025-11-30T03:10:32","date_gmt":"2025-11-30T03:10:32","guid":{"rendered":"https:\/\/redkarawana.com\/?post_type=product&#038;p=9824"},"modified":"2025-10-03T09:36:26","modified_gmt":"2025-10-03T09:36:26","slug":"tapisserie-murale-inde","status":"publish","type":"product","link":"https:\/\/redkarawana.com\/fr\/artisan\/tapisserie-murale-inde\/","title":{"rendered":"Tapisserie Murale, Inde ; Tenture Murale au Motif Floral"},"content":{"rendered":"<p>La fabrication de tapisseries aux motifs floraux, une tradition bien \u00e9tablie en Inde, a \u00e9t\u00e9 influenc\u00e9e par diverses cultures et coutumes locales. Les visiteurs de l&rsquo;Inde peuvent trouver une vari\u00e9t\u00e9 d&rsquo;objets artisanaux et d&rsquo;articles de d\u00e9coration int\u00e9rieure. Les tapisseries indiennes font partie de l\u2019artisanat traditionnel, utilisant des techniques de tissage sp\u00e9ciales, des couleurs vives et des motifs symboliques. Les tapisseries murales sont des \u0153uvres d&rsquo;art originales qui s&rsquo;adaptent \u00e0 tous les styles de d\u00e9coration. Cette tapisserie murale pr\u00e9sente un motif floral tiss\u00e9 \u00e0 la main, incorporant les couleurs rouge, jaune, violet et vert. Mesures : tapisserie murale (longueur 42 pouces, largeur 26 pouces).     <\/p>\n","protected":false},"excerpt":{"rendered":"<p><br data-mce-bogus=\"1\"><\/p>\n","protected":false},"featured_media":9808,"template":"","meta":{"_acf_changed":false},"product_brand":[],"product_cat":[49],"product_tag":[],"class_list":{"0":"post-9824","1":"product","2":"type-product","3":"status-publish","4":"has-post-thumbnail","6":"product_cat-decoratif","8":"first","9":"instock","10":"sold-individually","11":"taxable","12":"shipping-taxable","13":"purchasable","14":"product-type-simple"},"acf":[],"yoast_head":"<!-- This site is optimized with the Yoast SEO plugin v27.3 - https:\/\/yoast.com\/product\/yoast-seo-wordpress\/ -->\n<title>Tapisserie Murale, Inde - D\u00e9coratif - Red Karawana<\/title>\n<meta name=\"description\" content=\"Les tapisseries murales sont des \u0153uvres d&#039;art. Cette tapisserie murale pr\u00e9sente un motif floral tiss\u00e9 \u00e0 la main, incorporant les couleurs diverses.\" \/>\n<meta name=\"robots\" content=\"index, follow, max-snippet:-1, max-image-preview:large, max-video-preview:-1\" \/>\n<link rel=\"canonical\" href=\"https:\/\/redkarawana.com\/fr\/artisan\/tapisserie-murale-inde\/\" \/>\n<meta property=\"og:locale\" content=\"fr_FR\" \/>\n<meta property=\"og:type\" content=\"article\" \/>\n<meta property=\"og:title\" content=\"Tapisserie Murale, Inde - D\u00e9coratif - Red Karawana\" \/>\n<meta property=\"og:description\" content=\"Les tapisseries murales sont des \u0153uvres d&#039;art. Cette tapisserie murale pr\u00e9sente un motif floral tiss\u00e9 \u00e0 la main, incorporant les couleurs diverses.\" \/>\n<meta property=\"og:url\" content=\"https:\/\/redkarawana.com\/fr\/artisan\/tapisserie-murale-inde\/\" \/>\n<meta property=\"og:site_name\" content=\"Red Karawana\" \/>\n<meta property=\"article:publisher\" content=\"https:\/\/www.facebook.com\/redkarawana\/\" \/>\n<meta property=\"og:image\" content=\"https:\/\/redkarawana.com\/wp-content\/uploads\/2025\/04\/1-AF1200x630-India-Wall-Tapestry.jpg\" \/>\n\t<meta property=\"og:image:width\" content=\"1200\" \/>\n\t<meta property=\"og:image:height\" content=\"630\" \/>\n\t<meta property=\"og:image:type\" content=\"image\/jpeg\" \/>\n<meta name=\"twitter:card\" content=\"summary_large_image\" \/>\n<meta name=\"twitter:label1\" content=\"Dur\u00e9e de lecture estim\u00e9e\" \/>\n\t<meta name=\"twitter:data1\" content=\"1 minute\" \/>\n<script type=\"application\/ld+json\" class=\"yoast-schema-graph\">{\"@context\":\"https:\\\/\\\/schema.org\",\"@graph\":[{\"@type\":\"WebPage\",\"@id\":\"https:\\\/\\\/redkarawana.com\\\/fr\\\/artisan\\\/tapisserie-murale-inde\\\/\",\"url\":\"https:\\\/\\\/redkarawana.com\\\/fr\\\/artisan\\\/tapisserie-murale-inde\\\/\",\"name\":\"Tapisserie Murale, Inde - D\u00e9coratif - Red Karawana\",\"isPartOf\":{\"@id\":\"https:\\\/\\\/redkarawana.com\\\/#website\"},\"primaryImageOfPage\":{\"@id\":\"https:\\\/\\\/redkarawana.com\\\/fr\\\/artisan\\\/tapisserie-murale-inde\\\/#primaryimage\"},\"image\":{\"@id\":\"https:\\\/\\\/redkarawana.com\\\/fr\\\/artisan\\\/tapisserie-murale-inde\\\/#primaryimage\"},\"thumbnailUrl\":\"https:\\\/\\\/redkarawana.com\\\/wp-content\\\/uploads\\\/2025\\\/04\\\/1-AP-Feature-India-Wall-Tapestry.jpg\",\"datePublished\":\"2025-11-30T03:10:32+00:00\",\"description\":\"Les tapisseries murales sont des \u0153uvres d'art. Cette tapisserie murale pr\u00e9sente un motif floral tiss\u00e9 \u00e0 la main, incorporant les couleurs diverses.\",\"breadcrumb\":{\"@id\":\"https:\\\/\\\/redkarawana.com\\\/fr\\\/artisan\\\/tapisserie-murale-inde\\\/#breadcrumb\"},\"inLanguage\":\"fr-FR\",\"potentialAction\":[{\"@type\":\"ReadAction\",\"target\":[\"https:\\\/\\\/redkarawana.com\\\/fr\\\/artisan\\\/tapisserie-murale-inde\\\/\"]}]},{\"@type\":\"ImageObject\",\"inLanguage\":\"fr-FR\",\"@id\":\"https:\\\/\\\/redkarawana.com\\\/fr\\\/artisan\\\/tapisserie-murale-inde\\\/#primaryimage\",\"url\":\"https:\\\/\\\/redkarawana.com\\\/wp-content\\\/uploads\\\/2025\\\/04\\\/1-AP-Feature-India-Wall-Tapestry.jpg\",\"contentUrl\":\"https:\\\/\\\/redkarawana.com\\\/wp-content\\\/uploads\\\/2025\\\/04\\\/1-AP-Feature-India-Wall-Tapestry.jpg\",\"width\":680,\"height\":453,\"caption\":\"Inde, Tapisserie Murale\"},{\"@type\":\"BreadcrumbList\",\"@id\":\"https:\\\/\\\/redkarawana.com\\\/fr\\\/artisan\\\/tapisserie-murale-inde\\\/#breadcrumb\",\"itemListElement\":[{\"@type\":\"ListItem\",\"position\":1,\"name\":\"Home\",\"item\":\"https:\\\/\\\/redkarawana.com\\\/fr\\\/\"},{\"@type\":\"ListItem\",\"position\":2,\"name\":\"Artisans\",\"item\":\"https:\\\/\\\/redkarawana.com\\\/fr\\\/artisans\\\/\"},{\"@type\":\"ListItem\",\"position\":3,\"name\":\"Tapisserie Murale, Inde ; Tenture Murale au Motif Floral\"}]},{\"@type\":\"WebSite\",\"@id\":\"https:\\\/\\\/redkarawana.com\\\/#website\",\"url\":\"https:\\\/\\\/redkarawana.com\\\/\",\"name\":\"Red Karawana\",\"description\":\"\",\"publisher\":{\"@id\":\"https:\\\/\\\/redkarawana.com\\\/#organization\"},\"potentialAction\":[{\"@type\":\"SearchAction\",\"target\":{\"@type\":\"EntryPoint\",\"urlTemplate\":\"https:\\\/\\\/redkarawana.com\\\/?s={search_term_string}\"},\"query-input\":{\"@type\":\"PropertyValueSpecification\",\"valueRequired\":true,\"valueName\":\"search_term_string\"}}],\"inLanguage\":\"fr-FR\"},{\"@type\":\"Organization\",\"@id\":\"https:\\\/\\\/redkarawana.com\\\/#organization\",\"name\":\"Red Karawana\",\"url\":\"https:\\\/\\\/redkarawana.com\\\/\",\"logo\":{\"@type\":\"ImageObject\",\"inLanguage\":\"fr-FR\",\"@id\":\"https:\\\/\\\/redkarawana.com\\\/#\\\/schema\\\/logo\\\/image\\\/\",\"url\":\"https:\\\/\\\/redkarawana.com\\\/wp-content\\\/uploads\\\/2025\\\/05\\\/cropped-Screenshot-2025-05-29-at-09.27.38.png\",\"contentUrl\":\"https:\\\/\\\/redkarawana.com\\\/wp-content\\\/uploads\\\/2025\\\/05\\\/cropped-Screenshot-2025-05-29-at-09.27.38.png\",\"width\":512,\"height\":512,\"caption\":\"Red Karawana\"},\"image\":{\"@id\":\"https:\\\/\\\/redkarawana.com\\\/#\\\/schema\\\/logo\\\/image\\\/\"},\"sameAs\":[\"https:\\\/\\\/www.facebook.com\\\/redkarawana\\\/\",\"https:\\\/\\\/www.instagram.com\\\/redkarawana\\\/\",\"https:\\\/\\\/www.youtube.com\\\/channel\\\/UCU9jXzSmyKm4ZZv38FEXGKg\",\"https:\\\/\\\/www.pinterest.com\\\/redkarawana\\\/\"]}]}<\/script>\n<!-- \/ Yoast SEO plugin. -->","yoast_head_json":{"title":"Tapisserie Murale, Inde - D\u00e9coratif - Red Karawana","description":"Les tapisseries murales sont des \u0153uvres d'art. Cette tapisserie murale pr\u00e9sente un motif floral tiss\u00e9 \u00e0 la main, incorporant les couleurs diverses.","robots":{"index":"index","follow":"follow","max-snippet":"max-snippet:-1","max-image-preview":"max-image-preview:large","max-video-preview":"max-video-preview:-1"},"canonical":"https:\/\/redkarawana.com\/fr\/artisan\/tapisserie-murale-inde\/","og_locale":"fr_FR","og_type":"article","og_title":"Tapisserie Murale, Inde - D\u00e9coratif - Red Karawana","og_description":"Les tapisseries murales sont des \u0153uvres d'art. Cette tapisserie murale pr\u00e9sente un motif floral tiss\u00e9 \u00e0 la main, incorporant les couleurs diverses.","og_url":"https:\/\/redkarawana.com\/fr\/artisan\/tapisserie-murale-inde\/","og_site_name":"Red Karawana","article_publisher":"https:\/\/www.facebook.com\/redkarawana\/","og_image":[{"width":1200,"height":630,"url":"https:\/\/redkarawana.com\/wp-content\/uploads\/2025\/04\/1-AF1200x630-India-Wall-Tapestry.jpg","type":"image\/jpeg"}],"twitter_card":"summary_large_image","twitter_misc":{"Dur\u00e9e de lecture estim\u00e9e":"1 minute"},"schema":{"@context":"https:\/\/schema.org","@graph":[{"@type":"WebPage","@id":"https:\/\/redkarawana.com\/fr\/artisan\/tapisserie-murale-inde\/","url":"https:\/\/redkarawana.com\/fr\/artisan\/tapisserie-murale-inde\/","name":"Tapisserie Murale, Inde - D\u00e9coratif - Red Karawana","isPartOf":{"@id":"https:\/\/redkarawana.com\/#website"},"primaryImageOfPage":{"@id":"https:\/\/redkarawana.com\/fr\/artisan\/tapisserie-murale-inde\/#primaryimage"},"image":{"@id":"https:\/\/redkarawana.com\/fr\/artisan\/tapisserie-murale-inde\/#primaryimage"},"thumbnailUrl":"https:\/\/redkarawana.com\/wp-content\/uploads\/2025\/04\/1-AP-Feature-India-Wall-Tapestry.jpg","datePublished":"2025-11-30T03:10:32+00:00","description":"Les tapisseries murales sont des \u0153uvres d'art. Cette tapisserie murale pr\u00e9sente un motif floral tiss\u00e9 \u00e0 la main, incorporant les couleurs diverses.","breadcrumb":{"@id":"https:\/\/redkarawana.com\/fr\/artisan\/tapisserie-murale-inde\/#breadcrumb"},"inLanguage":"fr-FR","potentialAction":[{"@type":"ReadAction","target":["https:\/\/redkarawana.com\/fr\/artisan\/tapisserie-murale-inde\/"]}]},{"@type":"ImageObject","inLanguage":"fr-FR","@id":"https:\/\/redkarawana.com\/fr\/artisan\/tapisserie-murale-inde\/#primaryimage","url":"https:\/\/redkarawana.com\/wp-content\/uploads\/2025\/04\/1-AP-Feature-India-Wall-Tapestry.jpg","contentUrl":"https:\/\/redkarawana.com\/wp-content\/uploads\/2025\/04\/1-AP-Feature-India-Wall-Tapestry.jpg","width":680,"height":453,"caption":"Inde, Tapisserie Murale"},{"@type":"BreadcrumbList","@id":"https:\/\/redkarawana.com\/fr\/artisan\/tapisserie-murale-inde\/#breadcrumb","itemListElement":[{"@type":"ListItem","position":1,"name":"Home","item":"https:\/\/redkarawana.com\/fr\/"},{"@type":"ListItem","position":2,"name":"Artisans","item":"https:\/\/redkarawana.com\/fr\/artisans\/"},{"@type":"ListItem","position":3,"name":"Tapisserie Murale, Inde ; Tenture Murale au Motif Floral"}]},{"@type":"WebSite","@id":"https:\/\/redkarawana.com\/#website","url":"https:\/\/redkarawana.com\/","name":"Red Karawana","description":"","publisher":{"@id":"https:\/\/redkarawana.com\/#organization"},"potentialAction":[{"@type":"SearchAction","target":{"@type":"EntryPoint","urlTemplate":"https:\/\/redkarawana.com\/?s={search_term_string}"},"query-input":{"@type":"PropertyValueSpecification","valueRequired":true,"valueName":"search_term_string"}}],"inLanguage":"fr-FR"},{"@type":"Organization","@id":"https:\/\/redkarawana.com\/#organization","name":"Red Karawana","url":"https:\/\/redkarawana.com\/","logo":{"@type":"ImageObject","inLanguage":"fr-FR","@id":"https:\/\/redkarawana.com\/#\/schema\/logo\/image\/","url":"https:\/\/redkarawana.com\/wp-content\/uploads\/2025\/05\/cropped-Screenshot-2025-05-29-at-09.27.38.png","contentUrl":"https:\/\/redkarawana.com\/wp-content\/uploads\/2025\/05\/cropped-Screenshot-2025-05-29-at-09.27.38.png","width":512,"height":512,"caption":"Red Karawana"},"image":{"@id":"https:\/\/redkarawana.com\/#\/schema\/logo\/image\/"},"sameAs":["https:\/\/www.facebook.com\/redkarawana\/","https:\/\/www.instagram.com\/redkarawana\/","https:\/\/www.youtube.com\/channel\/UCU9jXzSmyKm4ZZv38FEXGKg","https:\/\/www.pinterest.com\/redkarawana\/"]}]}},"_links":{"self":[{"href":"https:\/\/redkarawana.com\/fr\/wp-json\/wp\/v2\/product\/9824","targetHints":{"allow":["GET"]}}],"collection":[{"href":"https:\/\/redkarawana.com\/fr\/wp-json\/wp\/v2\/product"}],"about":[{"href":"https:\/\/redkarawana.com\/fr\/wp-json\/wp\/v2\/types\/product"}],"wp:featuredmedia":[{"embeddable":true,"href":"https:\/\/redkarawana.com\/fr\/wp-json\/wp\/v2\/media\/9808"}],"wp:attachment":[{"href":"https:\/\/redkarawana.com\/fr\/wp-json\/wp\/v2\/media?parent=9824"}],"wp:term":[{"taxonomy":"product_brand","embeddable":true,"href":"https:\/\/redkarawana.com\/fr\/wp-json\/wp\/v2\/product_brand?post=9824"},{"taxonomy":"product_cat","embeddable":true,"href":"https:\/\/redkarawana.com\/fr\/wp-json\/wp\/v2\/product_cat?post=9824"},{"taxonomy":"product_tag","embeddable":true,"href":"https:\/\/redkarawana.com\/fr\/wp-json\/wp\/v2\/product_tag?post=9824"}],"curies":[{"name":"wp","href":"https:\/\/api.w.org\/{rel}","templated":true}]}}