{"id":9848,"date":"2025-11-30T03:20:30","date_gmt":"2025-11-30T03:20:30","guid":{"rendered":"https:\/\/redkarawana.com\/?post_type=product&#038;p=9848"},"modified":"2025-07-23T21:13:24","modified_gmt":"2025-07-23T21:13:24","slug":"chapeau-feutre-orange-pologne","status":"publish","type":"product","link":"https:\/\/redkarawana.com\/fr\/artisan\/chapeau-feutre-orange-pologne\/","title":{"rendered":"Chapeau Feutre Orange, Pologne ; \u00c9l\u00e9gance au Style Unique"},"content":{"rendered":"<p>Les couvre-chefs rehaussent tout style et apportent une touche de cr\u00e9ativit\u00e9. Le feutre est un mat\u00e9riau textile souvent utilis\u00e9 pour fabriquer des couvre-chefs. Le feutre de laine, le feutre de castor et le feutre de fourrure sont des vari\u00e9t\u00e9s utilis\u00e9es pour fabriquer de magnifiques chapeaux. Les chapeaux en feutre ont une texture douce, apportent de la chaleur et sont tr\u00e8s \u00e0 la mode. Des styles vari\u00e9s, des motifs uniques et des couleurs vives en font l&rsquo;accessoire id\u00e9al. Le chapeau de feutre orange que nous vous pr\u00e9sentons a une forme classique de cloche et des couleurs vives. C&rsquo;est un couvre-chef \u00e9l\u00e9gant et styl\u00e9, orn\u00e9 d&rsquo;un large ruban et d&rsquo;un n\u0153ud torsad\u00e9 en feutre. Mesures : chapeau de feutre orange (diam\u00e8tre 21 \u00bd pouces).       <\/p>\n","protected":false},"excerpt":{"rendered":"<p>Les couvre-chefs rehaussent tout style et apportent une touche de cr\u00e9ativit\u00e9. Le feutre est un mat\u00e9riau textile souvent utilis\u00e9 pour fabriquer des couvre-chefs. Le feutre de laine, le feutre de castor et le feutre de fourrure sont des vari\u00e9t\u00e9s utilis\u00e9es pour fabriquer de magnifiques chapeaux. Les chapeaux en feutre ont une texture douce, apportent de [&hellip;]<\/p>\n","protected":false},"featured_media":9832,"template":"","meta":{"_acf_changed":false},"product_brand":[],"product_cat":[51],"product_tag":[],"class_list":{"0":"post-9848","1":"product","2":"type-product","3":"status-publish","4":"has-post-thumbnail","6":"product_cat-eclectique","8":"first","9":"instock","10":"sold-individually","11":"taxable","12":"shipping-taxable","13":"purchasable","14":"product-type-simple"},"acf":[],"yoast_head":"<!-- This site is optimized with the Yoast SEO plugin v27.3 - https:\/\/yoast.com\/product\/yoast-seo-wordpress\/ -->\n<title>Chapeau Feutre Orange, Pologne - \u00c9clectique - Red Karawana<\/title>\n<meta name=\"description\" content=\"Les couvre-chefs rehaussent tous les styles. Notre chapeau de feutre orange a une forme classique de cloche et des couleurs vibrantes. Il est orn\u00e9 d&#039;un large ruban et d&#039;un n\u0153ud torsad\u00e9 en feutre.\" \/>\n<meta name=\"robots\" content=\"index, follow, max-snippet:-1, max-image-preview:large, max-video-preview:-1\" \/>\n<link rel=\"canonical\" href=\"https:\/\/redkarawana.com\/fr\/artisan\/chapeau-feutre-orange-pologne\/\" \/>\n<meta property=\"og:locale\" content=\"fr_FR\" \/>\n<meta property=\"og:type\" content=\"article\" \/>\n<meta property=\"og:title\" content=\"Chapeau Feutre Orange, Pologne - \u00c9clectique - Red Karawana\" \/>\n<meta property=\"og:description\" content=\"Les couvre-chefs rehaussent tous les styles. Notre chapeau de feutre orange a une forme classique de cloche et des couleurs vibrantes. Il est orn\u00e9 d&#039;un large ruban et d&#039;un n\u0153ud torsad\u00e9 en feutre.\" \/>\n<meta property=\"og:url\" content=\"https:\/\/redkarawana.com\/fr\/artisan\/chapeau-feutre-orange-pologne\/\" \/>\n<meta property=\"og:site_name\" content=\"Red Karawana\" \/>\n<meta property=\"article:publisher\" content=\"https:\/\/www.facebook.com\/redkarawana\/\" \/>\n<meta property=\"og:image\" content=\"https:\/\/redkarawana.com\/wp-content\/uploads\/2025\/04\/1-AF1200x630-Poland-Orange-Felt-Hat.jpg\" \/>\n\t<meta property=\"og:image:width\" content=\"1200\" \/>\n\t<meta property=\"og:image:height\" content=\"630\" \/>\n\t<meta property=\"og:image:type\" content=\"image\/jpeg\" \/>\n<meta name=\"twitter:card\" content=\"summary_large_image\" \/>\n<meta name=\"twitter:label1\" content=\"Dur\u00e9e de lecture estim\u00e9e\" \/>\n\t<meta name=\"twitter:data1\" content=\"1 minute\" \/>\n<script type=\"application\/ld+json\" class=\"yoast-schema-graph\">{\"@context\":\"https:\\\/\\\/schema.org\",\"@graph\":[{\"@type\":\"WebPage\",\"@id\":\"https:\\\/\\\/redkarawana.com\\\/fr\\\/artisan\\\/chapeau-feutre-orange-pologne\\\/\",\"url\":\"https:\\\/\\\/redkarawana.com\\\/fr\\\/artisan\\\/chapeau-feutre-orange-pologne\\\/\",\"name\":\"Chapeau Feutre Orange, Pologne - \u00c9clectique - Red Karawana\",\"isPartOf\":{\"@id\":\"https:\\\/\\\/redkarawana.com\\\/#website\"},\"primaryImageOfPage\":{\"@id\":\"https:\\\/\\\/redkarawana.com\\\/fr\\\/artisan\\\/chapeau-feutre-orange-pologne\\\/#primaryimage\"},\"image\":{\"@id\":\"https:\\\/\\\/redkarawana.com\\\/fr\\\/artisan\\\/chapeau-feutre-orange-pologne\\\/#primaryimage\"},\"thumbnailUrl\":\"https:\\\/\\\/redkarawana.com\\\/wp-content\\\/uploads\\\/2025\\\/04\\\/1-AP-Feature-Poland-Orange-Felt-Hat.jpg\",\"datePublished\":\"2025-11-30T03:20:30+00:00\",\"description\":\"Les couvre-chefs rehaussent tous les styles. Notre chapeau de feutre orange a une forme classique de cloche et des couleurs vibrantes. Il est orn\u00e9 d'un large ruban et d'un n\u0153ud torsad\u00e9 en feutre.\",\"breadcrumb\":{\"@id\":\"https:\\\/\\\/redkarawana.com\\\/fr\\\/artisan\\\/chapeau-feutre-orange-pologne\\\/#breadcrumb\"},\"inLanguage\":\"fr-FR\",\"potentialAction\":[{\"@type\":\"ReadAction\",\"target\":[\"https:\\\/\\\/redkarawana.com\\\/fr\\\/artisan\\\/chapeau-feutre-orange-pologne\\\/\"]}]},{\"@type\":\"ImageObject\",\"inLanguage\":\"fr-FR\",\"@id\":\"https:\\\/\\\/redkarawana.com\\\/fr\\\/artisan\\\/chapeau-feutre-orange-pologne\\\/#primaryimage\",\"url\":\"https:\\\/\\\/redkarawana.com\\\/wp-content\\\/uploads\\\/2025\\\/04\\\/1-AP-Feature-Poland-Orange-Felt-Hat.jpg\",\"contentUrl\":\"https:\\\/\\\/redkarawana.com\\\/wp-content\\\/uploads\\\/2025\\\/04\\\/1-AP-Feature-Poland-Orange-Felt-Hat.jpg\",\"width\":680,\"height\":453,\"caption\":\"Pologne, Chapeau Feutre Orange\"},{\"@type\":\"BreadcrumbList\",\"@id\":\"https:\\\/\\\/redkarawana.com\\\/fr\\\/artisan\\\/chapeau-feutre-orange-pologne\\\/#breadcrumb\",\"itemListElement\":[{\"@type\":\"ListItem\",\"position\":1,\"name\":\"Home\",\"item\":\"https:\\\/\\\/redkarawana.com\\\/fr\\\/\"},{\"@type\":\"ListItem\",\"position\":2,\"name\":\"Artisans\",\"item\":\"https:\\\/\\\/redkarawana.com\\\/fr\\\/artisans\\\/\"},{\"@type\":\"ListItem\",\"position\":3,\"name\":\"Chapeau Feutre Orange, Pologne ; \u00c9l\u00e9gance au Style Unique\"}]},{\"@type\":\"WebSite\",\"@id\":\"https:\\\/\\\/redkarawana.com\\\/#website\",\"url\":\"https:\\\/\\\/redkarawana.com\\\/\",\"name\":\"Red Karawana\",\"description\":\"\",\"publisher\":{\"@id\":\"https:\\\/\\\/redkarawana.com\\\/#organization\"},\"potentialAction\":[{\"@type\":\"SearchAction\",\"target\":{\"@type\":\"EntryPoint\",\"urlTemplate\":\"https:\\\/\\\/redkarawana.com\\\/?s={search_term_string}\"},\"query-input\":{\"@type\":\"PropertyValueSpecification\",\"valueRequired\":true,\"valueName\":\"search_term_string\"}}],\"inLanguage\":\"fr-FR\"},{\"@type\":\"Organization\",\"@id\":\"https:\\\/\\\/redkarawana.com\\\/#organization\",\"name\":\"Red Karawana\",\"url\":\"https:\\\/\\\/redkarawana.com\\\/\",\"logo\":{\"@type\":\"ImageObject\",\"inLanguage\":\"fr-FR\",\"@id\":\"https:\\\/\\\/redkarawana.com\\\/#\\\/schema\\\/logo\\\/image\\\/\",\"url\":\"https:\\\/\\\/redkarawana.com\\\/wp-content\\\/uploads\\\/2025\\\/05\\\/cropped-Screenshot-2025-05-29-at-09.27.38.png\",\"contentUrl\":\"https:\\\/\\\/redkarawana.com\\\/wp-content\\\/uploads\\\/2025\\\/05\\\/cropped-Screenshot-2025-05-29-at-09.27.38.png\",\"width\":512,\"height\":512,\"caption\":\"Red Karawana\"},\"image\":{\"@id\":\"https:\\\/\\\/redkarawana.com\\\/#\\\/schema\\\/logo\\\/image\\\/\"},\"sameAs\":[\"https:\\\/\\\/www.facebook.com\\\/redkarawana\\\/\",\"https:\\\/\\\/www.instagram.com\\\/redkarawana\\\/\",\"https:\\\/\\\/www.youtube.com\\\/channel\\\/UCU9jXzSmyKm4ZZv38FEXGKg\",\"https:\\\/\\\/www.pinterest.com\\\/redkarawana\\\/\"]}]}<\/script>\n<!-- \/ Yoast SEO plugin. -->","yoast_head_json":{"title":"Chapeau Feutre Orange, Pologne - \u00c9clectique - Red Karawana","description":"Les couvre-chefs rehaussent tous les styles. Notre chapeau de feutre orange a une forme classique de cloche et des couleurs vibrantes. Il est orn\u00e9 d'un large ruban et d'un n\u0153ud torsad\u00e9 en feutre.","robots":{"index":"index","follow":"follow","max-snippet":"max-snippet:-1","max-image-preview":"max-image-preview:large","max-video-preview":"max-video-preview:-1"},"canonical":"https:\/\/redkarawana.com\/fr\/artisan\/chapeau-feutre-orange-pologne\/","og_locale":"fr_FR","og_type":"article","og_title":"Chapeau Feutre Orange, Pologne - \u00c9clectique - Red Karawana","og_description":"Les couvre-chefs rehaussent tous les styles. Notre chapeau de feutre orange a une forme classique de cloche et des couleurs vibrantes. Il est orn\u00e9 d'un large ruban et d'un n\u0153ud torsad\u00e9 en feutre.","og_url":"https:\/\/redkarawana.com\/fr\/artisan\/chapeau-feutre-orange-pologne\/","og_site_name":"Red Karawana","article_publisher":"https:\/\/www.facebook.com\/redkarawana\/","og_image":[{"width":1200,"height":630,"url":"https:\/\/redkarawana.com\/wp-content\/uploads\/2025\/04\/1-AF1200x630-Poland-Orange-Felt-Hat.jpg","type":"image\/jpeg"}],"twitter_card":"summary_large_image","twitter_misc":{"Dur\u00e9e de lecture estim\u00e9e":"1 minute"},"schema":{"@context":"https:\/\/schema.org","@graph":[{"@type":"WebPage","@id":"https:\/\/redkarawana.com\/fr\/artisan\/chapeau-feutre-orange-pologne\/","url":"https:\/\/redkarawana.com\/fr\/artisan\/chapeau-feutre-orange-pologne\/","name":"Chapeau Feutre Orange, Pologne - \u00c9clectique - Red Karawana","isPartOf":{"@id":"https:\/\/redkarawana.com\/#website"},"primaryImageOfPage":{"@id":"https:\/\/redkarawana.com\/fr\/artisan\/chapeau-feutre-orange-pologne\/#primaryimage"},"image":{"@id":"https:\/\/redkarawana.com\/fr\/artisan\/chapeau-feutre-orange-pologne\/#primaryimage"},"thumbnailUrl":"https:\/\/redkarawana.com\/wp-content\/uploads\/2025\/04\/1-AP-Feature-Poland-Orange-Felt-Hat.jpg","datePublished":"2025-11-30T03:20:30+00:00","description":"Les couvre-chefs rehaussent tous les styles. Notre chapeau de feutre orange a une forme classique de cloche et des couleurs vibrantes. Il est orn\u00e9 d'un large ruban et d'un n\u0153ud torsad\u00e9 en feutre.","breadcrumb":{"@id":"https:\/\/redkarawana.com\/fr\/artisan\/chapeau-feutre-orange-pologne\/#breadcrumb"},"inLanguage":"fr-FR","potentialAction":[{"@type":"ReadAction","target":["https:\/\/redkarawana.com\/fr\/artisan\/chapeau-feutre-orange-pologne\/"]}]},{"@type":"ImageObject","inLanguage":"fr-FR","@id":"https:\/\/redkarawana.com\/fr\/artisan\/chapeau-feutre-orange-pologne\/#primaryimage","url":"https:\/\/redkarawana.com\/wp-content\/uploads\/2025\/04\/1-AP-Feature-Poland-Orange-Felt-Hat.jpg","contentUrl":"https:\/\/redkarawana.com\/wp-content\/uploads\/2025\/04\/1-AP-Feature-Poland-Orange-Felt-Hat.jpg","width":680,"height":453,"caption":"Pologne, Chapeau Feutre Orange"},{"@type":"BreadcrumbList","@id":"https:\/\/redkarawana.com\/fr\/artisan\/chapeau-feutre-orange-pologne\/#breadcrumb","itemListElement":[{"@type":"ListItem","position":1,"name":"Home","item":"https:\/\/redkarawana.com\/fr\/"},{"@type":"ListItem","position":2,"name":"Artisans","item":"https:\/\/redkarawana.com\/fr\/artisans\/"},{"@type":"ListItem","position":3,"name":"Chapeau Feutre Orange, Pologne ; \u00c9l\u00e9gance au Style Unique"}]},{"@type":"WebSite","@id":"https:\/\/redkarawana.com\/#website","url":"https:\/\/redkarawana.com\/","name":"Red Karawana","description":"","publisher":{"@id":"https:\/\/redkarawana.com\/#organization"},"potentialAction":[{"@type":"SearchAction","target":{"@type":"EntryPoint","urlTemplate":"https:\/\/redkarawana.com\/?s={search_term_string}"},"query-input":{"@type":"PropertyValueSpecification","valueRequired":true,"valueName":"search_term_string"}}],"inLanguage":"fr-FR"},{"@type":"Organization","@id":"https:\/\/redkarawana.com\/#organization","name":"Red Karawana","url":"https:\/\/redkarawana.com\/","logo":{"@type":"ImageObject","inLanguage":"fr-FR","@id":"https:\/\/redkarawana.com\/#\/schema\/logo\/image\/","url":"https:\/\/redkarawana.com\/wp-content\/uploads\/2025\/05\/cropped-Screenshot-2025-05-29-at-09.27.38.png","contentUrl":"https:\/\/redkarawana.com\/wp-content\/uploads\/2025\/05\/cropped-Screenshot-2025-05-29-at-09.27.38.png","width":512,"height":512,"caption":"Red Karawana"},"image":{"@id":"https:\/\/redkarawana.com\/#\/schema\/logo\/image\/"},"sameAs":["https:\/\/www.facebook.com\/redkarawana\/","https:\/\/www.instagram.com\/redkarawana\/","https:\/\/www.youtube.com\/channel\/UCU9jXzSmyKm4ZZv38FEXGKg","https:\/\/www.pinterest.com\/redkarawana\/"]}]}},"_links":{"self":[{"href":"https:\/\/redkarawana.com\/fr\/wp-json\/wp\/v2\/product\/9848","targetHints":{"allow":["GET"]}}],"collection":[{"href":"https:\/\/redkarawana.com\/fr\/wp-json\/wp\/v2\/product"}],"about":[{"href":"https:\/\/redkarawana.com\/fr\/wp-json\/wp\/v2\/types\/product"}],"wp:featuredmedia":[{"embeddable":true,"href":"https:\/\/redkarawana.com\/fr\/wp-json\/wp\/v2\/media\/9832"}],"wp:attachment":[{"href":"https:\/\/redkarawana.com\/fr\/wp-json\/wp\/v2\/media?parent=9848"}],"wp:term":[{"taxonomy":"product_brand","embeddable":true,"href":"https:\/\/redkarawana.com\/fr\/wp-json\/wp\/v2\/product_brand?post=9848"},{"taxonomy":"product_cat","embeddable":true,"href":"https:\/\/redkarawana.com\/fr\/wp-json\/wp\/v2\/product_cat?post=9848"},{"taxonomy":"product_tag","embeddable":true,"href":"https:\/\/redkarawana.com\/fr\/wp-json\/wp\/v2\/product_tag?post=9848"}],"curies":[{"name":"wp","href":"https:\/\/api.w.org\/{rel}","templated":true}]}}