{"id":9874,"date":"2025-11-30T03:30:28","date_gmt":"2025-11-30T03:30:28","guid":{"rendered":"https:\/\/redkarawana.com\/?post_type=product&#038;p=9874"},"modified":"2025-12-06T08:14:35","modified_gmt":"2025-12-06T08:14:35","slug":"robe-ete-inde","status":"publish","type":"product","link":"https:\/\/redkarawana.com\/fr\/artisan\/robe-ete-inde\/","title":{"rendered":"Robe d&rsquo;\u00c9t\u00e9, Inde ; Caftan Rouge Dot\u00e9 d\u2019un Beau Motif Floral"},"content":{"rendered":"<p>La mode indienne se d\u00e9finit par ses traditions culturelles, ses influences occidentales et un large \u00e9ventail de textiles. Les v\u00eatements traditionnels et contemporains sont beaux, polyvalents et confortables. Des tissus de qualit\u00e9 sup\u00e9rieure sont utilis\u00e9s pour cr\u00e9er des robes \u00e0 la mode et des tenues d&rsquo;\u00e9t\u00e9 \u00e9l\u00e9gantes. La robe d&rsquo;\u00e9t\u00e9 pr\u00e9sent\u00e9e, con\u00e7ue comme un caftan traditionnel, est fabriqu\u00e9e dans un tissu rouge, rehauss\u00e9 d&rsquo;un motif floral. Mesures : robe d&rsquo;\u00e9t\u00e9 (longueur 55 pouces, largeur 38 \u00bd pouces).<\/p>\n","protected":false},"excerpt":{"rendered":"<p>La mode indienne se d\u00e9finit par ses traditions culturelles, ses influences occidentales et un large \u00e9ventail de textiles. Les v\u00eatements traditionnels et contemporains sont beaux, polyvalents et confortables. Des tissus de qualit\u00e9 sup\u00e9rieure sont utilis\u00e9s pour cr\u00e9er des robes \u00e0 la mode et des tenues d&rsquo;\u00e9t\u00e9 \u00e9l\u00e9gantes. La robe d&rsquo;\u00e9t\u00e9 pr\u00e9sent\u00e9e, con\u00e7ue comme un caftan [&hellip;]<\/p>\n","protected":false},"featured_media":9856,"template":"","meta":{"_acf_changed":false},"product_brand":[],"product_cat":[51],"product_tag":[],"class_list":{"0":"post-9874","1":"product","2":"type-product","3":"status-publish","4":"has-post-thumbnail","6":"product_cat-eclectique","8":"first","9":"instock","10":"sold-individually","11":"taxable","12":"shipping-taxable","13":"purchasable","14":"product-type-simple"},"acf":[],"yoast_head":"<!-- This site is optimized with the Yoast SEO plugin v27.3 - https:\/\/yoast.com\/product\/yoast-seo-wordpress\/ -->\n<title>Robe d&#039;\u00c9t\u00e9, Inde - Eclectique - Red Karawana<\/title>\n<meta name=\"description\" content=\"La robe d&#039;\u00e9t\u00e9 pr\u00e9sent\u00e9e est con\u00e7ue comme un caftan traditionnel. Elle est confectionn\u00e9e dans un tissu rouge, rehauss\u00e9 d&#039;un magnifique motif floral.\" \/>\n<meta name=\"robots\" content=\"index, follow, max-snippet:-1, max-image-preview:large, max-video-preview:-1\" \/>\n<link rel=\"canonical\" href=\"https:\/\/redkarawana.com\/fr\/artisan\/robe-ete-inde\/\" \/>\n<meta property=\"og:locale\" content=\"fr_FR\" \/>\n<meta property=\"og:type\" content=\"article\" \/>\n<meta property=\"og:title\" content=\"Robe d&#039;\u00c9t\u00e9, Inde - Eclectique - Red Karawana\" \/>\n<meta property=\"og:description\" content=\"La robe d&#039;\u00e9t\u00e9 pr\u00e9sent\u00e9e est con\u00e7ue comme un caftan traditionnel. Elle est confectionn\u00e9e dans un tissu rouge, rehauss\u00e9 d&#039;un magnifique motif floral.\" \/>\n<meta property=\"og:url\" content=\"https:\/\/redkarawana.com\/fr\/artisan\/robe-ete-inde\/\" \/>\n<meta property=\"og:site_name\" content=\"Red Karawana\" \/>\n<meta property=\"article:publisher\" content=\"https:\/\/www.facebook.com\/redkarawana\/\" \/>\n<meta property=\"article:modified_time\" content=\"2025-12-06T08:14:35+00:00\" \/>\n<meta property=\"og:image\" content=\"https:\/\/redkarawana.com\/wp-content\/uploads\/2025\/04\/1-AF1200x630-India-Summer-Dress.jpg\" \/>\n\t<meta property=\"og:image:width\" content=\"1200\" \/>\n\t<meta property=\"og:image:height\" content=\"630\" \/>\n\t<meta property=\"og:image:type\" content=\"image\/jpeg\" \/>\n<meta name=\"twitter:card\" content=\"summary_large_image\" \/>\n<meta name=\"twitter:label1\" content=\"Dur\u00e9e de lecture estim\u00e9e\" \/>\n\t<meta name=\"twitter:data1\" content=\"1 minute\" \/>\n<script type=\"application\/ld+json\" class=\"yoast-schema-graph\">{\"@context\":\"https:\\\/\\\/schema.org\",\"@graph\":[{\"@type\":\"WebPage\",\"@id\":\"https:\\\/\\\/redkarawana.com\\\/fr\\\/artisan\\\/robe-ete-inde\\\/\",\"url\":\"https:\\\/\\\/redkarawana.com\\\/fr\\\/artisan\\\/robe-ete-inde\\\/\",\"name\":\"Robe d'\u00c9t\u00e9, Inde - Eclectique - Red Karawana\",\"isPartOf\":{\"@id\":\"https:\\\/\\\/redkarawana.com\\\/#website\"},\"primaryImageOfPage\":{\"@id\":\"https:\\\/\\\/redkarawana.com\\\/fr\\\/artisan\\\/robe-ete-inde\\\/#primaryimage\"},\"image\":{\"@id\":\"https:\\\/\\\/redkarawana.com\\\/fr\\\/artisan\\\/robe-ete-inde\\\/#primaryimage\"},\"thumbnailUrl\":\"https:\\\/\\\/redkarawana.com\\\/wp-content\\\/uploads\\\/2025\\\/04\\\/1-AP-Feature-India-Summer-Dress.jpg\",\"datePublished\":\"2025-11-30T03:30:28+00:00\",\"dateModified\":\"2025-12-06T08:14:35+00:00\",\"description\":\"La robe d'\u00e9t\u00e9 pr\u00e9sent\u00e9e est con\u00e7ue comme un caftan traditionnel. Elle est confectionn\u00e9e dans un tissu rouge, rehauss\u00e9 d'un magnifique motif floral.\",\"breadcrumb\":{\"@id\":\"https:\\\/\\\/redkarawana.com\\\/fr\\\/artisan\\\/robe-ete-inde\\\/#breadcrumb\"},\"inLanguage\":\"fr-FR\",\"potentialAction\":[{\"@type\":\"ReadAction\",\"target\":[\"https:\\\/\\\/redkarawana.com\\\/fr\\\/artisan\\\/robe-ete-inde\\\/\"]}]},{\"@type\":\"ImageObject\",\"inLanguage\":\"fr-FR\",\"@id\":\"https:\\\/\\\/redkarawana.com\\\/fr\\\/artisan\\\/robe-ete-inde\\\/#primaryimage\",\"url\":\"https:\\\/\\\/redkarawana.com\\\/wp-content\\\/uploads\\\/2025\\\/04\\\/1-AP-Feature-India-Summer-Dress.jpg\",\"contentUrl\":\"https:\\\/\\\/redkarawana.com\\\/wp-content\\\/uploads\\\/2025\\\/04\\\/1-AP-Feature-India-Summer-Dress.jpg\",\"width\":680,\"height\":453,\"caption\":\"Inde, Robe d'\u00c9t\u00e9\"},{\"@type\":\"BreadcrumbList\",\"@id\":\"https:\\\/\\\/redkarawana.com\\\/fr\\\/artisan\\\/robe-ete-inde\\\/#breadcrumb\",\"itemListElement\":[{\"@type\":\"ListItem\",\"position\":1,\"name\":\"Home\",\"item\":\"https:\\\/\\\/redkarawana.com\\\/fr\\\/\"},{\"@type\":\"ListItem\",\"position\":2,\"name\":\"Artisans\",\"item\":\"https:\\\/\\\/redkarawana.com\\\/fr\\\/artisans\\\/\"},{\"@type\":\"ListItem\",\"position\":3,\"name\":\"Robe d&#8217;\u00c9t\u00e9, Inde ; Caftan Rouge Dot\u00e9 d\u2019un Beau Motif Floral\"}]},{\"@type\":\"WebSite\",\"@id\":\"https:\\\/\\\/redkarawana.com\\\/#website\",\"url\":\"https:\\\/\\\/redkarawana.com\\\/\",\"name\":\"Red Karawana\",\"description\":\"\",\"publisher\":{\"@id\":\"https:\\\/\\\/redkarawana.com\\\/#organization\"},\"potentialAction\":[{\"@type\":\"SearchAction\",\"target\":{\"@type\":\"EntryPoint\",\"urlTemplate\":\"https:\\\/\\\/redkarawana.com\\\/?s={search_term_string}\"},\"query-input\":{\"@type\":\"PropertyValueSpecification\",\"valueRequired\":true,\"valueName\":\"search_term_string\"}}],\"inLanguage\":\"fr-FR\"},{\"@type\":\"Organization\",\"@id\":\"https:\\\/\\\/redkarawana.com\\\/#organization\",\"name\":\"Red Karawana\",\"url\":\"https:\\\/\\\/redkarawana.com\\\/\",\"logo\":{\"@type\":\"ImageObject\",\"inLanguage\":\"fr-FR\",\"@id\":\"https:\\\/\\\/redkarawana.com\\\/#\\\/schema\\\/logo\\\/image\\\/\",\"url\":\"https:\\\/\\\/redkarawana.com\\\/wp-content\\\/uploads\\\/2025\\\/05\\\/cropped-Screenshot-2025-05-29-at-09.27.38.png\",\"contentUrl\":\"https:\\\/\\\/redkarawana.com\\\/wp-content\\\/uploads\\\/2025\\\/05\\\/cropped-Screenshot-2025-05-29-at-09.27.38.png\",\"width\":512,\"height\":512,\"caption\":\"Red Karawana\"},\"image\":{\"@id\":\"https:\\\/\\\/redkarawana.com\\\/#\\\/schema\\\/logo\\\/image\\\/\"},\"sameAs\":[\"https:\\\/\\\/www.facebook.com\\\/redkarawana\\\/\",\"https:\\\/\\\/www.instagram.com\\\/redkarawana\\\/\",\"https:\\\/\\\/www.youtube.com\\\/channel\\\/UCU9jXzSmyKm4ZZv38FEXGKg\",\"https:\\\/\\\/www.pinterest.com\\\/redkarawana\\\/\"]}]}<\/script>\n<!-- \/ Yoast SEO plugin. -->","yoast_head_json":{"title":"Robe d'\u00c9t\u00e9, Inde - Eclectique - Red Karawana","description":"La robe d'\u00e9t\u00e9 pr\u00e9sent\u00e9e est con\u00e7ue comme un caftan traditionnel. Elle est confectionn\u00e9e dans un tissu rouge, rehauss\u00e9 d'un magnifique motif floral.","robots":{"index":"index","follow":"follow","max-snippet":"max-snippet:-1","max-image-preview":"max-image-preview:large","max-video-preview":"max-video-preview:-1"},"canonical":"https:\/\/redkarawana.com\/fr\/artisan\/robe-ete-inde\/","og_locale":"fr_FR","og_type":"article","og_title":"Robe d'\u00c9t\u00e9, Inde - Eclectique - Red Karawana","og_description":"La robe d'\u00e9t\u00e9 pr\u00e9sent\u00e9e est con\u00e7ue comme un caftan traditionnel. Elle est confectionn\u00e9e dans un tissu rouge, rehauss\u00e9 d'un magnifique motif floral.","og_url":"https:\/\/redkarawana.com\/fr\/artisan\/robe-ete-inde\/","og_site_name":"Red Karawana","article_publisher":"https:\/\/www.facebook.com\/redkarawana\/","article_modified_time":"2025-12-06T08:14:35+00:00","og_image":[{"width":1200,"height":630,"url":"https:\/\/redkarawana.com\/wp-content\/uploads\/2025\/04\/1-AF1200x630-India-Summer-Dress.jpg","type":"image\/jpeg"}],"twitter_card":"summary_large_image","twitter_misc":{"Dur\u00e9e de lecture estim\u00e9e":"1 minute"},"schema":{"@context":"https:\/\/schema.org","@graph":[{"@type":"WebPage","@id":"https:\/\/redkarawana.com\/fr\/artisan\/robe-ete-inde\/","url":"https:\/\/redkarawana.com\/fr\/artisan\/robe-ete-inde\/","name":"Robe d'\u00c9t\u00e9, Inde - Eclectique - Red Karawana","isPartOf":{"@id":"https:\/\/redkarawana.com\/#website"},"primaryImageOfPage":{"@id":"https:\/\/redkarawana.com\/fr\/artisan\/robe-ete-inde\/#primaryimage"},"image":{"@id":"https:\/\/redkarawana.com\/fr\/artisan\/robe-ete-inde\/#primaryimage"},"thumbnailUrl":"https:\/\/redkarawana.com\/wp-content\/uploads\/2025\/04\/1-AP-Feature-India-Summer-Dress.jpg","datePublished":"2025-11-30T03:30:28+00:00","dateModified":"2025-12-06T08:14:35+00:00","description":"La robe d'\u00e9t\u00e9 pr\u00e9sent\u00e9e est con\u00e7ue comme un caftan traditionnel. Elle est confectionn\u00e9e dans un tissu rouge, rehauss\u00e9 d'un magnifique motif floral.","breadcrumb":{"@id":"https:\/\/redkarawana.com\/fr\/artisan\/robe-ete-inde\/#breadcrumb"},"inLanguage":"fr-FR","potentialAction":[{"@type":"ReadAction","target":["https:\/\/redkarawana.com\/fr\/artisan\/robe-ete-inde\/"]}]},{"@type":"ImageObject","inLanguage":"fr-FR","@id":"https:\/\/redkarawana.com\/fr\/artisan\/robe-ete-inde\/#primaryimage","url":"https:\/\/redkarawana.com\/wp-content\/uploads\/2025\/04\/1-AP-Feature-India-Summer-Dress.jpg","contentUrl":"https:\/\/redkarawana.com\/wp-content\/uploads\/2025\/04\/1-AP-Feature-India-Summer-Dress.jpg","width":680,"height":453,"caption":"Inde, Robe d'\u00c9t\u00e9"},{"@type":"BreadcrumbList","@id":"https:\/\/redkarawana.com\/fr\/artisan\/robe-ete-inde\/#breadcrumb","itemListElement":[{"@type":"ListItem","position":1,"name":"Home","item":"https:\/\/redkarawana.com\/fr\/"},{"@type":"ListItem","position":2,"name":"Artisans","item":"https:\/\/redkarawana.com\/fr\/artisans\/"},{"@type":"ListItem","position":3,"name":"Robe d&#8217;\u00c9t\u00e9, Inde ; Caftan Rouge Dot\u00e9 d\u2019un Beau Motif Floral"}]},{"@type":"WebSite","@id":"https:\/\/redkarawana.com\/#website","url":"https:\/\/redkarawana.com\/","name":"Red Karawana","description":"","publisher":{"@id":"https:\/\/redkarawana.com\/#organization"},"potentialAction":[{"@type":"SearchAction","target":{"@type":"EntryPoint","urlTemplate":"https:\/\/redkarawana.com\/?s={search_term_string}"},"query-input":{"@type":"PropertyValueSpecification","valueRequired":true,"valueName":"search_term_string"}}],"inLanguage":"fr-FR"},{"@type":"Organization","@id":"https:\/\/redkarawana.com\/#organization","name":"Red Karawana","url":"https:\/\/redkarawana.com\/","logo":{"@type":"ImageObject","inLanguage":"fr-FR","@id":"https:\/\/redkarawana.com\/#\/schema\/logo\/image\/","url":"https:\/\/redkarawana.com\/wp-content\/uploads\/2025\/05\/cropped-Screenshot-2025-05-29-at-09.27.38.png","contentUrl":"https:\/\/redkarawana.com\/wp-content\/uploads\/2025\/05\/cropped-Screenshot-2025-05-29-at-09.27.38.png","width":512,"height":512,"caption":"Red Karawana"},"image":{"@id":"https:\/\/redkarawana.com\/#\/schema\/logo\/image\/"},"sameAs":["https:\/\/www.facebook.com\/redkarawana\/","https:\/\/www.instagram.com\/redkarawana\/","https:\/\/www.youtube.com\/channel\/UCU9jXzSmyKm4ZZv38FEXGKg","https:\/\/www.pinterest.com\/redkarawana\/"]}]}},"_links":{"self":[{"href":"https:\/\/redkarawana.com\/fr\/wp-json\/wp\/v2\/product\/9874","targetHints":{"allow":["GET"]}}],"collection":[{"href":"https:\/\/redkarawana.com\/fr\/wp-json\/wp\/v2\/product"}],"about":[{"href":"https:\/\/redkarawana.com\/fr\/wp-json\/wp\/v2\/types\/product"}],"wp:featuredmedia":[{"embeddable":true,"href":"https:\/\/redkarawana.com\/fr\/wp-json\/wp\/v2\/media\/9856"}],"wp:attachment":[{"href":"https:\/\/redkarawana.com\/fr\/wp-json\/wp\/v2\/media?parent=9874"}],"wp:term":[{"taxonomy":"product_brand","embeddable":true,"href":"https:\/\/redkarawana.com\/fr\/wp-json\/wp\/v2\/product_brand?post=9874"},{"taxonomy":"product_cat","embeddable":true,"href":"https:\/\/redkarawana.com\/fr\/wp-json\/wp\/v2\/product_cat?post=9874"},{"taxonomy":"product_tag","embeddable":true,"href":"https:\/\/redkarawana.com\/fr\/wp-json\/wp\/v2\/product_tag?post=9874"}],"curies":[{"name":"wp","href":"https:\/\/api.w.org\/{rel}","templated":true}]}}