{"id":9898,"date":"2025-11-30T03:40:07","date_gmt":"2025-11-30T03:40:07","guid":{"rendered":"https:\/\/redkarawana.com\/?post_type=product&#038;p=9898"},"modified":"2025-12-06T08:12:17","modified_gmt":"2025-12-06T08:12:17","slug":"bol-ceramique-pologne","status":"publish","type":"product","link":"https:\/\/redkarawana.com\/fr\/artisan\/bol-ceramique-pologne\/","title":{"rendered":"Bol en C\u00e9ramique, Pologne ; Couleur Cr\u00e8me, Nuances de Vert et de Brun"},"content":{"rendered":"<p>Les artisans polonais sont connus pour leur d\u00e9vouement \u00e0 la fabrication d&rsquo;objets artisanaux uniques et exquis. En traversant les villes historiques de Pologne, nous visitons un march\u00e9 d&rsquo;\u00e9t\u00e9 pr\u00e9sentant une vari\u00e9t\u00e9 d&rsquo;\u0153uvres d&rsquo;art d\u00e9coratives, d&rsquo;objets artisanaux originaux et d&rsquo;articles de table \u00e9l\u00e9gants. Nous s\u00e9lectionnons un bol en c\u00e9ramique fabriqu\u00e9 main, au concept simple et aux accents subtils. Le bol en c\u00e9ramique pr\u00e9sent\u00e9 ici est de couleur cr\u00e8me, d\u00e9cor\u00e9 de nuances de vert pastel et d&rsquo;accents bruns sur les bords. Dimensions : bol en c\u00e9ramique (diam\u00e8tre 7 \u00be pouces, hauteur 2 pouces).<\/p>\n","protected":false},"excerpt":{"rendered":"<p>Les artisans polonais sont connus pour leur d\u00e9vouement \u00e0 la fabrication d&rsquo;objets artisanaux uniques et exquis. En traversant les villes historiques de Pologne, nous visitons un march\u00e9 d&rsquo;\u00e9t\u00e9 pr\u00e9sentant une vari\u00e9t\u00e9 d&rsquo;\u0153uvres d&rsquo;art d\u00e9coratives, d&rsquo;objets artisanaux originaux et d&rsquo;articles de table \u00e9l\u00e9gants. Nous s\u00e9lectionnons un bol en c\u00e9ramique fabriqu\u00e9 main, au concept simple et aux [&hellip;]<\/p>\n","protected":false},"featured_media":9882,"template":"","meta":{"_acf_changed":false},"product_brand":[],"product_cat":[50],"product_tag":[],"class_list":{"0":"post-9898","1":"product","2":"type-product","3":"status-publish","4":"has-post-thumbnail","6":"product_cat-fonctionnel","8":"first","9":"instock","10":"sold-individually","11":"taxable","12":"shipping-taxable","13":"purchasable","14":"product-type-simple"},"acf":[],"yoast_head":"<!-- This site is optimized with the Yoast SEO plugin v27.3 - https:\/\/yoast.com\/product\/yoast-seo-wordpress\/ -->\n<title>Bol en C\u00e9ramique, Pologne - Fonctionnel - Red Karawana<\/title>\n<meta name=\"description\" content=\"Le bol en c\u00e9ramique vedette pr\u00e9sente une gla\u00e7ure de couleur cr\u00e8me, et est d\u00e9cor\u00e9 de nuances de vert pastel et d&#039;accents bruns sur les bords.\" \/>\n<meta name=\"robots\" content=\"index, follow, max-snippet:-1, max-image-preview:large, max-video-preview:-1\" \/>\n<link rel=\"canonical\" href=\"https:\/\/redkarawana.com\/fr\/artisan\/bol-ceramique-pologne\/\" \/>\n<meta property=\"og:locale\" content=\"fr_FR\" \/>\n<meta property=\"og:type\" content=\"article\" \/>\n<meta property=\"og:title\" content=\"Bol en C\u00e9ramique, Pologne - Fonctionnel - Red Karawana\" \/>\n<meta property=\"og:description\" content=\"Le bol en c\u00e9ramique vedette pr\u00e9sente une gla\u00e7ure de couleur cr\u00e8me, et est d\u00e9cor\u00e9 de nuances de vert pastel et d&#039;accents bruns sur les bords.\" \/>\n<meta property=\"og:url\" content=\"https:\/\/redkarawana.com\/fr\/artisan\/bol-ceramique-pologne\/\" \/>\n<meta property=\"og:site_name\" content=\"Red Karawana\" \/>\n<meta property=\"article:publisher\" content=\"https:\/\/www.facebook.com\/redkarawana\/\" \/>\n<meta property=\"article:modified_time\" content=\"2025-12-06T08:12:17+00:00\" \/>\n<meta property=\"og:image\" content=\"https:\/\/redkarawana.com\/wp-content\/uploads\/2025\/04\/1-AF1200x630-Poland-Ceramic-Bowl.jpg\" \/>\n\t<meta property=\"og:image:width\" content=\"1200\" \/>\n\t<meta property=\"og:image:height\" content=\"630\" \/>\n\t<meta property=\"og:image:type\" content=\"image\/jpeg\" \/>\n<meta name=\"twitter:card\" content=\"summary_large_image\" \/>\n<meta name=\"twitter:label1\" content=\"Dur\u00e9e de lecture estim\u00e9e\" \/>\n\t<meta name=\"twitter:data1\" content=\"1 minute\" \/>\n<script type=\"application\/ld+json\" class=\"yoast-schema-graph\">{\"@context\":\"https:\\\/\\\/schema.org\",\"@graph\":[{\"@type\":\"WebPage\",\"@id\":\"https:\\\/\\\/redkarawana.com\\\/fr\\\/artisan\\\/bol-ceramique-pologne\\\/\",\"url\":\"https:\\\/\\\/redkarawana.com\\\/fr\\\/artisan\\\/bol-ceramique-pologne\\\/\",\"name\":\"Bol en C\u00e9ramique, Pologne - Fonctionnel - Red Karawana\",\"isPartOf\":{\"@id\":\"https:\\\/\\\/redkarawana.com\\\/#website\"},\"primaryImageOfPage\":{\"@id\":\"https:\\\/\\\/redkarawana.com\\\/fr\\\/artisan\\\/bol-ceramique-pologne\\\/#primaryimage\"},\"image\":{\"@id\":\"https:\\\/\\\/redkarawana.com\\\/fr\\\/artisan\\\/bol-ceramique-pologne\\\/#primaryimage\"},\"thumbnailUrl\":\"https:\\\/\\\/redkarawana.com\\\/wp-content\\\/uploads\\\/2025\\\/04\\\/1-AP-Feature-Poland-Ceramic-Bowl.jpg\",\"datePublished\":\"2025-11-30T03:40:07+00:00\",\"dateModified\":\"2025-12-06T08:12:17+00:00\",\"description\":\"Le bol en c\u00e9ramique vedette pr\u00e9sente une gla\u00e7ure de couleur cr\u00e8me, et est d\u00e9cor\u00e9 de nuances de vert pastel et d'accents bruns sur les bords.\",\"breadcrumb\":{\"@id\":\"https:\\\/\\\/redkarawana.com\\\/fr\\\/artisan\\\/bol-ceramique-pologne\\\/#breadcrumb\"},\"inLanguage\":\"fr-FR\",\"potentialAction\":[{\"@type\":\"ReadAction\",\"target\":[\"https:\\\/\\\/redkarawana.com\\\/fr\\\/artisan\\\/bol-ceramique-pologne\\\/\"]}]},{\"@type\":\"ImageObject\",\"inLanguage\":\"fr-FR\",\"@id\":\"https:\\\/\\\/redkarawana.com\\\/fr\\\/artisan\\\/bol-ceramique-pologne\\\/#primaryimage\",\"url\":\"https:\\\/\\\/redkarawana.com\\\/wp-content\\\/uploads\\\/2025\\\/04\\\/1-AP-Feature-Poland-Ceramic-Bowl.jpg\",\"contentUrl\":\"https:\\\/\\\/redkarawana.com\\\/wp-content\\\/uploads\\\/2025\\\/04\\\/1-AP-Feature-Poland-Ceramic-Bowl.jpg\",\"width\":680,\"height\":453,\"caption\":\"Pologne, Bol en C\u00e9ramique\"},{\"@type\":\"BreadcrumbList\",\"@id\":\"https:\\\/\\\/redkarawana.com\\\/fr\\\/artisan\\\/bol-ceramique-pologne\\\/#breadcrumb\",\"itemListElement\":[{\"@type\":\"ListItem\",\"position\":1,\"name\":\"Home\",\"item\":\"https:\\\/\\\/redkarawana.com\\\/fr\\\/\"},{\"@type\":\"ListItem\",\"position\":2,\"name\":\"Artisans\",\"item\":\"https:\\\/\\\/redkarawana.com\\\/fr\\\/artisans\\\/\"},{\"@type\":\"ListItem\",\"position\":3,\"name\":\"Bol en C\u00e9ramique, Pologne ; Couleur Cr\u00e8me, Nuances de Vert et de Brun\"}]},{\"@type\":\"WebSite\",\"@id\":\"https:\\\/\\\/redkarawana.com\\\/#website\",\"url\":\"https:\\\/\\\/redkarawana.com\\\/\",\"name\":\"Red Karawana\",\"description\":\"\",\"publisher\":{\"@id\":\"https:\\\/\\\/redkarawana.com\\\/#organization\"},\"potentialAction\":[{\"@type\":\"SearchAction\",\"target\":{\"@type\":\"EntryPoint\",\"urlTemplate\":\"https:\\\/\\\/redkarawana.com\\\/?s={search_term_string}\"},\"query-input\":{\"@type\":\"PropertyValueSpecification\",\"valueRequired\":true,\"valueName\":\"search_term_string\"}}],\"inLanguage\":\"fr-FR\"},{\"@type\":\"Organization\",\"@id\":\"https:\\\/\\\/redkarawana.com\\\/#organization\",\"name\":\"Red Karawana\",\"url\":\"https:\\\/\\\/redkarawana.com\\\/\",\"logo\":{\"@type\":\"ImageObject\",\"inLanguage\":\"fr-FR\",\"@id\":\"https:\\\/\\\/redkarawana.com\\\/#\\\/schema\\\/logo\\\/image\\\/\",\"url\":\"https:\\\/\\\/redkarawana.com\\\/wp-content\\\/uploads\\\/2025\\\/05\\\/cropped-Screenshot-2025-05-29-at-09.27.38.png\",\"contentUrl\":\"https:\\\/\\\/redkarawana.com\\\/wp-content\\\/uploads\\\/2025\\\/05\\\/cropped-Screenshot-2025-05-29-at-09.27.38.png\",\"width\":512,\"height\":512,\"caption\":\"Red Karawana\"},\"image\":{\"@id\":\"https:\\\/\\\/redkarawana.com\\\/#\\\/schema\\\/logo\\\/image\\\/\"},\"sameAs\":[\"https:\\\/\\\/www.facebook.com\\\/redkarawana\\\/\",\"https:\\\/\\\/www.instagram.com\\\/redkarawana\\\/\",\"https:\\\/\\\/www.youtube.com\\\/channel\\\/UCU9jXzSmyKm4ZZv38FEXGKg\",\"https:\\\/\\\/www.pinterest.com\\\/redkarawana\\\/\"]}]}<\/script>\n<!-- \/ Yoast SEO plugin. -->","yoast_head_json":{"title":"Bol en C\u00e9ramique, Pologne - Fonctionnel - Red Karawana","description":"Le bol en c\u00e9ramique vedette pr\u00e9sente une gla\u00e7ure de couleur cr\u00e8me, et est d\u00e9cor\u00e9 de nuances de vert pastel et d'accents bruns sur les bords.","robots":{"index":"index","follow":"follow","max-snippet":"max-snippet:-1","max-image-preview":"max-image-preview:large","max-video-preview":"max-video-preview:-1"},"canonical":"https:\/\/redkarawana.com\/fr\/artisan\/bol-ceramique-pologne\/","og_locale":"fr_FR","og_type":"article","og_title":"Bol en C\u00e9ramique, Pologne - Fonctionnel - Red Karawana","og_description":"Le bol en c\u00e9ramique vedette pr\u00e9sente une gla\u00e7ure de couleur cr\u00e8me, et est d\u00e9cor\u00e9 de nuances de vert pastel et d'accents bruns sur les bords.","og_url":"https:\/\/redkarawana.com\/fr\/artisan\/bol-ceramique-pologne\/","og_site_name":"Red Karawana","article_publisher":"https:\/\/www.facebook.com\/redkarawana\/","article_modified_time":"2025-12-06T08:12:17+00:00","og_image":[{"width":1200,"height":630,"url":"https:\/\/redkarawana.com\/wp-content\/uploads\/2025\/04\/1-AF1200x630-Poland-Ceramic-Bowl.jpg","type":"image\/jpeg"}],"twitter_card":"summary_large_image","twitter_misc":{"Dur\u00e9e de lecture estim\u00e9e":"1 minute"},"schema":{"@context":"https:\/\/schema.org","@graph":[{"@type":"WebPage","@id":"https:\/\/redkarawana.com\/fr\/artisan\/bol-ceramique-pologne\/","url":"https:\/\/redkarawana.com\/fr\/artisan\/bol-ceramique-pologne\/","name":"Bol en C\u00e9ramique, Pologne - Fonctionnel - Red Karawana","isPartOf":{"@id":"https:\/\/redkarawana.com\/#website"},"primaryImageOfPage":{"@id":"https:\/\/redkarawana.com\/fr\/artisan\/bol-ceramique-pologne\/#primaryimage"},"image":{"@id":"https:\/\/redkarawana.com\/fr\/artisan\/bol-ceramique-pologne\/#primaryimage"},"thumbnailUrl":"https:\/\/redkarawana.com\/wp-content\/uploads\/2025\/04\/1-AP-Feature-Poland-Ceramic-Bowl.jpg","datePublished":"2025-11-30T03:40:07+00:00","dateModified":"2025-12-06T08:12:17+00:00","description":"Le bol en c\u00e9ramique vedette pr\u00e9sente une gla\u00e7ure de couleur cr\u00e8me, et est d\u00e9cor\u00e9 de nuances de vert pastel et d'accents bruns sur les bords.","breadcrumb":{"@id":"https:\/\/redkarawana.com\/fr\/artisan\/bol-ceramique-pologne\/#breadcrumb"},"inLanguage":"fr-FR","potentialAction":[{"@type":"ReadAction","target":["https:\/\/redkarawana.com\/fr\/artisan\/bol-ceramique-pologne\/"]}]},{"@type":"ImageObject","inLanguage":"fr-FR","@id":"https:\/\/redkarawana.com\/fr\/artisan\/bol-ceramique-pologne\/#primaryimage","url":"https:\/\/redkarawana.com\/wp-content\/uploads\/2025\/04\/1-AP-Feature-Poland-Ceramic-Bowl.jpg","contentUrl":"https:\/\/redkarawana.com\/wp-content\/uploads\/2025\/04\/1-AP-Feature-Poland-Ceramic-Bowl.jpg","width":680,"height":453,"caption":"Pologne, Bol en C\u00e9ramique"},{"@type":"BreadcrumbList","@id":"https:\/\/redkarawana.com\/fr\/artisan\/bol-ceramique-pologne\/#breadcrumb","itemListElement":[{"@type":"ListItem","position":1,"name":"Home","item":"https:\/\/redkarawana.com\/fr\/"},{"@type":"ListItem","position":2,"name":"Artisans","item":"https:\/\/redkarawana.com\/fr\/artisans\/"},{"@type":"ListItem","position":3,"name":"Bol en C\u00e9ramique, Pologne ; Couleur Cr\u00e8me, Nuances de Vert et de Brun"}]},{"@type":"WebSite","@id":"https:\/\/redkarawana.com\/#website","url":"https:\/\/redkarawana.com\/","name":"Red Karawana","description":"","publisher":{"@id":"https:\/\/redkarawana.com\/#organization"},"potentialAction":[{"@type":"SearchAction","target":{"@type":"EntryPoint","urlTemplate":"https:\/\/redkarawana.com\/?s={search_term_string}"},"query-input":{"@type":"PropertyValueSpecification","valueRequired":true,"valueName":"search_term_string"}}],"inLanguage":"fr-FR"},{"@type":"Organization","@id":"https:\/\/redkarawana.com\/#organization","name":"Red Karawana","url":"https:\/\/redkarawana.com\/","logo":{"@type":"ImageObject","inLanguage":"fr-FR","@id":"https:\/\/redkarawana.com\/#\/schema\/logo\/image\/","url":"https:\/\/redkarawana.com\/wp-content\/uploads\/2025\/05\/cropped-Screenshot-2025-05-29-at-09.27.38.png","contentUrl":"https:\/\/redkarawana.com\/wp-content\/uploads\/2025\/05\/cropped-Screenshot-2025-05-29-at-09.27.38.png","width":512,"height":512,"caption":"Red Karawana"},"image":{"@id":"https:\/\/redkarawana.com\/#\/schema\/logo\/image\/"},"sameAs":["https:\/\/www.facebook.com\/redkarawana\/","https:\/\/www.instagram.com\/redkarawana\/","https:\/\/www.youtube.com\/channel\/UCU9jXzSmyKm4ZZv38FEXGKg","https:\/\/www.pinterest.com\/redkarawana\/"]}]}},"_links":{"self":[{"href":"https:\/\/redkarawana.com\/fr\/wp-json\/wp\/v2\/product\/9898","targetHints":{"allow":["GET"]}}],"collection":[{"href":"https:\/\/redkarawana.com\/fr\/wp-json\/wp\/v2\/product"}],"about":[{"href":"https:\/\/redkarawana.com\/fr\/wp-json\/wp\/v2\/types\/product"}],"wp:featuredmedia":[{"embeddable":true,"href":"https:\/\/redkarawana.com\/fr\/wp-json\/wp\/v2\/media\/9882"}],"wp:attachment":[{"href":"https:\/\/redkarawana.com\/fr\/wp-json\/wp\/v2\/media?parent=9898"}],"wp:term":[{"taxonomy":"product_brand","embeddable":true,"href":"https:\/\/redkarawana.com\/fr\/wp-json\/wp\/v2\/product_brand?post=9898"},{"taxonomy":"product_cat","embeddable":true,"href":"https:\/\/redkarawana.com\/fr\/wp-json\/wp\/v2\/product_cat?post=9898"},{"taxonomy":"product_tag","embeddable":true,"href":"https:\/\/redkarawana.com\/fr\/wp-json\/wp\/v2\/product_tag?post=9898"}],"curies":[{"name":"wp","href":"https:\/\/api.w.org\/{rel}","templated":true}]}}