{"id":9922,"date":"2025-11-30T03:50:10","date_gmt":"2025-11-30T03:50:10","guid":{"rendered":"https:\/\/redkarawana.com\/?post_type=product&#038;p=9922"},"modified":"2025-12-06T08:07:39","modified_gmt":"2025-12-06T08:07:39","slug":"figurine-argile-pologne","status":"publish","type":"product","link":"https:\/\/redkarawana.com\/fr\/artisan\/figurine-argile-pologne\/","title":{"rendered":"Figurine en Argile, Pologne ; Objet D\u00e9coratif Tout en Couleurs"},"content":{"rendered":"<p>Les visiteurs de la Pologne peuvent trouver un large \u00e9ventail d&rsquo;\u0153uvres d&rsquo;art magnifiques. La poterie est une tradition ancienne, pr\u00e9serv\u00e9e et pratiqu\u00e9e dans tout le pays. La collection d&rsquo;objets artisanaux comprend des poteries en argile color\u00e9es et des objets d\u00e9coratifs en argile, recouverts de fines couches de gla\u00e7ure, parfois partiellement ou pas du tout glac\u00e9s. On y trouve des ornements uniques, des symboles religieux et des objets aux motifs folkloriques. Nous choisissons une figurine en argile repr\u00e9sentant un poulet multicolore. Notre figurine en argile est fabriqu\u00e9e et peinte \u00e0 la main avec des couleurs vives. Dimensions : figurine en argile (hauteur 6 \u00bd pouces).<\/p>\n","protected":false},"excerpt":{"rendered":"<p>Les visiteurs de la Pologne peuvent trouver un large \u00e9ventail d&rsquo;\u0153uvres d&rsquo;art magnifiques. La poterie est une tradition ancienne, pr\u00e9serv\u00e9e et pratiqu\u00e9e dans tout le pays. La collection d&rsquo;objets artisanaux comprend des poteries en argile color\u00e9es et des objets d\u00e9coratifs en argile, recouverts de fines couches de gla\u00e7ure, parfois partiellement ou pas du tout glac\u00e9s. [&hellip;]<\/p>\n","protected":false},"featured_media":9906,"template":"","meta":{"_acf_changed":false},"product_brand":[],"product_cat":[48],"product_tag":[],"class_list":{"0":"post-9922","1":"product","2":"type-product","3":"status-publish","4":"has-post-thumbnail","6":"product_cat-artistique","8":"first","9":"instock","10":"sold-individually","11":"taxable","12":"shipping-taxable","13":"purchasable","14":"product-type-simple"},"acf":[],"yoast_head":"<!-- This site is optimized with the Yoast SEO plugin v27.3 - https:\/\/yoast.com\/product\/yoast-seo-wordpress\/ -->\n<title>Figurine en Argile, Pologne - Artistique - Red Karawana<\/title>\n<meta name=\"description\" content=\"Nous avons s\u00e9lectionn\u00e9 une figurine en argile repr\u00e9sentant un poulet multicolore. Notre figurine en argile est fabriqu\u00e9e et peinte \u00e0 la main.\" \/>\n<meta name=\"robots\" content=\"index, follow, max-snippet:-1, max-image-preview:large, max-video-preview:-1\" \/>\n<link rel=\"canonical\" href=\"https:\/\/redkarawana.com\/fr\/artisan\/figurine-argile-pologne\/\" \/>\n<meta property=\"og:locale\" content=\"fr_FR\" \/>\n<meta property=\"og:type\" content=\"article\" \/>\n<meta property=\"og:title\" content=\"Figurine en Argile, Pologne - Artistique - Red Karawana\" \/>\n<meta property=\"og:description\" content=\"Nous avons s\u00e9lectionn\u00e9 une figurine en argile repr\u00e9sentant un poulet multicolore. Notre figurine en argile est fabriqu\u00e9e et peinte \u00e0 la main.\" \/>\n<meta property=\"og:url\" content=\"https:\/\/redkarawana.com\/fr\/artisan\/figurine-argile-pologne\/\" \/>\n<meta property=\"og:site_name\" content=\"Red Karawana\" \/>\n<meta property=\"article:publisher\" content=\"https:\/\/www.facebook.com\/redkarawana\/\" \/>\n<meta property=\"article:modified_time\" content=\"2025-12-06T08:07:39+00:00\" \/>\n<meta property=\"og:image\" content=\"https:\/\/redkarawana.com\/wp-content\/uploads\/2025\/04\/1-AF1200x630-Poland-Clay-Figurine.jpg\" \/>\n\t<meta property=\"og:image:width\" content=\"1200\" \/>\n\t<meta property=\"og:image:height\" content=\"630\" \/>\n\t<meta property=\"og:image:type\" content=\"image\/jpeg\" \/>\n<meta name=\"twitter:card\" content=\"summary_large_image\" \/>\n<meta name=\"twitter:label1\" content=\"Dur\u00e9e de lecture estim\u00e9e\" \/>\n\t<meta name=\"twitter:data1\" content=\"1 minute\" \/>\n<script type=\"application\/ld+json\" class=\"yoast-schema-graph\">{\"@context\":\"https:\\\/\\\/schema.org\",\"@graph\":[{\"@type\":\"WebPage\",\"@id\":\"https:\\\/\\\/redkarawana.com\\\/fr\\\/artisan\\\/figurine-argile-pologne\\\/\",\"url\":\"https:\\\/\\\/redkarawana.com\\\/fr\\\/artisan\\\/figurine-argile-pologne\\\/\",\"name\":\"Figurine en Argile, Pologne - Artistique - Red Karawana\",\"isPartOf\":{\"@id\":\"https:\\\/\\\/redkarawana.com\\\/#website\"},\"primaryImageOfPage\":{\"@id\":\"https:\\\/\\\/redkarawana.com\\\/fr\\\/artisan\\\/figurine-argile-pologne\\\/#primaryimage\"},\"image\":{\"@id\":\"https:\\\/\\\/redkarawana.com\\\/fr\\\/artisan\\\/figurine-argile-pologne\\\/#primaryimage\"},\"thumbnailUrl\":\"https:\\\/\\\/redkarawana.com\\\/wp-content\\\/uploads\\\/2025\\\/04\\\/1-AP-Feature-Poland-Clay-Figurine.jpg\",\"datePublished\":\"2025-11-30T03:50:10+00:00\",\"dateModified\":\"2025-12-06T08:07:39+00:00\",\"description\":\"Nous avons s\u00e9lectionn\u00e9 une figurine en argile repr\u00e9sentant un poulet multicolore. Notre figurine en argile est fabriqu\u00e9e et peinte \u00e0 la main.\",\"breadcrumb\":{\"@id\":\"https:\\\/\\\/redkarawana.com\\\/fr\\\/artisan\\\/figurine-argile-pologne\\\/#breadcrumb\"},\"inLanguage\":\"fr-FR\",\"potentialAction\":[{\"@type\":\"ReadAction\",\"target\":[\"https:\\\/\\\/redkarawana.com\\\/fr\\\/artisan\\\/figurine-argile-pologne\\\/\"]}]},{\"@type\":\"ImageObject\",\"inLanguage\":\"fr-FR\",\"@id\":\"https:\\\/\\\/redkarawana.com\\\/fr\\\/artisan\\\/figurine-argile-pologne\\\/#primaryimage\",\"url\":\"https:\\\/\\\/redkarawana.com\\\/wp-content\\\/uploads\\\/2025\\\/04\\\/1-AP-Feature-Poland-Clay-Figurine.jpg\",\"contentUrl\":\"https:\\\/\\\/redkarawana.com\\\/wp-content\\\/uploads\\\/2025\\\/04\\\/1-AP-Feature-Poland-Clay-Figurine.jpg\",\"width\":680,\"height\":453,\"caption\":\"Pologne, Figurine en Argile\"},{\"@type\":\"BreadcrumbList\",\"@id\":\"https:\\\/\\\/redkarawana.com\\\/fr\\\/artisan\\\/figurine-argile-pologne\\\/#breadcrumb\",\"itemListElement\":[{\"@type\":\"ListItem\",\"position\":1,\"name\":\"Home\",\"item\":\"https:\\\/\\\/redkarawana.com\\\/fr\\\/\"},{\"@type\":\"ListItem\",\"position\":2,\"name\":\"Artisans\",\"item\":\"https:\\\/\\\/redkarawana.com\\\/fr\\\/artisans\\\/\"},{\"@type\":\"ListItem\",\"position\":3,\"name\":\"Figurine en Argile, Pologne ; Objet D\u00e9coratif Tout en Couleurs\"}]},{\"@type\":\"WebSite\",\"@id\":\"https:\\\/\\\/redkarawana.com\\\/#website\",\"url\":\"https:\\\/\\\/redkarawana.com\\\/\",\"name\":\"Red Karawana\",\"description\":\"\",\"publisher\":{\"@id\":\"https:\\\/\\\/redkarawana.com\\\/#organization\"},\"potentialAction\":[{\"@type\":\"SearchAction\",\"target\":{\"@type\":\"EntryPoint\",\"urlTemplate\":\"https:\\\/\\\/redkarawana.com\\\/?s={search_term_string}\"},\"query-input\":{\"@type\":\"PropertyValueSpecification\",\"valueRequired\":true,\"valueName\":\"search_term_string\"}}],\"inLanguage\":\"fr-FR\"},{\"@type\":\"Organization\",\"@id\":\"https:\\\/\\\/redkarawana.com\\\/#organization\",\"name\":\"Red Karawana\",\"url\":\"https:\\\/\\\/redkarawana.com\\\/\",\"logo\":{\"@type\":\"ImageObject\",\"inLanguage\":\"fr-FR\",\"@id\":\"https:\\\/\\\/redkarawana.com\\\/#\\\/schema\\\/logo\\\/image\\\/\",\"url\":\"https:\\\/\\\/redkarawana.com\\\/wp-content\\\/uploads\\\/2025\\\/05\\\/cropped-Screenshot-2025-05-29-at-09.27.38.png\",\"contentUrl\":\"https:\\\/\\\/redkarawana.com\\\/wp-content\\\/uploads\\\/2025\\\/05\\\/cropped-Screenshot-2025-05-29-at-09.27.38.png\",\"width\":512,\"height\":512,\"caption\":\"Red Karawana\"},\"image\":{\"@id\":\"https:\\\/\\\/redkarawana.com\\\/#\\\/schema\\\/logo\\\/image\\\/\"},\"sameAs\":[\"https:\\\/\\\/www.facebook.com\\\/redkarawana\\\/\",\"https:\\\/\\\/www.instagram.com\\\/redkarawana\\\/\",\"https:\\\/\\\/www.youtube.com\\\/channel\\\/UCU9jXzSmyKm4ZZv38FEXGKg\",\"https:\\\/\\\/www.pinterest.com\\\/redkarawana\\\/\"]}]}<\/script>\n<!-- \/ Yoast SEO plugin. -->","yoast_head_json":{"title":"Figurine en Argile, Pologne - Artistique - Red Karawana","description":"Nous avons s\u00e9lectionn\u00e9 une figurine en argile repr\u00e9sentant un poulet multicolore. Notre figurine en argile est fabriqu\u00e9e et peinte \u00e0 la main.","robots":{"index":"index","follow":"follow","max-snippet":"max-snippet:-1","max-image-preview":"max-image-preview:large","max-video-preview":"max-video-preview:-1"},"canonical":"https:\/\/redkarawana.com\/fr\/artisan\/figurine-argile-pologne\/","og_locale":"fr_FR","og_type":"article","og_title":"Figurine en Argile, Pologne - Artistique - Red Karawana","og_description":"Nous avons s\u00e9lectionn\u00e9 une figurine en argile repr\u00e9sentant un poulet multicolore. Notre figurine en argile est fabriqu\u00e9e et peinte \u00e0 la main.","og_url":"https:\/\/redkarawana.com\/fr\/artisan\/figurine-argile-pologne\/","og_site_name":"Red Karawana","article_publisher":"https:\/\/www.facebook.com\/redkarawana\/","article_modified_time":"2025-12-06T08:07:39+00:00","og_image":[{"width":1200,"height":630,"url":"https:\/\/redkarawana.com\/wp-content\/uploads\/2025\/04\/1-AF1200x630-Poland-Clay-Figurine.jpg","type":"image\/jpeg"}],"twitter_card":"summary_large_image","twitter_misc":{"Dur\u00e9e de lecture estim\u00e9e":"1 minute"},"schema":{"@context":"https:\/\/schema.org","@graph":[{"@type":"WebPage","@id":"https:\/\/redkarawana.com\/fr\/artisan\/figurine-argile-pologne\/","url":"https:\/\/redkarawana.com\/fr\/artisan\/figurine-argile-pologne\/","name":"Figurine en Argile, Pologne - Artistique - Red Karawana","isPartOf":{"@id":"https:\/\/redkarawana.com\/#website"},"primaryImageOfPage":{"@id":"https:\/\/redkarawana.com\/fr\/artisan\/figurine-argile-pologne\/#primaryimage"},"image":{"@id":"https:\/\/redkarawana.com\/fr\/artisan\/figurine-argile-pologne\/#primaryimage"},"thumbnailUrl":"https:\/\/redkarawana.com\/wp-content\/uploads\/2025\/04\/1-AP-Feature-Poland-Clay-Figurine.jpg","datePublished":"2025-11-30T03:50:10+00:00","dateModified":"2025-12-06T08:07:39+00:00","description":"Nous avons s\u00e9lectionn\u00e9 une figurine en argile repr\u00e9sentant un poulet multicolore. Notre figurine en argile est fabriqu\u00e9e et peinte \u00e0 la main.","breadcrumb":{"@id":"https:\/\/redkarawana.com\/fr\/artisan\/figurine-argile-pologne\/#breadcrumb"},"inLanguage":"fr-FR","potentialAction":[{"@type":"ReadAction","target":["https:\/\/redkarawana.com\/fr\/artisan\/figurine-argile-pologne\/"]}]},{"@type":"ImageObject","inLanguage":"fr-FR","@id":"https:\/\/redkarawana.com\/fr\/artisan\/figurine-argile-pologne\/#primaryimage","url":"https:\/\/redkarawana.com\/wp-content\/uploads\/2025\/04\/1-AP-Feature-Poland-Clay-Figurine.jpg","contentUrl":"https:\/\/redkarawana.com\/wp-content\/uploads\/2025\/04\/1-AP-Feature-Poland-Clay-Figurine.jpg","width":680,"height":453,"caption":"Pologne, Figurine en Argile"},{"@type":"BreadcrumbList","@id":"https:\/\/redkarawana.com\/fr\/artisan\/figurine-argile-pologne\/#breadcrumb","itemListElement":[{"@type":"ListItem","position":1,"name":"Home","item":"https:\/\/redkarawana.com\/fr\/"},{"@type":"ListItem","position":2,"name":"Artisans","item":"https:\/\/redkarawana.com\/fr\/artisans\/"},{"@type":"ListItem","position":3,"name":"Figurine en Argile, Pologne ; Objet D\u00e9coratif Tout en Couleurs"}]},{"@type":"WebSite","@id":"https:\/\/redkarawana.com\/#website","url":"https:\/\/redkarawana.com\/","name":"Red Karawana","description":"","publisher":{"@id":"https:\/\/redkarawana.com\/#organization"},"potentialAction":[{"@type":"SearchAction","target":{"@type":"EntryPoint","urlTemplate":"https:\/\/redkarawana.com\/?s={search_term_string}"},"query-input":{"@type":"PropertyValueSpecification","valueRequired":true,"valueName":"search_term_string"}}],"inLanguage":"fr-FR"},{"@type":"Organization","@id":"https:\/\/redkarawana.com\/#organization","name":"Red Karawana","url":"https:\/\/redkarawana.com\/","logo":{"@type":"ImageObject","inLanguage":"fr-FR","@id":"https:\/\/redkarawana.com\/#\/schema\/logo\/image\/","url":"https:\/\/redkarawana.com\/wp-content\/uploads\/2025\/05\/cropped-Screenshot-2025-05-29-at-09.27.38.png","contentUrl":"https:\/\/redkarawana.com\/wp-content\/uploads\/2025\/05\/cropped-Screenshot-2025-05-29-at-09.27.38.png","width":512,"height":512,"caption":"Red Karawana"},"image":{"@id":"https:\/\/redkarawana.com\/#\/schema\/logo\/image\/"},"sameAs":["https:\/\/www.facebook.com\/redkarawana\/","https:\/\/www.instagram.com\/redkarawana\/","https:\/\/www.youtube.com\/channel\/UCU9jXzSmyKm4ZZv38FEXGKg","https:\/\/www.pinterest.com\/redkarawana\/"]}]}},"_links":{"self":[{"href":"https:\/\/redkarawana.com\/fr\/wp-json\/wp\/v2\/product\/9922","targetHints":{"allow":["GET"]}}],"collection":[{"href":"https:\/\/redkarawana.com\/fr\/wp-json\/wp\/v2\/product"}],"about":[{"href":"https:\/\/redkarawana.com\/fr\/wp-json\/wp\/v2\/types\/product"}],"wp:featuredmedia":[{"embeddable":true,"href":"https:\/\/redkarawana.com\/fr\/wp-json\/wp\/v2\/media\/9906"}],"wp:attachment":[{"href":"https:\/\/redkarawana.com\/fr\/wp-json\/wp\/v2\/media?parent=9922"}],"wp:term":[{"taxonomy":"product_brand","embeddable":true,"href":"https:\/\/redkarawana.com\/fr\/wp-json\/wp\/v2\/product_brand?post=9922"},{"taxonomy":"product_cat","embeddable":true,"href":"https:\/\/redkarawana.com\/fr\/wp-json\/wp\/v2\/product_cat?post=9922"},{"taxonomy":"product_tag","embeddable":true,"href":"https:\/\/redkarawana.com\/fr\/wp-json\/wp\/v2\/product_tag?post=9922"}],"curies":[{"name":"wp","href":"https:\/\/api.w.org\/{rel}","templated":true}]}}