{"id":9946,"date":"2025-11-30T04:00:03","date_gmt":"2025-11-30T04:00:03","guid":{"rendered":"https:\/\/redkarawana.com\/?post_type=product&#038;p=9946"},"modified":"2025-12-06T08:01:49","modified_gmt":"2025-12-06T08:01:49","slug":"tasses-ceramique-emaillee-pologne","status":"publish","type":"product","link":"https:\/\/redkarawana.com\/fr\/artisan\/tasses-ceramique-emaillee-pologne\/","title":{"rendered":"Tasses en C\u00e9ramique \u00c9maill\u00e9e, Pologne ; Tasses Distingu\u00e9es Couleurs Pastel"},"content":{"rendered":"<p>Les artistes polonais fabriquent toute une s\u00e9rie de c\u00e9ramiques d\u00e9coratives et de vaisselle classique. Lors de nos visites en Pologne, nous trouvons des c\u00e9ramiques de grande qualit\u00e9, caract\u00e9ris\u00e9es par des motifs simples. Notre tasse de couleur cr\u00e8me a une gla\u00e7ure brune sur le bord sup\u00e9rieur. Notre tasse bleu clair a des accents bleus sur l&rsquo;anse et le bord inf\u00e9rieur. Nos tasses en c\u00e9ramique \u00e9maill\u00e9e sont distinctes, \u00e9l\u00e9gantes et belles. Ensemble : 1 tasse en c\u00e9ramique de couleur cr\u00e8me (hauteur 3 \u00bd pouces, diam\u00e8tre 3 \u00bc pouces) et 1 tasse en c\u00e9ramique de couleur bleu pastel (hauteur 3 \u00be pouces, diam\u00e8tre 3 \u00bd pouces).<\/p>\n","protected":false},"excerpt":{"rendered":"<p>Les artistes polonais fabriquent toute une s\u00e9rie de c\u00e9ramiques d\u00e9coratives et de vaisselle classique. Lors de nos visites en Pologne, nous trouvons des c\u00e9ramiques de grande qualit\u00e9, caract\u00e9ris\u00e9es par des motifs simples. Notre tasse de couleur cr\u00e8me a une gla\u00e7ure brune sur le bord sup\u00e9rieur. Notre tasse bleu clair a des accents bleus sur l&rsquo;anse [&hellip;]<\/p>\n","protected":false},"featured_media":9930,"template":"","meta":{"_acf_changed":false},"product_brand":[],"product_cat":[50],"product_tag":[],"class_list":{"0":"post-9946","1":"product","2":"type-product","3":"status-publish","4":"has-post-thumbnail","6":"product_cat-fonctionnel","8":"first","9":"instock","10":"taxable","11":"shipping-taxable","12":"purchasable","13":"product-type-simple"},"acf":[],"yoast_head":"<!-- This site is optimized with the Yoast SEO plugin v27.3 - https:\/\/yoast.com\/product\/yoast-seo-wordpress\/ -->\n<title>Tasses en C\u00e9ramique \u00c9maill\u00e9e, Pologne - Fonctionnel - Red Karawana<\/title>\n<meta name=\"description\" content=\"Notre ensemble de tasses en c\u00e9ramique comprend une tasse en c\u00e9ramique de couleur cr\u00e8me et une tasse en c\u00e9ramique de couleur bleu pastel.\" \/>\n<meta name=\"robots\" content=\"index, follow, max-snippet:-1, max-image-preview:large, max-video-preview:-1\" \/>\n<link rel=\"canonical\" href=\"https:\/\/redkarawana.com\/fr\/artisan\/tasses-ceramique-emaillee-pologne\/\" \/>\n<meta property=\"og:locale\" content=\"fr_FR\" \/>\n<meta property=\"og:type\" content=\"article\" \/>\n<meta property=\"og:title\" content=\"Tasses en C\u00e9ramique \u00c9maill\u00e9e, Pologne - Fonctionnel - Red Karawana\" \/>\n<meta property=\"og:description\" content=\"Notre ensemble de tasses en c\u00e9ramique comprend une tasse en c\u00e9ramique de couleur cr\u00e8me et une tasse en c\u00e9ramique de couleur bleu pastel.\" \/>\n<meta property=\"og:url\" content=\"https:\/\/redkarawana.com\/fr\/artisan\/tasses-ceramique-emaillee-pologne\/\" \/>\n<meta property=\"og:site_name\" content=\"Red Karawana\" \/>\n<meta property=\"article:publisher\" content=\"https:\/\/www.facebook.com\/redkarawana\/\" \/>\n<meta property=\"article:modified_time\" content=\"2025-12-06T08:01:49+00:00\" \/>\n<meta property=\"og:image\" content=\"https:\/\/redkarawana.com\/wp-content\/uploads\/2025\/04\/1-AF1200x630-Poland-Glazed-Ceramic-Cups.jpg\" \/>\n\t<meta property=\"og:image:width\" content=\"1200\" \/>\n\t<meta property=\"og:image:height\" content=\"630\" \/>\n\t<meta property=\"og:image:type\" content=\"image\/jpeg\" \/>\n<meta name=\"twitter:card\" content=\"summary_large_image\" \/>\n<meta name=\"twitter:label1\" content=\"Dur\u00e9e de lecture estim\u00e9e\" \/>\n\t<meta name=\"twitter:data1\" content=\"1 minute\" \/>\n<script type=\"application\/ld+json\" class=\"yoast-schema-graph\">{\"@context\":\"https:\\\/\\\/schema.org\",\"@graph\":[{\"@type\":\"WebPage\",\"@id\":\"https:\\\/\\\/redkarawana.com\\\/fr\\\/artisan\\\/tasses-ceramique-emaillee-pologne\\\/\",\"url\":\"https:\\\/\\\/redkarawana.com\\\/fr\\\/artisan\\\/tasses-ceramique-emaillee-pologne\\\/\",\"name\":\"Tasses en C\u00e9ramique \u00c9maill\u00e9e, Pologne - Fonctionnel - Red Karawana\",\"isPartOf\":{\"@id\":\"https:\\\/\\\/redkarawana.com\\\/#website\"},\"primaryImageOfPage\":{\"@id\":\"https:\\\/\\\/redkarawana.com\\\/fr\\\/artisan\\\/tasses-ceramique-emaillee-pologne\\\/#primaryimage\"},\"image\":{\"@id\":\"https:\\\/\\\/redkarawana.com\\\/fr\\\/artisan\\\/tasses-ceramique-emaillee-pologne\\\/#primaryimage\"},\"thumbnailUrl\":\"https:\\\/\\\/redkarawana.com\\\/wp-content\\\/uploads\\\/2025\\\/04\\\/1-AP-Feature-Poland-Glazed-Ceramic-Cups.jpg\",\"datePublished\":\"2025-11-30T04:00:03+00:00\",\"dateModified\":\"2025-12-06T08:01:49+00:00\",\"description\":\"Notre ensemble de tasses en c\u00e9ramique comprend une tasse en c\u00e9ramique de couleur cr\u00e8me et une tasse en c\u00e9ramique de couleur bleu pastel.\",\"breadcrumb\":{\"@id\":\"https:\\\/\\\/redkarawana.com\\\/fr\\\/artisan\\\/tasses-ceramique-emaillee-pologne\\\/#breadcrumb\"},\"inLanguage\":\"fr-FR\",\"potentialAction\":[{\"@type\":\"ReadAction\",\"target\":[\"https:\\\/\\\/redkarawana.com\\\/fr\\\/artisan\\\/tasses-ceramique-emaillee-pologne\\\/\"]}]},{\"@type\":\"ImageObject\",\"inLanguage\":\"fr-FR\",\"@id\":\"https:\\\/\\\/redkarawana.com\\\/fr\\\/artisan\\\/tasses-ceramique-emaillee-pologne\\\/#primaryimage\",\"url\":\"https:\\\/\\\/redkarawana.com\\\/wp-content\\\/uploads\\\/2025\\\/04\\\/1-AP-Feature-Poland-Glazed-Ceramic-Cups.jpg\",\"contentUrl\":\"https:\\\/\\\/redkarawana.com\\\/wp-content\\\/uploads\\\/2025\\\/04\\\/1-AP-Feature-Poland-Glazed-Ceramic-Cups.jpg\",\"width\":680,\"height\":453,\"caption\":\"Pologne, Tasses en C\u00e9ramique \u00c9maill\u00e9e\"},{\"@type\":\"BreadcrumbList\",\"@id\":\"https:\\\/\\\/redkarawana.com\\\/fr\\\/artisan\\\/tasses-ceramique-emaillee-pologne\\\/#breadcrumb\",\"itemListElement\":[{\"@type\":\"ListItem\",\"position\":1,\"name\":\"Home\",\"item\":\"https:\\\/\\\/redkarawana.com\\\/fr\\\/\"},{\"@type\":\"ListItem\",\"position\":2,\"name\":\"Artisans\",\"item\":\"https:\\\/\\\/redkarawana.com\\\/fr\\\/artisans\\\/\"},{\"@type\":\"ListItem\",\"position\":3,\"name\":\"Tasses en C\u00e9ramique \u00c9maill\u00e9e, Pologne ; Tasses Distingu\u00e9es Couleurs Pastel\"}]},{\"@type\":\"WebSite\",\"@id\":\"https:\\\/\\\/redkarawana.com\\\/#website\",\"url\":\"https:\\\/\\\/redkarawana.com\\\/\",\"name\":\"Red Karawana\",\"description\":\"\",\"publisher\":{\"@id\":\"https:\\\/\\\/redkarawana.com\\\/#organization\"},\"potentialAction\":[{\"@type\":\"SearchAction\",\"target\":{\"@type\":\"EntryPoint\",\"urlTemplate\":\"https:\\\/\\\/redkarawana.com\\\/?s={search_term_string}\"},\"query-input\":{\"@type\":\"PropertyValueSpecification\",\"valueRequired\":true,\"valueName\":\"search_term_string\"}}],\"inLanguage\":\"fr-FR\"},{\"@type\":\"Organization\",\"@id\":\"https:\\\/\\\/redkarawana.com\\\/#organization\",\"name\":\"Red Karawana\",\"url\":\"https:\\\/\\\/redkarawana.com\\\/\",\"logo\":{\"@type\":\"ImageObject\",\"inLanguage\":\"fr-FR\",\"@id\":\"https:\\\/\\\/redkarawana.com\\\/#\\\/schema\\\/logo\\\/image\\\/\",\"url\":\"https:\\\/\\\/redkarawana.com\\\/wp-content\\\/uploads\\\/2025\\\/05\\\/cropped-Screenshot-2025-05-29-at-09.27.38.png\",\"contentUrl\":\"https:\\\/\\\/redkarawana.com\\\/wp-content\\\/uploads\\\/2025\\\/05\\\/cropped-Screenshot-2025-05-29-at-09.27.38.png\",\"width\":512,\"height\":512,\"caption\":\"Red Karawana\"},\"image\":{\"@id\":\"https:\\\/\\\/redkarawana.com\\\/#\\\/schema\\\/logo\\\/image\\\/\"},\"sameAs\":[\"https:\\\/\\\/www.facebook.com\\\/redkarawana\\\/\",\"https:\\\/\\\/www.instagram.com\\\/redkarawana\\\/\",\"https:\\\/\\\/www.youtube.com\\\/channel\\\/UCU9jXzSmyKm4ZZv38FEXGKg\",\"https:\\\/\\\/www.pinterest.com\\\/redkarawana\\\/\"]}]}<\/script>\n<!-- \/ Yoast SEO plugin. -->","yoast_head_json":{"title":"Tasses en C\u00e9ramique \u00c9maill\u00e9e, Pologne - Fonctionnel - Red Karawana","description":"Notre ensemble de tasses en c\u00e9ramique comprend une tasse en c\u00e9ramique de couleur cr\u00e8me et une tasse en c\u00e9ramique de couleur bleu pastel.","robots":{"index":"index","follow":"follow","max-snippet":"max-snippet:-1","max-image-preview":"max-image-preview:large","max-video-preview":"max-video-preview:-1"},"canonical":"https:\/\/redkarawana.com\/fr\/artisan\/tasses-ceramique-emaillee-pologne\/","og_locale":"fr_FR","og_type":"article","og_title":"Tasses en C\u00e9ramique \u00c9maill\u00e9e, Pologne - Fonctionnel - Red Karawana","og_description":"Notre ensemble de tasses en c\u00e9ramique comprend une tasse en c\u00e9ramique de couleur cr\u00e8me et une tasse en c\u00e9ramique de couleur bleu pastel.","og_url":"https:\/\/redkarawana.com\/fr\/artisan\/tasses-ceramique-emaillee-pologne\/","og_site_name":"Red Karawana","article_publisher":"https:\/\/www.facebook.com\/redkarawana\/","article_modified_time":"2025-12-06T08:01:49+00:00","og_image":[{"width":1200,"height":630,"url":"https:\/\/redkarawana.com\/wp-content\/uploads\/2025\/04\/1-AF1200x630-Poland-Glazed-Ceramic-Cups.jpg","type":"image\/jpeg"}],"twitter_card":"summary_large_image","twitter_misc":{"Dur\u00e9e de lecture estim\u00e9e":"1 minute"},"schema":{"@context":"https:\/\/schema.org","@graph":[{"@type":"WebPage","@id":"https:\/\/redkarawana.com\/fr\/artisan\/tasses-ceramique-emaillee-pologne\/","url":"https:\/\/redkarawana.com\/fr\/artisan\/tasses-ceramique-emaillee-pologne\/","name":"Tasses en C\u00e9ramique \u00c9maill\u00e9e, Pologne - Fonctionnel - Red Karawana","isPartOf":{"@id":"https:\/\/redkarawana.com\/#website"},"primaryImageOfPage":{"@id":"https:\/\/redkarawana.com\/fr\/artisan\/tasses-ceramique-emaillee-pologne\/#primaryimage"},"image":{"@id":"https:\/\/redkarawana.com\/fr\/artisan\/tasses-ceramique-emaillee-pologne\/#primaryimage"},"thumbnailUrl":"https:\/\/redkarawana.com\/wp-content\/uploads\/2025\/04\/1-AP-Feature-Poland-Glazed-Ceramic-Cups.jpg","datePublished":"2025-11-30T04:00:03+00:00","dateModified":"2025-12-06T08:01:49+00:00","description":"Notre ensemble de tasses en c\u00e9ramique comprend une tasse en c\u00e9ramique de couleur cr\u00e8me et une tasse en c\u00e9ramique de couleur bleu pastel.","breadcrumb":{"@id":"https:\/\/redkarawana.com\/fr\/artisan\/tasses-ceramique-emaillee-pologne\/#breadcrumb"},"inLanguage":"fr-FR","potentialAction":[{"@type":"ReadAction","target":["https:\/\/redkarawana.com\/fr\/artisan\/tasses-ceramique-emaillee-pologne\/"]}]},{"@type":"ImageObject","inLanguage":"fr-FR","@id":"https:\/\/redkarawana.com\/fr\/artisan\/tasses-ceramique-emaillee-pologne\/#primaryimage","url":"https:\/\/redkarawana.com\/wp-content\/uploads\/2025\/04\/1-AP-Feature-Poland-Glazed-Ceramic-Cups.jpg","contentUrl":"https:\/\/redkarawana.com\/wp-content\/uploads\/2025\/04\/1-AP-Feature-Poland-Glazed-Ceramic-Cups.jpg","width":680,"height":453,"caption":"Pologne, Tasses en C\u00e9ramique \u00c9maill\u00e9e"},{"@type":"BreadcrumbList","@id":"https:\/\/redkarawana.com\/fr\/artisan\/tasses-ceramique-emaillee-pologne\/#breadcrumb","itemListElement":[{"@type":"ListItem","position":1,"name":"Home","item":"https:\/\/redkarawana.com\/fr\/"},{"@type":"ListItem","position":2,"name":"Artisans","item":"https:\/\/redkarawana.com\/fr\/artisans\/"},{"@type":"ListItem","position":3,"name":"Tasses en C\u00e9ramique \u00c9maill\u00e9e, Pologne ; Tasses Distingu\u00e9es Couleurs Pastel"}]},{"@type":"WebSite","@id":"https:\/\/redkarawana.com\/#website","url":"https:\/\/redkarawana.com\/","name":"Red Karawana","description":"","publisher":{"@id":"https:\/\/redkarawana.com\/#organization"},"potentialAction":[{"@type":"SearchAction","target":{"@type":"EntryPoint","urlTemplate":"https:\/\/redkarawana.com\/?s={search_term_string}"},"query-input":{"@type":"PropertyValueSpecification","valueRequired":true,"valueName":"search_term_string"}}],"inLanguage":"fr-FR"},{"@type":"Organization","@id":"https:\/\/redkarawana.com\/#organization","name":"Red Karawana","url":"https:\/\/redkarawana.com\/","logo":{"@type":"ImageObject","inLanguage":"fr-FR","@id":"https:\/\/redkarawana.com\/#\/schema\/logo\/image\/","url":"https:\/\/redkarawana.com\/wp-content\/uploads\/2025\/05\/cropped-Screenshot-2025-05-29-at-09.27.38.png","contentUrl":"https:\/\/redkarawana.com\/wp-content\/uploads\/2025\/05\/cropped-Screenshot-2025-05-29-at-09.27.38.png","width":512,"height":512,"caption":"Red Karawana"},"image":{"@id":"https:\/\/redkarawana.com\/#\/schema\/logo\/image\/"},"sameAs":["https:\/\/www.facebook.com\/redkarawana\/","https:\/\/www.instagram.com\/redkarawana\/","https:\/\/www.youtube.com\/channel\/UCU9jXzSmyKm4ZZv38FEXGKg","https:\/\/www.pinterest.com\/redkarawana\/"]}]}},"_links":{"self":[{"href":"https:\/\/redkarawana.com\/fr\/wp-json\/wp\/v2\/product\/9946","targetHints":{"allow":["GET"]}}],"collection":[{"href":"https:\/\/redkarawana.com\/fr\/wp-json\/wp\/v2\/product"}],"about":[{"href":"https:\/\/redkarawana.com\/fr\/wp-json\/wp\/v2\/types\/product"}],"wp:featuredmedia":[{"embeddable":true,"href":"https:\/\/redkarawana.com\/fr\/wp-json\/wp\/v2\/media\/9930"}],"wp:attachment":[{"href":"https:\/\/redkarawana.com\/fr\/wp-json\/wp\/v2\/media?parent=9946"}],"wp:term":[{"taxonomy":"product_brand","embeddable":true,"href":"https:\/\/redkarawana.com\/fr\/wp-json\/wp\/v2\/product_brand?post=9946"},{"taxonomy":"product_cat","embeddable":true,"href":"https:\/\/redkarawana.com\/fr\/wp-json\/wp\/v2\/product_cat?post=9946"},{"taxonomy":"product_tag","embeddable":true,"href":"https:\/\/redkarawana.com\/fr\/wp-json\/wp\/v2\/product_tag?post=9946"}],"curies":[{"name":"wp","href":"https:\/\/api.w.org\/{rel}","templated":true}]}}