{"id":4094,"date":"2025-11-30T01:20:40","date_gmt":"2025-11-30T01:20:40","guid":{"rendered":"https:\/\/redkarawana.com\/?post_type=product&#038;p=4094"},"modified":"2025-12-04T10:27:12","modified_gmt":"2025-12-04T10:27:12","slug":"decorative-trays-india","status":"publish","type":"product","link":"https:\/\/redkarawana.com\/?product=decorative-trays-india","title":{"rendered":"Decorative Trays, India; Adorned with a Beautiful Flower Motif"},"content":{"rendered":"<p>India is a country of astounding landscapes and ethnic communities that incorporate their traditions into all forms of art.\u00a0 Skilled artisans create, decorate and embellish beautiful artworks.\u00a0 The papier-m\u00e2ch\u00e9, introduced to India in the 14th century, is a fascinating form of art that is practiced across Central Asia.\u00a0 The artisans use uniquely crafted paper pulp, to make beautiful objects, showcasing original patterns, colors and styles. Our featured decorative trays are papier-m\u00e2ch\u00e9 artworks, adorned with a beautiful flower motif in their center.\u00a0 Measures: large decorative tray (width 10\u00a0\u00bd\u00a0inches\u00a0(26\u00a0\u00bd\u00a0cm) height 15\u00a0inches (38cm)); small decorative tray (width 9 inches\u00a0(23\u00a0cm), height 12\u00a0inches (30\u00a0\u00bd\u00a0cm))<\/p>\n","protected":false},"excerpt":{"rendered":"<p>India is a country of astounding landscapes and ethnic communities that incorporate their traditions into all forms of art.\u00a0 Skilled artisans create, decorate and embellish beautiful artworks.\u00a0 The papier-m\u00e2ch\u00e9, introduced to India in the 14th century, is a fascinating form of art that is practiced across Central Asia.\u00a0 The artisans use uniquely crafted paper pulp, [&hellip;]<\/p>\n","protected":false},"featured_media":4078,"template":"","meta":{"_acf_changed":false},"product_brand":[],"product_cat":[15],"product_tag":[],"class_list":{"0":"post-4094","1":"product","2":"type-product","3":"status-publish","4":"has-post-thumbnail","6":"product_cat-artistic","8":"first","9":"instock","10":"sold-individually","11":"taxable","12":"shipping-taxable","13":"purchasable","14":"product-type-simple"},"acf":[],"yoast_head":"<!-- This site is optimized with the Yoast SEO plugin v27.6 - https:\/\/yoast.com\/product\/yoast-seo-wordpress\/ -->\n<title>Decorative Trays, India - Artistic - Red Karawana<\/title>\n<meta name=\"description\" content=\"The papier-m\u00e2ch\u00e9 is a fascinating form of art. Our decorative trays are papier-m\u00e2ch\u00e9 artworks, adorned with a beautiful flower motif in their center.\" \/>\n<meta name=\"robots\" content=\"index, follow, max-snippet:-1, max-image-preview:large, max-video-preview:-1\" \/>\n<link rel=\"canonical\" href=\"https:\/\/redkarawana.com\/?product=decorative-trays-india\" \/>\n<meta property=\"og:locale\" content=\"en_US\" \/>\n<meta property=\"og:type\" content=\"article\" \/>\n<meta property=\"og:title\" content=\"Decorative Trays, India - Artistic - Red Karawana\" \/>\n<meta property=\"og:description\" content=\"The papier-m\u00e2ch\u00e9 is a fascinating form of art. Our decorative trays are papier-m\u00e2ch\u00e9 artworks, adorned with a beautiful flower motif in their center.\" \/>\n<meta property=\"og:url\" content=\"https:\/\/redkarawana.com\/?product=decorative-trays-india\" \/>\n<meta property=\"og:site_name\" content=\"Red Karawana\" \/>\n<meta property=\"article:publisher\" content=\"https:\/\/www.facebook.com\/redkarawana\/\" \/>\n<meta property=\"article:modified_time\" content=\"2025-12-04T10:27:12+00:00\" \/>\n<meta property=\"og:image\" content=\"https:\/\/redkarawana.com\/wp-content\/uploads\/2024\/05\/1-AF1200x630-India-Decorative-Trays.jpg\" \/>\n\t<meta property=\"og:image:width\" content=\"1200\" \/>\n\t<meta property=\"og:image:height\" content=\"630\" \/>\n\t<meta property=\"og:image:type\" content=\"image\/jpeg\" \/>\n<meta name=\"twitter:card\" content=\"summary_large_image\" \/>\n<meta name=\"twitter:label1\" content=\"Est. reading time\" \/>\n\t<meta name=\"twitter:data1\" content=\"1 minute\" \/>\n<script type=\"application\/ld+json\" class=\"yoast-schema-graph\">{\"@context\":\"https:\\\/\\\/schema.org\",\"@graph\":[{\"@type\":\"WebPage\",\"@id\":\"https:\\\/\\\/redkarawana.com\\\/?product=decorative-trays-india\",\"url\":\"https:\\\/\\\/redkarawana.com\\\/?product=decorative-trays-india\",\"name\":\"Decorative Trays, India - Artistic - Red Karawana\",\"isPartOf\":{\"@id\":\"https:\\\/\\\/redkarawana.com\\\/#website\"},\"primaryImageOfPage\":{\"@id\":\"https:\\\/\\\/redkarawana.com\\\/?product=decorative-trays-india#primaryimage\"},\"image\":{\"@id\":\"https:\\\/\\\/redkarawana.com\\\/?product=decorative-trays-india#primaryimage\"},\"thumbnailUrl\":\"https:\\\/\\\/redkarawana.com\\\/wp-content\\\/uploads\\\/2024\\\/05\\\/1-AP-Feature-India-Decorative-Trays.jpg\",\"datePublished\":\"2025-11-30T01:20:40+00:00\",\"dateModified\":\"2025-12-04T10:27:12+00:00\",\"description\":\"The papier-m\u00e2ch\u00e9 is a fascinating form of art. Our decorative trays are papier-m\u00e2ch\u00e9 artworks, adorned with a beautiful flower motif in their center.\",\"breadcrumb\":{\"@id\":\"https:\\\/\\\/redkarawana.com\\\/?product=decorative-trays-india#breadcrumb\"},\"inLanguage\":\"en-US\",\"potentialAction\":[{\"@type\":\"ReadAction\",\"target\":[\"https:\\\/\\\/redkarawana.com\\\/?product=decorative-trays-india\"]}]},{\"@type\":\"ImageObject\",\"inLanguage\":\"en-US\",\"@id\":\"https:\\\/\\\/redkarawana.com\\\/?product=decorative-trays-india#primaryimage\",\"url\":\"https:\\\/\\\/redkarawana.com\\\/wp-content\\\/uploads\\\/2024\\\/05\\\/1-AP-Feature-India-Decorative-Trays.jpg\",\"contentUrl\":\"https:\\\/\\\/redkarawana.com\\\/wp-content\\\/uploads\\\/2024\\\/05\\\/1-AP-Feature-India-Decorative-Trays.jpg\",\"width\":680,\"height\":453,\"caption\":\"India, Decorative Trays\"},{\"@type\":\"BreadcrumbList\",\"@id\":\"https:\\\/\\\/redkarawana.com\\\/?product=decorative-trays-india#breadcrumb\",\"itemListElement\":[{\"@type\":\"ListItem\",\"position\":1,\"name\":\"Home\",\"item\":\"https:\\\/\\\/redkarawana.com\\\/\"},{\"@type\":\"ListItem\",\"position\":2,\"name\":\"Artisans\",\"item\":\"https:\\\/\\\/redkarawana.com\\\/?page_id=12\"},{\"@type\":\"ListItem\",\"position\":3,\"name\":\"Decorative Trays, India; Adorned with a Beautiful Flower Motif\"}]},{\"@type\":\"WebSite\",\"@id\":\"https:\\\/\\\/redkarawana.com\\\/#website\",\"url\":\"https:\\\/\\\/redkarawana.com\\\/\",\"name\":\"Red Karawana\",\"description\":\"\",\"publisher\":{\"@id\":\"https:\\\/\\\/redkarawana.com\\\/#organization\"},\"potentialAction\":[{\"@type\":\"SearchAction\",\"target\":{\"@type\":\"EntryPoint\",\"urlTemplate\":\"https:\\\/\\\/redkarawana.com\\\/?s={search_term_string}\"},\"query-input\":{\"@type\":\"PropertyValueSpecification\",\"valueRequired\":true,\"valueName\":\"search_term_string\"}}],\"inLanguage\":\"en-US\"},{\"@type\":\"Organization\",\"@id\":\"https:\\\/\\\/redkarawana.com\\\/#organization\",\"name\":\"Red Karawana\",\"url\":\"https:\\\/\\\/redkarawana.com\\\/\",\"logo\":{\"@type\":\"ImageObject\",\"inLanguage\":\"en-US\",\"@id\":\"https:\\\/\\\/redkarawana.com\\\/#\\\/schema\\\/logo\\\/image\\\/\",\"url\":\"https:\\\/\\\/redkarawana.com\\\/wp-content\\\/uploads\\\/2025\\\/05\\\/cropped-Screenshot-2025-05-29-at-09.27.38.png\",\"contentUrl\":\"https:\\\/\\\/redkarawana.com\\\/wp-content\\\/uploads\\\/2025\\\/05\\\/cropped-Screenshot-2025-05-29-at-09.27.38.png\",\"width\":512,\"height\":512,\"caption\":\"Red Karawana\"},\"image\":{\"@id\":\"https:\\\/\\\/redkarawana.com\\\/#\\\/schema\\\/logo\\\/image\\\/\"},\"sameAs\":[\"https:\\\/\\\/www.facebook.com\\\/redkarawana\\\/\",\"https:\\\/\\\/www.instagram.com\\\/redkarawana\\\/\",\"https:\\\/\\\/www.youtube.com\\\/channel\\\/UCU9jXzSmyKm4ZZv38FEXGKg\",\"https:\\\/\\\/www.pinterest.com\\\/redkarawana\\\/\"]}]}<\/script>\n<!-- \/ Yoast SEO plugin. -->","yoast_head_json":{"title":"Decorative Trays, India - Artistic - Red Karawana","description":"The papier-m\u00e2ch\u00e9 is a fascinating form of art. Our decorative trays are papier-m\u00e2ch\u00e9 artworks, adorned with a beautiful flower motif in their center.","robots":{"index":"index","follow":"follow","max-snippet":"max-snippet:-1","max-image-preview":"max-image-preview:large","max-video-preview":"max-video-preview:-1"},"canonical":"https:\/\/redkarawana.com\/?product=decorative-trays-india","og_locale":"en_US","og_type":"article","og_title":"Decorative Trays, India - Artistic - Red Karawana","og_description":"The papier-m\u00e2ch\u00e9 is a fascinating form of art. Our decorative trays are papier-m\u00e2ch\u00e9 artworks, adorned with a beautiful flower motif in their center.","og_url":"https:\/\/redkarawana.com\/?product=decorative-trays-india","og_site_name":"Red Karawana","article_publisher":"https:\/\/www.facebook.com\/redkarawana\/","article_modified_time":"2025-12-04T10:27:12+00:00","og_image":[{"width":1200,"height":630,"url":"https:\/\/redkarawana.com\/wp-content\/uploads\/2024\/05\/1-AF1200x630-India-Decorative-Trays.jpg","type":"image\/jpeg"}],"twitter_card":"summary_large_image","twitter_misc":{"Est. reading time":"1 minute"},"schema":{"@context":"https:\/\/schema.org","@graph":[{"@type":"WebPage","@id":"https:\/\/redkarawana.com\/?product=decorative-trays-india","url":"https:\/\/redkarawana.com\/?product=decorative-trays-india","name":"Decorative Trays, India - Artistic - Red Karawana","isPartOf":{"@id":"https:\/\/redkarawana.com\/#website"},"primaryImageOfPage":{"@id":"https:\/\/redkarawana.com\/?product=decorative-trays-india#primaryimage"},"image":{"@id":"https:\/\/redkarawana.com\/?product=decorative-trays-india#primaryimage"},"thumbnailUrl":"https:\/\/redkarawana.com\/wp-content\/uploads\/2024\/05\/1-AP-Feature-India-Decorative-Trays.jpg","datePublished":"2025-11-30T01:20:40+00:00","dateModified":"2025-12-04T10:27:12+00:00","description":"The papier-m\u00e2ch\u00e9 is a fascinating form of art. Our decorative trays are papier-m\u00e2ch\u00e9 artworks, adorned with a beautiful flower motif in their center.","breadcrumb":{"@id":"https:\/\/redkarawana.com\/?product=decorative-trays-india#breadcrumb"},"inLanguage":"en-US","potentialAction":[{"@type":"ReadAction","target":["https:\/\/redkarawana.com\/?product=decorative-trays-india"]}]},{"@type":"ImageObject","inLanguage":"en-US","@id":"https:\/\/redkarawana.com\/?product=decorative-trays-india#primaryimage","url":"https:\/\/redkarawana.com\/wp-content\/uploads\/2024\/05\/1-AP-Feature-India-Decorative-Trays.jpg","contentUrl":"https:\/\/redkarawana.com\/wp-content\/uploads\/2024\/05\/1-AP-Feature-India-Decorative-Trays.jpg","width":680,"height":453,"caption":"India, Decorative Trays"},{"@type":"BreadcrumbList","@id":"https:\/\/redkarawana.com\/?product=decorative-trays-india#breadcrumb","itemListElement":[{"@type":"ListItem","position":1,"name":"Home","item":"https:\/\/redkarawana.com\/"},{"@type":"ListItem","position":2,"name":"Artisans","item":"https:\/\/redkarawana.com\/?page_id=12"},{"@type":"ListItem","position":3,"name":"Decorative Trays, India; Adorned with a Beautiful Flower Motif"}]},{"@type":"WebSite","@id":"https:\/\/redkarawana.com\/#website","url":"https:\/\/redkarawana.com\/","name":"Red Karawana","description":"","publisher":{"@id":"https:\/\/redkarawana.com\/#organization"},"potentialAction":[{"@type":"SearchAction","target":{"@type":"EntryPoint","urlTemplate":"https:\/\/redkarawana.com\/?s={search_term_string}"},"query-input":{"@type":"PropertyValueSpecification","valueRequired":true,"valueName":"search_term_string"}}],"inLanguage":"en-US"},{"@type":"Organization","@id":"https:\/\/redkarawana.com\/#organization","name":"Red Karawana","url":"https:\/\/redkarawana.com\/","logo":{"@type":"ImageObject","inLanguage":"en-US","@id":"https:\/\/redkarawana.com\/#\/schema\/logo\/image\/","url":"https:\/\/redkarawana.com\/wp-content\/uploads\/2025\/05\/cropped-Screenshot-2025-05-29-at-09.27.38.png","contentUrl":"https:\/\/redkarawana.com\/wp-content\/uploads\/2025\/05\/cropped-Screenshot-2025-05-29-at-09.27.38.png","width":512,"height":512,"caption":"Red Karawana"},"image":{"@id":"https:\/\/redkarawana.com\/#\/schema\/logo\/image\/"},"sameAs":["https:\/\/www.facebook.com\/redkarawana\/","https:\/\/www.instagram.com\/redkarawana\/","https:\/\/www.youtube.com\/channel\/UCU9jXzSmyKm4ZZv38FEXGKg","https:\/\/www.pinterest.com\/redkarawana\/"]}]}},"_links":{"self":[{"href":"https:\/\/redkarawana.com\/index.php?rest_route=\/wp\/v2\/product\/4094","targetHints":{"allow":["GET"]}}],"collection":[{"href":"https:\/\/redkarawana.com\/index.php?rest_route=\/wp\/v2\/product"}],"about":[{"href":"https:\/\/redkarawana.com\/index.php?rest_route=\/wp\/v2\/types\/product"}],"wp:featuredmedia":[{"embeddable":true,"href":"https:\/\/redkarawana.com\/index.php?rest_route=\/wp\/v2\/media\/4078"}],"wp:attachment":[{"href":"https:\/\/redkarawana.com\/index.php?rest_route=%2Fwp%2Fv2%2Fmedia&parent=4094"}],"wp:term":[{"taxonomy":"product_brand","embeddable":true,"href":"https:\/\/redkarawana.com\/index.php?rest_route=%2Fwp%2Fv2%2Fproduct_brand&post=4094"},{"taxonomy":"product_cat","embeddable":true,"href":"https:\/\/redkarawana.com\/index.php?rest_route=%2Fwp%2Fv2%2Fproduct_cat&post=4094"},{"taxonomy":"product_tag","embeddable":true,"href":"https:\/\/redkarawana.com\/index.php?rest_route=%2Fwp%2Fv2%2Fproduct_tag&post=4094"}],"curies":[{"name":"wp","href":"https:\/\/api.w.org\/{rel}","templated":true}]}}