{"id":1502,"date":"2025-12-01T01:20:47","date_gmt":"2025-12-01T01:20:47","guid":{"rendered":"https:\/\/redkarawana.com\/warunki-uzytkowania\/"},"modified":"2025-12-13T01:12:57","modified_gmt":"2025-12-13T01:12:57","slug":"warunki-uzytkowania","status":"publish","type":"page","link":"https:\/\/redkarawana.com\/pl\/warunki-uzytkowania\/","title":{"rendered":"Warunki U\u017cytkowania"},"content":{"rendered":"\n<p>Notatka: Niniejsze Warunki U\u017cytkowania w j\u0119zyku polskim zosta\u0142y przet\u0142umaczone z wersji angielskiej znajduj\u0105cej si\u0119 w Witrynie Internetowej Red Karawana. Wersja angielska ma pierwsze\u0144stwo przed wersj\u0105 polsk\u0105. U\u017cytkownicy korzystaj\u0105cy z witryny internetowej redkarawana.com (\u201eWitryna Internetowa\u201d) wyra\u017caj\u0105 zgod\u0119 na przestrzeganie niniejszych Warunk\u00f3w U\u017cytkowania (\u201eWarunki\u201d) i s\u0105 odpowiedzialni za przestrzeganie wszystkich obowi\u0105zuj\u0105cych praw i przepis\u00f3w. Witryna Internetowa jest obs\u0142ugiwana przez firm\u0119 Red Karawana LLC (\u201eRed Karawana\u201d). Ca\u0142a zawarto\u015b\u0107 tej Witryny Internetowej, w tym informacje, materia\u0142y, us\u0142ugi i produkty, jest udost\u0119pniana wszystkim u\u017cytkownikom pod warunkiem akceptacji wszystkich warunk\u00f3w. Dalsze korzystanie z Witryny Internetowej oznacza zgod\u0119 na niniejsze Warunki U\u017cytkowania.   <\/p>\n\n<h3 class=\"wp-block-heading\">Licencja do U\u017cytkowania Witryny Internetowej<\/h3>\n\n<p>Ca\u0142a zawarto\u015b\u0107 tej Witryny Internetowej (w tym mi\u0119dzy innymi: logo, tekst, obrazy, zdj\u0119cia, ikony, t\u0142umaczenia, kod witryny) nale\u017cy do firmy Red Karawana i jest jej w\u0142asno\u015bci\u0105 i jest chroniona prawami w\u0142asno\u015bci intelektualnej, w tym prawem autorskim i prawem dotycz\u0105cym znak\u00f3w towarowych. Pozwolenie zosta\u0142o udzielone do tymczasowego pobrania jednej kopii materia\u0142\u00f3w ze strony internetowej na w\u0142asny u\u017cytek, wy\u0142\u0105cznie do wgl\u0105du niekomercyjnego. \u017badna tre\u015b\u0107 zawarta w tej Witrynie Internetowej nie mo\u017ce by\u0107 ponownie publikowana, powielana, duplikowana, kopiowana ani wykorzystywana w celach komercyjnych. Jakiekolwiek wykorzystanie tre\u015bci zawartych na tej Witrynie Internetowej w celach konkurencyjnych wobec Red Karawana jest zabronione. Red Karawana mo\u017ce wypowiedzie\u0107 niniejsz\u0105 licencj\u0119 w dowolnym momencie, a licencja wygasa automatycznie w przypadku naruszenia kt\u00f3regokolwiek z ogranicze\u0144. Wszelkie prawa s\u0105 zastrze\u017cone, a ca\u0142a zawarto\u015b\u0107 jest chroniona prawem autorskim Stan\u00f3w Zjednoczonych i innych kraj\u00f3w.     <\/p>\n\n<h3 class=\"wp-block-heading\">Linki Zewn\u0119trzne<\/h3>\n\n<p>Niniejsza Witryna Internetowa mo\u017ce zawiera\u0107 linki do innych witryn internetowych, kt\u00f3re s\u0105 oferowane wy\u0142\u0105cznie u\u017cytkownikom Witryny Internetowej w celach informacyjnych. Red Karawana nie ponosi odpowiedzialno\u015bci za strony, do kt\u00f3rych prowadz\u0105 linki, za zawarto\u015b\u0107 kt\u00f3rejkolwiek z tych witryn internetowych ani za us\u0142ugi i produkty oferowane poprzez te witryny internetowe. Red Karawana udost\u0119pnia materia\u0142y zawarte w tej Witrynie Internetowej bez jakichkolwiek gwarancji, wyra\u017anych lub dorozumianych. Zamieszczenie jakiegokolwiek linku nie oznacza poparcia tych witryn internetowych przez firm\u0119 Red Karawana. Red Karawana mo\u017ce zaktualizowa\u0107 materia\u0142 w dowolnym momencie i bez powiadomienia. U\u017cytkownicy tej Witryny Internetowej bior\u0105 na siebie ca\u0142e ryzyko i odpowiedzialno\u015b\u0107 za korzystanie z Witryny Internetowej i materia\u0142\u00f3w.      <\/p>\n\n<h3 class=\"wp-block-heading\">Zastrze\u017cenie Gwarancyjne<\/h3>\n\n<p>Ca\u0142a zawarto\u015b\u0107 tej Witryny Internetowej, w tym informacje, materia\u0142y, us\u0142ugi i produkty, s\u0105 dostarczane przez firm\u0119 Red Karawana \u201eTAK JAK JEST\u201d. Red Karawana nie sk\u0142ada \u017cadnych o\u015bwiadcze\u0144 ani nie udziela \u017cadnych gwarancji, wyra\u017anych ani dorozumianych, co do korzystania z tej Witryny Internetowej lub korzystania z wszelkich tre\u015bci, w tym informacji, materia\u0142\u00f3w, us\u0142ug i produkt\u00f3w udost\u0119pnianych w tej Witrynie Internetowej. Red Karawana nie gwarantuje, \u017ce jakakolwiek tre\u015b\u0107 zawarta w tej Witrynie Internetowej jest kompletna, dok\u0142adna, rzetelna i aktualna. Red Karawana mo\u017ce w dowolnym momencie i bez uprzedzenia wprowadza\u0107 zmiany we wszelkich tre\u015bciach udost\u0119pnianych w tej Witrynie Internetowej, w tym w informacjach, materia\u0142ach, us\u0142ugach i produktach. Red Karawana nie ponosi odpowiedzialno\u015bci za jakiekolwiek szkody powsta\u0142e w zwi\u0105zku z korzystaniem z tej Witryny Internetowej lub jakichkolwiek tre\u015bci (w tym informacji, materia\u0142\u00f3w, us\u0142ug i produkt\u00f3w) udost\u0119pnianych za po\u015brednictwem tej Witryny Internetowej.     <\/p>\n\n<h3 class=\"wp-block-heading\">Zmiany Warunk\u00f3w<\/h3>\n\n<p>Red Karawana zastrzega sobie prawo do zmiany niniejszych Warunk\u00f3w U\u017cytkowania w dowolnym momencie i bez uprzedzenia oraz opublikowanie zmienionych Warunk\u00f3w w tej Witrynie Internetowej. Zmiany te zaczn\u0105 obowi\u0105zywa\u0107 natychmiast. Red Karawana zach\u0119ca Ci\u0119 do okresowego przegl\u0105dania niniejszych Warunk\u00f3w w celu uzyskania informacji o wszelkich aktualizacjach. Dalsze korzystanie z tej Witryny po opublikowanych zmianach oznacza akceptacj\u0119 zmienionych Warunk\u00f3w.   <\/p>\n\n<h3 class=\"wp-block-heading\">Regulamin Subskrypcji<\/h3>\n\n<p>Termin \u201eprodukt cyfrowy\u201d odnosi si\u0119 do produkt\u00f3w cyfrowych dost\u0119pnych w Witrynie Internetowej redkarawana.com. Z subskrypcji mog\u0105 korzysta\u0107 osoby, kt\u00f3re osi\u0105gn\u0119\u0142y minimalny wiek wymagany prawem do zawarcia umowy. Zgadzasz si\u0119 zap\u0142aci\u0107 cen\u0119 podan\u0105 w momencie sk\u0142adania zam\u00f3wienia, a tak\u017ce wszelkie obowi\u0105zuj\u0105ce podatki. Kupuj\u0105c zam\u00f3wienie cykliczne (\u201esubskrypcja\u201d) na redkarawana.com, potwierdzasz, \u017ce Twoja subskrypcja zostanie automatycznie odnowiona, a Twoja karta kredytowa zostanie obci\u0105\u017cona cen\u0105 subskrypcji z okre\u015blon\u0105 cz\u0119stotliwo\u015bci\u0105 (np. co miesi\u0105c lub co rok) do czasu anulowania subskrypcji. Op\u0142ata b\u0119dzie nadal pobierana wed\u0142ug podanej ceny (w tym wszelkich obowi\u0105zuj\u0105cych podatk\u00f3w), chyba \u017ce przed ko\u0144cem bie\u017c\u0105cego okresu subskrypcji: (a) anulujesz subskrypcj\u0119; (b) odmawiamy odnowienia Twojej subskrypcji. Subskrypcji nie mo\u017cna odsprzedawa\u0107 ani przenosi\u0107.       <\/p>\n\n<p>Red Karawana mo\u017ce w dowolnym momencie zmieni\u0107 warunki subskrypcji lub op\u0142aty abonamentowe. Je\u015bli nie chcesz kontynuowa\u0107 subskrypcji po wprowadzeniu nowych modyfikacji, mo\u017cesz anulowa\u0107 subskrypcj\u0119. Je\u015bli zaakceptujesz now\u0105 subskrypcj\u0119, obowi\u0105zywa\u0107 b\u0119d\u0105 warunki subskrypcji. Je\u015bli Twoja transakcja p\u0142atnicza nie mo\u017ce zosta\u0107 przetworzona, zastrzegamy sobie prawo do zawieszenia, wy\u0142\u0105czenia, anulowania lub zako\u0144czenia Twojego dost\u0119pu lub anulowania subskrypcji. Zastrzegamy sobie prawo do anulowania kont u\u017cytkownik\u00f3w wed\u0142ug w\u0142asnego uznania.    <\/p>\n\n<p>Mo\u017cesz anulowa\u0107 subskrypcj\u0119 i w\u0142asne konto. Anuluj\u0105c subskrypcj\u0119, anulujesz tylko przysz\u0142e op\u0142aty zwi\u0105zane z Twoj\u0105 subskrypcj\u0105. Mo\u017cesz zainicjowa\u0107 anulowanie w dowolnym momencie, ale anulowanie stanie si\u0119 skuteczne z ko\u0144cem bie\u017c\u0105cego okresu rozliczeniowego.   <\/p>\n\n<p>Wyra\u017casz zgod\u0119 na otrzymywanie od nas powiadomie\u0144 drog\u0105 elektroniczn\u0105 na podany przez Ciebie adres e-mail. Zgadzasz si\u0119, \u017ce wszystkie powiadomienia i inna komunikacja, kt\u00f3r\u0105 przekazujemy Ci drog\u0105 elektroniczn\u0105, spe\u0142niaj\u0105 wszelkie wymogi prawne. <\/p>\n\n<h3 class=\"wp-block-heading\">Zasady Wysy\u0142ki<\/h3>\n\n<p>Wysy\u0142amy zam\u00f3wienia na adresy pocztowe w kontynentalnych Stanach Zjednoczonych. Nie wysy\u0142amy zam\u00f3wie\u0144 do lokalizacji poza kontynentem (Hawaje, Portoryko i inne terytoria USA). Nie wysy\u0142amy zam\u00f3wie\u0144 na P.O. skrzynki i adresy poza Stanami Zjednoczonymi. Jako przewo\u017anika u\u017cywamy United State Postal Service (USPS) i oferujemy wysy\u0142k\u0119 l\u0105dow\u0105 wed\u0142ug USPS stawki rycza\u0142towej.   <\/p>\n\n<p>Pomy\u015blnie z\u0142o\u017cone zam\u00f3wienia otrzymaj\u0105 e-mail z potwierdzeniem zawieraj\u0105cym szczeg\u00f3\u0142y zam\u00f3wienia. Je\u015bli nie otrzymasz wiadomo\u015bci e-mail, sprawd\u017a filtr spamu lub skontaktuj si\u0119 z nami w celu potwierdzenia. Sprawd\u017a, czy Tw\u00f3j adres wysy\u0142ki jest poprawny, poniewa\u017c nie mo\u017cemy wprowadzi\u0107 zmian w Twoim zam\u00f3wieniu po jego wys\u0142aniu. Nie ponosimy odpowiedzialno\u015bci za brak dostawy z powodu b\u0142\u0119d\u00f3w w podanym adresie. Je\u015bli zam\u00f3wienie zostanie zwr\u00f3cone z powodu nieprawid\u0142owego adresu, zwr\u00f3cimy kwot\u0119 pierwotnego zam\u00f3wienia (z wy\u0142\u0105czeniem op\u0142aty za wysy\u0142k\u0119).    <\/p>\n\n<p>Po wys\u0142aniu zam\u00f3wienia otrzymasz wiadomo\u015b\u0107 e-mail z potwierdzeniem wysy\u0142ki. Obecnie dostawa zam\u00f3wie\u0144 mo\u017ce zaj\u0105\u0107 5\u201310 dni roboczych. Je\u015bli nie otrzyma\u0142e\u015b zam\u00f3wienia lub brakuje Ci produkt\u00f3w, skontaktuj si\u0119 z nami w ci\u0105gu 30 dni od daty zam\u00f3wienia. Je\u017celi w ci\u0105gu 30 dni nie zg\u0142osisz problem\u00f3w z dostaw\u0105, nie b\u0119dziemy mogli zwr\u00f3ci\u0107 Ci pieni\u0119dzy. Je\u015bli zam\u00f3wienie dotar\u0142o uszkodzone, skontaktuj si\u0119 z nami jak najszybciej, podaj\u0105c numer zam\u00f3wienia i zdj\u0119cie przedstawiaj\u0105ce stan produktu. Rozwi\u0105zujemy te problemy indywidualnie.     <\/p>\n\n<h3 class=\"wp-block-heading\">Regulamin Zwrot\u00f3w<\/h3>\n\n<p>Wszystkie zwroty podlegaj\u0105 warunkom naszego regulaminu zwrot\u00f3w. Je\u015bli nie b\u0119dziesz usatysfakcjonowany zakupem dowolnego produktu, wy\u015blij nam wiadomo\u015b\u0107 za po\u015brednictwem formularza kontaktowego. Produkty zakupione w Witrynie Internetowej nale\u017cy zwr\u00f3ci\u0107 w ci\u0105gu 30 dni od daty zam\u00f3wienia. Produkty musz\u0105 zosta\u0107 zwr\u00f3cone w oryginalnym opakowaniu, nie mog\u0105 by\u0107 noszone, nie mog\u0105 by\u0107 u\u017cywane, zmieniane lub uszkodzone. Zwrot p\u0142atno\u015bci zostanie dokonany po otrzymaniu zwr\u00f3conych produkt\u00f3w. Wszelkie produkty, kt\u00f3re s\u0105 uszkodzone w momencie ich otrzymania, nie kwalifikuj\u0105 si\u0119 do zwrotu p\u0142atno\u015bci. Zwroty p\u0142atno\u015bci nie obejmuj\u0105 \u017cadnych op\u0142at za wysy\u0142k\u0119 ani obs\u0142ug\u0119. Zwrot p\u0142atno\u015bci zostanie przelany na Twoj\u0105 pierwotn\u0105 form\u0119 p\u0142atno\u015bci.       <\/p>\n\n<p>Zwroty s\u0105 zazwyczaj realizowane w ci\u0105gu 10-14 dni roboczych, a zwrotu p\u0142atno\u015bci mo\u017cna spodziewa\u0107 si\u0119 w ci\u0105gu 3-5 dni roboczych po przetworzeniu. P\u00f3\u017ane zwroty nie s\u0105 akceptowane. Pami\u0119taj, \u017ce jeste\u015b odpowiedzialny za wysy\u0142k\u0119 zwr\u00f3conych produkt\u00f3w i op\u0142aty za wysy\u0142k\u0119 zwrotn\u0105. Dokonanie zakupu i akceptacja warunk\u00f3w zakupu oznacza, \u017ce zgadzasz si\u0119 i rozumiesz nasz regulamin zwrot\u00f3w.   <\/p>\n\n<h3 class=\"wp-block-heading\">Produkty Rzemie\u015blnicze<\/h3>\n\n<p>Butik Red Karawana oferuje produkty rzemie\u015blnicze i r\u0119cznie robione z ca\u0142ego \u015bwiata. Oferujemy wyj\u0105tkowe r\u0119kodzie\u0142a, pi\u0119kne przedmioty i produkty jedyne w swoim rodzaju. Nasze produkty s\u0105 projektowane przez rzemie\u015blnik\u00f3w, a r\u00f3\u017cnorodne produkty s\u0105 wykonane r\u0119cznie; dlatego mog\u0105 r\u00f3\u017cni\u0107 si\u0119 rozmiarem, kszta\u0142tem i kolorem. Nasze produkty rzemie\u015blnicze mog\u0105 posiada\u0107 drobne niedoskona\u0142o\u015bci, kt\u00f3re nie maj\u0105 wp\u0142ywu na estetyk\u0119 i u\u017cytkowanie produkt\u00f3w. Oferujemy ograniczon\u0105 ilo\u015b\u0107 produkt\u00f3w; dlatego obecnie nie oferujemy wymiany produkt\u00f3w. Je\u015bli nie jeste\u015b zadowolony z produktu, obowi\u0105zuje nasz standardowy 30-dniowy regulamin zwrot\u00f3w. Ponadto niekt\u00f3re produkty obj\u0119te wyprzeda\u017c\u0105 stanowi\u0105 sprzeda\u017c ostateczn\u0105 i nie podlegaj\u0105 zwrotowi.      <\/p>\n","protected":false},"excerpt":{"rendered":"<p>Notatka: Niniejsze Warunki U\u017cytkowania w j\u0119zyku polskim zosta\u0142y przet\u0142umaczone z wersji angielskiej znajduj\u0105cej si\u0119 w Witrynie Internetowej Red Karawana. Wersja angielska ma pierwsze\u0144stwo przed wersj\u0105 polsk\u0105. U\u017cytkownicy korzystaj\u0105cy z witryny internetowej redkarawana.com (\u201eWitryna Internetowa\u201d) wyra\u017caj\u0105 zgod\u0119 na przestrzeganie niniejszych Warunk\u00f3w U\u017cytkowania (\u201eWarunki\u201d) i s\u0105 odpowiedzialni za przestrzeganie wszystkich obowi\u0105zuj\u0105cych praw i przepis\u00f3w. Witryna Internetowa jest [&hellip;]<\/p>\n","protected":false},"author":1,"featured_media":0,"parent":0,"menu_order":74,"comment_status":"closed","ping_status":"closed","template":"","meta":{"_acf_changed":false,"footnotes":""},"class_list":["post-1502","page","type-page","status-publish","hentry"],"acf":[],"yoast_head":"<!-- This site is optimized with the Yoast SEO plugin v27.4 - https:\/\/yoast.com\/product\/yoast-seo-wordpress\/ -->\n<title>Warunki U\u017cytkowania - Red Karawana<\/title>\n<meta name=\"description\" content=\"U\u017cytkownicy korzystaj\u0105cy z witryny internetowej redkarawana.com wyra\u017caj\u0105 zgod\u0119 na przestrzeganie niniejszych Warunk\u00f3w U\u017cytkowania (\u201eWarunki\u201d).\" \/>\n<meta name=\"robots\" content=\"index, follow, max-snippet:-1, max-image-preview:large, max-video-preview:-1\" \/>\n<link rel=\"canonical\" href=\"https:\/\/redkarawana.com\/pl\/warunki-uzytkowania\/\" \/>\n<meta property=\"og:locale\" content=\"pl_PL\" \/>\n<meta property=\"og:type\" content=\"article\" \/>\n<meta property=\"og:title\" content=\"Warunki U\u017cytkowania \u2013 Red Karawana\" \/>\n<meta property=\"og:description\" content=\"U\u017cytkownicy korzystaj\u0105cy z witryny internetowej redkarawana.com wyra\u017caj\u0105 zgod\u0119 na przestrzeganie niniejszych Warunk\u00f3w U\u017cytkowania (\u201eWarunki\u201d).\" \/>\n<meta property=\"og:url\" content=\"https:\/\/redkarawana.com\/pl\/warunki-uzytkowania\/\" \/>\n<meta property=\"og:site_name\" content=\"Red Karawana\" \/>\n<meta property=\"article:publisher\" content=\"https:\/\/www.facebook.com\/redkarawana\/\" \/>\n<meta property=\"article:modified_time\" content=\"2025-12-13T01:12:57+00:00\" \/>\n<meta name=\"twitter:card\" content=\"summary_large_image\" \/>\n<meta name=\"twitter:label1\" content=\"Szacowany czas czytania\" \/>\n\t<meta name=\"twitter:data1\" content=\"6 minut\" \/>\n<script type=\"application\/ld+json\" class=\"yoast-schema-graph\">{\"@context\":\"https:\\\/\\\/schema.org\",\"@graph\":[{\"@type\":\"WebPage\",\"@id\":\"https:\\\/\\\/redkarawana.com\\\/pl\\\/warunki-uzytkowania\\\/\",\"url\":\"https:\\\/\\\/redkarawana.com\\\/pl\\\/warunki-uzytkowania\\\/\",\"name\":\"Warunki U\u017cytkowania - Red Karawana\",\"isPartOf\":{\"@id\":\"https:\\\/\\\/redkarawana.com\\\/#website\"},\"datePublished\":\"2025-12-01T01:20:47+00:00\",\"dateModified\":\"2025-12-13T01:12:57+00:00\",\"description\":\"U\u017cytkownicy korzystaj\u0105cy z witryny internetowej redkarawana.com wyra\u017caj\u0105 zgod\u0119 na przestrzeganie niniejszych Warunk\u00f3w U\u017cytkowania (\u201eWarunki\u201d).\",\"breadcrumb\":{\"@id\":\"https:\\\/\\\/redkarawana.com\\\/pl\\\/warunki-uzytkowania\\\/#breadcrumb\"},\"inLanguage\":\"pl-PL\",\"potentialAction\":[{\"@type\":\"ReadAction\",\"target\":[\"https:\\\/\\\/redkarawana.com\\\/pl\\\/warunki-uzytkowania\\\/\"]}]},{\"@type\":\"BreadcrumbList\",\"@id\":\"https:\\\/\\\/redkarawana.com\\\/pl\\\/warunki-uzytkowania\\\/#breadcrumb\",\"itemListElement\":[{\"@type\":\"ListItem\",\"position\":1,\"name\":\"Home\",\"item\":\"https:\\\/\\\/redkarawana.com\\\/pl\\\/\"},{\"@type\":\"ListItem\",\"position\":2,\"name\":\"Warunki U\u017cytkowania\"}]},{\"@type\":\"WebSite\",\"@id\":\"https:\\\/\\\/redkarawana.com\\\/#website\",\"url\":\"https:\\\/\\\/redkarawana.com\\\/\",\"name\":\"Red Karawana\",\"description\":\"\",\"publisher\":{\"@id\":\"https:\\\/\\\/redkarawana.com\\\/#organization\"},\"potentialAction\":[{\"@type\":\"SearchAction\",\"target\":{\"@type\":\"EntryPoint\",\"urlTemplate\":\"https:\\\/\\\/redkarawana.com\\\/?s={search_term_string}\"},\"query-input\":{\"@type\":\"PropertyValueSpecification\",\"valueRequired\":true,\"valueName\":\"search_term_string\"}}],\"inLanguage\":\"pl-PL\"},{\"@type\":\"Organization\",\"@id\":\"https:\\\/\\\/redkarawana.com\\\/#organization\",\"name\":\"Red Karawana\",\"url\":\"https:\\\/\\\/redkarawana.com\\\/\",\"logo\":{\"@type\":\"ImageObject\",\"inLanguage\":\"pl-PL\",\"@id\":\"https:\\\/\\\/redkarawana.com\\\/#\\\/schema\\\/logo\\\/image\\\/\",\"url\":\"https:\\\/\\\/redkarawana.com\\\/wp-content\\\/uploads\\\/2025\\\/05\\\/cropped-Screenshot-2025-05-29-at-09.27.38.png\",\"contentUrl\":\"https:\\\/\\\/redkarawana.com\\\/wp-content\\\/uploads\\\/2025\\\/05\\\/cropped-Screenshot-2025-05-29-at-09.27.38.png\",\"width\":512,\"height\":512,\"caption\":\"Red Karawana\"},\"image\":{\"@id\":\"https:\\\/\\\/redkarawana.com\\\/#\\\/schema\\\/logo\\\/image\\\/\"},\"sameAs\":[\"https:\\\/\\\/www.facebook.com\\\/redkarawana\\\/\",\"https:\\\/\\\/www.instagram.com\\\/redkarawana\\\/\",\"https:\\\/\\\/www.youtube.com\\\/channel\\\/UCU9jXzSmyKm4ZZv38FEXGKg\",\"https:\\\/\\\/www.pinterest.com\\\/redkarawana\\\/\"]}]}<\/script>\n<!-- \/ Yoast SEO plugin. -->","yoast_head_json":{"title":"Warunki U\u017cytkowania - Red Karawana","description":"U\u017cytkownicy korzystaj\u0105cy z witryny internetowej redkarawana.com wyra\u017caj\u0105 zgod\u0119 na przestrzeganie niniejszych Warunk\u00f3w U\u017cytkowania (\u201eWarunki\u201d).","robots":{"index":"index","follow":"follow","max-snippet":"max-snippet:-1","max-image-preview":"max-image-preview:large","max-video-preview":"max-video-preview:-1"},"canonical":"https:\/\/redkarawana.com\/pl\/warunki-uzytkowania\/","og_locale":"pl_PL","og_type":"article","og_title":"Warunki U\u017cytkowania \u2013 Red Karawana","og_description":"U\u017cytkownicy korzystaj\u0105cy z witryny internetowej redkarawana.com wyra\u017caj\u0105 zgod\u0119 na przestrzeganie niniejszych Warunk\u00f3w U\u017cytkowania (\u201eWarunki\u201d).","og_url":"https:\/\/redkarawana.com\/pl\/warunki-uzytkowania\/","og_site_name":"Red Karawana","article_publisher":"https:\/\/www.facebook.com\/redkarawana\/","article_modified_time":"2025-12-13T01:12:57+00:00","twitter_card":"summary_large_image","twitter_misc":{"Szacowany czas czytania":"6 minut"},"schema":{"@context":"https:\/\/schema.org","@graph":[{"@type":"WebPage","@id":"https:\/\/redkarawana.com\/pl\/warunki-uzytkowania\/","url":"https:\/\/redkarawana.com\/pl\/warunki-uzytkowania\/","name":"Warunki U\u017cytkowania - Red Karawana","isPartOf":{"@id":"https:\/\/redkarawana.com\/#website"},"datePublished":"2025-12-01T01:20:47+00:00","dateModified":"2025-12-13T01:12:57+00:00","description":"U\u017cytkownicy korzystaj\u0105cy z witryny internetowej redkarawana.com wyra\u017caj\u0105 zgod\u0119 na przestrzeganie niniejszych Warunk\u00f3w U\u017cytkowania (\u201eWarunki\u201d).","breadcrumb":{"@id":"https:\/\/redkarawana.com\/pl\/warunki-uzytkowania\/#breadcrumb"},"inLanguage":"pl-PL","potentialAction":[{"@type":"ReadAction","target":["https:\/\/redkarawana.com\/pl\/warunki-uzytkowania\/"]}]},{"@type":"BreadcrumbList","@id":"https:\/\/redkarawana.com\/pl\/warunki-uzytkowania\/#breadcrumb","itemListElement":[{"@type":"ListItem","position":1,"name":"Home","item":"https:\/\/redkarawana.com\/pl\/"},{"@type":"ListItem","position":2,"name":"Warunki U\u017cytkowania"}]},{"@type":"WebSite","@id":"https:\/\/redkarawana.com\/#website","url":"https:\/\/redkarawana.com\/","name":"Red Karawana","description":"","publisher":{"@id":"https:\/\/redkarawana.com\/#organization"},"potentialAction":[{"@type":"SearchAction","target":{"@type":"EntryPoint","urlTemplate":"https:\/\/redkarawana.com\/?s={search_term_string}"},"query-input":{"@type":"PropertyValueSpecification","valueRequired":true,"valueName":"search_term_string"}}],"inLanguage":"pl-PL"},{"@type":"Organization","@id":"https:\/\/redkarawana.com\/#organization","name":"Red Karawana","url":"https:\/\/redkarawana.com\/","logo":{"@type":"ImageObject","inLanguage":"pl-PL","@id":"https:\/\/redkarawana.com\/#\/schema\/logo\/image\/","url":"https:\/\/redkarawana.com\/wp-content\/uploads\/2025\/05\/cropped-Screenshot-2025-05-29-at-09.27.38.png","contentUrl":"https:\/\/redkarawana.com\/wp-content\/uploads\/2025\/05\/cropped-Screenshot-2025-05-29-at-09.27.38.png","width":512,"height":512,"caption":"Red Karawana"},"image":{"@id":"https:\/\/redkarawana.com\/#\/schema\/logo\/image\/"},"sameAs":["https:\/\/www.facebook.com\/redkarawana\/","https:\/\/www.instagram.com\/redkarawana\/","https:\/\/www.youtube.com\/channel\/UCU9jXzSmyKm4ZZv38FEXGKg","https:\/\/www.pinterest.com\/redkarawana\/"]}]}},"_links":{"self":[{"href":"https:\/\/redkarawana.com\/pl\/wp-json\/wp\/v2\/pages\/1502","targetHints":{"allow":["GET"]}}],"collection":[{"href":"https:\/\/redkarawana.com\/pl\/wp-json\/wp\/v2\/pages"}],"about":[{"href":"https:\/\/redkarawana.com\/pl\/wp-json\/wp\/v2\/types\/page"}],"author":[{"embeddable":true,"href":"https:\/\/redkarawana.com\/pl\/wp-json\/wp\/v2\/users\/1"}],"replies":[{"embeddable":true,"href":"https:\/\/redkarawana.com\/pl\/wp-json\/wp\/v2\/comments?post=1502"}],"version-history":[{"count":2,"href":"https:\/\/redkarawana.com\/pl\/wp-json\/wp\/v2\/pages\/1502\/revisions"}],"predecessor-version":[{"id":1616,"href":"https:\/\/redkarawana.com\/pl\/wp-json\/wp\/v2\/pages\/1502\/revisions\/1616"}],"wp:attachment":[{"href":"https:\/\/redkarawana.com\/pl\/wp-json\/wp\/v2\/media?parent=1502"}],"curies":[{"name":"wp","href":"https:\/\/api.w.org\/{rel}","templated":true}]}}