{"id":1528,"date":"2025-12-01T02:20:34","date_gmt":"2025-12-01T02:20:34","guid":{"rendered":"https:\/\/redkarawana.com\/polityka-prywatnosci\/"},"modified":"2025-12-13T07:38:21","modified_gmt":"2025-12-13T07:38:21","slug":"polityka-prywatnosci","status":"publish","type":"page","link":"https:\/\/redkarawana.com\/pl\/polityka-prywatnosci\/","title":{"rendered":"Polityka Prywatno\u015bci"},"content":{"rendered":"\n<p>Notatka: Niniejsza Polityka Prywatno\u015bci w j\u0119zyku polskim zosta\u0142a przet\u0142umaczona z wersji angielskiej znajduj\u0105cej si\u0119 w Witrynie Internetowej Red Karawana. Wersja angielska ma pierwsze\u0144stwo przed wersj\u0105 polsk\u0105. U\u017cytkownicy korzystaj\u0105cy z witryny internetowej redkarawana.com (\u201eWitryna\u201d) wyra\u017caj\u0105 zgod\u0119 na przestrzeganie niniejszej Polityki Prywatno\u015bci. Witryna Internetowa jest obs\u0142ugiwana przez firm\u0119 Red Karawana LLC (\u201eRed Karawana\u201d). Red Karawana dok\u0142ada wszelkich stara\u0144, aby chroni\u0107 Twoj\u0105 Prywatno\u015b\u0107. Poni\u017csza Polityka Prywatno\u015bci opisuje, w jaki spos\u00f3b zbieramy, wykorzystujemy i udost\u0119pniamy Twoje dane osobowe w trakcie korzystania przez Ciebie z tej Witryny Internetowej oraz Twoich interakcji z tre\u015bciami, us\u0142ugami i produktami udost\u0119pnianymi za po\u015brednictwem tej Witryny Internetowej. Dzia\u0142alno\u015b\u0107 cyfrowa Red Karawana jest prowadzona w ca\u0142o\u015bci lub w cz\u0119\u015bci w Stanach Zjednoczonych. Niezale\u017cnie od tego, gdzie mieszkasz, wyra\u017casz zgod\u0119 na gromadzenie, przetwarzanie i przechowywanie Twoich danych osobowych w Stanach Zjednoczonych oraz zezwalasz firmie Red Karawana na wykorzystywanie i gromadzenie Twoich danych osobowych zgodnie z niniejsz\u0105 Polityk\u0105 Prywatno\u015bci.     <\/p>\n\n<h3 class=\"wp-block-heading\">Informacje Gromadzone<\/h3>\n\n<p>Gromadzimy i przechowujemy niekt\u00f3re lub wszystkie z poni\u017cszych typ\u00f3w danych osobowych, kt\u00f3re nam udost\u0119pniasz podczas korzystania z tej Witryny Internetowej lub jakiekolwiek tre\u015bci, us\u0142ugi i produkty udost\u0119pniane w tej Witrynie Internetowej. Mo\u017cemy gromadzi\u0107 okre\u015blone rodzaje danych osobowych: imi\u0119 i nazwisko, adres rozliczeniowy, adres wysy\u0142ki, adres e-mail, numer telefonu, informacje o p\u0142atno\u015bci kart\u0105 kredytow\u0105 i dane do wysy\u0142ki. Mo\u017cemy r\u00f3wnie\u017c prowadzi\u0107 rejestr zakup\u00f3w Twoich produkt\u00f3w. Mo\u017cemy automatycznie zbiera\u0107 i przechowywa\u0107 pewne inne informacje nieosobowe, takie jak adres protoko\u0142u internetowego (IP) i informacje o przegl\u0105darce, a tak\u017ce analizowa\u0107 te dane w celu statystyki u\u017cytkowania Witryny Internetowej.   <\/p>\n\n<h3 class=\"wp-block-heading\">Informacje Wykorzystane<\/h3>\n\n<p>Mo\u017cemy zbiera\u0107 informacje za pomoc\u0105 plik\u00f3w cookie i powi\u0105zanych technologii w celu poprawy komfortu u\u017cytkownik\u00f3w podczas wizyt w Witrynie Internetowej. \u201ePliki Cookie\u201d to ma\u0142e pliki tekstowe zawieraj\u0105ce ci\u0105g informacji wysy\u0142anych przez witryn\u0119 internetow\u0105 na dysk twardy u\u017cytkownika za po\u015brednictwem przegl\u0105darki w celu przechowywania danych. Mo\u017cemy wykorzystywa\u0107 zebrane informacje w celu ulepszania istniej\u0105cych tre\u015bci, us\u0142ug i produkt\u00f3w oraz personalizowania tre\u015bci w oparciu o cechy osobiste i preferencje. Mo\u017cemy ujawnia\u0107 i wykorzystywa\u0107 dane osobowe w celu egzekwowania Warunk\u00f3w Korzystania z tej Witryny Internetowej, w tym w celu ochrony praw w\u0142asno\u015bci intelektualnej. Wykorzystujemy dane osobowe do prowadzenia dzia\u0142alno\u015bci gospodarczej i komunikacji. Mo\u017cesz zdecydowa\u0107 si\u0119 na niepodanie pewnych informacji, co spowoduje ograniczenie korzystania z Witryny Internetowej. Abonenci tej Witryny Internetowej lub u\u017cytkownicy tre\u015bci, us\u0142ug i produkt\u00f3w udost\u0119pnianych za po\u015brednictwem tej Witryny Internetowej mog\u0105 otrzymywa\u0107 okre\u015blone rodzaje komunikacji, niezb\u0119dne do prowadzenia dzia\u0142alno\u015bci gospodarczej i utrzymywania konta w tej Witrynie Internetowej.      <\/p>\n\n<h3 class=\"wp-block-heading\">Prawa do Prywatno\u015bci<\/h3>\n\n<p>Red Karawana mo\u017ce udost\u0119pnia\u0107 i ujawnia\u0107 gromadzone przez nas dane osobowe okre\u015blonym stronom trzecim, je\u017celi takie strony trzecie \u015bwiadcz\u0105 us\u0142ugi w naszym imieniu. Us\u0142ugi \u015bwiadczone przez te osoby trzecie mog\u0105 obejmowa\u0107: obs\u0142ug\u0119 strony internetowej, hosting strony internetowej, autoryzacj\u0119 i przetwarzanie p\u0142atno\u015bci oraz realizacj\u0119 produkt\u00f3w. Te strony trzecie nie s\u0105 upowa\u017cnione do wykorzystywania ani ujawniania danych osobowych przekazanych nam w tej Witrynie Internetowej lub za jej po\u015brednictwem w jakimkolwiek innym celu ni\u017c \u015bwiadczenie wyznaczonych przez nas us\u0142ug. Mo\u017cemy udost\u0119pnia\u0107 i ujawnia\u0107 dane osobowe organom \u015bcigania lub innym stronom trzecim w celu ochrony i obrony naszych praw oraz praw os\u00f3b trzecich, a tak\u017ce w celu wywi\u0105zania si\u0119 z wszelkich obowi\u0105zk\u00f3w prawnych. Zastrzegamy sobie prawo do przechowywania wszelkich danych osobowych tak d\u0142ugo, jak jest to zasadnie konieczne do cel\u00f3w opisanych w niniejszej Polityce Prywatno\u015bci.    <\/p>\n\n<h3 class=\"wp-block-heading\">Linki Zewn\u0119trzne<\/h3>\n\n<p>Red Karawana mo\u017ce zawiera\u0107 linki do lub z innych stron internetowych, do kt\u00f3rych nie ma zastosowania niniejsza Polityka Prywatno\u015bci (\u201eWitryny Powi\u0105zane\u201d). Korzystanie z Witryn Powi\u0105zanych b\u0119dzie podlega\u0107 warunkom u\u017cytkowania i polityce prywatno\u015bci wspomnianych w tych Witrynach Powi\u0105zanych. Zach\u0119camy do zapoznania si\u0119 z polityk\u0105 prywatno\u015bci ka\u017cdej odwiedzanej witryny internetowej.  <\/p>\n\n<h3 class=\"wp-block-heading\">Bezpiecze\u0144stwo<\/h3>\n\n<p>Red Karawana utrzymuje odpowiednie standardy techniczne i organizacyjne w celu ochrony Twoich danych osobowych. Poniewa\u017c nie ma strony internetowej ca\u0142kowicie bezpiecznej, nie mo\u017cemy zagwarantowa\u0107 bezpiecze\u0144stwa jakichkolwiek informacji ani nie mo\u017cemy zagwarantowa\u0107 nieuprawnionego dost\u0119pu. Zalecamy ka\u017cdorazow\u0105 ochron\u0119 danych osobowych poprzez korzystanie z bezpiecznej przegl\u0105darki internetowej i cz\u0119st\u0105 zmian\u0119 hase\u0142. Ponadto nie mamy kontroli ani odpowiedzialno\u015bci za praktyki dotycz\u0105ce bezpiecze\u0144stwa lub prywatno\u015bci stosowane w innych witrynach internetowych, kt\u00f3re odwiedzasz korzystaj\u0105c z link\u00f3w z tej Witryny Internetowej.   <\/p>\n\n<h3 class=\"wp-block-heading\">Modyfikacje Polityki Prywatno\u015bci<\/h3>\n\n<p>Red Karawana mo\u017ce zmieni\u0107 niniejsz\u0105 Polityk\u0119 Prywatno\u015bci w dowolnym momencie bez powiadamiania i opublikowa\u0107 zmienion\u0105 Polityk\u0119 Prywatno\u015bci w tej Witrynie Internetowej. Zmiany te zaczn\u0105 obowi\u0105zywa\u0107 natychmiast. Red Karawana zach\u0119ca do okresowego przegl\u0105dania niniejszej Polityki Prywatno\u015bci w celu uzyskania informacji o wszelkich aktualizacjach. Dalsze korzystanie z tej Witryny Internetowej po opublikowanych zmianach oznacza akceptacj\u0119 zmienionej Polityki Prywatno\u015bci.   <\/p>\n","protected":false},"excerpt":{"rendered":"<p>Notatka: Niniejsza Polityka Prywatno\u015bci w j\u0119zyku polskim zosta\u0142a przet\u0142umaczona z wersji angielskiej znajduj\u0105cej si\u0119 w Witrynie Internetowej Red Karawana. Wersja angielska ma pierwsze\u0144stwo przed wersj\u0105 polsk\u0105. U\u017cytkownicy korzystaj\u0105cy z witryny internetowej redkarawana.com (\u201eWitryna\u201d) wyra\u017caj\u0105 zgod\u0119 na przestrzeganie niniejszej Polityki Prywatno\u015bci. Witryna Internetowa jest obs\u0142ugiwana przez firm\u0119 Red Karawana LLC (\u201eRed Karawana\u201d). Red Karawana dok\u0142ada wszelkich [&hellip;]<\/p>\n","protected":false},"author":1,"featured_media":0,"parent":0,"menu_order":51,"comment_status":"closed","ping_status":"closed","template":"","meta":{"_acf_changed":false,"footnotes":""},"class_list":["post-1528","page","type-page","status-publish","hentry"],"acf":[],"yoast_head":"<!-- This site is optimized with the Yoast SEO plugin v27.4 - https:\/\/yoast.com\/product\/yoast-seo-wordpress\/ -->\n<title>Polityka Prywatno\u015bci - Red Karawana<\/title>\n<meta name=\"description\" content=\"U\u017cytkownicy odwiedzaj\u0105cy stron\u0119 internetow\u0105 redkarawana.com (\u201eStrona Internetowa\u201d) wyra\u017caj\u0105 zgod\u0119 na przestrzeganie niniejszej Polityki Prywatno\u015bci.\" \/>\n<meta name=\"robots\" content=\"index, follow, max-snippet:-1, max-image-preview:large, max-video-preview:-1\" \/>\n<link rel=\"canonical\" href=\"https:\/\/redkarawana.com\/pl\/polityka-prywatnosci\/\" \/>\n<meta property=\"og:locale\" content=\"pl_PL\" \/>\n<meta property=\"og:type\" content=\"article\" \/>\n<meta property=\"og:title\" content=\"Polityka Prywatno\u015bci \u2013 Red Karawana\" \/>\n<meta property=\"og:description\" content=\"U\u017cytkownicy odwiedzaj\u0105cy stron\u0119 internetow\u0105 redkarawana.com (\u201eStrona Internetowa\u201d) wyra\u017caj\u0105 zgod\u0119 na przestrzeganie niniejszej Polityki Prywatno\u015bci.\" \/>\n<meta property=\"og:url\" content=\"https:\/\/redkarawana.com\/pl\/polityka-prywatnosci\/\" \/>\n<meta property=\"og:site_name\" content=\"Red Karawana\" \/>\n<meta property=\"article:publisher\" content=\"https:\/\/www.facebook.com\/redkarawana\/\" \/>\n<meta property=\"article:modified_time\" content=\"2025-12-13T07:38:21+00:00\" \/>\n<meta name=\"twitter:card\" content=\"summary_large_image\" \/>\n<meta name=\"twitter:label1\" content=\"Szacowany czas czytania\" \/>\n\t<meta name=\"twitter:data1\" content=\"4 minuty\" \/>\n<script type=\"application\/ld+json\" class=\"yoast-schema-graph\">{\"@context\":\"https:\\\/\\\/schema.org\",\"@graph\":[{\"@type\":\"WebPage\",\"@id\":\"https:\\\/\\\/redkarawana.com\\\/pl\\\/polityka-prywatnosci\\\/\",\"url\":\"https:\\\/\\\/redkarawana.com\\\/pl\\\/polityka-prywatnosci\\\/\",\"name\":\"Polityka Prywatno\u015bci - Red Karawana\",\"isPartOf\":{\"@id\":\"https:\\\/\\\/redkarawana.com\\\/#website\"},\"datePublished\":\"2025-12-01T02:20:34+00:00\",\"dateModified\":\"2025-12-13T07:38:21+00:00\",\"description\":\"U\u017cytkownicy odwiedzaj\u0105cy stron\u0119 internetow\u0105 redkarawana.com (\u201eStrona Internetowa\u201d) wyra\u017caj\u0105 zgod\u0119 na przestrzeganie niniejszej Polityki Prywatno\u015bci.\",\"breadcrumb\":{\"@id\":\"https:\\\/\\\/redkarawana.com\\\/pl\\\/polityka-prywatnosci\\\/#breadcrumb\"},\"inLanguage\":\"pl-PL\",\"potentialAction\":[{\"@type\":\"ReadAction\",\"target\":[\"https:\\\/\\\/redkarawana.com\\\/pl\\\/polityka-prywatnosci\\\/\"]}]},{\"@type\":\"BreadcrumbList\",\"@id\":\"https:\\\/\\\/redkarawana.com\\\/pl\\\/polityka-prywatnosci\\\/#breadcrumb\",\"itemListElement\":[{\"@type\":\"ListItem\",\"position\":1,\"name\":\"Home\",\"item\":\"https:\\\/\\\/redkarawana.com\\\/pl\\\/\"},{\"@type\":\"ListItem\",\"position\":2,\"name\":\"Polityka Prywatno\u015bci\"}]},{\"@type\":\"WebSite\",\"@id\":\"https:\\\/\\\/redkarawana.com\\\/#website\",\"url\":\"https:\\\/\\\/redkarawana.com\\\/\",\"name\":\"Red Karawana\",\"description\":\"\",\"publisher\":{\"@id\":\"https:\\\/\\\/redkarawana.com\\\/#organization\"},\"potentialAction\":[{\"@type\":\"SearchAction\",\"target\":{\"@type\":\"EntryPoint\",\"urlTemplate\":\"https:\\\/\\\/redkarawana.com\\\/?s={search_term_string}\"},\"query-input\":{\"@type\":\"PropertyValueSpecification\",\"valueRequired\":true,\"valueName\":\"search_term_string\"}}],\"inLanguage\":\"pl-PL\"},{\"@type\":\"Organization\",\"@id\":\"https:\\\/\\\/redkarawana.com\\\/#organization\",\"name\":\"Red Karawana\",\"url\":\"https:\\\/\\\/redkarawana.com\\\/\",\"logo\":{\"@type\":\"ImageObject\",\"inLanguage\":\"pl-PL\",\"@id\":\"https:\\\/\\\/redkarawana.com\\\/#\\\/schema\\\/logo\\\/image\\\/\",\"url\":\"https:\\\/\\\/redkarawana.com\\\/wp-content\\\/uploads\\\/2025\\\/05\\\/cropped-Screenshot-2025-05-29-at-09.27.38.png\",\"contentUrl\":\"https:\\\/\\\/redkarawana.com\\\/wp-content\\\/uploads\\\/2025\\\/05\\\/cropped-Screenshot-2025-05-29-at-09.27.38.png\",\"width\":512,\"height\":512,\"caption\":\"Red Karawana\"},\"image\":{\"@id\":\"https:\\\/\\\/redkarawana.com\\\/#\\\/schema\\\/logo\\\/image\\\/\"},\"sameAs\":[\"https:\\\/\\\/www.facebook.com\\\/redkarawana\\\/\",\"https:\\\/\\\/www.instagram.com\\\/redkarawana\\\/\",\"https:\\\/\\\/www.youtube.com\\\/channel\\\/UCU9jXzSmyKm4ZZv38FEXGKg\",\"https:\\\/\\\/www.pinterest.com\\\/redkarawana\\\/\"]}]}<\/script>\n<!-- \/ Yoast SEO plugin. -->","yoast_head_json":{"title":"Polityka Prywatno\u015bci - Red Karawana","description":"U\u017cytkownicy odwiedzaj\u0105cy stron\u0119 internetow\u0105 redkarawana.com (\u201eStrona Internetowa\u201d) wyra\u017caj\u0105 zgod\u0119 na przestrzeganie niniejszej Polityki Prywatno\u015bci.","robots":{"index":"index","follow":"follow","max-snippet":"max-snippet:-1","max-image-preview":"max-image-preview:large","max-video-preview":"max-video-preview:-1"},"canonical":"https:\/\/redkarawana.com\/pl\/polityka-prywatnosci\/","og_locale":"pl_PL","og_type":"article","og_title":"Polityka Prywatno\u015bci \u2013 Red Karawana","og_description":"U\u017cytkownicy odwiedzaj\u0105cy stron\u0119 internetow\u0105 redkarawana.com (\u201eStrona Internetowa\u201d) wyra\u017caj\u0105 zgod\u0119 na przestrzeganie niniejszej Polityki Prywatno\u015bci.","og_url":"https:\/\/redkarawana.com\/pl\/polityka-prywatnosci\/","og_site_name":"Red Karawana","article_publisher":"https:\/\/www.facebook.com\/redkarawana\/","article_modified_time":"2025-12-13T07:38:21+00:00","twitter_card":"summary_large_image","twitter_misc":{"Szacowany czas czytania":"4 minuty"},"schema":{"@context":"https:\/\/schema.org","@graph":[{"@type":"WebPage","@id":"https:\/\/redkarawana.com\/pl\/polityka-prywatnosci\/","url":"https:\/\/redkarawana.com\/pl\/polityka-prywatnosci\/","name":"Polityka Prywatno\u015bci - Red Karawana","isPartOf":{"@id":"https:\/\/redkarawana.com\/#website"},"datePublished":"2025-12-01T02:20:34+00:00","dateModified":"2025-12-13T07:38:21+00:00","description":"U\u017cytkownicy odwiedzaj\u0105cy stron\u0119 internetow\u0105 redkarawana.com (\u201eStrona Internetowa\u201d) wyra\u017caj\u0105 zgod\u0119 na przestrzeganie niniejszej Polityki Prywatno\u015bci.","breadcrumb":{"@id":"https:\/\/redkarawana.com\/pl\/polityka-prywatnosci\/#breadcrumb"},"inLanguage":"pl-PL","potentialAction":[{"@type":"ReadAction","target":["https:\/\/redkarawana.com\/pl\/polityka-prywatnosci\/"]}]},{"@type":"BreadcrumbList","@id":"https:\/\/redkarawana.com\/pl\/polityka-prywatnosci\/#breadcrumb","itemListElement":[{"@type":"ListItem","position":1,"name":"Home","item":"https:\/\/redkarawana.com\/pl\/"},{"@type":"ListItem","position":2,"name":"Polityka Prywatno\u015bci"}]},{"@type":"WebSite","@id":"https:\/\/redkarawana.com\/#website","url":"https:\/\/redkarawana.com\/","name":"Red Karawana","description":"","publisher":{"@id":"https:\/\/redkarawana.com\/#organization"},"potentialAction":[{"@type":"SearchAction","target":{"@type":"EntryPoint","urlTemplate":"https:\/\/redkarawana.com\/?s={search_term_string}"},"query-input":{"@type":"PropertyValueSpecification","valueRequired":true,"valueName":"search_term_string"}}],"inLanguage":"pl-PL"},{"@type":"Organization","@id":"https:\/\/redkarawana.com\/#organization","name":"Red Karawana","url":"https:\/\/redkarawana.com\/","logo":{"@type":"ImageObject","inLanguage":"pl-PL","@id":"https:\/\/redkarawana.com\/#\/schema\/logo\/image\/","url":"https:\/\/redkarawana.com\/wp-content\/uploads\/2025\/05\/cropped-Screenshot-2025-05-29-at-09.27.38.png","contentUrl":"https:\/\/redkarawana.com\/wp-content\/uploads\/2025\/05\/cropped-Screenshot-2025-05-29-at-09.27.38.png","width":512,"height":512,"caption":"Red Karawana"},"image":{"@id":"https:\/\/redkarawana.com\/#\/schema\/logo\/image\/"},"sameAs":["https:\/\/www.facebook.com\/redkarawana\/","https:\/\/www.instagram.com\/redkarawana\/","https:\/\/www.youtube.com\/channel\/UCU9jXzSmyKm4ZZv38FEXGKg","https:\/\/www.pinterest.com\/redkarawana\/"]}]}},"_links":{"self":[{"href":"https:\/\/redkarawana.com\/pl\/wp-json\/wp\/v2\/pages\/1528","targetHints":{"allow":["GET"]}}],"collection":[{"href":"https:\/\/redkarawana.com\/pl\/wp-json\/wp\/v2\/pages"}],"about":[{"href":"https:\/\/redkarawana.com\/pl\/wp-json\/wp\/v2\/types\/page"}],"author":[{"embeddable":true,"href":"https:\/\/redkarawana.com\/pl\/wp-json\/wp\/v2\/users\/1"}],"replies":[{"embeddable":true,"href":"https:\/\/redkarawana.com\/pl\/wp-json\/wp\/v2\/comments?post=1528"}],"version-history":[{"count":3,"href":"https:\/\/redkarawana.com\/pl\/wp-json\/wp\/v2\/pages\/1528\/revisions"}],"predecessor-version":[{"id":1621,"href":"https:\/\/redkarawana.com\/pl\/wp-json\/wp\/v2\/pages\/1528\/revisions\/1621"}],"wp:attachment":[{"href":"https:\/\/redkarawana.com\/pl\/wp-json\/wp\/v2\/media?parent=1528"}],"curies":[{"name":"wp","href":"https:\/\/api.w.org\/{rel}","templated":true}]}}