{"id":691,"date":"2025-12-01T04:20:03","date_gmt":"2025-12-01T04:20:03","guid":{"rendered":"https:\/\/redkarawana.com\/o-nas\/"},"modified":"2026-03-13T17:43:44","modified_gmt":"2026-03-13T17:43:44","slug":"o-nas","status":"publish","type":"page","link":"https:\/\/redkarawana.com\/pl\/o-nas\/","title":{"rendered":"O Nas"},"content":{"rendered":"\n<h1 class=\"wp-block-heading\">Opowie\u015bci o Dalekich Miejscach<\/h1>\n\n<p>Red Karawana wywodzi si\u0119 z naszej mi\u0142o\u015bci do kultury nomad\u00f3w. Nasze podr\u00f3\u017ce to opowie\u015bci o staro\u017cytnych krainach, piel\u0119gnuj\u0105ce mi\u0142o\u015b\u0107 do podr\u00f3\u017cy. Nasze smaki podkre\u015blaj\u0105 kultur\u0119 jedzenia, przywo\u0142uj\u0105c kulinarn\u0105 pomys\u0142owo\u015b\u0107. Tradycje artystyczne widoczne w naszej kolekcji rzemie\u015blniczej, inspiruj\u0105 tw\u00f3rcz\u0105 natur\u0119.<\/p>\n\n<div class=\"wp-block-group rk-features\"><div class=\"wp-block-group__inner-container is-layout-constrained wp-block-group-is-layout-constrained\">\n<h3 class=\"wp-block-heading has-text-align-center\">Nowo\u015b\u0107<\/h3>\n\n\n\n<p class=\"has-text-align-center\">O\u017cywiaj wyobra\u017ani\u0119 poprzez momenty kulturalne.<\/p>\n\n\n\n<h3 class=\"wp-block-heading has-text-align-center\">Pi\u0119kno\u015b\u0107<\/h3>\n\n\n\n<p class=\"has-text-align-center\">Przemierzaj \u015bwiat i poczuj spok\u00f3j.<\/p>\n\n\n\n<h3 class=\"wp-block-heading has-text-align-center\">Wolno\u015b\u0107<\/h3>\n\n\n\n<p class=\"has-text-align-center\">Promieniuj duchem w\u0119drowca.<\/p>\n\n\n\n<h3 class=\"wp-block-heading has-text-align-center\">Szcz\u0119\u015bcie<\/h3>\n\n\n\n<p class=\"has-text-align-center\">Roz\u015bwietl dusz\u0119 fantastycznymi prze\u017cyciami.<\/p>\n<\/div><\/div>\n\n<div class=\"wp-block-columns is-layout-flex wp-container-core-columns-is-layout-9d6595d7 wp-block-columns-is-layout-flex\">\n<div class=\"wp-block-column is-layout-flow wp-block-column-is-layout-flow\">\n<figure class=\"wp-block-image size-large\"><img loading=\"lazy\" decoding=\"async\" width=\"1024\" height=\"683\" src=\"https:\/\/redkarawana.com\/wp-content\/uploads\/2024\/03\/1a-LP-1110x740-About-Red-Karawana-Lavender-Farm-1024x683.jpg\" alt=\"O Nas Red Karawana, Farma Lawendy\" class=\"wp-image-1355\" srcset=\"https:\/\/redkarawana.com\/wp-content\/uploads\/2024\/03\/1a-LP-1110x740-About-Red-Karawana-Lavender-Farm-1024x683.jpg 1024w, https:\/\/redkarawana.com\/wp-content\/uploads\/2024\/03\/1a-LP-1110x740-About-Red-Karawana-Lavender-Farm-300x200.jpg 300w, https:\/\/redkarawana.com\/wp-content\/uploads\/2024\/03\/1a-LP-1110x740-About-Red-Karawana-Lavender-Farm-768x512.jpg 768w, https:\/\/redkarawana.com\/wp-content\/uploads\/2024\/03\/1a-LP-1110x740-About-Red-Karawana-Lavender-Farm-360x240.jpg 360w, https:\/\/redkarawana.com\/wp-content\/uploads\/2024\/03\/1a-LP-1110x740-About-Red-Karawana-Lavender-Farm-600x400.jpg 600w, https:\/\/redkarawana.com\/wp-content\/uploads\/2024\/03\/1a-LP-1110x740-About-Red-Karawana-Lavender-Farm.jpg 1110w\" sizes=\"auto, (max-width: 1024px) 100vw, 1024px\" \/><\/figure>\n<\/div>\n\n\n\n<div class=\"wp-block-column is-layout-flow wp-block-column-is-layout-flow\">\n<figure class=\"wp-block-image size-large\"><img loading=\"lazy\" decoding=\"async\" width=\"1024\" height=\"683\" src=\"https:\/\/redkarawana.com\/wp-content\/uploads\/2024\/03\/1b-LP-1110x740-About-Red-Karawana-Antarctica-1024x683.jpg\" alt=\"O Nas Red Karawana, Antarktyda\" class=\"wp-image-1359\" srcset=\"https:\/\/redkarawana.com\/wp-content\/uploads\/2024\/03\/1b-LP-1110x740-About-Red-Karawana-Antarctica-1024x683.jpg 1024w, https:\/\/redkarawana.com\/wp-content\/uploads\/2024\/03\/1b-LP-1110x740-About-Red-Karawana-Antarctica-300x200.jpg 300w, https:\/\/redkarawana.com\/wp-content\/uploads\/2024\/03\/1b-LP-1110x740-About-Red-Karawana-Antarctica-768x512.jpg 768w, https:\/\/redkarawana.com\/wp-content\/uploads\/2024\/03\/1b-LP-1110x740-About-Red-Karawana-Antarctica-360x240.jpg 360w, https:\/\/redkarawana.com\/wp-content\/uploads\/2024\/03\/1b-LP-1110x740-About-Red-Karawana-Antarctica-600x400.jpg 600w, https:\/\/redkarawana.com\/wp-content\/uploads\/2024\/03\/1b-LP-1110x740-About-Red-Karawana-Antarctica.jpg 1110w\" sizes=\"auto, (max-width: 1024px) 100vw, 1024px\" \/><\/figure>\n<\/div>\n<\/div>\n\n<p>Zapraszamy do Red Karawana. Mistyczne miejsce, w kt\u00f3rym mo\u017cesz stworzy\u0107 swoj\u0105 filozofi\u0119 podr\u00f3\u017cowania. Miejsce kulturalne, kt\u00f3re pobudzi Twoj\u0105 ciekawo\u015b\u0107. Inspiracja do pog\u0142\u0119biania wiedzy kulinarnej. Kreatywna przestrze\u0144, kt\u00f3ra doda koloru Twojemu \u017cyciu.    <\/p>\n\n<p>Red Karawana odzwierciedla moje autentyczne zainteresowanie \u015bwiatem i wra\u017cliwo\u015b\u0107 kulturow\u0105. Europa to moje miejsce urodzenia, moje serce i kwintesencja kulturowa. Ameryka P\u00f3\u0142nocna to moje miejsce zamieszkania, przestrze\u0144 przyjazna i liberalna.  <\/p>\n\n<p>Jestem podr\u00f3\u017cuj\u0105c\u0105 marzycielk\u0105, wytrawn\u0105 tw\u00f3rczyni\u0105-kuratork\u0105 i mi\u0142o\u015bniczk\u0105 sztuki. Moje zainteresowania podr\u00f3\u017cnicze prowadz\u0105 mnie do najbardziej fascynuj\u0105cych miejsc w obu Amerykach, Azji, Europie i na Bliskim Wschodzie. Odkrywanie r\u00f3\u017cnorodnych kultur przynosi trwa\u0142e wra\u017cenia i znacz\u0105ce wspomnienia.  <\/p>\n\n<p>Odkryj nasze Podr\u00f3\u017ce, Posmaki, Rzemios\u0142a i b\u0105d\u017a inspirowany, b\u0105d\u017a motywowany, b\u0105d\u017a kreatywny.<\/p>\n\n<div class=\"wp-block-group\"><div class=\"wp-block-group__inner-container is-layout-constrained wp-block-group-is-layout-constrained\">\n<div class=\"wp-block-group wrapper fp-begin\"><div class=\"wp-block-group__inner-container is-layout-constrained wp-block-group-is-layout-constrained\">\n<div class=\"wp-block-columns is-layout-flex wp-container-core-columns-is-layout-9d6595d7 wp-block-columns-is-layout-flex\">\n<div class=\"wp-block-column is-layout-flow wp-block-column-is-layout-flow\">\n<figure class=\"wp-block-image size-full\"><a href=\"https:\/\/redkarawana.com\/pl\/podroze\/\"><img loading=\"lazy\" decoding=\"async\" width=\"740\" height=\"500\" src=\"https:\/\/redkarawana.com\/wp-content\/uploads\/2024\/03\/1c-LP-J-740x500-About-Red-Karawana-Antarctica.jpg\" alt=\"O Nas Red Karawana, Antarktyda\" class=\"wp-image-1363\" srcset=\"https:\/\/redkarawana.com\/wp-content\/uploads\/2024\/03\/1c-LP-J-740x500-About-Red-Karawana-Antarctica.jpg 740w, https:\/\/redkarawana.com\/wp-content\/uploads\/2024\/03\/1c-LP-J-740x500-About-Red-Karawana-Antarctica-300x203.jpg 300w, https:\/\/redkarawana.com\/wp-content\/uploads\/2024\/03\/1c-LP-J-740x500-About-Red-Karawana-Antarctica-360x243.jpg 360w, https:\/\/redkarawana.com\/wp-content\/uploads\/2024\/03\/1c-LP-J-740x500-About-Red-Karawana-Antarctica-600x405.jpg 600w\" sizes=\"auto, (max-width: 740px) 100vw, 740px\" \/><\/a><\/figure>\n\n\n\n<h3 class=\"wp-block-heading f18\"><a href=\"https:\/\/redkarawana.com\/pl\/podroze\/\">Podr\u00f3\u017ce<\/a><\/h3>\n<\/div>\n\n\n\n<div class=\"wp-block-column is-layout-flow wp-block-column-is-layout-flow\">\n<figure class=\"wp-block-image size-full\"><a href=\"https:\/\/redkarawana.com\/pl\/smaki\/\"><img loading=\"lazy\" decoding=\"async\" width=\"740\" height=\"500\" src=\"https:\/\/redkarawana.com\/wp-content\/uploads\/2024\/03\/1d-LP-S-740x500-About-Red-Karawana-Rye-Bread.jpg\" alt=\"O Nas Red Karawana, Chleb &#x17B;ytni\" class=\"wp-image-1367\" srcset=\"https:\/\/redkarawana.com\/wp-content\/uploads\/2024\/03\/1d-LP-S-740x500-About-Red-Karawana-Rye-Bread.jpg 740w, https:\/\/redkarawana.com\/wp-content\/uploads\/2024\/03\/1d-LP-S-740x500-About-Red-Karawana-Rye-Bread-300x203.jpg 300w, https:\/\/redkarawana.com\/wp-content\/uploads\/2024\/03\/1d-LP-S-740x500-About-Red-Karawana-Rye-Bread-360x243.jpg 360w, https:\/\/redkarawana.com\/wp-content\/uploads\/2024\/03\/1d-LP-S-740x500-About-Red-Karawana-Rye-Bread-600x405.jpg 600w\" sizes=\"auto, (max-width: 740px) 100vw, 740px\" \/><\/a><\/figure>\n\n\n\n<h3 class=\"wp-block-heading f18\"><a href=\"https:\/\/redkarawana.com\/pl\/smaki\/\">Smaki<\/a><\/h3>\n<\/div>\n\n\n\n<div class=\"wp-block-column is-layout-flow wp-block-column-is-layout-flow\">\n<figure class=\"wp-block-image size-full\"><a href=\"https:\/\/redkarawana.com\/artisans\/\"><img loading=\"lazy\" decoding=\"async\" width=\"740\" height=\"500\" src=\"https:\/\/redkarawana.com\/wp-content\/uploads\/2024\/03\/1e-LP-A-740x500-About-Red-Karawana-Christmas-Balls.jpg\" alt=\"O Nas Red Karawana, Bombki &#x15A;wi&#x105;teczne\" class=\"wp-image-1371\" srcset=\"https:\/\/redkarawana.com\/wp-content\/uploads\/2024\/03\/1e-LP-A-740x500-About-Red-Karawana-Christmas-Balls.jpg 740w, https:\/\/redkarawana.com\/wp-content\/uploads\/2024\/03\/1e-LP-A-740x500-About-Red-Karawana-Christmas-Balls-300x203.jpg 300w, https:\/\/redkarawana.com\/wp-content\/uploads\/2024\/03\/1e-LP-A-740x500-About-Red-Karawana-Christmas-Balls-360x243.jpg 360w, https:\/\/redkarawana.com\/wp-content\/uploads\/2024\/03\/1e-LP-A-740x500-About-Red-Karawana-Christmas-Balls-600x405.jpg 600w\" sizes=\"auto, (max-width: 740px) 100vw, 740px\" \/><\/a><\/figure>\n\n\n\n<h3 class=\"wp-block-heading f18\"><a href=\"https:\/\/redkarawana.com\/artisans\/\">Rzemios\u0142a<\/a><\/h3>\n<\/div>\n<\/div>\n<\/div><\/div>\n<\/div><\/div>\n","protected":false},"excerpt":{"rendered":"<p>Opowie\u015bci o Dalekich Miejscach Red Karawana wywodzi si\u0119 z naszej mi\u0142o\u015bci do kultury nomad\u00f3w. Nasze podr\u00f3\u017ce to opowie\u015bci o staro\u017cytnych krainach, piel\u0119gnuj\u0105ce mi\u0142o\u015b\u0107 do podr\u00f3\u017cy. Nasze smaki podkre\u015blaj\u0105 kultur\u0119 jedzenia, przywo\u0142uj\u0105c kulinarn\u0105 pomys\u0142owo\u015b\u0107. Tradycje artystyczne widoczne w naszej kolekcji rzemie\u015blniczej, inspiruj\u0105 tw\u00f3rcz\u0105 natur\u0119. Nowo\u015b\u0107 O\u017cywiaj wyobra\u017ani\u0119 poprzez momenty kulturalne. Pi\u0119kno\u015b\u0107 Przemierzaj \u015bwiat i poczuj spok\u00f3j. [&hellip;]<\/p>\n","protected":false},"author":1,"featured_media":1354,"parent":0,"menu_order":2,"comment_status":"closed","ping_status":"closed","template":"templates\/about.php","meta":{"_acf_changed":false,"footnotes":""},"class_list":["post-691","page","type-page","status-publish","has-post-thumbnail","hentry"],"acf":[],"yoast_head":"<!-- This site is optimized with the Yoast SEO plugin v27.4 - https:\/\/yoast.com\/product\/yoast-seo-wordpress\/ -->\n<title>O Nas - Opowie\u015bci o Dalekich Miejscach - Red Karawana<\/title>\n<meta name=\"description\" content=\"Red Karawana oferuje luksusowe podr\u00f3\u017ce do delekich miejsc, wyj\u0105tkowe posmaki z ca\u0142ego \u015bwiata i eklektyczn\u0105 kolekcj\u0119 rzemie\u015blnicz\u0105.\" \/>\n<meta name=\"robots\" content=\"index, follow, max-snippet:-1, max-image-preview:large, max-video-preview:-1\" \/>\n<link rel=\"canonical\" href=\"https:\/\/redkarawana.com\/pl\/o-nas\/\" \/>\n<meta property=\"og:locale\" content=\"pl_PL\" \/>\n<meta property=\"og:type\" content=\"article\" \/>\n<meta property=\"og:title\" content=\"O Nas - Opowie\u015bci o Dalekich Miejscach - Red Karawana\" \/>\n<meta property=\"og:description\" content=\"Red Karawana oferuje luksusowe podr\u00f3\u017ce do delekich miejsc, wyj\u0105tkowe posmaki z ca\u0142ego \u015bwiata i eklektyczn\u0105 kolekcj\u0119 rzemie\u015blnicz\u0105.\" \/>\n<meta property=\"og:url\" content=\"https:\/\/redkarawana.com\/pl\/o-nas\/\" \/>\n<meta property=\"og:site_name\" content=\"Red Karawana\" \/>\n<meta property=\"article:publisher\" content=\"https:\/\/www.facebook.com\/redkarawana\/\" \/>\n<meta property=\"article:modified_time\" content=\"2026-03-13T17:43:44+00:00\" \/>\n<meta property=\"og:image\" content=\"https:\/\/redkarawana.com\/wp-content\/uploads\/2024\/03\/1-A-LP-F1200x630-About-Red-Karawana-Lavender-Farm.jpg\" \/>\n\t<meta property=\"og:image:width\" content=\"1200\" \/>\n\t<meta property=\"og:image:height\" content=\"630\" \/>\n\t<meta property=\"og:image:type\" content=\"image\/jpeg\" \/>\n<meta name=\"twitter:card\" content=\"summary_large_image\" \/>\n<meta name=\"twitter:label1\" content=\"Szacowany czas czytania\" \/>\n\t<meta name=\"twitter:data1\" content=\"2 minuty\" \/>\n<script type=\"application\/ld+json\" class=\"yoast-schema-graph\">{\"@context\":\"https:\\\/\\\/schema.org\",\"@graph\":[{\"@type\":\"WebPage\",\"@id\":\"https:\\\/\\\/redkarawana.com\\\/pl\\\/o-nas\\\/\",\"url\":\"https:\\\/\\\/redkarawana.com\\\/pl\\\/o-nas\\\/\",\"name\":\"O Nas - Opowie\u015bci o Dalekich Miejscach - Red Karawana\",\"isPartOf\":{\"@id\":\"https:\\\/\\\/redkarawana.com\\\/#website\"},\"primaryImageOfPage\":{\"@id\":\"https:\\\/\\\/redkarawana.com\\\/pl\\\/o-nas\\\/#primaryimage\"},\"image\":{\"@id\":\"https:\\\/\\\/redkarawana.com\\\/pl\\\/o-nas\\\/#primaryimage\"},\"thumbnailUrl\":\"https:\\\/\\\/redkarawana.com\\\/wp-content\\\/uploads\\\/2024\\\/03\\\/1-A-LP-Feature-680x453-About-Red-Karawana-Lavender-Farm.jpg\",\"datePublished\":\"2025-12-01T04:20:03+00:00\",\"dateModified\":\"2026-03-13T17:43:44+00:00\",\"description\":\"Red Karawana oferuje luksusowe podr\u00f3\u017ce do delekich miejsc, wyj\u0105tkowe posmaki z ca\u0142ego \u015bwiata i eklektyczn\u0105 kolekcj\u0119 rzemie\u015blnicz\u0105.\",\"breadcrumb\":{\"@id\":\"https:\\\/\\\/redkarawana.com\\\/pl\\\/o-nas\\\/#breadcrumb\"},\"inLanguage\":\"pl-PL\",\"potentialAction\":[{\"@type\":\"ReadAction\",\"target\":[\"https:\\\/\\\/redkarawana.com\\\/pl\\\/o-nas\\\/\"]}]},{\"@type\":\"ImageObject\",\"inLanguage\":\"pl-PL\",\"@id\":\"https:\\\/\\\/redkarawana.com\\\/pl\\\/o-nas\\\/#primaryimage\",\"url\":\"https:\\\/\\\/redkarawana.com\\\/wp-content\\\/uploads\\\/2024\\\/03\\\/1-A-LP-Feature-680x453-About-Red-Karawana-Lavender-Farm.jpg\",\"contentUrl\":\"https:\\\/\\\/redkarawana.com\\\/wp-content\\\/uploads\\\/2024\\\/03\\\/1-A-LP-Feature-680x453-About-Red-Karawana-Lavender-Farm.jpg\",\"width\":680,\"height\":453,\"caption\":\"O Nas Red Karawana, Farma Lawendy\"},{\"@type\":\"BreadcrumbList\",\"@id\":\"https:\\\/\\\/redkarawana.com\\\/pl\\\/o-nas\\\/#breadcrumb\",\"itemListElement\":[{\"@type\":\"ListItem\",\"position\":1,\"name\":\"Home\",\"item\":\"https:\\\/\\\/redkarawana.com\\\/pl\\\/\"},{\"@type\":\"ListItem\",\"position\":2,\"name\":\"O Nas\"}]},{\"@type\":\"WebSite\",\"@id\":\"https:\\\/\\\/redkarawana.com\\\/#website\",\"url\":\"https:\\\/\\\/redkarawana.com\\\/\",\"name\":\"Red Karawana\",\"description\":\"\",\"publisher\":{\"@id\":\"https:\\\/\\\/redkarawana.com\\\/#organization\"},\"potentialAction\":[{\"@type\":\"SearchAction\",\"target\":{\"@type\":\"EntryPoint\",\"urlTemplate\":\"https:\\\/\\\/redkarawana.com\\\/?s={search_term_string}\"},\"query-input\":{\"@type\":\"PropertyValueSpecification\",\"valueRequired\":true,\"valueName\":\"search_term_string\"}}],\"inLanguage\":\"pl-PL\"},{\"@type\":\"Organization\",\"@id\":\"https:\\\/\\\/redkarawana.com\\\/#organization\",\"name\":\"Red Karawana\",\"url\":\"https:\\\/\\\/redkarawana.com\\\/\",\"logo\":{\"@type\":\"ImageObject\",\"inLanguage\":\"pl-PL\",\"@id\":\"https:\\\/\\\/redkarawana.com\\\/#\\\/schema\\\/logo\\\/image\\\/\",\"url\":\"https:\\\/\\\/redkarawana.com\\\/wp-content\\\/uploads\\\/2025\\\/05\\\/cropped-Screenshot-2025-05-29-at-09.27.38.png\",\"contentUrl\":\"https:\\\/\\\/redkarawana.com\\\/wp-content\\\/uploads\\\/2025\\\/05\\\/cropped-Screenshot-2025-05-29-at-09.27.38.png\",\"width\":512,\"height\":512,\"caption\":\"Red Karawana\"},\"image\":{\"@id\":\"https:\\\/\\\/redkarawana.com\\\/#\\\/schema\\\/logo\\\/image\\\/\"},\"sameAs\":[\"https:\\\/\\\/www.facebook.com\\\/redkarawana\\\/\",\"https:\\\/\\\/www.instagram.com\\\/redkarawana\\\/\",\"https:\\\/\\\/www.youtube.com\\\/channel\\\/UCU9jXzSmyKm4ZZv38FEXGKg\",\"https:\\\/\\\/www.pinterest.com\\\/redkarawana\\\/\"]}]}<\/script>\n<!-- \/ Yoast SEO plugin. -->","yoast_head_json":{"title":"O Nas - Opowie\u015bci o Dalekich Miejscach - Red Karawana","description":"Red Karawana oferuje luksusowe podr\u00f3\u017ce do delekich miejsc, wyj\u0105tkowe posmaki z ca\u0142ego \u015bwiata i eklektyczn\u0105 kolekcj\u0119 rzemie\u015blnicz\u0105.","robots":{"index":"index","follow":"follow","max-snippet":"max-snippet:-1","max-image-preview":"max-image-preview:large","max-video-preview":"max-video-preview:-1"},"canonical":"https:\/\/redkarawana.com\/pl\/o-nas\/","og_locale":"pl_PL","og_type":"article","og_title":"O Nas - Opowie\u015bci o Dalekich Miejscach - Red Karawana","og_description":"Red Karawana oferuje luksusowe podr\u00f3\u017ce do delekich miejsc, wyj\u0105tkowe posmaki z ca\u0142ego \u015bwiata i eklektyczn\u0105 kolekcj\u0119 rzemie\u015blnicz\u0105.","og_url":"https:\/\/redkarawana.com\/pl\/o-nas\/","og_site_name":"Red Karawana","article_publisher":"https:\/\/www.facebook.com\/redkarawana\/","article_modified_time":"2026-03-13T17:43:44+00:00","og_image":[{"width":1200,"height":630,"url":"https:\/\/redkarawana.com\/wp-content\/uploads\/2024\/03\/1-A-LP-F1200x630-About-Red-Karawana-Lavender-Farm.jpg","type":"image\/jpeg"}],"twitter_card":"summary_large_image","twitter_misc":{"Szacowany czas czytania":"2 minuty"},"schema":{"@context":"https:\/\/schema.org","@graph":[{"@type":"WebPage","@id":"https:\/\/redkarawana.com\/pl\/o-nas\/","url":"https:\/\/redkarawana.com\/pl\/o-nas\/","name":"O Nas - Opowie\u015bci o Dalekich Miejscach - Red Karawana","isPartOf":{"@id":"https:\/\/redkarawana.com\/#website"},"primaryImageOfPage":{"@id":"https:\/\/redkarawana.com\/pl\/o-nas\/#primaryimage"},"image":{"@id":"https:\/\/redkarawana.com\/pl\/o-nas\/#primaryimage"},"thumbnailUrl":"https:\/\/redkarawana.com\/wp-content\/uploads\/2024\/03\/1-A-LP-Feature-680x453-About-Red-Karawana-Lavender-Farm.jpg","datePublished":"2025-12-01T04:20:03+00:00","dateModified":"2026-03-13T17:43:44+00:00","description":"Red Karawana oferuje luksusowe podr\u00f3\u017ce do delekich miejsc, wyj\u0105tkowe posmaki z ca\u0142ego \u015bwiata i eklektyczn\u0105 kolekcj\u0119 rzemie\u015blnicz\u0105.","breadcrumb":{"@id":"https:\/\/redkarawana.com\/pl\/o-nas\/#breadcrumb"},"inLanguage":"pl-PL","potentialAction":[{"@type":"ReadAction","target":["https:\/\/redkarawana.com\/pl\/o-nas\/"]}]},{"@type":"ImageObject","inLanguage":"pl-PL","@id":"https:\/\/redkarawana.com\/pl\/o-nas\/#primaryimage","url":"https:\/\/redkarawana.com\/wp-content\/uploads\/2024\/03\/1-A-LP-Feature-680x453-About-Red-Karawana-Lavender-Farm.jpg","contentUrl":"https:\/\/redkarawana.com\/wp-content\/uploads\/2024\/03\/1-A-LP-Feature-680x453-About-Red-Karawana-Lavender-Farm.jpg","width":680,"height":453,"caption":"O Nas Red Karawana, Farma Lawendy"},{"@type":"BreadcrumbList","@id":"https:\/\/redkarawana.com\/pl\/o-nas\/#breadcrumb","itemListElement":[{"@type":"ListItem","position":1,"name":"Home","item":"https:\/\/redkarawana.com\/pl\/"},{"@type":"ListItem","position":2,"name":"O Nas"}]},{"@type":"WebSite","@id":"https:\/\/redkarawana.com\/#website","url":"https:\/\/redkarawana.com\/","name":"Red Karawana","description":"","publisher":{"@id":"https:\/\/redkarawana.com\/#organization"},"potentialAction":[{"@type":"SearchAction","target":{"@type":"EntryPoint","urlTemplate":"https:\/\/redkarawana.com\/?s={search_term_string}"},"query-input":{"@type":"PropertyValueSpecification","valueRequired":true,"valueName":"search_term_string"}}],"inLanguage":"pl-PL"},{"@type":"Organization","@id":"https:\/\/redkarawana.com\/#organization","name":"Red Karawana","url":"https:\/\/redkarawana.com\/","logo":{"@type":"ImageObject","inLanguage":"pl-PL","@id":"https:\/\/redkarawana.com\/#\/schema\/logo\/image\/","url":"https:\/\/redkarawana.com\/wp-content\/uploads\/2025\/05\/cropped-Screenshot-2025-05-29-at-09.27.38.png","contentUrl":"https:\/\/redkarawana.com\/wp-content\/uploads\/2025\/05\/cropped-Screenshot-2025-05-29-at-09.27.38.png","width":512,"height":512,"caption":"Red Karawana"},"image":{"@id":"https:\/\/redkarawana.com\/#\/schema\/logo\/image\/"},"sameAs":["https:\/\/www.facebook.com\/redkarawana\/","https:\/\/www.instagram.com\/redkarawana\/","https:\/\/www.youtube.com\/channel\/UCU9jXzSmyKm4ZZv38FEXGKg","https:\/\/www.pinterest.com\/redkarawana\/"]}]}},"_links":{"self":[{"href":"https:\/\/redkarawana.com\/pl\/wp-json\/wp\/v2\/pages\/691","targetHints":{"allow":["GET"]}}],"collection":[{"href":"https:\/\/redkarawana.com\/pl\/wp-json\/wp\/v2\/pages"}],"about":[{"href":"https:\/\/redkarawana.com\/pl\/wp-json\/wp\/v2\/types\/page"}],"author":[{"embeddable":true,"href":"https:\/\/redkarawana.com\/pl\/wp-json\/wp\/v2\/users\/1"}],"replies":[{"embeddable":true,"href":"https:\/\/redkarawana.com\/pl\/wp-json\/wp\/v2\/comments?post=691"}],"version-history":[{"count":2,"href":"https:\/\/redkarawana.com\/pl\/wp-json\/wp\/v2\/pages\/691\/revisions"}],"predecessor-version":[{"id":13173,"href":"https:\/\/redkarawana.com\/pl\/wp-json\/wp\/v2\/pages\/691\/revisions\/13173"}],"wp:featuredmedia":[{"embeddable":true,"href":"https:\/\/redkarawana.com\/pl\/wp-json\/wp\/v2\/media\/1354"}],"wp:attachment":[{"href":"https:\/\/redkarawana.com\/pl\/wp-json\/wp\/v2\/media?parent=691"}],"curies":[{"name":"wp","href":"https:\/\/api.w.org\/{rel}","templated":true}]}}