{"id":727,"date":"2025-12-01T01:30:56","date_gmt":"2025-12-01T01:30:56","guid":{"rendered":"https:\/\/redkarawana.com\/subskrybuj\/"},"modified":"2025-12-13T13:39:45","modified_gmt":"2025-12-13T13:39:45","slug":"subskrybuj","status":"publish","type":"page","link":"https:\/\/redkarawana.com\/pl\/subskrybuj\/","title":{"rendered":"Subskrybuj"},"content":{"rendered":"\n<h1 class=\"wp-block-heading\">Eden Kultury<\/h1>\n\n<p>Szukasz cudownych chwil? Zrelaksuj si\u0119 i podziwiaj z Red Karawana. <\/p>\n\n<p>Ekskluzywne podr\u00f3\u017ce do inspiruj\u0105cych miejsc. Zwi\u0119z\u0142e i \u0142atwe w u\u017cyciu plany podr\u00f3\u017cy.<br\/>Delektuj si\u0119 przysmakami z ca\u0142ego \u015bwiata. Oryginalne i proste w przygotowaniu przepisy.<br\/>Subskrypcja Premium zapewnia nieograniczony dost\u0119p do wszystkich informacji premium.  <\/p>\n\n<div class=\"wp-block-group\"><div class=\"wp-block-group__inner-container is-layout-constrained wp-block-group-is-layout-constrained\">\n<div class=\"wp-block-group subscribe-main-categories\"><div class=\"wp-block-group__inner-container is-layout-constrained wp-block-group-is-layout-constrained\">\n<div class=\"wp-block-columns is-layout-flex wp-container-core-columns-is-layout-9d6595d7 wp-block-columns-is-layout-flex\">\n<div class=\"wp-block-column is-layout-flow wp-block-column-is-layout-flow\">\n<figure class=\"wp-block-image size-full\"><a href=\"https:\/\/redkarawana.com\/pl\/podroze\/\"><img loading=\"lazy\" decoding=\"async\" width=\"1110\" height=\"740\" src=\"https:\/\/redkarawana.com\/wp-content\/uploads\/2024\/03\/1a-Subscribe-J-1110x740-China-Shangri-la-Songzanlin-Monastery.jpg\" alt=\"Chiny, Shangri-la, Klasztor Songzanlin\" class=\"wp-image-1333\" srcset=\"https:\/\/redkarawana.com\/wp-content\/uploads\/2024\/03\/1a-Subscribe-J-1110x740-China-Shangri-la-Songzanlin-Monastery.jpg 1110w, https:\/\/redkarawana.com\/wp-content\/uploads\/2024\/03\/1a-Subscribe-J-1110x740-China-Shangri-la-Songzanlin-Monastery-300x200.jpg 300w, https:\/\/redkarawana.com\/wp-content\/uploads\/2024\/03\/1a-Subscribe-J-1110x740-China-Shangri-la-Songzanlin-Monastery-1024x683.jpg 1024w, https:\/\/redkarawana.com\/wp-content\/uploads\/2024\/03\/1a-Subscribe-J-1110x740-China-Shangri-la-Songzanlin-Monastery-768x512.jpg 768w, https:\/\/redkarawana.com\/wp-content\/uploads\/2024\/03\/1a-Subscribe-J-1110x740-China-Shangri-la-Songzanlin-Monastery-360x240.jpg 360w, https:\/\/redkarawana.com\/wp-content\/uploads\/2024\/03\/1a-Subscribe-J-1110x740-China-Shangri-la-Songzanlin-Monastery-600x400.jpg 600w\" sizes=\"auto, (max-width: 1110px) 100vw, 1110px\" \/><\/a><\/figure>\n\n\n\n<h3 class=\"wp-block-heading f18\"><a href=\"https:\/\/redkarawana.com\/pl\/podroze\/\">PODR\u00d3\u017bUJ Z CELEM<\/a><\/h3>\n\n\n\n<p class=\"f17\">Zaskocz umys\u0142 podr\u00f3\u017cami kulturalnymi.<\/p>\n<\/div>\n\n\n\n<div class=\"wp-block-column is-layout-flow wp-block-column-is-layout-flow\">\n<figure class=\"wp-block-image size-full\"><a href=\"https:\/\/redkarawana.com\/pl\/smaki\/\"><img loading=\"lazy\" decoding=\"async\" width=\"1110\" height=\"740\" src=\"https:\/\/redkarawana.com\/wp-content\/uploads\/2024\/03\/1b-Subscribe-S-1110x740-Lebanon-Bottarga.jpg\" alt=\"Liban, Bottarga\" class=\"wp-image-1337\" srcset=\"https:\/\/redkarawana.com\/wp-content\/uploads\/2024\/03\/1b-Subscribe-S-1110x740-Lebanon-Bottarga.jpg 1110w, https:\/\/redkarawana.com\/wp-content\/uploads\/2024\/03\/1b-Subscribe-S-1110x740-Lebanon-Bottarga-300x200.jpg 300w, https:\/\/redkarawana.com\/wp-content\/uploads\/2024\/03\/1b-Subscribe-S-1110x740-Lebanon-Bottarga-1024x683.jpg 1024w, https:\/\/redkarawana.com\/wp-content\/uploads\/2024\/03\/1b-Subscribe-S-1110x740-Lebanon-Bottarga-768x512.jpg 768w, https:\/\/redkarawana.com\/wp-content\/uploads\/2024\/03\/1b-Subscribe-S-1110x740-Lebanon-Bottarga-360x240.jpg 360w, https:\/\/redkarawana.com\/wp-content\/uploads\/2024\/03\/1b-Subscribe-S-1110x740-Lebanon-Bottarga-600x400.jpg 600w\" sizes=\"auto, (max-width: 1110px) 100vw, 1110px\" \/><\/a><\/figure>\n\n\n\n<h3 class=\"wp-block-heading f18\"><a href=\"https:\/\/redkarawana.com\/pl\/smaki\/\">POSMAKUJ SERCEM<\/a><\/h3>\n\n\n\n<p class=\"f17\">Podaruj sobie orze\u017awiaj\u0105ce chwile kulinarne.<\/p>\n<\/div>\n<\/div>\n<\/div><\/div>\n<\/div><\/div>\n\n<p><\/p>\n","protected":false},"excerpt":{"rendered":"<p>Eden Kultury Szukasz cudownych chwil? Zrelaksuj si\u0119 i podziwiaj z Red Karawana. Ekskluzywne podr\u00f3\u017ce do inspiruj\u0105cych miejsc. Zwi\u0119z\u0142e i \u0142atwe w u\u017cyciu plany podr\u00f3\u017cy.Delektuj si\u0119 przysmakami z ca\u0142ego \u015bwiata. Oryginalne i proste w przygotowaniu przepisy.Subskrypcja Premium zapewnia nieograniczony dost\u0119p do wszystkich informacji premium. PODR\u00d3\u017bUJ Z CELEM Zaskocz umys\u0142 podr\u00f3\u017cami kulturalnymi. POSMAKUJ SERCEM Podaruj sobie orze\u017awiaj\u0105ce [&hellip;]<\/p>\n","protected":false},"author":1,"featured_media":1332,"parent":0,"menu_order":72,"comment_status":"closed","ping_status":"closed","template":"templates\/subscribe.php","meta":{"_acf_changed":false,"footnotes":""},"class_list":["post-727","page","type-page","status-publish","has-post-thumbnail","hentry"],"acf":[],"yoast_head":"<!-- This site is optimized with the Yoast SEO plugin v27.3 - https:\/\/yoast.com\/product\/yoast-seo-wordpress\/ -->\n<title>Eden Kultury \u2013 Subskrybuj - Red Karawana<\/title>\n<meta name=\"description\" content=\"Subskrybuj do Red Karawana. Uzyskaj dost\u0119p do Edenu Kultury, kt\u00f3ry oferuje ekskluzywne plany podr\u00f3\u017cy, przepisy kulinarne z ca\u0142ego \u015bwiata i ciekawe historie.\" \/>\n<meta name=\"robots\" content=\"index, follow, max-snippet:-1, max-image-preview:large, max-video-preview:-1\" \/>\n<link rel=\"canonical\" href=\"https:\/\/redkarawana.com\/pl\/subskrybuj\/\" \/>\n<meta property=\"og:locale\" content=\"pl_PL\" \/>\n<meta property=\"og:type\" content=\"article\" \/>\n<meta property=\"og:title\" content=\"Eden Kultury \u2013 Subskrybuj do Red Karawana\" \/>\n<meta property=\"og:description\" content=\"Subskrybuj do Red Karawana. Uzyskaj dost\u0119p do Edenu Kultury, kt\u00f3ry oferuje ekskluzywne plany podr\u00f3\u017cy, przepisy kulinarne z ca\u0142ego \u015bwiata i ciekawe historie.\" \/>\n<meta property=\"og:url\" content=\"https:\/\/redkarawana.com\/pl\/subskrybuj\/\" \/>\n<meta property=\"og:site_name\" content=\"Red Karawana\" \/>\n<meta property=\"article:publisher\" content=\"https:\/\/www.facebook.com\/redkarawana\/\" \/>\n<meta property=\"article:modified_time\" content=\"2025-12-13T13:39:45+00:00\" \/>\n<meta property=\"og:image\" content=\"https:\/\/redkarawana.com\/wp-content\/uploads\/2024\/03\/1-A-Subscribe-F1200x630-China-Shangri-la-Songzanlin-Monastery.jpg\" \/>\n\t<meta property=\"og:image:width\" content=\"1200\" \/>\n\t<meta property=\"og:image:height\" content=\"630\" \/>\n\t<meta property=\"og:image:type\" content=\"image\/jpeg\" \/>\n<meta name=\"twitter:card\" content=\"summary_large_image\" \/>\n<meta name=\"twitter:label1\" content=\"Szacowany czas czytania\" \/>\n\t<meta name=\"twitter:data1\" content=\"1 minuta\" \/>\n<script type=\"application\/ld+json\" class=\"yoast-schema-graph\">{\"@context\":\"https:\\\/\\\/schema.org\",\"@graph\":[{\"@type\":\"WebPage\",\"@id\":\"https:\\\/\\\/redkarawana.com\\\/pl\\\/subskrybuj\\\/\",\"url\":\"https:\\\/\\\/redkarawana.com\\\/pl\\\/subskrybuj\\\/\",\"name\":\"Eden Kultury \u2013 Subskrybuj - Red Karawana\",\"isPartOf\":{\"@id\":\"https:\\\/\\\/redkarawana.com\\\/#website\"},\"primaryImageOfPage\":{\"@id\":\"https:\\\/\\\/redkarawana.com\\\/pl\\\/subskrybuj\\\/#primaryimage\"},\"image\":{\"@id\":\"https:\\\/\\\/redkarawana.com\\\/pl\\\/subskrybuj\\\/#primaryimage\"},\"thumbnailUrl\":\"https:\\\/\\\/redkarawana.com\\\/wp-content\\\/uploads\\\/2024\\\/03\\\/1-A-Subscribe-Feature-680x453-China-Shangri-la-Songzanlin-Monastery.jpg\",\"datePublished\":\"2025-12-01T01:30:56+00:00\",\"dateModified\":\"2025-12-13T13:39:45+00:00\",\"description\":\"Subskrybuj do Red Karawana. Uzyskaj dost\u0119p do Edenu Kultury, kt\u00f3ry oferuje ekskluzywne plany podr\u00f3\u017cy, przepisy kulinarne z ca\u0142ego \u015bwiata i ciekawe historie.\",\"breadcrumb\":{\"@id\":\"https:\\\/\\\/redkarawana.com\\\/pl\\\/subskrybuj\\\/#breadcrumb\"},\"inLanguage\":\"pl-PL\",\"potentialAction\":[{\"@type\":\"ReadAction\",\"target\":[\"https:\\\/\\\/redkarawana.com\\\/pl\\\/subskrybuj\\\/\"]}]},{\"@type\":\"ImageObject\",\"inLanguage\":\"pl-PL\",\"@id\":\"https:\\\/\\\/redkarawana.com\\\/pl\\\/subskrybuj\\\/#primaryimage\",\"url\":\"https:\\\/\\\/redkarawana.com\\\/wp-content\\\/uploads\\\/2024\\\/03\\\/1-A-Subscribe-Feature-680x453-China-Shangri-la-Songzanlin-Monastery.jpg\",\"contentUrl\":\"https:\\\/\\\/redkarawana.com\\\/wp-content\\\/uploads\\\/2024\\\/03\\\/1-A-Subscribe-Feature-680x453-China-Shangri-la-Songzanlin-Monastery.jpg\",\"width\":680,\"height\":453,\"caption\":\"Chiny, Shangri-la, Klasztor Songzanlin\"},{\"@type\":\"BreadcrumbList\",\"@id\":\"https:\\\/\\\/redkarawana.com\\\/pl\\\/subskrybuj\\\/#breadcrumb\",\"itemListElement\":[{\"@type\":\"ListItem\",\"position\":1,\"name\":\"Home\",\"item\":\"https:\\\/\\\/redkarawana.com\\\/pl\\\/\"},{\"@type\":\"ListItem\",\"position\":2,\"name\":\"Subskrybuj\"}]},{\"@type\":\"WebSite\",\"@id\":\"https:\\\/\\\/redkarawana.com\\\/#website\",\"url\":\"https:\\\/\\\/redkarawana.com\\\/\",\"name\":\"Red Karawana\",\"description\":\"\",\"publisher\":{\"@id\":\"https:\\\/\\\/redkarawana.com\\\/#organization\"},\"potentialAction\":[{\"@type\":\"SearchAction\",\"target\":{\"@type\":\"EntryPoint\",\"urlTemplate\":\"https:\\\/\\\/redkarawana.com\\\/?s={search_term_string}\"},\"query-input\":{\"@type\":\"PropertyValueSpecification\",\"valueRequired\":true,\"valueName\":\"search_term_string\"}}],\"inLanguage\":\"pl-PL\"},{\"@type\":\"Organization\",\"@id\":\"https:\\\/\\\/redkarawana.com\\\/#organization\",\"name\":\"Red Karawana\",\"url\":\"https:\\\/\\\/redkarawana.com\\\/\",\"logo\":{\"@type\":\"ImageObject\",\"inLanguage\":\"pl-PL\",\"@id\":\"https:\\\/\\\/redkarawana.com\\\/#\\\/schema\\\/logo\\\/image\\\/\",\"url\":\"https:\\\/\\\/redkarawana.com\\\/wp-content\\\/uploads\\\/2025\\\/05\\\/cropped-Screenshot-2025-05-29-at-09.27.38.png\",\"contentUrl\":\"https:\\\/\\\/redkarawana.com\\\/wp-content\\\/uploads\\\/2025\\\/05\\\/cropped-Screenshot-2025-05-29-at-09.27.38.png\",\"width\":512,\"height\":512,\"caption\":\"Red Karawana\"},\"image\":{\"@id\":\"https:\\\/\\\/redkarawana.com\\\/#\\\/schema\\\/logo\\\/image\\\/\"},\"sameAs\":[\"https:\\\/\\\/www.facebook.com\\\/redkarawana\\\/\",\"https:\\\/\\\/www.instagram.com\\\/redkarawana\\\/\",\"https:\\\/\\\/www.youtube.com\\\/channel\\\/UCU9jXzSmyKm4ZZv38FEXGKg\",\"https:\\\/\\\/www.pinterest.com\\\/redkarawana\\\/\"]}]}<\/script>\n<!-- \/ Yoast SEO plugin. -->","yoast_head_json":{"title":"Eden Kultury \u2013 Subskrybuj - Red Karawana","description":"Subskrybuj do Red Karawana. Uzyskaj dost\u0119p do Edenu Kultury, kt\u00f3ry oferuje ekskluzywne plany podr\u00f3\u017cy, przepisy kulinarne z ca\u0142ego \u015bwiata i ciekawe historie.","robots":{"index":"index","follow":"follow","max-snippet":"max-snippet:-1","max-image-preview":"max-image-preview:large","max-video-preview":"max-video-preview:-1"},"canonical":"https:\/\/redkarawana.com\/pl\/subskrybuj\/","og_locale":"pl_PL","og_type":"article","og_title":"Eden Kultury \u2013 Subskrybuj do Red Karawana","og_description":"Subskrybuj do Red Karawana. Uzyskaj dost\u0119p do Edenu Kultury, kt\u00f3ry oferuje ekskluzywne plany podr\u00f3\u017cy, przepisy kulinarne z ca\u0142ego \u015bwiata i ciekawe historie.","og_url":"https:\/\/redkarawana.com\/pl\/subskrybuj\/","og_site_name":"Red Karawana","article_publisher":"https:\/\/www.facebook.com\/redkarawana\/","article_modified_time":"2025-12-13T13:39:45+00:00","og_image":[{"width":1200,"height":630,"url":"https:\/\/redkarawana.com\/wp-content\/uploads\/2024\/03\/1-A-Subscribe-F1200x630-China-Shangri-la-Songzanlin-Monastery.jpg","type":"image\/jpeg"}],"twitter_card":"summary_large_image","twitter_misc":{"Szacowany czas czytania":"1 minuta"},"schema":{"@context":"https:\/\/schema.org","@graph":[{"@type":"WebPage","@id":"https:\/\/redkarawana.com\/pl\/subskrybuj\/","url":"https:\/\/redkarawana.com\/pl\/subskrybuj\/","name":"Eden Kultury \u2013 Subskrybuj - Red Karawana","isPartOf":{"@id":"https:\/\/redkarawana.com\/#website"},"primaryImageOfPage":{"@id":"https:\/\/redkarawana.com\/pl\/subskrybuj\/#primaryimage"},"image":{"@id":"https:\/\/redkarawana.com\/pl\/subskrybuj\/#primaryimage"},"thumbnailUrl":"https:\/\/redkarawana.com\/wp-content\/uploads\/2024\/03\/1-A-Subscribe-Feature-680x453-China-Shangri-la-Songzanlin-Monastery.jpg","datePublished":"2025-12-01T01:30:56+00:00","dateModified":"2025-12-13T13:39:45+00:00","description":"Subskrybuj do Red Karawana. Uzyskaj dost\u0119p do Edenu Kultury, kt\u00f3ry oferuje ekskluzywne plany podr\u00f3\u017cy, przepisy kulinarne z ca\u0142ego \u015bwiata i ciekawe historie.","breadcrumb":{"@id":"https:\/\/redkarawana.com\/pl\/subskrybuj\/#breadcrumb"},"inLanguage":"pl-PL","potentialAction":[{"@type":"ReadAction","target":["https:\/\/redkarawana.com\/pl\/subskrybuj\/"]}]},{"@type":"ImageObject","inLanguage":"pl-PL","@id":"https:\/\/redkarawana.com\/pl\/subskrybuj\/#primaryimage","url":"https:\/\/redkarawana.com\/wp-content\/uploads\/2024\/03\/1-A-Subscribe-Feature-680x453-China-Shangri-la-Songzanlin-Monastery.jpg","contentUrl":"https:\/\/redkarawana.com\/wp-content\/uploads\/2024\/03\/1-A-Subscribe-Feature-680x453-China-Shangri-la-Songzanlin-Monastery.jpg","width":680,"height":453,"caption":"Chiny, Shangri-la, Klasztor Songzanlin"},{"@type":"BreadcrumbList","@id":"https:\/\/redkarawana.com\/pl\/subskrybuj\/#breadcrumb","itemListElement":[{"@type":"ListItem","position":1,"name":"Home","item":"https:\/\/redkarawana.com\/pl\/"},{"@type":"ListItem","position":2,"name":"Subskrybuj"}]},{"@type":"WebSite","@id":"https:\/\/redkarawana.com\/#website","url":"https:\/\/redkarawana.com\/","name":"Red Karawana","description":"","publisher":{"@id":"https:\/\/redkarawana.com\/#organization"},"potentialAction":[{"@type":"SearchAction","target":{"@type":"EntryPoint","urlTemplate":"https:\/\/redkarawana.com\/?s={search_term_string}"},"query-input":{"@type":"PropertyValueSpecification","valueRequired":true,"valueName":"search_term_string"}}],"inLanguage":"pl-PL"},{"@type":"Organization","@id":"https:\/\/redkarawana.com\/#organization","name":"Red Karawana","url":"https:\/\/redkarawana.com\/","logo":{"@type":"ImageObject","inLanguage":"pl-PL","@id":"https:\/\/redkarawana.com\/#\/schema\/logo\/image\/","url":"https:\/\/redkarawana.com\/wp-content\/uploads\/2025\/05\/cropped-Screenshot-2025-05-29-at-09.27.38.png","contentUrl":"https:\/\/redkarawana.com\/wp-content\/uploads\/2025\/05\/cropped-Screenshot-2025-05-29-at-09.27.38.png","width":512,"height":512,"caption":"Red Karawana"},"image":{"@id":"https:\/\/redkarawana.com\/#\/schema\/logo\/image\/"},"sameAs":["https:\/\/www.facebook.com\/redkarawana\/","https:\/\/www.instagram.com\/redkarawana\/","https:\/\/www.youtube.com\/channel\/UCU9jXzSmyKm4ZZv38FEXGKg","https:\/\/www.pinterest.com\/redkarawana\/"]}]}},"_links":{"self":[{"href":"https:\/\/redkarawana.com\/pl\/wp-json\/wp\/v2\/pages\/727","targetHints":{"allow":["GET"]}}],"collection":[{"href":"https:\/\/redkarawana.com\/pl\/wp-json\/wp\/v2\/pages"}],"about":[{"href":"https:\/\/redkarawana.com\/pl\/wp-json\/wp\/v2\/types\/page"}],"author":[{"embeddable":true,"href":"https:\/\/redkarawana.com\/pl\/wp-json\/wp\/v2\/users\/1"}],"replies":[{"embeddable":true,"href":"https:\/\/redkarawana.com\/pl\/wp-json\/wp\/v2\/comments?post=727"}],"version-history":[{"count":2,"href":"https:\/\/redkarawana.com\/pl\/wp-json\/wp\/v2\/pages\/727\/revisions"}],"predecessor-version":[{"id":13144,"href":"https:\/\/redkarawana.com\/pl\/wp-json\/wp\/v2\/pages\/727\/revisions\/13144"}],"wp:featuredmedia":[{"embeddable":true,"href":"https:\/\/redkarawana.com\/pl\/wp-json\/wp\/v2\/media\/1332"}],"wp:attachment":[{"href":"https:\/\/redkarawana.com\/pl\/wp-json\/wp\/v2\/media?parent=727"}],"curies":[{"name":"wp","href":"https:\/\/api.w.org\/{rel}","templated":true}]}}