{"id":11950,"date":"2025-11-30T03:40:24","date_gmt":"2025-11-30T03:40:24","guid":{"rendered":"https:\/\/redkarawana.com\/?post_type=product&#038;p=11950"},"modified":"2025-12-06T08:10:36","modified_gmt":"2025-12-06T08:10:36","slug":"obraz-architektura-tradycyjna-bahrajn","status":"publish","type":"product","link":"https:\/\/redkarawana.com\/pl\/rzemioslo\/obraz-architektura-tradycyjna-bahrajn\/","title":{"rendered":"Obraz Architektury Tradycyjnej, Bahrajn; Symbole Historii i Kultury"},"content":{"rendered":"<p>Bahrajn to wyj\u0105tkowe miejsce o ciekawej kulturze, pi\u0119knym wybrze\u017cu i tradycyjnej sztuce. Historia, kultura i tradycje Bahrajnu \u0142\u0105cz\u0105 w sobie wp\u0142ywy r\u00f3\u017cnych imperi\u00f3w. Tradycyjna architektura Bahrajnu obejmuje r\u00f3\u017cnorodne budowle wzniesione z kamienia i b\u0142ota. Krajobrazy z historycznymi fortami i duchowymi meczetami zosta\u0142y uwiecznione w sztuce. Wybieramy kilka obraz\u00f3w przedstawiaj\u0105cych tradycje i krajobrazy Bahrajnu. Nasz wybrany Obraz Architektury Tradycyjnej w z\u0142otej ramie przedstawia wspania\u0142e kamienne wie\u017ce i budowle. Wymiary: Obraz Architektury Tradycyjnej (wysoko\u015b\u0107 12 cali, szeroko\u015b\u0107 10 1\/4 cala).<\/p>\n","protected":false},"excerpt":{"rendered":"<p>Bahrajn to wyj\u0105tkowe miejsce o ciekawej kulturze, pi\u0119knym wybrze\u017cu i tradycyjnej sztuce. Historia, kultura i tradycje Bahrajnu \u0142\u0105cz\u0105 w sobie wp\u0142ywy r\u00f3\u017cnych imperi\u00f3w. Tradycyjna architektura Bahrajnu obejmuje r\u00f3\u017cnorodne budowle wzniesione z kamienia i b\u0142ota. Krajobrazy z historycznymi fortami i duchowymi meczetami zosta\u0142y uwiecznione w sztuce. Wybieramy kilka obraz\u00f3w przedstawiaj\u0105cych tradycje i krajobrazy Bahrajnu. Nasz wybrany [&hellip;]<\/p>\n","protected":false},"featured_media":11913,"template":"","meta":{"_acf_changed":false},"product_brand":[],"product_cat":[52],"product_tag":[],"class_list":{"0":"post-11950","1":"product","2":"type-product","3":"status-publish","4":"has-post-thumbnail","6":"product_cat-artystyczne","8":"first","9":"instock","10":"taxable","11":"shipping-taxable","12":"purchasable","13":"product-type-simple"},"acf":[],"yoast_head":"<!-- This site is optimized with the Yoast SEO plugin v27.3 - https:\/\/yoast.com\/product\/yoast-seo-wordpress\/ -->\n<title>Obraz Architektury Tradycyjnej, Bahrajn - Artystyczne - Red Karawana<\/title>\n<meta name=\"description\" content=\"Wybieramy kilka obraz\u00f3w przedstawiaj\u0105cych krajobrazy Bahrajnu. Obraz Architektury Tradycyjnej w z\u0142otej ramie przedstawia wspania\u0142e kamienne wie\u017ce i budowle.\" \/>\n<meta name=\"robots\" content=\"index, follow, max-snippet:-1, max-image-preview:large, max-video-preview:-1\" \/>\n<link rel=\"canonical\" href=\"https:\/\/redkarawana.com\/pl\/rzemioslo\/obraz-architektura-tradycyjna-bahrajn\/\" \/>\n<meta property=\"og:locale\" content=\"pl_PL\" \/>\n<meta property=\"og:type\" content=\"article\" \/>\n<meta property=\"og:title\" content=\"Obraz Architektury Tradycyjnej, Bahrajn - Artystyczne - Red Karawana\" \/>\n<meta property=\"og:description\" content=\"Wybieramy kilka obraz\u00f3w przedstawiaj\u0105cych krajobrazy Bahrajnu. Obraz Architektury Tradycyjnej w z\u0142otej ramie przedstawia wspania\u0142e kamienne wie\u017ce i budowle.\" \/>\n<meta property=\"og:url\" content=\"https:\/\/redkarawana.com\/pl\/rzemioslo\/obraz-architektura-tradycyjna-bahrajn\/\" \/>\n<meta property=\"og:site_name\" content=\"Red Karawana\" \/>\n<meta property=\"article:publisher\" content=\"https:\/\/www.facebook.com\/redkarawana\/\" \/>\n<meta property=\"article:modified_time\" content=\"2025-12-06T08:10:36+00:00\" \/>\n<meta property=\"og:image\" content=\"https:\/\/redkarawana.com\/wp-content\/uploads\/2025\/10\/1-AF-Bahrain-Traditional-Architecture-Artwork-1024x538.jpg\" \/>\n<meta name=\"twitter:card\" content=\"summary_large_image\" \/>\n<meta name=\"twitter:label1\" content=\"Szacowany czas czytania\" \/>\n\t<meta name=\"twitter:data1\" content=\"1 minuta\" \/>\n<script type=\"application\/ld+json\" class=\"yoast-schema-graph\">{\"@context\":\"https:\\\/\\\/schema.org\",\"@graph\":[{\"@type\":\"WebPage\",\"@id\":\"https:\\\/\\\/redkarawana.com\\\/pl\\\/rzemioslo\\\/obraz-architektura-tradycyjna-bahrajn\\\/\",\"url\":\"https:\\\/\\\/redkarawana.com\\\/pl\\\/rzemioslo\\\/obraz-architektura-tradycyjna-bahrajn\\\/\",\"name\":\"Obraz Architektury Tradycyjnej, Bahrajn - Artystyczne - Red Karawana\",\"isPartOf\":{\"@id\":\"https:\\\/\\\/redkarawana.com\\\/#website\"},\"primaryImageOfPage\":{\"@id\":\"https:\\\/\\\/redkarawana.com\\\/pl\\\/rzemioslo\\\/obraz-architektura-tradycyjna-bahrajn\\\/#primaryimage\"},\"image\":{\"@id\":\"https:\\\/\\\/redkarawana.com\\\/pl\\\/rzemioslo\\\/obraz-architektura-tradycyjna-bahrajn\\\/#primaryimage\"},\"thumbnailUrl\":\"https:\\\/\\\/redkarawana.com\\\/wp-content\\\/uploads\\\/2025\\\/10\\\/1-Feature-Bahrain-Traditional-Architecture-Artwork.jpg\",\"datePublished\":\"2025-11-30T03:40:24+00:00\",\"dateModified\":\"2025-12-06T08:10:36+00:00\",\"description\":\"Wybieramy kilka obraz\u00f3w przedstawiaj\u0105cych krajobrazy Bahrajnu. Obraz Architektury Tradycyjnej w z\u0142otej ramie przedstawia wspania\u0142e kamienne wie\u017ce i budowle.\",\"breadcrumb\":{\"@id\":\"https:\\\/\\\/redkarawana.com\\\/pl\\\/rzemioslo\\\/obraz-architektura-tradycyjna-bahrajn\\\/#breadcrumb\"},\"inLanguage\":\"pl-PL\",\"potentialAction\":[{\"@type\":\"ReadAction\",\"target\":[\"https:\\\/\\\/redkarawana.com\\\/pl\\\/rzemioslo\\\/obraz-architektura-tradycyjna-bahrajn\\\/\"]}]},{\"@type\":\"ImageObject\",\"inLanguage\":\"pl-PL\",\"@id\":\"https:\\\/\\\/redkarawana.com\\\/pl\\\/rzemioslo\\\/obraz-architektura-tradycyjna-bahrajn\\\/#primaryimage\",\"url\":\"https:\\\/\\\/redkarawana.com\\\/wp-content\\\/uploads\\\/2025\\\/10\\\/1-Feature-Bahrain-Traditional-Architecture-Artwork.jpg\",\"contentUrl\":\"https:\\\/\\\/redkarawana.com\\\/wp-content\\\/uploads\\\/2025\\\/10\\\/1-Feature-Bahrain-Traditional-Architecture-Artwork.jpg\",\"width\":680,\"height\":453,\"caption\":\"Bahrajn, Obraz Architektury Tradycyjnej\"},{\"@type\":\"BreadcrumbList\",\"@id\":\"https:\\\/\\\/redkarawana.com\\\/pl\\\/rzemioslo\\\/obraz-architektura-tradycyjna-bahrajn\\\/#breadcrumb\",\"itemListElement\":[{\"@type\":\"ListItem\",\"position\":1,\"name\":\"Home\",\"item\":\"https:\\\/\\\/redkarawana.com\\\/pl\\\/\"},{\"@type\":\"ListItem\",\"position\":2,\"name\":\"Rzemios\u0142a\",\"item\":\"https:\\\/\\\/redkarawana.com\\\/pl\\\/rzemiosla\\\/\"},{\"@type\":\"ListItem\",\"position\":3,\"name\":\"Obraz Architektury Tradycyjnej, Bahrajn; Symbole Historii i Kultury\"}]},{\"@type\":\"WebSite\",\"@id\":\"https:\\\/\\\/redkarawana.com\\\/#website\",\"url\":\"https:\\\/\\\/redkarawana.com\\\/\",\"name\":\"Red Karawana\",\"description\":\"\",\"publisher\":{\"@id\":\"https:\\\/\\\/redkarawana.com\\\/#organization\"},\"potentialAction\":[{\"@type\":\"SearchAction\",\"target\":{\"@type\":\"EntryPoint\",\"urlTemplate\":\"https:\\\/\\\/redkarawana.com\\\/?s={search_term_string}\"},\"query-input\":{\"@type\":\"PropertyValueSpecification\",\"valueRequired\":true,\"valueName\":\"search_term_string\"}}],\"inLanguage\":\"pl-PL\"},{\"@type\":\"Organization\",\"@id\":\"https:\\\/\\\/redkarawana.com\\\/#organization\",\"name\":\"Red Karawana\",\"url\":\"https:\\\/\\\/redkarawana.com\\\/\",\"logo\":{\"@type\":\"ImageObject\",\"inLanguage\":\"pl-PL\",\"@id\":\"https:\\\/\\\/redkarawana.com\\\/#\\\/schema\\\/logo\\\/image\\\/\",\"url\":\"https:\\\/\\\/redkarawana.com\\\/wp-content\\\/uploads\\\/2025\\\/05\\\/cropped-Screenshot-2025-05-29-at-09.27.38.png\",\"contentUrl\":\"https:\\\/\\\/redkarawana.com\\\/wp-content\\\/uploads\\\/2025\\\/05\\\/cropped-Screenshot-2025-05-29-at-09.27.38.png\",\"width\":512,\"height\":512,\"caption\":\"Red Karawana\"},\"image\":{\"@id\":\"https:\\\/\\\/redkarawana.com\\\/#\\\/schema\\\/logo\\\/image\\\/\"},\"sameAs\":[\"https:\\\/\\\/www.facebook.com\\\/redkarawana\\\/\",\"https:\\\/\\\/www.instagram.com\\\/redkarawana\\\/\",\"https:\\\/\\\/www.youtube.com\\\/channel\\\/UCU9jXzSmyKm4ZZv38FEXGKg\",\"https:\\\/\\\/www.pinterest.com\\\/redkarawana\\\/\"]}]}<\/script>\n<!-- \/ Yoast SEO plugin. -->","yoast_head_json":{"title":"Obraz Architektury Tradycyjnej, Bahrajn - Artystyczne - Red Karawana","description":"Wybieramy kilka obraz\u00f3w przedstawiaj\u0105cych krajobrazy Bahrajnu. Obraz Architektury Tradycyjnej w z\u0142otej ramie przedstawia wspania\u0142e kamienne wie\u017ce i budowle.","robots":{"index":"index","follow":"follow","max-snippet":"max-snippet:-1","max-image-preview":"max-image-preview:large","max-video-preview":"max-video-preview:-1"},"canonical":"https:\/\/redkarawana.com\/pl\/rzemioslo\/obraz-architektura-tradycyjna-bahrajn\/","og_locale":"pl_PL","og_type":"article","og_title":"Obraz Architektury Tradycyjnej, Bahrajn - Artystyczne - Red Karawana","og_description":"Wybieramy kilka obraz\u00f3w przedstawiaj\u0105cych krajobrazy Bahrajnu. Obraz Architektury Tradycyjnej w z\u0142otej ramie przedstawia wspania\u0142e kamienne wie\u017ce i budowle.","og_url":"https:\/\/redkarawana.com\/pl\/rzemioslo\/obraz-architektura-tradycyjna-bahrajn\/","og_site_name":"Red Karawana","article_publisher":"https:\/\/www.facebook.com\/redkarawana\/","article_modified_time":"2025-12-06T08:10:36+00:00","og_image":[{"url":"https:\/\/redkarawana.com\/wp-content\/uploads\/2025\/10\/1-AF-Bahrain-Traditional-Architecture-Artwork-1024x538.jpg","type":"","width":"","height":""}],"twitter_card":"summary_large_image","twitter_misc":{"Szacowany czas czytania":"1 minuta"},"schema":{"@context":"https:\/\/schema.org","@graph":[{"@type":"WebPage","@id":"https:\/\/redkarawana.com\/pl\/rzemioslo\/obraz-architektura-tradycyjna-bahrajn\/","url":"https:\/\/redkarawana.com\/pl\/rzemioslo\/obraz-architektura-tradycyjna-bahrajn\/","name":"Obraz Architektury Tradycyjnej, Bahrajn - Artystyczne - Red Karawana","isPartOf":{"@id":"https:\/\/redkarawana.com\/#website"},"primaryImageOfPage":{"@id":"https:\/\/redkarawana.com\/pl\/rzemioslo\/obraz-architektura-tradycyjna-bahrajn\/#primaryimage"},"image":{"@id":"https:\/\/redkarawana.com\/pl\/rzemioslo\/obraz-architektura-tradycyjna-bahrajn\/#primaryimage"},"thumbnailUrl":"https:\/\/redkarawana.com\/wp-content\/uploads\/2025\/10\/1-Feature-Bahrain-Traditional-Architecture-Artwork.jpg","datePublished":"2025-11-30T03:40:24+00:00","dateModified":"2025-12-06T08:10:36+00:00","description":"Wybieramy kilka obraz\u00f3w przedstawiaj\u0105cych krajobrazy Bahrajnu. Obraz Architektury Tradycyjnej w z\u0142otej ramie przedstawia wspania\u0142e kamienne wie\u017ce i budowle.","breadcrumb":{"@id":"https:\/\/redkarawana.com\/pl\/rzemioslo\/obraz-architektura-tradycyjna-bahrajn\/#breadcrumb"},"inLanguage":"pl-PL","potentialAction":[{"@type":"ReadAction","target":["https:\/\/redkarawana.com\/pl\/rzemioslo\/obraz-architektura-tradycyjna-bahrajn\/"]}]},{"@type":"ImageObject","inLanguage":"pl-PL","@id":"https:\/\/redkarawana.com\/pl\/rzemioslo\/obraz-architektura-tradycyjna-bahrajn\/#primaryimage","url":"https:\/\/redkarawana.com\/wp-content\/uploads\/2025\/10\/1-Feature-Bahrain-Traditional-Architecture-Artwork.jpg","contentUrl":"https:\/\/redkarawana.com\/wp-content\/uploads\/2025\/10\/1-Feature-Bahrain-Traditional-Architecture-Artwork.jpg","width":680,"height":453,"caption":"Bahrajn, Obraz Architektury Tradycyjnej"},{"@type":"BreadcrumbList","@id":"https:\/\/redkarawana.com\/pl\/rzemioslo\/obraz-architektura-tradycyjna-bahrajn\/#breadcrumb","itemListElement":[{"@type":"ListItem","position":1,"name":"Home","item":"https:\/\/redkarawana.com\/pl\/"},{"@type":"ListItem","position":2,"name":"Rzemios\u0142a","item":"https:\/\/redkarawana.com\/pl\/rzemiosla\/"},{"@type":"ListItem","position":3,"name":"Obraz Architektury Tradycyjnej, Bahrajn; Symbole Historii i Kultury"}]},{"@type":"WebSite","@id":"https:\/\/redkarawana.com\/#website","url":"https:\/\/redkarawana.com\/","name":"Red Karawana","description":"","publisher":{"@id":"https:\/\/redkarawana.com\/#organization"},"potentialAction":[{"@type":"SearchAction","target":{"@type":"EntryPoint","urlTemplate":"https:\/\/redkarawana.com\/?s={search_term_string}"},"query-input":{"@type":"PropertyValueSpecification","valueRequired":true,"valueName":"search_term_string"}}],"inLanguage":"pl-PL"},{"@type":"Organization","@id":"https:\/\/redkarawana.com\/#organization","name":"Red Karawana","url":"https:\/\/redkarawana.com\/","logo":{"@type":"ImageObject","inLanguage":"pl-PL","@id":"https:\/\/redkarawana.com\/#\/schema\/logo\/image\/","url":"https:\/\/redkarawana.com\/wp-content\/uploads\/2025\/05\/cropped-Screenshot-2025-05-29-at-09.27.38.png","contentUrl":"https:\/\/redkarawana.com\/wp-content\/uploads\/2025\/05\/cropped-Screenshot-2025-05-29-at-09.27.38.png","width":512,"height":512,"caption":"Red Karawana"},"image":{"@id":"https:\/\/redkarawana.com\/#\/schema\/logo\/image\/"},"sameAs":["https:\/\/www.facebook.com\/redkarawana\/","https:\/\/www.instagram.com\/redkarawana\/","https:\/\/www.youtube.com\/channel\/UCU9jXzSmyKm4ZZv38FEXGKg","https:\/\/www.pinterest.com\/redkarawana\/"]}]}},"_links":{"self":[{"href":"https:\/\/redkarawana.com\/pl\/wp-json\/wp\/v2\/product\/11950","targetHints":{"allow":["GET"]}}],"collection":[{"href":"https:\/\/redkarawana.com\/pl\/wp-json\/wp\/v2\/product"}],"about":[{"href":"https:\/\/redkarawana.com\/pl\/wp-json\/wp\/v2\/types\/product"}],"wp:featuredmedia":[{"embeddable":true,"href":"https:\/\/redkarawana.com\/pl\/wp-json\/wp\/v2\/media\/11913"}],"wp:attachment":[{"href":"https:\/\/redkarawana.com\/pl\/wp-json\/wp\/v2\/media?parent=11950"}],"wp:term":[{"taxonomy":"product_brand","embeddable":true,"href":"https:\/\/redkarawana.com\/pl\/wp-json\/wp\/v2\/product_brand?post=11950"},{"taxonomy":"product_cat","embeddable":true,"href":"https:\/\/redkarawana.com\/pl\/wp-json\/wp\/v2\/product_cat?post=11950"},{"taxonomy":"product_tag","embeddable":true,"href":"https:\/\/redkarawana.com\/pl\/wp-json\/wp\/v2\/product_tag?post=11950"}],"curies":[{"name":"wp","href":"https:\/\/api.w.org\/{rel}","templated":true}]}}