{"id":12022,"date":"2025-11-30T04:20:14","date_gmt":"2025-11-30T04:20:14","guid":{"rendered":"https:\/\/redkarawana.com\/artisan\/moscow-church-artwork-russia\/"},"modified":"2025-12-06T07:44:23","modified_gmt":"2025-12-06T07:44:23","slug":"obraz-kosciol-moskwa-rosja","status":"publish","type":"product","link":"https:\/\/redkarawana.com\/pl\/rzemioslo\/obraz-kosciol-moskwa-rosja\/","title":{"rendered":"Obraz Ko\u015bcio\u0142a w Moskwie, Rosja; Pi\u0119kna Architektura Sakralna"},"content":{"rendered":"<p>Rosyjskie dzie\u0142a sztuki odzwierciedlaj\u0105 fascynuj\u0105c\u0105 kultur\u0119 i pi\u0119kn\u0105 architektur\u0119 Rosji. Wiele muze\u00f3w prezentuje spektakularne arcydzie\u0142a i historyczne obrazy. Architektura Rosji nadal stanowi inspiracj\u0119 dla artyst\u00f3w z ca\u0142ego \u015bwiata. Nasz Obraz Ko\u015bcio\u0142a w Moskwie przedstawia zabytkow\u0105 Katedr\u0119 \u015aw. Bazylego. Obraz Ko\u015bcio\u0142a w Moskwie w z\u0142otej ramie przedstawia kolorowe kopu\u0142y katedry na tle \u015bnie\u017cnej zimy. Wymiary: Obraz Ko\u015bcio\u0142a w Moskwie (wysoko\u015b\u0107 12 cali, szeroko\u015b\u0107 10 1\/4 cala).<\/p>\n","protected":false},"excerpt":{"rendered":"<p>Rosyjskie dzie\u0142a sztuki odzwierciedlaj\u0105 fascynuj\u0105c\u0105 kultur\u0119 i pi\u0119kn\u0105 architektur\u0119 Rosji. Wiele muze\u00f3w prezentuje spektakularne arcydzie\u0142a i historyczne obrazy. Architektura Rosji nadal stanowi inspiracj\u0119 dla artyst\u00f3w z ca\u0142ego \u015bwiata. Nasz Obraz Ko\u015bcio\u0142a w Moskwie przedstawia zabytkow\u0105 Katedr\u0119 \u015aw. Bazylego. Obraz Ko\u015bcio\u0142a w Moskwie w z\u0142otej ramie przedstawia kolorowe kopu\u0142y katedry na tle \u015bnie\u017cnej zimy. Wymiary: Obraz [&hellip;]<\/p>\n","protected":false},"featured_media":11982,"template":"","meta":{"_acf_changed":false},"product_brand":[],"product_cat":[52],"product_tag":[],"class_list":{"0":"post-12022","1":"product","2":"type-product","3":"status-publish","4":"has-post-thumbnail","6":"product_cat-artystyczne","8":"first","9":"instock","10":"taxable","11":"shipping-taxable","12":"purchasable","13":"product-type-simple"},"acf":[],"yoast_head":"<!-- This site is optimized with the Yoast SEO plugin v27.3 - https:\/\/yoast.com\/product\/yoast-seo-wordpress\/ -->\n<title>Obraz Ko\u015bcio\u0142a w Moskwie, Rosja - Artystyczne - Red Karawana<\/title>\n<meta name=\"description\" content=\"Nasz Obraz Ko\u015bcio\u0142a w Moskwie przedstawia zabytkow\u0105 architektur\u0119. Obraz Ko\u015bcio\u0142a w Moskwie w z\u0142otej ramie przedstawia kolorowe kopu\u0142y katedry na tle zimy.\" \/>\n<meta name=\"robots\" content=\"index, follow, max-snippet:-1, max-image-preview:large, max-video-preview:-1\" \/>\n<link rel=\"canonical\" href=\"https:\/\/redkarawana.com\/pl\/rzemioslo\/obraz-kosciol-moskwa-rosja\/\" \/>\n<meta property=\"og:locale\" content=\"pl_PL\" \/>\n<meta property=\"og:type\" content=\"article\" \/>\n<meta property=\"og:title\" content=\"Obraz Ko\u015bcio\u0142a w Moskwie, Rosja - Artystyczne - Red Karawana\" \/>\n<meta property=\"og:description\" content=\"Nasz Obraz Ko\u015bcio\u0142a w Moskwie przedstawia zabytkow\u0105 architektur\u0119. Obraz Ko\u015bcio\u0142a w Moskwie w z\u0142otej ramie przedstawia kolorowe kopu\u0142y katedry na tle zimy.\" \/>\n<meta property=\"og:url\" content=\"https:\/\/redkarawana.com\/pl\/rzemioslo\/obraz-kosciol-moskwa-rosja\/\" \/>\n<meta property=\"og:site_name\" content=\"Red Karawana\" \/>\n<meta property=\"article:publisher\" content=\"https:\/\/www.facebook.com\/redkarawana\/\" \/>\n<meta property=\"article:modified_time\" content=\"2025-12-06T07:44:23+00:00\" \/>\n<meta property=\"og:image\" content=\"https:\/\/redkarawana.com\/wp-content\/uploads\/2025\/10\/1-AF-Russia-Moscow-Church-Artwork-1024x538.jpg\" \/>\n<meta name=\"twitter:card\" content=\"summary_large_image\" \/>\n<meta name=\"twitter:label1\" content=\"Szacowany czas czytania\" \/>\n\t<meta name=\"twitter:data1\" content=\"1 minuta\" \/>\n<script type=\"application\/ld+json\" class=\"yoast-schema-graph\">{\"@context\":\"https:\\\/\\\/schema.org\",\"@graph\":[{\"@type\":\"WebPage\",\"@id\":\"https:\\\/\\\/redkarawana.com\\\/pl\\\/rzemioslo\\\/obraz-kosciol-moskwa-rosja\\\/\",\"url\":\"https:\\\/\\\/redkarawana.com\\\/pl\\\/rzemioslo\\\/obraz-kosciol-moskwa-rosja\\\/\",\"name\":\"Obraz Ko\u015bcio\u0142a w Moskwie, Rosja - Artystyczne - Red Karawana\",\"isPartOf\":{\"@id\":\"https:\\\/\\\/redkarawana.com\\\/#website\"},\"primaryImageOfPage\":{\"@id\":\"https:\\\/\\\/redkarawana.com\\\/pl\\\/rzemioslo\\\/obraz-kosciol-moskwa-rosja\\\/#primaryimage\"},\"image\":{\"@id\":\"https:\\\/\\\/redkarawana.com\\\/pl\\\/rzemioslo\\\/obraz-kosciol-moskwa-rosja\\\/#primaryimage\"},\"thumbnailUrl\":\"https:\\\/\\\/redkarawana.com\\\/wp-content\\\/uploads\\\/2025\\\/10\\\/1-Feature-Russia-Moscow-Church-Artwork.jpg\",\"datePublished\":\"2025-11-30T04:20:14+00:00\",\"dateModified\":\"2025-12-06T07:44:23+00:00\",\"description\":\"Nasz Obraz Ko\u015bcio\u0142a w Moskwie przedstawia zabytkow\u0105 architektur\u0119. Obraz Ko\u015bcio\u0142a w Moskwie w z\u0142otej ramie przedstawia kolorowe kopu\u0142y katedry na tle zimy.\",\"breadcrumb\":{\"@id\":\"https:\\\/\\\/redkarawana.com\\\/pl\\\/rzemioslo\\\/obraz-kosciol-moskwa-rosja\\\/#breadcrumb\"},\"inLanguage\":\"pl-PL\",\"potentialAction\":[{\"@type\":\"ReadAction\",\"target\":[\"https:\\\/\\\/redkarawana.com\\\/pl\\\/rzemioslo\\\/obraz-kosciol-moskwa-rosja\\\/\"]}]},{\"@type\":\"ImageObject\",\"inLanguage\":\"pl-PL\",\"@id\":\"https:\\\/\\\/redkarawana.com\\\/pl\\\/rzemioslo\\\/obraz-kosciol-moskwa-rosja\\\/#primaryimage\",\"url\":\"https:\\\/\\\/redkarawana.com\\\/wp-content\\\/uploads\\\/2025\\\/10\\\/1-Feature-Russia-Moscow-Church-Artwork.jpg\",\"contentUrl\":\"https:\\\/\\\/redkarawana.com\\\/wp-content\\\/uploads\\\/2025\\\/10\\\/1-Feature-Russia-Moscow-Church-Artwork.jpg\",\"width\":680,\"height\":453,\"caption\":\"Rosja, Obraz Ko\u015bcio\u0142a w Moskwie\"},{\"@type\":\"BreadcrumbList\",\"@id\":\"https:\\\/\\\/redkarawana.com\\\/pl\\\/rzemioslo\\\/obraz-kosciol-moskwa-rosja\\\/#breadcrumb\",\"itemListElement\":[{\"@type\":\"ListItem\",\"position\":1,\"name\":\"Home\",\"item\":\"https:\\\/\\\/redkarawana.com\\\/pl\\\/\"},{\"@type\":\"ListItem\",\"position\":2,\"name\":\"Rzemios\u0142a\",\"item\":\"https:\\\/\\\/redkarawana.com\\\/pl\\\/rzemiosla\\\/\"},{\"@type\":\"ListItem\",\"position\":3,\"name\":\"Obraz Ko\u015bcio\u0142a w Moskwie, Rosja; Pi\u0119kna Architektura Sakralna\"}]},{\"@type\":\"WebSite\",\"@id\":\"https:\\\/\\\/redkarawana.com\\\/#website\",\"url\":\"https:\\\/\\\/redkarawana.com\\\/\",\"name\":\"Red Karawana\",\"description\":\"\",\"publisher\":{\"@id\":\"https:\\\/\\\/redkarawana.com\\\/#organization\"},\"potentialAction\":[{\"@type\":\"SearchAction\",\"target\":{\"@type\":\"EntryPoint\",\"urlTemplate\":\"https:\\\/\\\/redkarawana.com\\\/?s={search_term_string}\"},\"query-input\":{\"@type\":\"PropertyValueSpecification\",\"valueRequired\":true,\"valueName\":\"search_term_string\"}}],\"inLanguage\":\"pl-PL\"},{\"@type\":\"Organization\",\"@id\":\"https:\\\/\\\/redkarawana.com\\\/#organization\",\"name\":\"Red Karawana\",\"url\":\"https:\\\/\\\/redkarawana.com\\\/\",\"logo\":{\"@type\":\"ImageObject\",\"inLanguage\":\"pl-PL\",\"@id\":\"https:\\\/\\\/redkarawana.com\\\/#\\\/schema\\\/logo\\\/image\\\/\",\"url\":\"https:\\\/\\\/redkarawana.com\\\/wp-content\\\/uploads\\\/2025\\\/05\\\/cropped-Screenshot-2025-05-29-at-09.27.38.png\",\"contentUrl\":\"https:\\\/\\\/redkarawana.com\\\/wp-content\\\/uploads\\\/2025\\\/05\\\/cropped-Screenshot-2025-05-29-at-09.27.38.png\",\"width\":512,\"height\":512,\"caption\":\"Red Karawana\"},\"image\":{\"@id\":\"https:\\\/\\\/redkarawana.com\\\/#\\\/schema\\\/logo\\\/image\\\/\"},\"sameAs\":[\"https:\\\/\\\/www.facebook.com\\\/redkarawana\\\/\",\"https:\\\/\\\/www.instagram.com\\\/redkarawana\\\/\",\"https:\\\/\\\/www.youtube.com\\\/channel\\\/UCU9jXzSmyKm4ZZv38FEXGKg\",\"https:\\\/\\\/www.pinterest.com\\\/redkarawana\\\/\"]}]}<\/script>\n<!-- \/ Yoast SEO plugin. -->","yoast_head_json":{"title":"Obraz Ko\u015bcio\u0142a w Moskwie, Rosja - Artystyczne - Red Karawana","description":"Nasz Obraz Ko\u015bcio\u0142a w Moskwie przedstawia zabytkow\u0105 architektur\u0119. Obraz Ko\u015bcio\u0142a w Moskwie w z\u0142otej ramie przedstawia kolorowe kopu\u0142y katedry na tle zimy.","robots":{"index":"index","follow":"follow","max-snippet":"max-snippet:-1","max-image-preview":"max-image-preview:large","max-video-preview":"max-video-preview:-1"},"canonical":"https:\/\/redkarawana.com\/pl\/rzemioslo\/obraz-kosciol-moskwa-rosja\/","og_locale":"pl_PL","og_type":"article","og_title":"Obraz Ko\u015bcio\u0142a w Moskwie, Rosja - Artystyczne - Red Karawana","og_description":"Nasz Obraz Ko\u015bcio\u0142a w Moskwie przedstawia zabytkow\u0105 architektur\u0119. Obraz Ko\u015bcio\u0142a w Moskwie w z\u0142otej ramie przedstawia kolorowe kopu\u0142y katedry na tle zimy.","og_url":"https:\/\/redkarawana.com\/pl\/rzemioslo\/obraz-kosciol-moskwa-rosja\/","og_site_name":"Red Karawana","article_publisher":"https:\/\/www.facebook.com\/redkarawana\/","article_modified_time":"2025-12-06T07:44:23+00:00","og_image":[{"url":"https:\/\/redkarawana.com\/wp-content\/uploads\/2025\/10\/1-AF-Russia-Moscow-Church-Artwork-1024x538.jpg","type":"","width":"","height":""}],"twitter_card":"summary_large_image","twitter_misc":{"Szacowany czas czytania":"1 minuta"},"schema":{"@context":"https:\/\/schema.org","@graph":[{"@type":"WebPage","@id":"https:\/\/redkarawana.com\/pl\/rzemioslo\/obraz-kosciol-moskwa-rosja\/","url":"https:\/\/redkarawana.com\/pl\/rzemioslo\/obraz-kosciol-moskwa-rosja\/","name":"Obraz Ko\u015bcio\u0142a w Moskwie, Rosja - Artystyczne - Red Karawana","isPartOf":{"@id":"https:\/\/redkarawana.com\/#website"},"primaryImageOfPage":{"@id":"https:\/\/redkarawana.com\/pl\/rzemioslo\/obraz-kosciol-moskwa-rosja\/#primaryimage"},"image":{"@id":"https:\/\/redkarawana.com\/pl\/rzemioslo\/obraz-kosciol-moskwa-rosja\/#primaryimage"},"thumbnailUrl":"https:\/\/redkarawana.com\/wp-content\/uploads\/2025\/10\/1-Feature-Russia-Moscow-Church-Artwork.jpg","datePublished":"2025-11-30T04:20:14+00:00","dateModified":"2025-12-06T07:44:23+00:00","description":"Nasz Obraz Ko\u015bcio\u0142a w Moskwie przedstawia zabytkow\u0105 architektur\u0119. Obraz Ko\u015bcio\u0142a w Moskwie w z\u0142otej ramie przedstawia kolorowe kopu\u0142y katedry na tle zimy.","breadcrumb":{"@id":"https:\/\/redkarawana.com\/pl\/rzemioslo\/obraz-kosciol-moskwa-rosja\/#breadcrumb"},"inLanguage":"pl-PL","potentialAction":[{"@type":"ReadAction","target":["https:\/\/redkarawana.com\/pl\/rzemioslo\/obraz-kosciol-moskwa-rosja\/"]}]},{"@type":"ImageObject","inLanguage":"pl-PL","@id":"https:\/\/redkarawana.com\/pl\/rzemioslo\/obraz-kosciol-moskwa-rosja\/#primaryimage","url":"https:\/\/redkarawana.com\/wp-content\/uploads\/2025\/10\/1-Feature-Russia-Moscow-Church-Artwork.jpg","contentUrl":"https:\/\/redkarawana.com\/wp-content\/uploads\/2025\/10\/1-Feature-Russia-Moscow-Church-Artwork.jpg","width":680,"height":453,"caption":"Rosja, Obraz Ko\u015bcio\u0142a w Moskwie"},{"@type":"BreadcrumbList","@id":"https:\/\/redkarawana.com\/pl\/rzemioslo\/obraz-kosciol-moskwa-rosja\/#breadcrumb","itemListElement":[{"@type":"ListItem","position":1,"name":"Home","item":"https:\/\/redkarawana.com\/pl\/"},{"@type":"ListItem","position":2,"name":"Rzemios\u0142a","item":"https:\/\/redkarawana.com\/pl\/rzemiosla\/"},{"@type":"ListItem","position":3,"name":"Obraz Ko\u015bcio\u0142a w Moskwie, Rosja; Pi\u0119kna Architektura Sakralna"}]},{"@type":"WebSite","@id":"https:\/\/redkarawana.com\/#website","url":"https:\/\/redkarawana.com\/","name":"Red Karawana","description":"","publisher":{"@id":"https:\/\/redkarawana.com\/#organization"},"potentialAction":[{"@type":"SearchAction","target":{"@type":"EntryPoint","urlTemplate":"https:\/\/redkarawana.com\/?s={search_term_string}"},"query-input":{"@type":"PropertyValueSpecification","valueRequired":true,"valueName":"search_term_string"}}],"inLanguage":"pl-PL"},{"@type":"Organization","@id":"https:\/\/redkarawana.com\/#organization","name":"Red Karawana","url":"https:\/\/redkarawana.com\/","logo":{"@type":"ImageObject","inLanguage":"pl-PL","@id":"https:\/\/redkarawana.com\/#\/schema\/logo\/image\/","url":"https:\/\/redkarawana.com\/wp-content\/uploads\/2025\/05\/cropped-Screenshot-2025-05-29-at-09.27.38.png","contentUrl":"https:\/\/redkarawana.com\/wp-content\/uploads\/2025\/05\/cropped-Screenshot-2025-05-29-at-09.27.38.png","width":512,"height":512,"caption":"Red Karawana"},"image":{"@id":"https:\/\/redkarawana.com\/#\/schema\/logo\/image\/"},"sameAs":["https:\/\/www.facebook.com\/redkarawana\/","https:\/\/www.instagram.com\/redkarawana\/","https:\/\/www.youtube.com\/channel\/UCU9jXzSmyKm4ZZv38FEXGKg","https:\/\/www.pinterest.com\/redkarawana\/"]}]}},"_links":{"self":[{"href":"https:\/\/redkarawana.com\/pl\/wp-json\/wp\/v2\/product\/12022","targetHints":{"allow":["GET"]}}],"collection":[{"href":"https:\/\/redkarawana.com\/pl\/wp-json\/wp\/v2\/product"}],"about":[{"href":"https:\/\/redkarawana.com\/pl\/wp-json\/wp\/v2\/types\/product"}],"wp:featuredmedia":[{"embeddable":true,"href":"https:\/\/redkarawana.com\/pl\/wp-json\/wp\/v2\/media\/11982"}],"wp:attachment":[{"href":"https:\/\/redkarawana.com\/pl\/wp-json\/wp\/v2\/media?parent=12022"}],"wp:term":[{"taxonomy":"product_brand","embeddable":true,"href":"https:\/\/redkarawana.com\/pl\/wp-json\/wp\/v2\/product_brand?post=12022"},{"taxonomy":"product_cat","embeddable":true,"href":"https:\/\/redkarawana.com\/pl\/wp-json\/wp\/v2\/product_cat?post=12022"},{"taxonomy":"product_tag","embeddable":true,"href":"https:\/\/redkarawana.com\/pl\/wp-json\/wp\/v2\/product_tag?post=12022"}],"curies":[{"name":"wp","href":"https:\/\/api.w.org\/{rel}","templated":true}]}}