{"id":12078,"date":"2025-11-30T05:00:43","date_gmt":"2025-11-30T05:00:43","guid":{"rendered":"https:\/\/redkarawana.com\/artisan\/ancient-town-artwork-china\/"},"modified":"2025-12-06T07:27:06","modified_gmt":"2025-12-06T07:27:06","slug":"obraz-starozytne-miasto-chiny","status":"publish","type":"product","link":"https:\/\/redkarawana.com\/pl\/rzemioslo\/obraz-starozytne-miasto-chiny\/","title":{"rendered":"Obraz Staro\u017cytnego Miasta, Chiny; Tradycyjny Styl Architektoniczny"},"content":{"rendered":"<p>Chiny to kraj o bogatej historii i spektakularnych krajobrazach. W miastach i wioskach tego kraju mo\u017cna podziwia\u0107 cesarskie pa\u0142ace, \u015bwi\u0105tynie i stanowiska archeologiczne. Ulice oferuj\u0105 widok na staro\u017cytn\u0105 architektur\u0119, ogrody botaniczne i kwitn\u0105ce drzewa. Wybieramy kilka obraz\u00f3w przedstawiaj\u0105cych tradycyjn\u0105 architektur\u0119 i otaczaj\u0105c\u0105 j\u0105 przyrod\u0119. Nasz wybrany Obraz Staro\u017cytnego Miasta przedstawia cesarskie budowle i kolorowe kwitn\u0105ce drzewa. Wymiary: Obraz Staro\u017cytnego Miasta (wysoko\u015b\u0107 12 cali, szeroko\u015b\u0107 12 cali).<\/p>\n","protected":false},"excerpt":{"rendered":"<p>Chiny to kraj o bogatej historii i spektakularnych krajobrazach. W miastach i wioskach tego kraju mo\u017cna podziwia\u0107 cesarskie pa\u0142ace, \u015bwi\u0105tynie i stanowiska archeologiczne. Ulice oferuj\u0105 widok na staro\u017cytn\u0105 architektur\u0119, ogrody botaniczne i kwitn\u0105ce drzewa. Wybieramy kilka obraz\u00f3w przedstawiaj\u0105cych tradycyjn\u0105 architektur\u0119 i otaczaj\u0105c\u0105 j\u0105 przyrod\u0119. Nasz wybrany Obraz Staro\u017cytnego Miasta przedstawia cesarskie budowle i kolorowe kwitn\u0105ce [&hellip;]<\/p>\n","protected":false},"featured_media":12057,"template":"","meta":{"_acf_changed":false},"product_brand":[],"product_cat":[52],"product_tag":[],"class_list":{"0":"post-12078","1":"product","2":"type-product","3":"status-publish","4":"has-post-thumbnail","6":"product_cat-artystyczne","8":"first","9":"instock","10":"taxable","11":"shipping-taxable","12":"purchasable","13":"product-type-simple"},"acf":[],"yoast_head":"<!-- This site is optimized with the Yoast SEO plugin v27.3 - https:\/\/yoast.com\/product\/yoast-seo-wordpress\/ -->\n<title>Obraz Staro\u017cytnego Miasta, Chiny - Artystyczne - Red Karawana<\/title>\n<meta name=\"description\" content=\"Wybieramy kilka obraz\u00f3w. Nasz wybrany Obraz Staro\u017cytnego Miasta przedstawia cesarskie budowle i kolorowe kwitn\u0105ce drzewa.\" \/>\n<meta name=\"robots\" content=\"index, follow, max-snippet:-1, max-image-preview:large, max-video-preview:-1\" \/>\n<link rel=\"canonical\" href=\"https:\/\/redkarawana.com\/pl\/rzemioslo\/obraz-starozytne-miasto-chiny\/\" \/>\n<meta property=\"og:locale\" content=\"pl_PL\" \/>\n<meta property=\"og:type\" content=\"article\" \/>\n<meta property=\"og:title\" content=\"Obraz Staro\u017cytnego Miasta, Chiny - Artystyczne - Red Karawana\" \/>\n<meta property=\"og:description\" content=\"Wybieramy kilka obraz\u00f3w. Nasz wybrany Obraz Staro\u017cytnego Miasta przedstawia cesarskie budowle i kolorowe kwitn\u0105ce drzewa.\" \/>\n<meta property=\"og:url\" content=\"https:\/\/redkarawana.com\/pl\/rzemioslo\/obraz-starozytne-miasto-chiny\/\" \/>\n<meta property=\"og:site_name\" content=\"Red Karawana\" \/>\n<meta property=\"article:publisher\" content=\"https:\/\/www.facebook.com\/redkarawana\/\" \/>\n<meta property=\"article:modified_time\" content=\"2025-12-06T07:27:06+00:00\" \/>\n<meta property=\"og:image\" content=\"https:\/\/redkarawana.com\/wp-content\/uploads\/2025\/10\/1-AF-China-Ancient-Town-Artwork-1024x538.jpg\" \/>\n<meta name=\"twitter:card\" content=\"summary_large_image\" \/>\n<meta name=\"twitter:label1\" content=\"Szacowany czas czytania\" \/>\n\t<meta name=\"twitter:data1\" content=\"1 minuta\" \/>\n<script type=\"application\/ld+json\" class=\"yoast-schema-graph\">{\"@context\":\"https:\\\/\\\/schema.org\",\"@graph\":[{\"@type\":\"WebPage\",\"@id\":\"https:\\\/\\\/redkarawana.com\\\/pl\\\/rzemioslo\\\/obraz-starozytne-miasto-chiny\\\/\",\"url\":\"https:\\\/\\\/redkarawana.com\\\/pl\\\/rzemioslo\\\/obraz-starozytne-miasto-chiny\\\/\",\"name\":\"Obraz Staro\u017cytnego Miasta, Chiny - Artystyczne - Red Karawana\",\"isPartOf\":{\"@id\":\"https:\\\/\\\/redkarawana.com\\\/#website\"},\"primaryImageOfPage\":{\"@id\":\"https:\\\/\\\/redkarawana.com\\\/pl\\\/rzemioslo\\\/obraz-starozytne-miasto-chiny\\\/#primaryimage\"},\"image\":{\"@id\":\"https:\\\/\\\/redkarawana.com\\\/pl\\\/rzemioslo\\\/obraz-starozytne-miasto-chiny\\\/#primaryimage\"},\"thumbnailUrl\":\"https:\\\/\\\/redkarawana.com\\\/wp-content\\\/uploads\\\/2025\\\/10\\\/1-Feature-China-Ancient-Town-Artwork.jpg\",\"datePublished\":\"2025-11-30T05:00:43+00:00\",\"dateModified\":\"2025-12-06T07:27:06+00:00\",\"description\":\"Wybieramy kilka obraz\u00f3w. Nasz wybrany Obraz Staro\u017cytnego Miasta przedstawia cesarskie budowle i kolorowe kwitn\u0105ce drzewa.\",\"breadcrumb\":{\"@id\":\"https:\\\/\\\/redkarawana.com\\\/pl\\\/rzemioslo\\\/obraz-starozytne-miasto-chiny\\\/#breadcrumb\"},\"inLanguage\":\"pl-PL\",\"potentialAction\":[{\"@type\":\"ReadAction\",\"target\":[\"https:\\\/\\\/redkarawana.com\\\/pl\\\/rzemioslo\\\/obraz-starozytne-miasto-chiny\\\/\"]}]},{\"@type\":\"ImageObject\",\"inLanguage\":\"pl-PL\",\"@id\":\"https:\\\/\\\/redkarawana.com\\\/pl\\\/rzemioslo\\\/obraz-starozytne-miasto-chiny\\\/#primaryimage\",\"url\":\"https:\\\/\\\/redkarawana.com\\\/wp-content\\\/uploads\\\/2025\\\/10\\\/1-Feature-China-Ancient-Town-Artwork.jpg\",\"contentUrl\":\"https:\\\/\\\/redkarawana.com\\\/wp-content\\\/uploads\\\/2025\\\/10\\\/1-Feature-China-Ancient-Town-Artwork.jpg\",\"width\":680,\"height\":453,\"caption\":\"Chiny, Obraz Staro\u017cytnego Miasta\"},{\"@type\":\"BreadcrumbList\",\"@id\":\"https:\\\/\\\/redkarawana.com\\\/pl\\\/rzemioslo\\\/obraz-starozytne-miasto-chiny\\\/#breadcrumb\",\"itemListElement\":[{\"@type\":\"ListItem\",\"position\":1,\"name\":\"Home\",\"item\":\"https:\\\/\\\/redkarawana.com\\\/pl\\\/\"},{\"@type\":\"ListItem\",\"position\":2,\"name\":\"Rzemios\u0142a\",\"item\":\"https:\\\/\\\/redkarawana.com\\\/pl\\\/rzemiosla\\\/\"},{\"@type\":\"ListItem\",\"position\":3,\"name\":\"Obraz Staro\u017cytnego Miasta, Chiny; Tradycyjny Styl Architektoniczny\"}]},{\"@type\":\"WebSite\",\"@id\":\"https:\\\/\\\/redkarawana.com\\\/#website\",\"url\":\"https:\\\/\\\/redkarawana.com\\\/\",\"name\":\"Red Karawana\",\"description\":\"\",\"publisher\":{\"@id\":\"https:\\\/\\\/redkarawana.com\\\/#organization\"},\"potentialAction\":[{\"@type\":\"SearchAction\",\"target\":{\"@type\":\"EntryPoint\",\"urlTemplate\":\"https:\\\/\\\/redkarawana.com\\\/?s={search_term_string}\"},\"query-input\":{\"@type\":\"PropertyValueSpecification\",\"valueRequired\":true,\"valueName\":\"search_term_string\"}}],\"inLanguage\":\"pl-PL\"},{\"@type\":\"Organization\",\"@id\":\"https:\\\/\\\/redkarawana.com\\\/#organization\",\"name\":\"Red Karawana\",\"url\":\"https:\\\/\\\/redkarawana.com\\\/\",\"logo\":{\"@type\":\"ImageObject\",\"inLanguage\":\"pl-PL\",\"@id\":\"https:\\\/\\\/redkarawana.com\\\/#\\\/schema\\\/logo\\\/image\\\/\",\"url\":\"https:\\\/\\\/redkarawana.com\\\/wp-content\\\/uploads\\\/2025\\\/05\\\/cropped-Screenshot-2025-05-29-at-09.27.38.png\",\"contentUrl\":\"https:\\\/\\\/redkarawana.com\\\/wp-content\\\/uploads\\\/2025\\\/05\\\/cropped-Screenshot-2025-05-29-at-09.27.38.png\",\"width\":512,\"height\":512,\"caption\":\"Red Karawana\"},\"image\":{\"@id\":\"https:\\\/\\\/redkarawana.com\\\/#\\\/schema\\\/logo\\\/image\\\/\"},\"sameAs\":[\"https:\\\/\\\/www.facebook.com\\\/redkarawana\\\/\",\"https:\\\/\\\/www.instagram.com\\\/redkarawana\\\/\",\"https:\\\/\\\/www.youtube.com\\\/channel\\\/UCU9jXzSmyKm4ZZv38FEXGKg\",\"https:\\\/\\\/www.pinterest.com\\\/redkarawana\\\/\"]}]}<\/script>\n<!-- \/ Yoast SEO plugin. -->","yoast_head_json":{"title":"Obraz Staro\u017cytnego Miasta, Chiny - Artystyczne - Red Karawana","description":"Wybieramy kilka obraz\u00f3w. Nasz wybrany Obraz Staro\u017cytnego Miasta przedstawia cesarskie budowle i kolorowe kwitn\u0105ce drzewa.","robots":{"index":"index","follow":"follow","max-snippet":"max-snippet:-1","max-image-preview":"max-image-preview:large","max-video-preview":"max-video-preview:-1"},"canonical":"https:\/\/redkarawana.com\/pl\/rzemioslo\/obraz-starozytne-miasto-chiny\/","og_locale":"pl_PL","og_type":"article","og_title":"Obraz Staro\u017cytnego Miasta, Chiny - Artystyczne - Red Karawana","og_description":"Wybieramy kilka obraz\u00f3w. Nasz wybrany Obraz Staro\u017cytnego Miasta przedstawia cesarskie budowle i kolorowe kwitn\u0105ce drzewa.","og_url":"https:\/\/redkarawana.com\/pl\/rzemioslo\/obraz-starozytne-miasto-chiny\/","og_site_name":"Red Karawana","article_publisher":"https:\/\/www.facebook.com\/redkarawana\/","article_modified_time":"2025-12-06T07:27:06+00:00","og_image":[{"url":"https:\/\/redkarawana.com\/wp-content\/uploads\/2025\/10\/1-AF-China-Ancient-Town-Artwork-1024x538.jpg","type":"","width":"","height":""}],"twitter_card":"summary_large_image","twitter_misc":{"Szacowany czas czytania":"1 minuta"},"schema":{"@context":"https:\/\/schema.org","@graph":[{"@type":"WebPage","@id":"https:\/\/redkarawana.com\/pl\/rzemioslo\/obraz-starozytne-miasto-chiny\/","url":"https:\/\/redkarawana.com\/pl\/rzemioslo\/obraz-starozytne-miasto-chiny\/","name":"Obraz Staro\u017cytnego Miasta, Chiny - Artystyczne - Red Karawana","isPartOf":{"@id":"https:\/\/redkarawana.com\/#website"},"primaryImageOfPage":{"@id":"https:\/\/redkarawana.com\/pl\/rzemioslo\/obraz-starozytne-miasto-chiny\/#primaryimage"},"image":{"@id":"https:\/\/redkarawana.com\/pl\/rzemioslo\/obraz-starozytne-miasto-chiny\/#primaryimage"},"thumbnailUrl":"https:\/\/redkarawana.com\/wp-content\/uploads\/2025\/10\/1-Feature-China-Ancient-Town-Artwork.jpg","datePublished":"2025-11-30T05:00:43+00:00","dateModified":"2025-12-06T07:27:06+00:00","description":"Wybieramy kilka obraz\u00f3w. Nasz wybrany Obraz Staro\u017cytnego Miasta przedstawia cesarskie budowle i kolorowe kwitn\u0105ce drzewa.","breadcrumb":{"@id":"https:\/\/redkarawana.com\/pl\/rzemioslo\/obraz-starozytne-miasto-chiny\/#breadcrumb"},"inLanguage":"pl-PL","potentialAction":[{"@type":"ReadAction","target":["https:\/\/redkarawana.com\/pl\/rzemioslo\/obraz-starozytne-miasto-chiny\/"]}]},{"@type":"ImageObject","inLanguage":"pl-PL","@id":"https:\/\/redkarawana.com\/pl\/rzemioslo\/obraz-starozytne-miasto-chiny\/#primaryimage","url":"https:\/\/redkarawana.com\/wp-content\/uploads\/2025\/10\/1-Feature-China-Ancient-Town-Artwork.jpg","contentUrl":"https:\/\/redkarawana.com\/wp-content\/uploads\/2025\/10\/1-Feature-China-Ancient-Town-Artwork.jpg","width":680,"height":453,"caption":"Chiny, Obraz Staro\u017cytnego Miasta"},{"@type":"BreadcrumbList","@id":"https:\/\/redkarawana.com\/pl\/rzemioslo\/obraz-starozytne-miasto-chiny\/#breadcrumb","itemListElement":[{"@type":"ListItem","position":1,"name":"Home","item":"https:\/\/redkarawana.com\/pl\/"},{"@type":"ListItem","position":2,"name":"Rzemios\u0142a","item":"https:\/\/redkarawana.com\/pl\/rzemiosla\/"},{"@type":"ListItem","position":3,"name":"Obraz Staro\u017cytnego Miasta, Chiny; Tradycyjny Styl Architektoniczny"}]},{"@type":"WebSite","@id":"https:\/\/redkarawana.com\/#website","url":"https:\/\/redkarawana.com\/","name":"Red Karawana","description":"","publisher":{"@id":"https:\/\/redkarawana.com\/#organization"},"potentialAction":[{"@type":"SearchAction","target":{"@type":"EntryPoint","urlTemplate":"https:\/\/redkarawana.com\/?s={search_term_string}"},"query-input":{"@type":"PropertyValueSpecification","valueRequired":true,"valueName":"search_term_string"}}],"inLanguage":"pl-PL"},{"@type":"Organization","@id":"https:\/\/redkarawana.com\/#organization","name":"Red Karawana","url":"https:\/\/redkarawana.com\/","logo":{"@type":"ImageObject","inLanguage":"pl-PL","@id":"https:\/\/redkarawana.com\/#\/schema\/logo\/image\/","url":"https:\/\/redkarawana.com\/wp-content\/uploads\/2025\/05\/cropped-Screenshot-2025-05-29-at-09.27.38.png","contentUrl":"https:\/\/redkarawana.com\/wp-content\/uploads\/2025\/05\/cropped-Screenshot-2025-05-29-at-09.27.38.png","width":512,"height":512,"caption":"Red Karawana"},"image":{"@id":"https:\/\/redkarawana.com\/#\/schema\/logo\/image\/"},"sameAs":["https:\/\/www.facebook.com\/redkarawana\/","https:\/\/www.instagram.com\/redkarawana\/","https:\/\/www.youtube.com\/channel\/UCU9jXzSmyKm4ZZv38FEXGKg","https:\/\/www.pinterest.com\/redkarawana\/"]}]}},"_links":{"self":[{"href":"https:\/\/redkarawana.com\/pl\/wp-json\/wp\/v2\/product\/12078","targetHints":{"allow":["GET"]}}],"collection":[{"href":"https:\/\/redkarawana.com\/pl\/wp-json\/wp\/v2\/product"}],"about":[{"href":"https:\/\/redkarawana.com\/pl\/wp-json\/wp\/v2\/types\/product"}],"wp:featuredmedia":[{"embeddable":true,"href":"https:\/\/redkarawana.com\/pl\/wp-json\/wp\/v2\/media\/12057"}],"wp:attachment":[{"href":"https:\/\/redkarawana.com\/pl\/wp-json\/wp\/v2\/media?parent=12078"}],"wp:term":[{"taxonomy":"product_brand","embeddable":true,"href":"https:\/\/redkarawana.com\/pl\/wp-json\/wp\/v2\/product_brand?post=12078"},{"taxonomy":"product_cat","embeddable":true,"href":"https:\/\/redkarawana.com\/pl\/wp-json\/wp\/v2\/product_cat?post=12078"},{"taxonomy":"product_tag","embeddable":true,"href":"https:\/\/redkarawana.com\/pl\/wp-json\/wp\/v2\/product_tag?post=12078"}],"curies":[{"name":"wp","href":"https:\/\/api.w.org\/{rel}","templated":true}]}}