{"id":12151,"date":"2025-11-30T05:10:07","date_gmt":"2025-11-30T05:10:07","guid":{"rendered":"https:\/\/redkarawana.com\/artisan\/ceramic-sushi-set-poland\/"},"modified":"2025-10-14T04:14:17","modified_gmt":"2025-10-14T04:14:17","slug":"ceramiczny-zestaw-do-sushi-polska","status":"publish","type":"product","link":"https:\/\/redkarawana.com\/pl\/rzemioslo\/ceramiczny-zestaw-do-sushi-polska\/","title":{"rendered":"Ceramiczny Zestaw do Sushi, Polska; Klasyczny i Stylowy Design"},"content":{"rendered":"<p>Polska kontynuuje d\u0142ug\u0105 tradycj\u0119 garncarstwa. Warsztaty ceramiczne, ma\u0142e grupy i indywidualni ceramicy tworz\u0105 oryginaln\u0105 ceramik\u0119. Wysokiej jako\u015bci ceramika jest pi\u0119kna i trwa\u0142a. Kolekcja ceramiki obejmuje unikalne wzory i atrakcyjne motywy. Nasz wybrany ceramiczny zestaw do sushi dla dw\u00f3ch os\u00f3b charakteryzuje si\u0119 stylowym wzornictwem i pi\u0119kn\u0105 br\u0105zow\u0105 glazur\u0105. Ceramiczny zestaw do sushi zawiera: jeden du\u017cy talerz (wysoko\u015b\u0107 10 1\/4 cala, szeroko\u015b\u0107 11 cali), dwa ma\u0142e talerze (wysoko\u015b\u0107 4 1\/4 cala, szeroko\u015b\u0107 4 1\/4 cala), dwa pojemniki na sos (wysoko\u015b\u0107 2 1\/2 cala, szeroko\u015b\u0107 2 1\/2 cala), dwa uchwyty na pa\u0142eczki (wysoko\u015b\u0107 1 1\/2 cala, szeroko\u015b\u0107 1 cal).     <\/p>\n","protected":false},"excerpt":{"rendered":"<p>Polska kontynuuje d\u0142ug\u0105 tradycj\u0119 garncarstwa. Warsztaty ceramiczne, ma\u0142e grupy i indywidualni ceramicy tworz\u0105 oryginaln\u0105 ceramik\u0119. Wysokiej jako\u015bci ceramika jest pi\u0119kna i trwa\u0142a. Kolekcja ceramiki obejmuje unikalne wzory i atrakcyjne motywy. Nasz wybrany ceramiczny zestaw do sushi dla dw\u00f3ch os\u00f3b charakteryzuje si\u0119 stylowym wzornictwem i pi\u0119kn\u0105 br\u0105zow\u0105 glazur\u0105. Ceramiczny zestaw do sushi zawiera: jeden du\u017cy talerz [&hellip;]<\/p>\n","protected":false},"featured_media":12136,"template":"","meta":{"_acf_changed":false},"product_brand":[],"product_cat":[53],"product_tag":[],"class_list":{"0":"post-12151","1":"product","2":"type-product","3":"status-publish","4":"has-post-thumbnail","6":"product_cat-funkcjonalne","8":"first","9":"instock","10":"taxable","11":"shipping-taxable","12":"purchasable","13":"product-type-simple"},"acf":[],"yoast_head":"<!-- This site is optimized with the Yoast SEO plugin v27.3 - https:\/\/yoast.com\/product\/yoast-seo-wordpress\/ -->\n<title>Ceramiczny Zestaw do Sushi, Polska - Funkcjonalne - Red Karawana<\/title>\n<meta name=\"description\" content=\"Nasz wybrany ceramiczny zestaw do sushi dla dw\u00f3ch os\u00f3b charakteryzuje si\u0119 stylowym wzornictwem i pi\u0119kn\u0105 br\u0105zow\u0105 glazur\u0105.\" \/>\n<meta name=\"robots\" content=\"index, follow, max-snippet:-1, max-image-preview:large, max-video-preview:-1\" \/>\n<link rel=\"canonical\" href=\"https:\/\/redkarawana.com\/pl\/rzemioslo\/ceramiczny-zestaw-do-sushi-polska\/\" \/>\n<meta property=\"og:locale\" content=\"pl_PL\" \/>\n<meta property=\"og:type\" content=\"article\" \/>\n<meta property=\"og:title\" content=\"Ceramiczny Zestaw do Sushi, Polska - Funkcjonalne - Red Karawana\" \/>\n<meta property=\"og:description\" content=\"Nasz wybrany ceramiczny zestaw do sushi dla dw\u00f3ch os\u00f3b charakteryzuje si\u0119 stylowym wzornictwem i pi\u0119kn\u0105 br\u0105zow\u0105 glazur\u0105.\" \/>\n<meta property=\"og:url\" content=\"https:\/\/redkarawana.com\/pl\/rzemioslo\/ceramiczny-zestaw-do-sushi-polska\/\" \/>\n<meta property=\"og:site_name\" content=\"Red Karawana\" \/>\n<meta property=\"article:publisher\" content=\"https:\/\/www.facebook.com\/redkarawana\/\" \/>\n<meta property=\"og:image\" content=\"https:\/\/redkarawana.com\/wp-content\/uploads\/2025\/10\/1-AF-Poland-Ceramic-Sushi-Set-1024x538.jpg\" \/>\n<meta name=\"twitter:card\" content=\"summary_large_image\" \/>\n<meta name=\"twitter:label1\" content=\"Szacowany czas czytania\" \/>\n\t<meta name=\"twitter:data1\" content=\"1 minuta\" \/>\n<script type=\"application\/ld+json\" class=\"yoast-schema-graph\">{\"@context\":\"https:\\\/\\\/schema.org\",\"@graph\":[{\"@type\":\"WebPage\",\"@id\":\"https:\\\/\\\/redkarawana.com\\\/pl\\\/rzemioslo\\\/ceramiczny-zestaw-do-sushi-polska\\\/\",\"url\":\"https:\\\/\\\/redkarawana.com\\\/pl\\\/rzemioslo\\\/ceramiczny-zestaw-do-sushi-polska\\\/\",\"name\":\"Ceramiczny Zestaw do Sushi, Polska - Funkcjonalne - Red Karawana\",\"isPartOf\":{\"@id\":\"https:\\\/\\\/redkarawana.com\\\/#website\"},\"primaryImageOfPage\":{\"@id\":\"https:\\\/\\\/redkarawana.com\\\/pl\\\/rzemioslo\\\/ceramiczny-zestaw-do-sushi-polska\\\/#primaryimage\"},\"image\":{\"@id\":\"https:\\\/\\\/redkarawana.com\\\/pl\\\/rzemioslo\\\/ceramiczny-zestaw-do-sushi-polska\\\/#primaryimage\"},\"thumbnailUrl\":\"https:\\\/\\\/redkarawana.com\\\/wp-content\\\/uploads\\\/2025\\\/10\\\/1-Feature-Poland-Ceramic-Sushi-Set.jpg\",\"datePublished\":\"2025-11-30T05:10:07+00:00\",\"description\":\"Nasz wybrany ceramiczny zestaw do sushi dla dw\u00f3ch os\u00f3b charakteryzuje si\u0119 stylowym wzornictwem i pi\u0119kn\u0105 br\u0105zow\u0105 glazur\u0105.\",\"breadcrumb\":{\"@id\":\"https:\\\/\\\/redkarawana.com\\\/pl\\\/rzemioslo\\\/ceramiczny-zestaw-do-sushi-polska\\\/#breadcrumb\"},\"inLanguage\":\"pl-PL\",\"potentialAction\":[{\"@type\":\"ReadAction\",\"target\":[\"https:\\\/\\\/redkarawana.com\\\/pl\\\/rzemioslo\\\/ceramiczny-zestaw-do-sushi-polska\\\/\"]}]},{\"@type\":\"ImageObject\",\"inLanguage\":\"pl-PL\",\"@id\":\"https:\\\/\\\/redkarawana.com\\\/pl\\\/rzemioslo\\\/ceramiczny-zestaw-do-sushi-polska\\\/#primaryimage\",\"url\":\"https:\\\/\\\/redkarawana.com\\\/wp-content\\\/uploads\\\/2025\\\/10\\\/1-Feature-Poland-Ceramic-Sushi-Set.jpg\",\"contentUrl\":\"https:\\\/\\\/redkarawana.com\\\/wp-content\\\/uploads\\\/2025\\\/10\\\/1-Feature-Poland-Ceramic-Sushi-Set.jpg\",\"width\":680,\"height\":453,\"caption\":\"Polska, Ceramiczny Zestaw do Sushi\"},{\"@type\":\"BreadcrumbList\",\"@id\":\"https:\\\/\\\/redkarawana.com\\\/pl\\\/rzemioslo\\\/ceramiczny-zestaw-do-sushi-polska\\\/#breadcrumb\",\"itemListElement\":[{\"@type\":\"ListItem\",\"position\":1,\"name\":\"Home\",\"item\":\"https:\\\/\\\/redkarawana.com\\\/pl\\\/\"},{\"@type\":\"ListItem\",\"position\":2,\"name\":\"Rzemios\u0142a\",\"item\":\"https:\\\/\\\/redkarawana.com\\\/pl\\\/rzemiosla\\\/\"},{\"@type\":\"ListItem\",\"position\":3,\"name\":\"Ceramiczny Zestaw do Sushi, Polska; Klasyczny i Stylowy Design\"}]},{\"@type\":\"WebSite\",\"@id\":\"https:\\\/\\\/redkarawana.com\\\/#website\",\"url\":\"https:\\\/\\\/redkarawana.com\\\/\",\"name\":\"Red Karawana\",\"description\":\"\",\"publisher\":{\"@id\":\"https:\\\/\\\/redkarawana.com\\\/#organization\"},\"potentialAction\":[{\"@type\":\"SearchAction\",\"target\":{\"@type\":\"EntryPoint\",\"urlTemplate\":\"https:\\\/\\\/redkarawana.com\\\/?s={search_term_string}\"},\"query-input\":{\"@type\":\"PropertyValueSpecification\",\"valueRequired\":true,\"valueName\":\"search_term_string\"}}],\"inLanguage\":\"pl-PL\"},{\"@type\":\"Organization\",\"@id\":\"https:\\\/\\\/redkarawana.com\\\/#organization\",\"name\":\"Red Karawana\",\"url\":\"https:\\\/\\\/redkarawana.com\\\/\",\"logo\":{\"@type\":\"ImageObject\",\"inLanguage\":\"pl-PL\",\"@id\":\"https:\\\/\\\/redkarawana.com\\\/#\\\/schema\\\/logo\\\/image\\\/\",\"url\":\"https:\\\/\\\/redkarawana.com\\\/wp-content\\\/uploads\\\/2025\\\/05\\\/cropped-Screenshot-2025-05-29-at-09.27.38.png\",\"contentUrl\":\"https:\\\/\\\/redkarawana.com\\\/wp-content\\\/uploads\\\/2025\\\/05\\\/cropped-Screenshot-2025-05-29-at-09.27.38.png\",\"width\":512,\"height\":512,\"caption\":\"Red Karawana\"},\"image\":{\"@id\":\"https:\\\/\\\/redkarawana.com\\\/#\\\/schema\\\/logo\\\/image\\\/\"},\"sameAs\":[\"https:\\\/\\\/www.facebook.com\\\/redkarawana\\\/\",\"https:\\\/\\\/www.instagram.com\\\/redkarawana\\\/\",\"https:\\\/\\\/www.youtube.com\\\/channel\\\/UCU9jXzSmyKm4ZZv38FEXGKg\",\"https:\\\/\\\/www.pinterest.com\\\/redkarawana\\\/\"]}]}<\/script>\n<!-- \/ Yoast SEO plugin. -->","yoast_head_json":{"title":"Ceramiczny Zestaw do Sushi, Polska - Funkcjonalne - Red Karawana","description":"Nasz wybrany ceramiczny zestaw do sushi dla dw\u00f3ch os\u00f3b charakteryzuje si\u0119 stylowym wzornictwem i pi\u0119kn\u0105 br\u0105zow\u0105 glazur\u0105.","robots":{"index":"index","follow":"follow","max-snippet":"max-snippet:-1","max-image-preview":"max-image-preview:large","max-video-preview":"max-video-preview:-1"},"canonical":"https:\/\/redkarawana.com\/pl\/rzemioslo\/ceramiczny-zestaw-do-sushi-polska\/","og_locale":"pl_PL","og_type":"article","og_title":"Ceramiczny Zestaw do Sushi, Polska - Funkcjonalne - Red Karawana","og_description":"Nasz wybrany ceramiczny zestaw do sushi dla dw\u00f3ch os\u00f3b charakteryzuje si\u0119 stylowym wzornictwem i pi\u0119kn\u0105 br\u0105zow\u0105 glazur\u0105.","og_url":"https:\/\/redkarawana.com\/pl\/rzemioslo\/ceramiczny-zestaw-do-sushi-polska\/","og_site_name":"Red Karawana","article_publisher":"https:\/\/www.facebook.com\/redkarawana\/","og_image":[{"url":"https:\/\/redkarawana.com\/wp-content\/uploads\/2025\/10\/1-AF-Poland-Ceramic-Sushi-Set-1024x538.jpg","type":"","width":"","height":""}],"twitter_card":"summary_large_image","twitter_misc":{"Szacowany czas czytania":"1 minuta"},"schema":{"@context":"https:\/\/schema.org","@graph":[{"@type":"WebPage","@id":"https:\/\/redkarawana.com\/pl\/rzemioslo\/ceramiczny-zestaw-do-sushi-polska\/","url":"https:\/\/redkarawana.com\/pl\/rzemioslo\/ceramiczny-zestaw-do-sushi-polska\/","name":"Ceramiczny Zestaw do Sushi, Polska - Funkcjonalne - Red Karawana","isPartOf":{"@id":"https:\/\/redkarawana.com\/#website"},"primaryImageOfPage":{"@id":"https:\/\/redkarawana.com\/pl\/rzemioslo\/ceramiczny-zestaw-do-sushi-polska\/#primaryimage"},"image":{"@id":"https:\/\/redkarawana.com\/pl\/rzemioslo\/ceramiczny-zestaw-do-sushi-polska\/#primaryimage"},"thumbnailUrl":"https:\/\/redkarawana.com\/wp-content\/uploads\/2025\/10\/1-Feature-Poland-Ceramic-Sushi-Set.jpg","datePublished":"2025-11-30T05:10:07+00:00","description":"Nasz wybrany ceramiczny zestaw do sushi dla dw\u00f3ch os\u00f3b charakteryzuje si\u0119 stylowym wzornictwem i pi\u0119kn\u0105 br\u0105zow\u0105 glazur\u0105.","breadcrumb":{"@id":"https:\/\/redkarawana.com\/pl\/rzemioslo\/ceramiczny-zestaw-do-sushi-polska\/#breadcrumb"},"inLanguage":"pl-PL","potentialAction":[{"@type":"ReadAction","target":["https:\/\/redkarawana.com\/pl\/rzemioslo\/ceramiczny-zestaw-do-sushi-polska\/"]}]},{"@type":"ImageObject","inLanguage":"pl-PL","@id":"https:\/\/redkarawana.com\/pl\/rzemioslo\/ceramiczny-zestaw-do-sushi-polska\/#primaryimage","url":"https:\/\/redkarawana.com\/wp-content\/uploads\/2025\/10\/1-Feature-Poland-Ceramic-Sushi-Set.jpg","contentUrl":"https:\/\/redkarawana.com\/wp-content\/uploads\/2025\/10\/1-Feature-Poland-Ceramic-Sushi-Set.jpg","width":680,"height":453,"caption":"Polska, Ceramiczny Zestaw do Sushi"},{"@type":"BreadcrumbList","@id":"https:\/\/redkarawana.com\/pl\/rzemioslo\/ceramiczny-zestaw-do-sushi-polska\/#breadcrumb","itemListElement":[{"@type":"ListItem","position":1,"name":"Home","item":"https:\/\/redkarawana.com\/pl\/"},{"@type":"ListItem","position":2,"name":"Rzemios\u0142a","item":"https:\/\/redkarawana.com\/pl\/rzemiosla\/"},{"@type":"ListItem","position":3,"name":"Ceramiczny Zestaw do Sushi, Polska; Klasyczny i Stylowy Design"}]},{"@type":"WebSite","@id":"https:\/\/redkarawana.com\/#website","url":"https:\/\/redkarawana.com\/","name":"Red Karawana","description":"","publisher":{"@id":"https:\/\/redkarawana.com\/#organization"},"potentialAction":[{"@type":"SearchAction","target":{"@type":"EntryPoint","urlTemplate":"https:\/\/redkarawana.com\/?s={search_term_string}"},"query-input":{"@type":"PropertyValueSpecification","valueRequired":true,"valueName":"search_term_string"}}],"inLanguage":"pl-PL"},{"@type":"Organization","@id":"https:\/\/redkarawana.com\/#organization","name":"Red Karawana","url":"https:\/\/redkarawana.com\/","logo":{"@type":"ImageObject","inLanguage":"pl-PL","@id":"https:\/\/redkarawana.com\/#\/schema\/logo\/image\/","url":"https:\/\/redkarawana.com\/wp-content\/uploads\/2025\/05\/cropped-Screenshot-2025-05-29-at-09.27.38.png","contentUrl":"https:\/\/redkarawana.com\/wp-content\/uploads\/2025\/05\/cropped-Screenshot-2025-05-29-at-09.27.38.png","width":512,"height":512,"caption":"Red Karawana"},"image":{"@id":"https:\/\/redkarawana.com\/#\/schema\/logo\/image\/"},"sameAs":["https:\/\/www.facebook.com\/redkarawana\/","https:\/\/www.instagram.com\/redkarawana\/","https:\/\/www.youtube.com\/channel\/UCU9jXzSmyKm4ZZv38FEXGKg","https:\/\/www.pinterest.com\/redkarawana\/"]}]}},"_links":{"self":[{"href":"https:\/\/redkarawana.com\/pl\/wp-json\/wp\/v2\/product\/12151","targetHints":{"allow":["GET"]}}],"collection":[{"href":"https:\/\/redkarawana.com\/pl\/wp-json\/wp\/v2\/product"}],"about":[{"href":"https:\/\/redkarawana.com\/pl\/wp-json\/wp\/v2\/types\/product"}],"wp:featuredmedia":[{"embeddable":true,"href":"https:\/\/redkarawana.com\/pl\/wp-json\/wp\/v2\/media\/12136"}],"wp:attachment":[{"href":"https:\/\/redkarawana.com\/pl\/wp-json\/wp\/v2\/media?parent=12151"}],"wp:term":[{"taxonomy":"product_brand","embeddable":true,"href":"https:\/\/redkarawana.com\/pl\/wp-json\/wp\/v2\/product_brand?post=12151"},{"taxonomy":"product_cat","embeddable":true,"href":"https:\/\/redkarawana.com\/pl\/wp-json\/wp\/v2\/product_cat?post=12151"},{"taxonomy":"product_tag","embeddable":true,"href":"https:\/\/redkarawana.com\/pl\/wp-json\/wp\/v2\/product_tag?post=12151"}],"curies":[{"name":"wp","href":"https:\/\/api.w.org\/{rel}","templated":true}]}}