{"id":12203,"date":"2025-11-30T06:00:03","date_gmt":"2025-11-30T06:00:03","guid":{"rendered":"https:\/\/redkarawana.com\/artisan\/eiffel-tower-artwork-france\/"},"modified":"2025-12-06T06:58:37","modified_gmt":"2025-12-06T06:58:37","slug":"obraz-wieza-eiffla-francja","status":"publish","type":"product","link":"https:\/\/redkarawana.com\/pl\/rzemioslo\/obraz-wieza-eiffla-francja\/","title":{"rendered":"Obraz Wie\u017cy Eiffla, Francja; Rozpoznawalny Symbol Pary\u017ca"},"content":{"rendered":"<p>Francja s\u0142ynie ze wspania\u0142ej architektury, znanych na ca\u0142ym \u015bwiecie muze\u00f3w oraz niezliczonych miejsc zwi\u0105zanych z kultur\u0105 i sztuk\u0105. Spaceruj\u0105c ulicami Pary\u017ca, obserwujemy symbole kultury i artystyczn\u0105 ekspresj\u0119 niemal na ka\u017cdym rogu. Arty\u015bci z ca\u0142ego \u015bwiata uchwycili w swoich obrazach, rysunkach i rze\u017abach pi\u0119kno, romantyczno\u015b\u0107 i elegancj\u0119 Pary\u017ca. Wybrany przez nas obraz Wie\u017cy Eiffla w bia\u0142ej ramie ukazuje \u017cyw\u0105 przyrod\u0119 i romantyczne spotkanie przed Wie\u017c\u0105 Eiffla. Wymiary: Obraz Wie\u017cy Eiffla (wysoko\u015b\u0107 12 \u00bd cala, szeroko\u015b\u0107 10 cali).<\/p>\n","protected":false},"excerpt":{"rendered":"<p>Francja s\u0142ynie ze wspania\u0142ej architektury, znanych na ca\u0142ym \u015bwiecie muze\u00f3w oraz niezliczonych miejsc zwi\u0105zanych z kultur\u0105 i sztuk\u0105. Spaceruj\u0105c ulicami Pary\u017ca, obserwujemy symbole kultury i artystyczn\u0105 ekspresj\u0119 niemal na ka\u017cdym rogu. Arty\u015bci z ca\u0142ego \u015bwiata uchwycili w swoich obrazach, rysunkach i rze\u017abach pi\u0119kno, romantyczno\u015b\u0107 i elegancj\u0119 Pary\u017ca. Wybrany przez nas obraz Wie\u017cy Eiffla w bia\u0142ej [&hellip;]<\/p>\n","protected":false},"featured_media":12167,"template":"","meta":{"_acf_changed":false},"product_brand":[],"product_cat":[52],"product_tag":[],"class_list":{"0":"post-12203","1":"product","2":"type-product","3":"status-publish","4":"has-post-thumbnail","6":"product_cat-artystyczne","8":"first","9":"instock","10":"taxable","11":"shipping-taxable","12":"purchasable","13":"product-type-simple"},"acf":[],"yoast_head":"<!-- This site is optimized with the Yoast SEO plugin v27.3 - https:\/\/yoast.com\/product\/yoast-seo-wordpress\/ -->\n<title>Obraz Wie\u017cy Eiffla, Francja - Artystyczne - Red Karawana<\/title>\n<meta name=\"description\" content=\"Wybrany przez nas obraz Wie\u017cy Eiffla w bia\u0142ej ramie ukazuje \u017cyw\u0105 przyrod\u0119 i romantyczne spotkanie przed Wie\u017c\u0105 Eiffla.\" \/>\n<meta name=\"robots\" content=\"index, follow, max-snippet:-1, max-image-preview:large, max-video-preview:-1\" \/>\n<link rel=\"canonical\" href=\"https:\/\/redkarawana.com\/pl\/rzemioslo\/obraz-wieza-eiffla-francja\/\" \/>\n<meta property=\"og:locale\" content=\"pl_PL\" \/>\n<meta property=\"og:type\" content=\"article\" \/>\n<meta property=\"og:title\" content=\"Obraz Wie\u017cy Eiffla, Francja - Artystyczne - Red Karawana\" \/>\n<meta property=\"og:description\" content=\"Wybrany przez nas obraz Wie\u017cy Eiffla w bia\u0142ej ramie ukazuje \u017cyw\u0105 przyrod\u0119 i romantyczne spotkanie przed Wie\u017c\u0105 Eiffla.\" \/>\n<meta property=\"og:url\" content=\"https:\/\/redkarawana.com\/pl\/rzemioslo\/obraz-wieza-eiffla-francja\/\" \/>\n<meta property=\"og:site_name\" content=\"Red Karawana\" \/>\n<meta property=\"article:publisher\" content=\"https:\/\/www.facebook.com\/redkarawana\/\" \/>\n<meta property=\"article:modified_time\" content=\"2025-12-06T06:58:37+00:00\" \/>\n<meta property=\"og:image\" content=\"https:\/\/redkarawana.com\/wp-content\/uploads\/2025\/10\/1-AF-France-Eiffel-Tower-Artwork-1024x538.jpg\" \/>\n<meta name=\"twitter:card\" content=\"summary_large_image\" \/>\n<meta name=\"twitter:label1\" content=\"Szacowany czas czytania\" \/>\n\t<meta name=\"twitter:data1\" content=\"1 minuta\" \/>\n<script type=\"application\/ld+json\" class=\"yoast-schema-graph\">{\"@context\":\"https:\\\/\\\/schema.org\",\"@graph\":[{\"@type\":\"WebPage\",\"@id\":\"https:\\\/\\\/redkarawana.com\\\/pl\\\/rzemioslo\\\/obraz-wieza-eiffla-francja\\\/\",\"url\":\"https:\\\/\\\/redkarawana.com\\\/pl\\\/rzemioslo\\\/obraz-wieza-eiffla-francja\\\/\",\"name\":\"Obraz Wie\u017cy Eiffla, Francja - Artystyczne - Red Karawana\",\"isPartOf\":{\"@id\":\"https:\\\/\\\/redkarawana.com\\\/#website\"},\"primaryImageOfPage\":{\"@id\":\"https:\\\/\\\/redkarawana.com\\\/pl\\\/rzemioslo\\\/obraz-wieza-eiffla-francja\\\/#primaryimage\"},\"image\":{\"@id\":\"https:\\\/\\\/redkarawana.com\\\/pl\\\/rzemioslo\\\/obraz-wieza-eiffla-francja\\\/#primaryimage\"},\"thumbnailUrl\":\"https:\\\/\\\/redkarawana.com\\\/wp-content\\\/uploads\\\/2025\\\/10\\\/1-Feature-France-Eiffel-Tower-Artwork.jpg\",\"datePublished\":\"2025-11-30T06:00:03+00:00\",\"dateModified\":\"2025-12-06T06:58:37+00:00\",\"description\":\"Wybrany przez nas obraz Wie\u017cy Eiffla w bia\u0142ej ramie ukazuje \u017cyw\u0105 przyrod\u0119 i romantyczne spotkanie przed Wie\u017c\u0105 Eiffla.\",\"breadcrumb\":{\"@id\":\"https:\\\/\\\/redkarawana.com\\\/pl\\\/rzemioslo\\\/obraz-wieza-eiffla-francja\\\/#breadcrumb\"},\"inLanguage\":\"pl-PL\",\"potentialAction\":[{\"@type\":\"ReadAction\",\"target\":[\"https:\\\/\\\/redkarawana.com\\\/pl\\\/rzemioslo\\\/obraz-wieza-eiffla-francja\\\/\"]}]},{\"@type\":\"ImageObject\",\"inLanguage\":\"pl-PL\",\"@id\":\"https:\\\/\\\/redkarawana.com\\\/pl\\\/rzemioslo\\\/obraz-wieza-eiffla-francja\\\/#primaryimage\",\"url\":\"https:\\\/\\\/redkarawana.com\\\/wp-content\\\/uploads\\\/2025\\\/10\\\/1-Feature-France-Eiffel-Tower-Artwork.jpg\",\"contentUrl\":\"https:\\\/\\\/redkarawana.com\\\/wp-content\\\/uploads\\\/2025\\\/10\\\/1-Feature-France-Eiffel-Tower-Artwork.jpg\",\"width\":680,\"height\":453,\"caption\":\"Francja, Obraz Wie\u017cy Eiffla\"},{\"@type\":\"BreadcrumbList\",\"@id\":\"https:\\\/\\\/redkarawana.com\\\/pl\\\/rzemioslo\\\/obraz-wieza-eiffla-francja\\\/#breadcrumb\",\"itemListElement\":[{\"@type\":\"ListItem\",\"position\":1,\"name\":\"Home\",\"item\":\"https:\\\/\\\/redkarawana.com\\\/pl\\\/\"},{\"@type\":\"ListItem\",\"position\":2,\"name\":\"Rzemios\u0142a\",\"item\":\"https:\\\/\\\/redkarawana.com\\\/pl\\\/rzemiosla\\\/\"},{\"@type\":\"ListItem\",\"position\":3,\"name\":\"Obraz Wie\u017cy Eiffla, Francja; Rozpoznawalny Symbol Pary\u017ca\"}]},{\"@type\":\"WebSite\",\"@id\":\"https:\\\/\\\/redkarawana.com\\\/#website\",\"url\":\"https:\\\/\\\/redkarawana.com\\\/\",\"name\":\"Red Karawana\",\"description\":\"\",\"publisher\":{\"@id\":\"https:\\\/\\\/redkarawana.com\\\/#organization\"},\"potentialAction\":[{\"@type\":\"SearchAction\",\"target\":{\"@type\":\"EntryPoint\",\"urlTemplate\":\"https:\\\/\\\/redkarawana.com\\\/?s={search_term_string}\"},\"query-input\":{\"@type\":\"PropertyValueSpecification\",\"valueRequired\":true,\"valueName\":\"search_term_string\"}}],\"inLanguage\":\"pl-PL\"},{\"@type\":\"Organization\",\"@id\":\"https:\\\/\\\/redkarawana.com\\\/#organization\",\"name\":\"Red Karawana\",\"url\":\"https:\\\/\\\/redkarawana.com\\\/\",\"logo\":{\"@type\":\"ImageObject\",\"inLanguage\":\"pl-PL\",\"@id\":\"https:\\\/\\\/redkarawana.com\\\/#\\\/schema\\\/logo\\\/image\\\/\",\"url\":\"https:\\\/\\\/redkarawana.com\\\/wp-content\\\/uploads\\\/2025\\\/05\\\/cropped-Screenshot-2025-05-29-at-09.27.38.png\",\"contentUrl\":\"https:\\\/\\\/redkarawana.com\\\/wp-content\\\/uploads\\\/2025\\\/05\\\/cropped-Screenshot-2025-05-29-at-09.27.38.png\",\"width\":512,\"height\":512,\"caption\":\"Red Karawana\"},\"image\":{\"@id\":\"https:\\\/\\\/redkarawana.com\\\/#\\\/schema\\\/logo\\\/image\\\/\"},\"sameAs\":[\"https:\\\/\\\/www.facebook.com\\\/redkarawana\\\/\",\"https:\\\/\\\/www.instagram.com\\\/redkarawana\\\/\",\"https:\\\/\\\/www.youtube.com\\\/channel\\\/UCU9jXzSmyKm4ZZv38FEXGKg\",\"https:\\\/\\\/www.pinterest.com\\\/redkarawana\\\/\"]}]}<\/script>\n<!-- \/ Yoast SEO plugin. -->","yoast_head_json":{"title":"Obraz Wie\u017cy Eiffla, Francja - Artystyczne - Red Karawana","description":"Wybrany przez nas obraz Wie\u017cy Eiffla w bia\u0142ej ramie ukazuje \u017cyw\u0105 przyrod\u0119 i romantyczne spotkanie przed Wie\u017c\u0105 Eiffla.","robots":{"index":"index","follow":"follow","max-snippet":"max-snippet:-1","max-image-preview":"max-image-preview:large","max-video-preview":"max-video-preview:-1"},"canonical":"https:\/\/redkarawana.com\/pl\/rzemioslo\/obraz-wieza-eiffla-francja\/","og_locale":"pl_PL","og_type":"article","og_title":"Obraz Wie\u017cy Eiffla, Francja - Artystyczne - Red Karawana","og_description":"Wybrany przez nas obraz Wie\u017cy Eiffla w bia\u0142ej ramie ukazuje \u017cyw\u0105 przyrod\u0119 i romantyczne spotkanie przed Wie\u017c\u0105 Eiffla.","og_url":"https:\/\/redkarawana.com\/pl\/rzemioslo\/obraz-wieza-eiffla-francja\/","og_site_name":"Red Karawana","article_publisher":"https:\/\/www.facebook.com\/redkarawana\/","article_modified_time":"2025-12-06T06:58:37+00:00","og_image":[{"url":"https:\/\/redkarawana.com\/wp-content\/uploads\/2025\/10\/1-AF-France-Eiffel-Tower-Artwork-1024x538.jpg","type":"","width":"","height":""}],"twitter_card":"summary_large_image","twitter_misc":{"Szacowany czas czytania":"1 minuta"},"schema":{"@context":"https:\/\/schema.org","@graph":[{"@type":"WebPage","@id":"https:\/\/redkarawana.com\/pl\/rzemioslo\/obraz-wieza-eiffla-francja\/","url":"https:\/\/redkarawana.com\/pl\/rzemioslo\/obraz-wieza-eiffla-francja\/","name":"Obraz Wie\u017cy Eiffla, Francja - Artystyczne - Red Karawana","isPartOf":{"@id":"https:\/\/redkarawana.com\/#website"},"primaryImageOfPage":{"@id":"https:\/\/redkarawana.com\/pl\/rzemioslo\/obraz-wieza-eiffla-francja\/#primaryimage"},"image":{"@id":"https:\/\/redkarawana.com\/pl\/rzemioslo\/obraz-wieza-eiffla-francja\/#primaryimage"},"thumbnailUrl":"https:\/\/redkarawana.com\/wp-content\/uploads\/2025\/10\/1-Feature-France-Eiffel-Tower-Artwork.jpg","datePublished":"2025-11-30T06:00:03+00:00","dateModified":"2025-12-06T06:58:37+00:00","description":"Wybrany przez nas obraz Wie\u017cy Eiffla w bia\u0142ej ramie ukazuje \u017cyw\u0105 przyrod\u0119 i romantyczne spotkanie przed Wie\u017c\u0105 Eiffla.","breadcrumb":{"@id":"https:\/\/redkarawana.com\/pl\/rzemioslo\/obraz-wieza-eiffla-francja\/#breadcrumb"},"inLanguage":"pl-PL","potentialAction":[{"@type":"ReadAction","target":["https:\/\/redkarawana.com\/pl\/rzemioslo\/obraz-wieza-eiffla-francja\/"]}]},{"@type":"ImageObject","inLanguage":"pl-PL","@id":"https:\/\/redkarawana.com\/pl\/rzemioslo\/obraz-wieza-eiffla-francja\/#primaryimage","url":"https:\/\/redkarawana.com\/wp-content\/uploads\/2025\/10\/1-Feature-France-Eiffel-Tower-Artwork.jpg","contentUrl":"https:\/\/redkarawana.com\/wp-content\/uploads\/2025\/10\/1-Feature-France-Eiffel-Tower-Artwork.jpg","width":680,"height":453,"caption":"Francja, Obraz Wie\u017cy Eiffla"},{"@type":"BreadcrumbList","@id":"https:\/\/redkarawana.com\/pl\/rzemioslo\/obraz-wieza-eiffla-francja\/#breadcrumb","itemListElement":[{"@type":"ListItem","position":1,"name":"Home","item":"https:\/\/redkarawana.com\/pl\/"},{"@type":"ListItem","position":2,"name":"Rzemios\u0142a","item":"https:\/\/redkarawana.com\/pl\/rzemiosla\/"},{"@type":"ListItem","position":3,"name":"Obraz Wie\u017cy Eiffla, Francja; Rozpoznawalny Symbol Pary\u017ca"}]},{"@type":"WebSite","@id":"https:\/\/redkarawana.com\/#website","url":"https:\/\/redkarawana.com\/","name":"Red Karawana","description":"","publisher":{"@id":"https:\/\/redkarawana.com\/#organization"},"potentialAction":[{"@type":"SearchAction","target":{"@type":"EntryPoint","urlTemplate":"https:\/\/redkarawana.com\/?s={search_term_string}"},"query-input":{"@type":"PropertyValueSpecification","valueRequired":true,"valueName":"search_term_string"}}],"inLanguage":"pl-PL"},{"@type":"Organization","@id":"https:\/\/redkarawana.com\/#organization","name":"Red Karawana","url":"https:\/\/redkarawana.com\/","logo":{"@type":"ImageObject","inLanguage":"pl-PL","@id":"https:\/\/redkarawana.com\/#\/schema\/logo\/image\/","url":"https:\/\/redkarawana.com\/wp-content\/uploads\/2025\/05\/cropped-Screenshot-2025-05-29-at-09.27.38.png","contentUrl":"https:\/\/redkarawana.com\/wp-content\/uploads\/2025\/05\/cropped-Screenshot-2025-05-29-at-09.27.38.png","width":512,"height":512,"caption":"Red Karawana"},"image":{"@id":"https:\/\/redkarawana.com\/#\/schema\/logo\/image\/"},"sameAs":["https:\/\/www.facebook.com\/redkarawana\/","https:\/\/www.instagram.com\/redkarawana\/","https:\/\/www.youtube.com\/channel\/UCU9jXzSmyKm4ZZv38FEXGKg","https:\/\/www.pinterest.com\/redkarawana\/"]}]}},"_links":{"self":[{"href":"https:\/\/redkarawana.com\/pl\/wp-json\/wp\/v2\/product\/12203","targetHints":{"allow":["GET"]}}],"collection":[{"href":"https:\/\/redkarawana.com\/pl\/wp-json\/wp\/v2\/product"}],"about":[{"href":"https:\/\/redkarawana.com\/pl\/wp-json\/wp\/v2\/types\/product"}],"wp:featuredmedia":[{"embeddable":true,"href":"https:\/\/redkarawana.com\/pl\/wp-json\/wp\/v2\/media\/12167"}],"wp:attachment":[{"href":"https:\/\/redkarawana.com\/pl\/wp-json\/wp\/v2\/media?parent=12203"}],"wp:term":[{"taxonomy":"product_brand","embeddable":true,"href":"https:\/\/redkarawana.com\/pl\/wp-json\/wp\/v2\/product_brand?post=12203"},{"taxonomy":"product_cat","embeddable":true,"href":"https:\/\/redkarawana.com\/pl\/wp-json\/wp\/v2\/product_cat?post=12203"},{"taxonomy":"product_tag","embeddable":true,"href":"https:\/\/redkarawana.com\/pl\/wp-json\/wp\/v2\/product_tag?post=12203"}],"curies":[{"name":"wp","href":"https:\/\/api.w.org\/{rel}","templated":true}]}}