{"id":12252,"date":"2025-11-30T06:20:05","date_gmt":"2025-11-30T06:20:05","guid":{"rendered":"https:\/\/redkarawana.com\/artisan\/new-york-at-night-artwork-usa\/"},"modified":"2025-10-23T17:37:56","modified_gmt":"2025-10-23T17:37:56","slug":"obraz-nowy-jork-noca-usa","status":"publish","type":"product","link":"https:\/\/redkarawana.com\/pl\/rzemioslo\/obraz-nowy-jork-noca-usa\/","title":{"rendered":"Obraz \u201cNowy Jork Noc\u0105\u201d, USA; Miasto Ol\u015bniewaj\u0105cych \u015awiate\u0142"},"content":{"rendered":"<p>Nowy Jork to fascynuj\u0105ce miejsce z kultowymi zabytkami i ol\u015bniewaj\u0105cymi \u015bwiat\u0142ami. Wieczorny spacer po mie\u015bcie pozwala podziwia\u0107 o\u015bwietlone zabytki, nieustann\u0105 energi\u0119 i pi\u0119kne widoki na panoram\u0119 miasta. Teatry na Broadwayu, zach\u0119caj\u0105cy Central Park i t\u0119tni\u0105ce \u017cyciem restauracje zachwycaj\u0105 odwiedzaj\u0105cych z ca\u0142ego \u015bwiata. Krajobraz miejski Nowego Jorku stanowi nieustanne \u017ar\u00f3d\u0142o inspiracji dla artyst\u00f3w. Nasz wybrany Obraz \u201cNowy Jork Noc\u0105\u201d przedstawia zachwycaj\u0105c\u0105 architektur\u0119 miasta, pow\u00f3z konny i dynamiczn\u0105 energi\u0119. Wymiary: Obraz \u201cNowy Jork Noc\u0105\u201d (wysoko\u015b\u0107 10 cali, szeroko\u015b\u0107 12 cali).     <\/p>\n","protected":false},"excerpt":{"rendered":"<p>Nowy Jork to fascynuj\u0105ce miejsce z kultowymi zabytkami i ol\u015bniewaj\u0105cymi \u015bwiat\u0142ami. Wieczorny spacer po mie\u015bcie pozwala podziwia\u0107 o\u015bwietlone zabytki, nieustann\u0105 energi\u0119 i pi\u0119kne widoki na panoram\u0119 miasta. Teatry na Broadwayu, zach\u0119caj\u0105cy Central Park i t\u0119tni\u0105ce \u017cyciem restauracje zachwycaj\u0105 odwiedzaj\u0105cych z ca\u0142ego \u015bwiata. Krajobraz miejski Nowego Jorku stanowi nieustanne \u017ar\u00f3d\u0142o inspiracji dla artyst\u00f3w. Nasz wybrany Obraz [&hellip;]<\/p>\n","protected":false},"featured_media":12216,"template":"","meta":{"_acf_changed":false},"product_brand":[],"product_cat":[52],"product_tag":[],"class_list":{"0":"post-12252","1":"product","2":"type-product","3":"status-publish","4":"has-post-thumbnail","6":"product_cat-artystyczne","8":"first","9":"instock","10":"taxable","11":"shipping-taxable","12":"purchasable","13":"product-type-simple"},"acf":[],"yoast_head":"<!-- This site is optimized with the Yoast SEO plugin v27.3 - https:\/\/yoast.com\/product\/yoast-seo-wordpress\/ -->\n<title>Obraz \u201cNowy Jork Noc\u0105\u201d, USA - Artystyczne - Red Karawana<\/title>\n<meta name=\"description\" content=\"Nasz wybrany Obraz \u201cNowy Jork Noc\u0105\u201d przedstawia zachwycaj\u0105c\u0105 architektur\u0119 miasta, pow\u00f3z konny i dynamiczn\u0105 energi\u0119.\" \/>\n<meta name=\"robots\" content=\"index, follow, max-snippet:-1, max-image-preview:large, max-video-preview:-1\" \/>\n<link rel=\"canonical\" href=\"https:\/\/redkarawana.com\/pl\/rzemioslo\/obraz-nowy-jork-noca-usa\/\" \/>\n<meta property=\"og:locale\" content=\"pl_PL\" \/>\n<meta property=\"og:type\" content=\"article\" \/>\n<meta property=\"og:title\" content=\"Obraz \u201cNowy Jork Noc\u0105\u201d, USA - Artystyczne - Red Karawana\" \/>\n<meta property=\"og:description\" content=\"Nasz wybrany Obraz \u201cNowy Jork Noc\u0105\u201d przedstawia zachwycaj\u0105c\u0105 architektur\u0119 miasta, pow\u00f3z konny i dynamiczn\u0105 energi\u0119.\" \/>\n<meta property=\"og:url\" content=\"https:\/\/redkarawana.com\/pl\/rzemioslo\/obraz-nowy-jork-noca-usa\/\" \/>\n<meta property=\"og:site_name\" content=\"Red Karawana\" \/>\n<meta property=\"article:publisher\" content=\"https:\/\/www.facebook.com\/redkarawana\/\" \/>\n<meta property=\"og:image\" content=\"https:\/\/redkarawana.com\/wp-content\/uploads\/2025\/10\/1-AF-USA-New-York-at-Night-Artwork-1024x538.jpg\" \/>\n<meta name=\"twitter:card\" content=\"summary_large_image\" \/>\n<meta name=\"twitter:label1\" content=\"Szacowany czas czytania\" \/>\n\t<meta name=\"twitter:data1\" content=\"1 minuta\" \/>\n<script type=\"application\/ld+json\" class=\"yoast-schema-graph\">{\"@context\":\"https:\\\/\\\/schema.org\",\"@graph\":[{\"@type\":\"WebPage\",\"@id\":\"https:\\\/\\\/redkarawana.com\\\/pl\\\/rzemioslo\\\/obraz-nowy-jork-noca-usa\\\/\",\"url\":\"https:\\\/\\\/redkarawana.com\\\/pl\\\/rzemioslo\\\/obraz-nowy-jork-noca-usa\\\/\",\"name\":\"Obraz \u201cNowy Jork Noc\u0105\u201d, USA - Artystyczne - Red Karawana\",\"isPartOf\":{\"@id\":\"https:\\\/\\\/redkarawana.com\\\/#website\"},\"primaryImageOfPage\":{\"@id\":\"https:\\\/\\\/redkarawana.com\\\/pl\\\/rzemioslo\\\/obraz-nowy-jork-noca-usa\\\/#primaryimage\"},\"image\":{\"@id\":\"https:\\\/\\\/redkarawana.com\\\/pl\\\/rzemioslo\\\/obraz-nowy-jork-noca-usa\\\/#primaryimage\"},\"thumbnailUrl\":\"https:\\\/\\\/redkarawana.com\\\/wp-content\\\/uploads\\\/2025\\\/10\\\/1-Feature-USA-New-York-at-Night-Artwork.jpg\",\"datePublished\":\"2025-11-30T06:20:05+00:00\",\"description\":\"Nasz wybrany Obraz \u201cNowy Jork Noc\u0105\u201d przedstawia zachwycaj\u0105c\u0105 architektur\u0119 miasta, pow\u00f3z konny i dynamiczn\u0105 energi\u0119.\",\"breadcrumb\":{\"@id\":\"https:\\\/\\\/redkarawana.com\\\/pl\\\/rzemioslo\\\/obraz-nowy-jork-noca-usa\\\/#breadcrumb\"},\"inLanguage\":\"pl-PL\",\"potentialAction\":[{\"@type\":\"ReadAction\",\"target\":[\"https:\\\/\\\/redkarawana.com\\\/pl\\\/rzemioslo\\\/obraz-nowy-jork-noca-usa\\\/\"]}]},{\"@type\":\"ImageObject\",\"inLanguage\":\"pl-PL\",\"@id\":\"https:\\\/\\\/redkarawana.com\\\/pl\\\/rzemioslo\\\/obraz-nowy-jork-noca-usa\\\/#primaryimage\",\"url\":\"https:\\\/\\\/redkarawana.com\\\/wp-content\\\/uploads\\\/2025\\\/10\\\/1-Feature-USA-New-York-at-Night-Artwork.jpg\",\"contentUrl\":\"https:\\\/\\\/redkarawana.com\\\/wp-content\\\/uploads\\\/2025\\\/10\\\/1-Feature-USA-New-York-at-Night-Artwork.jpg\",\"width\":680,\"height\":453,\"caption\":\"USA, Obraz \u201cNowy Jork Noc\u0105\u201d\"},{\"@type\":\"BreadcrumbList\",\"@id\":\"https:\\\/\\\/redkarawana.com\\\/pl\\\/rzemioslo\\\/obraz-nowy-jork-noca-usa\\\/#breadcrumb\",\"itemListElement\":[{\"@type\":\"ListItem\",\"position\":1,\"name\":\"Home\",\"item\":\"https:\\\/\\\/redkarawana.com\\\/pl\\\/\"},{\"@type\":\"ListItem\",\"position\":2,\"name\":\"Rzemios\u0142a\",\"item\":\"https:\\\/\\\/redkarawana.com\\\/pl\\\/rzemiosla\\\/\"},{\"@type\":\"ListItem\",\"position\":3,\"name\":\"Obraz \u201cNowy Jork Noc\u0105\u201d, USA; Miasto Ol\u015bniewaj\u0105cych \u015awiate\u0142\"}]},{\"@type\":\"WebSite\",\"@id\":\"https:\\\/\\\/redkarawana.com\\\/#website\",\"url\":\"https:\\\/\\\/redkarawana.com\\\/\",\"name\":\"Red Karawana\",\"description\":\"\",\"publisher\":{\"@id\":\"https:\\\/\\\/redkarawana.com\\\/#organization\"},\"potentialAction\":[{\"@type\":\"SearchAction\",\"target\":{\"@type\":\"EntryPoint\",\"urlTemplate\":\"https:\\\/\\\/redkarawana.com\\\/?s={search_term_string}\"},\"query-input\":{\"@type\":\"PropertyValueSpecification\",\"valueRequired\":true,\"valueName\":\"search_term_string\"}}],\"inLanguage\":\"pl-PL\"},{\"@type\":\"Organization\",\"@id\":\"https:\\\/\\\/redkarawana.com\\\/#organization\",\"name\":\"Red Karawana\",\"url\":\"https:\\\/\\\/redkarawana.com\\\/\",\"logo\":{\"@type\":\"ImageObject\",\"inLanguage\":\"pl-PL\",\"@id\":\"https:\\\/\\\/redkarawana.com\\\/#\\\/schema\\\/logo\\\/image\\\/\",\"url\":\"https:\\\/\\\/redkarawana.com\\\/wp-content\\\/uploads\\\/2025\\\/05\\\/cropped-Screenshot-2025-05-29-at-09.27.38.png\",\"contentUrl\":\"https:\\\/\\\/redkarawana.com\\\/wp-content\\\/uploads\\\/2025\\\/05\\\/cropped-Screenshot-2025-05-29-at-09.27.38.png\",\"width\":512,\"height\":512,\"caption\":\"Red Karawana\"},\"image\":{\"@id\":\"https:\\\/\\\/redkarawana.com\\\/#\\\/schema\\\/logo\\\/image\\\/\"},\"sameAs\":[\"https:\\\/\\\/www.facebook.com\\\/redkarawana\\\/\",\"https:\\\/\\\/www.instagram.com\\\/redkarawana\\\/\",\"https:\\\/\\\/www.youtube.com\\\/channel\\\/UCU9jXzSmyKm4ZZv38FEXGKg\",\"https:\\\/\\\/www.pinterest.com\\\/redkarawana\\\/\"]}]}<\/script>\n<!-- \/ Yoast SEO plugin. -->","yoast_head_json":{"title":"Obraz \u201cNowy Jork Noc\u0105\u201d, USA - Artystyczne - Red Karawana","description":"Nasz wybrany Obraz \u201cNowy Jork Noc\u0105\u201d przedstawia zachwycaj\u0105c\u0105 architektur\u0119 miasta, pow\u00f3z konny i dynamiczn\u0105 energi\u0119.","robots":{"index":"index","follow":"follow","max-snippet":"max-snippet:-1","max-image-preview":"max-image-preview:large","max-video-preview":"max-video-preview:-1"},"canonical":"https:\/\/redkarawana.com\/pl\/rzemioslo\/obraz-nowy-jork-noca-usa\/","og_locale":"pl_PL","og_type":"article","og_title":"Obraz \u201cNowy Jork Noc\u0105\u201d, USA - Artystyczne - Red Karawana","og_description":"Nasz wybrany Obraz \u201cNowy Jork Noc\u0105\u201d przedstawia zachwycaj\u0105c\u0105 architektur\u0119 miasta, pow\u00f3z konny i dynamiczn\u0105 energi\u0119.","og_url":"https:\/\/redkarawana.com\/pl\/rzemioslo\/obraz-nowy-jork-noca-usa\/","og_site_name":"Red Karawana","article_publisher":"https:\/\/www.facebook.com\/redkarawana\/","og_image":[{"url":"https:\/\/redkarawana.com\/wp-content\/uploads\/2025\/10\/1-AF-USA-New-York-at-Night-Artwork-1024x538.jpg","type":"","width":"","height":""}],"twitter_card":"summary_large_image","twitter_misc":{"Szacowany czas czytania":"1 minuta"},"schema":{"@context":"https:\/\/schema.org","@graph":[{"@type":"WebPage","@id":"https:\/\/redkarawana.com\/pl\/rzemioslo\/obraz-nowy-jork-noca-usa\/","url":"https:\/\/redkarawana.com\/pl\/rzemioslo\/obraz-nowy-jork-noca-usa\/","name":"Obraz \u201cNowy Jork Noc\u0105\u201d, USA - Artystyczne - Red Karawana","isPartOf":{"@id":"https:\/\/redkarawana.com\/#website"},"primaryImageOfPage":{"@id":"https:\/\/redkarawana.com\/pl\/rzemioslo\/obraz-nowy-jork-noca-usa\/#primaryimage"},"image":{"@id":"https:\/\/redkarawana.com\/pl\/rzemioslo\/obraz-nowy-jork-noca-usa\/#primaryimage"},"thumbnailUrl":"https:\/\/redkarawana.com\/wp-content\/uploads\/2025\/10\/1-Feature-USA-New-York-at-Night-Artwork.jpg","datePublished":"2025-11-30T06:20:05+00:00","description":"Nasz wybrany Obraz \u201cNowy Jork Noc\u0105\u201d przedstawia zachwycaj\u0105c\u0105 architektur\u0119 miasta, pow\u00f3z konny i dynamiczn\u0105 energi\u0119.","breadcrumb":{"@id":"https:\/\/redkarawana.com\/pl\/rzemioslo\/obraz-nowy-jork-noca-usa\/#breadcrumb"},"inLanguage":"pl-PL","potentialAction":[{"@type":"ReadAction","target":["https:\/\/redkarawana.com\/pl\/rzemioslo\/obraz-nowy-jork-noca-usa\/"]}]},{"@type":"ImageObject","inLanguage":"pl-PL","@id":"https:\/\/redkarawana.com\/pl\/rzemioslo\/obraz-nowy-jork-noca-usa\/#primaryimage","url":"https:\/\/redkarawana.com\/wp-content\/uploads\/2025\/10\/1-Feature-USA-New-York-at-Night-Artwork.jpg","contentUrl":"https:\/\/redkarawana.com\/wp-content\/uploads\/2025\/10\/1-Feature-USA-New-York-at-Night-Artwork.jpg","width":680,"height":453,"caption":"USA, Obraz \u201cNowy Jork Noc\u0105\u201d"},{"@type":"BreadcrumbList","@id":"https:\/\/redkarawana.com\/pl\/rzemioslo\/obraz-nowy-jork-noca-usa\/#breadcrumb","itemListElement":[{"@type":"ListItem","position":1,"name":"Home","item":"https:\/\/redkarawana.com\/pl\/"},{"@type":"ListItem","position":2,"name":"Rzemios\u0142a","item":"https:\/\/redkarawana.com\/pl\/rzemiosla\/"},{"@type":"ListItem","position":3,"name":"Obraz \u201cNowy Jork Noc\u0105\u201d, USA; Miasto Ol\u015bniewaj\u0105cych \u015awiate\u0142"}]},{"@type":"WebSite","@id":"https:\/\/redkarawana.com\/#website","url":"https:\/\/redkarawana.com\/","name":"Red Karawana","description":"","publisher":{"@id":"https:\/\/redkarawana.com\/#organization"},"potentialAction":[{"@type":"SearchAction","target":{"@type":"EntryPoint","urlTemplate":"https:\/\/redkarawana.com\/?s={search_term_string}"},"query-input":{"@type":"PropertyValueSpecification","valueRequired":true,"valueName":"search_term_string"}}],"inLanguage":"pl-PL"},{"@type":"Organization","@id":"https:\/\/redkarawana.com\/#organization","name":"Red Karawana","url":"https:\/\/redkarawana.com\/","logo":{"@type":"ImageObject","inLanguage":"pl-PL","@id":"https:\/\/redkarawana.com\/#\/schema\/logo\/image\/","url":"https:\/\/redkarawana.com\/wp-content\/uploads\/2025\/05\/cropped-Screenshot-2025-05-29-at-09.27.38.png","contentUrl":"https:\/\/redkarawana.com\/wp-content\/uploads\/2025\/05\/cropped-Screenshot-2025-05-29-at-09.27.38.png","width":512,"height":512,"caption":"Red Karawana"},"image":{"@id":"https:\/\/redkarawana.com\/#\/schema\/logo\/image\/"},"sameAs":["https:\/\/www.facebook.com\/redkarawana\/","https:\/\/www.instagram.com\/redkarawana\/","https:\/\/www.youtube.com\/channel\/UCU9jXzSmyKm4ZZv38FEXGKg","https:\/\/www.pinterest.com\/redkarawana\/"]}]}},"_links":{"self":[{"href":"https:\/\/redkarawana.com\/pl\/wp-json\/wp\/v2\/product\/12252","targetHints":{"allow":["GET"]}}],"collection":[{"href":"https:\/\/redkarawana.com\/pl\/wp-json\/wp\/v2\/product"}],"about":[{"href":"https:\/\/redkarawana.com\/pl\/wp-json\/wp\/v2\/types\/product"}],"wp:featuredmedia":[{"embeddable":true,"href":"https:\/\/redkarawana.com\/pl\/wp-json\/wp\/v2\/media\/12216"}],"wp:attachment":[{"href":"https:\/\/redkarawana.com\/pl\/wp-json\/wp\/v2\/media?parent=12252"}],"wp:term":[{"taxonomy":"product_brand","embeddable":true,"href":"https:\/\/redkarawana.com\/pl\/wp-json\/wp\/v2\/product_brand?post=12252"},{"taxonomy":"product_cat","embeddable":true,"href":"https:\/\/redkarawana.com\/pl\/wp-json\/wp\/v2\/product_cat?post=12252"},{"taxonomy":"product_tag","embeddable":true,"href":"https:\/\/redkarawana.com\/pl\/wp-json\/wp\/v2\/product_tag?post=12252"}],"curies":[{"name":"wp","href":"https:\/\/api.w.org\/{rel}","templated":true}]}}