{"id":12306,"date":"2025-11-30T06:50:20","date_gmt":"2025-11-30T06:50:20","guid":{"rendered":"https:\/\/redkarawana.com\/artisan\/red-shawl-india\/"},"modified":"2025-10-23T18:52:54","modified_gmt":"2025-10-23T18:52:54","slug":"czerwony-szal-indie","status":"publish","type":"product","link":"https:\/\/redkarawana.com\/pl\/rzemioslo\/czerwony-szal-indie\/","title":{"rendered":"Czerwony Szal, Indie; Klasyczny Wz\u00f3r z B\u0142yszcz\u0105cym Motywem"},"content":{"rendered":"<p>Tradycja wytwarzania szali z tkaniny rozpocz\u0119\u0142a si\u0119 w staro\u017cytnych cywilizacjach. Szale s\u0105 uniwersalnym dodatkiem, kt\u00f3ry pasuje zar\u00f3wno do stroj\u00f3w codziennych, jak i eleganckich kreacji. Szale z paszminy s\u0105 cenione za swoj\u0105 elegancj\u0119, wzory i pi\u0119kno. Szale s\u0105 wykonane z r\u00f3\u017cnych materia\u0142\u00f3w i charakteryzuj\u0105 si\u0119 tradycyjnym i oryginalnym stylem. Szale s\u0105 dost\u0119pne w wielu kolorach, ozdobione haftami i maj\u0105 delikatn\u0105 faktur\u0119. Nasz czerwony szal ma b\u0142yszcz\u0105cy wz\u00f3r, \u017cywe kolory i delikatn\u0105 faktur\u0119. Wymiary: czerwony szal (d\u0142ugo\u015b\u0107 73 cale, szeroko\u015b\u0107 28 cali).      <\/p>\n","protected":false},"excerpt":{"rendered":"<p>Tradycja wytwarzania szali z tkaniny rozpocz\u0119\u0142a si\u0119 w staro\u017cytnych cywilizacjach. Szale s\u0105 uniwersalnym dodatkiem, kt\u00f3ry pasuje zar\u00f3wno do stroj\u00f3w codziennych, jak i eleganckich kreacji. Szale z paszminy s\u0105 cenione za swoj\u0105 elegancj\u0119, wzory i pi\u0119kno. Szale s\u0105 wykonane z r\u00f3\u017cnych materia\u0142\u00f3w i charakteryzuj\u0105 si\u0119 tradycyjnym i oryginalnym stylem. Szale s\u0105 dost\u0119pne w wielu kolorach, ozdobione [&hellip;]<\/p>\n","protected":false},"featured_media":12286,"template":"","meta":{"_acf_changed":false},"product_brand":[],"product_cat":[54],"product_tag":[],"class_list":{"0":"post-12306","1":"product","2":"type-product","3":"status-publish","4":"has-post-thumbnail","6":"product_cat-eklektyczne","8":"first","9":"instock","10":"taxable","11":"shipping-taxable","12":"purchasable","13":"product-type-simple"},"acf":[],"yoast_head":"<!-- This site is optimized with the Yoast SEO plugin v27.3 - https:\/\/yoast.com\/product\/yoast-seo-wordpress\/ -->\n<title>Czerwony Szal, Indie \u2013 Eklektyczne - Red Karawana<\/title>\n<meta name=\"description\" content=\"Szale s\u0105 uniwersalnym dodatkiem i s\u0105 dost\u0119pne w wielu kolorach. Nasz czerwony szal ma b\u0142yszcz\u0105cy wz\u00f3r, \u017cywe kolory i delikatn\u0105 faktur\u0119.\" \/>\n<meta name=\"robots\" content=\"index, follow, max-snippet:-1, max-image-preview:large, max-video-preview:-1\" \/>\n<link rel=\"canonical\" href=\"https:\/\/redkarawana.com\/pl\/rzemioslo\/czerwony-szal-indie\/\" \/>\n<meta property=\"og:locale\" content=\"pl_PL\" \/>\n<meta property=\"og:type\" content=\"article\" \/>\n<meta property=\"og:title\" content=\"Czerwony Szal, Indie \u2013 Eklektyczne - Red Karawana\" \/>\n<meta property=\"og:description\" content=\"Szale s\u0105 uniwersalnym dodatkiem i s\u0105 dost\u0119pne w wielu kolorach. Nasz czerwony szal ma b\u0142yszcz\u0105cy wz\u00f3r, \u017cywe kolory i delikatn\u0105 faktur\u0119.\" \/>\n<meta property=\"og:url\" content=\"https:\/\/redkarawana.com\/pl\/rzemioslo\/czerwony-szal-indie\/\" \/>\n<meta property=\"og:site_name\" content=\"Red Karawana\" \/>\n<meta property=\"article:publisher\" content=\"https:\/\/www.facebook.com\/redkarawana\/\" \/>\n<meta property=\"og:image\" content=\"https:\/\/redkarawana.com\/wp-content\/uploads\/2025\/10\/1-AF-India-Red-Shawl-1024x538.jpg\" \/>\n<meta name=\"twitter:card\" content=\"summary_large_image\" \/>\n<meta name=\"twitter:label1\" content=\"Szacowany czas czytania\" \/>\n\t<meta name=\"twitter:data1\" content=\"1 minuta\" \/>\n<script type=\"application\/ld+json\" class=\"yoast-schema-graph\">{\"@context\":\"https:\\\/\\\/schema.org\",\"@graph\":[{\"@type\":\"WebPage\",\"@id\":\"https:\\\/\\\/redkarawana.com\\\/pl\\\/rzemioslo\\\/czerwony-szal-indie\\\/\",\"url\":\"https:\\\/\\\/redkarawana.com\\\/pl\\\/rzemioslo\\\/czerwony-szal-indie\\\/\",\"name\":\"Czerwony Szal, Indie \u2013 Eklektyczne - Red Karawana\",\"isPartOf\":{\"@id\":\"https:\\\/\\\/redkarawana.com\\\/#website\"},\"primaryImageOfPage\":{\"@id\":\"https:\\\/\\\/redkarawana.com\\\/pl\\\/rzemioslo\\\/czerwony-szal-indie\\\/#primaryimage\"},\"image\":{\"@id\":\"https:\\\/\\\/redkarawana.com\\\/pl\\\/rzemioslo\\\/czerwony-szal-indie\\\/#primaryimage\"},\"thumbnailUrl\":\"https:\\\/\\\/redkarawana.com\\\/wp-content\\\/uploads\\\/2025\\\/10\\\/1-Feature-India-Red-Shawl.jpg\",\"datePublished\":\"2025-11-30T06:50:20+00:00\",\"description\":\"Szale s\u0105 uniwersalnym dodatkiem i s\u0105 dost\u0119pne w wielu kolorach. Nasz czerwony szal ma b\u0142yszcz\u0105cy wz\u00f3r, \u017cywe kolory i delikatn\u0105 faktur\u0119.\",\"breadcrumb\":{\"@id\":\"https:\\\/\\\/redkarawana.com\\\/pl\\\/rzemioslo\\\/czerwony-szal-indie\\\/#breadcrumb\"},\"inLanguage\":\"pl-PL\",\"potentialAction\":[{\"@type\":\"ReadAction\",\"target\":[\"https:\\\/\\\/redkarawana.com\\\/pl\\\/rzemioslo\\\/czerwony-szal-indie\\\/\"]}]},{\"@type\":\"ImageObject\",\"inLanguage\":\"pl-PL\",\"@id\":\"https:\\\/\\\/redkarawana.com\\\/pl\\\/rzemioslo\\\/czerwony-szal-indie\\\/#primaryimage\",\"url\":\"https:\\\/\\\/redkarawana.com\\\/wp-content\\\/uploads\\\/2025\\\/10\\\/1-Feature-India-Red-Shawl.jpg\",\"contentUrl\":\"https:\\\/\\\/redkarawana.com\\\/wp-content\\\/uploads\\\/2025\\\/10\\\/1-Feature-India-Red-Shawl.jpg\",\"width\":680,\"height\":468,\"caption\":\"Indie, Czerwony Szal\"},{\"@type\":\"BreadcrumbList\",\"@id\":\"https:\\\/\\\/redkarawana.com\\\/pl\\\/rzemioslo\\\/czerwony-szal-indie\\\/#breadcrumb\",\"itemListElement\":[{\"@type\":\"ListItem\",\"position\":1,\"name\":\"Home\",\"item\":\"https:\\\/\\\/redkarawana.com\\\/pl\\\/\"},{\"@type\":\"ListItem\",\"position\":2,\"name\":\"Rzemios\u0142a\",\"item\":\"https:\\\/\\\/redkarawana.com\\\/pl\\\/rzemiosla\\\/\"},{\"@type\":\"ListItem\",\"position\":3,\"name\":\"Czerwony Szal, Indie; Klasyczny Wz\u00f3r z B\u0142yszcz\u0105cym Motywem\"}]},{\"@type\":\"WebSite\",\"@id\":\"https:\\\/\\\/redkarawana.com\\\/#website\",\"url\":\"https:\\\/\\\/redkarawana.com\\\/\",\"name\":\"Red Karawana\",\"description\":\"\",\"publisher\":{\"@id\":\"https:\\\/\\\/redkarawana.com\\\/#organization\"},\"potentialAction\":[{\"@type\":\"SearchAction\",\"target\":{\"@type\":\"EntryPoint\",\"urlTemplate\":\"https:\\\/\\\/redkarawana.com\\\/?s={search_term_string}\"},\"query-input\":{\"@type\":\"PropertyValueSpecification\",\"valueRequired\":true,\"valueName\":\"search_term_string\"}}],\"inLanguage\":\"pl-PL\"},{\"@type\":\"Organization\",\"@id\":\"https:\\\/\\\/redkarawana.com\\\/#organization\",\"name\":\"Red Karawana\",\"url\":\"https:\\\/\\\/redkarawana.com\\\/\",\"logo\":{\"@type\":\"ImageObject\",\"inLanguage\":\"pl-PL\",\"@id\":\"https:\\\/\\\/redkarawana.com\\\/#\\\/schema\\\/logo\\\/image\\\/\",\"url\":\"https:\\\/\\\/redkarawana.com\\\/wp-content\\\/uploads\\\/2025\\\/05\\\/cropped-Screenshot-2025-05-29-at-09.27.38.png\",\"contentUrl\":\"https:\\\/\\\/redkarawana.com\\\/wp-content\\\/uploads\\\/2025\\\/05\\\/cropped-Screenshot-2025-05-29-at-09.27.38.png\",\"width\":512,\"height\":512,\"caption\":\"Red Karawana\"},\"image\":{\"@id\":\"https:\\\/\\\/redkarawana.com\\\/#\\\/schema\\\/logo\\\/image\\\/\"},\"sameAs\":[\"https:\\\/\\\/www.facebook.com\\\/redkarawana\\\/\",\"https:\\\/\\\/www.instagram.com\\\/redkarawana\\\/\",\"https:\\\/\\\/www.youtube.com\\\/channel\\\/UCU9jXzSmyKm4ZZv38FEXGKg\",\"https:\\\/\\\/www.pinterest.com\\\/redkarawana\\\/\"]}]}<\/script>\n<!-- \/ Yoast SEO plugin. -->","yoast_head_json":{"title":"Czerwony Szal, Indie \u2013 Eklektyczne - Red Karawana","description":"Szale s\u0105 uniwersalnym dodatkiem i s\u0105 dost\u0119pne w wielu kolorach. Nasz czerwony szal ma b\u0142yszcz\u0105cy wz\u00f3r, \u017cywe kolory i delikatn\u0105 faktur\u0119.","robots":{"index":"index","follow":"follow","max-snippet":"max-snippet:-1","max-image-preview":"max-image-preview:large","max-video-preview":"max-video-preview:-1"},"canonical":"https:\/\/redkarawana.com\/pl\/rzemioslo\/czerwony-szal-indie\/","og_locale":"pl_PL","og_type":"article","og_title":"Czerwony Szal, Indie \u2013 Eklektyczne - Red Karawana","og_description":"Szale s\u0105 uniwersalnym dodatkiem i s\u0105 dost\u0119pne w wielu kolorach. Nasz czerwony szal ma b\u0142yszcz\u0105cy wz\u00f3r, \u017cywe kolory i delikatn\u0105 faktur\u0119.","og_url":"https:\/\/redkarawana.com\/pl\/rzemioslo\/czerwony-szal-indie\/","og_site_name":"Red Karawana","article_publisher":"https:\/\/www.facebook.com\/redkarawana\/","og_image":[{"url":"https:\/\/redkarawana.com\/wp-content\/uploads\/2025\/10\/1-AF-India-Red-Shawl-1024x538.jpg","type":"","width":"","height":""}],"twitter_card":"summary_large_image","twitter_misc":{"Szacowany czas czytania":"1 minuta"},"schema":{"@context":"https:\/\/schema.org","@graph":[{"@type":"WebPage","@id":"https:\/\/redkarawana.com\/pl\/rzemioslo\/czerwony-szal-indie\/","url":"https:\/\/redkarawana.com\/pl\/rzemioslo\/czerwony-szal-indie\/","name":"Czerwony Szal, Indie \u2013 Eklektyczne - Red Karawana","isPartOf":{"@id":"https:\/\/redkarawana.com\/#website"},"primaryImageOfPage":{"@id":"https:\/\/redkarawana.com\/pl\/rzemioslo\/czerwony-szal-indie\/#primaryimage"},"image":{"@id":"https:\/\/redkarawana.com\/pl\/rzemioslo\/czerwony-szal-indie\/#primaryimage"},"thumbnailUrl":"https:\/\/redkarawana.com\/wp-content\/uploads\/2025\/10\/1-Feature-India-Red-Shawl.jpg","datePublished":"2025-11-30T06:50:20+00:00","description":"Szale s\u0105 uniwersalnym dodatkiem i s\u0105 dost\u0119pne w wielu kolorach. Nasz czerwony szal ma b\u0142yszcz\u0105cy wz\u00f3r, \u017cywe kolory i delikatn\u0105 faktur\u0119.","breadcrumb":{"@id":"https:\/\/redkarawana.com\/pl\/rzemioslo\/czerwony-szal-indie\/#breadcrumb"},"inLanguage":"pl-PL","potentialAction":[{"@type":"ReadAction","target":["https:\/\/redkarawana.com\/pl\/rzemioslo\/czerwony-szal-indie\/"]}]},{"@type":"ImageObject","inLanguage":"pl-PL","@id":"https:\/\/redkarawana.com\/pl\/rzemioslo\/czerwony-szal-indie\/#primaryimage","url":"https:\/\/redkarawana.com\/wp-content\/uploads\/2025\/10\/1-Feature-India-Red-Shawl.jpg","contentUrl":"https:\/\/redkarawana.com\/wp-content\/uploads\/2025\/10\/1-Feature-India-Red-Shawl.jpg","width":680,"height":468,"caption":"Indie, Czerwony Szal"},{"@type":"BreadcrumbList","@id":"https:\/\/redkarawana.com\/pl\/rzemioslo\/czerwony-szal-indie\/#breadcrumb","itemListElement":[{"@type":"ListItem","position":1,"name":"Home","item":"https:\/\/redkarawana.com\/pl\/"},{"@type":"ListItem","position":2,"name":"Rzemios\u0142a","item":"https:\/\/redkarawana.com\/pl\/rzemiosla\/"},{"@type":"ListItem","position":3,"name":"Czerwony Szal, Indie; Klasyczny Wz\u00f3r z B\u0142yszcz\u0105cym Motywem"}]},{"@type":"WebSite","@id":"https:\/\/redkarawana.com\/#website","url":"https:\/\/redkarawana.com\/","name":"Red Karawana","description":"","publisher":{"@id":"https:\/\/redkarawana.com\/#organization"},"potentialAction":[{"@type":"SearchAction","target":{"@type":"EntryPoint","urlTemplate":"https:\/\/redkarawana.com\/?s={search_term_string}"},"query-input":{"@type":"PropertyValueSpecification","valueRequired":true,"valueName":"search_term_string"}}],"inLanguage":"pl-PL"},{"@type":"Organization","@id":"https:\/\/redkarawana.com\/#organization","name":"Red Karawana","url":"https:\/\/redkarawana.com\/","logo":{"@type":"ImageObject","inLanguage":"pl-PL","@id":"https:\/\/redkarawana.com\/#\/schema\/logo\/image\/","url":"https:\/\/redkarawana.com\/wp-content\/uploads\/2025\/05\/cropped-Screenshot-2025-05-29-at-09.27.38.png","contentUrl":"https:\/\/redkarawana.com\/wp-content\/uploads\/2025\/05\/cropped-Screenshot-2025-05-29-at-09.27.38.png","width":512,"height":512,"caption":"Red Karawana"},"image":{"@id":"https:\/\/redkarawana.com\/#\/schema\/logo\/image\/"},"sameAs":["https:\/\/www.facebook.com\/redkarawana\/","https:\/\/www.instagram.com\/redkarawana\/","https:\/\/www.youtube.com\/channel\/UCU9jXzSmyKm4ZZv38FEXGKg","https:\/\/www.pinterest.com\/redkarawana\/"]}]}},"_links":{"self":[{"href":"https:\/\/redkarawana.com\/pl\/wp-json\/wp\/v2\/product\/12306","targetHints":{"allow":["GET"]}}],"collection":[{"href":"https:\/\/redkarawana.com\/pl\/wp-json\/wp\/v2\/product"}],"about":[{"href":"https:\/\/redkarawana.com\/pl\/wp-json\/wp\/v2\/types\/product"}],"wp:featuredmedia":[{"embeddable":true,"href":"https:\/\/redkarawana.com\/pl\/wp-json\/wp\/v2\/media\/12286"}],"wp:attachment":[{"href":"https:\/\/redkarawana.com\/pl\/wp-json\/wp\/v2\/media?parent=12306"}],"wp:term":[{"taxonomy":"product_brand","embeddable":true,"href":"https:\/\/redkarawana.com\/pl\/wp-json\/wp\/v2\/product_brand?post=12306"},{"taxonomy":"product_cat","embeddable":true,"href":"https:\/\/redkarawana.com\/pl\/wp-json\/wp\/v2\/product_cat?post=12306"},{"taxonomy":"product_tag","embeddable":true,"href":"https:\/\/redkarawana.com\/pl\/wp-json\/wp\/v2\/product_tag?post=12306"}],"curies":[{"name":"wp","href":"https:\/\/api.w.org\/{rel}","templated":true}]}}