{"id":12371,"date":"2025-11-30T07:00:38","date_gmt":"2025-11-30T07:00:38","guid":{"rendered":"https:\/\/redkarawana.com\/artisan\/ceramic-cat-figurine-poland\/"},"modified":"2025-10-23T19:18:46","modified_gmt":"2025-10-23T19:18:46","slug":"ceramiczna-figurka-kota-polska","status":"publish","type":"product","link":"https:\/\/redkarawana.com\/pl\/rzemioslo\/ceramiczna-figurka-kota-polska\/","title":{"rendered":"Ceramiczna Figurka Kota, Polska; Oryginalne Dzie\u0142o Sztuki Dekoracyjnej"},"content":{"rendered":"<p>W Polsce dobrze zachowa\u0142a si\u0119 d\u0142ugoletnia tradycja wytwarzania pi\u0119knej ceramiki. Warsztaty ceramiczne s\u0105 bardzo popularnym sposobem wyra\u017cania kreatywno\u015bci i r\u0119cznego wytwarzania oryginalnej ceramiki. Kolekcja wysokiej jako\u015bci ceramiki obejmuje r\u0119cznie malowan\u0105 zastaw\u0119 sto\u0142ow\u0105 i dekoracyjne dzie\u0142a sztuki. Nasza wybrana ceramiczna figurka kota to oryginalna interpretacja kota, przedstawiaj\u0105ca czerwono-bia\u0142\u0105 twarz z br\u0105zowymi rysami. Wymiary: ceramiczna figurka kota (wysoko\u015b\u0107 4 cale, szeroko\u015b\u0107 4 1\/2 cala).    <\/p>\n","protected":false},"excerpt":{"rendered":"<p>W Polsce dobrze zachowa\u0142a si\u0119 d\u0142ugoletnia tradycja wytwarzania pi\u0119knej ceramiki. Warsztaty ceramiczne s\u0105 bardzo popularnym sposobem wyra\u017cania kreatywno\u015bci i r\u0119cznego wytwarzania oryginalnej ceramiki. Kolekcja wysokiej jako\u015bci ceramiki obejmuje r\u0119cznie malowan\u0105 zastaw\u0119 sto\u0142ow\u0105 i dekoracyjne dzie\u0142a sztuki. Nasza wybrana ceramiczna figurka kota to oryginalna interpretacja kota, przedstawiaj\u0105ca czerwono-bia\u0142\u0105 twarz z br\u0105zowymi rysami. Wymiary: ceramiczna figurka kota [&hellip;]<\/p>\n","protected":false},"featured_media":12315,"template":"","meta":{"_acf_changed":false},"product_brand":[],"product_cat":[52],"product_tag":[],"class_list":{"0":"post-12371","1":"product","2":"type-product","3":"status-publish","4":"has-post-thumbnail","6":"product_cat-artystyczne","8":"first","9":"instock","10":"taxable","11":"shipping-taxable","12":"purchasable","13":"product-type-simple"},"acf":[],"yoast_head":"<!-- This site is optimized with the Yoast SEO plugin v27.3 - https:\/\/yoast.com\/product\/yoast-seo-wordpress\/ -->\n<title>Ceramiczna Figurka Kota, Polska - Artystyczne - Red Karawana<\/title>\n<meta name=\"description\" content=\"Nasza wybrana ceramiczna figurka kota to oryginalna interpretacja kota, przedstawiaj\u0105ca czerwono-bia\u0142\u0105 twarz z br\u0105zowymi rysami.\" \/>\n<meta name=\"robots\" content=\"index, follow, max-snippet:-1, max-image-preview:large, max-video-preview:-1\" \/>\n<link rel=\"canonical\" href=\"https:\/\/redkarawana.com\/pl\/rzemioslo\/ceramiczna-figurka-kota-polska\/\" \/>\n<meta property=\"og:locale\" content=\"pl_PL\" \/>\n<meta property=\"og:type\" content=\"article\" \/>\n<meta property=\"og:title\" content=\"Ceramiczna Figurka Kota, Polska - Artystyczne - Red Karawana\" \/>\n<meta property=\"og:description\" content=\"Nasza wybrana ceramiczna figurka kota to oryginalna interpretacja kota, przedstawiaj\u0105ca czerwono-bia\u0142\u0105 twarz z br\u0105zowymi rysami.\" \/>\n<meta property=\"og:url\" content=\"https:\/\/redkarawana.com\/pl\/rzemioslo\/ceramiczna-figurka-kota-polska\/\" \/>\n<meta property=\"og:site_name\" content=\"Red Karawana\" \/>\n<meta property=\"article:publisher\" content=\"https:\/\/www.facebook.com\/redkarawana\/\" \/>\n<meta property=\"og:image\" content=\"https:\/\/redkarawana.com\/wp-content\/uploads\/2025\/10\/1-AF-Poland-Ceramic-Cat-Figurine-1024x538.jpg\" \/>\n<meta name=\"twitter:card\" content=\"summary_large_image\" \/>\n<meta name=\"twitter:label1\" content=\"Szacowany czas czytania\" \/>\n\t<meta name=\"twitter:data1\" content=\"1 minuta\" \/>\n<script type=\"application\/ld+json\" class=\"yoast-schema-graph\">{\"@context\":\"https:\\\/\\\/schema.org\",\"@graph\":[{\"@type\":\"WebPage\",\"@id\":\"https:\\\/\\\/redkarawana.com\\\/pl\\\/rzemioslo\\\/ceramiczna-figurka-kota-polska\\\/\",\"url\":\"https:\\\/\\\/redkarawana.com\\\/pl\\\/rzemioslo\\\/ceramiczna-figurka-kota-polska\\\/\",\"name\":\"Ceramiczna Figurka Kota, Polska - Artystyczne - Red Karawana\",\"isPartOf\":{\"@id\":\"https:\\\/\\\/redkarawana.com\\\/#website\"},\"primaryImageOfPage\":{\"@id\":\"https:\\\/\\\/redkarawana.com\\\/pl\\\/rzemioslo\\\/ceramiczna-figurka-kota-polska\\\/#primaryimage\"},\"image\":{\"@id\":\"https:\\\/\\\/redkarawana.com\\\/pl\\\/rzemioslo\\\/ceramiczna-figurka-kota-polska\\\/#primaryimage\"},\"thumbnailUrl\":\"https:\\\/\\\/redkarawana.com\\\/wp-content\\\/uploads\\\/2025\\\/10\\\/1-Feature-Poland-Ceramic-Cat-Figurine.jpg\",\"datePublished\":\"2025-11-30T07:00:38+00:00\",\"description\":\"Nasza wybrana ceramiczna figurka kota to oryginalna interpretacja kota, przedstawiaj\u0105ca czerwono-bia\u0142\u0105 twarz z br\u0105zowymi rysami.\",\"breadcrumb\":{\"@id\":\"https:\\\/\\\/redkarawana.com\\\/pl\\\/rzemioslo\\\/ceramiczna-figurka-kota-polska\\\/#breadcrumb\"},\"inLanguage\":\"pl-PL\",\"potentialAction\":[{\"@type\":\"ReadAction\",\"target\":[\"https:\\\/\\\/redkarawana.com\\\/pl\\\/rzemioslo\\\/ceramiczna-figurka-kota-polska\\\/\"]}]},{\"@type\":\"ImageObject\",\"inLanguage\":\"pl-PL\",\"@id\":\"https:\\\/\\\/redkarawana.com\\\/pl\\\/rzemioslo\\\/ceramiczna-figurka-kota-polska\\\/#primaryimage\",\"url\":\"https:\\\/\\\/redkarawana.com\\\/wp-content\\\/uploads\\\/2025\\\/10\\\/1-Feature-Poland-Ceramic-Cat-Figurine.jpg\",\"contentUrl\":\"https:\\\/\\\/redkarawana.com\\\/wp-content\\\/uploads\\\/2025\\\/10\\\/1-Feature-Poland-Ceramic-Cat-Figurine.jpg\",\"width\":680,\"height\":453,\"caption\":\"Polska, Ceramiczna Figurka Kota\"},{\"@type\":\"BreadcrumbList\",\"@id\":\"https:\\\/\\\/redkarawana.com\\\/pl\\\/rzemioslo\\\/ceramiczna-figurka-kota-polska\\\/#breadcrumb\",\"itemListElement\":[{\"@type\":\"ListItem\",\"position\":1,\"name\":\"Home\",\"item\":\"https:\\\/\\\/redkarawana.com\\\/pl\\\/\"},{\"@type\":\"ListItem\",\"position\":2,\"name\":\"Rzemios\u0142a\",\"item\":\"https:\\\/\\\/redkarawana.com\\\/pl\\\/rzemiosla\\\/\"},{\"@type\":\"ListItem\",\"position\":3,\"name\":\"Ceramiczna Figurka Kota, Polska; Oryginalne Dzie\u0142o Sztuki Dekoracyjnej\"}]},{\"@type\":\"WebSite\",\"@id\":\"https:\\\/\\\/redkarawana.com\\\/#website\",\"url\":\"https:\\\/\\\/redkarawana.com\\\/\",\"name\":\"Red Karawana\",\"description\":\"\",\"publisher\":{\"@id\":\"https:\\\/\\\/redkarawana.com\\\/#organization\"},\"potentialAction\":[{\"@type\":\"SearchAction\",\"target\":{\"@type\":\"EntryPoint\",\"urlTemplate\":\"https:\\\/\\\/redkarawana.com\\\/?s={search_term_string}\"},\"query-input\":{\"@type\":\"PropertyValueSpecification\",\"valueRequired\":true,\"valueName\":\"search_term_string\"}}],\"inLanguage\":\"pl-PL\"},{\"@type\":\"Organization\",\"@id\":\"https:\\\/\\\/redkarawana.com\\\/#organization\",\"name\":\"Red Karawana\",\"url\":\"https:\\\/\\\/redkarawana.com\\\/\",\"logo\":{\"@type\":\"ImageObject\",\"inLanguage\":\"pl-PL\",\"@id\":\"https:\\\/\\\/redkarawana.com\\\/#\\\/schema\\\/logo\\\/image\\\/\",\"url\":\"https:\\\/\\\/redkarawana.com\\\/wp-content\\\/uploads\\\/2025\\\/05\\\/cropped-Screenshot-2025-05-29-at-09.27.38.png\",\"contentUrl\":\"https:\\\/\\\/redkarawana.com\\\/wp-content\\\/uploads\\\/2025\\\/05\\\/cropped-Screenshot-2025-05-29-at-09.27.38.png\",\"width\":512,\"height\":512,\"caption\":\"Red Karawana\"},\"image\":{\"@id\":\"https:\\\/\\\/redkarawana.com\\\/#\\\/schema\\\/logo\\\/image\\\/\"},\"sameAs\":[\"https:\\\/\\\/www.facebook.com\\\/redkarawana\\\/\",\"https:\\\/\\\/www.instagram.com\\\/redkarawana\\\/\",\"https:\\\/\\\/www.youtube.com\\\/channel\\\/UCU9jXzSmyKm4ZZv38FEXGKg\",\"https:\\\/\\\/www.pinterest.com\\\/redkarawana\\\/\"]}]}<\/script>\n<!-- \/ Yoast SEO plugin. -->","yoast_head_json":{"title":"Ceramiczna Figurka Kota, Polska - Artystyczne - Red Karawana","description":"Nasza wybrana ceramiczna figurka kota to oryginalna interpretacja kota, przedstawiaj\u0105ca czerwono-bia\u0142\u0105 twarz z br\u0105zowymi rysami.","robots":{"index":"index","follow":"follow","max-snippet":"max-snippet:-1","max-image-preview":"max-image-preview:large","max-video-preview":"max-video-preview:-1"},"canonical":"https:\/\/redkarawana.com\/pl\/rzemioslo\/ceramiczna-figurka-kota-polska\/","og_locale":"pl_PL","og_type":"article","og_title":"Ceramiczna Figurka Kota, Polska - Artystyczne - Red Karawana","og_description":"Nasza wybrana ceramiczna figurka kota to oryginalna interpretacja kota, przedstawiaj\u0105ca czerwono-bia\u0142\u0105 twarz z br\u0105zowymi rysami.","og_url":"https:\/\/redkarawana.com\/pl\/rzemioslo\/ceramiczna-figurka-kota-polska\/","og_site_name":"Red Karawana","article_publisher":"https:\/\/www.facebook.com\/redkarawana\/","og_image":[{"url":"https:\/\/redkarawana.com\/wp-content\/uploads\/2025\/10\/1-AF-Poland-Ceramic-Cat-Figurine-1024x538.jpg","type":"","width":"","height":""}],"twitter_card":"summary_large_image","twitter_misc":{"Szacowany czas czytania":"1 minuta"},"schema":{"@context":"https:\/\/schema.org","@graph":[{"@type":"WebPage","@id":"https:\/\/redkarawana.com\/pl\/rzemioslo\/ceramiczna-figurka-kota-polska\/","url":"https:\/\/redkarawana.com\/pl\/rzemioslo\/ceramiczna-figurka-kota-polska\/","name":"Ceramiczna Figurka Kota, Polska - Artystyczne - Red Karawana","isPartOf":{"@id":"https:\/\/redkarawana.com\/#website"},"primaryImageOfPage":{"@id":"https:\/\/redkarawana.com\/pl\/rzemioslo\/ceramiczna-figurka-kota-polska\/#primaryimage"},"image":{"@id":"https:\/\/redkarawana.com\/pl\/rzemioslo\/ceramiczna-figurka-kota-polska\/#primaryimage"},"thumbnailUrl":"https:\/\/redkarawana.com\/wp-content\/uploads\/2025\/10\/1-Feature-Poland-Ceramic-Cat-Figurine.jpg","datePublished":"2025-11-30T07:00:38+00:00","description":"Nasza wybrana ceramiczna figurka kota to oryginalna interpretacja kota, przedstawiaj\u0105ca czerwono-bia\u0142\u0105 twarz z br\u0105zowymi rysami.","breadcrumb":{"@id":"https:\/\/redkarawana.com\/pl\/rzemioslo\/ceramiczna-figurka-kota-polska\/#breadcrumb"},"inLanguage":"pl-PL","potentialAction":[{"@type":"ReadAction","target":["https:\/\/redkarawana.com\/pl\/rzemioslo\/ceramiczna-figurka-kota-polska\/"]}]},{"@type":"ImageObject","inLanguage":"pl-PL","@id":"https:\/\/redkarawana.com\/pl\/rzemioslo\/ceramiczna-figurka-kota-polska\/#primaryimage","url":"https:\/\/redkarawana.com\/wp-content\/uploads\/2025\/10\/1-Feature-Poland-Ceramic-Cat-Figurine.jpg","contentUrl":"https:\/\/redkarawana.com\/wp-content\/uploads\/2025\/10\/1-Feature-Poland-Ceramic-Cat-Figurine.jpg","width":680,"height":453,"caption":"Polska, Ceramiczna Figurka Kota"},{"@type":"BreadcrumbList","@id":"https:\/\/redkarawana.com\/pl\/rzemioslo\/ceramiczna-figurka-kota-polska\/#breadcrumb","itemListElement":[{"@type":"ListItem","position":1,"name":"Home","item":"https:\/\/redkarawana.com\/pl\/"},{"@type":"ListItem","position":2,"name":"Rzemios\u0142a","item":"https:\/\/redkarawana.com\/pl\/rzemiosla\/"},{"@type":"ListItem","position":3,"name":"Ceramiczna Figurka Kota, Polska; Oryginalne Dzie\u0142o Sztuki Dekoracyjnej"}]},{"@type":"WebSite","@id":"https:\/\/redkarawana.com\/#website","url":"https:\/\/redkarawana.com\/","name":"Red Karawana","description":"","publisher":{"@id":"https:\/\/redkarawana.com\/#organization"},"potentialAction":[{"@type":"SearchAction","target":{"@type":"EntryPoint","urlTemplate":"https:\/\/redkarawana.com\/?s={search_term_string}"},"query-input":{"@type":"PropertyValueSpecification","valueRequired":true,"valueName":"search_term_string"}}],"inLanguage":"pl-PL"},{"@type":"Organization","@id":"https:\/\/redkarawana.com\/#organization","name":"Red Karawana","url":"https:\/\/redkarawana.com\/","logo":{"@type":"ImageObject","inLanguage":"pl-PL","@id":"https:\/\/redkarawana.com\/#\/schema\/logo\/image\/","url":"https:\/\/redkarawana.com\/wp-content\/uploads\/2025\/05\/cropped-Screenshot-2025-05-29-at-09.27.38.png","contentUrl":"https:\/\/redkarawana.com\/wp-content\/uploads\/2025\/05\/cropped-Screenshot-2025-05-29-at-09.27.38.png","width":512,"height":512,"caption":"Red Karawana"},"image":{"@id":"https:\/\/redkarawana.com\/#\/schema\/logo\/image\/"},"sameAs":["https:\/\/www.facebook.com\/redkarawana\/","https:\/\/www.instagram.com\/redkarawana\/","https:\/\/www.youtube.com\/channel\/UCU9jXzSmyKm4ZZv38FEXGKg","https:\/\/www.pinterest.com\/redkarawana\/"]}]}},"_links":{"self":[{"href":"https:\/\/redkarawana.com\/pl\/wp-json\/wp\/v2\/product\/12371","targetHints":{"allow":["GET"]}}],"collection":[{"href":"https:\/\/redkarawana.com\/pl\/wp-json\/wp\/v2\/product"}],"about":[{"href":"https:\/\/redkarawana.com\/pl\/wp-json\/wp\/v2\/types\/product"}],"wp:featuredmedia":[{"embeddable":true,"href":"https:\/\/redkarawana.com\/pl\/wp-json\/wp\/v2\/media\/12315"}],"wp:attachment":[{"href":"https:\/\/redkarawana.com\/pl\/wp-json\/wp\/v2\/media?parent=12371"}],"wp:term":[{"taxonomy":"product_brand","embeddable":true,"href":"https:\/\/redkarawana.com\/pl\/wp-json\/wp\/v2\/product_brand?post=12371"},{"taxonomy":"product_cat","embeddable":true,"href":"https:\/\/redkarawana.com\/pl\/wp-json\/wp\/v2\/product_cat?post=12371"},{"taxonomy":"product_tag","embeddable":true,"href":"https:\/\/redkarawana.com\/pl\/wp-json\/wp\/v2\/product_tag?post=12371"}],"curies":[{"name":"wp","href":"https:\/\/api.w.org\/{rel}","templated":true}]}}