{"id":12382,"date":"2025-11-30T07:20:52","date_gmt":"2025-11-30T07:20:52","guid":{"rendered":"https:\/\/redkarawana.com\/artisan\/sunset-in-tuscany-artwork-italy\/"},"modified":"2025-12-06T03:24:01","modified_gmt":"2025-12-06T03:24:01","slug":"obraz-zachod-slonca-toskania-wlochy","status":"publish","type":"product","link":"https:\/\/redkarawana.com\/pl\/rzemioslo\/obraz-zachod-slonca-toskania-wlochy\/","title":{"rendered":"Obraz \u201cZach\u00f3d S\u0142o\u0144ca w Toskanii\u201d, W\u0142ochy; \u017bywe Kolory Krajobrazu"},"content":{"rendered":"<p>Toskania, region po\u0142o\u017cony w \u015brodkowych W\u0142oszech, s\u0142ynie z tradycji kulinarnych i niezwyk\u0142ych krajobraz\u00f3w. Kr\u0119te drogi Toskanii ods\u0142aniaj\u0105 rozleg\u0142e winnice, faliste wzg\u00f3rza, urocze wioski i malownicze miasteczka. Sezon s\u0142onecznikowy, wczesne poranki i zachody s\u0142o\u0144ca w Toskanii przyci\u0105gaj\u0105 niezliczon\u0105 liczb\u0119 fotograf\u00f3w, artyst\u00f3w i turyst\u00f3w. Nasz wybrany Obraz \u201cZach\u00f3d S\u0142o\u0144ca w Toskanii\u201d autorstwa fotografa Claudio Calvani, jest cz\u0119\u015bci\u0105 limitowanej i certyfikowanej serii fotografii \u201eAttimi di Toscana\u201d. Wymiary: Obraz \u201cZach\u00f3d S\u0142o\u0144ca w Toskanii\u201d (wysoko\u015b\u0107 8 1\/4 cala, szeroko\u015b\u0107 10 1\/2 cala).    <\/p>\n","protected":false},"excerpt":{"rendered":"<p>Toskania, region po\u0142o\u017cony w \u015brodkowych W\u0142oszech, s\u0142ynie z tradycji kulinarnych i niezwyk\u0142ych krajobraz\u00f3w. Kr\u0119te drogi Toskanii ods\u0142aniaj\u0105 rozleg\u0142e winnice, faliste wzg\u00f3rza, urocze wioski i malownicze miasteczka. Sezon s\u0142onecznikowy, wczesne poranki i zachody s\u0142o\u0144ca w Toskanii przyci\u0105gaj\u0105 niezliczon\u0105 liczb\u0119 fotograf\u00f3w, artyst\u00f3w i turyst\u00f3w. Nasz wybrany Obraz \u201cZach\u00f3d S\u0142o\u0144ca w Toskanii\u201d autorstwa fotografa Claudio Calvani, jest cz\u0119\u015bci\u0105 [&hellip;]<\/p>\n","protected":false},"featured_media":12355,"template":"","meta":{"_acf_changed":false},"product_brand":[],"product_cat":[52],"product_tag":[],"class_list":{"0":"post-12382","1":"product","2":"type-product","3":"status-publish","4":"has-post-thumbnail","6":"product_cat-artystyczne","8":"first","9":"instock","10":"taxable","11":"shipping-taxable","12":"purchasable","13":"product-type-simple"},"acf":[],"yoast_head":"<!-- This site is optimized with the Yoast SEO plugin v27.3 - https:\/\/yoast.com\/product\/yoast-seo-wordpress\/ -->\n<title>Obraz \u201cZach\u00f3d S\u0142o\u0144ca w Toskanii\u201d, W\u0142ochy - Artystyczne - Red Karawana<\/title>\n<meta name=\"description\" content=\"Nasz wybrany Obraz \u201cZach\u00f3d S\u0142o\u0144ca w Toskanii\u201d autorstwa fotografa Claudio Calvani, jest cz\u0119\u015bci\u0105 limitowanej i certyfikowanej serii fotografii \u201eAttimi di Toscana\u201d.\" \/>\n<meta name=\"robots\" content=\"index, follow, max-snippet:-1, max-image-preview:large, max-video-preview:-1\" \/>\n<link rel=\"canonical\" href=\"https:\/\/redkarawana.com\/pl\/rzemioslo\/obraz-zachod-slonca-toskania-wlochy\/\" \/>\n<meta property=\"og:locale\" content=\"pl_PL\" \/>\n<meta property=\"og:type\" content=\"article\" \/>\n<meta property=\"og:title\" content=\"Obraz \u201cZach\u00f3d S\u0142o\u0144ca w Toskanii\u201d, W\u0142ochy - Artystyczne - Red Karawana\" \/>\n<meta property=\"og:description\" content=\"Nasz wybrany Obraz \u201cZach\u00f3d S\u0142o\u0144ca w Toskanii\u201d autorstwa fotografa Claudio Calvani, jest cz\u0119\u015bci\u0105 limitowanej i certyfikowanej serii fotografii \u201eAttimi di Toscana\u201d.\" \/>\n<meta property=\"og:url\" content=\"https:\/\/redkarawana.com\/pl\/rzemioslo\/obraz-zachod-slonca-toskania-wlochy\/\" \/>\n<meta property=\"og:site_name\" content=\"Red Karawana\" \/>\n<meta property=\"article:publisher\" content=\"https:\/\/www.facebook.com\/redkarawana\/\" \/>\n<meta property=\"article:modified_time\" content=\"2025-12-06T03:24:01+00:00\" \/>\n<meta property=\"og:image\" content=\"https:\/\/redkarawana.com\/wp-content\/uploads\/2025\/10\/1-AF-Italy-Sunset-in-Tuscany-Artwork-1024x538.jpg\" \/>\n<meta name=\"twitter:card\" content=\"summary_large_image\" \/>\n<meta name=\"twitter:label1\" content=\"Szacowany czas czytania\" \/>\n\t<meta name=\"twitter:data1\" content=\"1 minuta\" \/>\n<script type=\"application\/ld+json\" class=\"yoast-schema-graph\">{\"@context\":\"https:\\\/\\\/schema.org\",\"@graph\":[{\"@type\":\"WebPage\",\"@id\":\"https:\\\/\\\/redkarawana.com\\\/pl\\\/rzemioslo\\\/obraz-zachod-slonca-toskania-wlochy\\\/\",\"url\":\"https:\\\/\\\/redkarawana.com\\\/pl\\\/rzemioslo\\\/obraz-zachod-slonca-toskania-wlochy\\\/\",\"name\":\"Obraz \u201cZach\u00f3d S\u0142o\u0144ca w Toskanii\u201d, W\u0142ochy - Artystyczne - Red Karawana\",\"isPartOf\":{\"@id\":\"https:\\\/\\\/redkarawana.com\\\/#website\"},\"primaryImageOfPage\":{\"@id\":\"https:\\\/\\\/redkarawana.com\\\/pl\\\/rzemioslo\\\/obraz-zachod-slonca-toskania-wlochy\\\/#primaryimage\"},\"image\":{\"@id\":\"https:\\\/\\\/redkarawana.com\\\/pl\\\/rzemioslo\\\/obraz-zachod-slonca-toskania-wlochy\\\/#primaryimage\"},\"thumbnailUrl\":\"https:\\\/\\\/redkarawana.com\\\/wp-content\\\/uploads\\\/2025\\\/10\\\/1-Feature-Italy-Sunset-in-Tuscany-Artwork.jpg\",\"datePublished\":\"2025-11-30T07:20:52+00:00\",\"dateModified\":\"2025-12-06T03:24:01+00:00\",\"description\":\"Nasz wybrany Obraz \u201cZach\u00f3d S\u0142o\u0144ca w Toskanii\u201d autorstwa fotografa Claudio Calvani, jest cz\u0119\u015bci\u0105 limitowanej i certyfikowanej serii fotografii \u201eAttimi di Toscana\u201d.\",\"breadcrumb\":{\"@id\":\"https:\\\/\\\/redkarawana.com\\\/pl\\\/rzemioslo\\\/obraz-zachod-slonca-toskania-wlochy\\\/#breadcrumb\"},\"inLanguage\":\"pl-PL\",\"potentialAction\":[{\"@type\":\"ReadAction\",\"target\":[\"https:\\\/\\\/redkarawana.com\\\/pl\\\/rzemioslo\\\/obraz-zachod-slonca-toskania-wlochy\\\/\"]}]},{\"@type\":\"ImageObject\",\"inLanguage\":\"pl-PL\",\"@id\":\"https:\\\/\\\/redkarawana.com\\\/pl\\\/rzemioslo\\\/obraz-zachod-slonca-toskania-wlochy\\\/#primaryimage\",\"url\":\"https:\\\/\\\/redkarawana.com\\\/wp-content\\\/uploads\\\/2025\\\/10\\\/1-Feature-Italy-Sunset-in-Tuscany-Artwork.jpg\",\"contentUrl\":\"https:\\\/\\\/redkarawana.com\\\/wp-content\\\/uploads\\\/2025\\\/10\\\/1-Feature-Italy-Sunset-in-Tuscany-Artwork.jpg\",\"width\":680,\"height\":453,\"caption\":\"W\u0142ochy, Obraz \u201cZach\u00f3d S\u0142o\u0144ca w Toskanii\u201d\"},{\"@type\":\"BreadcrumbList\",\"@id\":\"https:\\\/\\\/redkarawana.com\\\/pl\\\/rzemioslo\\\/obraz-zachod-slonca-toskania-wlochy\\\/#breadcrumb\",\"itemListElement\":[{\"@type\":\"ListItem\",\"position\":1,\"name\":\"Home\",\"item\":\"https:\\\/\\\/redkarawana.com\\\/pl\\\/\"},{\"@type\":\"ListItem\",\"position\":2,\"name\":\"Rzemios\u0142a\",\"item\":\"https:\\\/\\\/redkarawana.com\\\/pl\\\/rzemiosla\\\/\"},{\"@type\":\"ListItem\",\"position\":3,\"name\":\"Obraz \u201cZach\u00f3d S\u0142o\u0144ca w Toskanii\u201d, W\u0142ochy; \u017bywe Kolory Krajobrazu\"}]},{\"@type\":\"WebSite\",\"@id\":\"https:\\\/\\\/redkarawana.com\\\/#website\",\"url\":\"https:\\\/\\\/redkarawana.com\\\/\",\"name\":\"Red Karawana\",\"description\":\"\",\"publisher\":{\"@id\":\"https:\\\/\\\/redkarawana.com\\\/#organization\"},\"potentialAction\":[{\"@type\":\"SearchAction\",\"target\":{\"@type\":\"EntryPoint\",\"urlTemplate\":\"https:\\\/\\\/redkarawana.com\\\/?s={search_term_string}\"},\"query-input\":{\"@type\":\"PropertyValueSpecification\",\"valueRequired\":true,\"valueName\":\"search_term_string\"}}],\"inLanguage\":\"pl-PL\"},{\"@type\":\"Organization\",\"@id\":\"https:\\\/\\\/redkarawana.com\\\/#organization\",\"name\":\"Red Karawana\",\"url\":\"https:\\\/\\\/redkarawana.com\\\/\",\"logo\":{\"@type\":\"ImageObject\",\"inLanguage\":\"pl-PL\",\"@id\":\"https:\\\/\\\/redkarawana.com\\\/#\\\/schema\\\/logo\\\/image\\\/\",\"url\":\"https:\\\/\\\/redkarawana.com\\\/wp-content\\\/uploads\\\/2025\\\/05\\\/cropped-Screenshot-2025-05-29-at-09.27.38.png\",\"contentUrl\":\"https:\\\/\\\/redkarawana.com\\\/wp-content\\\/uploads\\\/2025\\\/05\\\/cropped-Screenshot-2025-05-29-at-09.27.38.png\",\"width\":512,\"height\":512,\"caption\":\"Red Karawana\"},\"image\":{\"@id\":\"https:\\\/\\\/redkarawana.com\\\/#\\\/schema\\\/logo\\\/image\\\/\"},\"sameAs\":[\"https:\\\/\\\/www.facebook.com\\\/redkarawana\\\/\",\"https:\\\/\\\/www.instagram.com\\\/redkarawana\\\/\",\"https:\\\/\\\/www.youtube.com\\\/channel\\\/UCU9jXzSmyKm4ZZv38FEXGKg\",\"https:\\\/\\\/www.pinterest.com\\\/redkarawana\\\/\"]}]}<\/script>\n<!-- \/ Yoast SEO plugin. -->","yoast_head_json":{"title":"Obraz \u201cZach\u00f3d S\u0142o\u0144ca w Toskanii\u201d, W\u0142ochy - Artystyczne - Red Karawana","description":"Nasz wybrany Obraz \u201cZach\u00f3d S\u0142o\u0144ca w Toskanii\u201d autorstwa fotografa Claudio Calvani, jest cz\u0119\u015bci\u0105 limitowanej i certyfikowanej serii fotografii \u201eAttimi di Toscana\u201d.","robots":{"index":"index","follow":"follow","max-snippet":"max-snippet:-1","max-image-preview":"max-image-preview:large","max-video-preview":"max-video-preview:-1"},"canonical":"https:\/\/redkarawana.com\/pl\/rzemioslo\/obraz-zachod-slonca-toskania-wlochy\/","og_locale":"pl_PL","og_type":"article","og_title":"Obraz \u201cZach\u00f3d S\u0142o\u0144ca w Toskanii\u201d, W\u0142ochy - Artystyczne - Red Karawana","og_description":"Nasz wybrany Obraz \u201cZach\u00f3d S\u0142o\u0144ca w Toskanii\u201d autorstwa fotografa Claudio Calvani, jest cz\u0119\u015bci\u0105 limitowanej i certyfikowanej serii fotografii \u201eAttimi di Toscana\u201d.","og_url":"https:\/\/redkarawana.com\/pl\/rzemioslo\/obraz-zachod-slonca-toskania-wlochy\/","og_site_name":"Red Karawana","article_publisher":"https:\/\/www.facebook.com\/redkarawana\/","article_modified_time":"2025-12-06T03:24:01+00:00","og_image":[{"url":"https:\/\/redkarawana.com\/wp-content\/uploads\/2025\/10\/1-AF-Italy-Sunset-in-Tuscany-Artwork-1024x538.jpg","type":"","width":"","height":""}],"twitter_card":"summary_large_image","twitter_misc":{"Szacowany czas czytania":"1 minuta"},"schema":{"@context":"https:\/\/schema.org","@graph":[{"@type":"WebPage","@id":"https:\/\/redkarawana.com\/pl\/rzemioslo\/obraz-zachod-slonca-toskania-wlochy\/","url":"https:\/\/redkarawana.com\/pl\/rzemioslo\/obraz-zachod-slonca-toskania-wlochy\/","name":"Obraz \u201cZach\u00f3d S\u0142o\u0144ca w Toskanii\u201d, W\u0142ochy - Artystyczne - Red Karawana","isPartOf":{"@id":"https:\/\/redkarawana.com\/#website"},"primaryImageOfPage":{"@id":"https:\/\/redkarawana.com\/pl\/rzemioslo\/obraz-zachod-slonca-toskania-wlochy\/#primaryimage"},"image":{"@id":"https:\/\/redkarawana.com\/pl\/rzemioslo\/obraz-zachod-slonca-toskania-wlochy\/#primaryimage"},"thumbnailUrl":"https:\/\/redkarawana.com\/wp-content\/uploads\/2025\/10\/1-Feature-Italy-Sunset-in-Tuscany-Artwork.jpg","datePublished":"2025-11-30T07:20:52+00:00","dateModified":"2025-12-06T03:24:01+00:00","description":"Nasz wybrany Obraz \u201cZach\u00f3d S\u0142o\u0144ca w Toskanii\u201d autorstwa fotografa Claudio Calvani, jest cz\u0119\u015bci\u0105 limitowanej i certyfikowanej serii fotografii \u201eAttimi di Toscana\u201d.","breadcrumb":{"@id":"https:\/\/redkarawana.com\/pl\/rzemioslo\/obraz-zachod-slonca-toskania-wlochy\/#breadcrumb"},"inLanguage":"pl-PL","potentialAction":[{"@type":"ReadAction","target":["https:\/\/redkarawana.com\/pl\/rzemioslo\/obraz-zachod-slonca-toskania-wlochy\/"]}]},{"@type":"ImageObject","inLanguage":"pl-PL","@id":"https:\/\/redkarawana.com\/pl\/rzemioslo\/obraz-zachod-slonca-toskania-wlochy\/#primaryimage","url":"https:\/\/redkarawana.com\/wp-content\/uploads\/2025\/10\/1-Feature-Italy-Sunset-in-Tuscany-Artwork.jpg","contentUrl":"https:\/\/redkarawana.com\/wp-content\/uploads\/2025\/10\/1-Feature-Italy-Sunset-in-Tuscany-Artwork.jpg","width":680,"height":453,"caption":"W\u0142ochy, Obraz \u201cZach\u00f3d S\u0142o\u0144ca w Toskanii\u201d"},{"@type":"BreadcrumbList","@id":"https:\/\/redkarawana.com\/pl\/rzemioslo\/obraz-zachod-slonca-toskania-wlochy\/#breadcrumb","itemListElement":[{"@type":"ListItem","position":1,"name":"Home","item":"https:\/\/redkarawana.com\/pl\/"},{"@type":"ListItem","position":2,"name":"Rzemios\u0142a","item":"https:\/\/redkarawana.com\/pl\/rzemiosla\/"},{"@type":"ListItem","position":3,"name":"Obraz \u201cZach\u00f3d S\u0142o\u0144ca w Toskanii\u201d, W\u0142ochy; \u017bywe Kolory Krajobrazu"}]},{"@type":"WebSite","@id":"https:\/\/redkarawana.com\/#website","url":"https:\/\/redkarawana.com\/","name":"Red Karawana","description":"","publisher":{"@id":"https:\/\/redkarawana.com\/#organization"},"potentialAction":[{"@type":"SearchAction","target":{"@type":"EntryPoint","urlTemplate":"https:\/\/redkarawana.com\/?s={search_term_string}"},"query-input":{"@type":"PropertyValueSpecification","valueRequired":true,"valueName":"search_term_string"}}],"inLanguage":"pl-PL"},{"@type":"Organization","@id":"https:\/\/redkarawana.com\/#organization","name":"Red Karawana","url":"https:\/\/redkarawana.com\/","logo":{"@type":"ImageObject","inLanguage":"pl-PL","@id":"https:\/\/redkarawana.com\/#\/schema\/logo\/image\/","url":"https:\/\/redkarawana.com\/wp-content\/uploads\/2025\/05\/cropped-Screenshot-2025-05-29-at-09.27.38.png","contentUrl":"https:\/\/redkarawana.com\/wp-content\/uploads\/2025\/05\/cropped-Screenshot-2025-05-29-at-09.27.38.png","width":512,"height":512,"caption":"Red Karawana"},"image":{"@id":"https:\/\/redkarawana.com\/#\/schema\/logo\/image\/"},"sameAs":["https:\/\/www.facebook.com\/redkarawana\/","https:\/\/www.instagram.com\/redkarawana\/","https:\/\/www.youtube.com\/channel\/UCU9jXzSmyKm4ZZv38FEXGKg","https:\/\/www.pinterest.com\/redkarawana\/"]}]}},"_links":{"self":[{"href":"https:\/\/redkarawana.com\/pl\/wp-json\/wp\/v2\/product\/12382","targetHints":{"allow":["GET"]}}],"collection":[{"href":"https:\/\/redkarawana.com\/pl\/wp-json\/wp\/v2\/product"}],"about":[{"href":"https:\/\/redkarawana.com\/pl\/wp-json\/wp\/v2\/types\/product"}],"wp:featuredmedia":[{"embeddable":true,"href":"https:\/\/redkarawana.com\/pl\/wp-json\/wp\/v2\/media\/12355"}],"wp:attachment":[{"href":"https:\/\/redkarawana.com\/pl\/wp-json\/wp\/v2\/media?parent=12382"}],"wp:term":[{"taxonomy":"product_brand","embeddable":true,"href":"https:\/\/redkarawana.com\/pl\/wp-json\/wp\/v2\/product_brand?post=12382"},{"taxonomy":"product_cat","embeddable":true,"href":"https:\/\/redkarawana.com\/pl\/wp-json\/wp\/v2\/product_cat?post=12382"},{"taxonomy":"product_tag","embeddable":true,"href":"https:\/\/redkarawana.com\/pl\/wp-json\/wp\/v2\/product_tag?post=12382"}],"curies":[{"name":"wp","href":"https:\/\/api.w.org\/{rel}","templated":true}]}}