{"id":12725,"date":"2025-11-30T07:40:09","date_gmt":"2025-11-30T07:40:09","guid":{"rendered":"https:\/\/redkarawana.com\/artisan\/ceramic-roosters-poland\/"},"modified":"2025-11-27T18:13:13","modified_gmt":"2025-11-27T18:13:13","slug":"ceramiczne-koguty-polska","status":"publish","type":"product","link":"https:\/\/redkarawana.com\/pl\/rzemioslo\/ceramiczne-koguty-polska\/","title":{"rendered":"Ceramiczne Koguty, Polska; Wykonane w Pi\u0119knych Kolorach"},"content":{"rendered":"<p>W Polsce powstaje wiele oryginalnych wyrob\u00f3w rzemie\u015blniczych. Ceramicy i arty\u015bci kontynuuj\u0105 tradycj\u0119 garncarstwa i prezentuj\u0105 swoje umiej\u0119tno\u015bci rzemie\u015blnicze. Wysokiej jako\u015bci ceramika obejmuje szerok\u0105 gam\u0119 zastawy sto\u0142owej, rze\u017ab i przedmiot\u00f3w dekoracyjnych. Ceramiczne przedmioty charakteryzuj\u0105 si\u0119 wielobarwnymi wzorami, misternymi motywami i atrakcyjn\u0105 glazur\u0105. Nasze wybrane ceramiczne koguty to pi\u0119kne przedmioty dekoracyjne w kolorach czerwonym, \u017c\u00f3\u0142tym, br\u0105zowym i niebieskim. Zestaw: dwa ceramiczne koguty (wysoko\u015b\u0107 5 \u00bd cala, szeroko\u015b\u0107 4 \u00bd cala).     <\/p>\n","protected":false},"excerpt":{"rendered":"<p>W Polsce powstaje wiele oryginalnych wyrob\u00f3w rzemie\u015blniczych. Ceramicy i arty\u015bci kontynuuj\u0105 tradycj\u0119 garncarstwa i prezentuj\u0105 swoje umiej\u0119tno\u015bci rzemie\u015blnicze. Wysokiej jako\u015bci ceramika obejmuje szerok\u0105 gam\u0119 zastawy sto\u0142owej, rze\u017ab i przedmiot\u00f3w dekoracyjnych. Ceramiczne przedmioty charakteryzuj\u0105 si\u0119 wielobarwnymi wzorami, misternymi motywami i atrakcyjn\u0105 glazur\u0105. Nasze wybrane ceramiczne koguty to pi\u0119kne przedmioty dekoracyjne w kolorach czerwonym, \u017c\u00f3\u0142tym, br\u0105zowym i [&hellip;]<\/p>\n","protected":false},"featured_media":12689,"template":"","meta":{"_acf_changed":false},"product_brand":[],"product_cat":[52],"product_tag":[],"class_list":{"0":"post-12725","1":"product","2":"type-product","3":"status-publish","4":"has-post-thumbnail","6":"product_cat-artystyczne","8":"first","9":"instock","10":"taxable","11":"shipping-taxable","12":"purchasable","13":"product-type-simple"},"acf":[],"yoast_head":"<!-- This site is optimized with the Yoast SEO plugin v27.3 - https:\/\/yoast.com\/product\/yoast-seo-wordpress\/ -->\n<title>Ceramiczne Koguty, Polska - Artistyczne - Red Karawana<\/title>\n<meta name=\"description\" content=\"Ceramiczne przedmioty maj\u0105 wielobarwne wzory. Ceramiczne koguty to pi\u0119kne przedmioty dekoracyjne w kolorach czerwonym, \u017c\u00f3\u0142tym, br\u0105zowym i niebieskim.\" \/>\n<meta name=\"robots\" content=\"index, follow, max-snippet:-1, max-image-preview:large, max-video-preview:-1\" \/>\n<link rel=\"canonical\" href=\"https:\/\/redkarawana.com\/pl\/rzemioslo\/ceramiczne-koguty-polska\/\" \/>\n<meta property=\"og:locale\" content=\"pl_PL\" \/>\n<meta property=\"og:type\" content=\"article\" \/>\n<meta property=\"og:title\" content=\"Ceramiczne Koguty, Polska - Artistyczne - Red Karawana\" \/>\n<meta property=\"og:description\" content=\"Ceramiczne przedmioty maj\u0105 wielobarwne wzory. Ceramiczne koguty to pi\u0119kne przedmioty dekoracyjne w kolorach czerwonym, \u017c\u00f3\u0142tym, br\u0105zowym i niebieskim.\" \/>\n<meta property=\"og:url\" content=\"https:\/\/redkarawana.com\/pl\/rzemioslo\/ceramiczne-koguty-polska\/\" \/>\n<meta property=\"og:site_name\" content=\"Red Karawana\" \/>\n<meta property=\"article:publisher\" content=\"https:\/\/www.facebook.com\/redkarawana\/\" \/>\n<meta property=\"og:image\" content=\"https:\/\/redkarawana.com\/wp-content\/uploads\/2025\/11\/1-AF-Poland-Ceramic-Roosters-1024x538.jpg\" \/>\n<meta name=\"twitter:card\" content=\"summary_large_image\" \/>\n<meta name=\"twitter:label1\" content=\"Szacowany czas czytania\" \/>\n\t<meta name=\"twitter:data1\" content=\"1 minuta\" \/>\n<script type=\"application\/ld+json\" class=\"yoast-schema-graph\">{\"@context\":\"https:\\\/\\\/schema.org\",\"@graph\":[{\"@type\":\"WebPage\",\"@id\":\"https:\\\/\\\/redkarawana.com\\\/pl\\\/rzemioslo\\\/ceramiczne-koguty-polska\\\/\",\"url\":\"https:\\\/\\\/redkarawana.com\\\/pl\\\/rzemioslo\\\/ceramiczne-koguty-polska\\\/\",\"name\":\"Ceramiczne Koguty, Polska - Artistyczne - Red Karawana\",\"isPartOf\":{\"@id\":\"https:\\\/\\\/redkarawana.com\\\/#website\"},\"primaryImageOfPage\":{\"@id\":\"https:\\\/\\\/redkarawana.com\\\/pl\\\/rzemioslo\\\/ceramiczne-koguty-polska\\\/#primaryimage\"},\"image\":{\"@id\":\"https:\\\/\\\/redkarawana.com\\\/pl\\\/rzemioslo\\\/ceramiczne-koguty-polska\\\/#primaryimage\"},\"thumbnailUrl\":\"https:\\\/\\\/redkarawana.com\\\/wp-content\\\/uploads\\\/2025\\\/11\\\/1-Feature-Poland-Ceramic-Roosters.jpg\",\"datePublished\":\"2025-11-30T07:40:09+00:00\",\"description\":\"Ceramiczne przedmioty maj\u0105 wielobarwne wzory. Ceramiczne koguty to pi\u0119kne przedmioty dekoracyjne w kolorach czerwonym, \u017c\u00f3\u0142tym, br\u0105zowym i niebieskim.\",\"breadcrumb\":{\"@id\":\"https:\\\/\\\/redkarawana.com\\\/pl\\\/rzemioslo\\\/ceramiczne-koguty-polska\\\/#breadcrumb\"},\"inLanguage\":\"pl-PL\",\"potentialAction\":[{\"@type\":\"ReadAction\",\"target\":[\"https:\\\/\\\/redkarawana.com\\\/pl\\\/rzemioslo\\\/ceramiczne-koguty-polska\\\/\"]}]},{\"@type\":\"ImageObject\",\"inLanguage\":\"pl-PL\",\"@id\":\"https:\\\/\\\/redkarawana.com\\\/pl\\\/rzemioslo\\\/ceramiczne-koguty-polska\\\/#primaryimage\",\"url\":\"https:\\\/\\\/redkarawana.com\\\/wp-content\\\/uploads\\\/2025\\\/11\\\/1-Feature-Poland-Ceramic-Roosters.jpg\",\"contentUrl\":\"https:\\\/\\\/redkarawana.com\\\/wp-content\\\/uploads\\\/2025\\\/11\\\/1-Feature-Poland-Ceramic-Roosters.jpg\",\"width\":680,\"height\":453,\"caption\":\"Polska, Ceramiczne Koguty\"},{\"@type\":\"BreadcrumbList\",\"@id\":\"https:\\\/\\\/redkarawana.com\\\/pl\\\/rzemioslo\\\/ceramiczne-koguty-polska\\\/#breadcrumb\",\"itemListElement\":[{\"@type\":\"ListItem\",\"position\":1,\"name\":\"Home\",\"item\":\"https:\\\/\\\/redkarawana.com\\\/pl\\\/\"},{\"@type\":\"ListItem\",\"position\":2,\"name\":\"Rzemios\u0142a\",\"item\":\"https:\\\/\\\/redkarawana.com\\\/pl\\\/rzemiosla\\\/\"},{\"@type\":\"ListItem\",\"position\":3,\"name\":\"Ceramiczne Koguty, Polska; Wykonane w Pi\u0119knych Kolorach\"}]},{\"@type\":\"WebSite\",\"@id\":\"https:\\\/\\\/redkarawana.com\\\/#website\",\"url\":\"https:\\\/\\\/redkarawana.com\\\/\",\"name\":\"Red Karawana\",\"description\":\"\",\"publisher\":{\"@id\":\"https:\\\/\\\/redkarawana.com\\\/#organization\"},\"potentialAction\":[{\"@type\":\"SearchAction\",\"target\":{\"@type\":\"EntryPoint\",\"urlTemplate\":\"https:\\\/\\\/redkarawana.com\\\/?s={search_term_string}\"},\"query-input\":{\"@type\":\"PropertyValueSpecification\",\"valueRequired\":true,\"valueName\":\"search_term_string\"}}],\"inLanguage\":\"pl-PL\"},{\"@type\":\"Organization\",\"@id\":\"https:\\\/\\\/redkarawana.com\\\/#organization\",\"name\":\"Red Karawana\",\"url\":\"https:\\\/\\\/redkarawana.com\\\/\",\"logo\":{\"@type\":\"ImageObject\",\"inLanguage\":\"pl-PL\",\"@id\":\"https:\\\/\\\/redkarawana.com\\\/#\\\/schema\\\/logo\\\/image\\\/\",\"url\":\"https:\\\/\\\/redkarawana.com\\\/wp-content\\\/uploads\\\/2025\\\/05\\\/cropped-Screenshot-2025-05-29-at-09.27.38.png\",\"contentUrl\":\"https:\\\/\\\/redkarawana.com\\\/wp-content\\\/uploads\\\/2025\\\/05\\\/cropped-Screenshot-2025-05-29-at-09.27.38.png\",\"width\":512,\"height\":512,\"caption\":\"Red Karawana\"},\"image\":{\"@id\":\"https:\\\/\\\/redkarawana.com\\\/#\\\/schema\\\/logo\\\/image\\\/\"},\"sameAs\":[\"https:\\\/\\\/www.facebook.com\\\/redkarawana\\\/\",\"https:\\\/\\\/www.instagram.com\\\/redkarawana\\\/\",\"https:\\\/\\\/www.youtube.com\\\/channel\\\/UCU9jXzSmyKm4ZZv38FEXGKg\",\"https:\\\/\\\/www.pinterest.com\\\/redkarawana\\\/\"]}]}<\/script>\n<!-- \/ Yoast SEO plugin. -->","yoast_head_json":{"title":"Ceramiczne Koguty, Polska - Artistyczne - Red Karawana","description":"Ceramiczne przedmioty maj\u0105 wielobarwne wzory. Ceramiczne koguty to pi\u0119kne przedmioty dekoracyjne w kolorach czerwonym, \u017c\u00f3\u0142tym, br\u0105zowym i niebieskim.","robots":{"index":"index","follow":"follow","max-snippet":"max-snippet:-1","max-image-preview":"max-image-preview:large","max-video-preview":"max-video-preview:-1"},"canonical":"https:\/\/redkarawana.com\/pl\/rzemioslo\/ceramiczne-koguty-polska\/","og_locale":"pl_PL","og_type":"article","og_title":"Ceramiczne Koguty, Polska - Artistyczne - Red Karawana","og_description":"Ceramiczne przedmioty maj\u0105 wielobarwne wzory. Ceramiczne koguty to pi\u0119kne przedmioty dekoracyjne w kolorach czerwonym, \u017c\u00f3\u0142tym, br\u0105zowym i niebieskim.","og_url":"https:\/\/redkarawana.com\/pl\/rzemioslo\/ceramiczne-koguty-polska\/","og_site_name":"Red Karawana","article_publisher":"https:\/\/www.facebook.com\/redkarawana\/","og_image":[{"url":"https:\/\/redkarawana.com\/wp-content\/uploads\/2025\/11\/1-AF-Poland-Ceramic-Roosters-1024x538.jpg","type":"","width":"","height":""}],"twitter_card":"summary_large_image","twitter_misc":{"Szacowany czas czytania":"1 minuta"},"schema":{"@context":"https:\/\/schema.org","@graph":[{"@type":"WebPage","@id":"https:\/\/redkarawana.com\/pl\/rzemioslo\/ceramiczne-koguty-polska\/","url":"https:\/\/redkarawana.com\/pl\/rzemioslo\/ceramiczne-koguty-polska\/","name":"Ceramiczne Koguty, Polska - Artistyczne - Red Karawana","isPartOf":{"@id":"https:\/\/redkarawana.com\/#website"},"primaryImageOfPage":{"@id":"https:\/\/redkarawana.com\/pl\/rzemioslo\/ceramiczne-koguty-polska\/#primaryimage"},"image":{"@id":"https:\/\/redkarawana.com\/pl\/rzemioslo\/ceramiczne-koguty-polska\/#primaryimage"},"thumbnailUrl":"https:\/\/redkarawana.com\/wp-content\/uploads\/2025\/11\/1-Feature-Poland-Ceramic-Roosters.jpg","datePublished":"2025-11-30T07:40:09+00:00","description":"Ceramiczne przedmioty maj\u0105 wielobarwne wzory. Ceramiczne koguty to pi\u0119kne przedmioty dekoracyjne w kolorach czerwonym, \u017c\u00f3\u0142tym, br\u0105zowym i niebieskim.","breadcrumb":{"@id":"https:\/\/redkarawana.com\/pl\/rzemioslo\/ceramiczne-koguty-polska\/#breadcrumb"},"inLanguage":"pl-PL","potentialAction":[{"@type":"ReadAction","target":["https:\/\/redkarawana.com\/pl\/rzemioslo\/ceramiczne-koguty-polska\/"]}]},{"@type":"ImageObject","inLanguage":"pl-PL","@id":"https:\/\/redkarawana.com\/pl\/rzemioslo\/ceramiczne-koguty-polska\/#primaryimage","url":"https:\/\/redkarawana.com\/wp-content\/uploads\/2025\/11\/1-Feature-Poland-Ceramic-Roosters.jpg","contentUrl":"https:\/\/redkarawana.com\/wp-content\/uploads\/2025\/11\/1-Feature-Poland-Ceramic-Roosters.jpg","width":680,"height":453,"caption":"Polska, Ceramiczne Koguty"},{"@type":"BreadcrumbList","@id":"https:\/\/redkarawana.com\/pl\/rzemioslo\/ceramiczne-koguty-polska\/#breadcrumb","itemListElement":[{"@type":"ListItem","position":1,"name":"Home","item":"https:\/\/redkarawana.com\/pl\/"},{"@type":"ListItem","position":2,"name":"Rzemios\u0142a","item":"https:\/\/redkarawana.com\/pl\/rzemiosla\/"},{"@type":"ListItem","position":3,"name":"Ceramiczne Koguty, Polska; Wykonane w Pi\u0119knych Kolorach"}]},{"@type":"WebSite","@id":"https:\/\/redkarawana.com\/#website","url":"https:\/\/redkarawana.com\/","name":"Red Karawana","description":"","publisher":{"@id":"https:\/\/redkarawana.com\/#organization"},"potentialAction":[{"@type":"SearchAction","target":{"@type":"EntryPoint","urlTemplate":"https:\/\/redkarawana.com\/?s={search_term_string}"},"query-input":{"@type":"PropertyValueSpecification","valueRequired":true,"valueName":"search_term_string"}}],"inLanguage":"pl-PL"},{"@type":"Organization","@id":"https:\/\/redkarawana.com\/#organization","name":"Red Karawana","url":"https:\/\/redkarawana.com\/","logo":{"@type":"ImageObject","inLanguage":"pl-PL","@id":"https:\/\/redkarawana.com\/#\/schema\/logo\/image\/","url":"https:\/\/redkarawana.com\/wp-content\/uploads\/2025\/05\/cropped-Screenshot-2025-05-29-at-09.27.38.png","contentUrl":"https:\/\/redkarawana.com\/wp-content\/uploads\/2025\/05\/cropped-Screenshot-2025-05-29-at-09.27.38.png","width":512,"height":512,"caption":"Red Karawana"},"image":{"@id":"https:\/\/redkarawana.com\/#\/schema\/logo\/image\/"},"sameAs":["https:\/\/www.facebook.com\/redkarawana\/","https:\/\/www.instagram.com\/redkarawana\/","https:\/\/www.youtube.com\/channel\/UCU9jXzSmyKm4ZZv38FEXGKg","https:\/\/www.pinterest.com\/redkarawana\/"]}]}},"_links":{"self":[{"href":"https:\/\/redkarawana.com\/pl\/wp-json\/wp\/v2\/product\/12725","targetHints":{"allow":["GET"]}}],"collection":[{"href":"https:\/\/redkarawana.com\/pl\/wp-json\/wp\/v2\/product"}],"about":[{"href":"https:\/\/redkarawana.com\/pl\/wp-json\/wp\/v2\/types\/product"}],"wp:featuredmedia":[{"embeddable":true,"href":"https:\/\/redkarawana.com\/pl\/wp-json\/wp\/v2\/media\/12689"}],"wp:attachment":[{"href":"https:\/\/redkarawana.com\/pl\/wp-json\/wp\/v2\/media?parent=12725"}],"wp:term":[{"taxonomy":"product_brand","embeddable":true,"href":"https:\/\/redkarawana.com\/pl\/wp-json\/wp\/v2\/product_brand?post=12725"},{"taxonomy":"product_cat","embeddable":true,"href":"https:\/\/redkarawana.com\/pl\/wp-json\/wp\/v2\/product_cat?post=12725"},{"taxonomy":"product_tag","embeddable":true,"href":"https:\/\/redkarawana.com\/pl\/wp-json\/wp\/v2\/product_tag?post=12725"}],"curies":[{"name":"wp","href":"https:\/\/api.w.org\/{rel}","templated":true}]}}