{"id":2336,"date":"2025-11-29T16:10:43","date_gmt":"2025-11-29T16:10:43","guid":{"rendered":"https:\/\/redkarawana.com\/?post_type=product&#038;p=2336"},"modified":"2024-05-08T19:08:44","modified_gmt":"2024-05-08T19:08:44","slug":"miedziana-szczotka-niemcy","status":"publish","type":"product","link":"https:\/\/redkarawana.com\/pl\/rzemioslo\/miedziana-szczotka-niemcy\/","title":{"rendered":"Miedziana Szczotka, Niemcy; Rzemios\u0142o do Masa\u017cu Cia\u0142a na Sucho"},"content":{"rendered":"<p>Bawaria, stan w po\u0142udniowych Niemczech, szczyci si\u0119 historycznymi miastami, wspania\u0142ymi alpejskimi terenami i fascynuj\u0105c\u0105 kultur\u0105. W ca\u0142ym regionie kultywowana jest bawarska tradycja rzemie\u015blnicza. W pi\u0119knym g\u00f3rskim miasteczku Garmisch-Partenkirchen szukamy tradycyjnych i wsp\u00f3\u0142czesnych pami\u0105tek na targu. Prezentowana przez nas miedziana szczotka do masa\u017cu<em> cia\u0142a<\/em>\u00a0na sucho, wykonana r\u0119cznie przez bawarskich rzemie\u015blnik\u00f3w, posiada wygodny sk\u00f3rzany uchwyt, drewnian\u0105 podstaw\u0119, szpilki z miedzi oraz mi\u0119kkie w\u0142osie kozie. Miedziana szczotka poprawia koloryt sk\u00f3ry i ukrwienie sk\u00f3ry. Wymiary: miedziana szczotka (d\u0142ugo\u015b\u0107 5 cali, szeroko\u015b\u0107 3 cale).<\/p>\n","protected":false},"excerpt":{"rendered":"<p>Bawaria, stan w po\u0142udniowych Niemczech, szczyci si\u0119 historycznymi miastami, wspania\u0142ymi alpejskimi terenami i fascynuj\u0105c\u0105 kultur\u0105. W ca\u0142ym regionie kultywowana jest bawarska tradycja rzemie\u015blnicza. W pi\u0119knym g\u00f3rskim miasteczku Garmisch-Partenkirchen szukamy tradycyjnych i wsp\u00f3\u0142czesnych pami\u0105tek na targu. Prezentowana przez nas miedziana szczotka do masa\u017cu cia\u0142a\u00a0na sucho, wykonana r\u0119cznie przez bawarskich rzemie\u015blnik\u00f3w, posiada wygodny sk\u00f3rzany uchwyt, drewnian\u0105 podstaw\u0119, [&hellip;]<\/p>\n","protected":false},"featured_media":2319,"template":"","meta":{"_acf_changed":false},"product_brand":[],"product_cat":[53],"product_tag":[],"class_list":{"0":"post-2336","1":"product","2":"type-product","3":"status-publish","4":"has-post-thumbnail","6":"product_cat-funkcjonalne","8":"first","9":"instock","10":"sold-individually","11":"taxable","12":"shipping-taxable","13":"purchasable","14":"product-type-simple"},"acf":[],"yoast_head":"<!-- This site is optimized with the Yoast SEO plugin v27.3 - https:\/\/yoast.com\/product\/yoast-seo-wordpress\/ -->\n<title>Miedziana Szczotka, Niemcy - Funkcjonalne - Red Karawana<\/title>\n<meta name=\"description\" content=\"Miedziana szczotka do masa\u017cu cia\u0142a na sucho posiada wygodny sk\u00f3rzany uchwyt, drewnian\u0105 podstaw\u0119, szpilki z miedzi oraz mi\u0119kkie w\u0142osie kozie.\" \/>\n<meta name=\"robots\" content=\"index, follow, max-snippet:-1, max-image-preview:large, max-video-preview:-1\" \/>\n<link rel=\"canonical\" href=\"https:\/\/redkarawana.com\/pl\/rzemioslo\/miedziana-szczotka-niemcy\/\" \/>\n<meta property=\"og:locale\" content=\"pl_PL\" \/>\n<meta property=\"og:type\" content=\"article\" \/>\n<meta property=\"og:title\" content=\"Miedziana Szczotka, Niemcy - Funkcjonalne - Red Karawana\" \/>\n<meta property=\"og:description\" content=\"Miedziana szczotka do masa\u017cu cia\u0142a na sucho posiada wygodny sk\u00f3rzany uchwyt, drewnian\u0105 podstaw\u0119, szpilki z miedzi oraz mi\u0119kkie w\u0142osie kozie.\" \/>\n<meta property=\"og:url\" content=\"https:\/\/redkarawana.com\/pl\/rzemioslo\/miedziana-szczotka-niemcy\/\" \/>\n<meta property=\"og:site_name\" content=\"Red Karawana\" \/>\n<meta property=\"article:publisher\" content=\"https:\/\/www.facebook.com\/redkarawana\/\" \/>\n<meta property=\"og:image\" content=\"https:\/\/redkarawana.com\/wp-content\/uploads\/2024\/05\/1-AAP-F1200x630-Germany-Copper-Dry-Brush.jpg\" \/>\n\t<meta property=\"og:image:width\" content=\"1151\" \/>\n\t<meta property=\"og:image:height\" content=\"605\" \/>\n\t<meta property=\"og:image:type\" content=\"image\/jpeg\" \/>\n<meta name=\"twitter:card\" content=\"summary_large_image\" \/>\n<meta name=\"twitter:label1\" content=\"Szacowany czas czytania\" \/>\n\t<meta name=\"twitter:data1\" content=\"1 minuta\" \/>\n<script type=\"application\/ld+json\" class=\"yoast-schema-graph\">{\"@context\":\"https:\\\/\\\/schema.org\",\"@graph\":[{\"@type\":\"WebPage\",\"@id\":\"https:\\\/\\\/redkarawana.com\\\/pl\\\/rzemioslo\\\/miedziana-szczotka-niemcy\\\/\",\"url\":\"https:\\\/\\\/redkarawana.com\\\/pl\\\/rzemioslo\\\/miedziana-szczotka-niemcy\\\/\",\"name\":\"Miedziana Szczotka, Niemcy - Funkcjonalne - Red Karawana\",\"isPartOf\":{\"@id\":\"https:\\\/\\\/redkarawana.com\\\/#website\"},\"primaryImageOfPage\":{\"@id\":\"https:\\\/\\\/redkarawana.com\\\/pl\\\/rzemioslo\\\/miedziana-szczotka-niemcy\\\/#primaryimage\"},\"image\":{\"@id\":\"https:\\\/\\\/redkarawana.com\\\/pl\\\/rzemioslo\\\/miedziana-szczotka-niemcy\\\/#primaryimage\"},\"thumbnailUrl\":\"https:\\\/\\\/redkarawana.com\\\/wp-content\\\/uploads\\\/2024\\\/05\\\/1-SP-Germany-Copper-Dry-Brush.jpg\",\"datePublished\":\"2025-11-29T16:10:43+00:00\",\"description\":\"Miedziana szczotka do masa\u017cu cia\u0142a na sucho posiada wygodny sk\u00f3rzany uchwyt, drewnian\u0105 podstaw\u0119, szpilki z miedzi oraz mi\u0119kkie w\u0142osie kozie.\",\"breadcrumb\":{\"@id\":\"https:\\\/\\\/redkarawana.com\\\/pl\\\/rzemioslo\\\/miedziana-szczotka-niemcy\\\/#breadcrumb\"},\"inLanguage\":\"pl-PL\",\"potentialAction\":[{\"@type\":\"ReadAction\",\"target\":[\"https:\\\/\\\/redkarawana.com\\\/pl\\\/rzemioslo\\\/miedziana-szczotka-niemcy\\\/\"]}]},{\"@type\":\"ImageObject\",\"inLanguage\":\"pl-PL\",\"@id\":\"https:\\\/\\\/redkarawana.com\\\/pl\\\/rzemioslo\\\/miedziana-szczotka-niemcy\\\/#primaryimage\",\"url\":\"https:\\\/\\\/redkarawana.com\\\/wp-content\\\/uploads\\\/2024\\\/05\\\/1-SP-Germany-Copper-Dry-Brush.jpg\",\"contentUrl\":\"https:\\\/\\\/redkarawana.com\\\/wp-content\\\/uploads\\\/2024\\\/05\\\/1-SP-Germany-Copper-Dry-Brush.jpg\",\"width\":680,\"height\":453,\"caption\":\"Niemcy, Miedziana Szczotka\"},{\"@type\":\"BreadcrumbList\",\"@id\":\"https:\\\/\\\/redkarawana.com\\\/pl\\\/rzemioslo\\\/miedziana-szczotka-niemcy\\\/#breadcrumb\",\"itemListElement\":[{\"@type\":\"ListItem\",\"position\":1,\"name\":\"Home\",\"item\":\"https:\\\/\\\/redkarawana.com\\\/pl\\\/\"},{\"@type\":\"ListItem\",\"position\":2,\"name\":\"Rzemios\u0142a\",\"item\":\"https:\\\/\\\/redkarawana.com\\\/pl\\\/rzemiosla\\\/\"},{\"@type\":\"ListItem\",\"position\":3,\"name\":\"Miedziana Szczotka, Niemcy; Rzemios\u0142o do Masa\u017cu Cia\u0142a na Sucho\"}]},{\"@type\":\"WebSite\",\"@id\":\"https:\\\/\\\/redkarawana.com\\\/#website\",\"url\":\"https:\\\/\\\/redkarawana.com\\\/\",\"name\":\"Red Karawana\",\"description\":\"\",\"publisher\":{\"@id\":\"https:\\\/\\\/redkarawana.com\\\/#organization\"},\"potentialAction\":[{\"@type\":\"SearchAction\",\"target\":{\"@type\":\"EntryPoint\",\"urlTemplate\":\"https:\\\/\\\/redkarawana.com\\\/?s={search_term_string}\"},\"query-input\":{\"@type\":\"PropertyValueSpecification\",\"valueRequired\":true,\"valueName\":\"search_term_string\"}}],\"inLanguage\":\"pl-PL\"},{\"@type\":\"Organization\",\"@id\":\"https:\\\/\\\/redkarawana.com\\\/#organization\",\"name\":\"Red Karawana\",\"url\":\"https:\\\/\\\/redkarawana.com\\\/\",\"logo\":{\"@type\":\"ImageObject\",\"inLanguage\":\"pl-PL\",\"@id\":\"https:\\\/\\\/redkarawana.com\\\/#\\\/schema\\\/logo\\\/image\\\/\",\"url\":\"https:\\\/\\\/redkarawana.com\\\/wp-content\\\/uploads\\\/2025\\\/05\\\/cropped-Screenshot-2025-05-29-at-09.27.38.png\",\"contentUrl\":\"https:\\\/\\\/redkarawana.com\\\/wp-content\\\/uploads\\\/2025\\\/05\\\/cropped-Screenshot-2025-05-29-at-09.27.38.png\",\"width\":512,\"height\":512,\"caption\":\"Red Karawana\"},\"image\":{\"@id\":\"https:\\\/\\\/redkarawana.com\\\/#\\\/schema\\\/logo\\\/image\\\/\"},\"sameAs\":[\"https:\\\/\\\/www.facebook.com\\\/redkarawana\\\/\",\"https:\\\/\\\/www.instagram.com\\\/redkarawana\\\/\",\"https:\\\/\\\/www.youtube.com\\\/channel\\\/UCU9jXzSmyKm4ZZv38FEXGKg\",\"https:\\\/\\\/www.pinterest.com\\\/redkarawana\\\/\"]}]}<\/script>\n<!-- \/ Yoast SEO plugin. -->","yoast_head_json":{"title":"Miedziana Szczotka, Niemcy - Funkcjonalne - Red Karawana","description":"Miedziana szczotka do masa\u017cu cia\u0142a na sucho posiada wygodny sk\u00f3rzany uchwyt, drewnian\u0105 podstaw\u0119, szpilki z miedzi oraz mi\u0119kkie w\u0142osie kozie.","robots":{"index":"index","follow":"follow","max-snippet":"max-snippet:-1","max-image-preview":"max-image-preview:large","max-video-preview":"max-video-preview:-1"},"canonical":"https:\/\/redkarawana.com\/pl\/rzemioslo\/miedziana-szczotka-niemcy\/","og_locale":"pl_PL","og_type":"article","og_title":"Miedziana Szczotka, Niemcy - Funkcjonalne - Red Karawana","og_description":"Miedziana szczotka do masa\u017cu cia\u0142a na sucho posiada wygodny sk\u00f3rzany uchwyt, drewnian\u0105 podstaw\u0119, szpilki z miedzi oraz mi\u0119kkie w\u0142osie kozie.","og_url":"https:\/\/redkarawana.com\/pl\/rzemioslo\/miedziana-szczotka-niemcy\/","og_site_name":"Red Karawana","article_publisher":"https:\/\/www.facebook.com\/redkarawana\/","og_image":[{"width":1151,"height":605,"url":"https:\/\/redkarawana.com\/wp-content\/uploads\/2024\/05\/1-AAP-F1200x630-Germany-Copper-Dry-Brush.jpg","type":"image\/jpeg"}],"twitter_card":"summary_large_image","twitter_misc":{"Szacowany czas czytania":"1 minuta"},"schema":{"@context":"https:\/\/schema.org","@graph":[{"@type":"WebPage","@id":"https:\/\/redkarawana.com\/pl\/rzemioslo\/miedziana-szczotka-niemcy\/","url":"https:\/\/redkarawana.com\/pl\/rzemioslo\/miedziana-szczotka-niemcy\/","name":"Miedziana Szczotka, Niemcy - Funkcjonalne - Red Karawana","isPartOf":{"@id":"https:\/\/redkarawana.com\/#website"},"primaryImageOfPage":{"@id":"https:\/\/redkarawana.com\/pl\/rzemioslo\/miedziana-szczotka-niemcy\/#primaryimage"},"image":{"@id":"https:\/\/redkarawana.com\/pl\/rzemioslo\/miedziana-szczotka-niemcy\/#primaryimage"},"thumbnailUrl":"https:\/\/redkarawana.com\/wp-content\/uploads\/2024\/05\/1-SP-Germany-Copper-Dry-Brush.jpg","datePublished":"2025-11-29T16:10:43+00:00","description":"Miedziana szczotka do masa\u017cu cia\u0142a na sucho posiada wygodny sk\u00f3rzany uchwyt, drewnian\u0105 podstaw\u0119, szpilki z miedzi oraz mi\u0119kkie w\u0142osie kozie.","breadcrumb":{"@id":"https:\/\/redkarawana.com\/pl\/rzemioslo\/miedziana-szczotka-niemcy\/#breadcrumb"},"inLanguage":"pl-PL","potentialAction":[{"@type":"ReadAction","target":["https:\/\/redkarawana.com\/pl\/rzemioslo\/miedziana-szczotka-niemcy\/"]}]},{"@type":"ImageObject","inLanguage":"pl-PL","@id":"https:\/\/redkarawana.com\/pl\/rzemioslo\/miedziana-szczotka-niemcy\/#primaryimage","url":"https:\/\/redkarawana.com\/wp-content\/uploads\/2024\/05\/1-SP-Germany-Copper-Dry-Brush.jpg","contentUrl":"https:\/\/redkarawana.com\/wp-content\/uploads\/2024\/05\/1-SP-Germany-Copper-Dry-Brush.jpg","width":680,"height":453,"caption":"Niemcy, Miedziana Szczotka"},{"@type":"BreadcrumbList","@id":"https:\/\/redkarawana.com\/pl\/rzemioslo\/miedziana-szczotka-niemcy\/#breadcrumb","itemListElement":[{"@type":"ListItem","position":1,"name":"Home","item":"https:\/\/redkarawana.com\/pl\/"},{"@type":"ListItem","position":2,"name":"Rzemios\u0142a","item":"https:\/\/redkarawana.com\/pl\/rzemiosla\/"},{"@type":"ListItem","position":3,"name":"Miedziana Szczotka, Niemcy; Rzemios\u0142o do Masa\u017cu Cia\u0142a na Sucho"}]},{"@type":"WebSite","@id":"https:\/\/redkarawana.com\/#website","url":"https:\/\/redkarawana.com\/","name":"Red Karawana","description":"","publisher":{"@id":"https:\/\/redkarawana.com\/#organization"},"potentialAction":[{"@type":"SearchAction","target":{"@type":"EntryPoint","urlTemplate":"https:\/\/redkarawana.com\/?s={search_term_string}"},"query-input":{"@type":"PropertyValueSpecification","valueRequired":true,"valueName":"search_term_string"}}],"inLanguage":"pl-PL"},{"@type":"Organization","@id":"https:\/\/redkarawana.com\/#organization","name":"Red Karawana","url":"https:\/\/redkarawana.com\/","logo":{"@type":"ImageObject","inLanguage":"pl-PL","@id":"https:\/\/redkarawana.com\/#\/schema\/logo\/image\/","url":"https:\/\/redkarawana.com\/wp-content\/uploads\/2025\/05\/cropped-Screenshot-2025-05-29-at-09.27.38.png","contentUrl":"https:\/\/redkarawana.com\/wp-content\/uploads\/2025\/05\/cropped-Screenshot-2025-05-29-at-09.27.38.png","width":512,"height":512,"caption":"Red Karawana"},"image":{"@id":"https:\/\/redkarawana.com\/#\/schema\/logo\/image\/"},"sameAs":["https:\/\/www.facebook.com\/redkarawana\/","https:\/\/www.instagram.com\/redkarawana\/","https:\/\/www.youtube.com\/channel\/UCU9jXzSmyKm4ZZv38FEXGKg","https:\/\/www.pinterest.com\/redkarawana\/"]}]}},"_links":{"self":[{"href":"https:\/\/redkarawana.com\/pl\/wp-json\/wp\/v2\/product\/2336","targetHints":{"allow":["GET"]}}],"collection":[{"href":"https:\/\/redkarawana.com\/pl\/wp-json\/wp\/v2\/product"}],"about":[{"href":"https:\/\/redkarawana.com\/pl\/wp-json\/wp\/v2\/types\/product"}],"wp:featuredmedia":[{"embeddable":true,"href":"https:\/\/redkarawana.com\/pl\/wp-json\/wp\/v2\/media\/2319"}],"wp:attachment":[{"href":"https:\/\/redkarawana.com\/pl\/wp-json\/wp\/v2\/media?parent=2336"}],"wp:term":[{"taxonomy":"product_brand","embeddable":true,"href":"https:\/\/redkarawana.com\/pl\/wp-json\/wp\/v2\/product_brand?post=2336"},{"taxonomy":"product_cat","embeddable":true,"href":"https:\/\/redkarawana.com\/pl\/wp-json\/wp\/v2\/product_cat?post=2336"},{"taxonomy":"product_tag","embeddable":true,"href":"https:\/\/redkarawana.com\/pl\/wp-json\/wp\/v2\/product_tag?post=2336"}],"curies":[{"name":"wp","href":"https:\/\/api.w.org\/{rel}","templated":true}]}}