{"id":2406,"date":"2025-11-29T16:30:54","date_gmt":"2025-11-29T16:30:54","guid":{"rendered":"https:\/\/redkarawana.com\/?post_type=product&#038;p=2406"},"modified":"2024-05-08T20:25:55","modified_gmt":"2024-05-08T20:25:55","slug":"czerwone-bombki-choinkowe-polska","status":"publish","type":"product","link":"https:\/\/redkarawana.com\/pl\/rzemioslo\/czerwone-bombki-choinkowe-polska\/","title":{"rendered":"Czerwone Bombki Choinkowe, Polska; Dekoracje \u015awi\u0105teczne z Brokatem"},"content":{"rendered":"<p>Bombki choinkowe wykonane w Polsce s\u0105 doeceniane na ca\u0142ym \u015bwiecie za ich kolorowe i pi\u0119kne wzory. Te luksusowe ozdoby s\u0105 wykonane z wysokiej jako\u015bci materia\u0142\u00f3w przez wykwalifikowanych rzemie\u015blnik\u00f3w wed\u0142ug tradycyjnej metody. Nasze wyr\u00f3\u017cnione czerwone bombki choinkowe s\u0105 pokrywane z\u0142otym brokatem i atrakcyjnym wzorem z\u0142otych li\u015bci. Zestaw: 6 czerwonych bombek choinkowych (o \u015brednicy 7 \u00bc cala).<\/p>\n","protected":false},"excerpt":{"rendered":"<p>Bombki choinkowe wykonane w Polsce s\u0105 doeceniane na ca\u0142ym \u015bwiecie za ich kolorowe i pi\u0119kne wzory. Te luksusowe ozdoby s\u0105 wykonane z wysokiej jako\u015bci materia\u0142\u00f3w przez wykwalifikowanych rzemie\u015blnik\u00f3w wed\u0142ug tradycyjnej metody. Nasze wyr\u00f3\u017cnione czerwone bombki choinkowe s\u0105 pokrywane z\u0142otym brokatem i atrakcyjnym wzorem z\u0142otych li\u015bci. Zestaw: 6 czerwonych bombek choinkowych (o \u015brednicy 7 \u00bc cala).<\/p>\n","protected":false},"featured_media":2389,"template":"","meta":{"_acf_changed":false},"product_brand":[],"product_cat":[55],"product_tag":[],"class_list":{"0":"post-2406","1":"product","2":"type-product","3":"status-publish","4":"has-post-thumbnail","6":"product_cat-dekoracyjne","8":"first","9":"instock","10":"sold-individually","11":"taxable","12":"shipping-taxable","13":"purchasable","14":"product-type-simple"},"acf":[],"yoast_head":"<!-- This site is optimized with the Yoast SEO plugin v27.4 - https:\/\/yoast.com\/product\/yoast-seo-wordpress\/ -->\n<title>Czerwone Bombki, Polska - Dekoracyjne - Red Karawana<\/title>\n<meta name=\"description\" content=\"Nasze czerwone bombki s\u0105 pokrywane z\u0142otym brokatem i atrakcyjnym wzorem z\u0142otych li\u015bci. Zestaw: 6 czerwonych bombek choinkowych.\" \/>\n<meta name=\"robots\" content=\"index, follow, max-snippet:-1, max-image-preview:large, max-video-preview:-1\" \/>\n<link rel=\"canonical\" href=\"https:\/\/redkarawana.com\/pl\/rzemioslo\/czerwone-bombki-choinkowe-polska\/\" \/>\n<meta property=\"og:locale\" content=\"pl_PL\" \/>\n<meta property=\"og:type\" content=\"article\" \/>\n<meta property=\"og:title\" content=\"Czerwone Bombki, Polska - Dekoracyjne - Red Karawana\" \/>\n<meta property=\"og:description\" content=\"Nasze czerwone bombki s\u0105 pokrywane z\u0142otym brokatem i atrakcyjnym wzorem z\u0142otych li\u015bci. Zestaw: 6 czerwonych bombek choinkowych.\" \/>\n<meta property=\"og:url\" content=\"https:\/\/redkarawana.com\/pl\/rzemioslo\/czerwone-bombki-choinkowe-polska\/\" \/>\n<meta property=\"og:site_name\" content=\"Red Karawana\" \/>\n<meta property=\"article:publisher\" content=\"https:\/\/www.facebook.com\/redkarawana\/\" \/>\n<meta property=\"og:image\" content=\"https:\/\/redkarawana.com\/wp-content\/uploads\/2024\/05\/1-AAP-F1200x630-Poland-Red-Christmas-Balls.jpg\" \/>\n\t<meta property=\"og:image:width\" content=\"1200\" \/>\n\t<meta property=\"og:image:height\" content=\"630\" \/>\n\t<meta property=\"og:image:type\" content=\"image\/jpeg\" \/>\n<meta name=\"twitter:card\" content=\"summary_large_image\" \/>\n<meta name=\"twitter:label1\" content=\"Szacowany czas czytania\" \/>\n\t<meta name=\"twitter:data1\" content=\"1 minuta\" \/>\n<script type=\"application\/ld+json\" class=\"yoast-schema-graph\">{\"@context\":\"https:\\\/\\\/schema.org\",\"@graph\":[{\"@type\":\"WebPage\",\"@id\":\"https:\\\/\\\/redkarawana.com\\\/pl\\\/rzemioslo\\\/czerwone-bombki-choinkowe-polska\\\/\",\"url\":\"https:\\\/\\\/redkarawana.com\\\/pl\\\/rzemioslo\\\/czerwone-bombki-choinkowe-polska\\\/\",\"name\":\"Czerwone Bombki, Polska - Dekoracyjne - Red Karawana\",\"isPartOf\":{\"@id\":\"https:\\\/\\\/redkarawana.com\\\/#website\"},\"primaryImageOfPage\":{\"@id\":\"https:\\\/\\\/redkarawana.com\\\/pl\\\/rzemioslo\\\/czerwone-bombki-choinkowe-polska\\\/#primaryimage\"},\"image\":{\"@id\":\"https:\\\/\\\/redkarawana.com\\\/pl\\\/rzemioslo\\\/czerwone-bombki-choinkowe-polska\\\/#primaryimage\"},\"thumbnailUrl\":\"https:\\\/\\\/redkarawana.com\\\/wp-content\\\/uploads\\\/2024\\\/05\\\/1-SP-Poland-Red-Christmas-Balls.jpg\",\"datePublished\":\"2025-11-29T16:30:54+00:00\",\"description\":\"Nasze czerwone bombki s\u0105 pokrywane z\u0142otym brokatem i atrakcyjnym wzorem z\u0142otych li\u015bci. Zestaw: 6 czerwonych bombek choinkowych.\",\"breadcrumb\":{\"@id\":\"https:\\\/\\\/redkarawana.com\\\/pl\\\/rzemioslo\\\/czerwone-bombki-choinkowe-polska\\\/#breadcrumb\"},\"inLanguage\":\"pl-PL\",\"potentialAction\":[{\"@type\":\"ReadAction\",\"target\":[\"https:\\\/\\\/redkarawana.com\\\/pl\\\/rzemioslo\\\/czerwone-bombki-choinkowe-polska\\\/\"]}]},{\"@type\":\"ImageObject\",\"inLanguage\":\"pl-PL\",\"@id\":\"https:\\\/\\\/redkarawana.com\\\/pl\\\/rzemioslo\\\/czerwone-bombki-choinkowe-polska\\\/#primaryimage\",\"url\":\"https:\\\/\\\/redkarawana.com\\\/wp-content\\\/uploads\\\/2024\\\/05\\\/1-SP-Poland-Red-Christmas-Balls.jpg\",\"contentUrl\":\"https:\\\/\\\/redkarawana.com\\\/wp-content\\\/uploads\\\/2024\\\/05\\\/1-SP-Poland-Red-Christmas-Balls.jpg\",\"width\":680,\"height\":453,\"caption\":\"Polska, Czerwone Bombki\"},{\"@type\":\"BreadcrumbList\",\"@id\":\"https:\\\/\\\/redkarawana.com\\\/pl\\\/rzemioslo\\\/czerwone-bombki-choinkowe-polska\\\/#breadcrumb\",\"itemListElement\":[{\"@type\":\"ListItem\",\"position\":1,\"name\":\"Home\",\"item\":\"https:\\\/\\\/redkarawana.com\\\/pl\\\/\"},{\"@type\":\"ListItem\",\"position\":2,\"name\":\"Rzemios\u0142a\",\"item\":\"https:\\\/\\\/redkarawana.com\\\/pl\\\/rzemiosla\\\/\"},{\"@type\":\"ListItem\",\"position\":3,\"name\":\"Czerwone Bombki Choinkowe, Polska; Dekoracje \u015awi\u0105teczne z Brokatem\"}]},{\"@type\":\"WebSite\",\"@id\":\"https:\\\/\\\/redkarawana.com\\\/#website\",\"url\":\"https:\\\/\\\/redkarawana.com\\\/\",\"name\":\"Red Karawana\",\"description\":\"\",\"publisher\":{\"@id\":\"https:\\\/\\\/redkarawana.com\\\/#organization\"},\"potentialAction\":[{\"@type\":\"SearchAction\",\"target\":{\"@type\":\"EntryPoint\",\"urlTemplate\":\"https:\\\/\\\/redkarawana.com\\\/?s={search_term_string}\"},\"query-input\":{\"@type\":\"PropertyValueSpecification\",\"valueRequired\":true,\"valueName\":\"search_term_string\"}}],\"inLanguage\":\"pl-PL\"},{\"@type\":\"Organization\",\"@id\":\"https:\\\/\\\/redkarawana.com\\\/#organization\",\"name\":\"Red Karawana\",\"url\":\"https:\\\/\\\/redkarawana.com\\\/\",\"logo\":{\"@type\":\"ImageObject\",\"inLanguage\":\"pl-PL\",\"@id\":\"https:\\\/\\\/redkarawana.com\\\/#\\\/schema\\\/logo\\\/image\\\/\",\"url\":\"https:\\\/\\\/redkarawana.com\\\/wp-content\\\/uploads\\\/2025\\\/05\\\/cropped-Screenshot-2025-05-29-at-09.27.38.png\",\"contentUrl\":\"https:\\\/\\\/redkarawana.com\\\/wp-content\\\/uploads\\\/2025\\\/05\\\/cropped-Screenshot-2025-05-29-at-09.27.38.png\",\"width\":512,\"height\":512,\"caption\":\"Red Karawana\"},\"image\":{\"@id\":\"https:\\\/\\\/redkarawana.com\\\/#\\\/schema\\\/logo\\\/image\\\/\"},\"sameAs\":[\"https:\\\/\\\/www.facebook.com\\\/redkarawana\\\/\",\"https:\\\/\\\/www.instagram.com\\\/redkarawana\\\/\",\"https:\\\/\\\/www.youtube.com\\\/channel\\\/UCU9jXzSmyKm4ZZv38FEXGKg\",\"https:\\\/\\\/www.pinterest.com\\\/redkarawana\\\/\"]}]}<\/script>\n<!-- \/ Yoast SEO plugin. -->","yoast_head_json":{"title":"Czerwone Bombki, Polska - Dekoracyjne - Red Karawana","description":"Nasze czerwone bombki s\u0105 pokrywane z\u0142otym brokatem i atrakcyjnym wzorem z\u0142otych li\u015bci. Zestaw: 6 czerwonych bombek choinkowych.","robots":{"index":"index","follow":"follow","max-snippet":"max-snippet:-1","max-image-preview":"max-image-preview:large","max-video-preview":"max-video-preview:-1"},"canonical":"https:\/\/redkarawana.com\/pl\/rzemioslo\/czerwone-bombki-choinkowe-polska\/","og_locale":"pl_PL","og_type":"article","og_title":"Czerwone Bombki, Polska - Dekoracyjne - Red Karawana","og_description":"Nasze czerwone bombki s\u0105 pokrywane z\u0142otym brokatem i atrakcyjnym wzorem z\u0142otych li\u015bci. Zestaw: 6 czerwonych bombek choinkowych.","og_url":"https:\/\/redkarawana.com\/pl\/rzemioslo\/czerwone-bombki-choinkowe-polska\/","og_site_name":"Red Karawana","article_publisher":"https:\/\/www.facebook.com\/redkarawana\/","og_image":[{"width":1200,"height":630,"url":"https:\/\/redkarawana.com\/wp-content\/uploads\/2024\/05\/1-AAP-F1200x630-Poland-Red-Christmas-Balls.jpg","type":"image\/jpeg"}],"twitter_card":"summary_large_image","twitter_misc":{"Szacowany czas czytania":"1 minuta"},"schema":{"@context":"https:\/\/schema.org","@graph":[{"@type":"WebPage","@id":"https:\/\/redkarawana.com\/pl\/rzemioslo\/czerwone-bombki-choinkowe-polska\/","url":"https:\/\/redkarawana.com\/pl\/rzemioslo\/czerwone-bombki-choinkowe-polska\/","name":"Czerwone Bombki, Polska - Dekoracyjne - Red Karawana","isPartOf":{"@id":"https:\/\/redkarawana.com\/#website"},"primaryImageOfPage":{"@id":"https:\/\/redkarawana.com\/pl\/rzemioslo\/czerwone-bombki-choinkowe-polska\/#primaryimage"},"image":{"@id":"https:\/\/redkarawana.com\/pl\/rzemioslo\/czerwone-bombki-choinkowe-polska\/#primaryimage"},"thumbnailUrl":"https:\/\/redkarawana.com\/wp-content\/uploads\/2024\/05\/1-SP-Poland-Red-Christmas-Balls.jpg","datePublished":"2025-11-29T16:30:54+00:00","description":"Nasze czerwone bombki s\u0105 pokrywane z\u0142otym brokatem i atrakcyjnym wzorem z\u0142otych li\u015bci. Zestaw: 6 czerwonych bombek choinkowych.","breadcrumb":{"@id":"https:\/\/redkarawana.com\/pl\/rzemioslo\/czerwone-bombki-choinkowe-polska\/#breadcrumb"},"inLanguage":"pl-PL","potentialAction":[{"@type":"ReadAction","target":["https:\/\/redkarawana.com\/pl\/rzemioslo\/czerwone-bombki-choinkowe-polska\/"]}]},{"@type":"ImageObject","inLanguage":"pl-PL","@id":"https:\/\/redkarawana.com\/pl\/rzemioslo\/czerwone-bombki-choinkowe-polska\/#primaryimage","url":"https:\/\/redkarawana.com\/wp-content\/uploads\/2024\/05\/1-SP-Poland-Red-Christmas-Balls.jpg","contentUrl":"https:\/\/redkarawana.com\/wp-content\/uploads\/2024\/05\/1-SP-Poland-Red-Christmas-Balls.jpg","width":680,"height":453,"caption":"Polska, Czerwone Bombki"},{"@type":"BreadcrumbList","@id":"https:\/\/redkarawana.com\/pl\/rzemioslo\/czerwone-bombki-choinkowe-polska\/#breadcrumb","itemListElement":[{"@type":"ListItem","position":1,"name":"Home","item":"https:\/\/redkarawana.com\/pl\/"},{"@type":"ListItem","position":2,"name":"Rzemios\u0142a","item":"https:\/\/redkarawana.com\/pl\/rzemiosla\/"},{"@type":"ListItem","position":3,"name":"Czerwone Bombki Choinkowe, Polska; Dekoracje \u015awi\u0105teczne z Brokatem"}]},{"@type":"WebSite","@id":"https:\/\/redkarawana.com\/#website","url":"https:\/\/redkarawana.com\/","name":"Red Karawana","description":"","publisher":{"@id":"https:\/\/redkarawana.com\/#organization"},"potentialAction":[{"@type":"SearchAction","target":{"@type":"EntryPoint","urlTemplate":"https:\/\/redkarawana.com\/?s={search_term_string}"},"query-input":{"@type":"PropertyValueSpecification","valueRequired":true,"valueName":"search_term_string"}}],"inLanguage":"pl-PL"},{"@type":"Organization","@id":"https:\/\/redkarawana.com\/#organization","name":"Red Karawana","url":"https:\/\/redkarawana.com\/","logo":{"@type":"ImageObject","inLanguage":"pl-PL","@id":"https:\/\/redkarawana.com\/#\/schema\/logo\/image\/","url":"https:\/\/redkarawana.com\/wp-content\/uploads\/2025\/05\/cropped-Screenshot-2025-05-29-at-09.27.38.png","contentUrl":"https:\/\/redkarawana.com\/wp-content\/uploads\/2025\/05\/cropped-Screenshot-2025-05-29-at-09.27.38.png","width":512,"height":512,"caption":"Red Karawana"},"image":{"@id":"https:\/\/redkarawana.com\/#\/schema\/logo\/image\/"},"sameAs":["https:\/\/www.facebook.com\/redkarawana\/","https:\/\/www.instagram.com\/redkarawana\/","https:\/\/www.youtube.com\/channel\/UCU9jXzSmyKm4ZZv38FEXGKg","https:\/\/www.pinterest.com\/redkarawana\/"]}]}},"_links":{"self":[{"href":"https:\/\/redkarawana.com\/pl\/wp-json\/wp\/v2\/product\/2406","targetHints":{"allow":["GET"]}}],"collection":[{"href":"https:\/\/redkarawana.com\/pl\/wp-json\/wp\/v2\/product"}],"about":[{"href":"https:\/\/redkarawana.com\/pl\/wp-json\/wp\/v2\/types\/product"}],"wp:featuredmedia":[{"embeddable":true,"href":"https:\/\/redkarawana.com\/pl\/wp-json\/wp\/v2\/media\/2389"}],"wp:attachment":[{"href":"https:\/\/redkarawana.com\/pl\/wp-json\/wp\/v2\/media?parent=2406"}],"wp:term":[{"taxonomy":"product_brand","embeddable":true,"href":"https:\/\/redkarawana.com\/pl\/wp-json\/wp\/v2\/product_brand?post=2406"},{"taxonomy":"product_cat","embeddable":true,"href":"https:\/\/redkarawana.com\/pl\/wp-json\/wp\/v2\/product_cat?post=2406"},{"taxonomy":"product_tag","embeddable":true,"href":"https:\/\/redkarawana.com\/pl\/wp-json\/wp\/v2\/product_tag?post=2406"}],"curies":[{"name":"wp","href":"https:\/\/api.w.org\/{rel}","templated":true}]}}