{"id":2432,"date":"2025-11-29T16:40:24","date_gmt":"2025-11-29T16:40:24","guid":{"rendered":"https:\/\/redkarawana.com\/?post_type=product&#038;p=2432"},"modified":"2025-12-07T15:27:43","modified_gmt":"2025-12-07T15:27:43","slug":"ozdobny-dywanik-rosja","status":"publish","type":"product","link":"https:\/\/redkarawana.com\/pl\/rzemioslo\/ozdobny-dywanik-rosja\/","title":{"rendered":"Ozdobny Dywanik, Rosja; Harmonijne Kolory i Tkaniny"},"content":{"rendered":"<p>Nasza podr\u00f3\u017c do Rosji obejmuje zwiedzanie zabytk\u00f3w i poszukiwanie unikalnych lokalnych pami\u0105tek. Dywany \u015bcienne, narzuty, dywaniki pod\u0142ogowe i sztuka ludowa s\u0105 obfite w ca\u0142ej Rosji. Ta sztuka dekoracyjna s\u0142u\u017cy jako dekoracja wn\u0119trz i tradycyjny spos\u00f3b na ogrzanie dom\u00f3w podczas mro\u017anej zimy. Nasz r\u0119cznie robiony dywanik jest wykonany z harmonijnych kolor\u00f3w, tkanin i nici. Bia\u0142e, kremowe i r\u00f3\u017cowe tkaniny s\u0105 splecione z zielonymi, czerwonymi, bia\u0142ymi i czarnymi ni\u0107mi. Wymiary: ozdobny dywanik (d\u0142ugo\u015b\u0107 97 1\/2 cala, szeroko\u015b\u0107 29 1\/2 cala).     <\/p>\n","protected":false},"excerpt":{"rendered":"<p>Nasza podr\u00f3\u017c do Rosji obejmuje zwiedzanie zabytk\u00f3w i poszukiwanie unikalnych lokalnych pami\u0105tek. Dywany \u015bcienne, narzuty, dywaniki pod\u0142ogowe i sztuka ludowa s\u0105 obfite w ca\u0142ej Rosji. Ta sztuka dekoracyjna s\u0142u\u017cy jako dekoracja wn\u0119trz i tradycyjny spos\u00f3b na ogrzanie dom\u00f3w podczas mro\u017anej zimy. Nasz r\u0119cznie robiony dywanik jest wykonany z harmonijnych kolor\u00f3w, tkanin i nici. Bia\u0142e, kremowe [&hellip;]<\/p>\n","protected":false},"featured_media":2414,"template":"","meta":{"_acf_changed":false},"product_brand":[],"product_cat":[54],"product_tag":[],"class_list":{"0":"post-2432","1":"product","2":"type-product","3":"status-publish","4":"has-post-thumbnail","6":"product_cat-eklektyczne","8":"first","9":"instock","10":"sold-individually","11":"taxable","12":"shipping-taxable","13":"purchasable","14":"product-type-simple"},"acf":[],"yoast_head":"<!-- This site is optimized with the Yoast SEO plugin v27.3 - https:\/\/yoast.com\/product\/yoast-seo-wordpress\/ -->\n<title>Ozdobny Dywanik, Rosja - Eklektyczne - Red Karawana<\/title>\n<meta name=\"description\" content=\"Ozdobny dywanik jest wykonany z harmonijnych kolor\u00f3w i tkanin. Bia\u0142e i r\u00f3\u017cowe tkaniny s\u0105 splecione z zielonymi, i czerwonymi ni\u0107mi.\" \/>\n<meta name=\"robots\" content=\"index, follow, max-snippet:-1, max-image-preview:large, max-video-preview:-1\" \/>\n<link rel=\"canonical\" href=\"https:\/\/redkarawana.com\/pl\/rzemioslo\/ozdobny-dywanik-rosja\/\" \/>\n<meta property=\"og:locale\" content=\"pl_PL\" \/>\n<meta property=\"og:type\" content=\"article\" \/>\n<meta property=\"og:title\" content=\"Ozdobny Dywanik, Rosja - Eklektyczne - Red Karawana\" \/>\n<meta property=\"og:description\" content=\"Ozdobny dywanik jest wykonany z harmonijnych kolor\u00f3w i tkanin. Bia\u0142e i r\u00f3\u017cowe tkaniny s\u0105 splecione z zielonymi, i czerwonymi ni\u0107mi.\" \/>\n<meta property=\"og:url\" content=\"https:\/\/redkarawana.com\/pl\/rzemioslo\/ozdobny-dywanik-rosja\/\" \/>\n<meta property=\"og:site_name\" content=\"Red Karawana\" \/>\n<meta property=\"article:publisher\" content=\"https:\/\/www.facebook.com\/redkarawana\/\" \/>\n<meta property=\"article:modified_time\" content=\"2025-12-07T15:27:43+00:00\" \/>\n<meta property=\"og:image\" content=\"https:\/\/redkarawana.com\/wp-content\/uploads\/2024\/05\/1-AAP-F1200x630-Russia-Adorn-Rug.jpg\" \/>\n\t<meta property=\"og:image:width\" content=\"1200\" \/>\n\t<meta property=\"og:image:height\" content=\"630\" \/>\n\t<meta property=\"og:image:type\" content=\"image\/jpeg\" \/>\n<meta name=\"twitter:card\" content=\"summary_large_image\" \/>\n<meta name=\"twitter:label1\" content=\"Szacowany czas czytania\" \/>\n\t<meta name=\"twitter:data1\" content=\"1 minuta\" \/>\n<script type=\"application\/ld+json\" class=\"yoast-schema-graph\">{\"@context\":\"https:\\\/\\\/schema.org\",\"@graph\":[{\"@type\":\"WebPage\",\"@id\":\"https:\\\/\\\/redkarawana.com\\\/pl\\\/rzemioslo\\\/ozdobny-dywanik-rosja\\\/\",\"url\":\"https:\\\/\\\/redkarawana.com\\\/pl\\\/rzemioslo\\\/ozdobny-dywanik-rosja\\\/\",\"name\":\"Ozdobny Dywanik, Rosja - Eklektyczne - Red Karawana\",\"isPartOf\":{\"@id\":\"https:\\\/\\\/redkarawana.com\\\/#website\"},\"primaryImageOfPage\":{\"@id\":\"https:\\\/\\\/redkarawana.com\\\/pl\\\/rzemioslo\\\/ozdobny-dywanik-rosja\\\/#primaryimage\"},\"image\":{\"@id\":\"https:\\\/\\\/redkarawana.com\\\/pl\\\/rzemioslo\\\/ozdobny-dywanik-rosja\\\/#primaryimage\"},\"thumbnailUrl\":\"https:\\\/\\\/redkarawana.com\\\/wp-content\\\/uploads\\\/2024\\\/05\\\/1-SP-Russia-Adorn-Rug.jpg\",\"datePublished\":\"2025-11-29T16:40:24+00:00\",\"dateModified\":\"2025-12-07T15:27:43+00:00\",\"description\":\"Ozdobny dywanik jest wykonany z harmonijnych kolor\u00f3w i tkanin. Bia\u0142e i r\u00f3\u017cowe tkaniny s\u0105 splecione z zielonymi, i czerwonymi ni\u0107mi.\",\"breadcrumb\":{\"@id\":\"https:\\\/\\\/redkarawana.com\\\/pl\\\/rzemioslo\\\/ozdobny-dywanik-rosja\\\/#breadcrumb\"},\"inLanguage\":\"pl-PL\",\"potentialAction\":[{\"@type\":\"ReadAction\",\"target\":[\"https:\\\/\\\/redkarawana.com\\\/pl\\\/rzemioslo\\\/ozdobny-dywanik-rosja\\\/\"]}]},{\"@type\":\"ImageObject\",\"inLanguage\":\"pl-PL\",\"@id\":\"https:\\\/\\\/redkarawana.com\\\/pl\\\/rzemioslo\\\/ozdobny-dywanik-rosja\\\/#primaryimage\",\"url\":\"https:\\\/\\\/redkarawana.com\\\/wp-content\\\/uploads\\\/2024\\\/05\\\/1-SP-Russia-Adorn-Rug.jpg\",\"contentUrl\":\"https:\\\/\\\/redkarawana.com\\\/wp-content\\\/uploads\\\/2024\\\/05\\\/1-SP-Russia-Adorn-Rug.jpg\",\"width\":680,\"height\":453,\"caption\":\"Rosja, Ozdobny Dywanik\"},{\"@type\":\"BreadcrumbList\",\"@id\":\"https:\\\/\\\/redkarawana.com\\\/pl\\\/rzemioslo\\\/ozdobny-dywanik-rosja\\\/#breadcrumb\",\"itemListElement\":[{\"@type\":\"ListItem\",\"position\":1,\"name\":\"Home\",\"item\":\"https:\\\/\\\/redkarawana.com\\\/pl\\\/\"},{\"@type\":\"ListItem\",\"position\":2,\"name\":\"Rzemios\u0142a\",\"item\":\"https:\\\/\\\/redkarawana.com\\\/pl\\\/rzemiosla\\\/\"},{\"@type\":\"ListItem\",\"position\":3,\"name\":\"Ozdobny Dywanik, Rosja; Harmonijne Kolory i Tkaniny\"}]},{\"@type\":\"WebSite\",\"@id\":\"https:\\\/\\\/redkarawana.com\\\/#website\",\"url\":\"https:\\\/\\\/redkarawana.com\\\/\",\"name\":\"Red Karawana\",\"description\":\"\",\"publisher\":{\"@id\":\"https:\\\/\\\/redkarawana.com\\\/#organization\"},\"potentialAction\":[{\"@type\":\"SearchAction\",\"target\":{\"@type\":\"EntryPoint\",\"urlTemplate\":\"https:\\\/\\\/redkarawana.com\\\/?s={search_term_string}\"},\"query-input\":{\"@type\":\"PropertyValueSpecification\",\"valueRequired\":true,\"valueName\":\"search_term_string\"}}],\"inLanguage\":\"pl-PL\"},{\"@type\":\"Organization\",\"@id\":\"https:\\\/\\\/redkarawana.com\\\/#organization\",\"name\":\"Red Karawana\",\"url\":\"https:\\\/\\\/redkarawana.com\\\/\",\"logo\":{\"@type\":\"ImageObject\",\"inLanguage\":\"pl-PL\",\"@id\":\"https:\\\/\\\/redkarawana.com\\\/#\\\/schema\\\/logo\\\/image\\\/\",\"url\":\"https:\\\/\\\/redkarawana.com\\\/wp-content\\\/uploads\\\/2025\\\/05\\\/cropped-Screenshot-2025-05-29-at-09.27.38.png\",\"contentUrl\":\"https:\\\/\\\/redkarawana.com\\\/wp-content\\\/uploads\\\/2025\\\/05\\\/cropped-Screenshot-2025-05-29-at-09.27.38.png\",\"width\":512,\"height\":512,\"caption\":\"Red Karawana\"},\"image\":{\"@id\":\"https:\\\/\\\/redkarawana.com\\\/#\\\/schema\\\/logo\\\/image\\\/\"},\"sameAs\":[\"https:\\\/\\\/www.facebook.com\\\/redkarawana\\\/\",\"https:\\\/\\\/www.instagram.com\\\/redkarawana\\\/\",\"https:\\\/\\\/www.youtube.com\\\/channel\\\/UCU9jXzSmyKm4ZZv38FEXGKg\",\"https:\\\/\\\/www.pinterest.com\\\/redkarawana\\\/\"]}]}<\/script>\n<!-- \/ Yoast SEO plugin. -->","yoast_head_json":{"title":"Ozdobny Dywanik, Rosja - Eklektyczne - Red Karawana","description":"Ozdobny dywanik jest wykonany z harmonijnych kolor\u00f3w i tkanin. Bia\u0142e i r\u00f3\u017cowe tkaniny s\u0105 splecione z zielonymi, i czerwonymi ni\u0107mi.","robots":{"index":"index","follow":"follow","max-snippet":"max-snippet:-1","max-image-preview":"max-image-preview:large","max-video-preview":"max-video-preview:-1"},"canonical":"https:\/\/redkarawana.com\/pl\/rzemioslo\/ozdobny-dywanik-rosja\/","og_locale":"pl_PL","og_type":"article","og_title":"Ozdobny Dywanik, Rosja - Eklektyczne - Red Karawana","og_description":"Ozdobny dywanik jest wykonany z harmonijnych kolor\u00f3w i tkanin. Bia\u0142e i r\u00f3\u017cowe tkaniny s\u0105 splecione z zielonymi, i czerwonymi ni\u0107mi.","og_url":"https:\/\/redkarawana.com\/pl\/rzemioslo\/ozdobny-dywanik-rosja\/","og_site_name":"Red Karawana","article_publisher":"https:\/\/www.facebook.com\/redkarawana\/","article_modified_time":"2025-12-07T15:27:43+00:00","og_image":[{"width":1200,"height":630,"url":"https:\/\/redkarawana.com\/wp-content\/uploads\/2024\/05\/1-AAP-F1200x630-Russia-Adorn-Rug.jpg","type":"image\/jpeg"}],"twitter_card":"summary_large_image","twitter_misc":{"Szacowany czas czytania":"1 minuta"},"schema":{"@context":"https:\/\/schema.org","@graph":[{"@type":"WebPage","@id":"https:\/\/redkarawana.com\/pl\/rzemioslo\/ozdobny-dywanik-rosja\/","url":"https:\/\/redkarawana.com\/pl\/rzemioslo\/ozdobny-dywanik-rosja\/","name":"Ozdobny Dywanik, Rosja - Eklektyczne - Red Karawana","isPartOf":{"@id":"https:\/\/redkarawana.com\/#website"},"primaryImageOfPage":{"@id":"https:\/\/redkarawana.com\/pl\/rzemioslo\/ozdobny-dywanik-rosja\/#primaryimage"},"image":{"@id":"https:\/\/redkarawana.com\/pl\/rzemioslo\/ozdobny-dywanik-rosja\/#primaryimage"},"thumbnailUrl":"https:\/\/redkarawana.com\/wp-content\/uploads\/2024\/05\/1-SP-Russia-Adorn-Rug.jpg","datePublished":"2025-11-29T16:40:24+00:00","dateModified":"2025-12-07T15:27:43+00:00","description":"Ozdobny dywanik jest wykonany z harmonijnych kolor\u00f3w i tkanin. Bia\u0142e i r\u00f3\u017cowe tkaniny s\u0105 splecione z zielonymi, i czerwonymi ni\u0107mi.","breadcrumb":{"@id":"https:\/\/redkarawana.com\/pl\/rzemioslo\/ozdobny-dywanik-rosja\/#breadcrumb"},"inLanguage":"pl-PL","potentialAction":[{"@type":"ReadAction","target":["https:\/\/redkarawana.com\/pl\/rzemioslo\/ozdobny-dywanik-rosja\/"]}]},{"@type":"ImageObject","inLanguage":"pl-PL","@id":"https:\/\/redkarawana.com\/pl\/rzemioslo\/ozdobny-dywanik-rosja\/#primaryimage","url":"https:\/\/redkarawana.com\/wp-content\/uploads\/2024\/05\/1-SP-Russia-Adorn-Rug.jpg","contentUrl":"https:\/\/redkarawana.com\/wp-content\/uploads\/2024\/05\/1-SP-Russia-Adorn-Rug.jpg","width":680,"height":453,"caption":"Rosja, Ozdobny Dywanik"},{"@type":"BreadcrumbList","@id":"https:\/\/redkarawana.com\/pl\/rzemioslo\/ozdobny-dywanik-rosja\/#breadcrumb","itemListElement":[{"@type":"ListItem","position":1,"name":"Home","item":"https:\/\/redkarawana.com\/pl\/"},{"@type":"ListItem","position":2,"name":"Rzemios\u0142a","item":"https:\/\/redkarawana.com\/pl\/rzemiosla\/"},{"@type":"ListItem","position":3,"name":"Ozdobny Dywanik, Rosja; Harmonijne Kolory i Tkaniny"}]},{"@type":"WebSite","@id":"https:\/\/redkarawana.com\/#website","url":"https:\/\/redkarawana.com\/","name":"Red Karawana","description":"","publisher":{"@id":"https:\/\/redkarawana.com\/#organization"},"potentialAction":[{"@type":"SearchAction","target":{"@type":"EntryPoint","urlTemplate":"https:\/\/redkarawana.com\/?s={search_term_string}"},"query-input":{"@type":"PropertyValueSpecification","valueRequired":true,"valueName":"search_term_string"}}],"inLanguage":"pl-PL"},{"@type":"Organization","@id":"https:\/\/redkarawana.com\/#organization","name":"Red Karawana","url":"https:\/\/redkarawana.com\/","logo":{"@type":"ImageObject","inLanguage":"pl-PL","@id":"https:\/\/redkarawana.com\/#\/schema\/logo\/image\/","url":"https:\/\/redkarawana.com\/wp-content\/uploads\/2025\/05\/cropped-Screenshot-2025-05-29-at-09.27.38.png","contentUrl":"https:\/\/redkarawana.com\/wp-content\/uploads\/2025\/05\/cropped-Screenshot-2025-05-29-at-09.27.38.png","width":512,"height":512,"caption":"Red Karawana"},"image":{"@id":"https:\/\/redkarawana.com\/#\/schema\/logo\/image\/"},"sameAs":["https:\/\/www.facebook.com\/redkarawana\/","https:\/\/www.instagram.com\/redkarawana\/","https:\/\/www.youtube.com\/channel\/UCU9jXzSmyKm4ZZv38FEXGKg","https:\/\/www.pinterest.com\/redkarawana\/"]}]}},"_links":{"self":[{"href":"https:\/\/redkarawana.com\/pl\/wp-json\/wp\/v2\/product\/2432","targetHints":{"allow":["GET"]}}],"collection":[{"href":"https:\/\/redkarawana.com\/pl\/wp-json\/wp\/v2\/product"}],"about":[{"href":"https:\/\/redkarawana.com\/pl\/wp-json\/wp\/v2\/types\/product"}],"wp:featuredmedia":[{"embeddable":true,"href":"https:\/\/redkarawana.com\/pl\/wp-json\/wp\/v2\/media\/2414"}],"wp:attachment":[{"href":"https:\/\/redkarawana.com\/pl\/wp-json\/wp\/v2\/media?parent=2432"}],"wp:term":[{"taxonomy":"product_brand","embeddable":true,"href":"https:\/\/redkarawana.com\/pl\/wp-json\/wp\/v2\/product_brand?post=2432"},{"taxonomy":"product_cat","embeddable":true,"href":"https:\/\/redkarawana.com\/pl\/wp-json\/wp\/v2\/product_cat?post=2432"},{"taxonomy":"product_tag","embeddable":true,"href":"https:\/\/redkarawana.com\/pl\/wp-json\/wp\/v2\/product_tag?post=2432"}],"curies":[{"name":"wp","href":"https:\/\/api.w.org\/{rel}","templated":true}]}}