{"id":2481,"date":"2025-11-29T17:00:28","date_gmt":"2025-11-29T17:00:28","guid":{"rendered":"https:\/\/redkarawana.com\/?post_type=product&#038;p=2481"},"modified":"2025-12-07T14:46:07","modified_gmt":"2025-12-07T14:46:07","slug":"poszewka-i-torebka-recznie-tkane-kuwejt","status":"publish","type":"product","link":"https:\/\/redkarawana.com\/pl\/rzemioslo\/poszewka-i-torebka-recznie-tkane-kuwejt\/","title":{"rendered":"R\u0119cznie Tkane Rzemios\u0142a, Kuwejt; Poszewka na Poduszk\u0119 i Ma\u0142a Torebka"},"content":{"rendered":"<p>Na P\u00f3\u0142wyspie Arabskim, tradycyjna sztuka tkania i haftu przekazywana jest z pokolenia na pokolenie. Bedui\u0144skie kobiety u\u017cywaj\u0105 naturalnych w\u0142\u00f3kien tekstylnych do tworzenia pi\u0119knych r\u0119cznie tkanych dywan\u00f3w, poszewek na poduszki, torebek i przedmiot\u00f3w dekoracyjnych na wielb\u0142\u0105dy. W Kuwejt, Sadu House zachowuje staro\u017cytne techniki tkackie dzi\u0119ki wsp\u00f3\u0142pracy z lokalnymi tkaczami. Nasze produkty r\u0119cznie tkane maj\u0105 oryginalne wzory, grube tekstury i \u017cywe kolory. Zestaw: 1 r\u0119cznie tkana poszewka na poduszk\u0119 (wysoko\u015b\u0107 24 1\/2 cala, szeroko\u015b\u0107 17 cali), 1 r\u0119cznie tkana torebka (wysoko\u015b\u0107 7 1\/2 cala lub 6 3\/4 cala).<\/p>\n","protected":false},"excerpt":{"rendered":"<p>Na P\u00f3\u0142wyspie Arabskim, tradycyjna sztuka tkania i haftu przekazywana jest z pokolenia na pokolenie. Bedui\u0144skie kobiety u\u017cywaj\u0105 naturalnych w\u0142\u00f3kien tekstylnych do tworzenia pi\u0119knych r\u0119cznie tkanych dywan\u00f3w, poszewek na poduszki, torebek i przedmiot\u00f3w dekoracyjnych na wielb\u0142\u0105dy. W Kuwejt, Sadu House zachowuje staro\u017cytne techniki tkackie dzi\u0119ki wsp\u00f3\u0142pracy z lokalnymi tkaczami. Nasze produkty r\u0119cznie tkane maj\u0105 oryginalne wzory, [&hellip;]<\/p>\n","protected":false},"featured_media":2465,"template":"","meta":{"_acf_changed":false},"product_brand":[],"product_cat":[52],"product_tag":[],"class_list":{"0":"post-2481","1":"product","2":"type-product","3":"status-publish","4":"has-post-thumbnail","6":"product_cat-artystyczne","8":"first","9":"instock","10":"sold-individually","11":"taxable","12":"shipping-taxable","13":"purchasable","14":"product-type-simple"},"acf":[],"yoast_head":"<!-- This site is optimized with the Yoast SEO plugin v27.4 - https:\/\/yoast.com\/product\/yoast-seo-wordpress\/ -->\n<title>R\u0119cznie Tkane Rzemios\u0142a, Kuwejt - Artystyczne - Red Karawana<\/title>\n<meta name=\"description\" content=\"R\u0119cznie Tkane Rzemios\u0142a maj\u0105 oryginalne wzory. W Kuwait City, Sadu House zachowuje staro\u017cytne techniki tkackie dzi\u0119ki wsp\u00f3\u0142pracy z lokalnymi tkaczami.\" \/>\n<meta name=\"robots\" content=\"index, follow, max-snippet:-1, max-image-preview:large, max-video-preview:-1\" \/>\n<link rel=\"canonical\" href=\"https:\/\/redkarawana.com\/pl\/rzemioslo\/poszewka-i-torebka-recznie-tkane-kuwejt\/\" \/>\n<meta property=\"og:locale\" content=\"pl_PL\" \/>\n<meta property=\"og:type\" content=\"article\" \/>\n<meta property=\"og:title\" content=\"R\u0119cznie Tkane Rzemios\u0142a, Kuwejt - Artystyczne - Red Karawana\" \/>\n<meta property=\"og:description\" content=\"R\u0119cznie Tkane Rzemios\u0142a maj\u0105 oryginalne wzory. W Kuwait City, Sadu House zachowuje staro\u017cytne techniki tkackie dzi\u0119ki wsp\u00f3\u0142pracy z lokalnymi tkaczami.\" \/>\n<meta property=\"og:url\" content=\"https:\/\/redkarawana.com\/pl\/rzemioslo\/poszewka-i-torebka-recznie-tkane-kuwejt\/\" \/>\n<meta property=\"og:site_name\" content=\"Red Karawana\" \/>\n<meta property=\"article:publisher\" content=\"https:\/\/www.facebook.com\/redkarawana\/\" \/>\n<meta property=\"article:modified_time\" content=\"2025-12-07T14:46:07+00:00\" \/>\n<meta property=\"og:image\" content=\"https:\/\/redkarawana.com\/wp-content\/uploads\/2024\/05\/1-ABP-F1200x630-Kuwait-Hand-Woven-Crafts.jpg\" \/>\n\t<meta property=\"og:image:width\" content=\"1200\" \/>\n\t<meta property=\"og:image:height\" content=\"630\" \/>\n\t<meta property=\"og:image:type\" content=\"image\/jpeg\" \/>\n<meta name=\"twitter:card\" content=\"summary_large_image\" \/>\n<meta name=\"twitter:label1\" content=\"Szacowany czas czytania\" \/>\n\t<meta name=\"twitter:data1\" content=\"1 minuta\" \/>\n<script type=\"application\/ld+json\" class=\"yoast-schema-graph\">{\"@context\":\"https:\\\/\\\/schema.org\",\"@graph\":[{\"@type\":\"WebPage\",\"@id\":\"https:\\\/\\\/redkarawana.com\\\/pl\\\/rzemioslo\\\/poszewka-i-torebka-recznie-tkane-kuwejt\\\/\",\"url\":\"https:\\\/\\\/redkarawana.com\\\/pl\\\/rzemioslo\\\/poszewka-i-torebka-recznie-tkane-kuwejt\\\/\",\"name\":\"R\u0119cznie Tkane Rzemios\u0142a, Kuwejt - Artystyczne - Red Karawana\",\"isPartOf\":{\"@id\":\"https:\\\/\\\/redkarawana.com\\\/#website\"},\"primaryImageOfPage\":{\"@id\":\"https:\\\/\\\/redkarawana.com\\\/pl\\\/rzemioslo\\\/poszewka-i-torebka-recznie-tkane-kuwejt\\\/#primaryimage\"},\"image\":{\"@id\":\"https:\\\/\\\/redkarawana.com\\\/pl\\\/rzemioslo\\\/poszewka-i-torebka-recznie-tkane-kuwejt\\\/#primaryimage\"},\"thumbnailUrl\":\"https:\\\/\\\/redkarawana.com\\\/wp-content\\\/uploads\\\/2024\\\/05\\\/1-SP-Kuwait-Hand-Woven-Crafts.jpg\",\"datePublished\":\"2025-11-29T17:00:28+00:00\",\"dateModified\":\"2025-12-07T14:46:07+00:00\",\"description\":\"R\u0119cznie Tkane Rzemios\u0142a maj\u0105 oryginalne wzory. W Kuwait City, Sadu House zachowuje staro\u017cytne techniki tkackie dzi\u0119ki wsp\u00f3\u0142pracy z lokalnymi tkaczami.\",\"breadcrumb\":{\"@id\":\"https:\\\/\\\/redkarawana.com\\\/pl\\\/rzemioslo\\\/poszewka-i-torebka-recznie-tkane-kuwejt\\\/#breadcrumb\"},\"inLanguage\":\"pl-PL\",\"potentialAction\":[{\"@type\":\"ReadAction\",\"target\":[\"https:\\\/\\\/redkarawana.com\\\/pl\\\/rzemioslo\\\/poszewka-i-torebka-recznie-tkane-kuwejt\\\/\"]}]},{\"@type\":\"ImageObject\",\"inLanguage\":\"pl-PL\",\"@id\":\"https:\\\/\\\/redkarawana.com\\\/pl\\\/rzemioslo\\\/poszewka-i-torebka-recznie-tkane-kuwejt\\\/#primaryimage\",\"url\":\"https:\\\/\\\/redkarawana.com\\\/wp-content\\\/uploads\\\/2024\\\/05\\\/1-SP-Kuwait-Hand-Woven-Crafts.jpg\",\"contentUrl\":\"https:\\\/\\\/redkarawana.com\\\/wp-content\\\/uploads\\\/2024\\\/05\\\/1-SP-Kuwait-Hand-Woven-Crafts.jpg\",\"width\":680,\"height\":453,\"caption\":\"Kuwejt, R\u0119cznie Tkane Rzemios\u0142a\"},{\"@type\":\"BreadcrumbList\",\"@id\":\"https:\\\/\\\/redkarawana.com\\\/pl\\\/rzemioslo\\\/poszewka-i-torebka-recznie-tkane-kuwejt\\\/#breadcrumb\",\"itemListElement\":[{\"@type\":\"ListItem\",\"position\":1,\"name\":\"Home\",\"item\":\"https:\\\/\\\/redkarawana.com\\\/pl\\\/\"},{\"@type\":\"ListItem\",\"position\":2,\"name\":\"Rzemios\u0142a\",\"item\":\"https:\\\/\\\/redkarawana.com\\\/pl\\\/rzemiosla\\\/\"},{\"@type\":\"ListItem\",\"position\":3,\"name\":\"R\u0119cznie Tkane Rzemios\u0142a, Kuwejt; Poszewka na Poduszk\u0119 i Ma\u0142a Torebka\"}]},{\"@type\":\"WebSite\",\"@id\":\"https:\\\/\\\/redkarawana.com\\\/#website\",\"url\":\"https:\\\/\\\/redkarawana.com\\\/\",\"name\":\"Red Karawana\",\"description\":\"\",\"publisher\":{\"@id\":\"https:\\\/\\\/redkarawana.com\\\/#organization\"},\"potentialAction\":[{\"@type\":\"SearchAction\",\"target\":{\"@type\":\"EntryPoint\",\"urlTemplate\":\"https:\\\/\\\/redkarawana.com\\\/?s={search_term_string}\"},\"query-input\":{\"@type\":\"PropertyValueSpecification\",\"valueRequired\":true,\"valueName\":\"search_term_string\"}}],\"inLanguage\":\"pl-PL\"},{\"@type\":\"Organization\",\"@id\":\"https:\\\/\\\/redkarawana.com\\\/#organization\",\"name\":\"Red Karawana\",\"url\":\"https:\\\/\\\/redkarawana.com\\\/\",\"logo\":{\"@type\":\"ImageObject\",\"inLanguage\":\"pl-PL\",\"@id\":\"https:\\\/\\\/redkarawana.com\\\/#\\\/schema\\\/logo\\\/image\\\/\",\"url\":\"https:\\\/\\\/redkarawana.com\\\/wp-content\\\/uploads\\\/2025\\\/05\\\/cropped-Screenshot-2025-05-29-at-09.27.38.png\",\"contentUrl\":\"https:\\\/\\\/redkarawana.com\\\/wp-content\\\/uploads\\\/2025\\\/05\\\/cropped-Screenshot-2025-05-29-at-09.27.38.png\",\"width\":512,\"height\":512,\"caption\":\"Red Karawana\"},\"image\":{\"@id\":\"https:\\\/\\\/redkarawana.com\\\/#\\\/schema\\\/logo\\\/image\\\/\"},\"sameAs\":[\"https:\\\/\\\/www.facebook.com\\\/redkarawana\\\/\",\"https:\\\/\\\/www.instagram.com\\\/redkarawana\\\/\",\"https:\\\/\\\/www.youtube.com\\\/channel\\\/UCU9jXzSmyKm4ZZv38FEXGKg\",\"https:\\\/\\\/www.pinterest.com\\\/redkarawana\\\/\"]}]}<\/script>\n<!-- \/ Yoast SEO plugin. -->","yoast_head_json":{"title":"R\u0119cznie Tkane Rzemios\u0142a, Kuwejt - Artystyczne - Red Karawana","description":"R\u0119cznie Tkane Rzemios\u0142a maj\u0105 oryginalne wzory. W Kuwait City, Sadu House zachowuje staro\u017cytne techniki tkackie dzi\u0119ki wsp\u00f3\u0142pracy z lokalnymi tkaczami.","robots":{"index":"index","follow":"follow","max-snippet":"max-snippet:-1","max-image-preview":"max-image-preview:large","max-video-preview":"max-video-preview:-1"},"canonical":"https:\/\/redkarawana.com\/pl\/rzemioslo\/poszewka-i-torebka-recznie-tkane-kuwejt\/","og_locale":"pl_PL","og_type":"article","og_title":"R\u0119cznie Tkane Rzemios\u0142a, Kuwejt - Artystyczne - Red Karawana","og_description":"R\u0119cznie Tkane Rzemios\u0142a maj\u0105 oryginalne wzory. W Kuwait City, Sadu House zachowuje staro\u017cytne techniki tkackie dzi\u0119ki wsp\u00f3\u0142pracy z lokalnymi tkaczami.","og_url":"https:\/\/redkarawana.com\/pl\/rzemioslo\/poszewka-i-torebka-recznie-tkane-kuwejt\/","og_site_name":"Red Karawana","article_publisher":"https:\/\/www.facebook.com\/redkarawana\/","article_modified_time":"2025-12-07T14:46:07+00:00","og_image":[{"width":1200,"height":630,"url":"https:\/\/redkarawana.com\/wp-content\/uploads\/2024\/05\/1-ABP-F1200x630-Kuwait-Hand-Woven-Crafts.jpg","type":"image\/jpeg"}],"twitter_card":"summary_large_image","twitter_misc":{"Szacowany czas czytania":"1 minuta"},"schema":{"@context":"https:\/\/schema.org","@graph":[{"@type":"WebPage","@id":"https:\/\/redkarawana.com\/pl\/rzemioslo\/poszewka-i-torebka-recznie-tkane-kuwejt\/","url":"https:\/\/redkarawana.com\/pl\/rzemioslo\/poszewka-i-torebka-recznie-tkane-kuwejt\/","name":"R\u0119cznie Tkane Rzemios\u0142a, Kuwejt - Artystyczne - Red Karawana","isPartOf":{"@id":"https:\/\/redkarawana.com\/#website"},"primaryImageOfPage":{"@id":"https:\/\/redkarawana.com\/pl\/rzemioslo\/poszewka-i-torebka-recznie-tkane-kuwejt\/#primaryimage"},"image":{"@id":"https:\/\/redkarawana.com\/pl\/rzemioslo\/poszewka-i-torebka-recznie-tkane-kuwejt\/#primaryimage"},"thumbnailUrl":"https:\/\/redkarawana.com\/wp-content\/uploads\/2024\/05\/1-SP-Kuwait-Hand-Woven-Crafts.jpg","datePublished":"2025-11-29T17:00:28+00:00","dateModified":"2025-12-07T14:46:07+00:00","description":"R\u0119cznie Tkane Rzemios\u0142a maj\u0105 oryginalne wzory. W Kuwait City, Sadu House zachowuje staro\u017cytne techniki tkackie dzi\u0119ki wsp\u00f3\u0142pracy z lokalnymi tkaczami.","breadcrumb":{"@id":"https:\/\/redkarawana.com\/pl\/rzemioslo\/poszewka-i-torebka-recznie-tkane-kuwejt\/#breadcrumb"},"inLanguage":"pl-PL","potentialAction":[{"@type":"ReadAction","target":["https:\/\/redkarawana.com\/pl\/rzemioslo\/poszewka-i-torebka-recznie-tkane-kuwejt\/"]}]},{"@type":"ImageObject","inLanguage":"pl-PL","@id":"https:\/\/redkarawana.com\/pl\/rzemioslo\/poszewka-i-torebka-recznie-tkane-kuwejt\/#primaryimage","url":"https:\/\/redkarawana.com\/wp-content\/uploads\/2024\/05\/1-SP-Kuwait-Hand-Woven-Crafts.jpg","contentUrl":"https:\/\/redkarawana.com\/wp-content\/uploads\/2024\/05\/1-SP-Kuwait-Hand-Woven-Crafts.jpg","width":680,"height":453,"caption":"Kuwejt, R\u0119cznie Tkane Rzemios\u0142a"},{"@type":"BreadcrumbList","@id":"https:\/\/redkarawana.com\/pl\/rzemioslo\/poszewka-i-torebka-recznie-tkane-kuwejt\/#breadcrumb","itemListElement":[{"@type":"ListItem","position":1,"name":"Home","item":"https:\/\/redkarawana.com\/pl\/"},{"@type":"ListItem","position":2,"name":"Rzemios\u0142a","item":"https:\/\/redkarawana.com\/pl\/rzemiosla\/"},{"@type":"ListItem","position":3,"name":"R\u0119cznie Tkane Rzemios\u0142a, Kuwejt; Poszewka na Poduszk\u0119 i Ma\u0142a Torebka"}]},{"@type":"WebSite","@id":"https:\/\/redkarawana.com\/#website","url":"https:\/\/redkarawana.com\/","name":"Red Karawana","description":"","publisher":{"@id":"https:\/\/redkarawana.com\/#organization"},"potentialAction":[{"@type":"SearchAction","target":{"@type":"EntryPoint","urlTemplate":"https:\/\/redkarawana.com\/?s={search_term_string}"},"query-input":{"@type":"PropertyValueSpecification","valueRequired":true,"valueName":"search_term_string"}}],"inLanguage":"pl-PL"},{"@type":"Organization","@id":"https:\/\/redkarawana.com\/#organization","name":"Red Karawana","url":"https:\/\/redkarawana.com\/","logo":{"@type":"ImageObject","inLanguage":"pl-PL","@id":"https:\/\/redkarawana.com\/#\/schema\/logo\/image\/","url":"https:\/\/redkarawana.com\/wp-content\/uploads\/2025\/05\/cropped-Screenshot-2025-05-29-at-09.27.38.png","contentUrl":"https:\/\/redkarawana.com\/wp-content\/uploads\/2025\/05\/cropped-Screenshot-2025-05-29-at-09.27.38.png","width":512,"height":512,"caption":"Red Karawana"},"image":{"@id":"https:\/\/redkarawana.com\/#\/schema\/logo\/image\/"},"sameAs":["https:\/\/www.facebook.com\/redkarawana\/","https:\/\/www.instagram.com\/redkarawana\/","https:\/\/www.youtube.com\/channel\/UCU9jXzSmyKm4ZZv38FEXGKg","https:\/\/www.pinterest.com\/redkarawana\/"]}]}},"_links":{"self":[{"href":"https:\/\/redkarawana.com\/pl\/wp-json\/wp\/v2\/product\/2481","targetHints":{"allow":["GET"]}}],"collection":[{"href":"https:\/\/redkarawana.com\/pl\/wp-json\/wp\/v2\/product"}],"about":[{"href":"https:\/\/redkarawana.com\/pl\/wp-json\/wp\/v2\/types\/product"}],"wp:featuredmedia":[{"embeddable":true,"href":"https:\/\/redkarawana.com\/pl\/wp-json\/wp\/v2\/media\/2465"}],"wp:attachment":[{"href":"https:\/\/redkarawana.com\/pl\/wp-json\/wp\/v2\/media?parent=2481"}],"wp:term":[{"taxonomy":"product_brand","embeddable":true,"href":"https:\/\/redkarawana.com\/pl\/wp-json\/wp\/v2\/product_brand?post=2481"},{"taxonomy":"product_cat","embeddable":true,"href":"https:\/\/redkarawana.com\/pl\/wp-json\/wp\/v2\/product_cat?post=2481"},{"taxonomy":"product_tag","embeddable":true,"href":"https:\/\/redkarawana.com\/pl\/wp-json\/wp\/v2\/product_tag?post=2481"}],"curies":[{"name":"wp","href":"https:\/\/api.w.org\/{rel}","templated":true}]}}