{"id":2577,"date":"2025-11-29T17:40:22","date_gmt":"2025-11-29T17:40:22","guid":{"rendered":"https:\/\/redkarawana.com\/?post_type=product&#038;p=2577"},"modified":"2024-05-08T23:58:22","modified_gmt":"2024-05-08T23:58:22","slug":"turkusowa-poszewka-chiny","status":"publish","type":"product","link":"https:\/\/redkarawana.com\/pl\/rzemioslo\/turkusowa-poszewka-chiny\/","title":{"rendered":"Turkusowa Poszewka, Chiny; Tkanina z Motywem Staro\u017cytnych Chin"},"content":{"rendered":"<p>W ci\u0105gu d\u0142ugiej historii Chin, luksusowe tkaniny by\u0142y wykorzystane do ubierania cesarzy, dekoracji pa\u0142ac\u00f3w i ozdobiania \u015bwi\u0105ty\u0144.\u00a0 Tradycyjne chi\u0144skie tkaniny cz\u0119sto posiadaj\u0105 \u017cywe kolory, tradycyjne motywy i duchowne symbole.\u00a0 Opisywana poszewka na poduszk\u0119 jest wykonana z tkaniny w kolorze turkusowym i akcentuje chi\u0144skie symbole.\u00a0 Staro\u017cytny motyw w czerwonym, r\u00f3\u017cowym, zielonym i z\u0142otym kolorze wyr\u00f3\u017cnia si\u0119 na turkusowym tle.\u00a0 Prosty zamek i cienkie turkusowe wyko\u0144czenie uzupe\u0142niaj\u0105 poszewk\u0119.\u00a0 Miary: 1 turkusowa poszewka (wysoko\u015b\u0107 16 1\/2 cala, szeroko\u015b\u0107 16 cali).<\/p>\n","protected":false},"excerpt":{"rendered":"<p>W ci\u0105gu d\u0142ugiej historii Chin, luksusowe tkaniny by\u0142y wykorzystane do ubierania cesarzy, dekoracji pa\u0142ac\u00f3w i ozdobiania \u015bwi\u0105ty\u0144.\u00a0 Tradycyjne chi\u0144skie tkaniny cz\u0119sto posiadaj\u0105 \u017cywe kolory, tradycyjne motywy i duchowne symbole.\u00a0 Opisywana poszewka na poduszk\u0119 jest wykonana z tkaniny w kolorze turkusowym i akcentuje chi\u0144skie symbole.\u00a0 Staro\u017cytny motyw w czerwonym, r\u00f3\u017cowym, zielonym i z\u0142otym kolorze wyr\u00f3\u017cnia si\u0119 [&hellip;]<\/p>\n","protected":false},"featured_media":2561,"template":"","meta":{"_acf_changed":false},"product_brand":[],"product_cat":[54],"product_tag":[],"class_list":{"0":"post-2577","1":"product","2":"type-product","3":"status-publish","4":"has-post-thumbnail","6":"product_cat-eklektyczne","8":"first","9":"instock","10":"sold-individually","11":"taxable","12":"shipping-taxable","13":"purchasable","14":"product-type-simple"},"acf":[],"yoast_head":"<!-- This site is optimized with the Yoast SEO plugin v27.3 - https:\/\/yoast.com\/product\/yoast-seo-wordpress\/ -->\n<title>Turkusowa Poszewka, Chiny - Eklektyczne - Red Karawana<\/title>\n<meta name=\"description\" content=\"Turkusowa poszewka na poduszk\u0119 jest wykonana z tkaniny w kolorze turkusowym i przedstawia staro\u017cytne chi\u0144skie symbole na turkusowym tle.\" \/>\n<meta name=\"robots\" content=\"index, follow, max-snippet:-1, max-image-preview:large, max-video-preview:-1\" \/>\n<link rel=\"canonical\" href=\"https:\/\/redkarawana.com\/pl\/rzemioslo\/turkusowa-poszewka-chiny\/\" \/>\n<meta property=\"og:locale\" content=\"pl_PL\" \/>\n<meta property=\"og:type\" content=\"article\" \/>\n<meta property=\"og:title\" content=\"Turkusowa Poszewka, Chiny - Eklektyczne - Red Karawana\" \/>\n<meta property=\"og:description\" content=\"Turkusowa poszewka na poduszk\u0119 jest wykonana z tkaniny w kolorze turkusowym i przedstawia staro\u017cytne chi\u0144skie symbole na turkusowym tle.\" \/>\n<meta property=\"og:url\" content=\"https:\/\/redkarawana.com\/pl\/rzemioslo\/turkusowa-poszewka-chiny\/\" \/>\n<meta property=\"og:site_name\" content=\"Red Karawana\" \/>\n<meta property=\"article:publisher\" content=\"https:\/\/www.facebook.com\/redkarawana\/\" \/>\n<meta property=\"og:image\" content=\"https:\/\/redkarawana.com\/wp-content\/uploads\/2024\/05\/1-AAP-F1200x628-China-Turquoise-Pillow-Case.jpg\" \/>\n\t<meta property=\"og:image:width\" content=\"1200\" \/>\n\t<meta property=\"og:image:height\" content=\"630\" \/>\n\t<meta property=\"og:image:type\" content=\"image\/jpeg\" \/>\n<meta name=\"twitter:card\" content=\"summary_large_image\" \/>\n<meta name=\"twitter:label1\" content=\"Szacowany czas czytania\" \/>\n\t<meta name=\"twitter:data1\" content=\"1 minuta\" \/>\n<script type=\"application\/ld+json\" class=\"yoast-schema-graph\">{\"@context\":\"https:\\\/\\\/schema.org\",\"@graph\":[{\"@type\":\"WebPage\",\"@id\":\"https:\\\/\\\/redkarawana.com\\\/pl\\\/rzemioslo\\\/turkusowa-poszewka-chiny\\\/\",\"url\":\"https:\\\/\\\/redkarawana.com\\\/pl\\\/rzemioslo\\\/turkusowa-poszewka-chiny\\\/\",\"name\":\"Turkusowa Poszewka, Chiny - Eklektyczne - Red Karawana\",\"isPartOf\":{\"@id\":\"https:\\\/\\\/redkarawana.com\\\/#website\"},\"primaryImageOfPage\":{\"@id\":\"https:\\\/\\\/redkarawana.com\\\/pl\\\/rzemioslo\\\/turkusowa-poszewka-chiny\\\/#primaryimage\"},\"image\":{\"@id\":\"https:\\\/\\\/redkarawana.com\\\/pl\\\/rzemioslo\\\/turkusowa-poszewka-chiny\\\/#primaryimage\"},\"thumbnailUrl\":\"https:\\\/\\\/redkarawana.com\\\/wp-content\\\/uploads\\\/2024\\\/05\\\/1-SP-China-Turquoise-Pillow-Case.jpg\",\"datePublished\":\"2025-11-29T17:40:22+00:00\",\"description\":\"Turkusowa poszewka na poduszk\u0119 jest wykonana z tkaniny w kolorze turkusowym i przedstawia staro\u017cytne chi\u0144skie symbole na turkusowym tle.\",\"breadcrumb\":{\"@id\":\"https:\\\/\\\/redkarawana.com\\\/pl\\\/rzemioslo\\\/turkusowa-poszewka-chiny\\\/#breadcrumb\"},\"inLanguage\":\"pl-PL\",\"potentialAction\":[{\"@type\":\"ReadAction\",\"target\":[\"https:\\\/\\\/redkarawana.com\\\/pl\\\/rzemioslo\\\/turkusowa-poszewka-chiny\\\/\"]}]},{\"@type\":\"ImageObject\",\"inLanguage\":\"pl-PL\",\"@id\":\"https:\\\/\\\/redkarawana.com\\\/pl\\\/rzemioslo\\\/turkusowa-poszewka-chiny\\\/#primaryimage\",\"url\":\"https:\\\/\\\/redkarawana.com\\\/wp-content\\\/uploads\\\/2024\\\/05\\\/1-SP-China-Turquoise-Pillow-Case.jpg\",\"contentUrl\":\"https:\\\/\\\/redkarawana.com\\\/wp-content\\\/uploads\\\/2024\\\/05\\\/1-SP-China-Turquoise-Pillow-Case.jpg\",\"width\":680,\"height\":453,\"caption\":\"Chiny, Turkusowa Poszewka\"},{\"@type\":\"BreadcrumbList\",\"@id\":\"https:\\\/\\\/redkarawana.com\\\/pl\\\/rzemioslo\\\/turkusowa-poszewka-chiny\\\/#breadcrumb\",\"itemListElement\":[{\"@type\":\"ListItem\",\"position\":1,\"name\":\"Home\",\"item\":\"https:\\\/\\\/redkarawana.com\\\/pl\\\/\"},{\"@type\":\"ListItem\",\"position\":2,\"name\":\"Rzemios\u0142a\",\"item\":\"https:\\\/\\\/redkarawana.com\\\/pl\\\/rzemiosla\\\/\"},{\"@type\":\"ListItem\",\"position\":3,\"name\":\"Turkusowa Poszewka, Chiny; Tkanina z Motywem Staro\u017cytnych Chin\"}]},{\"@type\":\"WebSite\",\"@id\":\"https:\\\/\\\/redkarawana.com\\\/#website\",\"url\":\"https:\\\/\\\/redkarawana.com\\\/\",\"name\":\"Red Karawana\",\"description\":\"\",\"publisher\":{\"@id\":\"https:\\\/\\\/redkarawana.com\\\/#organization\"},\"potentialAction\":[{\"@type\":\"SearchAction\",\"target\":{\"@type\":\"EntryPoint\",\"urlTemplate\":\"https:\\\/\\\/redkarawana.com\\\/?s={search_term_string}\"},\"query-input\":{\"@type\":\"PropertyValueSpecification\",\"valueRequired\":true,\"valueName\":\"search_term_string\"}}],\"inLanguage\":\"pl-PL\"},{\"@type\":\"Organization\",\"@id\":\"https:\\\/\\\/redkarawana.com\\\/#organization\",\"name\":\"Red Karawana\",\"url\":\"https:\\\/\\\/redkarawana.com\\\/\",\"logo\":{\"@type\":\"ImageObject\",\"inLanguage\":\"pl-PL\",\"@id\":\"https:\\\/\\\/redkarawana.com\\\/#\\\/schema\\\/logo\\\/image\\\/\",\"url\":\"https:\\\/\\\/redkarawana.com\\\/wp-content\\\/uploads\\\/2025\\\/05\\\/cropped-Screenshot-2025-05-29-at-09.27.38.png\",\"contentUrl\":\"https:\\\/\\\/redkarawana.com\\\/wp-content\\\/uploads\\\/2025\\\/05\\\/cropped-Screenshot-2025-05-29-at-09.27.38.png\",\"width\":512,\"height\":512,\"caption\":\"Red Karawana\"},\"image\":{\"@id\":\"https:\\\/\\\/redkarawana.com\\\/#\\\/schema\\\/logo\\\/image\\\/\"},\"sameAs\":[\"https:\\\/\\\/www.facebook.com\\\/redkarawana\\\/\",\"https:\\\/\\\/www.instagram.com\\\/redkarawana\\\/\",\"https:\\\/\\\/www.youtube.com\\\/channel\\\/UCU9jXzSmyKm4ZZv38FEXGKg\",\"https:\\\/\\\/www.pinterest.com\\\/redkarawana\\\/\"]}]}<\/script>\n<!-- \/ Yoast SEO plugin. -->","yoast_head_json":{"title":"Turkusowa Poszewka, Chiny - Eklektyczne - Red Karawana","description":"Turkusowa poszewka na poduszk\u0119 jest wykonana z tkaniny w kolorze turkusowym i przedstawia staro\u017cytne chi\u0144skie symbole na turkusowym tle.","robots":{"index":"index","follow":"follow","max-snippet":"max-snippet:-1","max-image-preview":"max-image-preview:large","max-video-preview":"max-video-preview:-1"},"canonical":"https:\/\/redkarawana.com\/pl\/rzemioslo\/turkusowa-poszewka-chiny\/","og_locale":"pl_PL","og_type":"article","og_title":"Turkusowa Poszewka, Chiny - Eklektyczne - Red Karawana","og_description":"Turkusowa poszewka na poduszk\u0119 jest wykonana z tkaniny w kolorze turkusowym i przedstawia staro\u017cytne chi\u0144skie symbole na turkusowym tle.","og_url":"https:\/\/redkarawana.com\/pl\/rzemioslo\/turkusowa-poszewka-chiny\/","og_site_name":"Red Karawana","article_publisher":"https:\/\/www.facebook.com\/redkarawana\/","og_image":[{"width":1200,"height":630,"url":"https:\/\/redkarawana.com\/wp-content\/uploads\/2024\/05\/1-AAP-F1200x628-China-Turquoise-Pillow-Case.jpg","type":"image\/jpeg"}],"twitter_card":"summary_large_image","twitter_misc":{"Szacowany czas czytania":"1 minuta"},"schema":{"@context":"https:\/\/schema.org","@graph":[{"@type":"WebPage","@id":"https:\/\/redkarawana.com\/pl\/rzemioslo\/turkusowa-poszewka-chiny\/","url":"https:\/\/redkarawana.com\/pl\/rzemioslo\/turkusowa-poszewka-chiny\/","name":"Turkusowa Poszewka, Chiny - Eklektyczne - Red Karawana","isPartOf":{"@id":"https:\/\/redkarawana.com\/#website"},"primaryImageOfPage":{"@id":"https:\/\/redkarawana.com\/pl\/rzemioslo\/turkusowa-poszewka-chiny\/#primaryimage"},"image":{"@id":"https:\/\/redkarawana.com\/pl\/rzemioslo\/turkusowa-poszewka-chiny\/#primaryimage"},"thumbnailUrl":"https:\/\/redkarawana.com\/wp-content\/uploads\/2024\/05\/1-SP-China-Turquoise-Pillow-Case.jpg","datePublished":"2025-11-29T17:40:22+00:00","description":"Turkusowa poszewka na poduszk\u0119 jest wykonana z tkaniny w kolorze turkusowym i przedstawia staro\u017cytne chi\u0144skie symbole na turkusowym tle.","breadcrumb":{"@id":"https:\/\/redkarawana.com\/pl\/rzemioslo\/turkusowa-poszewka-chiny\/#breadcrumb"},"inLanguage":"pl-PL","potentialAction":[{"@type":"ReadAction","target":["https:\/\/redkarawana.com\/pl\/rzemioslo\/turkusowa-poszewka-chiny\/"]}]},{"@type":"ImageObject","inLanguage":"pl-PL","@id":"https:\/\/redkarawana.com\/pl\/rzemioslo\/turkusowa-poszewka-chiny\/#primaryimage","url":"https:\/\/redkarawana.com\/wp-content\/uploads\/2024\/05\/1-SP-China-Turquoise-Pillow-Case.jpg","contentUrl":"https:\/\/redkarawana.com\/wp-content\/uploads\/2024\/05\/1-SP-China-Turquoise-Pillow-Case.jpg","width":680,"height":453,"caption":"Chiny, Turkusowa Poszewka"},{"@type":"BreadcrumbList","@id":"https:\/\/redkarawana.com\/pl\/rzemioslo\/turkusowa-poszewka-chiny\/#breadcrumb","itemListElement":[{"@type":"ListItem","position":1,"name":"Home","item":"https:\/\/redkarawana.com\/pl\/"},{"@type":"ListItem","position":2,"name":"Rzemios\u0142a","item":"https:\/\/redkarawana.com\/pl\/rzemiosla\/"},{"@type":"ListItem","position":3,"name":"Turkusowa Poszewka, Chiny; Tkanina z Motywem Staro\u017cytnych Chin"}]},{"@type":"WebSite","@id":"https:\/\/redkarawana.com\/#website","url":"https:\/\/redkarawana.com\/","name":"Red Karawana","description":"","publisher":{"@id":"https:\/\/redkarawana.com\/#organization"},"potentialAction":[{"@type":"SearchAction","target":{"@type":"EntryPoint","urlTemplate":"https:\/\/redkarawana.com\/?s={search_term_string}"},"query-input":{"@type":"PropertyValueSpecification","valueRequired":true,"valueName":"search_term_string"}}],"inLanguage":"pl-PL"},{"@type":"Organization","@id":"https:\/\/redkarawana.com\/#organization","name":"Red Karawana","url":"https:\/\/redkarawana.com\/","logo":{"@type":"ImageObject","inLanguage":"pl-PL","@id":"https:\/\/redkarawana.com\/#\/schema\/logo\/image\/","url":"https:\/\/redkarawana.com\/wp-content\/uploads\/2025\/05\/cropped-Screenshot-2025-05-29-at-09.27.38.png","contentUrl":"https:\/\/redkarawana.com\/wp-content\/uploads\/2025\/05\/cropped-Screenshot-2025-05-29-at-09.27.38.png","width":512,"height":512,"caption":"Red Karawana"},"image":{"@id":"https:\/\/redkarawana.com\/#\/schema\/logo\/image\/"},"sameAs":["https:\/\/www.facebook.com\/redkarawana\/","https:\/\/www.instagram.com\/redkarawana\/","https:\/\/www.youtube.com\/channel\/UCU9jXzSmyKm4ZZv38FEXGKg","https:\/\/www.pinterest.com\/redkarawana\/"]}]}},"_links":{"self":[{"href":"https:\/\/redkarawana.com\/pl\/wp-json\/wp\/v2\/product\/2577","targetHints":{"allow":["GET"]}}],"collection":[{"href":"https:\/\/redkarawana.com\/pl\/wp-json\/wp\/v2\/product"}],"about":[{"href":"https:\/\/redkarawana.com\/pl\/wp-json\/wp\/v2\/types\/product"}],"wp:featuredmedia":[{"embeddable":true,"href":"https:\/\/redkarawana.com\/pl\/wp-json\/wp\/v2\/media\/2561"}],"wp:attachment":[{"href":"https:\/\/redkarawana.com\/pl\/wp-json\/wp\/v2\/media?parent=2577"}],"wp:term":[{"taxonomy":"product_brand","embeddable":true,"href":"https:\/\/redkarawana.com\/pl\/wp-json\/wp\/v2\/product_brand?post=2577"},{"taxonomy":"product_cat","embeddable":true,"href":"https:\/\/redkarawana.com\/pl\/wp-json\/wp\/v2\/product_cat?post=2577"},{"taxonomy":"product_tag","embeddable":true,"href":"https:\/\/redkarawana.com\/pl\/wp-json\/wp\/v2\/product_tag?post=2577"}],"curies":[{"name":"wp","href":"https:\/\/api.w.org\/{rel}","templated":true}]}}