{"id":2601,"date":"2025-11-29T17:50:00","date_gmt":"2025-11-29T17:50:00","guid":{"rendered":"https:\/\/redkarawana.com\/?post_type=product&#038;p=2601"},"modified":"2024-05-09T00:38:01","modified_gmt":"2024-05-09T00:38:01","slug":"dekoracyjne-miski-wietnam","status":"publish","type":"product","link":"https:\/\/redkarawana.com\/pl\/rzemioslo\/dekoracyjne-miski-wietnam\/","title":{"rendered":"Dekoracyjne Miski, Wietnam; Ozdobny Styl i Harmonijne Kolory"},"content":{"rendered":"<p>Podczas wycieczki do \u015arodkowego Wietnamu, zwiedzamy staro\u017cytne miasto Hoi An Ancient Town, w kt\u00f3rym zachowa\u0142y si\u0119 tradycyjne zak\u0142ady rzemie\u015blnicze.\u00a0 W starej dzielnicy i na pobliskich malutkich wyspach istniej\u0105 sklepy krawieckie i warsztaty w kt\u00f3rych rzemie\u015blnicy tworz\u0105 unikalne produkty, u\u017cywaj\u0105c tradycyjne techniki.\u00a0 Ma\u0142e dekoracyjne muszle morskie i piasek zdobi\u0105 te dekoracyjne miski.\u00a0 Zewn\u0119trzna warstwa przedstawia wielokolorowy prosty wz\u00f3r na czerwonym tle.\u00a0 Zestaw: 2 dekoracyjne miski (wysoko\u015b\u0107 3 cale, szeroko\u015b\u0107 4 1\/2 cala).<\/p>\n","protected":false},"excerpt":{"rendered":"<p>Podczas wycieczki do \u015arodkowego Wietnamu, zwiedzamy staro\u017cytne miasto Hoi An Ancient Town, w kt\u00f3rym zachowa\u0142y si\u0119 tradycyjne zak\u0142ady rzemie\u015blnicze.\u00a0 W starej dzielnicy i na pobliskich malutkich wyspach istniej\u0105 sklepy krawieckie i warsztaty w kt\u00f3rych rzemie\u015blnicy tworz\u0105 unikalne produkty, u\u017cywaj\u0105c tradycyjne techniki.\u00a0 Ma\u0142e dekoracyjne muszle morskie i piasek zdobi\u0105 te dekoracyjne miski.\u00a0 Zewn\u0119trzna warstwa przedstawia wielokolorowy [&hellip;]<\/p>\n","protected":false},"featured_media":2585,"template":"","meta":{"_acf_changed":false},"product_brand":[],"product_cat":[55],"product_tag":[],"class_list":{"0":"post-2601","1":"product","2":"type-product","3":"status-publish","4":"has-post-thumbnail","6":"product_cat-dekoracyjne","8":"first","9":"instock","10":"sold-individually","11":"taxable","12":"shipping-taxable","13":"purchasable","14":"product-type-simple"},"acf":[],"yoast_head":"<!-- This site is optimized with the Yoast SEO plugin v27.3 - https:\/\/yoast.com\/product\/yoast-seo-wordpress\/ -->\n<title>Dekoracyjne Miski, Wietnam - Dekoracyjne - Red Karawana<\/title>\n<meta name=\"description\" content=\"Dekoracyjne miski przedstawiaj\u0105 wielokolorowy prosty wz\u00f3r na czerwonym tle. Ma\u0142e muszle morskie i piasek zdobi\u0105 te dekoracyjne miski.\" \/>\n<meta name=\"robots\" content=\"index, follow, max-snippet:-1, max-image-preview:large, max-video-preview:-1\" \/>\n<link rel=\"canonical\" href=\"https:\/\/redkarawana.com\/pl\/rzemioslo\/dekoracyjne-miski-wietnam\/\" \/>\n<meta property=\"og:locale\" content=\"pl_PL\" \/>\n<meta property=\"og:type\" content=\"article\" \/>\n<meta property=\"og:title\" content=\"Dekoracyjne Miski, Wietnam - Dekoracyjne - Red Karawana\" \/>\n<meta property=\"og:description\" content=\"Dekoracyjne miski przedstawiaj\u0105 wielokolorowy prosty wz\u00f3r na czerwonym tle. Ma\u0142e muszle morskie i piasek zdobi\u0105 te dekoracyjne miski.\" \/>\n<meta property=\"og:url\" content=\"https:\/\/redkarawana.com\/pl\/rzemioslo\/dekoracyjne-miski-wietnam\/\" \/>\n<meta property=\"og:site_name\" content=\"Red Karawana\" \/>\n<meta property=\"article:publisher\" content=\"https:\/\/www.facebook.com\/redkarawana\/\" \/>\n<meta property=\"og:image\" content=\"https:\/\/redkarawana.com\/wp-content\/uploads\/2024\/05\/1-AAP-F1200x630-Vietnam-Decorative-Bowls.jpg\" \/>\n\t<meta property=\"og:image:width\" content=\"1200\" \/>\n\t<meta property=\"og:image:height\" content=\"630\" \/>\n\t<meta property=\"og:image:type\" content=\"image\/jpeg\" \/>\n<meta name=\"twitter:card\" content=\"summary_large_image\" \/>\n<meta name=\"twitter:label1\" content=\"Szacowany czas czytania\" \/>\n\t<meta name=\"twitter:data1\" content=\"1 minuta\" \/>\n<script type=\"application\/ld+json\" class=\"yoast-schema-graph\">{\"@context\":\"https:\\\/\\\/schema.org\",\"@graph\":[{\"@type\":\"WebPage\",\"@id\":\"https:\\\/\\\/redkarawana.com\\\/pl\\\/rzemioslo\\\/dekoracyjne-miski-wietnam\\\/\",\"url\":\"https:\\\/\\\/redkarawana.com\\\/pl\\\/rzemioslo\\\/dekoracyjne-miski-wietnam\\\/\",\"name\":\"Dekoracyjne Miski, Wietnam - Dekoracyjne - Red Karawana\",\"isPartOf\":{\"@id\":\"https:\\\/\\\/redkarawana.com\\\/#website\"},\"primaryImageOfPage\":{\"@id\":\"https:\\\/\\\/redkarawana.com\\\/pl\\\/rzemioslo\\\/dekoracyjne-miski-wietnam\\\/#primaryimage\"},\"image\":{\"@id\":\"https:\\\/\\\/redkarawana.com\\\/pl\\\/rzemioslo\\\/dekoracyjne-miski-wietnam\\\/#primaryimage\"},\"thumbnailUrl\":\"https:\\\/\\\/redkarawana.com\\\/wp-content\\\/uploads\\\/2024\\\/05\\\/1-SP-Vietnam-Decorative-Bowls.jpg\",\"datePublished\":\"2025-11-29T17:50:00+00:00\",\"description\":\"Dekoracyjne miski przedstawiaj\u0105 wielokolorowy prosty wz\u00f3r na czerwonym tle. Ma\u0142e muszle morskie i piasek zdobi\u0105 te dekoracyjne miski.\",\"breadcrumb\":{\"@id\":\"https:\\\/\\\/redkarawana.com\\\/pl\\\/rzemioslo\\\/dekoracyjne-miski-wietnam\\\/#breadcrumb\"},\"inLanguage\":\"pl-PL\",\"potentialAction\":[{\"@type\":\"ReadAction\",\"target\":[\"https:\\\/\\\/redkarawana.com\\\/pl\\\/rzemioslo\\\/dekoracyjne-miski-wietnam\\\/\"]}]},{\"@type\":\"ImageObject\",\"inLanguage\":\"pl-PL\",\"@id\":\"https:\\\/\\\/redkarawana.com\\\/pl\\\/rzemioslo\\\/dekoracyjne-miski-wietnam\\\/#primaryimage\",\"url\":\"https:\\\/\\\/redkarawana.com\\\/wp-content\\\/uploads\\\/2024\\\/05\\\/1-SP-Vietnam-Decorative-Bowls.jpg\",\"contentUrl\":\"https:\\\/\\\/redkarawana.com\\\/wp-content\\\/uploads\\\/2024\\\/05\\\/1-SP-Vietnam-Decorative-Bowls.jpg\",\"width\":680,\"height\":453,\"caption\":\"Wietnam, Dekoracyjne Miski\"},{\"@type\":\"BreadcrumbList\",\"@id\":\"https:\\\/\\\/redkarawana.com\\\/pl\\\/rzemioslo\\\/dekoracyjne-miski-wietnam\\\/#breadcrumb\",\"itemListElement\":[{\"@type\":\"ListItem\",\"position\":1,\"name\":\"Home\",\"item\":\"https:\\\/\\\/redkarawana.com\\\/pl\\\/\"},{\"@type\":\"ListItem\",\"position\":2,\"name\":\"Rzemios\u0142a\",\"item\":\"https:\\\/\\\/redkarawana.com\\\/pl\\\/rzemiosla\\\/\"},{\"@type\":\"ListItem\",\"position\":3,\"name\":\"Dekoracyjne Miski, Wietnam; Ozdobny Styl i Harmonijne Kolory\"}]},{\"@type\":\"WebSite\",\"@id\":\"https:\\\/\\\/redkarawana.com\\\/#website\",\"url\":\"https:\\\/\\\/redkarawana.com\\\/\",\"name\":\"Red Karawana\",\"description\":\"\",\"publisher\":{\"@id\":\"https:\\\/\\\/redkarawana.com\\\/#organization\"},\"potentialAction\":[{\"@type\":\"SearchAction\",\"target\":{\"@type\":\"EntryPoint\",\"urlTemplate\":\"https:\\\/\\\/redkarawana.com\\\/?s={search_term_string}\"},\"query-input\":{\"@type\":\"PropertyValueSpecification\",\"valueRequired\":true,\"valueName\":\"search_term_string\"}}],\"inLanguage\":\"pl-PL\"},{\"@type\":\"Organization\",\"@id\":\"https:\\\/\\\/redkarawana.com\\\/#organization\",\"name\":\"Red Karawana\",\"url\":\"https:\\\/\\\/redkarawana.com\\\/\",\"logo\":{\"@type\":\"ImageObject\",\"inLanguage\":\"pl-PL\",\"@id\":\"https:\\\/\\\/redkarawana.com\\\/#\\\/schema\\\/logo\\\/image\\\/\",\"url\":\"https:\\\/\\\/redkarawana.com\\\/wp-content\\\/uploads\\\/2025\\\/05\\\/cropped-Screenshot-2025-05-29-at-09.27.38.png\",\"contentUrl\":\"https:\\\/\\\/redkarawana.com\\\/wp-content\\\/uploads\\\/2025\\\/05\\\/cropped-Screenshot-2025-05-29-at-09.27.38.png\",\"width\":512,\"height\":512,\"caption\":\"Red Karawana\"},\"image\":{\"@id\":\"https:\\\/\\\/redkarawana.com\\\/#\\\/schema\\\/logo\\\/image\\\/\"},\"sameAs\":[\"https:\\\/\\\/www.facebook.com\\\/redkarawana\\\/\",\"https:\\\/\\\/www.instagram.com\\\/redkarawana\\\/\",\"https:\\\/\\\/www.youtube.com\\\/channel\\\/UCU9jXzSmyKm4ZZv38FEXGKg\",\"https:\\\/\\\/www.pinterest.com\\\/redkarawana\\\/\"]}]}<\/script>\n<!-- \/ Yoast SEO plugin. -->","yoast_head_json":{"title":"Dekoracyjne Miski, Wietnam - Dekoracyjne - Red Karawana","description":"Dekoracyjne miski przedstawiaj\u0105 wielokolorowy prosty wz\u00f3r na czerwonym tle. Ma\u0142e muszle morskie i piasek zdobi\u0105 te dekoracyjne miski.","robots":{"index":"index","follow":"follow","max-snippet":"max-snippet:-1","max-image-preview":"max-image-preview:large","max-video-preview":"max-video-preview:-1"},"canonical":"https:\/\/redkarawana.com\/pl\/rzemioslo\/dekoracyjne-miski-wietnam\/","og_locale":"pl_PL","og_type":"article","og_title":"Dekoracyjne Miski, Wietnam - Dekoracyjne - Red Karawana","og_description":"Dekoracyjne miski przedstawiaj\u0105 wielokolorowy prosty wz\u00f3r na czerwonym tle. Ma\u0142e muszle morskie i piasek zdobi\u0105 te dekoracyjne miski.","og_url":"https:\/\/redkarawana.com\/pl\/rzemioslo\/dekoracyjne-miski-wietnam\/","og_site_name":"Red Karawana","article_publisher":"https:\/\/www.facebook.com\/redkarawana\/","og_image":[{"width":1200,"height":630,"url":"https:\/\/redkarawana.com\/wp-content\/uploads\/2024\/05\/1-AAP-F1200x630-Vietnam-Decorative-Bowls.jpg","type":"image\/jpeg"}],"twitter_card":"summary_large_image","twitter_misc":{"Szacowany czas czytania":"1 minuta"},"schema":{"@context":"https:\/\/schema.org","@graph":[{"@type":"WebPage","@id":"https:\/\/redkarawana.com\/pl\/rzemioslo\/dekoracyjne-miski-wietnam\/","url":"https:\/\/redkarawana.com\/pl\/rzemioslo\/dekoracyjne-miski-wietnam\/","name":"Dekoracyjne Miski, Wietnam - Dekoracyjne - Red Karawana","isPartOf":{"@id":"https:\/\/redkarawana.com\/#website"},"primaryImageOfPage":{"@id":"https:\/\/redkarawana.com\/pl\/rzemioslo\/dekoracyjne-miski-wietnam\/#primaryimage"},"image":{"@id":"https:\/\/redkarawana.com\/pl\/rzemioslo\/dekoracyjne-miski-wietnam\/#primaryimage"},"thumbnailUrl":"https:\/\/redkarawana.com\/wp-content\/uploads\/2024\/05\/1-SP-Vietnam-Decorative-Bowls.jpg","datePublished":"2025-11-29T17:50:00+00:00","description":"Dekoracyjne miski przedstawiaj\u0105 wielokolorowy prosty wz\u00f3r na czerwonym tle. Ma\u0142e muszle morskie i piasek zdobi\u0105 te dekoracyjne miski.","breadcrumb":{"@id":"https:\/\/redkarawana.com\/pl\/rzemioslo\/dekoracyjne-miski-wietnam\/#breadcrumb"},"inLanguage":"pl-PL","potentialAction":[{"@type":"ReadAction","target":["https:\/\/redkarawana.com\/pl\/rzemioslo\/dekoracyjne-miski-wietnam\/"]}]},{"@type":"ImageObject","inLanguage":"pl-PL","@id":"https:\/\/redkarawana.com\/pl\/rzemioslo\/dekoracyjne-miski-wietnam\/#primaryimage","url":"https:\/\/redkarawana.com\/wp-content\/uploads\/2024\/05\/1-SP-Vietnam-Decorative-Bowls.jpg","contentUrl":"https:\/\/redkarawana.com\/wp-content\/uploads\/2024\/05\/1-SP-Vietnam-Decorative-Bowls.jpg","width":680,"height":453,"caption":"Wietnam, Dekoracyjne Miski"},{"@type":"BreadcrumbList","@id":"https:\/\/redkarawana.com\/pl\/rzemioslo\/dekoracyjne-miski-wietnam\/#breadcrumb","itemListElement":[{"@type":"ListItem","position":1,"name":"Home","item":"https:\/\/redkarawana.com\/pl\/"},{"@type":"ListItem","position":2,"name":"Rzemios\u0142a","item":"https:\/\/redkarawana.com\/pl\/rzemiosla\/"},{"@type":"ListItem","position":3,"name":"Dekoracyjne Miski, Wietnam; Ozdobny Styl i Harmonijne Kolory"}]},{"@type":"WebSite","@id":"https:\/\/redkarawana.com\/#website","url":"https:\/\/redkarawana.com\/","name":"Red Karawana","description":"","publisher":{"@id":"https:\/\/redkarawana.com\/#organization"},"potentialAction":[{"@type":"SearchAction","target":{"@type":"EntryPoint","urlTemplate":"https:\/\/redkarawana.com\/?s={search_term_string}"},"query-input":{"@type":"PropertyValueSpecification","valueRequired":true,"valueName":"search_term_string"}}],"inLanguage":"pl-PL"},{"@type":"Organization","@id":"https:\/\/redkarawana.com\/#organization","name":"Red Karawana","url":"https:\/\/redkarawana.com\/","logo":{"@type":"ImageObject","inLanguage":"pl-PL","@id":"https:\/\/redkarawana.com\/#\/schema\/logo\/image\/","url":"https:\/\/redkarawana.com\/wp-content\/uploads\/2025\/05\/cropped-Screenshot-2025-05-29-at-09.27.38.png","contentUrl":"https:\/\/redkarawana.com\/wp-content\/uploads\/2025\/05\/cropped-Screenshot-2025-05-29-at-09.27.38.png","width":512,"height":512,"caption":"Red Karawana"},"image":{"@id":"https:\/\/redkarawana.com\/#\/schema\/logo\/image\/"},"sameAs":["https:\/\/www.facebook.com\/redkarawana\/","https:\/\/www.instagram.com\/redkarawana\/","https:\/\/www.youtube.com\/channel\/UCU9jXzSmyKm4ZZv38FEXGKg","https:\/\/www.pinterest.com\/redkarawana\/"]}]}},"_links":{"self":[{"href":"https:\/\/redkarawana.com\/pl\/wp-json\/wp\/v2\/product\/2601","targetHints":{"allow":["GET"]}}],"collection":[{"href":"https:\/\/redkarawana.com\/pl\/wp-json\/wp\/v2\/product"}],"about":[{"href":"https:\/\/redkarawana.com\/pl\/wp-json\/wp\/v2\/types\/product"}],"wp:featuredmedia":[{"embeddable":true,"href":"https:\/\/redkarawana.com\/pl\/wp-json\/wp\/v2\/media\/2585"}],"wp:attachment":[{"href":"https:\/\/redkarawana.com\/pl\/wp-json\/wp\/v2\/media?parent=2601"}],"wp:term":[{"taxonomy":"product_brand","embeddable":true,"href":"https:\/\/redkarawana.com\/pl\/wp-json\/wp\/v2\/product_brand?post=2601"},{"taxonomy":"product_cat","embeddable":true,"href":"https:\/\/redkarawana.com\/pl\/wp-json\/wp\/v2\/product_cat?post=2601"},{"taxonomy":"product_tag","embeddable":true,"href":"https:\/\/redkarawana.com\/pl\/wp-json\/wp\/v2\/product_tag?post=2601"}],"curies":[{"name":"wp","href":"https:\/\/api.w.org\/{rel}","templated":true}]}}