{"id":3196,"date":"2025-11-29T18:10:52","date_gmt":"2025-11-29T18:10:52","guid":{"rendered":"https:\/\/redkarawana.com\/?post_type=product&#038;p=3196"},"modified":"2024-05-12T06:09:52","modified_gmt":"2024-05-12T06:09:52","slug":"szklo-i-ceramika-czechy","status":"publish","type":"product","link":"https:\/\/redkarawana.com\/pl\/rzemioslo\/szklo-i-ceramika-czechy\/","title":{"rendered":"Szk\u0142o i Ceramika, Czechy; Dekoracyjne Szk\u0142o i Kolorowa Ceramika"},"content":{"rendered":"<p>Praga, stolica Czech, jest uroczym miastem o historycznej architekturze, t\u0119tni\u0105cej \u017cyciem kulturze i pi\u0119knej sztuce. Egermann, firma artystycznego szk\u0142a za\u0142o\u017cona na pocz\u0105tku 1800 roku w Czechach, produkuje unikalne wyroby szklane, wykorzystuj\u0105c tradycyjne czeskie techniki. Nasze wyr\u00f3\u017cnione ozdobne Egermann Szk\u0142o ma pi\u0119kny pomara\u0144czowo-\u017c\u00f3\u0142ty kolor.\u00a0 Spacer do Z\u0142otej Alei w pobli\u017cu Zamku Praskiego zabiera nas do uroczego sklepu z ceramik\u0105 autorstwa artysty Juraj Vanya.\u00a0 Ten utalentowany artysta tworzy r\u0119cznie wykonane wyroby ceramiczne, podkre\u015blone pi\u0119knymi kolorami i motywami.\u00a0 Zestaw: 1 Egermann Szk\u0142o (wysoko\u015b\u0107 2,5 cala, szeroko\u015b\u0107 4,5 cala) i 1 Ceramiczny Pojemnik autorstwa Juraja Vanya (wysoko\u015b\u0107 4 cali z pokryw\u0105, szeroko\u015b\u0107 3,5 cala).<\/p>\n","protected":false},"excerpt":{"rendered":"<p>Praga, stolica Czech, jest uroczym miastem o historycznej architekturze, t\u0119tni\u0105cej \u017cyciem kulturze i pi\u0119knej sztuce. Egermann, firma artystycznego szk\u0142a za\u0142o\u017cona na pocz\u0105tku 1800 roku w Czechach, produkuje unikalne wyroby szklane, wykorzystuj\u0105c tradycyjne czeskie techniki. Nasze wyr\u00f3\u017cnione ozdobne Egermann Szk\u0142o ma pi\u0119kny pomara\u0144czowo-\u017c\u00f3\u0142ty kolor.\u00a0 Spacer do Z\u0142otej Alei w pobli\u017cu Zamku Praskiego zabiera nas do uroczego [&hellip;]<\/p>\n","protected":false},"featured_media":3180,"template":"","meta":{"_acf_changed":false},"product_brand":[],"product_cat":[53],"product_tag":[],"class_list":{"0":"post-3196","1":"product","2":"type-product","3":"status-publish","4":"has-post-thumbnail","6":"product_cat-funkcjonalne","8":"first","9":"instock","10":"sold-individually","11":"taxable","12":"shipping-taxable","13":"purchasable","14":"product-type-simple"},"acf":[],"yoast_head":"<!-- This site is optimized with the Yoast SEO plugin v27.3 - https:\/\/yoast.com\/product\/yoast-seo-wordpress\/ -->\n<title>Szk\u0142o i Ceramika, Czechy - Funkcjonalne - Red Karawana<\/title>\n<meta name=\"description\" content=\"Szk\u0142o i Ceramika Zestaw: Egermann szk\u0142o ma pi\u0119kny pomara\u0144czowo-\u017c\u00f3\u0142ty kolor. Wielobarwna ceramika jest dzie\u0142em artysty Juraja Vanyi.\" \/>\n<meta name=\"robots\" content=\"index, follow, max-snippet:-1, max-image-preview:large, max-video-preview:-1\" \/>\n<link rel=\"canonical\" href=\"https:\/\/redkarawana.com\/pl\/rzemioslo\/szklo-i-ceramika-czechy\/\" \/>\n<meta property=\"og:locale\" content=\"pl_PL\" \/>\n<meta property=\"og:type\" content=\"article\" \/>\n<meta property=\"og:title\" content=\"Szk\u0142o i Ceramika, Czechy - Funkcjonalne - Red Karawana\" \/>\n<meta property=\"og:description\" content=\"Szk\u0142o i Ceramika Zestaw: Egermann szk\u0142o ma pi\u0119kny pomara\u0144czowo-\u017c\u00f3\u0142ty kolor. Wielobarwna ceramika jest dzie\u0142em artysty Juraja Vanyi.\" \/>\n<meta property=\"og:url\" content=\"https:\/\/redkarawana.com\/pl\/rzemioslo\/szklo-i-ceramika-czechy\/\" \/>\n<meta property=\"og:site_name\" content=\"Red Karawana\" \/>\n<meta property=\"article:publisher\" content=\"https:\/\/www.facebook.com\/redkarawana\/\" \/>\n<meta property=\"og:image\" content=\"https:\/\/redkarawana.com\/wp-content\/uploads\/2024\/05\/1-AAP-F1200x630-Czech-Republic-Glassware-Ceramic.jpg\" \/>\n\t<meta property=\"og:image:width\" content=\"1200\" \/>\n\t<meta property=\"og:image:height\" content=\"630\" \/>\n\t<meta property=\"og:image:type\" content=\"image\/jpeg\" \/>\n<meta name=\"twitter:card\" content=\"summary_large_image\" \/>\n<meta name=\"twitter:label1\" content=\"Szacowany czas czytania\" \/>\n\t<meta name=\"twitter:data1\" content=\"1 minuta\" \/>\n<script type=\"application\/ld+json\" class=\"yoast-schema-graph\">{\"@context\":\"https:\\\/\\\/schema.org\",\"@graph\":[{\"@type\":\"WebPage\",\"@id\":\"https:\\\/\\\/redkarawana.com\\\/pl\\\/rzemioslo\\\/szklo-i-ceramika-czechy\\\/\",\"url\":\"https:\\\/\\\/redkarawana.com\\\/pl\\\/rzemioslo\\\/szklo-i-ceramika-czechy\\\/\",\"name\":\"Szk\u0142o i Ceramika, Czechy - Funkcjonalne - Red Karawana\",\"isPartOf\":{\"@id\":\"https:\\\/\\\/redkarawana.com\\\/#website\"},\"primaryImageOfPage\":{\"@id\":\"https:\\\/\\\/redkarawana.com\\\/pl\\\/rzemioslo\\\/szklo-i-ceramika-czechy\\\/#primaryimage\"},\"image\":{\"@id\":\"https:\\\/\\\/redkarawana.com\\\/pl\\\/rzemioslo\\\/szklo-i-ceramika-czechy\\\/#primaryimage\"},\"thumbnailUrl\":\"https:\\\/\\\/redkarawana.com\\\/wp-content\\\/uploads\\\/2024\\\/05\\\/1-SP-Czech-Republic-Glassware-Ceramic.jpg\",\"datePublished\":\"2025-11-29T18:10:52+00:00\",\"description\":\"Szk\u0142o i Ceramika Zestaw: Egermann szk\u0142o ma pi\u0119kny pomara\u0144czowo-\u017c\u00f3\u0142ty kolor. Wielobarwna ceramika jest dzie\u0142em artysty Juraja Vanyi.\",\"breadcrumb\":{\"@id\":\"https:\\\/\\\/redkarawana.com\\\/pl\\\/rzemioslo\\\/szklo-i-ceramika-czechy\\\/#breadcrumb\"},\"inLanguage\":\"pl-PL\",\"potentialAction\":[{\"@type\":\"ReadAction\",\"target\":[\"https:\\\/\\\/redkarawana.com\\\/pl\\\/rzemioslo\\\/szklo-i-ceramika-czechy\\\/\"]}]},{\"@type\":\"ImageObject\",\"inLanguage\":\"pl-PL\",\"@id\":\"https:\\\/\\\/redkarawana.com\\\/pl\\\/rzemioslo\\\/szklo-i-ceramika-czechy\\\/#primaryimage\",\"url\":\"https:\\\/\\\/redkarawana.com\\\/wp-content\\\/uploads\\\/2024\\\/05\\\/1-SP-Czech-Republic-Glassware-Ceramic.jpg\",\"contentUrl\":\"https:\\\/\\\/redkarawana.com\\\/wp-content\\\/uploads\\\/2024\\\/05\\\/1-SP-Czech-Republic-Glassware-Ceramic.jpg\",\"width\":680,\"height\":453,\"caption\":\"Czechy, Szk\u0142o i Ceramika\"},{\"@type\":\"BreadcrumbList\",\"@id\":\"https:\\\/\\\/redkarawana.com\\\/pl\\\/rzemioslo\\\/szklo-i-ceramika-czechy\\\/#breadcrumb\",\"itemListElement\":[{\"@type\":\"ListItem\",\"position\":1,\"name\":\"Home\",\"item\":\"https:\\\/\\\/redkarawana.com\\\/pl\\\/\"},{\"@type\":\"ListItem\",\"position\":2,\"name\":\"Rzemios\u0142a\",\"item\":\"https:\\\/\\\/redkarawana.com\\\/pl\\\/rzemiosla\\\/\"},{\"@type\":\"ListItem\",\"position\":3,\"name\":\"Szk\u0142o i Ceramika, Czechy; Dekoracyjne Szk\u0142o i Kolorowa Ceramika\"}]},{\"@type\":\"WebSite\",\"@id\":\"https:\\\/\\\/redkarawana.com\\\/#website\",\"url\":\"https:\\\/\\\/redkarawana.com\\\/\",\"name\":\"Red Karawana\",\"description\":\"\",\"publisher\":{\"@id\":\"https:\\\/\\\/redkarawana.com\\\/#organization\"},\"potentialAction\":[{\"@type\":\"SearchAction\",\"target\":{\"@type\":\"EntryPoint\",\"urlTemplate\":\"https:\\\/\\\/redkarawana.com\\\/?s={search_term_string}\"},\"query-input\":{\"@type\":\"PropertyValueSpecification\",\"valueRequired\":true,\"valueName\":\"search_term_string\"}}],\"inLanguage\":\"pl-PL\"},{\"@type\":\"Organization\",\"@id\":\"https:\\\/\\\/redkarawana.com\\\/#organization\",\"name\":\"Red Karawana\",\"url\":\"https:\\\/\\\/redkarawana.com\\\/\",\"logo\":{\"@type\":\"ImageObject\",\"inLanguage\":\"pl-PL\",\"@id\":\"https:\\\/\\\/redkarawana.com\\\/#\\\/schema\\\/logo\\\/image\\\/\",\"url\":\"https:\\\/\\\/redkarawana.com\\\/wp-content\\\/uploads\\\/2025\\\/05\\\/cropped-Screenshot-2025-05-29-at-09.27.38.png\",\"contentUrl\":\"https:\\\/\\\/redkarawana.com\\\/wp-content\\\/uploads\\\/2025\\\/05\\\/cropped-Screenshot-2025-05-29-at-09.27.38.png\",\"width\":512,\"height\":512,\"caption\":\"Red Karawana\"},\"image\":{\"@id\":\"https:\\\/\\\/redkarawana.com\\\/#\\\/schema\\\/logo\\\/image\\\/\"},\"sameAs\":[\"https:\\\/\\\/www.facebook.com\\\/redkarawana\\\/\",\"https:\\\/\\\/www.instagram.com\\\/redkarawana\\\/\",\"https:\\\/\\\/www.youtube.com\\\/channel\\\/UCU9jXzSmyKm4ZZv38FEXGKg\",\"https:\\\/\\\/www.pinterest.com\\\/redkarawana\\\/\"]}]}<\/script>\n<!-- \/ Yoast SEO plugin. -->","yoast_head_json":{"title":"Szk\u0142o i Ceramika, Czechy - Funkcjonalne - Red Karawana","description":"Szk\u0142o i Ceramika Zestaw: Egermann szk\u0142o ma pi\u0119kny pomara\u0144czowo-\u017c\u00f3\u0142ty kolor. Wielobarwna ceramika jest dzie\u0142em artysty Juraja Vanyi.","robots":{"index":"index","follow":"follow","max-snippet":"max-snippet:-1","max-image-preview":"max-image-preview:large","max-video-preview":"max-video-preview:-1"},"canonical":"https:\/\/redkarawana.com\/pl\/rzemioslo\/szklo-i-ceramika-czechy\/","og_locale":"pl_PL","og_type":"article","og_title":"Szk\u0142o i Ceramika, Czechy - Funkcjonalne - Red Karawana","og_description":"Szk\u0142o i Ceramika Zestaw: Egermann szk\u0142o ma pi\u0119kny pomara\u0144czowo-\u017c\u00f3\u0142ty kolor. Wielobarwna ceramika jest dzie\u0142em artysty Juraja Vanyi.","og_url":"https:\/\/redkarawana.com\/pl\/rzemioslo\/szklo-i-ceramika-czechy\/","og_site_name":"Red Karawana","article_publisher":"https:\/\/www.facebook.com\/redkarawana\/","og_image":[{"width":1200,"height":630,"url":"https:\/\/redkarawana.com\/wp-content\/uploads\/2024\/05\/1-AAP-F1200x630-Czech-Republic-Glassware-Ceramic.jpg","type":"image\/jpeg"}],"twitter_card":"summary_large_image","twitter_misc":{"Szacowany czas czytania":"1 minuta"},"schema":{"@context":"https:\/\/schema.org","@graph":[{"@type":"WebPage","@id":"https:\/\/redkarawana.com\/pl\/rzemioslo\/szklo-i-ceramika-czechy\/","url":"https:\/\/redkarawana.com\/pl\/rzemioslo\/szklo-i-ceramika-czechy\/","name":"Szk\u0142o i Ceramika, Czechy - Funkcjonalne - Red Karawana","isPartOf":{"@id":"https:\/\/redkarawana.com\/#website"},"primaryImageOfPage":{"@id":"https:\/\/redkarawana.com\/pl\/rzemioslo\/szklo-i-ceramika-czechy\/#primaryimage"},"image":{"@id":"https:\/\/redkarawana.com\/pl\/rzemioslo\/szklo-i-ceramika-czechy\/#primaryimage"},"thumbnailUrl":"https:\/\/redkarawana.com\/wp-content\/uploads\/2024\/05\/1-SP-Czech-Republic-Glassware-Ceramic.jpg","datePublished":"2025-11-29T18:10:52+00:00","description":"Szk\u0142o i Ceramika Zestaw: Egermann szk\u0142o ma pi\u0119kny pomara\u0144czowo-\u017c\u00f3\u0142ty kolor. Wielobarwna ceramika jest dzie\u0142em artysty Juraja Vanyi.","breadcrumb":{"@id":"https:\/\/redkarawana.com\/pl\/rzemioslo\/szklo-i-ceramika-czechy\/#breadcrumb"},"inLanguage":"pl-PL","potentialAction":[{"@type":"ReadAction","target":["https:\/\/redkarawana.com\/pl\/rzemioslo\/szklo-i-ceramika-czechy\/"]}]},{"@type":"ImageObject","inLanguage":"pl-PL","@id":"https:\/\/redkarawana.com\/pl\/rzemioslo\/szklo-i-ceramika-czechy\/#primaryimage","url":"https:\/\/redkarawana.com\/wp-content\/uploads\/2024\/05\/1-SP-Czech-Republic-Glassware-Ceramic.jpg","contentUrl":"https:\/\/redkarawana.com\/wp-content\/uploads\/2024\/05\/1-SP-Czech-Republic-Glassware-Ceramic.jpg","width":680,"height":453,"caption":"Czechy, Szk\u0142o i Ceramika"},{"@type":"BreadcrumbList","@id":"https:\/\/redkarawana.com\/pl\/rzemioslo\/szklo-i-ceramika-czechy\/#breadcrumb","itemListElement":[{"@type":"ListItem","position":1,"name":"Home","item":"https:\/\/redkarawana.com\/pl\/"},{"@type":"ListItem","position":2,"name":"Rzemios\u0142a","item":"https:\/\/redkarawana.com\/pl\/rzemiosla\/"},{"@type":"ListItem","position":3,"name":"Szk\u0142o i Ceramika, Czechy; Dekoracyjne Szk\u0142o i Kolorowa Ceramika"}]},{"@type":"WebSite","@id":"https:\/\/redkarawana.com\/#website","url":"https:\/\/redkarawana.com\/","name":"Red Karawana","description":"","publisher":{"@id":"https:\/\/redkarawana.com\/#organization"},"potentialAction":[{"@type":"SearchAction","target":{"@type":"EntryPoint","urlTemplate":"https:\/\/redkarawana.com\/?s={search_term_string}"},"query-input":{"@type":"PropertyValueSpecification","valueRequired":true,"valueName":"search_term_string"}}],"inLanguage":"pl-PL"},{"@type":"Organization","@id":"https:\/\/redkarawana.com\/#organization","name":"Red Karawana","url":"https:\/\/redkarawana.com\/","logo":{"@type":"ImageObject","inLanguage":"pl-PL","@id":"https:\/\/redkarawana.com\/#\/schema\/logo\/image\/","url":"https:\/\/redkarawana.com\/wp-content\/uploads\/2025\/05\/cropped-Screenshot-2025-05-29-at-09.27.38.png","contentUrl":"https:\/\/redkarawana.com\/wp-content\/uploads\/2025\/05\/cropped-Screenshot-2025-05-29-at-09.27.38.png","width":512,"height":512,"caption":"Red Karawana"},"image":{"@id":"https:\/\/redkarawana.com\/#\/schema\/logo\/image\/"},"sameAs":["https:\/\/www.facebook.com\/redkarawana\/","https:\/\/www.instagram.com\/redkarawana\/","https:\/\/www.youtube.com\/channel\/UCU9jXzSmyKm4ZZv38FEXGKg","https:\/\/www.pinterest.com\/redkarawana\/"]}]}},"_links":{"self":[{"href":"https:\/\/redkarawana.com\/pl\/wp-json\/wp\/v2\/product\/3196","targetHints":{"allow":["GET"]}}],"collection":[{"href":"https:\/\/redkarawana.com\/pl\/wp-json\/wp\/v2\/product"}],"about":[{"href":"https:\/\/redkarawana.com\/pl\/wp-json\/wp\/v2\/types\/product"}],"wp:featuredmedia":[{"embeddable":true,"href":"https:\/\/redkarawana.com\/pl\/wp-json\/wp\/v2\/media\/3180"}],"wp:attachment":[{"href":"https:\/\/redkarawana.com\/pl\/wp-json\/wp\/v2\/media?parent=3196"}],"wp:term":[{"taxonomy":"product_brand","embeddable":true,"href":"https:\/\/redkarawana.com\/pl\/wp-json\/wp\/v2\/product_brand?post=3196"},{"taxonomy":"product_cat","embeddable":true,"href":"https:\/\/redkarawana.com\/pl\/wp-json\/wp\/v2\/product_cat?post=3196"},{"taxonomy":"product_tag","embeddable":true,"href":"https:\/\/redkarawana.com\/pl\/wp-json\/wp\/v2\/product_tag?post=3196"}],"curies":[{"name":"wp","href":"https:\/\/api.w.org\/{rel}","templated":true}]}}