{"id":3220,"date":"2025-11-29T18:20:16","date_gmt":"2025-11-29T18:20:16","guid":{"rendered":"https:\/\/redkarawana.com\/?post_type=product&#038;p=3220"},"modified":"2025-12-07T13:57:03","modified_gmt":"2025-12-07T13:57:03","slug":"pomaranczowe-i-zolte-skarpety-welniane-litwa","status":"publish","type":"product","link":"https:\/\/redkarawana.com\/pl\/rzemioslo\/pomaranczowe-i-zolte-skarpety-welniane-litwa\/","title":{"rendered":"Pomara\u0144czowe i \u017b\u00f3\u0142te Skarpety We\u0142niane, Litwa; Motyw Kwiatowy"},"content":{"rendered":"<p>Litwa jest krajem mro\u017anej zimy, urzekaj\u0105cej kultury i pi\u0119knych wyrob\u00f3w we\u0142nianych. Litewscy arty\u015bci kontynuuj\u0105 stare tradycje tworzenia unikalnych, artystycznych i wygodnych produkt\u00f3w z we\u0142ny. D\u0142ugie \u017c\u00f3\u0142te skarpety we\u0142niane s\u0105 zrobione do kolana i uzdobione fioletowym i bia\u0142ym kwiatem. Kr\u00f3tkie pomara\u0144czowe skarpety we\u0142niane maj\u0105 prosty wz\u00f3r i klasyczne wyko\u0144czenie. Te dwie pary skarpet we\u0142nianych oferuj\u0105 wygod\u0119 i ciep\u0142o, i s\u0105 idealne do wylegiwania si\u0119 w domu. Zestaw: 1 para skarpet we\u0142nianych \u017c\u00f3\u0142tych i 1 para skarpet we\u0142nianych pomara\u0144czowych.<\/p>\n","protected":false},"excerpt":{"rendered":"<p>Litwa jest krajem mro\u017anej zimy, urzekaj\u0105cej kultury i pi\u0119knych wyrob\u00f3w we\u0142nianych. Litewscy arty\u015bci kontynuuj\u0105 stare tradycje tworzenia unikalnych, artystycznych i wygodnych produkt\u00f3w z we\u0142ny. D\u0142ugie \u017c\u00f3\u0142te skarpety we\u0142niane s\u0105 zrobione do kolana i uzdobione fioletowym i bia\u0142ym kwiatem. Kr\u00f3tkie pomara\u0144czowe skarpety we\u0142niane maj\u0105 prosty wz\u00f3r i klasyczne wyko\u0144czenie. Te dwie pary skarpet we\u0142nianych oferuj\u0105 wygod\u0119 [&hellip;]<\/p>\n","protected":false},"featured_media":3204,"template":"","meta":{"_acf_changed":false},"product_brand":[],"product_cat":[54],"product_tag":[],"class_list":{"0":"post-3220","1":"product","2":"type-product","3":"status-publish","4":"has-post-thumbnail","6":"product_cat-eklektyczne","8":"first","9":"instock","10":"sold-individually","11":"taxable","12":"shipping-taxable","13":"purchasable","14":"product-type-simple"},"acf":[],"yoast_head":"<!-- This site is optimized with the Yoast SEO plugin v27.4 - https:\/\/yoast.com\/product\/yoast-seo-wordpress\/ -->\n<title>Skarpety We\u0142niane, Litwa - Eklektyczne - Red Karawana<\/title>\n<meta name=\"description\" content=\"D\u0142ugie \u017c\u00f3\u0142te skarpety we\u0142niane s\u0105 uzdobione fioletowym i bia\u0142ym kwiatem. Kr\u00f3tkie pomara\u0144czowe skarpety we\u0142niane maj\u0105 prosty wz\u00f3r.\" \/>\n<meta name=\"robots\" content=\"index, follow, max-snippet:-1, max-image-preview:large, max-video-preview:-1\" \/>\n<link rel=\"canonical\" href=\"https:\/\/redkarawana.com\/pl\/rzemioslo\/pomaranczowe-i-zolte-skarpety-welniane-litwa\/\" \/>\n<meta property=\"og:locale\" content=\"pl_PL\" \/>\n<meta property=\"og:type\" content=\"article\" \/>\n<meta property=\"og:title\" content=\"Skarpety We\u0142niane, Litwa - Eklektyczne - Red Karawana\" \/>\n<meta property=\"og:description\" content=\"D\u0142ugie \u017c\u00f3\u0142te skarpety we\u0142niane s\u0105 uzdobione fioletowym i bia\u0142ym kwiatem. Kr\u00f3tkie pomara\u0144czowe skarpety we\u0142niane maj\u0105 prosty wz\u00f3r.\" \/>\n<meta property=\"og:url\" content=\"https:\/\/redkarawana.com\/pl\/rzemioslo\/pomaranczowe-i-zolte-skarpety-welniane-litwa\/\" \/>\n<meta property=\"og:site_name\" content=\"Red Karawana\" \/>\n<meta property=\"article:publisher\" content=\"https:\/\/www.facebook.com\/redkarawana\/\" \/>\n<meta property=\"article:modified_time\" content=\"2025-12-07T13:57:03+00:00\" \/>\n<meta property=\"og:image\" content=\"https:\/\/redkarawana.com\/wp-content\/uploads\/2024\/05\/1-AAP-F1200x630-Lithuania-Wool-Socks.jpg\" \/>\n\t<meta property=\"og:image:width\" content=\"1200\" \/>\n\t<meta property=\"og:image:height\" content=\"630\" \/>\n\t<meta property=\"og:image:type\" content=\"image\/jpeg\" \/>\n<meta name=\"twitter:card\" content=\"summary_large_image\" \/>\n<meta name=\"twitter:label1\" content=\"Szacowany czas czytania\" \/>\n\t<meta name=\"twitter:data1\" content=\"1 minuta\" \/>\n<script type=\"application\/ld+json\" class=\"yoast-schema-graph\">{\"@context\":\"https:\\\/\\\/schema.org\",\"@graph\":[{\"@type\":\"WebPage\",\"@id\":\"https:\\\/\\\/redkarawana.com\\\/pl\\\/rzemioslo\\\/pomaranczowe-i-zolte-skarpety-welniane-litwa\\\/\",\"url\":\"https:\\\/\\\/redkarawana.com\\\/pl\\\/rzemioslo\\\/pomaranczowe-i-zolte-skarpety-welniane-litwa\\\/\",\"name\":\"Skarpety We\u0142niane, Litwa - Eklektyczne - Red Karawana\",\"isPartOf\":{\"@id\":\"https:\\\/\\\/redkarawana.com\\\/#website\"},\"primaryImageOfPage\":{\"@id\":\"https:\\\/\\\/redkarawana.com\\\/pl\\\/rzemioslo\\\/pomaranczowe-i-zolte-skarpety-welniane-litwa\\\/#primaryimage\"},\"image\":{\"@id\":\"https:\\\/\\\/redkarawana.com\\\/pl\\\/rzemioslo\\\/pomaranczowe-i-zolte-skarpety-welniane-litwa\\\/#primaryimage\"},\"thumbnailUrl\":\"https:\\\/\\\/redkarawana.com\\\/wp-content\\\/uploads\\\/2024\\\/05\\\/1-SP-Lithuania-Wool-Socks.jpg\",\"datePublished\":\"2025-11-29T18:20:16+00:00\",\"dateModified\":\"2025-12-07T13:57:03+00:00\",\"description\":\"D\u0142ugie \u017c\u00f3\u0142te skarpety we\u0142niane s\u0105 uzdobione fioletowym i bia\u0142ym kwiatem. Kr\u00f3tkie pomara\u0144czowe skarpety we\u0142niane maj\u0105 prosty wz\u00f3r.\",\"breadcrumb\":{\"@id\":\"https:\\\/\\\/redkarawana.com\\\/pl\\\/rzemioslo\\\/pomaranczowe-i-zolte-skarpety-welniane-litwa\\\/#breadcrumb\"},\"inLanguage\":\"pl-PL\",\"potentialAction\":[{\"@type\":\"ReadAction\",\"target\":[\"https:\\\/\\\/redkarawana.com\\\/pl\\\/rzemioslo\\\/pomaranczowe-i-zolte-skarpety-welniane-litwa\\\/\"]}]},{\"@type\":\"ImageObject\",\"inLanguage\":\"pl-PL\",\"@id\":\"https:\\\/\\\/redkarawana.com\\\/pl\\\/rzemioslo\\\/pomaranczowe-i-zolte-skarpety-welniane-litwa\\\/#primaryimage\",\"url\":\"https:\\\/\\\/redkarawana.com\\\/wp-content\\\/uploads\\\/2024\\\/05\\\/1-SP-Lithuania-Wool-Socks.jpg\",\"contentUrl\":\"https:\\\/\\\/redkarawana.com\\\/wp-content\\\/uploads\\\/2024\\\/05\\\/1-SP-Lithuania-Wool-Socks.jpg\",\"width\":680,\"height\":453,\"caption\":\"Litwa, Skarpety We\u0142niane\"},{\"@type\":\"BreadcrumbList\",\"@id\":\"https:\\\/\\\/redkarawana.com\\\/pl\\\/rzemioslo\\\/pomaranczowe-i-zolte-skarpety-welniane-litwa\\\/#breadcrumb\",\"itemListElement\":[{\"@type\":\"ListItem\",\"position\":1,\"name\":\"Home\",\"item\":\"https:\\\/\\\/redkarawana.com\\\/pl\\\/\"},{\"@type\":\"ListItem\",\"position\":2,\"name\":\"Rzemios\u0142a\",\"item\":\"https:\\\/\\\/redkarawana.com\\\/pl\\\/rzemiosla\\\/\"},{\"@type\":\"ListItem\",\"position\":3,\"name\":\"Pomara\u0144czowe i \u017b\u00f3\u0142te Skarpety We\u0142niane, Litwa; Motyw Kwiatowy\"}]},{\"@type\":\"WebSite\",\"@id\":\"https:\\\/\\\/redkarawana.com\\\/#website\",\"url\":\"https:\\\/\\\/redkarawana.com\\\/\",\"name\":\"Red Karawana\",\"description\":\"\",\"publisher\":{\"@id\":\"https:\\\/\\\/redkarawana.com\\\/#organization\"},\"potentialAction\":[{\"@type\":\"SearchAction\",\"target\":{\"@type\":\"EntryPoint\",\"urlTemplate\":\"https:\\\/\\\/redkarawana.com\\\/?s={search_term_string}\"},\"query-input\":{\"@type\":\"PropertyValueSpecification\",\"valueRequired\":true,\"valueName\":\"search_term_string\"}}],\"inLanguage\":\"pl-PL\"},{\"@type\":\"Organization\",\"@id\":\"https:\\\/\\\/redkarawana.com\\\/#organization\",\"name\":\"Red Karawana\",\"url\":\"https:\\\/\\\/redkarawana.com\\\/\",\"logo\":{\"@type\":\"ImageObject\",\"inLanguage\":\"pl-PL\",\"@id\":\"https:\\\/\\\/redkarawana.com\\\/#\\\/schema\\\/logo\\\/image\\\/\",\"url\":\"https:\\\/\\\/redkarawana.com\\\/wp-content\\\/uploads\\\/2025\\\/05\\\/cropped-Screenshot-2025-05-29-at-09.27.38.png\",\"contentUrl\":\"https:\\\/\\\/redkarawana.com\\\/wp-content\\\/uploads\\\/2025\\\/05\\\/cropped-Screenshot-2025-05-29-at-09.27.38.png\",\"width\":512,\"height\":512,\"caption\":\"Red Karawana\"},\"image\":{\"@id\":\"https:\\\/\\\/redkarawana.com\\\/#\\\/schema\\\/logo\\\/image\\\/\"},\"sameAs\":[\"https:\\\/\\\/www.facebook.com\\\/redkarawana\\\/\",\"https:\\\/\\\/www.instagram.com\\\/redkarawana\\\/\",\"https:\\\/\\\/www.youtube.com\\\/channel\\\/UCU9jXzSmyKm4ZZv38FEXGKg\",\"https:\\\/\\\/www.pinterest.com\\\/redkarawana\\\/\"]}]}<\/script>\n<!-- \/ Yoast SEO plugin. -->","yoast_head_json":{"title":"Skarpety We\u0142niane, Litwa - Eklektyczne - Red Karawana","description":"D\u0142ugie \u017c\u00f3\u0142te skarpety we\u0142niane s\u0105 uzdobione fioletowym i bia\u0142ym kwiatem. Kr\u00f3tkie pomara\u0144czowe skarpety we\u0142niane maj\u0105 prosty wz\u00f3r.","robots":{"index":"index","follow":"follow","max-snippet":"max-snippet:-1","max-image-preview":"max-image-preview:large","max-video-preview":"max-video-preview:-1"},"canonical":"https:\/\/redkarawana.com\/pl\/rzemioslo\/pomaranczowe-i-zolte-skarpety-welniane-litwa\/","og_locale":"pl_PL","og_type":"article","og_title":"Skarpety We\u0142niane, Litwa - Eklektyczne - Red Karawana","og_description":"D\u0142ugie \u017c\u00f3\u0142te skarpety we\u0142niane s\u0105 uzdobione fioletowym i bia\u0142ym kwiatem. Kr\u00f3tkie pomara\u0144czowe skarpety we\u0142niane maj\u0105 prosty wz\u00f3r.","og_url":"https:\/\/redkarawana.com\/pl\/rzemioslo\/pomaranczowe-i-zolte-skarpety-welniane-litwa\/","og_site_name":"Red Karawana","article_publisher":"https:\/\/www.facebook.com\/redkarawana\/","article_modified_time":"2025-12-07T13:57:03+00:00","og_image":[{"width":1200,"height":630,"url":"https:\/\/redkarawana.com\/wp-content\/uploads\/2024\/05\/1-AAP-F1200x630-Lithuania-Wool-Socks.jpg","type":"image\/jpeg"}],"twitter_card":"summary_large_image","twitter_misc":{"Szacowany czas czytania":"1 minuta"},"schema":{"@context":"https:\/\/schema.org","@graph":[{"@type":"WebPage","@id":"https:\/\/redkarawana.com\/pl\/rzemioslo\/pomaranczowe-i-zolte-skarpety-welniane-litwa\/","url":"https:\/\/redkarawana.com\/pl\/rzemioslo\/pomaranczowe-i-zolte-skarpety-welniane-litwa\/","name":"Skarpety We\u0142niane, Litwa - Eklektyczne - Red Karawana","isPartOf":{"@id":"https:\/\/redkarawana.com\/#website"},"primaryImageOfPage":{"@id":"https:\/\/redkarawana.com\/pl\/rzemioslo\/pomaranczowe-i-zolte-skarpety-welniane-litwa\/#primaryimage"},"image":{"@id":"https:\/\/redkarawana.com\/pl\/rzemioslo\/pomaranczowe-i-zolte-skarpety-welniane-litwa\/#primaryimage"},"thumbnailUrl":"https:\/\/redkarawana.com\/wp-content\/uploads\/2024\/05\/1-SP-Lithuania-Wool-Socks.jpg","datePublished":"2025-11-29T18:20:16+00:00","dateModified":"2025-12-07T13:57:03+00:00","description":"D\u0142ugie \u017c\u00f3\u0142te skarpety we\u0142niane s\u0105 uzdobione fioletowym i bia\u0142ym kwiatem. Kr\u00f3tkie pomara\u0144czowe skarpety we\u0142niane maj\u0105 prosty wz\u00f3r.","breadcrumb":{"@id":"https:\/\/redkarawana.com\/pl\/rzemioslo\/pomaranczowe-i-zolte-skarpety-welniane-litwa\/#breadcrumb"},"inLanguage":"pl-PL","potentialAction":[{"@type":"ReadAction","target":["https:\/\/redkarawana.com\/pl\/rzemioslo\/pomaranczowe-i-zolte-skarpety-welniane-litwa\/"]}]},{"@type":"ImageObject","inLanguage":"pl-PL","@id":"https:\/\/redkarawana.com\/pl\/rzemioslo\/pomaranczowe-i-zolte-skarpety-welniane-litwa\/#primaryimage","url":"https:\/\/redkarawana.com\/wp-content\/uploads\/2024\/05\/1-SP-Lithuania-Wool-Socks.jpg","contentUrl":"https:\/\/redkarawana.com\/wp-content\/uploads\/2024\/05\/1-SP-Lithuania-Wool-Socks.jpg","width":680,"height":453,"caption":"Litwa, Skarpety We\u0142niane"},{"@type":"BreadcrumbList","@id":"https:\/\/redkarawana.com\/pl\/rzemioslo\/pomaranczowe-i-zolte-skarpety-welniane-litwa\/#breadcrumb","itemListElement":[{"@type":"ListItem","position":1,"name":"Home","item":"https:\/\/redkarawana.com\/pl\/"},{"@type":"ListItem","position":2,"name":"Rzemios\u0142a","item":"https:\/\/redkarawana.com\/pl\/rzemiosla\/"},{"@type":"ListItem","position":3,"name":"Pomara\u0144czowe i \u017b\u00f3\u0142te Skarpety We\u0142niane, Litwa; Motyw Kwiatowy"}]},{"@type":"WebSite","@id":"https:\/\/redkarawana.com\/#website","url":"https:\/\/redkarawana.com\/","name":"Red Karawana","description":"","publisher":{"@id":"https:\/\/redkarawana.com\/#organization"},"potentialAction":[{"@type":"SearchAction","target":{"@type":"EntryPoint","urlTemplate":"https:\/\/redkarawana.com\/?s={search_term_string}"},"query-input":{"@type":"PropertyValueSpecification","valueRequired":true,"valueName":"search_term_string"}}],"inLanguage":"pl-PL"},{"@type":"Organization","@id":"https:\/\/redkarawana.com\/#organization","name":"Red Karawana","url":"https:\/\/redkarawana.com\/","logo":{"@type":"ImageObject","inLanguage":"pl-PL","@id":"https:\/\/redkarawana.com\/#\/schema\/logo\/image\/","url":"https:\/\/redkarawana.com\/wp-content\/uploads\/2025\/05\/cropped-Screenshot-2025-05-29-at-09.27.38.png","contentUrl":"https:\/\/redkarawana.com\/wp-content\/uploads\/2025\/05\/cropped-Screenshot-2025-05-29-at-09.27.38.png","width":512,"height":512,"caption":"Red Karawana"},"image":{"@id":"https:\/\/redkarawana.com\/#\/schema\/logo\/image\/"},"sameAs":["https:\/\/www.facebook.com\/redkarawana\/","https:\/\/www.instagram.com\/redkarawana\/","https:\/\/www.youtube.com\/channel\/UCU9jXzSmyKm4ZZv38FEXGKg","https:\/\/www.pinterest.com\/redkarawana\/"]}]}},"_links":{"self":[{"href":"https:\/\/redkarawana.com\/pl\/wp-json\/wp\/v2\/product\/3220","targetHints":{"allow":["GET"]}}],"collection":[{"href":"https:\/\/redkarawana.com\/pl\/wp-json\/wp\/v2\/product"}],"about":[{"href":"https:\/\/redkarawana.com\/pl\/wp-json\/wp\/v2\/types\/product"}],"wp:featuredmedia":[{"embeddable":true,"href":"https:\/\/redkarawana.com\/pl\/wp-json\/wp\/v2\/media\/3204"}],"wp:attachment":[{"href":"https:\/\/redkarawana.com\/pl\/wp-json\/wp\/v2\/media?parent=3220"}],"wp:term":[{"taxonomy":"product_brand","embeddable":true,"href":"https:\/\/redkarawana.com\/pl\/wp-json\/wp\/v2\/product_brand?post=3220"},{"taxonomy":"product_cat","embeddable":true,"href":"https:\/\/redkarawana.com\/pl\/wp-json\/wp\/v2\/product_cat?post=3220"},{"taxonomy":"product_tag","embeddable":true,"href":"https:\/\/redkarawana.com\/pl\/wp-json\/wp\/v2\/product_tag?post=3220"}],"curies":[{"name":"wp","href":"https:\/\/api.w.org\/{rel}","templated":true}]}}