{"id":3292,"date":"2025-11-29T18:40:52","date_gmt":"2025-11-29T18:40:52","guid":{"rendered":"https:\/\/redkarawana.com\/?post_type=product&#038;p=3292"},"modified":"2024-05-12T13:37:53","modified_gmt":"2024-05-12T13:37:53","slug":"torebka-artystyczna-chiny","status":"publish","type":"product","link":"https:\/\/redkarawana.com\/pl\/rzemioslo\/torebka-artystyczna-chiny\/","title":{"rendered":"Torebka Artystyczna, Chiny; Rzemios\u0142o Wykonane z Kolorowych Nici"},"content":{"rendered":"<p>Region Yunnan jest zr\u00f3\u017cnicowanym etnicznie regionem w Chinach. Dziedzictwo kulturowe regionu jest widoczne w dzie\u0142ach sztuki, tkaninach i rzemio\u015ble. Rzemios\u0142o etniczne prezentuje pi\u0119kne oryginalne hafty, tradycyjne wzory i wysokiej jako\u015bci wykonanie. Nasza br\u0105zowa torebka artystyczna jest ozdobiona wielokolorowym wzorem z przodu i br\u0105zowymi uchwytami. Paleta zielonych, czerwonych, niebieskich, pomara\u0144czowych i bia\u0142ych nici zdobi fasad\u0119 torebki. Wymiary: torebka artystyczna (d\u0142ugo\u015b\u0107 13 1\/2 cala, d\u0142ugo\u015b\u0107 z uchwytami 29 cali, szeroko\u015b\u0107 17 cali).<\/p>\n","protected":false},"excerpt":{"rendered":"<p>Region Yunnan jest zr\u00f3\u017cnicowanym etnicznie regionem w Chinach. Dziedzictwo kulturowe regionu jest widoczne w dzie\u0142ach sztuki, tkaninach i rzemio\u015ble. Rzemios\u0142o etniczne prezentuje pi\u0119kne oryginalne hafty, tradycyjne wzory i wysokiej jako\u015bci wykonanie. Nasza br\u0105zowa torebka artystyczna jest ozdobiona wielokolorowym wzorem z przodu i br\u0105zowymi uchwytami. Paleta zielonych, czerwonych, niebieskich, pomara\u0144czowych i bia\u0142ych nici zdobi fasad\u0119 torebki. [&hellip;]<\/p>\n","protected":false},"featured_media":3248,"template":"","meta":{"_acf_changed":false},"product_brand":[],"product_cat":[52],"product_tag":[],"class_list":{"0":"post-3292","1":"product","2":"type-product","3":"status-publish","4":"has-post-thumbnail","6":"product_cat-artystyczne","8":"first","9":"instock","10":"sold-individually","11":"taxable","12":"shipping-taxable","13":"purchasable","14":"product-type-simple"},"acf":[],"yoast_head":"<!-- This site is optimized with the Yoast SEO plugin v27.3 - https:\/\/yoast.com\/product\/yoast-seo-wordpress\/ -->\n<title>Torebka Artystyczna, Chiny - Artystyczne - Red Karawana<\/title>\n<meta name=\"description\" content=\"Nasza br\u0105zowa torebka artystyczna ma wielokolorowy wz\u00f3r i br\u0105zowe uchwyty. Paleta kolorowych nici zdobi i upi\u0119ksza torebk\u0119.\" \/>\n<meta name=\"robots\" content=\"index, follow, max-snippet:-1, max-image-preview:large, max-video-preview:-1\" \/>\n<link rel=\"canonical\" href=\"https:\/\/redkarawana.com\/pl\/rzemioslo\/torebka-artystyczna-chiny\/\" \/>\n<meta property=\"og:locale\" content=\"pl_PL\" \/>\n<meta property=\"og:type\" content=\"article\" \/>\n<meta property=\"og:title\" content=\"Torebka Artystyczna, Chiny - Artystyczne - Red Karawana\" \/>\n<meta property=\"og:description\" content=\"Nasza br\u0105zowa torebka artystyczna ma wielokolorowy wz\u00f3r i br\u0105zowe uchwyty. Paleta kolorowych nici zdobi i upi\u0119ksza torebk\u0119.\" \/>\n<meta property=\"og:url\" content=\"https:\/\/redkarawana.com\/pl\/rzemioslo\/torebka-artystyczna-chiny\/\" \/>\n<meta property=\"og:site_name\" content=\"Red Karawana\" \/>\n<meta property=\"article:publisher\" content=\"https:\/\/www.facebook.com\/redkarawana\/\" \/>\n<meta property=\"og:image\" content=\"https:\/\/redkarawana.com\/wp-content\/uploads\/2024\/05\/1-A-F1200x630-China-Handbag.jpg\" \/>\n\t<meta property=\"og:image:width\" content=\"1200\" \/>\n\t<meta property=\"og:image:height\" content=\"630\" \/>\n\t<meta property=\"og:image:type\" content=\"image\/jpeg\" \/>\n<meta name=\"twitter:card\" content=\"summary_large_image\" \/>\n<meta name=\"twitter:label1\" content=\"Szacowany czas czytania\" \/>\n\t<meta name=\"twitter:data1\" content=\"1 minuta\" \/>\n<script type=\"application\/ld+json\" class=\"yoast-schema-graph\">{\"@context\":\"https:\\\/\\\/schema.org\",\"@graph\":[{\"@type\":\"WebPage\",\"@id\":\"https:\\\/\\\/redkarawana.com\\\/pl\\\/rzemioslo\\\/torebka-artystyczna-chiny\\\/\",\"url\":\"https:\\\/\\\/redkarawana.com\\\/pl\\\/rzemioslo\\\/torebka-artystyczna-chiny\\\/\",\"name\":\"Torebka Artystyczna, Chiny - Artystyczne - Red Karawana\",\"isPartOf\":{\"@id\":\"https:\\\/\\\/redkarawana.com\\\/#website\"},\"primaryImageOfPage\":{\"@id\":\"https:\\\/\\\/redkarawana.com\\\/pl\\\/rzemioslo\\\/torebka-artystyczna-chiny\\\/#primaryimage\"},\"image\":{\"@id\":\"https:\\\/\\\/redkarawana.com\\\/pl\\\/rzemioslo\\\/torebka-artystyczna-chiny\\\/#primaryimage\"},\"thumbnailUrl\":\"https:\\\/\\\/redkarawana.com\\\/wp-content\\\/uploads\\\/2024\\\/05\\\/1-SP-China-Artisan-Handbag.jpg\",\"datePublished\":\"2025-11-29T18:40:52+00:00\",\"description\":\"Nasza br\u0105zowa torebka artystyczna ma wielokolorowy wz\u00f3r i br\u0105zowe uchwyty. Paleta kolorowych nici zdobi i upi\u0119ksza torebk\u0119.\",\"breadcrumb\":{\"@id\":\"https:\\\/\\\/redkarawana.com\\\/pl\\\/rzemioslo\\\/torebka-artystyczna-chiny\\\/#breadcrumb\"},\"inLanguage\":\"pl-PL\",\"potentialAction\":[{\"@type\":\"ReadAction\",\"target\":[\"https:\\\/\\\/redkarawana.com\\\/pl\\\/rzemioslo\\\/torebka-artystyczna-chiny\\\/\"]}]},{\"@type\":\"ImageObject\",\"inLanguage\":\"pl-PL\",\"@id\":\"https:\\\/\\\/redkarawana.com\\\/pl\\\/rzemioslo\\\/torebka-artystyczna-chiny\\\/#primaryimage\",\"url\":\"https:\\\/\\\/redkarawana.com\\\/wp-content\\\/uploads\\\/2024\\\/05\\\/1-SP-China-Artisan-Handbag.jpg\",\"contentUrl\":\"https:\\\/\\\/redkarawana.com\\\/wp-content\\\/uploads\\\/2024\\\/05\\\/1-SP-China-Artisan-Handbag.jpg\",\"width\":680,\"height\":453,\"caption\":\"Chiny, Torebka Artystyczna\"},{\"@type\":\"BreadcrumbList\",\"@id\":\"https:\\\/\\\/redkarawana.com\\\/pl\\\/rzemioslo\\\/torebka-artystyczna-chiny\\\/#breadcrumb\",\"itemListElement\":[{\"@type\":\"ListItem\",\"position\":1,\"name\":\"Home\",\"item\":\"https:\\\/\\\/redkarawana.com\\\/pl\\\/\"},{\"@type\":\"ListItem\",\"position\":2,\"name\":\"Rzemios\u0142a\",\"item\":\"https:\\\/\\\/redkarawana.com\\\/pl\\\/rzemiosla\\\/\"},{\"@type\":\"ListItem\",\"position\":3,\"name\":\"Torebka Artystyczna, Chiny; Rzemios\u0142o Wykonane z Kolorowych Nici\"}]},{\"@type\":\"WebSite\",\"@id\":\"https:\\\/\\\/redkarawana.com\\\/#website\",\"url\":\"https:\\\/\\\/redkarawana.com\\\/\",\"name\":\"Red Karawana\",\"description\":\"\",\"publisher\":{\"@id\":\"https:\\\/\\\/redkarawana.com\\\/#organization\"},\"potentialAction\":[{\"@type\":\"SearchAction\",\"target\":{\"@type\":\"EntryPoint\",\"urlTemplate\":\"https:\\\/\\\/redkarawana.com\\\/?s={search_term_string}\"},\"query-input\":{\"@type\":\"PropertyValueSpecification\",\"valueRequired\":true,\"valueName\":\"search_term_string\"}}],\"inLanguage\":\"pl-PL\"},{\"@type\":\"Organization\",\"@id\":\"https:\\\/\\\/redkarawana.com\\\/#organization\",\"name\":\"Red Karawana\",\"url\":\"https:\\\/\\\/redkarawana.com\\\/\",\"logo\":{\"@type\":\"ImageObject\",\"inLanguage\":\"pl-PL\",\"@id\":\"https:\\\/\\\/redkarawana.com\\\/#\\\/schema\\\/logo\\\/image\\\/\",\"url\":\"https:\\\/\\\/redkarawana.com\\\/wp-content\\\/uploads\\\/2025\\\/05\\\/cropped-Screenshot-2025-05-29-at-09.27.38.png\",\"contentUrl\":\"https:\\\/\\\/redkarawana.com\\\/wp-content\\\/uploads\\\/2025\\\/05\\\/cropped-Screenshot-2025-05-29-at-09.27.38.png\",\"width\":512,\"height\":512,\"caption\":\"Red Karawana\"},\"image\":{\"@id\":\"https:\\\/\\\/redkarawana.com\\\/#\\\/schema\\\/logo\\\/image\\\/\"},\"sameAs\":[\"https:\\\/\\\/www.facebook.com\\\/redkarawana\\\/\",\"https:\\\/\\\/www.instagram.com\\\/redkarawana\\\/\",\"https:\\\/\\\/www.youtube.com\\\/channel\\\/UCU9jXzSmyKm4ZZv38FEXGKg\",\"https:\\\/\\\/www.pinterest.com\\\/redkarawana\\\/\"]}]}<\/script>\n<!-- \/ Yoast SEO plugin. -->","yoast_head_json":{"title":"Torebka Artystyczna, Chiny - Artystyczne - Red Karawana","description":"Nasza br\u0105zowa torebka artystyczna ma wielokolorowy wz\u00f3r i br\u0105zowe uchwyty. Paleta kolorowych nici zdobi i upi\u0119ksza torebk\u0119.","robots":{"index":"index","follow":"follow","max-snippet":"max-snippet:-1","max-image-preview":"max-image-preview:large","max-video-preview":"max-video-preview:-1"},"canonical":"https:\/\/redkarawana.com\/pl\/rzemioslo\/torebka-artystyczna-chiny\/","og_locale":"pl_PL","og_type":"article","og_title":"Torebka Artystyczna, Chiny - Artystyczne - Red Karawana","og_description":"Nasza br\u0105zowa torebka artystyczna ma wielokolorowy wz\u00f3r i br\u0105zowe uchwyty. Paleta kolorowych nici zdobi i upi\u0119ksza torebk\u0119.","og_url":"https:\/\/redkarawana.com\/pl\/rzemioslo\/torebka-artystyczna-chiny\/","og_site_name":"Red Karawana","article_publisher":"https:\/\/www.facebook.com\/redkarawana\/","og_image":[{"width":1200,"height":630,"url":"https:\/\/redkarawana.com\/wp-content\/uploads\/2024\/05\/1-A-F1200x630-China-Handbag.jpg","type":"image\/jpeg"}],"twitter_card":"summary_large_image","twitter_misc":{"Szacowany czas czytania":"1 minuta"},"schema":{"@context":"https:\/\/schema.org","@graph":[{"@type":"WebPage","@id":"https:\/\/redkarawana.com\/pl\/rzemioslo\/torebka-artystyczna-chiny\/","url":"https:\/\/redkarawana.com\/pl\/rzemioslo\/torebka-artystyczna-chiny\/","name":"Torebka Artystyczna, Chiny - Artystyczne - Red Karawana","isPartOf":{"@id":"https:\/\/redkarawana.com\/#website"},"primaryImageOfPage":{"@id":"https:\/\/redkarawana.com\/pl\/rzemioslo\/torebka-artystyczna-chiny\/#primaryimage"},"image":{"@id":"https:\/\/redkarawana.com\/pl\/rzemioslo\/torebka-artystyczna-chiny\/#primaryimage"},"thumbnailUrl":"https:\/\/redkarawana.com\/wp-content\/uploads\/2024\/05\/1-SP-China-Artisan-Handbag.jpg","datePublished":"2025-11-29T18:40:52+00:00","description":"Nasza br\u0105zowa torebka artystyczna ma wielokolorowy wz\u00f3r i br\u0105zowe uchwyty. Paleta kolorowych nici zdobi i upi\u0119ksza torebk\u0119.","breadcrumb":{"@id":"https:\/\/redkarawana.com\/pl\/rzemioslo\/torebka-artystyczna-chiny\/#breadcrumb"},"inLanguage":"pl-PL","potentialAction":[{"@type":"ReadAction","target":["https:\/\/redkarawana.com\/pl\/rzemioslo\/torebka-artystyczna-chiny\/"]}]},{"@type":"ImageObject","inLanguage":"pl-PL","@id":"https:\/\/redkarawana.com\/pl\/rzemioslo\/torebka-artystyczna-chiny\/#primaryimage","url":"https:\/\/redkarawana.com\/wp-content\/uploads\/2024\/05\/1-SP-China-Artisan-Handbag.jpg","contentUrl":"https:\/\/redkarawana.com\/wp-content\/uploads\/2024\/05\/1-SP-China-Artisan-Handbag.jpg","width":680,"height":453,"caption":"Chiny, Torebka Artystyczna"},{"@type":"BreadcrumbList","@id":"https:\/\/redkarawana.com\/pl\/rzemioslo\/torebka-artystyczna-chiny\/#breadcrumb","itemListElement":[{"@type":"ListItem","position":1,"name":"Home","item":"https:\/\/redkarawana.com\/pl\/"},{"@type":"ListItem","position":2,"name":"Rzemios\u0142a","item":"https:\/\/redkarawana.com\/pl\/rzemiosla\/"},{"@type":"ListItem","position":3,"name":"Torebka Artystyczna, Chiny; Rzemios\u0142o Wykonane z Kolorowych Nici"}]},{"@type":"WebSite","@id":"https:\/\/redkarawana.com\/#website","url":"https:\/\/redkarawana.com\/","name":"Red Karawana","description":"","publisher":{"@id":"https:\/\/redkarawana.com\/#organization"},"potentialAction":[{"@type":"SearchAction","target":{"@type":"EntryPoint","urlTemplate":"https:\/\/redkarawana.com\/?s={search_term_string}"},"query-input":{"@type":"PropertyValueSpecification","valueRequired":true,"valueName":"search_term_string"}}],"inLanguage":"pl-PL"},{"@type":"Organization","@id":"https:\/\/redkarawana.com\/#organization","name":"Red Karawana","url":"https:\/\/redkarawana.com\/","logo":{"@type":"ImageObject","inLanguage":"pl-PL","@id":"https:\/\/redkarawana.com\/#\/schema\/logo\/image\/","url":"https:\/\/redkarawana.com\/wp-content\/uploads\/2025\/05\/cropped-Screenshot-2025-05-29-at-09.27.38.png","contentUrl":"https:\/\/redkarawana.com\/wp-content\/uploads\/2025\/05\/cropped-Screenshot-2025-05-29-at-09.27.38.png","width":512,"height":512,"caption":"Red Karawana"},"image":{"@id":"https:\/\/redkarawana.com\/#\/schema\/logo\/image\/"},"sameAs":["https:\/\/www.facebook.com\/redkarawana\/","https:\/\/www.instagram.com\/redkarawana\/","https:\/\/www.youtube.com\/channel\/UCU9jXzSmyKm4ZZv38FEXGKg","https:\/\/www.pinterest.com\/redkarawana\/"]}]}},"_links":{"self":[{"href":"https:\/\/redkarawana.com\/pl\/wp-json\/wp\/v2\/product\/3292","targetHints":{"allow":["GET"]}}],"collection":[{"href":"https:\/\/redkarawana.com\/pl\/wp-json\/wp\/v2\/product"}],"about":[{"href":"https:\/\/redkarawana.com\/pl\/wp-json\/wp\/v2\/types\/product"}],"wp:featuredmedia":[{"embeddable":true,"href":"https:\/\/redkarawana.com\/pl\/wp-json\/wp\/v2\/media\/3248"}],"wp:attachment":[{"href":"https:\/\/redkarawana.com\/pl\/wp-json\/wp\/v2\/media?parent=3292"}],"wp:term":[{"taxonomy":"product_brand","embeddable":true,"href":"https:\/\/redkarawana.com\/pl\/wp-json\/wp\/v2\/product_brand?post=3292"},{"taxonomy":"product_cat","embeddable":true,"href":"https:\/\/redkarawana.com\/pl\/wp-json\/wp\/v2\/product_cat?post=3292"},{"taxonomy":"product_tag","embeddable":true,"href":"https:\/\/redkarawana.com\/pl\/wp-json\/wp\/v2\/product_tag?post=3292"}],"curies":[{"name":"wp","href":"https:\/\/api.w.org\/{rel}","templated":true}]}}