{"id":3369,"date":"2025-11-29T19:20:40","date_gmt":"2025-11-29T19:20:40","guid":{"rendered":"https:\/\/redkarawana.com\/?post_type=product&#038;p=3369"},"modified":"2024-05-12T16:20:40","modified_gmt":"2024-05-12T16:20:40","slug":"czerwone-drewniane-pudelko-rosja","status":"publish","type":"product","link":"https:\/\/redkarawana.com\/pl\/rzemioslo\/czerwone-drewniane-pudelko-rosja\/","title":{"rendered":"Czerwone Drewniane Pude\u0142ko, Rosja; Zdobione Sztuk\u0105 Ludow\u0105"},"content":{"rendered":"<p>Rosja ma d\u0142ug\u0105 tradycj\u0119 tworzenia atrakcyjnych i \u017cywych dzie\u0142 sztuki. Wiele przedmiot\u00f3w dekoracyjnych jest r\u0119cznie malowanych tradycyjn\u0105 rosyjsk\u0105 sztuk\u0105 ludow\u0105. Rosyjskie lalki, od\u015bwi\u0119tne sanie, kufry podr\u00f3\u017cne, ceramiczne dzbany i rosyjskie ikony prawos\u0142awne s\u0105 ozdobione staro\u017cytnymi wzorami. Prezentowane przez nas czerwone drewniane pude\u0142ko to wyj\u0105tkowo pi\u0119kny przedmiot ozdobny oraz pude\u0142ko do przechowywania. Pude\u0142ko jest ozdobione wielobarwn\u0105 sztuk\u0105 ludow\u0105 przedstawiaj\u0105c\u0105 motyw kwiatowy. Wymiary: czerwone drewniane pude\u0142ko (wysoko\u015b\u0107 5 cali, szeroko\u015b\u0107 10 cali).<\/p>\n","protected":false},"excerpt":{"rendered":"<p>Rosja ma d\u0142ug\u0105 tradycj\u0119 tworzenia atrakcyjnych i \u017cywych dzie\u0142 sztuki. Wiele przedmiot\u00f3w dekoracyjnych jest r\u0119cznie malowanych tradycyjn\u0105 rosyjsk\u0105 sztuk\u0105 ludow\u0105. Rosyjskie lalki, od\u015bwi\u0119tne sanie, kufry podr\u00f3\u017cne, ceramiczne dzbany i rosyjskie ikony prawos\u0142awne s\u0105 ozdobione staro\u017cytnymi wzorami. Prezentowane przez nas czerwone drewniane pude\u0142ko to wyj\u0105tkowo pi\u0119kny przedmiot ozdobny oraz pude\u0142ko do przechowywania. Pude\u0142ko jest ozdobione wielobarwn\u0105 [&hellip;]<\/p>\n","protected":false},"featured_media":3353,"template":"","meta":{"_acf_changed":false},"product_brand":[],"product_cat":[55],"product_tag":[],"class_list":{"0":"post-3369","1":"product","2":"type-product","3":"status-publish","4":"has-post-thumbnail","6":"product_cat-dekoracyjne","8":"first","9":"instock","10":"sold-individually","11":"taxable","12":"shipping-taxable","13":"purchasable","14":"product-type-simple"},"acf":[],"yoast_head":"<!-- This site is optimized with the Yoast SEO plugin v27.4 - https:\/\/yoast.com\/product\/yoast-seo-wordpress\/ -->\n<title>Czerwone Drewniane Pude\u0142ko, Rosja - Dekoracyjne - Red Karawana<\/title>\n<meta name=\"description\" content=\"Czerwone drewniane pude\u0142ko to wyj\u0105tkowo pi\u0119kny przedmiot ozdobny. Pude\u0142ko jest ozdobione sztuk\u0105 ludow\u0105 przedstawiaj\u0105c\u0105 motyw kwiatowy.\" \/>\n<meta name=\"robots\" content=\"index, follow, max-snippet:-1, max-image-preview:large, max-video-preview:-1\" \/>\n<link rel=\"canonical\" href=\"https:\/\/redkarawana.com\/pl\/rzemioslo\/czerwone-drewniane-pudelko-rosja\/\" \/>\n<meta property=\"og:locale\" content=\"pl_PL\" \/>\n<meta property=\"og:type\" content=\"article\" \/>\n<meta property=\"og:title\" content=\"Czerwone Drewniane Pude\u0142ko, Rosja - Dekoracyjne - Red Karawana\" \/>\n<meta property=\"og:description\" content=\"Czerwone drewniane pude\u0142ko to wyj\u0105tkowo pi\u0119kny przedmiot ozdobny. Pude\u0142ko jest ozdobione sztuk\u0105 ludow\u0105 przedstawiaj\u0105c\u0105 motyw kwiatowy.\" \/>\n<meta property=\"og:url\" content=\"https:\/\/redkarawana.com\/pl\/rzemioslo\/czerwone-drewniane-pudelko-rosja\/\" \/>\n<meta property=\"og:site_name\" content=\"Red Karawana\" \/>\n<meta property=\"article:publisher\" content=\"https:\/\/www.facebook.com\/redkarawana\/\" \/>\n<meta property=\"og:image\" content=\"https:\/\/redkarawana.com\/wp-content\/uploads\/2024\/05\/1-AAP-F1200x630-Russia-Red-Wooden-Box.jpg\" \/>\n\t<meta property=\"og:image:width\" content=\"1200\" \/>\n\t<meta property=\"og:image:height\" content=\"675\" \/>\n\t<meta property=\"og:image:type\" content=\"image\/jpeg\" \/>\n<meta name=\"twitter:card\" content=\"summary_large_image\" \/>\n<meta name=\"twitter:label1\" content=\"Szacowany czas czytania\" \/>\n\t<meta name=\"twitter:data1\" content=\"1 minuta\" \/>\n<script type=\"application\/ld+json\" class=\"yoast-schema-graph\">{\"@context\":\"https:\\\/\\\/schema.org\",\"@graph\":[{\"@type\":\"WebPage\",\"@id\":\"https:\\\/\\\/redkarawana.com\\\/pl\\\/rzemioslo\\\/czerwone-drewniane-pudelko-rosja\\\/\",\"url\":\"https:\\\/\\\/redkarawana.com\\\/pl\\\/rzemioslo\\\/czerwone-drewniane-pudelko-rosja\\\/\",\"name\":\"Czerwone Drewniane Pude\u0142ko, Rosja - Dekoracyjne - Red Karawana\",\"isPartOf\":{\"@id\":\"https:\\\/\\\/redkarawana.com\\\/#website\"},\"primaryImageOfPage\":{\"@id\":\"https:\\\/\\\/redkarawana.com\\\/pl\\\/rzemioslo\\\/czerwone-drewniane-pudelko-rosja\\\/#primaryimage\"},\"image\":{\"@id\":\"https:\\\/\\\/redkarawana.com\\\/pl\\\/rzemioslo\\\/czerwone-drewniane-pudelko-rosja\\\/#primaryimage\"},\"thumbnailUrl\":\"https:\\\/\\\/redkarawana.com\\\/wp-content\\\/uploads\\\/2024\\\/05\\\/1-SP-Russia-Wooden-Box.jpg\",\"datePublished\":\"2025-11-29T19:20:40+00:00\",\"description\":\"Czerwone drewniane pude\u0142ko to wyj\u0105tkowo pi\u0119kny przedmiot ozdobny. Pude\u0142ko jest ozdobione sztuk\u0105 ludow\u0105 przedstawiaj\u0105c\u0105 motyw kwiatowy.\",\"breadcrumb\":{\"@id\":\"https:\\\/\\\/redkarawana.com\\\/pl\\\/rzemioslo\\\/czerwone-drewniane-pudelko-rosja\\\/#breadcrumb\"},\"inLanguage\":\"pl-PL\",\"potentialAction\":[{\"@type\":\"ReadAction\",\"target\":[\"https:\\\/\\\/redkarawana.com\\\/pl\\\/rzemioslo\\\/czerwone-drewniane-pudelko-rosja\\\/\"]}]},{\"@type\":\"ImageObject\",\"inLanguage\":\"pl-PL\",\"@id\":\"https:\\\/\\\/redkarawana.com\\\/pl\\\/rzemioslo\\\/czerwone-drewniane-pudelko-rosja\\\/#primaryimage\",\"url\":\"https:\\\/\\\/redkarawana.com\\\/wp-content\\\/uploads\\\/2024\\\/05\\\/1-SP-Russia-Wooden-Box.jpg\",\"contentUrl\":\"https:\\\/\\\/redkarawana.com\\\/wp-content\\\/uploads\\\/2024\\\/05\\\/1-SP-Russia-Wooden-Box.jpg\",\"width\":680,\"height\":453,\"caption\":\"Rosja, Czerwone Drewniane Pude\u0142ko\"},{\"@type\":\"BreadcrumbList\",\"@id\":\"https:\\\/\\\/redkarawana.com\\\/pl\\\/rzemioslo\\\/czerwone-drewniane-pudelko-rosja\\\/#breadcrumb\",\"itemListElement\":[{\"@type\":\"ListItem\",\"position\":1,\"name\":\"Home\",\"item\":\"https:\\\/\\\/redkarawana.com\\\/pl\\\/\"},{\"@type\":\"ListItem\",\"position\":2,\"name\":\"Rzemios\u0142a\",\"item\":\"https:\\\/\\\/redkarawana.com\\\/pl\\\/rzemiosla\\\/\"},{\"@type\":\"ListItem\",\"position\":3,\"name\":\"Czerwone Drewniane Pude\u0142ko, Rosja; Zdobione Sztuk\u0105 Ludow\u0105\"}]},{\"@type\":\"WebSite\",\"@id\":\"https:\\\/\\\/redkarawana.com\\\/#website\",\"url\":\"https:\\\/\\\/redkarawana.com\\\/\",\"name\":\"Red Karawana\",\"description\":\"\",\"publisher\":{\"@id\":\"https:\\\/\\\/redkarawana.com\\\/#organization\"},\"potentialAction\":[{\"@type\":\"SearchAction\",\"target\":{\"@type\":\"EntryPoint\",\"urlTemplate\":\"https:\\\/\\\/redkarawana.com\\\/?s={search_term_string}\"},\"query-input\":{\"@type\":\"PropertyValueSpecification\",\"valueRequired\":true,\"valueName\":\"search_term_string\"}}],\"inLanguage\":\"pl-PL\"},{\"@type\":\"Organization\",\"@id\":\"https:\\\/\\\/redkarawana.com\\\/#organization\",\"name\":\"Red Karawana\",\"url\":\"https:\\\/\\\/redkarawana.com\\\/\",\"logo\":{\"@type\":\"ImageObject\",\"inLanguage\":\"pl-PL\",\"@id\":\"https:\\\/\\\/redkarawana.com\\\/#\\\/schema\\\/logo\\\/image\\\/\",\"url\":\"https:\\\/\\\/redkarawana.com\\\/wp-content\\\/uploads\\\/2025\\\/05\\\/cropped-Screenshot-2025-05-29-at-09.27.38.png\",\"contentUrl\":\"https:\\\/\\\/redkarawana.com\\\/wp-content\\\/uploads\\\/2025\\\/05\\\/cropped-Screenshot-2025-05-29-at-09.27.38.png\",\"width\":512,\"height\":512,\"caption\":\"Red Karawana\"},\"image\":{\"@id\":\"https:\\\/\\\/redkarawana.com\\\/#\\\/schema\\\/logo\\\/image\\\/\"},\"sameAs\":[\"https:\\\/\\\/www.facebook.com\\\/redkarawana\\\/\",\"https:\\\/\\\/www.instagram.com\\\/redkarawana\\\/\",\"https:\\\/\\\/www.youtube.com\\\/channel\\\/UCU9jXzSmyKm4ZZv38FEXGKg\",\"https:\\\/\\\/www.pinterest.com\\\/redkarawana\\\/\"]}]}<\/script>\n<!-- \/ Yoast SEO plugin. -->","yoast_head_json":{"title":"Czerwone Drewniane Pude\u0142ko, Rosja - Dekoracyjne - Red Karawana","description":"Czerwone drewniane pude\u0142ko to wyj\u0105tkowo pi\u0119kny przedmiot ozdobny. Pude\u0142ko jest ozdobione sztuk\u0105 ludow\u0105 przedstawiaj\u0105c\u0105 motyw kwiatowy.","robots":{"index":"index","follow":"follow","max-snippet":"max-snippet:-1","max-image-preview":"max-image-preview:large","max-video-preview":"max-video-preview:-1"},"canonical":"https:\/\/redkarawana.com\/pl\/rzemioslo\/czerwone-drewniane-pudelko-rosja\/","og_locale":"pl_PL","og_type":"article","og_title":"Czerwone Drewniane Pude\u0142ko, Rosja - Dekoracyjne - Red Karawana","og_description":"Czerwone drewniane pude\u0142ko to wyj\u0105tkowo pi\u0119kny przedmiot ozdobny. Pude\u0142ko jest ozdobione sztuk\u0105 ludow\u0105 przedstawiaj\u0105c\u0105 motyw kwiatowy.","og_url":"https:\/\/redkarawana.com\/pl\/rzemioslo\/czerwone-drewniane-pudelko-rosja\/","og_site_name":"Red Karawana","article_publisher":"https:\/\/www.facebook.com\/redkarawana\/","og_image":[{"width":1200,"height":675,"url":"https:\/\/redkarawana.com\/wp-content\/uploads\/2024\/05\/1-AAP-F1200x630-Russia-Red-Wooden-Box.jpg","type":"image\/jpeg"}],"twitter_card":"summary_large_image","twitter_misc":{"Szacowany czas czytania":"1 minuta"},"schema":{"@context":"https:\/\/schema.org","@graph":[{"@type":"WebPage","@id":"https:\/\/redkarawana.com\/pl\/rzemioslo\/czerwone-drewniane-pudelko-rosja\/","url":"https:\/\/redkarawana.com\/pl\/rzemioslo\/czerwone-drewniane-pudelko-rosja\/","name":"Czerwone Drewniane Pude\u0142ko, Rosja - Dekoracyjne - Red Karawana","isPartOf":{"@id":"https:\/\/redkarawana.com\/#website"},"primaryImageOfPage":{"@id":"https:\/\/redkarawana.com\/pl\/rzemioslo\/czerwone-drewniane-pudelko-rosja\/#primaryimage"},"image":{"@id":"https:\/\/redkarawana.com\/pl\/rzemioslo\/czerwone-drewniane-pudelko-rosja\/#primaryimage"},"thumbnailUrl":"https:\/\/redkarawana.com\/wp-content\/uploads\/2024\/05\/1-SP-Russia-Wooden-Box.jpg","datePublished":"2025-11-29T19:20:40+00:00","description":"Czerwone drewniane pude\u0142ko to wyj\u0105tkowo pi\u0119kny przedmiot ozdobny. Pude\u0142ko jest ozdobione sztuk\u0105 ludow\u0105 przedstawiaj\u0105c\u0105 motyw kwiatowy.","breadcrumb":{"@id":"https:\/\/redkarawana.com\/pl\/rzemioslo\/czerwone-drewniane-pudelko-rosja\/#breadcrumb"},"inLanguage":"pl-PL","potentialAction":[{"@type":"ReadAction","target":["https:\/\/redkarawana.com\/pl\/rzemioslo\/czerwone-drewniane-pudelko-rosja\/"]}]},{"@type":"ImageObject","inLanguage":"pl-PL","@id":"https:\/\/redkarawana.com\/pl\/rzemioslo\/czerwone-drewniane-pudelko-rosja\/#primaryimage","url":"https:\/\/redkarawana.com\/wp-content\/uploads\/2024\/05\/1-SP-Russia-Wooden-Box.jpg","contentUrl":"https:\/\/redkarawana.com\/wp-content\/uploads\/2024\/05\/1-SP-Russia-Wooden-Box.jpg","width":680,"height":453,"caption":"Rosja, Czerwone Drewniane Pude\u0142ko"},{"@type":"BreadcrumbList","@id":"https:\/\/redkarawana.com\/pl\/rzemioslo\/czerwone-drewniane-pudelko-rosja\/#breadcrumb","itemListElement":[{"@type":"ListItem","position":1,"name":"Home","item":"https:\/\/redkarawana.com\/pl\/"},{"@type":"ListItem","position":2,"name":"Rzemios\u0142a","item":"https:\/\/redkarawana.com\/pl\/rzemiosla\/"},{"@type":"ListItem","position":3,"name":"Czerwone Drewniane Pude\u0142ko, Rosja; Zdobione Sztuk\u0105 Ludow\u0105"}]},{"@type":"WebSite","@id":"https:\/\/redkarawana.com\/#website","url":"https:\/\/redkarawana.com\/","name":"Red Karawana","description":"","publisher":{"@id":"https:\/\/redkarawana.com\/#organization"},"potentialAction":[{"@type":"SearchAction","target":{"@type":"EntryPoint","urlTemplate":"https:\/\/redkarawana.com\/?s={search_term_string}"},"query-input":{"@type":"PropertyValueSpecification","valueRequired":true,"valueName":"search_term_string"}}],"inLanguage":"pl-PL"},{"@type":"Organization","@id":"https:\/\/redkarawana.com\/#organization","name":"Red Karawana","url":"https:\/\/redkarawana.com\/","logo":{"@type":"ImageObject","inLanguage":"pl-PL","@id":"https:\/\/redkarawana.com\/#\/schema\/logo\/image\/","url":"https:\/\/redkarawana.com\/wp-content\/uploads\/2025\/05\/cropped-Screenshot-2025-05-29-at-09.27.38.png","contentUrl":"https:\/\/redkarawana.com\/wp-content\/uploads\/2025\/05\/cropped-Screenshot-2025-05-29-at-09.27.38.png","width":512,"height":512,"caption":"Red Karawana"},"image":{"@id":"https:\/\/redkarawana.com\/#\/schema\/logo\/image\/"},"sameAs":["https:\/\/www.facebook.com\/redkarawana\/","https:\/\/www.instagram.com\/redkarawana\/","https:\/\/www.youtube.com\/channel\/UCU9jXzSmyKm4ZZv38FEXGKg","https:\/\/www.pinterest.com\/redkarawana\/"]}]}},"_links":{"self":[{"href":"https:\/\/redkarawana.com\/pl\/wp-json\/wp\/v2\/product\/3369","targetHints":{"allow":["GET"]}}],"collection":[{"href":"https:\/\/redkarawana.com\/pl\/wp-json\/wp\/v2\/product"}],"about":[{"href":"https:\/\/redkarawana.com\/pl\/wp-json\/wp\/v2\/types\/product"}],"wp:featuredmedia":[{"embeddable":true,"href":"https:\/\/redkarawana.com\/pl\/wp-json\/wp\/v2\/media\/3353"}],"wp:attachment":[{"href":"https:\/\/redkarawana.com\/pl\/wp-json\/wp\/v2\/media?parent=3369"}],"wp:term":[{"taxonomy":"product_brand","embeddable":true,"href":"https:\/\/redkarawana.com\/pl\/wp-json\/wp\/v2\/product_brand?post=3369"},{"taxonomy":"product_cat","embeddable":true,"href":"https:\/\/redkarawana.com\/pl\/wp-json\/wp\/v2\/product_cat?post=3369"},{"taxonomy":"product_tag","embeddable":true,"href":"https:\/\/redkarawana.com\/pl\/wp-json\/wp\/v2\/product_tag?post=3369"}],"curies":[{"name":"wp","href":"https:\/\/api.w.org\/{rel}","templated":true}]}}