{"id":3395,"date":"2025-11-29T19:30:55","date_gmt":"2025-11-29T19:30:55","guid":{"rendered":"https:\/\/redkarawana.com\/?post_type=product&#038;p=3395"},"modified":"2025-12-07T08:38:48","modified_gmt":"2025-12-07T08:38:48","slug":"recznie-wykonany-kieliszek-zea","status":"publish","type":"product","link":"https:\/\/redkarawana.com\/pl\/rzemioslo\/recznie-wykonany-kieliszek-zea\/","title":{"rendered":"R\u0119cznie Wykonany Kieliszek, Abu Dhabi, ZEA; Szk\u0142o z Motywem Kwiat\u00f3w"},"content":{"rendered":"<p>Na Bliskim Wschodzie, tw\u00f3rcy szk\u0142a wykorzystuj\u0105 w swojej tw\u00f3rczo\u015bci arabskie symbole, motywy natury i mn\u00f3stwo kolor\u00f3w. W sklepie ze szk\u0142em w Abu Dhabi odkrywamy bardzo pi\u0119kn\u0105 kolekcj\u0119 kolorowych i r\u0119cznie robionych wyrob\u00f3w szklanych. Nasz r\u0119cznie wykonany kieliszek jest zdobiony wzorem kwiatowym i z\u0142otymi akcentami. Wymiary: 1 r\u0119cznie wykonany kieliszek (wysoko\u015b\u0107 8 cali, szeroko\u015b\u0107 podstawy 3 cale).<\/p>\n","protected":false},"excerpt":{"rendered":"<p>Na Bliskim Wschodzie, tw\u00f3rcy szk\u0142a wykorzystuj\u0105 w swojej tw\u00f3rczo\u015bci arabskie symbole, motywy natury i mn\u00f3stwo kolor\u00f3w. W sklepie ze szk\u0142em w Abu Dhabi odkrywamy bardzo pi\u0119kn\u0105 kolekcj\u0119 kolorowych i r\u0119cznie robionych wyrob\u00f3w szklanych. Nasz r\u0119cznie wykonany kieliszek jest zdobiony wzorem kwiatowym i z\u0142otymi akcentami. Wymiary: 1 r\u0119cznie wykonany kieliszek (wysoko\u015b\u0107 8 cali, szeroko\u015b\u0107 podstawy 3 [&hellip;]<\/p>\n","protected":false},"featured_media":3377,"template":"","meta":{"_acf_changed":false},"product_brand":[],"product_cat":[55],"product_tag":[],"class_list":{"0":"post-3395","1":"product","2":"type-product","3":"status-publish","4":"has-post-thumbnail","6":"product_cat-dekoracyjne","8":"first","9":"instock","10":"sold-individually","11":"taxable","12":"shipping-taxable","13":"purchasable","14":"product-type-simple"},"acf":[],"yoast_head":"<!-- This site is optimized with the Yoast SEO plugin v27.3 - https:\/\/yoast.com\/product\/yoast-seo-wordpress\/ -->\n<title>R\u0119cznie Wykonany Kieliszek, ZEA - Dekoracyjne - Red Karawana<\/title>\n<meta name=\"description\" content=\"R\u0119cznie wykonany kieliszek jest zdobiony wzorem kwiatowym i z\u0142otymi akcentami. W Abu Dhabi odkrywamy kolekcj\u0119 kolorowych wyrob\u00f3w szklanych.\" \/>\n<meta name=\"robots\" content=\"index, follow, max-snippet:-1, max-image-preview:large, max-video-preview:-1\" \/>\n<link rel=\"canonical\" href=\"https:\/\/redkarawana.com\/pl\/rzemioslo\/recznie-wykonany-kieliszek-zea\/\" \/>\n<meta property=\"og:locale\" content=\"pl_PL\" \/>\n<meta property=\"og:type\" content=\"article\" \/>\n<meta property=\"og:title\" content=\"R\u0119cznie Wykonany Kieliszek, ZEA - Dekoracyjne - Red Karawana\" \/>\n<meta property=\"og:description\" content=\"R\u0119cznie wykonany kieliszek jest zdobiony wzorem kwiatowym i z\u0142otymi akcentami. W Abu Dhabi odkrywamy kolekcj\u0119 kolorowych wyrob\u00f3w szklanych.\" \/>\n<meta property=\"og:url\" content=\"https:\/\/redkarawana.com\/pl\/rzemioslo\/recznie-wykonany-kieliszek-zea\/\" \/>\n<meta property=\"og:site_name\" content=\"Red Karawana\" \/>\n<meta property=\"article:publisher\" content=\"https:\/\/www.facebook.com\/redkarawana\/\" \/>\n<meta property=\"article:modified_time\" content=\"2025-12-07T08:38:48+00:00\" \/>\n<meta property=\"og:image\" content=\"https:\/\/redkarawana.com\/wp-content\/uploads\/2024\/05\/1-AAP-F1200x630-UAE-Abu-Dhabi-Handmade-Glass.jpg\" \/>\n\t<meta property=\"og:image:width\" content=\"1200\" \/>\n\t<meta property=\"og:image:height\" content=\"630\" \/>\n\t<meta property=\"og:image:type\" content=\"image\/jpeg\" \/>\n<meta name=\"twitter:card\" content=\"summary_large_image\" \/>\n<meta name=\"twitter:label1\" content=\"Szacowany czas czytania\" \/>\n\t<meta name=\"twitter:data1\" content=\"1 minuta\" \/>\n<script type=\"application\/ld+json\" class=\"yoast-schema-graph\">{\"@context\":\"https:\\\/\\\/schema.org\",\"@graph\":[{\"@type\":\"WebPage\",\"@id\":\"https:\\\/\\\/redkarawana.com\\\/pl\\\/rzemioslo\\\/recznie-wykonany-kieliszek-zea\\\/\",\"url\":\"https:\\\/\\\/redkarawana.com\\\/pl\\\/rzemioslo\\\/recznie-wykonany-kieliszek-zea\\\/\",\"name\":\"R\u0119cznie Wykonany Kieliszek, ZEA - Dekoracyjne - Red Karawana\",\"isPartOf\":{\"@id\":\"https:\\\/\\\/redkarawana.com\\\/#website\"},\"primaryImageOfPage\":{\"@id\":\"https:\\\/\\\/redkarawana.com\\\/pl\\\/rzemioslo\\\/recznie-wykonany-kieliszek-zea\\\/#primaryimage\"},\"image\":{\"@id\":\"https:\\\/\\\/redkarawana.com\\\/pl\\\/rzemioslo\\\/recznie-wykonany-kieliszek-zea\\\/#primaryimage\"},\"thumbnailUrl\":\"https:\\\/\\\/redkarawana.com\\\/wp-content\\\/uploads\\\/2024\\\/05\\\/1-SP-UAE-Abu-Dhabi-Handmade-Glass.jpg\",\"datePublished\":\"2025-11-29T19:30:55+00:00\",\"dateModified\":\"2025-12-07T08:38:48+00:00\",\"description\":\"R\u0119cznie wykonany kieliszek jest zdobiony wzorem kwiatowym i z\u0142otymi akcentami. W Abu Dhabi odkrywamy kolekcj\u0119 kolorowych wyrob\u00f3w szklanych.\",\"breadcrumb\":{\"@id\":\"https:\\\/\\\/redkarawana.com\\\/pl\\\/rzemioslo\\\/recznie-wykonany-kieliszek-zea\\\/#breadcrumb\"},\"inLanguage\":\"pl-PL\",\"potentialAction\":[{\"@type\":\"ReadAction\",\"target\":[\"https:\\\/\\\/redkarawana.com\\\/pl\\\/rzemioslo\\\/recznie-wykonany-kieliszek-zea\\\/\"]}]},{\"@type\":\"ImageObject\",\"inLanguage\":\"pl-PL\",\"@id\":\"https:\\\/\\\/redkarawana.com\\\/pl\\\/rzemioslo\\\/recznie-wykonany-kieliszek-zea\\\/#primaryimage\",\"url\":\"https:\\\/\\\/redkarawana.com\\\/wp-content\\\/uploads\\\/2024\\\/05\\\/1-SP-UAE-Abu-Dhabi-Handmade-Glass.jpg\",\"contentUrl\":\"https:\\\/\\\/redkarawana.com\\\/wp-content\\\/uploads\\\/2024\\\/05\\\/1-SP-UAE-Abu-Dhabi-Handmade-Glass.jpg\",\"width\":680,\"height\":453,\"caption\":\"ZEA, Abu Dhabi, R\u0119cznie Wykonany Kieliszek\"},{\"@type\":\"BreadcrumbList\",\"@id\":\"https:\\\/\\\/redkarawana.com\\\/pl\\\/rzemioslo\\\/recznie-wykonany-kieliszek-zea\\\/#breadcrumb\",\"itemListElement\":[{\"@type\":\"ListItem\",\"position\":1,\"name\":\"Home\",\"item\":\"https:\\\/\\\/redkarawana.com\\\/pl\\\/\"},{\"@type\":\"ListItem\",\"position\":2,\"name\":\"Rzemios\u0142a\",\"item\":\"https:\\\/\\\/redkarawana.com\\\/pl\\\/rzemiosla\\\/\"},{\"@type\":\"ListItem\",\"position\":3,\"name\":\"R\u0119cznie Wykonany Kieliszek, Abu Dhabi, ZEA; Szk\u0142o z Motywem Kwiat\u00f3w\"}]},{\"@type\":\"WebSite\",\"@id\":\"https:\\\/\\\/redkarawana.com\\\/#website\",\"url\":\"https:\\\/\\\/redkarawana.com\\\/\",\"name\":\"Red Karawana\",\"description\":\"\",\"publisher\":{\"@id\":\"https:\\\/\\\/redkarawana.com\\\/#organization\"},\"potentialAction\":[{\"@type\":\"SearchAction\",\"target\":{\"@type\":\"EntryPoint\",\"urlTemplate\":\"https:\\\/\\\/redkarawana.com\\\/?s={search_term_string}\"},\"query-input\":{\"@type\":\"PropertyValueSpecification\",\"valueRequired\":true,\"valueName\":\"search_term_string\"}}],\"inLanguage\":\"pl-PL\"},{\"@type\":\"Organization\",\"@id\":\"https:\\\/\\\/redkarawana.com\\\/#organization\",\"name\":\"Red Karawana\",\"url\":\"https:\\\/\\\/redkarawana.com\\\/\",\"logo\":{\"@type\":\"ImageObject\",\"inLanguage\":\"pl-PL\",\"@id\":\"https:\\\/\\\/redkarawana.com\\\/#\\\/schema\\\/logo\\\/image\\\/\",\"url\":\"https:\\\/\\\/redkarawana.com\\\/wp-content\\\/uploads\\\/2025\\\/05\\\/cropped-Screenshot-2025-05-29-at-09.27.38.png\",\"contentUrl\":\"https:\\\/\\\/redkarawana.com\\\/wp-content\\\/uploads\\\/2025\\\/05\\\/cropped-Screenshot-2025-05-29-at-09.27.38.png\",\"width\":512,\"height\":512,\"caption\":\"Red Karawana\"},\"image\":{\"@id\":\"https:\\\/\\\/redkarawana.com\\\/#\\\/schema\\\/logo\\\/image\\\/\"},\"sameAs\":[\"https:\\\/\\\/www.facebook.com\\\/redkarawana\\\/\",\"https:\\\/\\\/www.instagram.com\\\/redkarawana\\\/\",\"https:\\\/\\\/www.youtube.com\\\/channel\\\/UCU9jXzSmyKm4ZZv38FEXGKg\",\"https:\\\/\\\/www.pinterest.com\\\/redkarawana\\\/\"]}]}<\/script>\n<!-- \/ Yoast SEO plugin. -->","yoast_head_json":{"title":"R\u0119cznie Wykonany Kieliszek, ZEA - Dekoracyjne - Red Karawana","description":"R\u0119cznie wykonany kieliszek jest zdobiony wzorem kwiatowym i z\u0142otymi akcentami. W Abu Dhabi odkrywamy kolekcj\u0119 kolorowych wyrob\u00f3w szklanych.","robots":{"index":"index","follow":"follow","max-snippet":"max-snippet:-1","max-image-preview":"max-image-preview:large","max-video-preview":"max-video-preview:-1"},"canonical":"https:\/\/redkarawana.com\/pl\/rzemioslo\/recznie-wykonany-kieliszek-zea\/","og_locale":"pl_PL","og_type":"article","og_title":"R\u0119cznie Wykonany Kieliszek, ZEA - Dekoracyjne - Red Karawana","og_description":"R\u0119cznie wykonany kieliszek jest zdobiony wzorem kwiatowym i z\u0142otymi akcentami. W Abu Dhabi odkrywamy kolekcj\u0119 kolorowych wyrob\u00f3w szklanych.","og_url":"https:\/\/redkarawana.com\/pl\/rzemioslo\/recznie-wykonany-kieliszek-zea\/","og_site_name":"Red Karawana","article_publisher":"https:\/\/www.facebook.com\/redkarawana\/","article_modified_time":"2025-12-07T08:38:48+00:00","og_image":[{"width":1200,"height":630,"url":"https:\/\/redkarawana.com\/wp-content\/uploads\/2024\/05\/1-AAP-F1200x630-UAE-Abu-Dhabi-Handmade-Glass.jpg","type":"image\/jpeg"}],"twitter_card":"summary_large_image","twitter_misc":{"Szacowany czas czytania":"1 minuta"},"schema":{"@context":"https:\/\/schema.org","@graph":[{"@type":"WebPage","@id":"https:\/\/redkarawana.com\/pl\/rzemioslo\/recznie-wykonany-kieliszek-zea\/","url":"https:\/\/redkarawana.com\/pl\/rzemioslo\/recznie-wykonany-kieliszek-zea\/","name":"R\u0119cznie Wykonany Kieliszek, ZEA - Dekoracyjne - Red Karawana","isPartOf":{"@id":"https:\/\/redkarawana.com\/#website"},"primaryImageOfPage":{"@id":"https:\/\/redkarawana.com\/pl\/rzemioslo\/recznie-wykonany-kieliszek-zea\/#primaryimage"},"image":{"@id":"https:\/\/redkarawana.com\/pl\/rzemioslo\/recznie-wykonany-kieliszek-zea\/#primaryimage"},"thumbnailUrl":"https:\/\/redkarawana.com\/wp-content\/uploads\/2024\/05\/1-SP-UAE-Abu-Dhabi-Handmade-Glass.jpg","datePublished":"2025-11-29T19:30:55+00:00","dateModified":"2025-12-07T08:38:48+00:00","description":"R\u0119cznie wykonany kieliszek jest zdobiony wzorem kwiatowym i z\u0142otymi akcentami. W Abu Dhabi odkrywamy kolekcj\u0119 kolorowych wyrob\u00f3w szklanych.","breadcrumb":{"@id":"https:\/\/redkarawana.com\/pl\/rzemioslo\/recznie-wykonany-kieliszek-zea\/#breadcrumb"},"inLanguage":"pl-PL","potentialAction":[{"@type":"ReadAction","target":["https:\/\/redkarawana.com\/pl\/rzemioslo\/recznie-wykonany-kieliszek-zea\/"]}]},{"@type":"ImageObject","inLanguage":"pl-PL","@id":"https:\/\/redkarawana.com\/pl\/rzemioslo\/recznie-wykonany-kieliszek-zea\/#primaryimage","url":"https:\/\/redkarawana.com\/wp-content\/uploads\/2024\/05\/1-SP-UAE-Abu-Dhabi-Handmade-Glass.jpg","contentUrl":"https:\/\/redkarawana.com\/wp-content\/uploads\/2024\/05\/1-SP-UAE-Abu-Dhabi-Handmade-Glass.jpg","width":680,"height":453,"caption":"ZEA, Abu Dhabi, R\u0119cznie Wykonany Kieliszek"},{"@type":"BreadcrumbList","@id":"https:\/\/redkarawana.com\/pl\/rzemioslo\/recznie-wykonany-kieliszek-zea\/#breadcrumb","itemListElement":[{"@type":"ListItem","position":1,"name":"Home","item":"https:\/\/redkarawana.com\/pl\/"},{"@type":"ListItem","position":2,"name":"Rzemios\u0142a","item":"https:\/\/redkarawana.com\/pl\/rzemiosla\/"},{"@type":"ListItem","position":3,"name":"R\u0119cznie Wykonany Kieliszek, Abu Dhabi, ZEA; Szk\u0142o z Motywem Kwiat\u00f3w"}]},{"@type":"WebSite","@id":"https:\/\/redkarawana.com\/#website","url":"https:\/\/redkarawana.com\/","name":"Red Karawana","description":"","publisher":{"@id":"https:\/\/redkarawana.com\/#organization"},"potentialAction":[{"@type":"SearchAction","target":{"@type":"EntryPoint","urlTemplate":"https:\/\/redkarawana.com\/?s={search_term_string}"},"query-input":{"@type":"PropertyValueSpecification","valueRequired":true,"valueName":"search_term_string"}}],"inLanguage":"pl-PL"},{"@type":"Organization","@id":"https:\/\/redkarawana.com\/#organization","name":"Red Karawana","url":"https:\/\/redkarawana.com\/","logo":{"@type":"ImageObject","inLanguage":"pl-PL","@id":"https:\/\/redkarawana.com\/#\/schema\/logo\/image\/","url":"https:\/\/redkarawana.com\/wp-content\/uploads\/2025\/05\/cropped-Screenshot-2025-05-29-at-09.27.38.png","contentUrl":"https:\/\/redkarawana.com\/wp-content\/uploads\/2025\/05\/cropped-Screenshot-2025-05-29-at-09.27.38.png","width":512,"height":512,"caption":"Red Karawana"},"image":{"@id":"https:\/\/redkarawana.com\/#\/schema\/logo\/image\/"},"sameAs":["https:\/\/www.facebook.com\/redkarawana\/","https:\/\/www.instagram.com\/redkarawana\/","https:\/\/www.youtube.com\/channel\/UCU9jXzSmyKm4ZZv38FEXGKg","https:\/\/www.pinterest.com\/redkarawana\/"]}]}},"_links":{"self":[{"href":"https:\/\/redkarawana.com\/pl\/wp-json\/wp\/v2\/product\/3395","targetHints":{"allow":["GET"]}}],"collection":[{"href":"https:\/\/redkarawana.com\/pl\/wp-json\/wp\/v2\/product"}],"about":[{"href":"https:\/\/redkarawana.com\/pl\/wp-json\/wp\/v2\/types\/product"}],"wp:featuredmedia":[{"embeddable":true,"href":"https:\/\/redkarawana.com\/pl\/wp-json\/wp\/v2\/media\/3377"}],"wp:attachment":[{"href":"https:\/\/redkarawana.com\/pl\/wp-json\/wp\/v2\/media?parent=3395"}],"wp:term":[{"taxonomy":"product_brand","embeddable":true,"href":"https:\/\/redkarawana.com\/pl\/wp-json\/wp\/v2\/product_brand?post=3395"},{"taxonomy":"product_cat","embeddable":true,"href":"https:\/\/redkarawana.com\/pl\/wp-json\/wp\/v2\/product_cat?post=3395"},{"taxonomy":"product_tag","embeddable":true,"href":"https:\/\/redkarawana.com\/pl\/wp-json\/wp\/v2\/product_tag?post=3395"}],"curies":[{"name":"wp","href":"https:\/\/api.w.org\/{rel}","templated":true}]}}